{"id":1869,"date":"2024-04-29T08:45:44","date_gmt":"2024-04-29T08:45:44","guid":{"rendered":"https:\/\/rmvapesale.com\/?post_type=product&#038;p=1869"},"modified":"2025-01-20T03:11:06","modified_gmt":"2025-01-20T03:11:06","slug":"jnr-shisha-vape-15000-puffs-wholesale-price-with-screen-vape","status":"publish","type":"product","link":"https:\/\/rmvapesale.com\/lv\/product\/jnr-shisha-vape-15000-puffs-wholesale-price-with-screen-vape\/","title":{"rendered":"VOPK SHISHA VAPE 15000 D\u016aMU VAIRUMTIRDZNIEC\u012aBAS CENA JNR AR EKR\u0100NA VAPE"},"content":{"rendered":"<h1>VOPK SHISHA VAPE 15000 D\u016aMU VAIRUMTIRDZNIEC\u012aBAS CENA JNR AR EKR\u0100NA VAPE<\/h1>\n<p>VOPK SHISHA VAPE 15000 PUFFS JNR ir augst\u0101k\u0101s kvalit\u0101tes vienreizlietojams vape pildspalva, kas \u012bpa\u0161i izstr\u0101d\u0101ta DTL (Direct-to-Lung) entuziastiem. Ar iespaid\u012bgu ietilp\u012bbu 15 000 dvesin\u0101jumu, \u0161\u012b ier\u012bce nodro\u0161ina ilgsto\u0161u un apmierino\u0161u tvaic\u0113\u0161anas pieredzi. Iek\u0161\u0113j\u0101 strukt\u016bra ietver 0,6 omu sieta spoli, kas nodro\u0161ina izcilu tvaiku veido\u0161anos un bag\u0101t\u012bgas gar\u0161as, padarot to ide\u0101li piem\u0113rotu tiem, kas nov\u0113rt\u0113 dzi\u013cus plau\u0161u dvesin\u0101jumus. Ier\u012bce ir apr\u012bkota ar 20 ml e-sulas, kas nodro\u0161ina ilg\u0101kas tvaic\u0113\u0161anas sesijas.<\/p>\n<p>Lietot\u0101ji var izv\u0113l\u0113ties no da\u017e\u0101d\u0101m nikot\u012bna stipruma pak\u0101p\u0113m, ieskaitot 0%, 2%, 3% vai 5%, kas atbilst da\u017e\u0101d\u0101m v\u0113lm\u0113m. VOPK Shisha Hookah uzl\u0101d\u0113jamais vape ir darbin\u0101ms ar uzticamu 600 mAh akumulatoru, nodro\u0161inot nemain\u012bgu veiktsp\u0113ju vis\u0101 t\u0101 kalpo\u0161anas laik\u0101, un tam ir C tipa uzl\u0101des ports \u0101trai uzl\u0101dei.<\/p>\n<p>VOPK Shisha b\u0101rs 15000 Pieejams desmit gard\u0101s gar\u0161\u0101s, piem\u0113ram, Dubultais \u0100bols un Arb\u016bzu Ledus, \u0161\u012b vape pildspalva apvieno stilu, funkcionalit\u0101ti un daudzpus\u012bbu, padarot to par lab\u0101ko izv\u0113li vaperiem, kas mekl\u0113 augstas kvalit\u0101tes pieredzi.<\/p>\n<p><strong>Pievienojiet p\u0101rdo\u0161anas mened\u017eeri AMY un sa\u0146emiet vape kuponu!<\/strong><\/p>\n<p><img loading=\"lazy\" decoding=\"async\" class=\"size-medium wp-image-1814\" src=\"https:\/\/rmvapesale.com\/wp-content\/uploads\/2024\/04\/whatsapp-amy-229x300.jpg\" alt=\"whatsapp amy\" width=\"229\" height=\"300\" srcset=\"https:\/\/rmvapesale.com\/wp-content\/uploads\/2024\/04\/whatsapp-amy-229x300.jpg 229w, https:\/\/rmvapesale.com\/wp-content\/uploads\/2024\/04\/whatsapp-amy-783x1024.jpg 783w, https:\/\/rmvapesale.com\/wp-content\/uploads\/2024\/04\/whatsapp-amy-768x1005.jpg 768w, https:\/\/rmvapesale.com\/wp-content\/uploads\/2024\/04\/whatsapp-amy-600x785.jpg 600w, https:\/\/rmvapesale.com\/wp-content\/uploads\/2024\/04\/whatsapp-amy.jpg 990w\" sizes=\"auto, (max-width: 229px) 100vw, 229px\" \/><\/p>\n<p><span style=\"color: #ff0000\"><strong>whatsapp <a style=\"color: #ff0000\" href=\"https:\/\/wa.me\/8617776015835\" target=\"_blank\" rel=\"noopener\">+86-17776015835<\/a><\/strong><\/span><\/p>\n<h2>VOPK Shisha Hookah 15000 15K Puffs Gar\u0161u saraksts:<\/h2>\n<p>1. Dubultais \u0100bols<br \/>\n2. Dubultais Melons ar Piparm\u0113tru<br \/>\n3. V\u012bnogu piparm\u0113tra<br \/>\n4. Sul\u012bgs Persiks<br \/>\n5. Lady Killa<br \/>\n6. Ogu Mikss ar Ledus<br \/>\n7. Anan\u0101ss Kokosrieksts<br \/>\n8. Sarkan\u0101s Ogas Slush<br \/>\n9. Arb\u016bzu Ledus<br \/>\n10. Balta Mamba<\/p>\n<h2>VOPK JNR SHISHA VAPE 15000 PUFF: Vairumtirdzniec\u012bbas cena ar ekr\u0101na Vape \u2013 Produkta FAQ<\/h2>\n<p>1. K\u0101da ir VOPK JNR SHISHA VAPE 15000 Puffs specialit\u0101te?<\/p>\n<p>VOPK JNR SHISHA VAPE 15K PUFF<span style=\"font-size: 16px\">\u00a0izce\u013cas ar savu lielo dvesmu ietilp\u012bbu, pied\u0101v\u0101jot l\u012bdz pat 15000 dvesm\u0101m vien\u0101 ier\u012bc\u0113, nodro\u0161inot ilgsto\u0161u baud\u012bjumu.<\/span><\/p>\n<p>2. K\u0101da veida meistar\u012bba ir VOPK JNR SHISHA VAPE 15K PUFFS ier\u012bcei?<\/p>\n<p>VOPK VAPE SHISHA 15000 PUFF ier\u012bcei ir divkr\u0101su dizains, ko papildina UV druka, nodro\u0161inot vizu\u0101li p\u0101rsteidzo\u0161u izskatu un r\u016bp\u012bgu meistar\u012bbu.<br \/>\n3. K\u0101da veida spoli VOPK VAPE SHISHA 15000 Puffs izmanto un k\u0101da ir VOPK VAPE SHISHA 15K PUFF pretest\u012bba?<\/p>\n<p>VOPK VAPE SHISHA 15K PUFFS izmanto sieta spoles tehnolo\u0123iju ar pretest\u012bbu 0,6 omi\/m, nodro\u0161inot stabilu veiktsp\u0113ju un vienm\u0113r\u012bgu tvaic\u0113\u0161anas pieredzi.<br \/>\n4. Cik daudz VOPK JNR SHISHA 15000 PUFF e-\u0161\u0137idruma var ietilpt atomizator\u0101?<\/p>\n<p>VOPK JNR SHISHA 15000 Puffs atomizatora ietilp\u012bba ir 20ML, kas \u013cauj ilgsto\u0161as tvaic\u0113\u0161anas sesijas bez bie\u017eas uzpildes.<br \/>\n5. No k\u0101da materi\u0101la ir izgatavota VOPK JNR SHISHA 15K PUFF spole?<\/p>\n<p>VOPK JNR SHISHA 15K PUFFS spole ir izgatavota no augstas kvalit\u0101tes sieta spoles materi\u0101la, nodro\u0161inot izcilu iztvaiko\u0161anu un t\u012bru gar\u0161u.<br \/>\n6. K\u0101da ir VOPK JNR VAPE 15000 PUFF ier\u012bces akumulatora ietilp\u012bba?<\/p>\n<p>VOPK JNR VAPE 15000 Puffs ir apr\u012bkota ar jaud\u012bgu 600mAh akumulatoru, kas nodro\u0161ina ilgsto\u0161u un uzticamu ener\u0123ijas atbalstu nep\u0101rtraukt\u0101m tvaic\u0113\u0161anas sesij\u0101m.<br \/>\n7. K\u0101da veida akumulatoru izmanto VOPK JNR VAPE 15K PUFF?<\/p>\n<p>VOPK JNR VAPE 15K PUFFS ier\u012bce izmanto 18250 akumulatora modeli, kas ir paz\u012bstams ar savu iztur\u012bbu un ilgm\u016b\u017e\u012bbu.<br \/>\n8. Cik ilgi man j\u0101uzl\u0101d\u0113 mans 15000 PUFF JNR SHISHA VAPE VOPK?<\/p>\n<p>15000 PUFF VAPE SHISHA VOPK ir apr\u012bkota ar \u0113rtu C tipa uzl\u0101des portu, kas nodro\u0161ina \u0101tru un efekt\u012bvu uzl\u0101di, garant\u0113jot minim\u0101lu d\u012bkst\u0101ves laiku.<br \/>\n9. K\u0101du tvaic\u0113\u0161anas stilu nodro\u0161ina 15000 PUFF JNR SHISHA VOPK?<\/p>\n<p>VOPK SHISHA VAPE 15000 PUFFS ir piem\u0113rota tie\u0161ai tvaic\u0113\u0161anai plau\u0161\u0101s (DTL), pied\u0101v\u0101jot bag\u0101t\u012bgu un apmierino\u0161u tvaic\u0113\u0161anas pieredzi.<br \/>\n10. K\u0101 15000 PUFF JNR VAPE VOPK nodro\u0161ina lietot\u0101ja \u0113rt\u012bbas?<\/p>\n<p>Ar savu lielo d\u016bmu ietilp\u012bbu, vizu\u0101li pievilc\u012bgo dizainu un moderno spir\u0101les tehnolo\u0123iju VOPK SHISHA VAPE 15000 PUFFS par priorit\u0101ti izvirza lietot\u0101ju apmierin\u0101t\u012bbu un \u0113rt\u012bbu, padarot to par ide\u0101lu izv\u0113li gan ies\u0101c\u0113jiem, gan pieredz\u0113ju\u0161iem veipot\u0101jiem.<\/p>\n<p>&nbsp;<\/p>\n<p>Atrodiet vair\u0101k Vape produktu, kas jums var\u0113tu patikt:<em><a href=\"https:\/\/rmvapesale.com\/lv\/shop-2\/\">Iep\u0113rcieties tagad\u00a0<\/a><\/em><\/p>\n<p>citi karstie vape, kas jums var\u0113tu patikt:<\/p>","protected":false},"excerpt":{"rendered":"<p class=\"LC20lb MBeuO DKV0Md\">15K PUFFS JNR VAPE VOPK vairumtirdzniec\u012bbas cena<br \/>\n15K PUFFS JNR SHISHA VOPK r\u016bpn\u012bcas cena<br \/>\n15K PUFFS VAPE SHISHA VOPK atlaides cena<br \/>\n<strong>Sazinieties ar Eimiju, lai sa\u0146emtu vair\u0101k atlai\u017eu un zem\u0101ku minim\u0101lo pas\u016bt\u012bjuma daudzumu<\/strong><\/p>\n<p><img loading=\"lazy\" decoding=\"async\" class=\"size-medium wp-image-1814\" src=\"https:\/\/rmvapesale.com\/wp-content\/uploads\/2024\/04\/whatsapp-amy-229x300.jpg\" alt=\"whatsapp amy\" width=\"229\" height=\"300\" srcset=\"https:\/\/rmvapesale.com\/wp-content\/uploads\/2024\/04\/whatsapp-amy-229x300.jpg 229w, https:\/\/rmvapesale.com\/wp-content\/uploads\/2024\/04\/whatsapp-amy-783x1024.jpg 783w, https:\/\/rmvapesale.com\/wp-content\/uploads\/2024\/04\/whatsapp-amy-768x1005.jpg 768w, https:\/\/rmvapesale.com\/wp-content\/uploads\/2024\/04\/whatsapp-amy-600x785.jpg 600w, https:\/\/rmvapesale.com\/wp-content\/uploads\/2024\/04\/whatsapp-amy.jpg 990w\" sizes=\"auto, (max-width: 229px) 100vw, 229px\" \/><\/p>\n<h3><span style=\"color: #ff0000\"><strong>WhatsApp: +86 17776015835<\/strong><\/span><\/h3>","protected":false},"featured_media":1864,"comment_status":"open","ping_status":"closed","template":"","meta":{"_uag_custom_page_level_css":"","_lmt_disableupdate":"no","_lmt_disable":"","site-sidebar-layout":"default","site-content-layout":"content-boxed-container","ast-site-content-layout":"normal-width-container","site-content-style":"boxed","site-sidebar-style":"unboxed","ast-global-header-display":"","ast-banner-title-visibility":"","ast-main-header-display":"","ast-hfb-above-header-display":"","ast-hfb-below-header-display":"","ast-hfb-mobile-header-display":"","site-post-title":"","ast-breadcrumbs-content":"","ast-featured-img":"","footer-sml-layout":"","ast-disable-related-posts":"","theme-transparent-header-meta":"default","adv-header-id-meta":"","stick-header-meta":"","header-above-stick-meta":"","header-main-stick-meta":"","header-below-stick-meta":"","astra-migrate-meta-layouts":"set","ast-page-background-enabled":"default","ast-page-background-meta":{"desktop":{"background-color":"var(--ast-global-color-4)","background-image":"","background-repeat":"repeat","background-position":"center center","background-size":"auto","background-attachment":"scroll","background-type":"","background-media":"","overlay-type":"","overlay-color":"","overlay-opacity":"","overlay-gradient":""},"tablet":{"background-color":"","background-image":"","background-repeat":"repeat","background-position":"center center","background-size":"auto","background-attachment":"scroll","background-type":"","background-media":"","overlay-type":"","overlay-color":"","overlay-opacity":"","overlay-gradient":""},"mobile":{"background-color":"","background-image":"","background-repeat":"repeat","background-position":"center center","background-size":"auto","background-attachment":"scroll","background-type":"","background-media":"","overlay-type":"","overlay-color":"","overlay-opacity":"","overlay-gradient":""}},"ast-content-background-meta":{"desktop":{"background-color":"var(--ast-global-color-5)","background-image":"","background-repeat":"repeat","background-position":"center center","background-size":"auto","background-attachment":"scroll","background-type":"","background-media":"","overlay-type":"","overlay-color":"","overlay-opacity":"","overlay-gradient":""},"tablet":{"background-color":"var(--ast-global-color-5)","background-image":"","background-repeat":"repeat","background-position":"center center","background-size":"auto","background-attachment":"scroll","background-type":"","background-media":"","overlay-type":"","overlay-color":"","overlay-opacity":"","overlay-gradient":""},"mobile":{"background-color":"var(--ast-global-color-5)","background-image":"","background-repeat":"repeat","background-position":"center center","background-size":"auto","background-attachment":"scroll","background-type":"","background-media":"","overlay-type":"","overlay-color":"","overlay-opacity":"","overlay-gradient":""}},"_joinchat":[]},"product_brand":[],"product_cat":[25,61,289,27,293,30,26,15,28,31,295,137,296,136,280],"product_tag":[44,40,41,43,42,37],"class_list":{"0":"post-1869","1":"product","2":"type-product","3":"status-publish","4":"has-post-thumbnail","6":"product_cat-germany-best-selling-vape","7":"product_cat-15000-puffs-disposable-vapes","8":"product_cat-big-puffs-disposable-vapes","9":"product_cat-fance-hot-sale-vape","10":"product_cat-low-nicotine-disposable-vapes","11":"product_cat-minimum-order-quantity-50pcs","12":"product_cat-netherlands-hot-sale-vape","13":"product_cat-new-vape-this-week","14":"product_cat-poland-hot-sale-vape","15":"product_cat-randm-fumot-vape","16":"product_cat-rechargeable-disposable-vapes","17":"product_cat-rechargeable-vapes","18":"product_cat-shisha-hookah-disposable-vapes","19":"product_cat-smart-screen-vapes","20":"product_cat-vopk-vape","21":"product_tag-15k-puffs-15000-vape-wholesale","22":"product_tag-hot-sale-vape","23":"product_tag-original-factory-vape","24":"product_tag-shisha-vape","25":"product_tag-vopk-vape","26":"product_tag-wholesale-vape-price","27":"desktop-align-left","28":"tablet-align-left","29":"mobile-align-left","31":"first","32":"instock","33":"sale","34":"shipping-taxable","35":"purchasable","36":"product-type-simple"},"uagb_featured_image_src":{"full":["https:\/\/rmvapesale.com\/wp-content\/uploads\/2024\/04\/VOPK-SHISHA-VAPE-15K-PUFFS-PRICE.jpg",500,500,false],"thumbnail":["https:\/\/rmvapesale.com\/wp-content\/uploads\/2024\/04\/VOPK-SHISHA-VAPE-15K-PUFFS-PRICE-150x150.jpg",150,150,true],"medium":["https:\/\/rmvapesale.com\/wp-content\/uploads\/2024\/04\/VOPK-SHISHA-VAPE-15K-PUFFS-PRICE-300x300.jpg",300,300,true],"medium_large":["https:\/\/rmvapesale.com\/wp-content\/uploads\/2024\/04\/VOPK-SHISHA-VAPE-15K-PUFFS-PRICE.jpg",500,500,false],"large":["https:\/\/rmvapesale.com\/wp-content\/uploads\/2024\/04\/VOPK-SHISHA-VAPE-15K-PUFFS-PRICE.jpg",500,500,false],"1536x1536":["https:\/\/rmvapesale.com\/wp-content\/uploads\/2024\/04\/VOPK-SHISHA-VAPE-15K-PUFFS-PRICE.jpg",500,500,false],"2048x2048":["https:\/\/rmvapesale.com\/wp-content\/uploads\/2024\/04\/VOPK-SHISHA-VAPE-15K-PUFFS-PRICE.jpg",500,500,false],"trp-custom-language-flag":["https:\/\/rmvapesale.com\/wp-content\/uploads\/2024\/04\/VOPK-SHISHA-VAPE-15K-PUFFS-PRICE.jpg",12,12,false],"woocommerce_thumbnail":["https:\/\/rmvapesale.com\/wp-content\/uploads\/2024\/04\/VOPK-SHISHA-VAPE-15K-PUFFS-PRICE-300x300.jpg",300,300,true],"woocommerce_single":["https:\/\/rmvapesale.com\/wp-content\/uploads\/2024\/04\/VOPK-SHISHA-VAPE-15K-PUFFS-PRICE.jpg",500,500,false],"woocommerce_gallery_thumbnail":["https:\/\/rmvapesale.com\/wp-content\/uploads\/2024\/04\/VOPK-SHISHA-VAPE-15K-PUFFS-PRICE-100x100.jpg",100,100,true],"wcpr-photo-reviews":["https:\/\/rmvapesale.com\/wp-content\/uploads\/2024\/04\/VOPK-SHISHA-VAPE-15K-PUFFS-PRICE.jpg",500,500,false]},"uagb_author_info":{"display_name":"yannazhan","author_link":"https:\/\/rmvapesale.com\/lv\/author\/"},"uagb_comment_info":0,"uagb_excerpt":"15K PUFFS JNR VAPE VOPK Wholesale Price 15K PUFFS JNR SHISHA VOPK Factory Price 15K PUFFS VAPE SHISHA VOPK Discount Price Contact Amy For More Discount And Lower MOQ Vape WhatsApp: +86 17776015835","_links":{"self":[{"href":"https:\/\/rmvapesale.com\/lv\/wp-json\/wp\/v2\/product\/1869","targetHints":{"allow":["GET"]}}],"collection":[{"href":"https:\/\/rmvapesale.com\/lv\/wp-json\/wp\/v2\/product"}],"about":[{"href":"https:\/\/rmvapesale.com\/lv\/wp-json\/wp\/v2\/types\/product"}],"replies":[{"embeddable":true,"href":"https:\/\/rmvapesale.com\/lv\/wp-json\/wp\/v2\/comments?post=1869"}],"wp:featuredmedia":[{"embeddable":true,"href":"https:\/\/rmvapesale.com\/lv\/wp-json\/wp\/v2\/media\/1864"}],"wp:attachment":[{"href":"https:\/\/rmvapesale.com\/lv\/wp-json\/wp\/v2\/media?parent=1869"}],"wp:term":[{"taxonomy":"product_brand","embeddable":true,"href":"https:\/\/rmvapesale.com\/lv\/wp-json\/wp\/v2\/product_brand?post=1869"},{"taxonomy":"product_cat","embeddable":true,"href":"https:\/\/rmvapesale.com\/lv\/wp-json\/wp\/v2\/product_cat?post=1869"},{"taxonomy":"product_tag","embeddable":true,"href":"https:\/\/rmvapesale.com\/lv\/wp-json\/wp\/v2\/product_tag?post=1869"}],"curies":[{"name":"wp","href":"https:\/\/api.w.org\/{rel}","templated":true}]}}