{"id":1874,"date":"2024-05-09T07:00:52","date_gmt":"2024-05-09T07:00:52","guid":{"rendered":"https:\/\/rmvapesale.com\/?post_type=product&#038;p=1874"},"modified":"2024-10-21T08:04:35","modified_gmt":"2024-10-21T08:04:35","slug":"randm-tornado-15000-puffs-15k-vape-recharge-fumot-original-vape-factory-price","status":"publish","type":"product","link":"https:\/\/rmvapesale.com\/lv\/product\/randm-tornado-15000-puffs-15k-vape-recharge-fumot-original-vape-factory-price\/","title":{"rendered":"RANDM TORNADO 15000 PUFFS 15K VAPE UZL\u0100D\u0112JAMS FUMOT ORI\u0122IN\u0100LAIS VAPE R\u016aPN\u012aCAS CENA"},"content":{"rendered":"<h1>RANDM TORNADO 15000 PUFFS 15K VAPE UZL\u0100D\u0112JAMS FUMOT ORI\u0122IN\u0100LAIS VAPE R\u016aPN\u012aCAS CENA<\/h1>\n<p>RANDM TORNADO VAPE 15000 UZP\u016aT\u012aENU Uzl\u0101d\u0113jam\u0101 vape tagad ir popul\u0101ra liel\u0101kaj\u0101 da\u013c\u0101 Eiropas valstu, piem\u0113ram, V\u0101cij\u0101, N\u012bderland\u0113, Francij\u0101, It\u0101lij\u0101, Sp\u0101nij\u0101, \u0160veic\u0113, Zviedrij\u0101, Polij\u0101 utt. K\u0101 ieg\u0101d\u0101ties Randm Tornado 15k Vapes? Kas ir Fumot tornado 15k vape? Sakiet sveicieni RANDM Tornado 15K Vape \u2013 Fumot izcilajam darin\u0101jumam. \u0160is sliktais z\u0113ns ir sp\u0113c\u012bgs ar savu 15 000 uzp\u016btienu ietilp\u012bbu, kas nosaka lati\u0146u augstu vape pasaul\u0113. \u0160o vape, ko rad\u012bju\u0161i \u0160en\u017eenas Fumot Technology burvji, ne tikai izskat\u0101s for\u0161i, bet ar\u012b nodro\u0161ina labumus.<\/p>\n<p>Ar nikot\u012bna satura opcij\u0101m no 0% l\u012bdz 5% un iepriek\u0161 iel\u0101d\u0113tu ar 25 ml e-\u0161\u0137idruma, tam ir gar\u0161as katrai gaumei. To darbina 850 mAh uzl\u0101d\u0113jams akumulators un 0,9 \u03a9 Mesh spole, kas garant\u0113 vienm\u0113r\u012bgus triecienus. Sekojiet l\u012bdzi savam \u0161\u0137idruma un akumulatora l\u012bmenim, izmantojot LED indikatoru \u2013 tas ir tik vienk\u0101r\u0161i. Gatavojieties izcil\u0101kajai vape pieredzei ar RANDM Tornado 15K Vape<\/p>\n<p>&nbsp;<\/p>\n<p><strong>Pievienojiet p\u0101rdo\u0161anas mened\u017eeri AMY WhatsApp <a href=\"https:\/\/wa.me\/8617776015835\" target=\"_blank\" rel=\"noopener\">+86-17776015835<\/a> sa\u0146emiet liel\u0101ku atlaidi!<\/strong><\/p>\n<p><img loading=\"lazy\" decoding=\"async\" class=\"size-medium wp-image-1814\" src=\"https:\/\/rmvapesale.com\/wp-content\/uploads\/2024\/04\/whatsapp-amy-229x300.jpg\" alt=\"whatsapp amy\" width=\"229\" height=\"300\" srcset=\"https:\/\/rmvapesale.com\/wp-content\/uploads\/2024\/04\/whatsapp-amy-229x300.jpg 229w, https:\/\/rmvapesale.com\/wp-content\/uploads\/2024\/04\/whatsapp-amy-783x1024.jpg 783w, https:\/\/rmvapesale.com\/wp-content\/uploads\/2024\/04\/whatsapp-amy-768x1005.jpg 768w, https:\/\/rmvapesale.com\/wp-content\/uploads\/2024\/04\/whatsapp-amy-600x785.jpg 600w, https:\/\/rmvapesale.com\/wp-content\/uploads\/2024\/04\/whatsapp-amy.jpg 990w\" sizes=\"auto, (max-width: 229px) 100vw, 229px\" \/><\/p>\n<h2>FUMOT TORNADO 15000 Vienreiz\u0113j\u0101s lieto\u0161anas Vape specifik\u0101cijas:<\/h2>\n<p>Nikot\u012bna satura iesp\u0113jas: 0%, 2%, 3% un 5%<br \/>\nL\u012bdz 15000 uzp\u016btieniem<br \/>\nIepriek\u0161 piepild\u012bts ar 25 ml e-\u0161\u0137idruma<br \/>\n850 mAh uzl\u0101d\u0113jams akumulators<br \/>\n0,9\u03a9 t\u012bkla spole<br \/>\nPieejamas 41 gar\u0161as<\/p>\n<h2>Lab\u0101k\u0101 Randm 15000 uzp\u016btienu gar\u0161a<\/h2>\n<p>1 Zilo ave\u0146u limon\u0101de<br \/>\n2 Persiku ledus<br \/>\n3 Sk\u0101bs \u0101bols<br \/>\n4 Arb\u016bzu ledus<br \/>\n5 Melle\u0146u ledus<br \/>\n6 Melle\u0146u ave\u0146u<br \/>\n7 Anan\u0101su ledus<br \/>\n8 \u0136ir\u0161u<br \/>\n9 Zeme\u0146u ledus<br \/>\n10 Vimto\u00a0 <span style=\"color: #ff0000\"><strong>&gt;&gt;&gt;&gt; Karsti!<\/strong><\/span><br \/>\n11 V\u012bnogu ledus<br \/>\n12 Cola Ice<br \/>\n13 Zeme\u0146u Arb\u016bzs<br \/>\n14 Roz\u0101 limon\u0101de <span style=\"color: #ff0000\"><strong>&gt;&gt;&gt;&gt; Viss lab\u0101kais!<\/strong><\/span><br \/>\n15 Jaukti ogu <span style=\"color: #ff0000\"><strong>&gt;&gt;&gt;&gt; Karsti!<\/strong><\/span><br \/>\n16 Persiku Mango<br \/>\n17.P\u016b\u0137a auglis<br \/>\n18.Zeme\u0146u v\u012bnogas<br \/>\n19.Mr blue <span style=\"color: #ff0000\"><strong>&gt;&gt;&gt;&gt; Karsti!<\/strong><\/span><br \/>\n20. Sul\u012bgs ledus<br \/>\n21.Ledus pop<br \/>\n22.Zeme\u0146u kivi<br \/>\n23.Kivi marakujas gvajava<br \/>\n24.Tr\u012bsk\u0101r\u0161as ogas <span style=\"color: #ff0000\"><strong>&gt;&gt;&gt;&gt; Karsti!<\/strong><\/span><br \/>\n25.Bananu ledus<br \/>\n26.Persiku melle\u0146u konfekte<br \/>\n27. \u0100bolu persiku bumbieris<br \/>\n28. Ogu limon\u0101de<br \/>\n29. Zilo ave\u0146u \u0137irsis<br \/>\n30. Melle\u0146u ko\u0161\u013c\u0101jam\u0101 gumija<br \/>\n31. Melle\u0146u \u0137ir\u0161u dz\u0113rvenes<br \/>\n32. Melle\u0146u gran\u0101t\u0101bols<br \/>\n33. Zili sk\u0101ba ave\u0146u<br \/>\n34. \u0136ir\u0161u kola<br \/>\n35.L\u0101c\u012btis Gumijl\u0101cis<br \/>\n36. Citrons<br \/>\n37.Mango uz ledus<br \/>\n38. Sarkana ener\u0123ija ar ledu<br \/>\n39. Zeme\u0146u ban\u0101ns<br \/>\n40. Zeme\u0146u Red Bull<br \/>\n41. Zeme\u0146u arb\u016bzu limon\u0101de<\/p>\n<p>&nbsp;<\/p>\n<h2>Randm Tornado 15000 BUJ<\/h2>\n<p>1.Kas ir RANDM VAPE 15K TORNADO Ori\u0123in\u0101ls?<br \/>\nRANDM VAPE 15K TORNADO Ori\u0123in\u0101ls ir karsts vienreiz\u0113j\u0101s lieto\u0161anas vape ier\u012bce, ko ra\u017eo Fumot Vape Tech. Tas ir nosaukts p\u0113c t\u0101 iespaid\u012bg\u0101s 15 000 uzp\u016btienu ietilp\u012bbas.<\/p>\n<p>2.Kas ra\u017eo RANDM VAPE 15K TORNADO Genuine?<br \/>\nRANDM VAPE 15K TORNADO Genuine ra\u017eo Shenzhen Fumot Technology, vado\u0161ais uz\u0146\u0113mums vap\u0113\u0161anas nozar\u0113, kas paz\u012bstams ar saviem inovat\u012bvajiem produktiem.<\/p>\n<p>3. Kas padara RANDM VAPE 15K TORNADO Authentic unik\u0101lu?<\/p>\n<p>Ar savu 15 000 uzp\u016btienu ietilp\u012bbu RANDM VAPE 15K TORNADO Authentic izce\u013cas k\u0101 viens no tirg\u016b pieejamajiem vienreiz\u0113j\u0101s lieto\u0161anas iztvaic\u0113t\u0101jiem ar visliel\u0101ko ietilp\u012bbu. T\u0101 ir laba izv\u0113le tiem, kas v\u0113las ilgsto\u0161\u0101kas ier\u012bces.<\/p>\n<p>4. K\u0101di arom\u0101ti ir pieejami RANDM VAPE 15K TORNADO Genuine?<br \/>\nRANDM VAPE 15K TORNADO Genuine ir pieejams da\u017e\u0101dos arom\u0101tos, tostarp Apple Peach Pear, Banana Ice, Berry Lemonade, Blue Razz Cherry un daudzos citos. Ar 41 arom\u0101tu, no kuriem izv\u0113l\u0113ties, katrs var\u0113s atrast kaut ko savai gaumei.<\/p>\n<p>5. Cik ilgi darbojas RANDM VAPE 15K TORNADO Authentic akumulators?<br \/>\nRANDM VAPE 15K TORNADO Authentic ir ieb\u016bv\u0113ts akumulators ar 850 mAh ietilp\u012bbu, kas nodro\u0161ina ilg\u0101ku lieto\u0161anu ar vienu uzl\u0101di. Prec\u012bzs akumulatora darb\u012bbas laiks ir atkar\u012bgs no individu\u0101liem lieto\u0161anas paradumiem.<\/p>\n<p>6. Vai RANDM VAPE 15000 TORNADO Original ir uzl\u0101d\u0113jams?<br \/>\nN\u0113, RANDM VAPE 15000 TORNADO Original ir vienreiz\u0113j\u0101s lieto\u0161anas iztvaic\u0113\u0161anas ier\u012bce, un to nevar uzl\u0101d\u0113t. Kad akumulators ir izl\u0101d\u0113jies vai e-\u0161\u0137idrums ir beidzies, ier\u012bce ir atbild\u012bgi j\u0101izn\u012bcina.<\/p>\n<p>7. K\u0101 es varu ieg\u0101d\u0101ties RANDM VAPE 15000 Genuine?<br \/>\nRANDM VAPE 15000 Genuine ir pieejams ieg\u0101dei pie pilnvarotiem izplat\u012bt\u0101jiem. Vairumtirdzniec\u012bbas piepras\u012bjumiem izplat\u012bt\u0101ji var <a href=\"https:\/\/wa.me\/8617776015835\" target=\"_blank\" rel=\"noopener\">sazin\u0101ties ar mums<\/a> tie\u0161i. Mazumtirdzniec\u012bbas klienti var atrast produktu atsevi\u0161\u0137os mazumtirgot\u0101jos vai tie\u0161saistes veikalos.<\/p>\n<p>&nbsp;<\/p>\n<p>Atrodiet vair\u0101k Vape produktu, kas jums var\u0113tu patikt:<em><a href=\"https:\/\/rmvapesale.com\/lv\/shop-2\/\">Iep\u0113rcieties tagad\u00a0<\/a><\/em><\/p>\n<p>citi karstie vape, kas jums var\u0113tu patikt:<\/p>\n<p><a href=\"https:\/\/rmvapesale.com\/lv\/product\/jnr-shisha-vape-15000-puffs-wholesale-price-with-screen-vape\/\">VOPK SHISHA 15K<\/a><\/p>\n<p><a href=\"https:\/\/rmvapesale.com\/lv\/product\/randm-vape-al-fakher-10000-puffs-vape-wholesale\/\">randm vape AI FAKHER 15k vape<\/a><\/p>","protected":false},"excerpt":{"rendered":"<p class=\"LC20lb MBeuO DKV0Md\">15K UZP\u016aT\u012aENU FUMOT VAPE RANDM Vairumtirdzniec\u012bbas cena<br \/>\n15K UZP\u016aT\u012aENU FUMOT ORI\u0122IN\u0100L\u0100 RANDM R\u016bpn\u012bcas cena<br \/>\n15K UZP\u016aT\u012aENU Ori\u0123in\u0101l\u0101 FUMOT VAPE TORNADO RANDM Atlaides cena<br \/>\n<strong>Sazinieties ar Eimiju, lai sa\u0146emtu vair\u0101k atlai\u017eu un zem\u0101ku minim\u0101lo pas\u016bt\u012bjuma daudzumu<\/strong><\/p>\n<p><img loading=\"lazy\" decoding=\"async\" class=\"size-medium wp-image-1814\" src=\"https:\/\/rmvapesale.com\/wp-content\/uploads\/2024\/04\/whatsapp-amy-229x300.jpg\" alt=\"whatsapp amy\" width=\"229\" height=\"300\" srcset=\"https:\/\/rmvapesale.com\/wp-content\/uploads\/2024\/04\/whatsapp-amy-229x300.jpg 229w, https:\/\/rmvapesale.com\/wp-content\/uploads\/2024\/04\/whatsapp-amy-783x1024.jpg 783w, https:\/\/rmvapesale.com\/wp-content\/uploads\/2024\/04\/whatsapp-amy-768x1005.jpg 768w, https:\/\/rmvapesale.com\/wp-content\/uploads\/2024\/04\/whatsapp-amy-600x785.jpg 600w, https:\/\/rmvapesale.com\/wp-content\/uploads\/2024\/04\/whatsapp-amy.jpg 990w\" sizes=\"auto, (max-width: 229px) 100vw, 229px\" \/><\/p>\n<h3><span style=\"color: #ff0000\"><strong>WhatsApp: +86 17776015835<\/strong><\/span><\/h3>","protected":false},"featured_media":1877,"comment_status":"open","ping_status":"closed","template":"","meta":{"_uag_custom_page_level_css":"","_lmt_disableupdate":"no","_lmt_disable":"","site-sidebar-layout":"default","site-content-layout":"content-boxed-container","ast-site-content-layout":"normal-width-container","site-content-style":"boxed","site-sidebar-style":"unboxed","ast-global-header-display":"","ast-banner-title-visibility":"","ast-main-header-display":"","ast-hfb-above-header-display":"","ast-hfb-below-header-display":"","ast-hfb-mobile-header-display":"","site-post-title":"","ast-breadcrumbs-content":"","ast-featured-img":"","footer-sml-layout":"","theme-transparent-header-meta":"default","adv-header-id-meta":"","stick-header-meta":"","header-above-stick-meta":"","header-main-stick-meta":"","header-below-stick-meta":"","astra-migrate-meta-layouts":"set","ast-page-background-enabled":"default","ast-page-background-meta":{"desktop":{"background-color":"var(--ast-global-color-4)","background-image":"","background-repeat":"repeat","background-position":"center center","background-size":"auto","background-attachment":"scroll","background-type":"","background-media":"","overlay-type":"","overlay-color":"","overlay-opacity":"","overlay-gradient":""},"tablet":{"background-color":"","background-image":"","background-repeat":"repeat","background-position":"center center","background-size":"auto","background-attachment":"scroll","background-type":"","background-media":"","overlay-type":"","overlay-color":"","overlay-opacity":"","overlay-gradient":""},"mobile":{"background-color":"","background-image":"","background-repeat":"repeat","background-position":"center center","background-size":"auto","background-attachment":"scroll","background-type":"","background-media":"","overlay-type":"","overlay-color":"","overlay-opacity":"","overlay-gradient":""}},"ast-content-background-meta":{"desktop":{"background-color":"var(--ast-global-color-5)","background-image":"","background-repeat":"repeat","background-position":"center center","background-size":"auto","background-attachment":"scroll","background-type":"","background-media":"","overlay-type":"","overlay-color":"","overlay-opacity":"","overlay-gradient":""},"tablet":{"background-color":"var(--ast-global-color-5)","background-image":"","background-repeat":"repeat","background-position":"center center","background-size":"auto","background-attachment":"scroll","background-type":"","background-media":"","overlay-type":"","overlay-color":"","overlay-opacity":"","overlay-gradient":""},"mobile":{"background-color":"var(--ast-global-color-5)","background-image":"","background-repeat":"repeat","background-position":"center center","background-size":"auto","background-attachment":"scroll","background-type":"","background-media":"","overlay-type":"","overlay-color":"","overlay-opacity":"","overlay-gradient":""}},"_joinchat":[]},"product_brand":[],"product_cat":[25,51,123,26,28,135,27,31,61,137,15,30],"product_tag":[44,39,40,41,171,38,37],"class_list":{"0":"post-1874","1":"product","2":"type-product","3":"status-publish","4":"has-post-thumbnail","6":"product_cat-germany-best-selling-vape","7":"product_cat-fumot-vape","8":"product_cat-italy-wholesale-vape","9":"product_cat-netherlands-hot-sale-vape","10":"product_cat-poland-hot-sale-vape","11":"product_cat-spain-best-hot-sale-vape","12":"product_cat-fance-hot-sale-vape","13":"product_cat-randm-fumot-vape","14":"product_cat-15000-puffs-disposable-vapes","15":"product_cat-rechargeable-vapes","16":"product_cat-new-vape-this-week","17":"product_cat-minimum-order-quantity-50pcs","18":"product_tag-15k-puffs-15000-vape-wholesale","19":"product_tag-fumot-vape","20":"product_tag-hot-sale-vape","21":"product_tag-original-factory-vape","22":"product_tag-randm-15000","23":"product_tag-randm-vape","24":"product_tag-wholesale-vape-price","25":"desktop-align-left","26":"tablet-align-left","27":"mobile-align-left","29":"first","30":"instock","31":"sale","32":"shipping-taxable","33":"purchasable","34":"product-type-simple"},"uagb_featured_image_src":{"full":["https:\/\/rmvapesale.com\/wp-content\/uploads\/2024\/05\/randm-vape-tornado-15k-fumot.jpg",424,589,false],"thumbnail":["https:\/\/rmvapesale.com\/wp-content\/uploads\/2024\/05\/randm-vape-tornado-15k-fumot-150x150.jpg",150,150,true],"medium":["https:\/\/rmvapesale.com\/wp-content\/uploads\/2024\/05\/randm-vape-tornado-15k-fumot-216x300.jpg",216,300,true],"medium_large":["https:\/\/rmvapesale.com\/wp-content\/uploads\/2024\/05\/randm-vape-tornado-15k-fumot.jpg",424,589,false],"large":["https:\/\/rmvapesale.com\/wp-content\/uploads\/2024\/05\/randm-vape-tornado-15k-fumot.jpg",424,589,false],"1536x1536":["https:\/\/rmvapesale.com\/wp-content\/uploads\/2024\/05\/randm-vape-tornado-15k-fumot.jpg",424,589,false],"2048x2048":["https:\/\/rmvapesale.com\/wp-content\/uploads\/2024\/05\/randm-vape-tornado-15k-fumot.jpg",424,589,false],"trp-custom-language-flag":["https:\/\/rmvapesale.com\/wp-content\/uploads\/2024\/05\/randm-vape-tornado-15k-fumot.jpg",9,12,false],"woocommerce_thumbnail":["https:\/\/rmvapesale.com\/wp-content\/uploads\/2024\/05\/randm-vape-tornado-15k-fumot-300x300.jpg",300,300,true],"woocommerce_single":["https:\/\/rmvapesale.com\/wp-content\/uploads\/2024\/05\/randm-vape-tornado-15k-fumot.jpg",424,589,false],"woocommerce_gallery_thumbnail":["https:\/\/rmvapesale.com\/wp-content\/uploads\/2024\/05\/randm-vape-tornado-15k-fumot-100x100.jpg",100,100,true],"wcpr-photo-reviews":["https:\/\/rmvapesale.com\/wp-content\/uploads\/2024\/05\/randm-vape-tornado-15k-fumot.jpg",360,500,false]},"uagb_author_info":{"display_name":"yannazhan","author_link":"https:\/\/rmvapesale.com\/lv\/author\/"},"uagb_comment_info":0,"uagb_excerpt":"15K PUFFS FUMOT VAPE RANDM Wholesale Price 15K PUFFS FUMOT ORIGINAL RANDM\u00a0 Factory Price 15K PUFFS Genuine FUMOT VAPE TORNADO RANDM Discount Price Contact Amy For More Discount And Lower MOQ Vape WhatsApp: +86 17776015835","_links":{"self":[{"href":"https:\/\/rmvapesale.com\/lv\/wp-json\/wp\/v2\/product\/1874","targetHints":{"allow":["GET"]}}],"collection":[{"href":"https:\/\/rmvapesale.com\/lv\/wp-json\/wp\/v2\/product"}],"about":[{"href":"https:\/\/rmvapesale.com\/lv\/wp-json\/wp\/v2\/types\/product"}],"replies":[{"embeddable":true,"href":"https:\/\/rmvapesale.com\/lv\/wp-json\/wp\/v2\/comments?post=1874"}],"wp:featuredmedia":[{"embeddable":true,"href":"https:\/\/rmvapesale.com\/lv\/wp-json\/wp\/v2\/media\/1877"}],"wp:attachment":[{"href":"https:\/\/rmvapesale.com\/lv\/wp-json\/wp\/v2\/media?parent=1874"}],"wp:term":[{"taxonomy":"product_brand","embeddable":true,"href":"https:\/\/rmvapesale.com\/lv\/wp-json\/wp\/v2\/product_brand?post=1874"},{"taxonomy":"product_cat","embeddable":true,"href":"https:\/\/rmvapesale.com\/lv\/wp-json\/wp\/v2\/product_cat?post=1874"},{"taxonomy":"product_tag","embeddable":true,"href":"https:\/\/rmvapesale.com\/lv\/wp-json\/wp\/v2\/product_tag?post=1874"}],"curies":[{"name":"wp","href":"https:\/\/api.w.org\/{rel}","templated":true}]}}