{"id":1886,"date":"2024-05-15T08:46:17","date_gmt":"2024-05-15T08:46:17","guid":{"rendered":"https:\/\/rmvapesale.com\/?post_type=product&#038;p=1886"},"modified":"2024-10-21T08:52:11","modified_gmt":"2024-10-21T08:52:11","slug":"original-randm-vape-digital-puff-12000-fumot-factory-price","status":"publish","type":"product","link":"https:\/\/rmvapesale.com\/lv\/product\/original-randm-vape-digital-puff-12000-fumot-factory-price\/","title":{"rendered":"Ori\u0123in\u0101lais Randm Vape Digital Puff 12000 FUMOT r\u016bpn\u012bcas cena"},"content":{"rendered":"<h1>Ori\u0123in\u0101lais Randm Vape Digital Puff 12000 FUMOT r\u016bpn\u012bcas cena<\/h1>\n<p>Jaun\u0101kais <strong>Ori\u0123in\u0101lais Randm Vape Digital Puff 12000<\/strong>, lieliska izv\u0113le, lai papla\u0161in\u0101tu savu tirgu Eirop\u0101, piem\u0113ram, V\u0101cij\u0101, N\u012bderland\u0113, Francij\u0101, It\u0101lij\u0101, Sp\u0101nij\u0101, \u0160veic\u0113, Zviedrij\u0101, Polij\u0101 utt. \u0160\u012b uzlabot\u0101 tvaic\u0113\u0161anas ier\u012bce ne tikai lepojas ar izcilu veiktsp\u0113ju, bet ar\u012b pied\u0101v\u0101 da\u017e\u0101das gar\u0161as, lai apmierin\u0101tu da\u017e\u0101das pat\u0113r\u0113t\u0101ju v\u0113lmes.<\/p>\n<p>\u0160is <strong>Fumot Digital Box 12000 vienreizlietojams tvaiks<\/strong> ir apr\u012bkots ar 20 ml e-\u0161\u0137idruma ietilp\u012bbu, nodro\u0161inot l\u012bdz pat 12 000 dvesmu uz vienu ier\u012bci, garant\u0113jot ilgsto\u0161u baud\u012bjumu lietot\u0101jiem. Tam ir integr\u0113ts 850 mAh uzl\u0101d\u0113jams akumulators ar \u0113rtu akumulatora un e-\u0161\u0137idruma displeju, kas \u013cauj lietot\u0101jiem viegli uzraudz\u012bt atliku\u0161o jaudu un e-\u0161\u0137idruma l\u012bmeni, lai nodro\u0161in\u0101tu bezr\u016bp\u012bgu tvaic\u0113\u0161anas pieredzi.<\/p>\n<p>M\u0113s pied\u0101v\u0101jam pla\u0161u gar\u0161u kl\u0101stu, tostarp Cool Mint, Watermelon Ice, Grape Ice, Blueberry Raspberry, Strawberry Watermelon un daudzas citas, kop\u0101 24 unik\u0101las iesp\u0113jas. Piem\u0113ram, Cool Mint sniedz atsvaidzino\u0161u un v\u0113su saj\u016btu, savuk\u0101rt Watermelon Ice apvieno saldas un ledainas notis, radot pat\u012bkamu pieredzi, kas ir ide\u0101li piem\u0113rota karst\u0101m vasaras dien\u0101m.<\/p>\n<p>Turkl\u0101t <strong>Fumot Digital Randm 12000 vienreiz\u0113j\u0101s lieto\u0161anas tvaic\u0113t\u0101js<\/strong> izmanto modernu nikot\u012bna s\u0101ls tehnolo\u0123iju, kas pieejama ar 0%, 2%, 3% un 5% nikot\u012bna koncentr\u0101ciju, \u013caujot lietot\u0101jiem izv\u0113l\u0113ties l\u012bmeni, kas vislab\u0101k atbilst vi\u0146u vajadz\u012bb\u0101m.<\/p>\n<p>K\u0101 VAPE vairumtirgot\u0101js j\u016bs varat g\u016bt labumu no m\u016bsu tie\u0161aj\u0101m r\u016bpn\u012bcas cen\u0101m, nodro\u0161inot maksim\u0101lu izmaksu efektivit\u0101ti. M\u016bsu minim\u0101lais pas\u016bt\u012bjuma daudzums ir tikai 50 gabali, kas ir ide\u0101li piem\u0113rots vairumtirgot\u0101jiem, kuri pirmo reizi import\u0113 e-cigaretes no \u0136\u012bnas. M\u0113s ar\u012b nodro\u0161in\u0101m 24 stundu klientu atbalstu un risin\u0101m visus muitas jaut\u0101jumus, padarot j\u016bsu pirkuma procesu raitu un bez raiz\u0113m.<\/p>\n<p><strong>Pievienojiet p\u0101rdo\u0161anas mened\u017eeri AMY WhatsApp <a href=\"https:\/\/wa.me\/8617776015835\" target=\"_blank\" rel=\"noopener\">+86-17776015835<\/a> sa\u0146emiet liel\u0101ku atlaidi!<\/strong><\/p>\n<p><img loading=\"lazy\" decoding=\"async\" class=\"size-medium wp-image-1814\" src=\"https:\/\/rmvapesale.com\/wp-content\/uploads\/2024\/04\/whatsapp-amy-229x300.jpg\" alt=\"whatsapp amy\" width=\"229\" height=\"300\" srcset=\"https:\/\/rmvapesale.com\/wp-content\/uploads\/2024\/04\/whatsapp-amy-229x300.jpg 229w, https:\/\/rmvapesale.com\/wp-content\/uploads\/2024\/04\/whatsapp-amy-783x1024.jpg 783w, https:\/\/rmvapesale.com\/wp-content\/uploads\/2024\/04\/whatsapp-amy-768x1005.jpg 768w, https:\/\/rmvapesale.com\/wp-content\/uploads\/2024\/04\/whatsapp-amy-600x785.jpg 600w, https:\/\/rmvapesale.com\/wp-content\/uploads\/2024\/04\/whatsapp-amy.jpg 990w\" sizes=\"auto, (max-width: 229px) 100vw, 229px\" \/><\/p>\n<h2>FUMOT PUFF 12000 vienreiz\u0113j\u0101s lieto\u0161anas tvaic\u0113t\u0101ja specifik\u0101cijas:<\/h2>\n<p>Nikot\u012bna satura iesp\u0113jas: 0%, 2%, 3% un 5%<br \/>\nL\u012bdz 12000 dvesmu<br \/>\nIepriek\u0161 piepild\u012bts ar 20 ml e-\u0161\u0137idruma<br \/>\n850 mAh uzl\u0101d\u0113jams akumulators<br \/>\n0,9\u03a9 t\u012bkla spole<br \/>\nPieejamas 40 gar\u0161as<\/p>\n<h2>Popul\u0101r\u0101 gar\u0161a randm vape Digital 12000 Puff<\/h2>\n<p>1 V\u0113s\u0101 piparm\u0113tra<br \/>\n2 Arb\u016bzu ledus<br \/>\n3 V\u012bnogu ledus<br \/>\n4 Mellenes un avenes <strong><span style=\"color: #ff0000\">&gt;&gt;&gt;Karstais!<\/span><\/strong><br \/>\n5 Zemenes un arb\u016bzs<br \/>\n6 Zemenes un ban\u0101ns<br \/>\n7 Sul\u012bgs ledus<br \/>\n8 \u0136ir\u0161u<br \/>\n9 Zeme\u0146u ledus<br \/>\n10 Ledus sald\u0113jums<br \/>\n11 Roz\u0101 limon\u0101de <strong><span style=\"color: #ff0000\">&gt;&gt;&gt;Lab\u0101kais!<\/span><\/strong><br \/>\n12 Mango uz ledus<br \/>\n13 Jauktas ogas<br \/>\n14 Zeme\u0146u virtulis<br \/>\n15 Zeme\u0146u v\u012bnogu<br \/>\n16 \u0136ir\u0161u kola<br \/>\n17 Dr zils<br \/>\n18 Melle\u0146u uz ledus<br \/>\n19 Kivi pasifloru aug\u013cu gvajava<br \/>\n20 Zeme\u0146u kivi<br \/>\n21 Persiku mango<br \/>\n22 Persiku ledus<br \/>\n23 Sarkano \u0101bolu ledus<br \/>\n24 Melle\u0146u ko\u0161\u013c\u0101jam\u0101 gumija<br \/>\n25 Ogu limon\u0101de<br \/>\n26 Zilo ave\u0146u limon\u0101de<br \/>\n27 Melle\u0146u ave\u0146u <strong><span style=\"color: #ff0000\">&gt;&gt;&gt;Karstais!<\/span><\/strong><br \/>\n28 Zeme\u0146u sarkanais bullis<br \/>\n29 \u0100bolu ogu spr\u0101dziens<br \/>\n30 Arb\u016bzu ko\u0161\u013c\u0101jam\u0101 gumija<br \/>\n31 Ave\u0146u arb\u016bzs<br \/>\n32 Melnais ledus<br \/>\n33 Melle\u0146u \u0137ir\u0161u dz\u0113rve\u0146u <strong><span style=\"color: #ff0000\">&gt;&gt;&gt;Karstais!<\/span><\/strong><br \/>\n34 Zeme\u0146u pomp (gran\u0101t\u0101bols)<br \/>\n35 Vimto <strong><span style=\"color: #ff0000\">&gt;&gt;&gt;Karstais!<\/span><\/strong><br \/>\n36 \u0136ir\u0161u oga<br \/>\n37 Citrons<br \/>\n38 Bingo Drupin\u0101t<br \/>\n39 Mellenes kivi<br \/>\n40 \u0100bolu Kan\u0113lis<\/p>\n<figure id=\"attachment_2480\" aria-describedby=\"caption-attachment-2480\" style=\"width: 600px\" class=\"wp-caption alignnone\"><img loading=\"lazy\" decoding=\"async\" class=\"wp-image-2480 size-full\" src=\"https:\/\/rmvapesale.com\/wp-content\/uploads\/2024\/10\/Fumot-Digital-Box-12000-Disposable-Vape.jpg\" alt=\"Fumot Digital Box 12000 vienreizlietojams tvaiks\" width=\"600\" height=\"600\" srcset=\"https:\/\/rmvapesale.com\/wp-content\/uploads\/2024\/10\/Fumot-Digital-Box-12000-Disposable-Vape.jpg 600w, https:\/\/rmvapesale.com\/wp-content\/uploads\/2024\/10\/Fumot-Digital-Box-12000-Disposable-Vape-300x300.jpg 300w, https:\/\/rmvapesale.com\/wp-content\/uploads\/2024\/10\/Fumot-Digital-Box-12000-Disposable-Vape-150x150.jpg 150w, https:\/\/rmvapesale.com\/wp-content\/uploads\/2024\/10\/Fumot-Digital-Box-12000-Disposable-Vape-100x100.jpg 100w\" sizes=\"auto, (max-width: 600px) 100vw, 600px\" \/><figcaption id=\"caption-attachment-2480\" class=\"wp-caption-text\">Fumot Digital Box 12000 vienreizlietojams tvaiks<\/figcaption><\/figure>\n<h2>Lietas, kuras var\u0113tu v\u0113l\u0113ties zin\u0101t par Fumot Digital Puff 12000 Vape pirms p\u0113rkat vairum\u0101.<\/h2>\n<p><strong>Q1: K\u0101das nikot\u012bna opcijas ir pieejamas Fumot Randm Digital 12000 Puffs Vape?<\/strong><\/p>\n<ul>\n<li>\u0160is <strong>Ori\u0123in\u0101lais Fumot Vape Digital 12000 Puffs<\/strong> pied\u0101v\u0101 nikot\u012bna s\u0101ls koncentr\u0101ciju 0%, 2%, 3% un 5%.<\/li>\n<\/ul>\n<p><strong>Q2: Cik gar\u0161as ir pieejamas \u0161im produktam?<\/strong><\/p>\n<ul>\n<li>\u0160is <strong>Ori\u0123in\u0101lais Randm Digital Vape 12k Puffs<\/strong> ir pieejams 24 da\u017e\u0101d\u0101s gar\u0161\u0101s, tostarp Cool Mint, Watermelon Ice, Grape Ice un citas.<\/li>\n<\/ul>\n<p><strong>Q3: K\u0101da ir \u0161\u012bs ier\u012bces e-\u0161\u0137idruma ietilp\u012bba un dvesmu skaits?<\/strong><\/p>\n<ul>\n<li>\u0160is <strong>Ori\u0123in\u0101lais Randm Vape Digital Puffs 12000<\/strong> ir 20 ml e-\u0161\u0137idruma ietilp\u012bba un nodro\u0161ina l\u012bdz pat 12 000 dvesmu ar vienu ier\u012bci.<\/li>\n<\/ul>\n<p><strong>Q4: Vai akumulators ir uzl\u0101d\u0113jams un k\u0101 es varu sekot l\u012bdzi t\u0101 statusam?<\/strong><\/p>\n<ul>\n<li>J\u0101, <strong>Ori\u0123in\u0101lais Randm Digital Vape 12k Puffs<\/strong> ir ieb\u016bv\u0113ts 850 mAh uzl\u0101d\u0113jams akumulators ar displeju, lai uzraudz\u012btu akumulatora un e-\u0161\u0137idruma l\u012bmeni.<\/li>\n<\/ul>\n<p><strong>Q5: K\u0101ds ir minim\u0101lais pas\u016bt\u012bjuma daudzums un k\u0101du atbalstu j\u016bs pied\u0101v\u0101jat jauniem import\u0113t\u0101jiem?<\/strong><\/p>\n<ul>\n<li>M\u016bsu minim\u0101lais pas\u016bt\u012bjuma daudzums ir 50 gabali. M\u0113s pied\u0101v\u0101jam 24\/7 klientu atbalstu un risin\u0101m visus muitas jaut\u0101jumus, padarot to ide\u0101li piem\u0113rotu import\u0113t\u0101jiem no \u0136\u012bnas, kas to dara pirmo reizi.<\/li>\n<\/ul>\n<p><strong>Q6: K\u0101 produkts ir iepakots vairumtirdzniec\u012bbai?<\/strong><\/p>\n<ul>\n<li>\u0160is <strong>Ori\u0123in\u0101lais Fumot Digital Vape 12k Puffs<\/strong> ir iepakots 10 gabali displeja kast\u0113 un 200 gabali kartona kast\u0113.<\/li>\n<\/ul>\n<p><strong>Q7: Vai ir pieejamas r\u016bpn\u012bcas cenas opcijas pirkumiem vairum\u0101?<\/strong><\/p>\n<ul>\n<li>J\u0101, m\u0113s pied\u0101v\u0101jam <strong>Ori\u0123in\u0101l\u0101 Fumot Vape Digital 12k Puffs r\u016bpn\u012bcas cena<\/strong> iesp\u0113jas lielapjoma pirkumiem, lai nodro\u0161in\u0101tu jums vislab\u0101ko v\u0113rt\u012bbu.<\/li>\n<\/ul>\n<p><strong>Q8: Vai es varu sa\u0146emt konkur\u0113tsp\u0113j\u012bgas cenas lieliem pas\u016bt\u012bjumiem?<\/strong><\/p>\n<ul>\n<li>Protams, m\u0113s nodro\u0161in\u0101m <strong>Ori\u0123in\u0101l\u0101 Randm Digital Vape 12k Puffs lielapjoma cena<\/strong> lai pal\u012bdz\u0113tu jums maksim\u0101li palielin\u0101t j\u016bsu vape biznesa pe\u013c\u0146u.<\/li>\n<\/ul>\n<p>Atrodiet vair\u0101k Vape produktu, kas jums var\u0113tu patikt:<em><a href=\"https:\/\/rmvapesale.com\/lv\/shop-2\/\">Iep\u0113rcieties tagad\u00a0<\/a><\/em><\/p>\n<p>citi karstie vape, kas jums var\u0113tu patikt:<\/p>\n<p><a href=\"https:\/\/rmvapesale.com\/lv\/product\/jnr-shisha-vape-15000-puffs-wholesale-price-with-screen-vape\/\">VOPK SHISHA 15K<\/a><\/p>\n<p><a href=\"https:\/\/rmvapesale.com\/lv\/product\/randm-vape-al-fakher-10000-puffs-vape-wholesale\/\">randm vape AI FAKHER 15k vape<\/a><\/p>\n<p><a href=\"https:\/\/rmvapesale.com\/lv\/product\/randm-tornado-15000-puffs-15k-vape-recharge-fumot-original-vape-factory-price\/\">Fumot digital box Puff 12000<\/a><\/p>","protected":false},"excerpt":{"rendered":"<p class=\"LC20lb MBeuO DKV0Md\">Ori\u0123in\u0101lais Fumot Vape Digital 12ooo Puffs r\u016bpn\u012bcas cena<br \/>\nOri\u0123in\u0101lais Fumot Vape Digital 12k Puffs cena, liels iepakojums<br \/>\nFumot Vape RandM Digital 12000 cena l\u0113ti<br \/>\n<strong>Sazinieties ar Eimiju, lai sa\u0146emtu vair\u0101k atlai\u017eu un zem\u0101ku minim\u0101lo pas\u016bt\u012bjuma daudzumu<\/strong><\/p>\n<p><img loading=\"lazy\" decoding=\"async\" class=\"size-medium wp-image-1814\" src=\"https:\/\/rmvapesale.com\/wp-content\/uploads\/2024\/04\/whatsapp-amy-229x300.jpg\" alt=\"whatsapp amy\" width=\"229\" height=\"300\" srcset=\"https:\/\/rmvapesale.com\/wp-content\/uploads\/2024\/04\/whatsapp-amy-229x300.jpg 229w, https:\/\/rmvapesale.com\/wp-content\/uploads\/2024\/04\/whatsapp-amy-783x1024.jpg 783w, https:\/\/rmvapesale.com\/wp-content\/uploads\/2024\/04\/whatsapp-amy-768x1005.jpg 768w, https:\/\/rmvapesale.com\/wp-content\/uploads\/2024\/04\/whatsapp-amy-600x785.jpg 600w, https:\/\/rmvapesale.com\/wp-content\/uploads\/2024\/04\/whatsapp-amy.jpg 990w\" sizes=\"auto, (max-width: 229px) 100vw, 229px\" \/><\/p>\n<h3><span style=\"color: #ff0000\"><strong>WhatsApp: +86 17776015835<\/strong><\/span><\/h3>","protected":false},"featured_media":2485,"comment_status":"open","ping_status":"closed","template":"","meta":{"_uag_custom_page_level_css":"","_lmt_disableupdate":"no","_lmt_disable":"","site-sidebar-layout":"default","site-content-layout":"content-boxed-container","ast-site-content-layout":"normal-width-container","site-content-style":"boxed","site-sidebar-style":"unboxed","ast-global-header-display":"","ast-banner-title-visibility":"","ast-main-header-display":"","ast-hfb-above-header-display":"","ast-hfb-below-header-display":"","ast-hfb-mobile-header-display":"","site-post-title":"","ast-breadcrumbs-content":"","ast-featured-img":"","footer-sml-layout":"","theme-transparent-header-meta":"default","adv-header-id-meta":"","stick-header-meta":"","header-above-stick-meta":"","header-main-stick-meta":"","header-below-stick-meta":"","astra-migrate-meta-layouts":"set","ast-page-background-enabled":"default","ast-page-background-meta":{"desktop":{"background-color":"var(--ast-global-color-4)","background-image":"","background-repeat":"repeat","background-position":"center center","background-size":"auto","background-attachment":"scroll","background-type":"","background-media":"","overlay-type":"","overlay-color":"","overlay-opacity":"","overlay-gradient":""},"tablet":{"background-color":"","background-image":"","background-repeat":"repeat","background-position":"center center","background-size":"auto","background-attachment":"scroll","background-type":"","background-media":"","overlay-type":"","overlay-color":"","overlay-opacity":"","overlay-gradient":""},"mobile":{"background-color":"","background-image":"","background-repeat":"repeat","background-position":"center center","background-size":"auto","background-attachment":"scroll","background-type":"","background-media":"","overlay-type":"","overlay-color":"","overlay-opacity":"","overlay-gradient":""}},"ast-content-background-meta":{"desktop":{"background-color":"var(--ast-global-color-5)","background-image":"","background-repeat":"repeat","background-position":"center center","background-size":"auto","background-attachment":"scroll","background-type":"","background-media":"","overlay-type":"","overlay-color":"","overlay-opacity":"","overlay-gradient":""},"tablet":{"background-color":"var(--ast-global-color-5)","background-image":"","background-repeat":"repeat","background-position":"center center","background-size":"auto","background-attachment":"scroll","background-type":"","background-media":"","overlay-type":"","overlay-color":"","overlay-opacity":"","overlay-gradient":""},"mobile":{"background-color":"var(--ast-global-color-5)","background-image":"","background-repeat":"repeat","background-position":"center center","background-size":"auto","background-attachment":"scroll","background-type":"","background-media":"","overlay-type":"","overlay-color":"","overlay-opacity":"","overlay-gradient":""}},"_joinchat":[]},"product_brand":[],"product_cat":[25,26,28,27,31,15,30],"product_tag":[45,46,39,40,111,41,38,165,37],"class_list":{"0":"post-1886","1":"product","2":"type-product","3":"status-publish","4":"has-post-thumbnail","6":"product_cat-germany-best-selling-vape","7":"product_cat-netherlands-hot-sale-vape","8":"product_cat-poland-hot-sale-vape","9":"product_cat-fance-hot-sale-vape","10":"product_cat-randm-fumot-vape","11":"product_cat-new-vape-this-week","12":"product_cat-minimum-order-quantity-50pcs","13":"product_tag-12k-vape-puff-12000","14":"product_tag-digital-box-12000-puff-original","15":"product_tag-fumot-vape","16":"product_tag-hot-sale-vape","17":"product_tag-low-nicotine-disposable-vape","18":"product_tag-original-factory-vape","19":"product_tag-randm-vape","20":"product_tag-rechargeable-vapes","21":"product_tag-wholesale-vape-price","22":"desktop-align-left","23":"tablet-align-left","24":"mobile-align-left","26":"first","27":"instock","28":"sale","29":"shipping-taxable","30":"purchasable","31":"product-type-simple"},"uagb_featured_image_src":{"full":["https:\/\/rmvapesale.com\/wp-content\/uploads\/2024\/10\/Randm-Vape-12000-Puffs.jpg",600,600,false],"thumbnail":["https:\/\/rmvapesale.com\/wp-content\/uploads\/2024\/10\/Randm-Vape-12000-Puffs-150x150.jpg",150,150,true],"medium":["https:\/\/rmvapesale.com\/wp-content\/uploads\/2024\/10\/Randm-Vape-12000-Puffs-300x300.jpg",300,300,true],"medium_large":["https:\/\/rmvapesale.com\/wp-content\/uploads\/2024\/10\/Randm-Vape-12000-Puffs.jpg",600,600,false],"large":["https:\/\/rmvapesale.com\/wp-content\/uploads\/2024\/10\/Randm-Vape-12000-Puffs.jpg",600,600,false],"1536x1536":["https:\/\/rmvapesale.com\/wp-content\/uploads\/2024\/10\/Randm-Vape-12000-Puffs.jpg",600,600,false],"2048x2048":["https:\/\/rmvapesale.com\/wp-content\/uploads\/2024\/10\/Randm-Vape-12000-Puffs.jpg",600,600,false],"trp-custom-language-flag":["https:\/\/rmvapesale.com\/wp-content\/uploads\/2024\/10\/Randm-Vape-12000-Puffs.jpg",12,12,false],"woocommerce_thumbnail":["https:\/\/rmvapesale.com\/wp-content\/uploads\/2024\/10\/Randm-Vape-12000-Puffs-300x300.jpg",300,300,true],"woocommerce_single":["https:\/\/rmvapesale.com\/wp-content\/uploads\/2024\/10\/Randm-Vape-12000-Puffs.jpg",600,600,false],"woocommerce_gallery_thumbnail":["https:\/\/rmvapesale.com\/wp-content\/uploads\/2024\/10\/Randm-Vape-12000-Puffs-100x100.jpg",100,100,true],"wcpr-photo-reviews":["https:\/\/rmvapesale.com\/wp-content\/uploads\/2024\/10\/Randm-Vape-12000-Puffs.jpg",500,500,false]},"uagb_author_info":{"display_name":"yannazhan","author_link":"https:\/\/rmvapesale.com\/lv\/author\/"},"uagb_comment_info":0,"uagb_excerpt":"Original Fumot Vape Digital 12ooo Puffs Factory Price Original Fumot Vape Digital 12k Puffs Price Bulk Buy Fumot Vape RandM Digital 12000 Price Cheap Contact Amy For More Discount And Lower MOQ Vape WhatsApp: +86 17776015835","_links":{"self":[{"href":"https:\/\/rmvapesale.com\/lv\/wp-json\/wp\/v2\/product\/1886","targetHints":{"allow":["GET"]}}],"collection":[{"href":"https:\/\/rmvapesale.com\/lv\/wp-json\/wp\/v2\/product"}],"about":[{"href":"https:\/\/rmvapesale.com\/lv\/wp-json\/wp\/v2\/types\/product"}],"replies":[{"embeddable":true,"href":"https:\/\/rmvapesale.com\/lv\/wp-json\/wp\/v2\/comments?post=1886"}],"wp:featuredmedia":[{"embeddable":true,"href":"https:\/\/rmvapesale.com\/lv\/wp-json\/wp\/v2\/media\/2485"}],"wp:attachment":[{"href":"https:\/\/rmvapesale.com\/lv\/wp-json\/wp\/v2\/media?parent=1886"}],"wp:term":[{"taxonomy":"product_brand","embeddable":true,"href":"https:\/\/rmvapesale.com\/lv\/wp-json\/wp\/v2\/product_brand?post=1886"},{"taxonomy":"product_cat","embeddable":true,"href":"https:\/\/rmvapesale.com\/lv\/wp-json\/wp\/v2\/product_cat?post=1886"},{"taxonomy":"product_tag","embeddable":true,"href":"https:\/\/rmvapesale.com\/lv\/wp-json\/wp\/v2\/product_tag?post=1886"}],"curies":[{"name":"wp","href":"https:\/\/api.w.org\/{rel}","templated":true}]}}