{"id":1893,"date":"2024-09-18T08:33:25","date_gmt":"2024-09-18T08:33:25","guid":{"rendered":"https:\/\/rmvapesale.com\/?post_type=product&#038;p=1893"},"modified":"2025-01-20T03:56:18","modified_gmt":"2025-01-20T03:56:18","slug":"wga-crystal-plus-20000-puff-dual-flavour-disposable-vape","status":"publish","type":"product","link":"https:\/\/rmvapesale.com\/lv\/product\/wga-crystal-plus-20000-puff-dual-flavour-disposable-vape\/","title":{"rendered":"WGA Crystal Plus 20000 dvesmas divu gar\u0161u vienreiz\u0113jais vape"},"content":{"rendered":"<h1>WGA Crystal Plus 20000 dvesmas divu gar\u0161u vienreiz\u0113jais vape<\/h1>\n<p>Iepaz\u012bstieties ar WGA Crystal Plus 20000 Puffs tvaic\u0113t\u0101ju \u2014 revolucion\u0101ru tvaic\u0113\u0161anas ier\u012bci, kas rad\u012bta maksim\u0101lam \u0113rtumam un daudzpus\u012bbai. Apr\u012bkots ar uzl\u0101d\u0113jamu 650mAh akumulatoru un iespaid\u012bgu dvesmu skaitu, kas ir aptuveni 20 000, \u0161is tvaic\u0113t\u0101js pied\u0101v\u0101 ilgsto\u0161u baud\u012bjumu bez bie\u017eas uzl\u0101des. T\u0101 novatorisk\u0101 divu t\u012bklu sist\u0113ma \u013cauj bez piep\u016bles p\u0101rsl\u0113gties starp div\u0101m gar\u0161\u0101m, b\u012bdot iemuti, nodro\u0161inot, ka katra dvesma ir maiga un gar\u0161\u012bga. Ar displeja ekr\u0101nu un USB Type-C uzl\u0101di, WGA Crystal Plus 20K uzlabo j\u016bsu tvaic\u0113\u0161anas pieredzi. Atvadieties no viduv\u0113jiem vienreizlietojamiem tvaic\u0113t\u0101jiem un izbaudiet WGA Crystal Plus 2-in-1 prieku!<\/p>\n<p><strong>Pievienojiet AMY WhatsApp <a href=\"https:\/\/wa.me\/8617776015835\" target=\"_blank\" rel=\"noopener\">+86-17776015835<\/a> sa\u0146emiet liel\u0101ku atlaidi!<\/strong><\/p>\n<p><img loading=\"lazy\" decoding=\"async\" class=\"size-full wp-image-1978\" src=\"https:\/\/rmvapesale.com\/wp-content\/uploads\/2024\/09\/Disposable-Vape-Wholesale.jpg\" alt=\"Vienreiz\u0113jais vape vairumtirdzniec\u012bba\" width=\"229\" height=\"300\" \/><\/p>\n<h2>WGA Crystal Plus 20000 specifik\u0101cijas<\/h2>\n<p>Dvesmas: 20000 dvesmas<br \/>\nAkumulators: 650 mAh<br \/>\nE-\u0161\u0137idrums: 15 ml*2<br \/>\nNikot\u012bna stiprums: 2% 5%<br \/>\nUzl\u0101d\u0113jams ar C tipa piesl\u0113gvietu<\/p>\n<h2><\/h2>\n<p>&nbsp;<\/p>\n<h2>Gar\u0161u saraksts<\/h2>\n<p>&nbsp;<\/p>\n<p>1. Zilo ave\u0146u \u0137irsis<br \/>\n2. Zilo ave\u0146u gumija<br \/>\n3. Zilo ave\u0146u limon\u0101de<br \/>\n4. Melle\u0146u vates konfekte<br \/>\n5. Svaiga piparm\u0113tra<br \/>\n6. L\u0101c\u012b\u0161a gumija<br \/>\n7. Heizenbergs<br \/>\n8. Jautrais reind\u017eers<br \/>\n9. Sul\u012bgs persiks<br \/>\n10. Citrons<br \/>\n11. Anan\u0101su ledus<br \/>\n12. Anan\u0101su citrons<br \/>\n13. Vasaras sapnis<br \/>\n14. Zeme\u0146u sald\u0113jums<br \/>\n15. Zeme\u0146u ave\u0146u ledus<br \/>\n16. Tr\u012bsk\u0101r\u0161ais mango<br \/>\n17. Arb\u016bzu ledus<br \/>\n18. Arb\u016bzu Hubba Bubba<\/p>\n<figure id=\"attachment_2030\" aria-describedby=\"caption-attachment-2030\" style=\"width: 788px\" class=\"wp-caption alignnone\"><img loading=\"lazy\" decoding=\"async\" class=\"wp-image-2030 size-full\" src=\"https:\/\/rmvapesale.com\/wp-content\/uploads\/2024\/09\/WGA-Crystal-Plus-20K-Vape.jpg\" alt=\"WGA Crystal Plus 20K Vape\" width=\"788\" height=\"788\" srcset=\"https:\/\/rmvapesale.com\/wp-content\/uploads\/2024\/09\/WGA-Crystal-Plus-20K-Vape.jpg 788w, https:\/\/rmvapesale.com\/wp-content\/uploads\/2024\/09\/WGA-Crystal-Plus-20K-Vape-300x300.jpg 300w, https:\/\/rmvapesale.com\/wp-content\/uploads\/2024\/09\/WGA-Crystal-Plus-20K-Vape-150x150.jpg 150w, https:\/\/rmvapesale.com\/wp-content\/uploads\/2024\/09\/WGA-Crystal-Plus-20K-Vape-768x768.jpg 768w, https:\/\/rmvapesale.com\/wp-content\/uploads\/2024\/09\/WGA-Crystal-Plus-20K-Vape-600x600.jpg 600w, https:\/\/rmvapesale.com\/wp-content\/uploads\/2024\/09\/WGA-Crystal-Plus-20K-Vape-100x100.jpg 100w\" sizes=\"auto, (max-width: 788px) 100vw, 788px\" \/><figcaption id=\"caption-attachment-2030\" class=\"wp-caption-text\">WGA Crystal Plus 20K Vape<\/figcaption><\/figure>\n<h4><\/h4>\n<h4>BUJ:<\/h4>\n<p>&nbsp;<\/p>\n<p><strong>1. Cik ilgi darbojas viena WGA Crystal Plus 20000 ier\u012bce?<\/strong><br \/>\nPareizi lietojot, katra ier\u012bce var nodro\u0161in\u0101t aptuveni 16 000 dvesmu, vairumam lietot\u0101ju pietiekot vair\u0101k\u0101m ned\u0113\u013c\u0101m.<\/p>\n<p><strong>2. Vai es varu uzl\u0101d\u0113t WGA Crystal Plus 20K?<\/strong><br \/>\nLai gan liel\u0101k\u0101 da\u013ca versiju nav uzl\u0101d\u0113jamas, da\u017eiem jaun\u0101kiem mode\u013ciem var b\u016bt uzl\u0101d\u0113jama baterija.<\/p>\n<p><strong>3. K\u0101 p\u0101rsl\u0113gties starp div\u0101m gar\u0161\u0101m?<\/strong><br \/>\nVienk\u0101r\u0161i pab\u012bdiet iemuti, lai main\u012btu divas gar\u0161as tvertnes.<\/p>\n<p><strong>4. Vai WGA Crystal Plus 20000 ir piem\u0113rots ies\u0101c\u0113jiem?<\/strong><br \/>\nNoteikti! T\u0101 lietot\u0101jam draudz\u012bgais dizains padara to ide\u0101li piem\u0113rotu gan jauniem, gan pieredz\u0113ju\u0161iem tvaic\u0113t\u0101jiem.<\/p>\n<p>&nbsp;<\/p>\n<p>Citi popul\u0101ri vape, kas jums var\u0113tu patikt:<\/p>\n<p><a href=\"https:\/\/rmvapesale.com\/lv\/product\/waspe-12000-puffs-disposable-vape-pen\/\"><strong>Waspe 12000 12K Dvesmas<\/strong><\/a><em><a href=\"https:\/\/rmvapesale.com\/lv\/product\/waspe-12000-puffs-disposable-vape-pen\/\"><strong> &gt;&gt;&gt;Veikals<\/strong><\/a><\/em><\/p>\n<p><a href=\"https:\/\/rmvapesale.com\/lv\/product\/vapme-shisha-hookah-15000-puffs-vape-0-2-nicotine\/\"><strong>Vapme \u0160i\u0161a \u016bdensp\u012bpe 15k Dvesmas<\/strong><\/a><em><strong><a href=\"https:\/\/rmvapesale.com\/lv\/product\/waspe-12000-puffs-disposable-vape-pen\/\">&gt;&gt;&gt;Veikals<\/a><\/strong><\/em><\/p>\n<p><a href=\"https:\/\/rmvapesale.com\/lv\/product\/fihp-shisha-hookah-15000-pro-disposable-vape-wholesale\/\"><strong>FIHP 15000 Dvesmas <\/strong><\/a><strong><em><a href=\"https:\/\/rmvapesale.com\/lv\/product\/waspe-12000-puffs-disposable-vape-pen\/\">&gt;&gt;&gt;Veikals<\/a><\/em><\/strong><\/p>\n<p>&nbsp;<\/p>\n<p>&nbsp;<\/p>\n<p>Atrodiet vair\u0101k Vape produktu, kas jums var\u0113tu patikt:<em><a href=\"https:\/\/rmvapesale.com\/lv\/shop-2\/\">Iep\u0113rcieties tagad\u00a0<\/a><\/em><\/p>\n<p>&nbsp;<\/p>","protected":false},"excerpt":{"rendered":"<p class=\"LC20lb MBeuO DKV0Md\">WGA Crystal Plus 20000 tvaic\u0113t\u0101js 2-in-1 uzl\u0101d\u0113jams tvaic\u0113t\u0101js<br \/>\nWGA Crystal Plus 20000 vienreizlietojamais tvaic\u0113t\u0101js 2-in-1 gar\u0161as<br \/>\nWGA Crystal Plus 20000 dvesmas \u2013 divu gar\u0161u vienreizlietojamais tvaic\u0113t\u0101js<br \/>\n<strong>Sazinieties ar Eimiju, lai sa\u0146emtu vair\u0101k atlai\u017eu un zem\u0101ku minim\u0101lo pas\u016bt\u012bjuma daudzumu<\/strong><\/p>\n<p><img loading=\"lazy\" decoding=\"async\" class=\"size-medium wp-image-1814\" src=\"https:\/\/rmvapesale.com\/wp-content\/uploads\/2024\/04\/whatsapp-amy-229x300.jpg\" alt=\"whatsapp amy\" width=\"229\" height=\"300\" srcset=\"https:\/\/rmvapesale.com\/wp-content\/uploads\/2024\/04\/whatsapp-amy-229x300.jpg 229w, https:\/\/rmvapesale.com\/wp-content\/uploads\/2024\/04\/whatsapp-amy-783x1024.jpg 783w, https:\/\/rmvapesale.com\/wp-content\/uploads\/2024\/04\/whatsapp-amy-768x1005.jpg 768w, https:\/\/rmvapesale.com\/wp-content\/uploads\/2024\/04\/whatsapp-amy-600x785.jpg 600w, https:\/\/rmvapesale.com\/wp-content\/uploads\/2024\/04\/whatsapp-amy.jpg 990w\" sizes=\"auto, (max-width: 229px) 100vw, 229px\" \/><\/p>\n<h3><span style=\"color: #ff0000\"><strong>WhatsApp: +86 17776015835<\/strong><\/span><\/h3>","protected":false},"featured_media":2036,"comment_status":"open","ping_status":"closed","template":"","meta":{"_uag_custom_page_level_css":"","_lmt_disableupdate":"no","_lmt_disable":"","site-sidebar-layout":"default","site-content-layout":"content-boxed-container","ast-site-content-layout":"normal-width-container","site-content-style":"boxed","site-sidebar-style":"unboxed","ast-global-header-display":"","ast-banner-title-visibility":"","ast-main-header-display":"","ast-hfb-above-header-display":"","ast-hfb-below-header-display":"","ast-hfb-mobile-header-display":"","site-post-title":"","ast-breadcrumbs-content":"","ast-featured-img":"","footer-sml-layout":"","theme-transparent-header-meta":"default","adv-header-id-meta":"","stick-header-meta":"","header-above-stick-meta":"","header-main-stick-meta":"","header-below-stick-meta":"","astra-migrate-meta-layouts":"set","ast-page-background-enabled":"default","ast-page-background-meta":{"desktop":{"background-color":"var(--ast-global-color-4)","background-image":"","background-repeat":"repeat","background-position":"center center","background-size":"auto","background-attachment":"scroll","background-type":"","background-media":"","overlay-type":"","overlay-color":"","overlay-opacity":"","overlay-gradient":""},"tablet":{"background-color":"","background-image":"","background-repeat":"repeat","background-position":"center center","background-size":"auto","background-attachment":"scroll","background-type":"","background-media":"","overlay-type":"","overlay-color":"","overlay-opacity":"","overlay-gradient":""},"mobile":{"background-color":"","background-image":"","background-repeat":"repeat","background-position":"center center","background-size":"auto","background-attachment":"scroll","background-type":"","background-media":"","overlay-type":"","overlay-color":"","overlay-opacity":"","overlay-gradient":""}},"ast-content-background-meta":{"desktop":{"background-color":"var(--ast-global-color-5)","background-image":"","background-repeat":"repeat","background-position":"center center","background-size":"auto","background-attachment":"scroll","background-type":"","background-media":"","overlay-type":"","overlay-color":"","overlay-opacity":"","overlay-gradient":""},"tablet":{"background-color":"var(--ast-global-color-5)","background-image":"","background-repeat":"repeat","background-position":"center center","background-size":"auto","background-attachment":"scroll","background-type":"","background-media":"","overlay-type":"","overlay-color":"","overlay-opacity":"","overlay-gradient":""},"mobile":{"background-color":"var(--ast-global-color-5)","background-image":"","background-repeat":"repeat","background-position":"center center","background-size":"auto","background-attachment":"scroll","background-type":"","background-media":"","overlay-type":"","overlay-color":"","overlay-opacity":"","overlay-gradient":""}},"_joinchat":[]},"product_brand":[],"product_cat":[25,289,290,291,292,298,293,295,299,283,255,123,26,28,135,27,137,136,15,30],"product_tag":[66,64,40,41,65,37],"class_list":{"0":"post-1893","1":"product","2":"type-product","3":"status-publish","4":"has-post-thumbnail","6":"product_cat-germany-best-selling-vape","7":"product_cat-big-puffs-disposable-vapes","8":"product_cat-crystal-disposable-vapes","9":"product_cat-dual-mesh-disposable-vapes","10":"product_cat-digital-disposable-vapes","11":"product_cat-double-flavor-disposable-vapes","12":"product_cat-low-nicotine-disposable-vapes","13":"product_cat-rechargeable-disposable-vapes","14":"product_cat-smart-screen-disposable-vapes","15":"product_cat-wga-vape","16":"product_cat-20000-puff-disposable-vape","17":"product_cat-italy-wholesale-vape","18":"product_cat-netherlands-hot-sale-vape","19":"product_cat-poland-hot-sale-vape","20":"product_cat-spain-best-hot-sale-vape","21":"product_cat-fance-hot-sale-vape","22":"product_cat-rechargeable-vapes","23":"product_cat-smart-screen-vapes","24":"product_cat-new-vape-this-week","25":"product_cat-minimum-order-quantity-50pcs","26":"product_tag-disposable-vape","27":"product_tag-dual-flavour-vape","28":"product_tag-hot-sale-vape","29":"product_tag-original-factory-vape","30":"product_tag-wga-crystal-plus-20000","31":"product_tag-wholesale-vape-price","32":"desktop-align-left","33":"tablet-align-left","34":"mobile-align-left","36":"first","37":"instock","38":"sale","39":"shipping-taxable","40":"purchasable","41":"product-type-simple"},"uagb_featured_image_src":{"full":["https:\/\/rmvapesale.com\/wp-content\/uploads\/2024\/09\/WGA-Crystal-Plus-20000-Vape.png",800,800,false],"thumbnail":["https:\/\/rmvapesale.com\/wp-content\/uploads\/2024\/09\/WGA-Crystal-Plus-20000-Vape-150x150.png",150,150,true],"medium":["https:\/\/rmvapesale.com\/wp-content\/uploads\/2024\/09\/WGA-Crystal-Plus-20000-Vape-300x300.png",300,300,true],"medium_large":["https:\/\/rmvapesale.com\/wp-content\/uploads\/2024\/09\/WGA-Crystal-Plus-20000-Vape-768x768.png",768,768,true],"large":["https:\/\/rmvapesale.com\/wp-content\/uploads\/2024\/09\/WGA-Crystal-Plus-20000-Vape.png",800,800,false],"1536x1536":["https:\/\/rmvapesale.com\/wp-content\/uploads\/2024\/09\/WGA-Crystal-Plus-20000-Vape.png",800,800,false],"2048x2048":["https:\/\/rmvapesale.com\/wp-content\/uploads\/2024\/09\/WGA-Crystal-Plus-20000-Vape.png",800,800,false],"trp-custom-language-flag":["https:\/\/rmvapesale.com\/wp-content\/uploads\/2024\/09\/WGA-Crystal-Plus-20000-Vape.png",12,12,false],"woocommerce_thumbnail":["https:\/\/rmvapesale.com\/wp-content\/uploads\/2024\/09\/WGA-Crystal-Plus-20000-Vape-300x300.png",300,300,true],"woocommerce_single":["https:\/\/rmvapesale.com\/wp-content\/uploads\/2024\/09\/WGA-Crystal-Plus-20000-Vape-600x600.png",600,600,true],"woocommerce_gallery_thumbnail":["https:\/\/rmvapesale.com\/wp-content\/uploads\/2024\/09\/WGA-Crystal-Plus-20000-Vape-100x100.png",100,100,true],"wcpr-photo-reviews":["https:\/\/rmvapesale.com\/wp-content\/uploads\/2024\/09\/WGA-Crystal-Plus-20000-Vape.png",500,500,false]},"uagb_author_info":{"display_name":"yannazhan","author_link":"https:\/\/rmvapesale.com\/lv\/author\/"},"uagb_comment_info":0,"uagb_excerpt":"WGA Crystal Plus 20000 Vape 2-in-1 Rechargeable Vape WGA Crystal Plus 20000 Disposable Vape 2-in-1 Flavours WGA Crystal Plus 20000 Puff \u2013 Dual Flavour Disposable Vape Contact Amy For More Discount And Lower MOQ Vape WhatsApp: +86 17776015835","_links":{"self":[{"href":"https:\/\/rmvapesale.com\/lv\/wp-json\/wp\/v2\/product\/1893","targetHints":{"allow":["GET"]}}],"collection":[{"href":"https:\/\/rmvapesale.com\/lv\/wp-json\/wp\/v2\/product"}],"about":[{"href":"https:\/\/rmvapesale.com\/lv\/wp-json\/wp\/v2\/types\/product"}],"replies":[{"embeddable":true,"href":"https:\/\/rmvapesale.com\/lv\/wp-json\/wp\/v2\/comments?post=1893"}],"wp:featuredmedia":[{"embeddable":true,"href":"https:\/\/rmvapesale.com\/lv\/wp-json\/wp\/v2\/media\/2036"}],"wp:attachment":[{"href":"https:\/\/rmvapesale.com\/lv\/wp-json\/wp\/v2\/media?parent=1893"}],"wp:term":[{"taxonomy":"product_brand","embeddable":true,"href":"https:\/\/rmvapesale.com\/lv\/wp-json\/wp\/v2\/product_brand?post=1893"},{"taxonomy":"product_cat","embeddable":true,"href":"https:\/\/rmvapesale.com\/lv\/wp-json\/wp\/v2\/product_cat?post=1893"},{"taxonomy":"product_tag","embeddable":true,"href":"https:\/\/rmvapesale.com\/lv\/wp-json\/wp\/v2\/product_tag?post=1893"}],"curies":[{"name":"wp","href":"https:\/\/api.w.org\/{rel}","templated":true}]}}