{"id":1928,"date":"2024-08-22T15:15:42","date_gmt":"2024-08-22T15:15:42","guid":{"rendered":"https:\/\/rmvapesale.com\/?post_type=product&#038;p=1928"},"modified":"2025-01-20T03:40:57","modified_gmt":"2025-01-20T03:40:57","slug":"original-randm-tornado-9000-puffs-disposable-vape-factory-price","status":"publish","type":"product","link":"https:\/\/rmvapesale.com\/lv\/product\/original-randm-tornado-9000-puffs-disposable-vape-factory-price\/","title":{"rendered":"Ori\u0123in\u0101l\u0101 RANDM TORNADO 9000 Puffs Vienreizlietojam\u0101 Vape R\u016bpn\u012bcas Cena"},"content":{"rendered":"<h1>Ori\u0123in\u0101l\u0101 RANDM TORNADO 9000 Puffs Vienreizlietojam\u0101 Vape R\u016bpn\u012bcas Cena<\/h1>\n<p>Fumot RANDM TORNADO 9000, uzlabota vienreiz\u0113j\u0101s lieto\u0161anas vape ier\u012bce, kas izstr\u0101d\u0101ta, lai atbilstu stingriem Eiropas vairumtirgot\u0101ju standartiem. \u0160\u012b ier\u012bce, kas izveidota ar precizit\u0101ti un inov\u0101cij\u0101m, nodro\u0161ina izcilu tvaic\u0113\u0161anas pieredzi, apvienojot augstu veiktsp\u0113ju ar iespaid\u012bgu gar\u0161u kl\u0101stu.<\/p>\n<p>Fumot RANDM TORNADO 9000 ir apr\u012bkots ar progres\u012bv\u0101m tehnolo\u0123ij\u0101m, tostarp sieta spoli un ieb\u016bv\u0113tu 850 mAh uzl\u0101d\u0113jamu akumulatoru, nodro\u0161inot vienm\u0113r\u012bgu, konsekventu tvaika ra\u017eo\u0161anu ilgsto\u0161ai baud\u012b\u0161anai. Tas pied\u0101v\u0101 nikot\u012bna s\u0101ls koncentr\u0101ciju diapazonu no 0% l\u012bdz 5%, piel\u0101gojoties da\u017e\u0101d\u0101m v\u0113lm\u0113m.<\/p>\n<p>Fumot RANDM TORNADO 9000 patiesi izce\u013c t\u0101 pla\u0161ais gar\u0161u kl\u0101sts. Ar 43 vilino\u0161\u0101m iesp\u0113j\u0101m, s\u0101kot no klasisk\u0101m iecien\u012bt\u0101kaj\u0101m, piem\u0113ram, Lush Ice un zeme\u0146u limon\u0101des, l\u012bdz unik\u0101liem mais\u012bjumiem, piem\u0113ram, Honeydew Ice Cream un Pina Colada, ir gar\u0161a, kas apmierin\u0101s ikviena gaumi.<\/p>\n<p>Tvaiku p\u0101rdev\u0113jiem, kas mekl\u0113 augst\u0101k\u0101s kvalit\u0101tes vape produktus par konkur\u0113tsp\u0113j\u012bg\u0101m cen\u0101m, Fumot RANDM TORNADO 9000 ir ide\u0101la izv\u0113le.<\/p>\n<p><strong>Pievienojiet p\u0101rdo\u0161anas mened\u017eeri AMY WhatsApp <a href=\"https:\/\/wa.me\/8617776015835\" target=\"_blank\" rel=\"noopener\">+86-17776015835<\/a> sa\u0146emiet liel\u0101ku atlaidi!<\/strong><\/p>\n<p><img loading=\"lazy\" decoding=\"async\" class=\"size-medium wp-image-1814\" src=\"https:\/\/rmvapesale.com\/wp-content\/uploads\/2024\/04\/whatsapp-amy-229x300.jpg\" alt=\"whatsapp amy\" width=\"229\" height=\"300\" srcset=\"https:\/\/rmvapesale.com\/wp-content\/uploads\/2024\/04\/whatsapp-amy-229x300.jpg 229w, https:\/\/rmvapesale.com\/wp-content\/uploads\/2024\/04\/whatsapp-amy-783x1024.jpg 783w, https:\/\/rmvapesale.com\/wp-content\/uploads\/2024\/04\/whatsapp-amy-768x1005.jpg 768w, https:\/\/rmvapesale.com\/wp-content\/uploads\/2024\/04\/whatsapp-amy-600x785.jpg 600w, https:\/\/rmvapesale.com\/wp-content\/uploads\/2024\/04\/whatsapp-amy.jpg 990w\" sizes=\"auto, (max-width: 229px) 100vw, 229px\" \/><\/p>\n<h3>FUMOT PUFF 9000 vienreiz\u0113j\u0101s lieto\u0161anas vape ier\u012bces specifik\u0101cijas:<\/h3>\n<p>Nikot\u012bna satura iesp\u0113jas: 0%, 2%, 3% un 5%<br \/>\nL\u012bdz 9000 dvesm\u0101m<br \/>\nIepriek\u0161 uzpild\u012bts ar 18 ml e-\u0161\u0137idrumu<br \/>\n850 mAh uzl\u0101d\u0113jams akumulators<br \/>\n0,9\u03a9 t\u012bkla spole<br \/>\nNoliktav\u0101 ir pieejamas 43 gar\u0161as<\/p>\n<p>Lietas, kuras, iesp\u0113jams, v\u0113l\u0113sities uzzin\u0101t par Fumot Randm 9000 Vape, pirms ieg\u0101d\u0101jaties vairum\u0101.<\/p>\n<h4>BUJ:<\/h4>\n<p><strong>J: K\u0101das ir Fumot RANDM TORNADO 9000 cenu iesp\u0113jas?<\/strong><\/p>\n<p>A: M\u0113s pied\u0101v\u0101jam konkur\u0113tsp\u0113j\u012bgas r\u016bpn\u012bcas cenas ori\u0123in\u0101lajai Randm Vape ier\u012bcei Puffs 9000, gan atsevi\u0161\u0137\u0101m vien\u012bb\u0101m, gan lielapjoma pas\u016bt\u012bjumiem.<\/p>\n<p><strong>J: Vai ir pieejamas vairumtirdzniec\u012bbas cenu iesp\u0113jas Fumot RANDM TORNADO 9000?<\/strong><\/p>\n<p>A: J\u0101, m\u0113s nodro\u0161in\u0101m vairumtirdzniec\u012bbas cenu iesp\u0113jas ori\u0123in\u0101lajam Randm Vape komplektam 9000 dvesm\u0101m, kas paredz\u0113ts vairumtirgot\u0101jiem, kuri v\u0113las ieg\u0101d\u0101ties liel\u0101kos daudzumos.<\/p>\n<p><strong>J: K\u0101di ir cenu l\u012bme\u0146i lielapjoma pas\u016bt\u012bjumiem Fumot RANDM TORNADO 9000?<\/strong><\/p>\n<p>A: M\u0113s pied\u0101v\u0101jam pievilc\u012bgas vairumtirdzniec\u012bbas cenas ori\u0123in\u0101lajiem Randm Vape Pod Puffs 9000, nodro\u0161inot izmaksu ietaup\u012bjumus vairumtirgot\u0101jiem, kas iep\u0113rkas liel\u0101kos apjomos.<\/p>\n<p><strong>Q: Vai j\u016bs pied\u0101v\u0101jat \u012bpa\u0161as cenas pirmreiz\u0113jiem import\u0113t\u0101jiem?<\/strong><\/p>\n<p>A: J\u0101, m\u0113s pied\u0101v\u0101jam konkur\u0113tsp\u0113j\u012bgas cenas Fumot RANDM TORNADO 9000, padarot to par ide\u0101lu izv\u0113li pirmreiz\u0113jiem e-cigare\u0161u import\u0113t\u0101jiem no \u0136\u012bnas uz Latviju.<\/p>\n<p>Atrodiet vair\u0101k Vape produktu, kas jums var\u0113tu patikt:<em><a href=\"https:\/\/rmvapesale.com\/lv\/shop-2\/\">Iep\u0113rcieties tagad\u00a0<\/a><\/em><\/p>\n<p>citi karstie vape, kas jums var\u0113tu patikt:<\/p>\n<p><a href=\"https:\/\/rmvapesale.com\/lv\/product\/jnr-shisha-vape-15000-puffs-wholesale-price-with-screen-vape\/\">VOPK SHISHA 15K\/ <\/a><a href=\"https:\/\/rmvapesale.com\/lv\/product\/randm-vape-al-fakher-10000-puffs-vape-wholesale\/\">randm vape AI FAKHER 15k vape\/<\/a><a href=\"https:\/\/rmvapesale.com\/lv\/product\/randm-tornado-15000-puffs-15k-vape-recharge-fumot-original-vape-factory-price\/\">Fumot digital box Puff 12000<\/a><\/p>","protected":false},"excerpt":{"rendered":"<p class=\"LC20lb MBeuO DKV0Md\">Lab\u0101k\u0101 RandM Tornado Vape 9000 Puffs gar\u0161a<br \/>\nOri\u0123in\u0101l\u0101 Randm 9ooo Puffs Vape ier\u012bce<br \/>\nVairumtirdzniec\u012bbas cena RandM 9ooo Puffs Vape komplekts<br \/>\n<strong>Sazinieties ar Eimiju, lai sa\u0146emtu pareizo atbildi un liel\u0101ku atlaidi<\/strong><\/p>\n<p><img loading=\"lazy\" decoding=\"async\" class=\"size-medium wp-image-1814\" src=\"https:\/\/rmvapesale.com\/wp-content\/uploads\/2024\/04\/whatsapp-amy-229x300.jpg\" alt=\"whatsapp amy\" width=\"229\" height=\"300\" srcset=\"https:\/\/rmvapesale.com\/wp-content\/uploads\/2024\/04\/whatsapp-amy-229x300.jpg 229w, https:\/\/rmvapesale.com\/wp-content\/uploads\/2024\/04\/whatsapp-amy-783x1024.jpg 783w, https:\/\/rmvapesale.com\/wp-content\/uploads\/2024\/04\/whatsapp-amy-768x1005.jpg 768w, https:\/\/rmvapesale.com\/wp-content\/uploads\/2024\/04\/whatsapp-amy-600x785.jpg 600w, https:\/\/rmvapesale.com\/wp-content\/uploads\/2024\/04\/whatsapp-amy.jpg 990w\" sizes=\"auto, (max-width: 229px) 100vw, 229px\" \/><\/p>\n<h3><span style=\"color: #ff0000\"><strong>WhatsApp: +86 17776015835<\/strong><\/span><\/h3>","protected":false},"featured_media":1887,"comment_status":"open","ping_status":"closed","template":"","meta":{"_uag_custom_page_level_css":"","_lmt_disableupdate":"no","_lmt_disable":"","site-sidebar-layout":"default","site-content-layout":"content-boxed-container","ast-site-content-layout":"normal-width-container","site-content-style":"boxed","site-sidebar-style":"unboxed","ast-global-header-display":"","ast-banner-title-visibility":"","ast-main-header-display":"","ast-hfb-above-header-display":"","ast-hfb-below-header-display":"","ast-hfb-mobile-header-display":"","site-post-title":"","ast-breadcrumbs-content":"","ast-featured-img":"","footer-sml-layout":"","theme-transparent-header-meta":"default","adv-header-id-meta":"","stick-header-meta":"","header-above-stick-meta":"","header-main-stick-meta":"","header-below-stick-meta":"","astra-migrate-meta-layouts":"set","ast-page-background-enabled":"default","ast-page-background-meta":{"desktop":{"background-color":"var(--ast-global-color-4)","background-image":"","background-repeat":"repeat","background-position":"center center","background-size":"auto","background-attachment":"scroll","background-type":"","background-media":"","overlay-type":"","overlay-color":"","overlay-opacity":"","overlay-gradient":""},"tablet":{"background-color":"","background-image":"","background-repeat":"repeat","background-position":"center center","background-size":"auto","background-attachment":"scroll","background-type":"","background-media":"","overlay-type":"","overlay-color":"","overlay-opacity":"","overlay-gradient":""},"mobile":{"background-color":"","background-image":"","background-repeat":"repeat","background-position":"center center","background-size":"auto","background-attachment":"scroll","background-type":"","background-media":"","overlay-type":"","overlay-color":"","overlay-opacity":"","overlay-gradient":""}},"ast-content-background-meta":{"desktop":{"background-color":"var(--ast-global-color-5)","background-image":"","background-repeat":"repeat","background-position":"center center","background-size":"auto","background-attachment":"scroll","background-type":"","background-media":"","overlay-type":"","overlay-color":"","overlay-opacity":"","overlay-gradient":""},"tablet":{"background-color":"var(--ast-global-color-5)","background-image":"","background-repeat":"repeat","background-position":"center center","background-size":"auto","background-attachment":"scroll","background-type":"","background-media":"","overlay-type":"","overlay-color":"","overlay-opacity":"","overlay-gradient":""},"mobile":{"background-color":"var(--ast-global-color-5)","background-image":"","background-repeat":"repeat","background-position":"center center","background-size":"auto","background-attachment":"scroll","background-type":"","background-media":"","overlay-type":"","overlay-color":"","overlay-opacity":"","overlay-gradient":""}},"_joinchat":[]},"product_brand":[],"product_cat":[25,289,293,295,52,51,123,26,28,135,27,31,137,136,15,30],"product_tag":[47,39,40,41,38,37],"class_list":{"0":"post-1928","1":"product","2":"type-product","3":"status-publish","4":"has-post-thumbnail","6":"product_cat-germany-best-selling-vape","7":"product_cat-big-puffs-disposable-vapes","8":"product_cat-low-nicotine-disposable-vapes","9":"product_cat-rechargeable-disposable-vapes","10":"product_cat-9000-puffs-disposable-vapes","11":"product_cat-fumot-vape","12":"product_cat-italy-wholesale-vape","13":"product_cat-netherlands-hot-sale-vape","14":"product_cat-poland-hot-sale-vape","15":"product_cat-spain-best-hot-sale-vape","16":"product_cat-fance-hot-sale-vape","17":"product_cat-randm-fumot-vape","18":"product_cat-rechargeable-vapes","19":"product_cat-smart-screen-vapes","20":"product_cat-new-vape-this-week","21":"product_cat-minimum-order-quantity-50pcs","22":"product_tag-9000-puffs-vape","23":"product_tag-fumot-vape","24":"product_tag-hot-sale-vape","25":"product_tag-original-factory-vape","26":"product_tag-randm-vape","27":"product_tag-wholesale-vape-price","28":"desktop-align-left","29":"tablet-align-left","30":"mobile-align-left","32":"first","33":"instock","34":"sale","35":"shipping-taxable","36":"purchasable","37":"product-type-simple"},"uagb_featured_image_src":{"full":["https:\/\/rmvapesale.com\/wp-content\/uploads\/2024\/05\/RM-TORNADO-VAPE-DISPOSABEL-9000-PUFFS.png",600,600,false],"thumbnail":["https:\/\/rmvapesale.com\/wp-content\/uploads\/2024\/05\/RM-TORNADO-VAPE-DISPOSABEL-9000-PUFFS-150x150.png",150,150,true],"medium":["https:\/\/rmvapesale.com\/wp-content\/uploads\/2024\/05\/RM-TORNADO-VAPE-DISPOSABEL-9000-PUFFS-300x300.png",300,300,true],"medium_large":["https:\/\/rmvapesale.com\/wp-content\/uploads\/2024\/05\/RM-TORNADO-VAPE-DISPOSABEL-9000-PUFFS.png",600,600,false],"large":["https:\/\/rmvapesale.com\/wp-content\/uploads\/2024\/05\/RM-TORNADO-VAPE-DISPOSABEL-9000-PUFFS.png",600,600,false],"1536x1536":["https:\/\/rmvapesale.com\/wp-content\/uploads\/2024\/05\/RM-TORNADO-VAPE-DISPOSABEL-9000-PUFFS.png",600,600,false],"2048x2048":["https:\/\/rmvapesale.com\/wp-content\/uploads\/2024\/05\/RM-TORNADO-VAPE-DISPOSABEL-9000-PUFFS.png",600,600,false],"trp-custom-language-flag":["https:\/\/rmvapesale.com\/wp-content\/uploads\/2024\/05\/RM-TORNADO-VAPE-DISPOSABEL-9000-PUFFS.png",12,12,false],"woocommerce_thumbnail":["https:\/\/rmvapesale.com\/wp-content\/uploads\/2024\/05\/RM-TORNADO-VAPE-DISPOSABEL-9000-PUFFS-300x300.png",300,300,true],"woocommerce_single":["https:\/\/rmvapesale.com\/wp-content\/uploads\/2024\/05\/RM-TORNADO-VAPE-DISPOSABEL-9000-PUFFS.png",600,600,false],"woocommerce_gallery_thumbnail":["https:\/\/rmvapesale.com\/wp-content\/uploads\/2024\/05\/RM-TORNADO-VAPE-DISPOSABEL-9000-PUFFS-100x100.png",100,100,true],"wcpr-photo-reviews":["https:\/\/rmvapesale.com\/wp-content\/uploads\/2024\/05\/RM-TORNADO-VAPE-DISPOSABEL-9000-PUFFS.png",500,500,false]},"uagb_author_info":{"display_name":"AMY","author_link":"https:\/\/rmvapesale.com\/lv\/author\/"},"uagb_comment_info":0,"uagb_excerpt":"Best RandM Tornado Vape 9000 Puffs Flavor Original Randm 9ooo Puffs Vape Device Wholesale Price RandM 9ooo Puffs Vape Kit Contact Amy For Right Reply and More Discount WhatsApp: +86 17776015835","_links":{"self":[{"href":"https:\/\/rmvapesale.com\/lv\/wp-json\/wp\/v2\/product\/1928","targetHints":{"allow":["GET"]}}],"collection":[{"href":"https:\/\/rmvapesale.com\/lv\/wp-json\/wp\/v2\/product"}],"about":[{"href":"https:\/\/rmvapesale.com\/lv\/wp-json\/wp\/v2\/types\/product"}],"replies":[{"embeddable":true,"href":"https:\/\/rmvapesale.com\/lv\/wp-json\/wp\/v2\/comments?post=1928"}],"wp:featuredmedia":[{"embeddable":true,"href":"https:\/\/rmvapesale.com\/lv\/wp-json\/wp\/v2\/media\/1887"}],"wp:attachment":[{"href":"https:\/\/rmvapesale.com\/lv\/wp-json\/wp\/v2\/media?parent=1928"}],"wp:term":[{"taxonomy":"product_brand","embeddable":true,"href":"https:\/\/rmvapesale.com\/lv\/wp-json\/wp\/v2\/product_brand?post=1928"},{"taxonomy":"product_cat","embeddable":true,"href":"https:\/\/rmvapesale.com\/lv\/wp-json\/wp\/v2\/product_cat?post=1928"},{"taxonomy":"product_tag","embeddable":true,"href":"https:\/\/rmvapesale.com\/lv\/wp-json\/wp\/v2\/product_tag?post=1928"}],"curies":[{"name":"wp","href":"https:\/\/api.w.org\/{rel}","templated":true}]}}