{"id":1940,"date":"2024-08-27T07:55:11","date_gmt":"2024-08-27T07:55:11","guid":{"rendered":"https:\/\/rmvapesale.com\/?post_type=product&#038;p=1940"},"modified":"2024-11-04T09:58:31","modified_gmt":"2024-11-04T09:58:31","slug":"randm-tornado-15000-puffs-vape-wholesale","status":"publish","type":"product","link":"https:\/\/rmvapesale.com\/lv\/product\/randm-tornado-15000-puffs-vape-wholesale\/","title":{"rendered":"RandM Tornado 15000 dvesmas vape vairumtirdzniec\u012bba"},"content":{"rendered":"<h1>RandM Tornado 15000 dvesmas vape vairumtirdzniec\u012bba<\/h1>\n<p>Vienreiz\u0113j\u0101s lieto\u0161anas e-cigaretes k\u013c\u016bst arvien popul\u0101r\u0101kas ar pla\u0161o gar\u0161u kl\u0101stu un lieto\u0161anas vienk\u0101r\u0161\u012bbu. Mekl\u0113jat lab\u0101ko vienreiz\u0113j\u0101s lieto\u0161anas e-cigare\u0161u cenu? RandM Tornado 15000 ir \u013coti ieteicama t\u0101s iespaid\u012bgo funkciju d\u0113\u013c. Ier\u012bce ir apr\u012bkota ar 850 mAh uzl\u0101d\u0113jamu akumulatoru, kas nodro\u0161ina l\u012bdz pat 15000 dvesmu. \u0160eit, m\u016bsu veikal\u0101, j\u016bs varat ieg\u0101d\u0101ties RandM Tornado 15000 vairumtirdzniec\u012bbas cen\u0101.<\/p>\n<p>Tornado 15000 ir jauns dizains ar 850 mAh uzl\u0101d\u0113jamu akumulatoru, kas \u0101tri uzl\u0101d\u0113jas, izmantojot USB-C portu, nodro\u0161inot efekt\u012bvu uzl\u0101di. RandM Tornado 15000 vienreiz\u0113j\u0101s lieto\u0161anas e-cigaretes ir apr\u012bkotas ar sieta spir\u0101les tehnolo\u0123iju, t\u0101d\u0113j\u0101di nodro\u0161inot vienm\u0113r\u012bg\u0101ku un pat\u012bkam\u0101ku tvaic\u0113\u0161anas pieredzi vis\u0101s gar\u0161\u0101s.<\/p>\n<p>Vissvar\u012bg\u0101kais, ka RM 15000 ir patie\u0161\u0101m izmaksu zi\u0146\u0101 efekt\u012bva e-cigarete, ko ir v\u0113rts izm\u0113\u0123in\u0101t!<\/p>\n<p><strong>Sazinieties ar Eimiju, lai sa\u0146emtu pareizu atbildi un vairumtirdzniec\u012bbas cenu!<\/strong><\/p>\n<p><img loading=\"lazy\" decoding=\"async\" class=\"size-medium wp-image-1814\" src=\"https:\/\/rmvapesale.com\/wp-content\/uploads\/2024\/04\/whatsapp-amy-229x300.jpg\" alt=\"whatsapp amy\" width=\"229\" height=\"300\" srcset=\"https:\/\/rmvapesale.com\/wp-content\/uploads\/2024\/04\/whatsapp-amy-229x300.jpg 229w, https:\/\/rmvapesale.com\/wp-content\/uploads\/2024\/04\/whatsapp-amy-783x1024.jpg 783w, https:\/\/rmvapesale.com\/wp-content\/uploads\/2024\/04\/whatsapp-amy-768x1005.jpg 768w, https:\/\/rmvapesale.com\/wp-content\/uploads\/2024\/04\/whatsapp-amy-600x785.jpg 600w, https:\/\/rmvapesale.com\/wp-content\/uploads\/2024\/04\/whatsapp-amy.jpg 990w\" sizes=\"auto, (max-width: 229px) 100vw, 229px\" \/><\/p>\n<h2><strong>Kas padara FUMOT RandM Tornado 15000 par unik\u0101lu vienreiz\u0113j\u0101s lieto\u0161anas e-cigareti?<\/strong><\/h2>\n<p>Ar super specifik\u0101ciju, RANDM VAPE 15K TORNADO Original izce\u013cas k\u0101 viena no tirg\u016b liel\u0101k\u0101s ietilp\u012bbas vienreiz\u0113j\u0101s lieto\u0161anas e-cigaret\u0113m.<\/p>\n<p>Nikot\u012bna satura iesp\u0113jas: 0%, 2%, 3% un 5%<br \/>\nL\u012bdz 15000 uzp\u016btieniem<br \/>\nIepriek\u0161 piepild\u012bts ar 25 ml e-\u0161\u0137idruma<br \/>\n850 mAh uzl\u0101d\u0113jams akumulators<br \/>\n0,9\u03a9 t\u012bkla spole<br \/>\nPieejamas 41 gar\u0161as<\/p>\n<h2><strong>K\u0101da ir lab\u0101k\u0101 gar\u0161a RandM Tornado 15k e-cigaret\u0113m?<\/strong><\/h2>\n<p>Mr blue neap\u0161aub\u0101mi ir vispopul\u0101r\u0101k\u0101 gar\u0161a RandM Tornado 15000, jums noteikti vajadz\u0113tu to izm\u0113\u0123in\u0101t!<\/p>\n<p>RandM Tornado 15000 nodro\u0161ina kopum\u0101 41 pieejamu gar\u0161u j\u016bsu izv\u0113lei, ir kaut kas ikvienam.<\/p>\n<p>1 Zilo ave\u0146u limon\u0101de<br \/>\n2 Persiku ledus<br \/>\n3 Sk\u0101bs \u0101bols<br \/>\n4 Arb\u016bzu ledus<br \/>\n5 Melle\u0146u ledus<br \/>\n6 Melle\u0146u ave\u0146u<br \/>\n7 Anan\u0101su ledus<br \/>\n8 \u0136ir\u0161u<br \/>\n9 Zeme\u0146u ledus<br \/>\n10 Vimto<br \/>\n11 V\u012bnogu ledus<br \/>\n12 Cola Ice<br \/>\n13 Zeme\u0146u Arb\u016bzs<br \/>\n14 Roz\u0101 limon\u0101de<br \/>\n15 Jaukti ogu<br \/>\n16 Persiku Mango<br \/>\n17.P\u016b\u0137a auglis<br \/>\n18.Zeme\u0146u v\u012bnogas<br \/>\n19.Mr blue<br \/>\n20. Sul\u012bgs ledus<br \/>\n21.Ledus pop<br \/>\n22.Zeme\u0146u kivi<br \/>\n23.Kivi marakujas gvajava<br \/>\n24.Tr\u012bsk\u0101r\u0161as ogas<br \/>\n25.Bananu ledus<br \/>\n26.Persiku melle\u0146u konfekte<br \/>\n27. \u0100bolu persiku bumbieris<br \/>\n28. Ogu limon\u0101de<br \/>\n29. Zilo ave\u0146u \u0137irsis<br \/>\n30. Melle\u0146u ko\u0161\u013c\u0101jam\u0101 gumija<br \/>\n31. Melle\u0146u \u0137ir\u0161u dz\u0113rvenes<br \/>\n32. Melle\u0146u gran\u0101t\u0101bols<br \/>\n33. Zili sk\u0101ba ave\u0146u<br \/>\n34. \u0136ir\u0161u kola<br \/>\n35.L\u0101c\u012btis Gumijl\u0101cis<br \/>\n36. Citrons<br \/>\n37.Mango uz ledus<br \/>\n38. Sarkana ener\u0123ija ar ledu<br \/>\n39. Zeme\u0146u ban\u0101ns<br \/>\n40. Zeme\u0146u Red Bull<br \/>\n41. Zeme\u0146u arb\u016bzu limon\u0101de<\/p>\n<h2><strong>Jaut\u0101jumi, kas jums var\u0113tu rasties par RandM Tornado 15000 e-cigaret\u0113m<\/strong><\/h2>\n<p>&nbsp;<\/p>\n<h3>Q1. Kas ir RM Tornado 15000 Puffs Vape Original?<\/h3>\n<p>A: RANDM VAPE 15K TORNADO Original ir vienreiz\u0113j\u0101s lieto\u0161anas e-cigare\u0161u ier\u012bce, kas paredz\u0113ta ilgsto\u0161\u0101m tvaic\u0113\u0161anas sesij\u0101m. T\u0101 ir nosaukta par t\u0101s iespaid\u012bgo 15000 dvesmu ietilp\u012bbu.<\/p>\n<h3>Q2. Kur\u0161 ra\u017eo RandM Tornado 15k Puffs Vape Genuine?<\/h3>\n<p>RANDM VAPE 15K TORNADO Genuine ra\u017eo Shenzhen Fumot Technology, vado\u0161ais uz\u0146\u0113mums vap\u0113\u0161anas nozar\u0113, kas paz\u012bstams ar saviem inovat\u012bvajiem produktiem.<\/p>\n<h3>Q3. Cik ilgi darbojas Authentic RandM Tornado 15K Vape?<\/h3>\n<p>RANDM VAPE 15K TORNADO Authentic ir ieb\u016bv\u0113ts akumulators ar 850 mAh ietilp\u012bbu, kas nodro\u0161ina ilg\u0101ku lieto\u0161anu ar vienu uzl\u0101di. Prec\u012bzs akumulatora darb\u012bbas laiks ir atkar\u012bgs no individu\u0101liem lieto\u0161anas paradumiem.<\/p>\n<h3>Q4. Vai Fumot RandM Tornado 15000 Puffs Vape Original ir uzl\u0101d\u0113jama?<\/h3>\n<p><span style=\"font-size: 16px\">A: N\u0113, RANDM VAPE 15K TORNADO Original ir apr\u012bkota ar uzl\u0101d\u0113jamu akumulatoru, kas noz\u012bm\u0113, ka t\u0101 ir uzl\u0101d\u0113jama.<\/span><\/p>\n<h3>Q5. K\u0101 es varu ieg\u0101d\u0101ties Fumot RandM Tornado 15000 Puffs Vape Genuine?<\/h3>\n<p>A: RANDM VAPE 15K TORNADO Genuine ir pieejams ieg\u0101dei pie autoriz\u0113tiem izplat\u012bt\u0101jiem. Par vairumtirdzniec\u012bbas jaut\u0101jumiem izplat\u012bt\u0101ji var <a href=\"https:\/\/wa.me\/8617776015835\" target=\"_blank\" rel=\"noopener\">sazin\u0101ties ar mums<\/a> tie\u0161i. Mazumtirdzniec\u012bbas klienti var atrast produktu atsevi\u0161\u0137os mazumtirgot\u0101jos vai tie\u0161saistes veikalos.<\/p>\n<p><strong>Pieg\u0101des inform\u0101cija:<\/strong><br \/>\nRa\u017eo\u0161anas laiks: 5-10 darba dienas<br \/>\nPieg\u0101des laiks: 8-14 darba dienas<\/p>\n<p>Visi m\u016bsu veikala produkti ir 100% ori\u0123in\u0101li un autentiski, t\u0101p\u0113c desmitk\u0101rt\u012bga kompens\u0101cija par viltot\u0101m prec\u0113m ir m\u016bsu veikala politika. M\u0113s izmantojam t\u0101dus lo\u0123istikas kan\u0101lus k\u0101 UPS\/DHL\/FEDEX\/DPD, lai pieg\u0101d\u0101tu preces jums.<\/p>\n<p>Pieg\u0101de uz Latviju parasti ilgst 10 darba dienas. Pieg\u0101de uz Eiropas valst\u012bm parasti ilgst aptuveni 12-15 darba dienas. M\u0113s jums atjaunin\u0101sim lo\u0123istikas inform\u0101ciju re\u0101llaik\u0101.<\/p>\n<p>Atrodiet vair\u0101k Vape produktu, kas jums var\u0113tu patikt:<em><a href=\"https:\/\/rmvapesale.com\/lv\/shop-2\/\">Iep\u0113rcieties tagad\u00a0<\/a><\/em><\/p>\n<p>citi karstie vape, kas jums var\u0113tu patikt:<\/p>\n<p><a href=\"https:\/\/rmvapesale.com\/lv\/product\/randm-vape-al-fakher-10000-puffs-vape-wholesale\/\">randm vape AI FAKHER 15k vape<\/a><\/p>\n<p><a href=\"https:\/\/rmvapesale.com\/lv\/product\/original-randm-tornado-9000-puffs-disposable-vape-factory-price\/\">RandM Tornado 9000<\/a><\/p>","protected":false},"excerpt":{"rendered":"<p>Fumot Tornado 15000 VAPE vairumtirdzniec\u012bbas cena<br \/>\nORI\u0122IN\u0100LS RandM Tornado 15000 R\u016bpn\u012bcas vairumtirdzniec\u012bba noliktav\u0101<br \/>\n\u012asts RANDM Vape FUMOT TORNADO 15000 Atlaides cena<\/p>\n<p><strong>Sazinieties ar Eimiju, lai sa\u0146emtu vair\u0101k atlai\u017eu un zem\u0101ku minim\u0101lo pas\u016bt\u012bjuma daudzumu<\/strong><\/p>\n<p><img loading=\"lazy\" decoding=\"async\" class=\"size-medium wp-image-1814\" src=\"https:\/\/rmvapesale.com\/wp-content\/uploads\/2024\/04\/whatsapp-amy-229x300.jpg\" alt=\"whatsapp amy\" width=\"229\" height=\"300\" srcset=\"https:\/\/rmvapesale.com\/wp-content\/uploads\/2024\/04\/whatsapp-amy-229x300.jpg 229w, https:\/\/rmvapesale.com\/wp-content\/uploads\/2024\/04\/whatsapp-amy-783x1024.jpg 783w, https:\/\/rmvapesale.com\/wp-content\/uploads\/2024\/04\/whatsapp-amy-768x1005.jpg 768w, https:\/\/rmvapesale.com\/wp-content\/uploads\/2024\/04\/whatsapp-amy-600x785.jpg 600w, https:\/\/rmvapesale.com\/wp-content\/uploads\/2024\/04\/whatsapp-amy.jpg 990w\" sizes=\"auto, (max-width: 229px) 100vw, 229px\" \/><\/p>\n<h3><span style=\"color: #ff0000\"><strong>WhatsApp: +86 17776015835<\/strong><\/span><\/h3>","protected":false},"featured_media":1937,"comment_status":"open","ping_status":"closed","template":"","meta":{"_uag_custom_page_level_css":"","_lmt_disableupdate":"no","_lmt_disable":"","site-sidebar-layout":"default","site-content-layout":"content-boxed-container","ast-site-content-layout":"normal-width-container","site-content-style":"boxed","site-sidebar-style":"unboxed","ast-global-header-display":"","ast-banner-title-visibility":"","ast-main-header-display":"","ast-hfb-above-header-display":"","ast-hfb-below-header-display":"","ast-hfb-mobile-header-display":"","site-post-title":"","ast-breadcrumbs-content":"","ast-featured-img":"","footer-sml-layout":"","theme-transparent-header-meta":"default","adv-header-id-meta":"","stick-header-meta":"","header-above-stick-meta":"","header-main-stick-meta":"","header-below-stick-meta":"","astra-migrate-meta-layouts":"set","ast-page-background-enabled":"default","ast-page-background-meta":{"desktop":{"background-color":"var(--ast-global-color-4)","background-image":"","background-repeat":"repeat","background-position":"center center","background-size":"auto","background-attachment":"scroll","background-type":"","background-media":"","overlay-type":"","overlay-color":"","overlay-opacity":"","overlay-gradient":""},"tablet":{"background-color":"","background-image":"","background-repeat":"repeat","background-position":"center center","background-size":"auto","background-attachment":"scroll","background-type":"","background-media":"","overlay-type":"","overlay-color":"","overlay-opacity":"","overlay-gradient":""},"mobile":{"background-color":"","background-image":"","background-repeat":"repeat","background-position":"center center","background-size":"auto","background-attachment":"scroll","background-type":"","background-media":"","overlay-type":"","overlay-color":"","overlay-opacity":"","overlay-gradient":""}},"ast-content-background-meta":{"desktop":{"background-color":"var(--ast-global-color-5)","background-image":"","background-repeat":"repeat","background-position":"center center","background-size":"auto","background-attachment":"scroll","background-type":"","background-media":"","overlay-type":"","overlay-color":"","overlay-opacity":"","overlay-gradient":""},"tablet":{"background-color":"var(--ast-global-color-5)","background-image":"","background-repeat":"repeat","background-position":"center center","background-size":"auto","background-attachment":"scroll","background-type":"","background-media":"","overlay-type":"","overlay-color":"","overlay-opacity":"","overlay-gradient":""},"mobile":{"background-color":"var(--ast-global-color-5)","background-image":"","background-repeat":"repeat","background-position":"center center","background-size":"auto","background-attachment":"scroll","background-type":"","background-media":"","overlay-type":"","overlay-color":"","overlay-opacity":"","overlay-gradient":""}},"_joinchat":[]},"product_brand":[],"product_cat":[25,51,195,26,28,27,31,137,136,15,30],"product_tag":[44,39,40,41,38,37],"class_list":{"0":"post-1940","1":"product","2":"type-product","3":"status-publish","4":"has-post-thumbnail","6":"product_cat-germany-best-selling-vape","7":"product_cat-fumot-vape","8":"product_cat-germany-warehouse","9":"product_cat-netherlands-hot-sale-vape","10":"product_cat-poland-hot-sale-vape","11":"product_cat-fance-hot-sale-vape","12":"product_cat-randm-fumot-vape","13":"product_cat-rechargeable-vapes","14":"product_cat-smart-screen-vapes","15":"product_cat-new-vape-this-week","16":"product_cat-minimum-order-quantity-50pcs","17":"product_tag-15k-puffs-15000-vape-wholesale","18":"product_tag-fumot-vape","19":"product_tag-hot-sale-vape","20":"product_tag-original-factory-vape","21":"product_tag-randm-vape","22":"product_tag-wholesale-vape-price","23":"desktop-align-left","24":"tablet-align-left","25":"mobile-align-left","27":"first","28":"instock","29":"sale","30":"shipping-taxable","31":"purchasable","32":"product-type-simple"},"uagb_featured_image_src":{"full":["https:\/\/rmvapesale.com\/wp-content\/uploads\/2024\/08\/RandM-Tornado-15000-Wholesale-Blue-Razz-Lemonade.jpg",800,800,false],"thumbnail":["https:\/\/rmvapesale.com\/wp-content\/uploads\/2024\/08\/RandM-Tornado-15000-Wholesale-Blue-Razz-Lemonade-150x150.jpg",150,150,true],"medium":["https:\/\/rmvapesale.com\/wp-content\/uploads\/2024\/08\/RandM-Tornado-15000-Wholesale-Blue-Razz-Lemonade-300x300.jpg",300,300,true],"medium_large":["https:\/\/rmvapesale.com\/wp-content\/uploads\/2024\/08\/RandM-Tornado-15000-Wholesale-Blue-Razz-Lemonade-768x768.jpg",768,768,true],"large":["https:\/\/rmvapesale.com\/wp-content\/uploads\/2024\/08\/RandM-Tornado-15000-Wholesale-Blue-Razz-Lemonade.jpg",800,800,false],"1536x1536":["https:\/\/rmvapesale.com\/wp-content\/uploads\/2024\/08\/RandM-Tornado-15000-Wholesale-Blue-Razz-Lemonade.jpg",800,800,false],"2048x2048":["https:\/\/rmvapesale.com\/wp-content\/uploads\/2024\/08\/RandM-Tornado-15000-Wholesale-Blue-Razz-Lemonade.jpg",800,800,false],"trp-custom-language-flag":["https:\/\/rmvapesale.com\/wp-content\/uploads\/2024\/08\/RandM-Tornado-15000-Wholesale-Blue-Razz-Lemonade.jpg",12,12,false],"woocommerce_thumbnail":["https:\/\/rmvapesale.com\/wp-content\/uploads\/2024\/08\/RandM-Tornado-15000-Wholesale-Blue-Razz-Lemonade-300x300.jpg",300,300,true],"woocommerce_single":["https:\/\/rmvapesale.com\/wp-content\/uploads\/2024\/08\/RandM-Tornado-15000-Wholesale-Blue-Razz-Lemonade-600x600.jpg",600,600,true],"woocommerce_gallery_thumbnail":["https:\/\/rmvapesale.com\/wp-content\/uploads\/2024\/08\/RandM-Tornado-15000-Wholesale-Blue-Razz-Lemonade-100x100.jpg",100,100,true],"wcpr-photo-reviews":["https:\/\/rmvapesale.com\/wp-content\/uploads\/2024\/08\/RandM-Tornado-15000-Wholesale-Blue-Razz-Lemonade.jpg",500,500,false]},"uagb_author_info":{"display_name":"AMY","author_link":"https:\/\/rmvapesale.com\/lv\/author\/"},"uagb_comment_info":0,"uagb_excerpt":"Fumot Tornado 15000 VAPE Wholesale Price ORIGINAL RandM Tornado 15000 Factory Wholesale in Stock Genuine RANDM Vape FUMOT TORNADO 15000 Discount Price Contact Amy For More Discount And Lower MOQ Vape WhatsApp: +86 17776015835","_links":{"self":[{"href":"https:\/\/rmvapesale.com\/lv\/wp-json\/wp\/v2\/product\/1940","targetHints":{"allow":["GET"]}}],"collection":[{"href":"https:\/\/rmvapesale.com\/lv\/wp-json\/wp\/v2\/product"}],"about":[{"href":"https:\/\/rmvapesale.com\/lv\/wp-json\/wp\/v2\/types\/product"}],"replies":[{"embeddable":true,"href":"https:\/\/rmvapesale.com\/lv\/wp-json\/wp\/v2\/comments?post=1940"}],"wp:featuredmedia":[{"embeddable":true,"href":"https:\/\/rmvapesale.com\/lv\/wp-json\/wp\/v2\/media\/1937"}],"wp:attachment":[{"href":"https:\/\/rmvapesale.com\/lv\/wp-json\/wp\/v2\/media?parent=1940"}],"wp:term":[{"taxonomy":"product_brand","embeddable":true,"href":"https:\/\/rmvapesale.com\/lv\/wp-json\/wp\/v2\/product_brand?post=1940"},{"taxonomy":"product_cat","embeddable":true,"href":"https:\/\/rmvapesale.com\/lv\/wp-json\/wp\/v2\/product_cat?post=1940"},{"taxonomy":"product_tag","embeddable":true,"href":"https:\/\/rmvapesale.com\/lv\/wp-json\/wp\/v2\/product_tag?post=1940"}],"curies":[{"name":"wp","href":"https:\/\/api.w.org\/{rel}","templated":true}]}}