{"id":1950,"date":"2024-09-05T08:27:17","date_gmt":"2024-09-05T08:27:17","guid":{"rendered":"https:\/\/rmvapesale.com\/?post_type=product&#038;p=1950"},"modified":"2025-01-20T03:43:06","modified_gmt":"2025-01-20T03:43:06","slug":"bang-30k-puffs-disposable-vape-double-taste-wholesale-italy","status":"publish","type":"product","link":"https:\/\/rmvapesale.com\/lv\/product\/bang-30k-puffs-disposable-vape-double-taste-wholesale-italy\/","title":{"rendered":"Bang 30k Puffs vienreiz\u0113j\u0101s lieto\u0161anas veips ar dubultu gar\u0161u, vairumtirdzniec\u012bba, Latvija"},"content":{"rendered":"<h1>Bang 30k Puffs vienreiz\u0113j\u0101s lieto\u0161anas veips ar dubultu gar\u0161u, vairumtirdzniec\u012bba, Latvija<\/h1>\n<p>Bang 30000 30k Puffs divk\u0101r\u0161\u0101s gar\u0161as vienreiz\u0113j\u0101s lieto\u0161anas vape ir izcila ier\u012bce, kas izstr\u0101d\u0101ta izcilai tvaic\u0113\u0161anas pieredzei. Ar iespaid\u012bgiem 30 000 uzp\u016btieniem tas pied\u0101v\u0101 nep\u0101rsp\u0113jamu ilgm\u016b\u017e\u012bbu un \u0113rt\u012bbas. Apr\u012bkots ar 1,0 omu sieta spoli, tas nodro\u0161ina vienm\u0113r\u012bgus un konsekventus tvaikus, uzlabojot gar\u0161u ar katru uzp\u016btienu. T\u0101 36 ml e-\u0161\u0137idruma ietilp\u012bba nodro\u0161ina ilgsto\u0161u lieto\u0161anu bez bie\u017eas uzpild\u012b\u0161anas. Izv\u0113lieties nikot\u012bna l\u012bmeni 0%, 2%, 3% vai 5%, lai tas atbilstu j\u016bsu v\u0113lm\u0113m.<\/p>\n<p>550 mAh akumulators nodro\u0161ina uzticamu darb\u012bbu, savuk\u0101rt C tipa uzl\u0101des funkcija nodro\u0161ina \u0101tru un efekt\u012bvu uzl\u0101di. Uzlabotais LCD displejs inform\u0113 j\u016bs par akumulatora darb\u012bbas laiku un e-\u0161\u0137idruma l\u012bmeni, nodro\u0161inot vienm\u0113r\u012bgu pieredzi.<\/p>\n<p>Bang 30000 puffs lepojas ar\u012b ar Double Taste funkcionalit\u0101ti, kas \u013cauj p\u0101rsl\u0113gties starp div\u0101m at\u0161\u0137ir\u012bg\u0101m gar\u0161\u0101m daudzpus\u012bgai tvaic\u0113\u0161anas sesijai. Ide\u0101li piem\u0113rots gan ies\u0101c\u0113jiem, gan pieredz\u0113ju\u0161iem tvaic\u0113t\u0101jiem, tas apvieno lielu ietilp\u012bbu, lieto\u0161anas vienk\u0101r\u0161\u012bbu un progres\u012bvas tehnolo\u0123ijas, lai nodro\u0161in\u0101tu izcilu tvaic\u0113\u0161anas pieredzi.<\/p>\n<p><strong>Sazinieties ar Eimiju, lai sa\u0146emtu pareizu atbildi un vairumtirdzniec\u012bbas cenu!<\/strong><\/p>\n<p><img loading=\"lazy\" decoding=\"async\" class=\"size-medium wp-image-1814\" src=\"https:\/\/rmvapesale.com\/wp-content\/uploads\/2024\/04\/whatsapp-amy-229x300.jpg\" alt=\"whatsapp amy\" width=\"229\" height=\"300\" srcset=\"https:\/\/rmvapesale.com\/wp-content\/uploads\/2024\/04\/whatsapp-amy-229x300.jpg 229w, https:\/\/rmvapesale.com\/wp-content\/uploads\/2024\/04\/whatsapp-amy-783x1024.jpg 783w, https:\/\/rmvapesale.com\/wp-content\/uploads\/2024\/04\/whatsapp-amy-768x1005.jpg 768w, https:\/\/rmvapesale.com\/wp-content\/uploads\/2024\/04\/whatsapp-amy-600x785.jpg 600w, https:\/\/rmvapesale.com\/wp-content\/uploads\/2024\/04\/whatsapp-amy.jpg 990w\" sizes=\"auto, (max-width: 229px) 100vw, 229px\" \/><\/p>\n<h2><strong>Kas padara Bang 30000 Puffs par<\/strong><strong>\u00a0vislab\u0101k p\u0101rdoto vienreiz\u0113j\u0101s lieto\u0161anas vape?<\/strong><\/h2>\n<p>Autentiskais Bang 30000 Puffs Double Taste vienreiz\u0113j\u0101s lieto\u0161anas vape ar savu super specifik\u0101ciju izce\u013cas k\u0101 viens no liel\u0101k\u0101s ietilp\u012bbas vienreiz\u0113j\u0101s lieto\u0161anas vape tirg\u016b.<\/p>\n<p>Puffs: 30000puffs<br \/>\nSerde: sieta spole 1,0 omi<br \/>\nE-\u0161\u0137idrums: 36 ml<br \/>\nNikot\u012bns: 0%\/2%\/3%\/5%<br \/>\nAkumulators: 550mAh<br \/>\nUzl\u0101d\u0113jams: C tips<br \/>\nLCD digit\u0101lais displejs<br \/>\nDubulta Gar\u0161a<\/p>\n<h2><strong>K\u0101da ir lab\u0101k\u0101 gar\u0161a priek\u0161 <\/strong><strong>Bang 30k <\/strong><strong>dvesienu vape?<\/strong><\/h2>\n<p>melle\u0146u ave\u0146u<\/p>\n<p>\u0160is Bang 30000 Vape pied\u0101v\u0101 kopum\u0101 12 pieejam\u0101s gar\u0161as, lai j\u016bs var\u0113tu izv\u0113l\u0113ties, noteikti atrad\u012bsiet kaut ko sev.<\/p>\n<p>1.arb\u016bzu ledus<br \/>\n2.arb\u016bzu ledus<br \/>\n3.zeme\u0146u arb\u016bzs<br \/>\n4.zemenes un arb\u016bzs<br \/>\n5.melle\u0146u ledus<br \/>\n6.melle\u0146u ledus<br \/>\n7.red bull<br \/>\n8.red bull<br \/>\n9.melle\u0146u ave\u0146u<br \/>\n10.melle\u0146u ave\u0146u<br \/>\n11.zeme\u0146u kivi<br \/>\n12.zeme\u0146u kivi<\/p>\n<h2><strong>Jaut\u0101jumi, kurus j\u016bs var\u0113tu v\u0113l\u0113ties uzzin\u0101t par Bang 30000 vienreiz\u0113j\u0101s lieto\u0161anas Vape<\/strong><\/h2>\n<h3>Q1. Kas ir Bang30k Puffs Vape?<\/h3>\n<p>A: Bang 30k Puffs Original ir vienreiz\u0113j\u0101s lieto\u0161anas iztvaic\u0113t\u0101js, kas paredz\u0113ts ilgsto\u0161\u0101m iztvaic\u0113\u0161anas sesij\u0101m. Tas ir nosaukts p\u0113c t\u0101 iespaid\u012bg\u0101s 15 000 uzp\u016btienu ietilp\u012bbas.<\/p>\n<h3>Q2. Cik ilgi kalpo Authentic BangKing 30000 Puffs 15K Vape?<\/h3>\n<p>A: Bang 30k Puffs Authentic ir ieb\u016bv\u0113ts akumulators ar 550 mAh ietilp\u012bbu, kas nodro\u0161ina ilg\u0101ku lieto\u0161anu ar vienu uzl\u0101di. Bet prec\u012bzs akumulatora darb\u012bbas laiks ir atkar\u012bgs no individu\u0101liem lieto\u0161anas paradumiem.<\/p>\n<h3>Q3. Vai Bang 30000 Vape Original ir uzl\u0101d\u0113jams?<\/h3>\n<p><span style=\"font-size: 16px\">A: J\u0101, Bang 30k Puffs Original ir apr\u012bkots ar uzl\u0101d\u0113jamu akumulatoru, kas noz\u012bm\u0113, ka to var uzl\u0101d\u0113t un baud\u012bt l\u012bdz p\u0113d\u0113jam pilienam.<\/span><\/p>\n<h3>Q4. Kur es varu ieg\u0101d\u0101ties Genuine Bang 30000 Puffs Vape?<\/h3>\n<p>A: Bang 30k Puffs Genuine ir pieejams ieg\u0101dei pie pilnvarotiem izplat\u012bt\u0101jiem. Vairumtirdzniec\u012bbas piepras\u012bjumiem izplat\u012bt\u0101ji var <a href=\"https:\/\/wa.me\/8617776015835\" target=\"_blank\" rel=\"noopener\">sazin\u0101ties ar mums<\/a> tie\u0161i. Mazumtirdzniec\u012bbas klienti var atrast produktu atsevi\u0161\u0137os mazumtirgot\u0101jos vai tie\u0161saistes veikalos. Visi produkti m\u016bsu veikal\u0101 ir 100% ori\u0123in\u0101li un autentiski, t\u0101p\u0113c desmitk\u0101rt\u012bga kompens\u0101cija par viltot\u0101m prec\u0113m ir m\u016bsu veikala politika.<\/p>\n<p>&nbsp;<\/p>\n<p><strong>Pieg\u0101des inform\u0101cija:<\/strong><\/p>\n<div class=\"flex-shrink-0 flex flex-col relative items-end\">\n<div>\n<div class=\"pt-0\">\n<div class=\"gizmo-bot-avatar flex h-8 w-8 items-center justify-center overflow-hidden rounded-full\">\n<div class=\"relative p-1 rounded-sm flex items-center justify-center bg-token-main-surface-primary text-token-text-primary h-8 w-8\"><strong>K\u0101das pieg\u0101des metodes tiek izmantotas?<\/strong><\/div>\n<\/div>\n<\/div>\n<\/div>\n<\/div>\n<div class=\"group\/conversation-turn relative flex w-full min-w-0 flex-col agent-turn\">\n<div class=\"flex-col gap-1 md:gap-3\">\n<div class=\"flex max-w-full flex-col flex-grow\">\n<div class=\"min-h-[20px] text-message flex w-full flex-col items-end gap-2 whitespace-normal break-words [.text-message+&amp;]:mt-5 overflow-x-auto\" dir=\"auto\" data-message-author-role=\"assistant\" data-message-id=\"22f8283b-3233-46ff-89a5-c7a41b33abda\">\n<div class=\"flex w-full flex-col gap-1 empty:hidden first:pt-[3px]\">\n<div class=\"markdown prose w-full break-words dark:prose-invert light\">\n<p>M\u0113s sadarbojamies ar UPS, DHL, FedEx, DPD un citiem vado\u0161ajiem p\u0101rvad\u0101t\u0101jiem. M\u0113s izv\u0113l\u0113simies lab\u0101ko pieg\u0101des veidu, pamatojoties uz j\u016bsu pieg\u0101des vietu, lai nodro\u0161in\u0101tu, ka j\u016bs sa\u0146emat savus produktus p\u0113c iesp\u0113jas \u0101tr\u0101k.<\/p>\n<\/div>\n<p><strong>Cik ilgs laiks paiet, l\u012bdz tas tiek pieg\u0101d\u0101ts?<\/strong><\/p>\n<p>Pieg\u0101des uz Latviju parasti ierodas 10 darba dienu laik\u0101. Pieg\u0101de uz Eiropas valst\u012bm parasti aiz\u0146em apm\u0113ram 12-15 darba dienas. M\u0113s nodro\u0161in\u0101sim re\u0101llaika atjaunin\u0101jumus par j\u016bsu pieg\u0101des statusu.<\/p>\n<p>&nbsp;<\/p>\n<\/div>\n<\/div>\n<\/div>\n<\/div>\n<\/div>\n<p>Atrodiet vair\u0101k Vape produktu, kas jums var\u0113tu patikt:<em><a href=\"https:\/\/rmvapesale.com\/lv\/shop-2\/\">Iep\u0113rcieties tagad\u00a0<\/a><\/em><\/p>\n<p>citi karstie vape, kas jums var\u0113tu patikt:<\/p>\n<p><a href=\"https:\/\/rmvapesale.com\/lv\/product\/randm-vape-al-fakher-10000-puffs-vape-wholesale\/\">randm vape AI FAKHER 15k vape<\/a><\/p>\n<p><a href=\"https:\/\/rmvapesale.com\/lv\/product\/original-randm-tornado-9000-puffs-disposable-vape-factory-price\/\">RandM Tornado 9000<\/a><\/p>","protected":false},"excerpt":{"rendered":"<p>Bang 30000 30k Puffs divk\u0101r\u0161\u0101s gar\u0161as vienreiz\u0113j\u0101s lieto\u0161anas vape vairumtirdzniec\u012bbas cena<br \/>\nORI\u0122IN\u0100LS Bang 30000 Puffs vienreiz\u0113j\u0101s lieto\u0161anas vape r\u016bpn\u012bcas vairumtirdzniec\u012bba noliktav\u0101<br \/>\nBANG 30000 dubult\u0101 gar\u0161a 30K vienreiz\u0113j\u0101s lieto\u0161anas vape atlai\u017eu cena<\/p>\n<p><strong>Sazinieties ar Eimiju, lai sa\u0146emtu vair\u0101k atlai\u017eu un zem\u0101ku minim\u0101lo pas\u016bt\u012bjuma daudzumu<\/strong><\/p>\n<p><img loading=\"lazy\" decoding=\"async\" class=\"size-medium wp-image-1814\" src=\"https:\/\/rmvapesale.com\/wp-content\/uploads\/2024\/04\/whatsapp-amy-229x300.jpg\" alt=\"whatsapp amy\" width=\"229\" height=\"300\" srcset=\"https:\/\/rmvapesale.com\/wp-content\/uploads\/2024\/04\/whatsapp-amy-229x300.jpg 229w, https:\/\/rmvapesale.com\/wp-content\/uploads\/2024\/04\/whatsapp-amy-783x1024.jpg 783w, https:\/\/rmvapesale.com\/wp-content\/uploads\/2024\/04\/whatsapp-amy-768x1005.jpg 768w, https:\/\/rmvapesale.com\/wp-content\/uploads\/2024\/04\/whatsapp-amy-600x785.jpg 600w, https:\/\/rmvapesale.com\/wp-content\/uploads\/2024\/04\/whatsapp-amy.jpg 990w\" sizes=\"auto, (max-width: 229px) 100vw, 229px\" \/><\/p>\n<h3><span style=\"color: #ff0000\"><strong>WhatsApp: +86 17776015835<\/strong><\/span><\/h3>","protected":false},"featured_media":1951,"comment_status":"open","ping_status":"closed","template":"","meta":{"_uag_custom_page_level_css":"","_lmt_disableupdate":"no","_lmt_disable":"","site-sidebar-layout":"default","site-content-layout":"content-boxed-container","ast-site-content-layout":"normal-width-container","site-content-style":"boxed","site-sidebar-style":"unboxed","ast-global-header-display":"","ast-banner-title-visibility":"","ast-main-header-display":"","ast-hfb-above-header-display":"","ast-hfb-below-header-display":"","ast-hfb-mobile-header-display":"","site-post-title":"","ast-breadcrumbs-content":"","ast-featured-img":"","footer-sml-layout":"","theme-transparent-header-meta":"default","adv-header-id-meta":"","stick-header-meta":"","header-above-stick-meta":"","header-main-stick-meta":"","header-below-stick-meta":"","astra-migrate-meta-layouts":"set","ast-page-background-enabled":"default","ast-page-background-meta":{"desktop":{"background-color":"var(--ast-global-color-4)","background-image":"","background-repeat":"repeat","background-position":"center center","background-size":"auto","background-attachment":"scroll","background-type":"","background-media":"","overlay-type":"","overlay-color":"","overlay-opacity":"","overlay-gradient":""},"tablet":{"background-color":"","background-image":"","background-repeat":"repeat","background-position":"center center","background-size":"auto","background-attachment":"scroll","background-type":"","background-media":"","overlay-type":"","overlay-color":"","overlay-opacity":"","overlay-gradient":""},"mobile":{"background-color":"","background-image":"","background-repeat":"repeat","background-position":"center center","background-size":"auto","background-attachment":"scroll","background-type":"","background-media":"","overlay-type":"","overlay-color":"","overlay-opacity":"","overlay-gradient":""}},"ast-content-background-meta":{"desktop":{"background-color":"var(--ast-global-color-5)","background-image":"","background-repeat":"repeat","background-position":"center center","background-size":"auto","background-attachment":"scroll","background-type":"","background-media":"","overlay-type":"","overlay-color":"","overlay-opacity":"","overlay-gradient":""},"tablet":{"background-color":"var(--ast-global-color-5)","background-image":"","background-repeat":"repeat","background-position":"center center","background-size":"auto","background-attachment":"scroll","background-type":"","background-media":"","overlay-type":"","overlay-color":"","overlay-opacity":"","overlay-gradient":""},"mobile":{"background-color":"var(--ast-global-color-5)","background-image":"","background-repeat":"repeat","background-position":"center center","background-size":"auto","background-attachment":"scroll","background-type":"","background-media":"","overlay-type":"","overlay-color":"","overlay-opacity":"","overlay-gradient":""}},"_joinchat":[]},"product_brand":[],"product_cat":[25,289,291,292,298,293,295,299,279,253,123,26,28,135,27,60,137,136,15,30],"product_tag":[55,56,57,58,40,41,59,37],"class_list":{"0":"post-1950","1":"product","2":"type-product","3":"status-publish","4":"has-post-thumbnail","6":"product_cat-germany-best-selling-vape","7":"product_cat-big-puffs-disposable-vapes","8":"product_cat-dual-mesh-disposable-vapes","9":"product_cat-digital-disposable-vapes","10":"product_cat-double-flavor-disposable-vapes","11":"product_cat-low-nicotine-disposable-vapes","12":"product_cat-rechargeable-disposable-vapes","13":"product_cat-smart-screen-disposable-vapes","14":"product_cat-bang-king-vape","15":"product_cat-15000-puff-disposable-vape","16":"product_cat-italy-wholesale-vape","17":"product_cat-netherlands-hot-sale-vape","18":"product_cat-poland-hot-sale-vape","19":"product_cat-spain-best-hot-sale-vape","20":"product_cat-fance-hot-sale-vape","21":"product_cat-bang-vapes","22":"product_cat-rechargeable-vapes","23":"product_cat-smart-screen-vapes","24":"product_cat-new-vape-this-week","25":"product_cat-minimum-order-quantity-50pcs","26":"product_tag-buy-vape-pods","27":"product_tag-disposable-vape-wholesale-near-me","28":"product_tag-disposable-vape-wholesale-supplier","29":"product_tag-electric-cigarettes","30":"product_tag-hot-sale-vape","31":"product_tag-original-factory-vape","32":"product_tag-puffs-vape","33":"product_tag-wholesale-vape-price","34":"desktop-align-left","35":"tablet-align-left","36":"mobile-align-left","38":"first","39":"instock","40":"sale","41":"shipping-taxable","42":"purchasable","43":"product-type-simple"},"uagb_featured_image_src":{"full":["https:\/\/rmvapesale.com\/wp-content\/uploads\/2024\/09\/Bang-30000-Disposable-Vape.jpg",800,800,false],"thumbnail":["https:\/\/rmvapesale.com\/wp-content\/uploads\/2024\/09\/Bang-30000-Disposable-Vape-150x150.jpg",150,150,true],"medium":["https:\/\/rmvapesale.com\/wp-content\/uploads\/2024\/09\/Bang-30000-Disposable-Vape-300x300.jpg",300,300,true],"medium_large":["https:\/\/rmvapesale.com\/wp-content\/uploads\/2024\/09\/Bang-30000-Disposable-Vape-768x768.jpg",768,768,true],"large":["https:\/\/rmvapesale.com\/wp-content\/uploads\/2024\/09\/Bang-30000-Disposable-Vape.jpg",800,800,false],"1536x1536":["https:\/\/rmvapesale.com\/wp-content\/uploads\/2024\/09\/Bang-30000-Disposable-Vape.jpg",800,800,false],"2048x2048":["https:\/\/rmvapesale.com\/wp-content\/uploads\/2024\/09\/Bang-30000-Disposable-Vape.jpg",800,800,false],"trp-custom-language-flag":["https:\/\/rmvapesale.com\/wp-content\/uploads\/2024\/09\/Bang-30000-Disposable-Vape.jpg",12,12,false],"woocommerce_thumbnail":["https:\/\/rmvapesale.com\/wp-content\/uploads\/2024\/09\/Bang-30000-Disposable-Vape-300x300.jpg",300,300,true],"woocommerce_single":["https:\/\/rmvapesale.com\/wp-content\/uploads\/2024\/09\/Bang-30000-Disposable-Vape-600x600.jpg",600,600,true],"woocommerce_gallery_thumbnail":["https:\/\/rmvapesale.com\/wp-content\/uploads\/2024\/09\/Bang-30000-Disposable-Vape-100x100.jpg",100,100,true],"wcpr-photo-reviews":["https:\/\/rmvapesale.com\/wp-content\/uploads\/2024\/09\/Bang-30000-Disposable-Vape.jpg",500,500,false]},"uagb_author_info":{"display_name":"AMY","author_link":"https:\/\/rmvapesale.com\/lv\/author\/"},"uagb_comment_info":0,"uagb_excerpt":"Bang 30000 30k Puffs Double Taste Disposable Vape Wholesale Price ORIGINAL Bang 30000 Puffs Disposable Vape Factory Wholesale in Stock BANG 30000 double flavor 30K Disposable Vape Discount Price Contact Amy For More Discount And Lower MOQ Vape WhatsApp: +86 17776015835","_links":{"self":[{"href":"https:\/\/rmvapesale.com\/lv\/wp-json\/wp\/v2\/product\/1950","targetHints":{"allow":["GET"]}}],"collection":[{"href":"https:\/\/rmvapesale.com\/lv\/wp-json\/wp\/v2\/product"}],"about":[{"href":"https:\/\/rmvapesale.com\/lv\/wp-json\/wp\/v2\/types\/product"}],"replies":[{"embeddable":true,"href":"https:\/\/rmvapesale.com\/lv\/wp-json\/wp\/v2\/comments?post=1950"}],"wp:featuredmedia":[{"embeddable":true,"href":"https:\/\/rmvapesale.com\/lv\/wp-json\/wp\/v2\/media\/1951"}],"wp:attachment":[{"href":"https:\/\/rmvapesale.com\/lv\/wp-json\/wp\/v2\/media?parent=1950"}],"wp:term":[{"taxonomy":"product_brand","embeddable":true,"href":"https:\/\/rmvapesale.com\/lv\/wp-json\/wp\/v2\/product_brand?post=1950"},{"taxonomy":"product_cat","embeddable":true,"href":"https:\/\/rmvapesale.com\/lv\/wp-json\/wp\/v2\/product_cat?post=1950"},{"taxonomy":"product_tag","embeddable":true,"href":"https:\/\/rmvapesale.com\/lv\/wp-json\/wp\/v2\/product_tag?post=1950"}],"curies":[{"name":"wp","href":"https:\/\/api.w.org\/{rel}","templated":true}]}}