{"id":1974,"date":"2024-09-11T07:00:58","date_gmt":"2024-09-11T07:00:58","guid":{"rendered":"https:\/\/rmvapesale.com\/?post_type=product&#038;p=1974"},"modified":"2025-01-20T03:49:10","modified_gmt":"2025-01-20T03:49:10","slug":"bang-20000-puffs-disposable-vape-wholesale-supplier","status":"publish","type":"product","link":"https:\/\/rmvapesale.com\/lv\/product\/bang-20000-puffs-disposable-vape-wholesale-supplier\/","title":{"rendered":"Bang 20000 Puffs vienreiz\u0113j\u0101s lieto\u0161anas veipu vairumtirdzniec\u012bbas pieg\u0101d\u0101t\u0101js"},"content":{"rendered":"<h1>Bang 20000 Puffs vienreiz\u0113j\u0101s lieto\u0161anas veipu vairumtirdzniec\u012bbas pieg\u0101d\u0101t\u0101js<\/h1>\n<p>Bang 20000 Puffs LED displeja vienreiz\u0113j\u0101s lieto\u0161anas vape ir inovat\u012bva ier\u012bce, kas rad\u012bta izcilai veiktsp\u0113jai un \u0113rt\u012bbai. Ar iespaid\u012bgu jaudu l\u012bdz pat 20000 dvesm\u0101m vien\u0101 ier\u012bc\u0113, t\u0101 samazina nepiecie\u0161am\u012bbu p\u0113c bie\u017eas nomai\u0146as un nodro\u0161ina ilgsto\u0161u gandar\u012bjumu.<\/p>\n<p>Pateicoties uzlabotajai 0.8ohm sieta spoles serdei, \u0161is Bang vape 20000 dvesmas uzlabo gan tvaiku ra\u017eo\u0161anu, gan gar\u0161as skaidr\u012bbu, nodro\u0161inot izcilu pieredzi ar katru ieelpu. Izv\u0113lieties no daudzveid\u012bga 16 aug\u013cu iedvesmotu gar\u0161u kl\u0101sta, tostarp klasisko Zeme\u0146u arb\u016bzu un unik\u0101liem mais\u012bjumiem, piem\u0113ram, Persiku mango arb\u016bzu un T\u012b\u0123era asinis.<\/p>\n<p>T\u0101 LED displeja vied\u0101 ekr\u0101na funkcija \u013cauj lietot\u0101jiem re\u0101l\u0101 laik\u0101 uzraudz\u012bt jaudu un lietojumu<\/p>\n<p><strong>Sazinieties ar Eimiju, lai sa\u0146emtu pareizu atbildi un liel\u0101kas atlaides!<\/strong><\/p>\n<p><img loading=\"lazy\" decoding=\"async\" class=\"size-medium wp-image-1814\" src=\"https:\/\/rmvapesale.com\/wp-content\/uploads\/2024\/04\/whatsapp-amy-229x300.jpg\" alt=\"whatsapp amy\" width=\"229\" height=\"300\" srcset=\"https:\/\/rmvapesale.com\/wp-content\/uploads\/2024\/04\/whatsapp-amy-229x300.jpg 229w, https:\/\/rmvapesale.com\/wp-content\/uploads\/2024\/04\/whatsapp-amy-783x1024.jpg 783w, https:\/\/rmvapesale.com\/wp-content\/uploads\/2024\/04\/whatsapp-amy-768x1005.jpg 768w, https:\/\/rmvapesale.com\/wp-content\/uploads\/2024\/04\/whatsapp-amy-600x785.jpg 600w, https:\/\/rmvapesale.com\/wp-content\/uploads\/2024\/04\/whatsapp-amy.jpg 990w\" sizes=\"auto, (max-width: 229px) 100vw, 229px\" \/><\/p>\n<h3><span style=\"color: #ff0000\"><strong>WhatsApp: +86 17776015835<\/strong><\/span><\/h3>\n<p>&nbsp;<\/p>\n<h2><strong>Bang Box Vape 20000 galven\u0101s iez\u012bmes<\/strong><\/h2>\n<p>Nikot\u012bns: 0% 2% 3% 5%<br \/>\nUzp\u016btieni: 20000<br \/>\nIetilp\u012bba: 20ml<br \/>\nPieejamas 16 gar\u0161as<br \/>\n650mah Uzl\u0101d\u0113jams<br \/>\nLED viedais ekr\u0101ns<br \/>\nT\u012bkla spole<\/p>\n<h2><strong>K\u0101da ir lab\u0101k\u0101 gar\u0161a Bang Vape 20000 Puffs<\/strong><strong>?<\/strong><\/h2>\n<p>\u0160is Bang Vape 20000 Puffs vied\u0101 ekr\u0101na vapes nodro\u0161ina kopum\u0101 12 pieejam\u0101s gar\u0161as, no kur\u0101m izv\u0113l\u0113ties, ir kaut kas lab\u0101kais jums.<\/p>\n<p>1.Persiku ledus<br \/>\n2.Persiku mango<br \/>\n3.Jaukta oga<br \/>\n4.Roz\u0101 limon\u0101de<br \/>\n5.Zeme\u0146u arb\u016bzs<br \/>\n6. Arb\u016bzu ledus<br \/>\n7.V\u012bnogu ledus<br \/>\n8.Vimto<br \/>\n9.Zeme\u0146u ledus<br \/>\n10.\u0136irsis<br \/>\n11. Melle\u0146u avenes<br \/>\n12. Sk\u0101bais \u0101bols<\/p>\n<h2><strong>Jaut\u0101jumi, kurus j\u016bs var\u0113tu v\u0113l\u0113ties uzzin\u0101t par Bang King Vape 20000 Puffs<\/strong><\/h2>\n<p>&nbsp;<\/p>\n<p><strong>1. Cik daudz dvesmu es varu sagaid\u012bt no Bang King Vape 20000 Puffs?<\/strong><\/p>\n<p>Bang King Vape 20000 Puffs pied\u0101v\u0101 iespaid\u012bgus 20000 dvesienus (testa vid\u0113), nodro\u0161inot ilgsto\u0161u lieto\u0161anu un apmierin\u0101t\u012bbu.<\/p>\n<p><strong>2. K\u0101du nikot\u012bna stiprumu pied\u0101v\u0101 Bang King Vape 20000 dvesmas?<\/strong><\/p>\n<p>Bang King Vape 20000 Puffs ir iepriek\u0161 uzpild\u012bts ar e-\u0161\u0137idrumu 0%, 2%, 3%, 5% nikot\u012bna stiprum\u0101, nodro\u0161inot l\u012bdzsvarotu tvaic\u0113\u0161anas pieredzi.<\/p>\n<p><strong>3. K\u0101 Mesh Coil tehnolo\u0123ija uzlabo tvaic\u0113\u0161anas pieredzi?<\/strong><\/p>\n<p>Mesh Coil tehnolo\u0123ija, kas integr\u0113ta Bang Tornado 12000 Puffs, ir apr\u012bkota ar zemas pretest\u012bbas 1,2 omu spoli. \u0160is dizains maksim\u0101li palielina sild\u012b\u0161anas virsmas laukumu, k\u0101 rezult\u0101t\u0101 tiek pan\u0101kta vienm\u0113r\u012bg\u0101ka dvesma un uzlabota tvaika ra\u017eo\u0161ana. Tehnolo\u0123ija garant\u0113 vienm\u0113r\u012bgu un konsekventu e-\u0161\u0137idruma sild\u012b\u0161anu, nodro\u0161inot izcilu gar\u0161as pieredzi.<\/p>\n<p><strong>4. Kur es varu ieg\u0101d\u0101ties Genuine Bang King Vape 20000 Puffs?<\/strong><\/p>\n<p>Bang Beach 22k Puffs Genuine ir pieejams ieg\u0101dei pie pilnvarotiem izplat\u012bt\u0101jiem. Vairumtirdzniec\u012bbas jaut\u0101jumiem, izplat\u012bt\u0101ji var <a href=\"https:\/\/wa.me\/8617776015835\" target=\"_blank\" rel=\"noopener\">sazin\u0101ties ar mums<\/a> tie\u0161i. Mazumtirdzniec\u012bbas klienti var atrast produktu atsevi\u0161\u0137os mazumtirgot\u0101jos vai tie\u0161saistes veikalos. Visi produkti m\u016bsu veikal\u0101 ir 100% ori\u0123in\u0101li un autentiski, t\u0101p\u0113c desmitk\u0101rt\u012bga kompens\u0101cija par viltot\u0101m prec\u0113m ir m\u016bsu veikala politika.<\/p>\n<p>&nbsp;<\/p>\n<p><strong>Pieg\u0101des inform\u0101cija:<\/strong><\/p>\n<div class=\"flex-shrink-0 flex flex-col relative items-end\">\n<div>\n<div class=\"pt-0\">\n<div class=\"gizmo-bot-avatar flex h-8 w-8 items-center justify-center overflow-hidden rounded-full\">\n<div class=\"relative p-1 rounded-sm flex items-center justify-center bg-token-main-surface-primary text-token-text-primary h-8 w-8\"><strong>K\u0101das pieg\u0101des metodes tiek izmantotas?<\/strong><\/div>\n<\/div>\n<\/div>\n<\/div>\n<\/div>\n<div class=\"group\/conversation-turn relative flex w-full min-w-0 flex-col agent-turn\">\n<div class=\"flex-col gap-1 md:gap-3\">\n<div class=\"flex max-w-full flex-col flex-grow\">\n<div class=\"min-h-[20px] text-message flex w-full flex-col items-end gap-2 whitespace-normal break-words [.text-message+&amp;]:mt-5 overflow-x-auto\" dir=\"auto\" data-message-author-role=\"assistant\" data-message-id=\"22f8283b-3233-46ff-89a5-c7a41b33abda\">\n<div class=\"flex w-full flex-col gap-1 empty:hidden first:pt-[3px]\">\n<div class=\"markdown prose w-full break-words dark:prose-invert light\">\n<p>M\u0113s sadarbojamies ar UPS, DHL, FedEx, DPD un citiem vado\u0161ajiem p\u0101rvad\u0101t\u0101jiem. M\u0113s izv\u0113l\u0113simies lab\u0101ko pieg\u0101des veidu, pamatojoties uz j\u016bsu pieg\u0101des vietu, lai nodro\u0161in\u0101tu, ka j\u016bs sa\u0146emat savus produktus p\u0113c iesp\u0113jas \u0101tr\u0101k.<\/p>\n<\/div>\n<p><strong>Cik ilgs laiks paiet, l\u012bdz tas tiek pieg\u0101d\u0101ts?<\/strong><\/p>\n<p>Pieg\u0101des uz Latviju parasti ierodas 10 darba dienu laik\u0101. Pieg\u0101de uz Eiropas valst\u012bm parasti aiz\u0146em apm\u0113ram 12-15 darba dienas. M\u0113s nodro\u0161in\u0101sim re\u0101llaika atjaunin\u0101jumus par j\u016bsu pieg\u0101des statusu.<\/p>\n<p>&nbsp;<\/p>\n<\/div>\n<\/div>\n<\/div>\n<\/div>\n<\/div>\n<p>Atrodiet vair\u0101k Vape produktu, kas jums var\u0113tu patikt:<em><a href=\"https:\/\/rmvapesale.com\/lv\/shop-2\/\">Iep\u0113rcieties tagad\u00a0<\/a><\/em><\/p>\n<p>citi karstie vape, kas jums var\u0113tu patikt:<\/p>\n<p><a href=\"https:\/\/rmvapesale.com\/lv\/product\/bang-30k-puffs-disposable-vape-double-taste-wholesale-italy\/\">Bang 30k dvesmas<\/a><\/p>\n<p><a href=\"https:\/\/rmvapesale.com\/lv\/product\/bang-beach-22000-puffs-smart-screen-vapes-factory-price\/\">Bang Beach 22000 dvesmas<\/a><\/p>","protected":false},"excerpt":{"rendered":"<p>Bang Vape 20000 Puffs LED displeja Vape vairumtirdzniec\u012bbas cena<br \/>\nBang Box Vape 20000 Puffs vied\u0101 ekr\u0101na vapes r\u016bpn\u012bcas cena<br \/>\nBang Vape 20000 Puffs lab\u0101k\u0101s gar\u0161as lielapjoma pirkums<\/p>\n<p><strong>Sazinieties ar Eimiju, lai sa\u0146emtu vair\u0101k atlai\u017eu un zem\u0101ku minim\u0101lo pas\u016bt\u012bjuma daudzumu<\/strong><\/p>\n<p><img loading=\"lazy\" decoding=\"async\" class=\"size-medium wp-image-1814\" src=\"https:\/\/rmvapesale.com\/wp-content\/uploads\/2024\/04\/whatsapp-amy-229x300.jpg\" alt=\"whatsapp amy\" width=\"229\" height=\"300\" srcset=\"https:\/\/rmvapesale.com\/wp-content\/uploads\/2024\/04\/whatsapp-amy-229x300.jpg 229w, https:\/\/rmvapesale.com\/wp-content\/uploads\/2024\/04\/whatsapp-amy-783x1024.jpg 783w, https:\/\/rmvapesale.com\/wp-content\/uploads\/2024\/04\/whatsapp-amy-768x1005.jpg 768w, https:\/\/rmvapesale.com\/wp-content\/uploads\/2024\/04\/whatsapp-amy-600x785.jpg 600w, https:\/\/rmvapesale.com\/wp-content\/uploads\/2024\/04\/whatsapp-amy.jpg 990w\" sizes=\"auto, (max-width: 229px) 100vw, 229px\" \/><\/p>\n<h3><span style=\"color: #ff0000\"><strong>WhatsApp: +86 17776015835<\/strong><\/span><\/h3>","protected":false},"featured_media":1973,"comment_status":"open","ping_status":"closed","template":"","meta":{"_uag_custom_page_level_css":"","_lmt_disableupdate":"no","_lmt_disable":"","site-sidebar-layout":"default","site-content-layout":"content-boxed-container","ast-site-content-layout":"normal-width-container","site-content-style":"boxed","site-sidebar-style":"unboxed","ast-global-header-display":"","ast-banner-title-visibility":"","ast-main-header-display":"","ast-hfb-above-header-display":"","ast-hfb-below-header-display":"","ast-hfb-mobile-header-display":"","site-post-title":"","ast-breadcrumbs-content":"","ast-featured-img":"","footer-sml-layout":"","ast-disable-related-posts":"","theme-transparent-header-meta":"default","adv-header-id-meta":"","stick-header-meta":"","header-above-stick-meta":"","header-main-stick-meta":"","header-below-stick-meta":"","astra-migrate-meta-layouts":"set","ast-page-background-enabled":"default","ast-page-background-meta":{"desktop":{"background-color":"var(--ast-global-color-4)","background-image":"","background-repeat":"repeat","background-position":"center center","background-size":"auto","background-attachment":"scroll","background-type":"","background-media":"","overlay-type":"","overlay-color":"","overlay-opacity":"","overlay-gradient":""},"tablet":{"background-color":"","background-image":"","background-repeat":"repeat","background-position":"center center","background-size":"auto","background-attachment":"scroll","background-type":"","background-media":"","overlay-type":"","overlay-color":"","overlay-opacity":"","overlay-gradient":""},"mobile":{"background-color":"","background-image":"","background-repeat":"repeat","background-position":"center center","background-size":"auto","background-attachment":"scroll","background-type":"","background-media":"","overlay-type":"","overlay-color":"","overlay-opacity":"","overlay-gradient":""}},"ast-content-background-meta":{"desktop":{"background-color":"var(--ast-global-color-5)","background-image":"","background-repeat":"repeat","background-position":"center center","background-size":"auto","background-attachment":"scroll","background-type":"","background-media":"","overlay-type":"","overlay-color":"","overlay-opacity":"","overlay-gradient":""},"tablet":{"background-color":"var(--ast-global-color-5)","background-image":"","background-repeat":"repeat","background-position":"center center","background-size":"auto","background-attachment":"scroll","background-type":"","background-media":"","overlay-type":"","overlay-color":"","overlay-opacity":"","overlay-gradient":""},"mobile":{"background-color":"var(--ast-global-color-5)","background-image":"","background-repeat":"repeat","background-position":"center center","background-size":"auto","background-attachment":"scroll","background-type":"","background-media":"","overlay-type":"","overlay-color":"","overlay-opacity":"","overlay-gradient":""}},"_joinchat":[]},"product_brand":[],"product_cat":[25,255,273,279,60,289,27,123,293,30,26,15,28,295,137,136,135],"product_tag":[63,55,56,57,58,40,41,59,37],"class_list":{"0":"post-1974","1":"product","2":"type-product","3":"status-publish","4":"has-post-thumbnail","6":"product_cat-germany-best-selling-vape","7":"product_cat-20000-puff-disposable-vape","8":"product_cat-bang-box-vape","9":"product_cat-bang-king-vape","10":"product_cat-bang-vapes","11":"product_cat-big-puffs-disposable-vapes","12":"product_cat-fance-hot-sale-vape","13":"product_cat-italy-wholesale-vape","14":"product_cat-low-nicotine-disposable-vapes","15":"product_cat-minimum-order-quantity-50pcs","16":"product_cat-netherlands-hot-sale-vape","17":"product_cat-new-vape-this-week","18":"product_cat-poland-hot-sale-vape","19":"product_cat-rechargeable-disposable-vapes","20":"product_cat-rechargeable-vapes","21":"product_cat-smart-screen-vapes","22":"product_cat-spain-best-hot-sale-vape","23":"product_tag-bang-vapes","24":"product_tag-buy-vape-pods","25":"product_tag-disposable-vape-wholesale-near-me","26":"product_tag-disposable-vape-wholesale-supplier","27":"product_tag-electric-cigarettes","28":"product_tag-hot-sale-vape","29":"product_tag-original-factory-vape","30":"product_tag-puffs-vape","31":"product_tag-wholesale-vape-price","32":"desktop-align-left","33":"tablet-align-left","34":"mobile-align-left","36":"first","37":"instock","38":"sale","39":"shipping-taxable","40":"purchasable","41":"product-type-simple"},"uagb_featured_image_src":{"full":["https:\/\/rmvapesale.com\/wp-content\/uploads\/2024\/09\/Bang-Vape-20000-Wholesale-Price.jpg",800,800,false],"thumbnail":["https:\/\/rmvapesale.com\/wp-content\/uploads\/2024\/09\/Bang-Vape-20000-Wholesale-Price-150x150.jpg",150,150,true],"medium":["https:\/\/rmvapesale.com\/wp-content\/uploads\/2024\/09\/Bang-Vape-20000-Wholesale-Price-300x300.jpg",300,300,true],"medium_large":["https:\/\/rmvapesale.com\/wp-content\/uploads\/2024\/09\/Bang-Vape-20000-Wholesale-Price-768x768.jpg",768,768,true],"large":["https:\/\/rmvapesale.com\/wp-content\/uploads\/2024\/09\/Bang-Vape-20000-Wholesale-Price.jpg",800,800,false],"1536x1536":["https:\/\/rmvapesale.com\/wp-content\/uploads\/2024\/09\/Bang-Vape-20000-Wholesale-Price.jpg",800,800,false],"2048x2048":["https:\/\/rmvapesale.com\/wp-content\/uploads\/2024\/09\/Bang-Vape-20000-Wholesale-Price.jpg",800,800,false],"trp-custom-language-flag":["https:\/\/rmvapesale.com\/wp-content\/uploads\/2024\/09\/Bang-Vape-20000-Wholesale-Price.jpg",12,12,false],"woocommerce_thumbnail":["https:\/\/rmvapesale.com\/wp-content\/uploads\/2024\/09\/Bang-Vape-20000-Wholesale-Price-300x300.jpg",300,300,true],"woocommerce_single":["https:\/\/rmvapesale.com\/wp-content\/uploads\/2024\/09\/Bang-Vape-20000-Wholesale-Price-600x600.jpg",600,600,true],"woocommerce_gallery_thumbnail":["https:\/\/rmvapesale.com\/wp-content\/uploads\/2024\/09\/Bang-Vape-20000-Wholesale-Price-100x100.jpg",100,100,true],"wcpr-photo-reviews":["https:\/\/rmvapesale.com\/wp-content\/uploads\/2024\/09\/Bang-Vape-20000-Wholesale-Price.jpg",500,500,false]},"uagb_author_info":{"display_name":"AMY","author_link":"https:\/\/rmvapesale.com\/lv\/author\/"},"uagb_comment_info":0,"uagb_excerpt":"Bang Vape 20000 Puffs LED Display Vape Wholesale Price Bang Box Vape 20000 Puffs Smart Screen Vapes Factory Price Bang Vape 20000 Puffs Best Flavor Bulk Buy Contact Amy For More Discount And Lower MOQ Vape WhatsApp: +86 17776015835","_links":{"self":[{"href":"https:\/\/rmvapesale.com\/lv\/wp-json\/wp\/v2\/product\/1974","targetHints":{"allow":["GET"]}}],"collection":[{"href":"https:\/\/rmvapesale.com\/lv\/wp-json\/wp\/v2\/product"}],"about":[{"href":"https:\/\/rmvapesale.com\/lv\/wp-json\/wp\/v2\/types\/product"}],"replies":[{"embeddable":true,"href":"https:\/\/rmvapesale.com\/lv\/wp-json\/wp\/v2\/comments?post=1974"}],"wp:featuredmedia":[{"embeddable":true,"href":"https:\/\/rmvapesale.com\/lv\/wp-json\/wp\/v2\/media\/1973"}],"wp:attachment":[{"href":"https:\/\/rmvapesale.com\/lv\/wp-json\/wp\/v2\/media?parent=1974"}],"wp:term":[{"taxonomy":"product_brand","embeddable":true,"href":"https:\/\/rmvapesale.com\/lv\/wp-json\/wp\/v2\/product_brand?post=1974"},{"taxonomy":"product_cat","embeddable":true,"href":"https:\/\/rmvapesale.com\/lv\/wp-json\/wp\/v2\/product_cat?post=1974"},{"taxonomy":"product_tag","embeddable":true,"href":"https:\/\/rmvapesale.com\/lv\/wp-json\/wp\/v2\/product_tag?post=1974"}],"curies":[{"name":"wp","href":"https:\/\/api.w.org\/{rel}","templated":true}]}}