{"id":1994,"date":"2024-09-13T03:39:06","date_gmt":"2024-09-13T03:39:06","guid":{"rendered":"https:\/\/rmvapesale.com\/?post_type=product&#038;p=1994"},"modified":"2025-01-20T03:52:56","modified_gmt":"2025-01-20T03:52:56","slug":"bang-digital-box-15000-puffs-original-factory-wholesale","status":"publish","type":"product","link":"https:\/\/rmvapesale.com\/lv\/product\/bang-digital-box-15000-puffs-original-factory-wholesale\/","title":{"rendered":"Bang Digital Box 15000 dvesmu ori\u0123in\u0101lais r\u016bpn\u012bcas vairumtirdzniec\u012bba"},"content":{"rendered":"<h1>Bang Digital Box 15000 dvesmu ori\u0123in\u0101lais r\u016bpn\u012bcas vairumtirdzniec\u012bba<\/h1>\n<p>Iepaz\u012bstin\u0101m ar Bang Digital Box 15000 Dvesmas, modernu vienreizlietojamo veipu, kas nevainojami apvieno stilu, funkcionalit\u0101ti un izcilu ilgm\u016b\u017e\u012bbu. Izgatavota no gluda alum\u012bnija sakaus\u0113juma un PETG korpusa, \u0161\u012b ier\u012bce nodro\u0161ina gan iespaid\u012bgu iztur\u012bbu, gan modernu izskatu.<\/p>\n<p>Ar pla\u0161u pieejamo gar\u0161u un nikot\u012bna stiprumu kl\u0101stu, Bang Digital 15000 Dvesmas ir daudzpus\u012bga izv\u0113le pieaugu\u0161iem veipot\u0101jiem. Rad\u012bts \u0113rt\u012bbai, tas bez piep\u016bles iek\u013caujas j\u016bsu dz\u012bvesveid\u0101, pied\u0101v\u0101jot uzticamu, gar\u0161\u012bgu un lietot\u0101jam draudz\u012bgu veipo\u0161anas pieredzi.<\/p>\n<p>K\u0101p\u0113c gan neatkl\u0101t vienreizlietojam\u0101s veipo\u0161anas virsotni ar Bang Digital 15000 Dvesmas tie\u0161i tagad?<\/p>\n<p><strong>Sazinieties ar Eimiju, lai sa\u0146emtu pareizu atbildi un vair\u0101k produktu video!<\/strong><\/p>\n<p><img loading=\"lazy\" decoding=\"async\" class=\"size-medium wp-image-1814\" src=\"https:\/\/rmvapesale.com\/wp-content\/uploads\/2024\/04\/whatsapp-amy-229x300.jpg\" alt=\"whatsapp amy\" width=\"229\" height=\"300\" srcset=\"https:\/\/rmvapesale.com\/wp-content\/uploads\/2024\/04\/whatsapp-amy-229x300.jpg 229w, https:\/\/rmvapesale.com\/wp-content\/uploads\/2024\/04\/whatsapp-amy-783x1024.jpg 783w, https:\/\/rmvapesale.com\/wp-content\/uploads\/2024\/04\/whatsapp-amy-768x1005.jpg 768w, https:\/\/rmvapesale.com\/wp-content\/uploads\/2024\/04\/whatsapp-amy-600x785.jpg 600w, https:\/\/rmvapesale.com\/wp-content\/uploads\/2024\/04\/whatsapp-amy.jpg 990w\" sizes=\"auto, (max-width: 229px) 100vw, 229px\" \/><\/p>\n<h3><span style=\"color: #ff0000\"><strong>WhatsApp: +86 17776015835<\/strong><\/span><\/h3>\n<p>&nbsp;<\/p>\n<h2><strong>Bang Digital 15000 Dvesmas Galven\u0101s \u012apa\u0161\u012bbas<\/strong><\/h2>\n<p>Nikot\u012bns: 0% 2% 3% 5%<br \/>\nUzp\u016btieni: 15000<br \/>\nIetilp\u012bba: 23ml<br \/>\nPieejamas 12 gar\u0161as<br \/>\n500mah uzl\u0101d\u0113jams<br \/>\nT\u012bkla spole<\/p>\n<h2><strong>Lab\u0101k\u0101 gar\u0161a Bang Digital 15000<\/strong><\/h2>\n<p>\u0160is Bang Digital Box 15000 Dvesmas Vienreizlietojamais Pod, kas lepojas ar 12 prasm\u012bgi izstr\u0101d\u0101t\u0101m gar\u0161\u0101m, katra rad\u012bta, lai pied\u0101v\u0101tu at\u0161\u0137ir\u012bgu un apmierino\u0161u gar\u0161as pieredzi, noteikti atrad\u012bsiet sev lab\u0101ko.<\/p>\n<p>1.Zilais Sals<br \/>\n2.Ogu Spr\u0101dziens &gt;&gt;Karsts!<br \/>\n3.Zilais \u0136ir\u0161u Citrons<br \/>\n4.Persiku Sals<br \/>\n5.V\u012bnogu Sals<br \/>\n6.Persiku Oga<br \/>\n7.Sk\u0101bais \u0100bolu Avenes<br \/>\n8.Tr\u012bsk\u0101r\u0161ais Auglis<br \/>\n9.Arb\u016bzu Ledus &gt;&gt;Karsts!<br \/>\n10.Zeme\u0146u arb\u016bzs &gt;&gt;Lab\u0101kais!<br \/>\n11.V\u0113s\u0101 piparm\u0113tra<br \/>\n12.Zeme\u0146u li\u010d\u012b &gt;&gt;Karsts!<\/p>\n<h2><strong>Jaut\u0101jumi, kas jums var\u0113tu rasties par Bang Digital 15000 Puffs<\/strong><\/h2>\n<p>&nbsp;<\/p>\n<p><strong>1. K\u0101 lietot Bang Digital 15000 Puffs, ja esmu ies\u0101c\u0113js tvaic\u0113\u0161an\u0101?<\/strong><br \/>\nBang Digital 15000 Puffs ir izstr\u0101d\u0101ts, lai to b\u016btu viegli lietot. Vienk\u0101r\u0161i izsai\u0146ojiet ier\u012bci un s\u0101ciet p\u016bst, lai izbaud\u012btu izv\u0113l\u0113to gar\u0161u. Nav nepiecie\u0161ami sare\u017e\u0123\u012bti iestat\u012bjumi vai apkope, t\u0101p\u0113c t\u0101 ir lieliska izv\u0113le ies\u0101c\u0113jiem.<\/p>\n<p><strong>2. Vai Bang Digital 15000 Puffs ir videi draudz\u012bgs?<\/strong><br \/>\nJ\u0101, Vapes Europe ir ap\u0146\u0113musies iev\u0113rot ilgtsp\u0113j\u012bbu. Lai gan Bang Digital 15000 Puffs ir vienreizlietojama ier\u012bce, m\u0113s aicin\u0101m to atbr\u012bvoties atbild\u012bgi. L\u016bdzu, izmantojiet tam paredz\u0113t\u0101s e-atkritumu p\u0101rstr\u0101des iek\u0101rtas, lai samazin\u0101tu ietekmi uz vidi un nodro\u0161in\u0101tu pareizu ier\u012bces sast\u0101vda\u013cu apstr\u0101di.<\/p>\n<p><strong>3. K\u0101 dro\u0161i atbr\u012bvoties no Bang Digital 15000 Puffs?<\/strong><br \/>\nLai atbr\u012bvotos no Bang Digital 15000 Puffs, vispirms p\u0101rliecinieties, ka tas ir piln\u012bb\u0101 iztuk\u0161ots. P\u0113c tam iev\u0113rojiet viet\u0113jos noteikumus par e-atkritumu apglab\u0101\u0161anu vai p\u0101rstr\u0101des centriem. Daudzas kopienas pied\u0101v\u0101 \u012bpa\u0161as nodo\u0161anas vietas elektroniskaj\u0101m ier\u012bc\u0113m, lai nodro\u0161in\u0101tu pareizu apglab\u0101\u0161anu un samazin\u0101tu ietekmi uz vidi.<\/p>\n<p><strong>4. Vai Bang Digital Box 15000 ir dro\u0161s lieto\u0161anai un apglab\u0101\u0161anai?<\/strong><br \/>\nPiln\u012bgi noteikti. Waspe Tornado 15000 ir izstr\u0101d\u0101ts, dom\u0101jot par dro\u0161\u012bbu, un tas atbilst nozares standartiem. T\u0101 vienreiz\u0113j\u0101s lieto\u0161anas daba nov\u0113r\u0161 uztur\u0113\u0161anas probl\u0113mas, un, atbild\u012bgi apglab\u0101jot, tai ir minim\u0101la ietekme uz vidi. Vienm\u0113r iev\u0113rojiet dro\u0161\u012bbas vadl\u012bnijas un sazinieties ar m\u016bsu klientu atbalsta komandu, ja jums ir k\u0101di konkr\u0113ti jaut\u0101jumi.<\/p>\n<p>&nbsp;<\/p>\n<h3><b>Bie\u017e\u0101k uzdotie jaut\u0101jumi<\/b><\/h3>\n<div class=\"flex-shrink-0 flex flex-col relative items-end\">\n<div>\n<div class=\"pt-0\">\n<div class=\"gizmo-bot-avatar flex h-8 w-8 items-center justify-center overflow-hidden rounded-full\">\n<div class=\"relative p-1 rounded-sm flex items-center justify-center bg-token-main-surface-primary text-token-text-primary h-8 w-8\"><strong>K\u0101das pieg\u0101des metodes tiek izmantotas?<\/strong><\/div>\n<\/div>\n<\/div>\n<\/div>\n<\/div>\n<div class=\"group\/conversation-turn relative flex w-full min-w-0 flex-col agent-turn\">\n<div class=\"flex-col gap-1 md:gap-3\">\n<div class=\"flex max-w-full flex-col flex-grow\">\n<div class=\"min-h-[20px] text-message flex w-full flex-col items-end gap-2 whitespace-normal break-words [.text-message+&amp;]:mt-5 overflow-x-auto\" dir=\"auto\" data-message-author-role=\"assistant\" data-message-id=\"22f8283b-3233-46ff-89a5-c7a41b33abda\">\n<div class=\"flex w-full flex-col gap-1 empty:hidden first:pt-[3px]\">\n<div class=\"markdown prose w-full break-words dark:prose-invert light\">\n<p>M\u0113s sadarbojamies ar UPS, DHL, FedEx, DPD un citiem vado\u0161ajiem p\u0101rvad\u0101t\u0101jiem. M\u0113s izv\u0113l\u0113simies lab\u0101ko pieg\u0101des veidu, pamatojoties uz j\u016bsu pieg\u0101des vietu, lai nodro\u0161in\u0101tu, ka j\u016bs sa\u0146emat savus produktus p\u0113c iesp\u0113jas \u0101tr\u0101k.<\/p>\n<\/div>\n<p><strong>Cik ilgs laiks paiet, l\u012bdz tas tiek pieg\u0101d\u0101ts?<\/strong><\/p>\n<p>Pieg\u0101des uz Latviju parasti ierodas 10 darba dienu laik\u0101. Pieg\u0101de uz Eiropas valst\u012bm parasti aiz\u0146em apm\u0113ram 12-15 darba dienas. M\u0113s nodro\u0161in\u0101sim re\u0101llaika atjaunin\u0101jumus par j\u016bsu pieg\u0101des statusu.<\/p>\n<p>&nbsp;<\/p>\n<\/div>\n<\/div>\n<\/div>\n<\/div>\n<\/div>\n<p>Atrodiet vair\u0101k Vape produktu, kas jums var\u0113tu patikt:<em><a href=\"https:\/\/rmvapesale.com\/lv\/shop-2\/\">Iep\u0113rcieties tagad\u00a0<\/a><\/em><\/p>\n<p>citi karstie vape, kas jums var\u0113tu patikt:<\/p>\n<p><a href=\"https:\/\/rmvapesale.com\/lv\/product\/bang-30k-puffs-disposable-vape-double-taste-wholesale-italy\/\">Bang 30k dvesmas<\/a><\/p>\n<p><a href=\"https:\/\/rmvapesale.com\/lv\/product\/bang-beach-22000-puffs-smart-screen-vapes-factory-price\/\">Bang Beach 22000 dvesmas<\/a><\/p>\n<p><a href=\"https:\/\/rmvapesale.com\/lv\/product\/randm-tornado-15000-puffs-vape-wholesale\/\">RandM Tornado 15000 dvesmas<\/a><\/p>\n<p><a href=\"https:\/\/rmvapesale.com\/lv\/product\/bang-20000-puffs-disposable-vape-wholesale-supplier\/\">Bang 20000 dvesmas<\/a><\/p>","protected":false},"excerpt":{"rendered":"<p class=\"LC20lb MBeuO DKV0Md\">Bang Box Uzl\u0101d\u0113jams Vienreizlietojamais Vape 15000 Dvesmas<\/p>\n<p>Bang Digital Box 15000 Dvesmas Ori\u0123in\u0101lais Vape Pod Vairumtirdzniec\u012bbas Cena<\/p>\n<p>Bang Digital Puff 15k 15000 Dvesmas Vienreizlietojam\u0101s E-Cigaretes 0% 2% 3% 5% Nikot\u012bns<\/p>\n<p><strong>Sazinieties ar Eimiju, lai sa\u0146emtu vair\u0101k atlai\u017eu un zem\u0101ku minim\u0101lo pas\u016bt\u012bjuma daudzumu<\/strong><\/p>\n<p><img loading=\"lazy\" decoding=\"async\" class=\"size-medium wp-image-1814\" src=\"https:\/\/rmvapesale.com\/wp-content\/uploads\/2024\/04\/whatsapp-amy-229x300.jpg\" alt=\"whatsapp amy\" width=\"229\" height=\"300\" srcset=\"https:\/\/rmvapesale.com\/wp-content\/uploads\/2024\/04\/whatsapp-amy-229x300.jpg 229w, https:\/\/rmvapesale.com\/wp-content\/uploads\/2024\/04\/whatsapp-amy-783x1024.jpg 783w, https:\/\/rmvapesale.com\/wp-content\/uploads\/2024\/04\/whatsapp-amy-768x1005.jpg 768w, https:\/\/rmvapesale.com\/wp-content\/uploads\/2024\/04\/whatsapp-amy-600x785.jpg 600w, https:\/\/rmvapesale.com\/wp-content\/uploads\/2024\/04\/whatsapp-amy.jpg 990w\" sizes=\"auto, (max-width: 229px) 100vw, 229px\" \/><\/p>\n<h3><span style=\"color: #ff0000\"><strong>WhatsApp: +86 17776015835<\/strong><\/span><\/h3>","protected":false},"featured_media":1993,"comment_status":"open","ping_status":"closed","template":"","meta":{"_uag_custom_page_level_css":"","_lmt_disableupdate":"no","_lmt_disable":"","site-sidebar-layout":"default","site-content-layout":"content-boxed-container","ast-site-content-layout":"normal-width-container","site-content-style":"boxed","site-sidebar-style":"unboxed","ast-global-header-display":"","ast-banner-title-visibility":"","ast-main-header-display":"","ast-hfb-above-header-display":"","ast-hfb-below-header-display":"","ast-hfb-mobile-header-display":"","site-post-title":"","ast-breadcrumbs-content":"","ast-featured-img":"","footer-sml-layout":"","theme-transparent-header-meta":"default","adv-header-id-meta":"","stick-header-meta":"","header-above-stick-meta":"","header-main-stick-meta":"","header-below-stick-meta":"","astra-migrate-meta-layouts":"set","ast-page-background-enabled":"default","ast-page-background-meta":{"desktop":{"background-color":"var(--ast-global-color-4)","background-image":"","background-repeat":"repeat","background-position":"center center","background-size":"auto","background-attachment":"scroll","background-type":"","background-media":"","overlay-type":"","overlay-color":"","overlay-opacity":"","overlay-gradient":""},"tablet":{"background-color":"","background-image":"","background-repeat":"repeat","background-position":"center center","background-size":"auto","background-attachment":"scroll","background-type":"","background-media":"","overlay-type":"","overlay-color":"","overlay-opacity":"","overlay-gradient":""},"mobile":{"background-color":"","background-image":"","background-repeat":"repeat","background-position":"center center","background-size":"auto","background-attachment":"scroll","background-type":"","background-media":"","overlay-type":"","overlay-color":"","overlay-opacity":"","overlay-gradient":""}},"ast-content-background-meta":{"desktop":{"background-color":"var(--ast-global-color-5)","background-image":"","background-repeat":"repeat","background-position":"center center","background-size":"auto","background-attachment":"scroll","background-type":"","background-media":"","overlay-type":"","overlay-color":"","overlay-opacity":"","overlay-gradient":""},"tablet":{"background-color":"var(--ast-global-color-5)","background-image":"","background-repeat":"repeat","background-position":"center center","background-size":"auto","background-attachment":"scroll","background-type":"","background-media":"","overlay-type":"","overlay-color":"","overlay-opacity":"","overlay-gradient":""},"mobile":{"background-color":"var(--ast-global-color-5)","background-image":"","background-repeat":"repeat","background-position":"center center","background-size":"auto","background-attachment":"scroll","background-type":"","background-media":"","overlay-type":"","overlay-color":"","overlay-opacity":"","overlay-gradient":""}},"_joinchat":[]},"product_brand":[],"product_cat":[60,292,293,295,299,273,279,25,123,26,28,135,27,61,137,136,15,30],"product_tag":[63,56,57,58,40,41,37],"class_list":{"0":"post-1994","1":"product","2":"type-product","3":"status-publish","4":"has-post-thumbnail","6":"product_cat-bang-vapes","7":"product_cat-digital-disposable-vapes","8":"product_cat-low-nicotine-disposable-vapes","9":"product_cat-rechargeable-disposable-vapes","10":"product_cat-smart-screen-disposable-vapes","11":"product_cat-bang-box-vape","12":"product_cat-bang-king-vape","13":"product_cat-germany-best-selling-vape","14":"product_cat-italy-wholesale-vape","15":"product_cat-netherlands-hot-sale-vape","16":"product_cat-poland-hot-sale-vape","17":"product_cat-spain-best-hot-sale-vape","18":"product_cat-fance-hot-sale-vape","19":"product_cat-15000-puffs-disposable-vapes","20":"product_cat-rechargeable-vapes","21":"product_cat-smart-screen-vapes","22":"product_cat-new-vape-this-week","23":"product_cat-minimum-order-quantity-50pcs","24":"product_tag-bang-vapes","25":"product_tag-disposable-vape-wholesale-near-me","26":"product_tag-disposable-vape-wholesale-supplier","27":"product_tag-electric-cigarettes","28":"product_tag-hot-sale-vape","29":"product_tag-original-factory-vape","30":"product_tag-wholesale-vape-price","31":"desktop-align-left","32":"tablet-align-left","33":"mobile-align-left","35":"first","36":"instock","37":"sale","38":"shipping-taxable","39":"purchasable","40":"product-type-simple"},"uagb_featured_image_src":{"full":["https:\/\/rmvapesale.com\/wp-content\/uploads\/2024\/09\/Bang-Digital-Puff15000-Puffs-Disposable-E-Cigarettes.jpg",800,800,false],"thumbnail":["https:\/\/rmvapesale.com\/wp-content\/uploads\/2024\/09\/Bang-Digital-Puff15000-Puffs-Disposable-E-Cigarettes-150x150.jpg",150,150,true],"medium":["https:\/\/rmvapesale.com\/wp-content\/uploads\/2024\/09\/Bang-Digital-Puff15000-Puffs-Disposable-E-Cigarettes-300x300.jpg",300,300,true],"medium_large":["https:\/\/rmvapesale.com\/wp-content\/uploads\/2024\/09\/Bang-Digital-Puff15000-Puffs-Disposable-E-Cigarettes-768x768.jpg",768,768,true],"large":["https:\/\/rmvapesale.com\/wp-content\/uploads\/2024\/09\/Bang-Digital-Puff15000-Puffs-Disposable-E-Cigarettes.jpg",800,800,false],"1536x1536":["https:\/\/rmvapesale.com\/wp-content\/uploads\/2024\/09\/Bang-Digital-Puff15000-Puffs-Disposable-E-Cigarettes.jpg",800,800,false],"2048x2048":["https:\/\/rmvapesale.com\/wp-content\/uploads\/2024\/09\/Bang-Digital-Puff15000-Puffs-Disposable-E-Cigarettes.jpg",800,800,false],"trp-custom-language-flag":["https:\/\/rmvapesale.com\/wp-content\/uploads\/2024\/09\/Bang-Digital-Puff15000-Puffs-Disposable-E-Cigarettes.jpg",12,12,false],"woocommerce_thumbnail":["https:\/\/rmvapesale.com\/wp-content\/uploads\/2024\/09\/Bang-Digital-Puff15000-Puffs-Disposable-E-Cigarettes-300x300.jpg",300,300,true],"woocommerce_single":["https:\/\/rmvapesale.com\/wp-content\/uploads\/2024\/09\/Bang-Digital-Puff15000-Puffs-Disposable-E-Cigarettes-600x600.jpg",600,600,true],"woocommerce_gallery_thumbnail":["https:\/\/rmvapesale.com\/wp-content\/uploads\/2024\/09\/Bang-Digital-Puff15000-Puffs-Disposable-E-Cigarettes-100x100.jpg",100,100,true],"wcpr-photo-reviews":["https:\/\/rmvapesale.com\/wp-content\/uploads\/2024\/09\/Bang-Digital-Puff15000-Puffs-Disposable-E-Cigarettes.jpg",500,500,false]},"uagb_author_info":{"display_name":"AMY","author_link":"https:\/\/rmvapesale.com\/lv\/author\/"},"uagb_comment_info":0,"uagb_excerpt":"Bang Box\u00a0 Recharge Disposable Vape 15000 Puffs Bang Digital Box 15000 Puffs Original Vape Pod Wholesale Price Bang Digital Puff 15k 15000 Puffs Disposable E Cigarettes\u00a0 0% 2% 3% 5% Nicotine Contact Amy For More Discount And Lower MOQ Vape WhatsApp: +86 17776015835","_links":{"self":[{"href":"https:\/\/rmvapesale.com\/lv\/wp-json\/wp\/v2\/product\/1994","targetHints":{"allow":["GET"]}}],"collection":[{"href":"https:\/\/rmvapesale.com\/lv\/wp-json\/wp\/v2\/product"}],"about":[{"href":"https:\/\/rmvapesale.com\/lv\/wp-json\/wp\/v2\/types\/product"}],"replies":[{"embeddable":true,"href":"https:\/\/rmvapesale.com\/lv\/wp-json\/wp\/v2\/comments?post=1994"}],"wp:featuredmedia":[{"embeddable":true,"href":"https:\/\/rmvapesale.com\/lv\/wp-json\/wp\/v2\/media\/1993"}],"wp:attachment":[{"href":"https:\/\/rmvapesale.com\/lv\/wp-json\/wp\/v2\/media?parent=1994"}],"wp:term":[{"taxonomy":"product_brand","embeddable":true,"href":"https:\/\/rmvapesale.com\/lv\/wp-json\/wp\/v2\/product_brand?post=1994"},{"taxonomy":"product_cat","embeddable":true,"href":"https:\/\/rmvapesale.com\/lv\/wp-json\/wp\/v2\/product_cat?post=1994"},{"taxonomy":"product_tag","embeddable":true,"href":"https:\/\/rmvapesale.com\/lv\/wp-json\/wp\/v2\/product_tag?post=1994"}],"curies":[{"name":"wp","href":"https:\/\/api.w.org\/{rel}","templated":true}]}}