{"id":1995,"date":"2024-09-13T08:03:11","date_gmt":"2024-09-13T08:03:11","guid":{"rendered":"https:\/\/rmvapesale.com\/?post_type=product&#038;p=1995"},"modified":"2025-01-20T03:53:42","modified_gmt":"2025-01-20T03:53:42","slug":"vapme-shisha-hookah-15000-puffs-vape-0-2-nicotine","status":"publish","type":"product","link":"https:\/\/rmvapesale.com\/lv\/product\/vapme-shisha-hookah-15000-puffs-vape-0-2-nicotine\/","title":{"rendered":"Vapme Shisha Hookah 15000 dvesmu vape 0% 2% nikot\u012bns"},"content":{"rendered":"<h1>Vapme Shisha Hookah 15000 dvesmu vape 0% 2% nikot\u012bns<\/h1>\n<p>Iepaz\u012bstin\u0101m ar Vapme \u0160i\u0161a \u016bdensp\u012bpi 15000 dvesieni, atk\u0101rtoti uzl\u0101d\u0113jamu vienreizlietojamu vape, kas paredz\u0113ts, lai uzlabotu j\u016bsu vap\u0113\u0161anas pieredzi. Ar iev\u0113rojamu ietilp\u012bbu 15000 dvesieni, \u0161\u012b ier\u012bce pied\u0101v\u0101 ilgsto\u0161u baud\u012bjumu un elast\u012bbu, kas ir pieejama ar 0% vai 2% nikot\u012bna l\u012bmeni, lai atbilstu j\u016bsu v\u0113lm\u0113m.<\/p>\n<p>Ar d\u0101snu 25 ml e-sulas ietilp\u012bbu, Vapme \u0160i\u0161a \u016bdensp\u012bpe nodro\u0161ina, ka jums ir pietiekams kr\u0101jums nep\u0101rtraukt\u0101m sesij\u0101m. T\u0101s 650 mAh atk\u0101rtoti uzl\u0101d\u0113jam\u0101 baterija un C tipa uzl\u0101des ports nodro\u0161ina efekt\u012bvu un \u0113rtu uzl\u0101di, nodro\u0161inot, ka j\u016bs varat baud\u012bt savu vape bez p\u0101rtraukuma.<\/p>\n<p>Ar 24 gar\u0161\u0101m, no kur\u0101m izv\u0113l\u0113ties, un 0.6\u03a9 pretest\u012bbu, kas nodro\u0161ina vienm\u0113r\u012bgu, gar\u0161\u012bgu tvaiku, \u0161\u012b vienreizlietojam\u0101 uzl\u0101d\u0113jam\u0101 vape nodro\u0161ina past\u0101v\u012bgi apmierino\u0161u pieredzi. Uzlabojiet savu vap\u0113\u0161anas ce\u013cojumu ar Vapme \u0160i\u0161a \u016bdensp\u012bpi 15000.<\/p>\n<p>&nbsp;<\/p>\n<p><strong>Sazinieties ar Eimiju, lai sa\u0146emtu pareizu atbildi un vairumtirdzniec\u012bbas cenu!<\/strong><\/p>\n<p><img loading=\"lazy\" decoding=\"async\" class=\"size-medium wp-image-1814\" src=\"https:\/\/rmvapesale.com\/wp-content\/uploads\/2024\/04\/whatsapp-amy-229x300.jpg\" alt=\"whatsapp amy\" width=\"229\" height=\"300\" srcset=\"https:\/\/rmvapesale.com\/wp-content\/uploads\/2024\/04\/whatsapp-amy-229x300.jpg 229w, https:\/\/rmvapesale.com\/wp-content\/uploads\/2024\/04\/whatsapp-amy-783x1024.jpg 783w, https:\/\/rmvapesale.com\/wp-content\/uploads\/2024\/04\/whatsapp-amy-768x1005.jpg 768w, https:\/\/rmvapesale.com\/wp-content\/uploads\/2024\/04\/whatsapp-amy-600x785.jpg 600w, https:\/\/rmvapesale.com\/wp-content\/uploads\/2024\/04\/whatsapp-amy.jpg 990w\" sizes=\"auto, (max-width: 229px) 100vw, 229px\" \/><\/p>\n<h2><\/h2>\n<h2>Vapme \u0160i\u0161a \u016bdensp\u012bpe 15000 Specifik\u0101cija<\/h2>\n<p>Dvesieni: 15000 Dvesieni<br \/>\nNikot\u012bns: 0%, 2%<br \/>\nE-sulas ietilp\u012bba: 25 ML<br \/>\nBaterija: 650mAh (Atk\u0101rtoti uzl\u0101d\u0113jama)<br \/>\nUzl\u0101des ports: C tips<br \/>\nPretest\u012bba: 0.6\u03a9<br \/>\nGar\u0161as: 24 Gar\u0161as<\/p>\n<h2><strong>Popul\u0101r\u0101k\u0101 gar\u0161a priek\u0161 Vapme \u0160i\u0161a 15000 dvesieni?<\/strong><\/h2>\n<p>Vapme \u0160i\u0161a \u016bdensp\u012bpe 15000 dvesieni pied\u0101v\u0101 kopum\u0101 24 pieejam\u0101s gar\u0161as j\u016bsu izv\u0113lei, ir kaut kas katrai gaumei.<\/p>\n<p>1.Mellenes uz ledus<br \/>\n2.Kivi marakujas gvajava<br \/>\n3.Zilo ave\u0146u limon\u0101de<br \/>\n4.Zeme\u0146u kivi<br \/>\n5.Jauktas ogas<br \/>\n6.Zeme\u0146u arb\u016bzs<br \/>\n7.V\u012bnogu ledus<br \/>\n8.Arb\u016bzu ledus<br \/>\n9.Persiku, mango un anan\u0101su<br \/>\n10.Zeme\u0146u ledus<br \/>\n11.Persiku ledus<br \/>\n12.Mango Ban\u0101ns<br \/>\n13.\u0136ir\u0161u Oga<br \/>\n14.Melle\u0146u ave\u0146u<br \/>\n15.M\u012blest\u012bba 66<br \/>\n16.Arb\u016bzu v\u0113rsi<br \/>\n17.Zeme\u0146u v\u012bnogu<br \/>\n18.Zeme\u0146u ave\u0146u konfekte<br \/>\n19.Mamba<br \/>\n20.Arb\u016bzu \u0137ir\u0161i<br \/>\n21.Sald\u0113ts \u0101bols<br \/>\n22.Citronu piparm\u0113tra<br \/>\n23.Upe\u0146u ledus<br \/>\n24.Anan\u0101su kokteilis<\/p>\n<h2><\/h2>\n<h2><strong>Jaut\u0101jumi, kurus var\u0113tu v\u0113l\u0113ties zin\u0101t par Vapme Shisha Hookah 15000<\/strong><\/h2>\n<p>&nbsp;<\/p>\n<h3>J 1. Cik dvesmu es varu sagaid\u012bt no Vapme Shisha Hookah 15000<\/h3>\n<p>A. Vapme Shisha Hookah 15000 pied\u0101v\u0101 iespaid\u012bgus 15 000 dvesmu (testa vid\u0113), nodro\u0161inot ilgsto\u0161u lieto\u0161anu un notur\u012bgu baud\u012bjumu.<\/p>\n<h3>J 2. Cik ilgi darbojas ori\u0123in\u0101lais Vapme Shisha Hookah 15000 tvaic\u0113t\u0101js?<\/h3>\n<p>A: Ori\u0123in\u0101lais Vapme Shisha Hookah 15000<span style=\"font-size: 16px\">\u00a0<\/span>ir ieb\u016bv\u0113ts 850 mAh akumulators, kas nodro\u0161ina ilg\u0101ku lieto\u0161anu ar vienu uzl\u0101di. Bet prec\u012bzs akumulatora darb\u012bbas laiks ir atkar\u012bgs no individu\u0101lajiem lieto\u0161anas paradumiem.<\/p>\n<h3>J 3. Vai Vapme Shisha Hookah 15000 ir uzl\u0101d\u0113jams?<\/h3>\n<p><span style=\"font-size: 16px\">A: J\u0101, ori\u0123in\u0101lajam Vapme Shisha Hookah 15000 ir 650 mAh uzl\u0101d\u0113jams akumulators, kas ir uzl\u0101d\u0113jams. J\u016bs varat to izbaud\u012bt l\u012bdz p\u0113d\u0113jai pilienam.<\/span><\/p>\n<h3>J 4. Kur es varu ieg\u016bt Vapme Shisha Hookah 15000 uzl\u0101d\u0113jam\u0101 vienreiz\u0113j\u0101s lieto\u0161anas tvaic\u0113t\u0101ja vairumtirdzniec\u012bbas cenu?<\/h3>\n<p>A: Vapme Shisha Hookah 15000<span style=\"font-size: 16px\">\u00a0<\/span>ir pieejams pirk\u0161anai pie pilnvarotiem izplat\u012bt\u0101jiem. Par vairumtirdzniec\u012bbas jaut\u0101jumiem izplat\u012bt\u0101ji var <a href=\"https:\/\/wa.me\/8617776015835\" target=\"_blank\" rel=\"noopener\">sazin\u0101ties ar mums<\/a> tie\u0161i. Mazumtirdzniec\u012bbas klienti var atrast produktu atsevi\u0161\u0137os mazumtirgot\u0101jos vai tie\u0161saistes veikalos.<\/p>\n<p>&nbsp;<\/p>\n<p>Atrodiet vair\u0101k Vape produktu, kas jums var\u0113tu patikt:<em><a href=\"https:\/\/rmvapesale.com\/lv\/shop-2\/\">Iep\u0113rcieties tagad\u00a0<\/a><\/em><\/p>\n<p>&nbsp;<\/p>\n<p>citi karstie vape, kas jums var\u0113tu patikt:<\/p>\n<p><a href=\"https:\/\/rmvapesale.com\/lv\/product\/randm-vape-al-fakher-10000-puffs-vape-wholesale\/\">randm vape AI FAKHER 15k vape<\/a><\/p>\n<p><a href=\"https:\/\/rmvapesale.com\/lv\/product\/original-randm-tornado-9000-puffs-disposable-vape-factory-price\/\">RandM Tornado 9000<\/a><\/p>\n<p><a href=\"https:\/\/rmvapesale.com\/lv\/product\/vapme-crystal-7000-puffs-rechargeable-disposable-vape-price\/\">Vapme Crystal 7000 uzp\u016btieni<\/a><\/p>","protected":false},"excerpt":{"rendered":"<p>Vapme \u0160i\u0161a \u016bdensp\u012bpe 15000 dvesieni atk\u0101rtoti uzl\u0101d\u0113jams vienreizlietojamais Vape Lielapjoma pirkuma cena<\/p>\n<p>DVESIENI 15000 VAPME \u0160I\u0160A \u016aDENSP\u012aPE Lab\u0101k\u0101 gar\u0161a noliktav\u0101<\/p>\n<p>Vapme \u0160i\u0161a \u016bdensp\u012bpe 15k dvesieni 0% 2% Nikot\u012bns<\/p>\n<p><strong>Sazinieties ar Eimiju, lai sa\u0146emtu vair\u0101k atlai\u017eu un zem\u0101ku minim\u0101lo pas\u016bt\u012bjuma daudzumu<\/strong><\/p>\n<p><img loading=\"lazy\" decoding=\"async\" class=\"size-medium wp-image-1814\" src=\"https:\/\/rmvapesale.com\/wp-content\/uploads\/2024\/04\/whatsapp-amy-229x300.jpg\" alt=\"whatsapp amy\" width=\"229\" height=\"300\" srcset=\"https:\/\/rmvapesale.com\/wp-content\/uploads\/2024\/04\/whatsapp-amy-229x300.jpg 229w, https:\/\/rmvapesale.com\/wp-content\/uploads\/2024\/04\/whatsapp-amy-783x1024.jpg 783w, https:\/\/rmvapesale.com\/wp-content\/uploads\/2024\/04\/whatsapp-amy-768x1005.jpg 768w, https:\/\/rmvapesale.com\/wp-content\/uploads\/2024\/04\/whatsapp-amy-600x785.jpg 600w, https:\/\/rmvapesale.com\/wp-content\/uploads\/2024\/04\/whatsapp-amy.jpg 990w\" sizes=\"auto, (max-width: 229px) 100vw, 229px\" \/><\/p>\n<h3><span style=\"color: #ff0000\"><strong>WhatsApp: +86 17776015835<\/strong><\/span><\/h3>","protected":false},"featured_media":2000,"comment_status":"open","ping_status":"closed","template":"","meta":{"_uag_custom_page_level_css":"","_lmt_disableupdate":"no","_lmt_disable":"","site-sidebar-layout":"default","site-content-layout":"content-boxed-container","ast-site-content-layout":"normal-width-container","site-content-style":"boxed","site-sidebar-style":"unboxed","ast-global-header-display":"","ast-banner-title-visibility":"","ast-main-header-display":"","ast-hfb-above-header-display":"","ast-hfb-below-header-display":"","ast-hfb-mobile-header-display":"","site-post-title":"","ast-breadcrumbs-content":"","ast-featured-img":"","footer-sml-layout":"","theme-transparent-header-meta":"default","adv-header-id-meta":"","stick-header-meta":"","header-above-stick-meta":"","header-main-stick-meta":"","header-below-stick-meta":"","astra-migrate-meta-layouts":"set","ast-page-background-enabled":"default","ast-page-background-meta":{"desktop":{"background-color":"var(--ast-global-color-4)","background-image":"","background-repeat":"repeat","background-position":"center center","background-size":"auto","background-attachment":"scroll","background-type":"","background-media":"","overlay-type":"","overlay-color":"","overlay-opacity":"","overlay-gradient":""},"tablet":{"background-color":"","background-image":"","background-repeat":"repeat","background-position":"center center","background-size":"auto","background-attachment":"scroll","background-type":"","background-media":"","overlay-type":"","overlay-color":"","overlay-opacity":"","overlay-gradient":""},"mobile":{"background-color":"","background-image":"","background-repeat":"repeat","background-position":"center center","background-size":"auto","background-attachment":"scroll","background-type":"","background-media":"","overlay-type":"","overlay-color":"","overlay-opacity":"","overlay-gradient":""}},"ast-content-background-meta":{"desktop":{"background-color":"var(--ast-global-color-5)","background-image":"","background-repeat":"repeat","background-position":"center center","background-size":"auto","background-attachment":"scroll","background-type":"","background-media":"","overlay-type":"","overlay-color":"","overlay-opacity":"","overlay-gradient":""},"tablet":{"background-color":"var(--ast-global-color-5)","background-image":"","background-repeat":"repeat","background-position":"center center","background-size":"auto","background-attachment":"scroll","background-type":"","background-media":"","overlay-type":"","overlay-color":"","overlay-opacity":"","overlay-gradient":""},"mobile":{"background-color":"var(--ast-global-color-5)","background-image":"","background-repeat":"repeat","background-position":"center center","background-size":"auto","background-attachment":"scroll","background-type":"","background-media":"","overlay-type":"","overlay-color":"","overlay-opacity":"","overlay-gradient":""}},"_joinchat":[]},"product_brand":[],"product_cat":[25,292,293,296,299,281,123,26,28,135,27,61,137,136,15,30],"product_tag":[56,57,40,41,62,54,53,37],"class_list":{"0":"post-1995","1":"product","2":"type-product","3":"status-publish","4":"has-post-thumbnail","6":"product_cat-germany-best-selling-vape","7":"product_cat-digital-disposable-vapes","8":"product_cat-low-nicotine-disposable-vapes","9":"product_cat-shisha-hookah-disposable-vapes","10":"product_cat-smart-screen-disposable-vapes","11":"product_cat-vapme-vape","12":"product_cat-italy-wholesale-vape","13":"product_cat-netherlands-hot-sale-vape","14":"product_cat-poland-hot-sale-vape","15":"product_cat-spain-best-hot-sale-vape","16":"product_cat-fance-hot-sale-vape","17":"product_cat-15000-puffs-disposable-vapes","18":"product_cat-rechargeable-vapes","19":"product_cat-smart-screen-vapes","20":"product_cat-new-vape-this-week","21":"product_cat-minimum-order-quantity-50pcs","22":"product_tag-disposable-vape-wholesale-near-me","23":"product_tag-disposable-vape-wholesale-supplier","24":"product_tag-hot-sale-vape","25":"product_tag-original-factory-vape","26":"product_tag-puff-15000","27":"product_tag-rechargeable-disposable-vape","28":"product_tag-vapme-vape","29":"product_tag-wholesale-vape-price","30":"desktop-align-left","31":"tablet-align-left","32":"mobile-align-left","34":"first","35":"instock","36":"sale","37":"shipping-taxable","38":"purchasable","39":"product-type-simple"},"uagb_featured_image_src":{"full":["https:\/\/rmvapesale.com\/wp-content\/uploads\/2024\/09\/Vapme-Shisha-Hookah-15000.jpg",788,788,false],"thumbnail":["https:\/\/rmvapesale.com\/wp-content\/uploads\/2024\/09\/Vapme-Shisha-Hookah-15000-150x150.jpg",150,150,true],"medium":["https:\/\/rmvapesale.com\/wp-content\/uploads\/2024\/09\/Vapme-Shisha-Hookah-15000-300x300.jpg",300,300,true],"medium_large":["https:\/\/rmvapesale.com\/wp-content\/uploads\/2024\/09\/Vapme-Shisha-Hookah-15000-768x768.jpg",768,768,true],"large":["https:\/\/rmvapesale.com\/wp-content\/uploads\/2024\/09\/Vapme-Shisha-Hookah-15000.jpg",788,788,false],"1536x1536":["https:\/\/rmvapesale.com\/wp-content\/uploads\/2024\/09\/Vapme-Shisha-Hookah-15000.jpg",788,788,false],"2048x2048":["https:\/\/rmvapesale.com\/wp-content\/uploads\/2024\/09\/Vapme-Shisha-Hookah-15000.jpg",788,788,false],"trp-custom-language-flag":["https:\/\/rmvapesale.com\/wp-content\/uploads\/2024\/09\/Vapme-Shisha-Hookah-15000.jpg",12,12,false],"woocommerce_thumbnail":["https:\/\/rmvapesale.com\/wp-content\/uploads\/2024\/09\/Vapme-Shisha-Hookah-15000-300x300.jpg",300,300,true],"woocommerce_single":["https:\/\/rmvapesale.com\/wp-content\/uploads\/2024\/09\/Vapme-Shisha-Hookah-15000-600x600.jpg",600,600,true],"woocommerce_gallery_thumbnail":["https:\/\/rmvapesale.com\/wp-content\/uploads\/2024\/09\/Vapme-Shisha-Hookah-15000-100x100.jpg",100,100,true],"wcpr-photo-reviews":["https:\/\/rmvapesale.com\/wp-content\/uploads\/2024\/09\/Vapme-Shisha-Hookah-15000.jpg",500,500,false]},"uagb_author_info":{"display_name":"AMY","author_link":"https:\/\/rmvapesale.com\/lv\/author\/"},"uagb_comment_info":0,"uagb_excerpt":"Vapme Shisha Hookah 15000 Puffs Rechargeable Disposable Vape Bulk Buy Price PUFF 15000 VAPME SHISHA HOOKAH Best Flavor in Stock Vapme Shisha Hookah 15k Puffs 0% 2% Nicotine Contact Amy For More Discount And Lower MOQ Vape WhatsApp: +86 17776015835","_links":{"self":[{"href":"https:\/\/rmvapesale.com\/lv\/wp-json\/wp\/v2\/product\/1995","targetHints":{"allow":["GET"]}}],"collection":[{"href":"https:\/\/rmvapesale.com\/lv\/wp-json\/wp\/v2\/product"}],"about":[{"href":"https:\/\/rmvapesale.com\/lv\/wp-json\/wp\/v2\/types\/product"}],"replies":[{"embeddable":true,"href":"https:\/\/rmvapesale.com\/lv\/wp-json\/wp\/v2\/comments?post=1995"}],"wp:featuredmedia":[{"embeddable":true,"href":"https:\/\/rmvapesale.com\/lv\/wp-json\/wp\/v2\/media\/2000"}],"wp:attachment":[{"href":"https:\/\/rmvapesale.com\/lv\/wp-json\/wp\/v2\/media?parent=1995"}],"wp:term":[{"taxonomy":"product_brand","embeddable":true,"href":"https:\/\/rmvapesale.com\/lv\/wp-json\/wp\/v2\/product_brand?post=1995"},{"taxonomy":"product_cat","embeddable":true,"href":"https:\/\/rmvapesale.com\/lv\/wp-json\/wp\/v2\/product_cat?post=1995"},{"taxonomy":"product_tag","embeddable":true,"href":"https:\/\/rmvapesale.com\/lv\/wp-json\/wp\/v2\/product_tag?post=1995"}],"curies":[{"name":"wp","href":"https:\/\/api.w.org\/{rel}","templated":true}]}}