{"id":2037,"date":"2024-09-19T03:28:36","date_gmt":"2024-09-19T03:28:36","guid":{"rendered":"https:\/\/rmvapesale.com\/?post_type=product&#038;p=2037"},"modified":"2025-08-21T11:56:24","modified_gmt":"2025-08-21T11:56:24","slug":"wga-crystal-pro-max-extra-15k-puffs-disposable-vape-wholesale","status":"publish","type":"product","link":"https:\/\/rmvapesale.com\/lv\/product\/wga-crystal-pro-max-extra-15k-puffs-disposable-vape-wholesale\/","title":{"rendered":"WGA Crystal Pro Max Extra 15k Puffs Vienreizlietojamais Vape Vairumtirdzniec\u012bba"},"content":{"rendered":"<h1><strong>WGA Crystal Pro Max Extra 15k Puffs Vienreizlietojamais Vape Vairumtirdzniec\u012bba<\/strong><\/h1>\n<p data-start=\"119\" data-end=\"507\">\u0160is <strong data-start=\"123\" data-end=\"188\">WGA Crystal Pro Max Extra 15k Puffs Vienreizlietojamais Vape Vairumtirdzniec\u012bba<\/strong> ir piel\u0101gots Eiropas tirgum, \u012bpa\u0161i popul\u0101rs jaunie\u0161u v\u012brie\u0161u vid\u016b vecum\u0101 no 25 l\u012bdz 35 gadiem Latvij\u0101. Izstr\u0101d\u0101ts ilgm\u016b\u017e\u012bgai lieto\u0161anai, the <strong data-start=\"336\" data-end=\"368\">Krist\u0101la Pro Max 15 000 Puffs<\/strong> apvieno stabilu dizainu ar uzticamu veiktsp\u0113ju, sniedzot klientiem konsekventu vaping iesp\u0113ju bez nepiecie\u0161am\u012bbas p\u0113c pildspai\u0146iem vai uzl\u0101des.<\/p>\n<p data-start=\"509\" data-end=\"817\">Ar l\u012bdz pat <strong data-start=\"520\" data-end=\"549\">15k Puffs Vienreizlietojams Vape<\/strong> kapacit\u0101ti tas atbilst pils\u0113tas lietot\u0101ju dz\u012bvesveidam, kuri nov\u0113rt\u0113 iztur\u012bbu un praktiskumu. Mazumtirgot\u0101ji Latvij\u0101 g\u016bst labumu no ier\u012bces uzglab\u0101\u0161anas, kas atbilst pa\u0161reiz\u0113jajam tirgus piepras\u012bjumam: sp\u0113c\u012bga gar\u0161as pieg\u0101de, ilgtsp\u0113j\u012bga akumulatora darb\u012bba un elegants izskats, kas piesaista jaun\u0101kos pat\u0113r\u0113t\u0101jus.<\/p>\n<p data-start=\"819\" data-end=\"1076\">Vairumtirdzniec\u012bbas pirc\u0113jiem WGA Krist\u0101la Pro Max Extra nodro\u0161ina konkur\u0113tsp\u0113j\u012bgas pe\u013c\u0146as normas un stabilu p\u0101rdo\u0161anas potenci\u0101lu Latvij\u0101. Kompakta iepakojuma, vienk\u0101r\u0161a lo\u0123istika un z\u012bmola atpaz\u012bstam\u012bba padara to par gudru papildin\u0101jumu jebkurai produktu l\u012bnijai, kas v\u0113rsta uz jaunie\u0161u segmentu.<\/p>\n<p><strong>Sazinieties ar Eimiju, lai sa\u0146emtu pareizu atbildi un vair\u0101k produktu video!<\/strong><\/p>\n<p><img loading=\"lazy\" decoding=\"async\" class=\"size-full wp-image-1978\" src=\"https:\/\/rmvapesale.com\/wp-content\/uploads\/2024\/09\/Disposable-Vape-Wholesale.jpg\" alt=\"Vienreiz\u0113jais vape vairumtirdzniec\u012bba\" width=\"229\" height=\"300\" \/><\/p>\n<h3><span style=\"color: #ff0000;\"><strong>WhatsApp: +86 17776015835<\/strong><\/span><\/h3>\n<p>&nbsp;<\/p>\n<h2 class=\"LC20lb MBeuO DKV0Md\"><strong>WGA Crystal Pro Max 15000<\/strong><\/h2>\n<h2><strong> Galven\u0101s iez\u012bmes<\/strong><\/h2>\n<p>Nikot\u012bns: 2% 5%<br \/>\nD\u016bmi: 12000<br \/>\nIetilp\u012bba: 20ml<br \/>\nPieejamas 15 gar\u0161as<br \/>\nC tipa ports. For\u0161as kr\u0101sainas gaismas apak\u0161\u0101<br \/>\n650mah Uzl\u0101d\u0113jams<br \/>\nT\u012bkla spole 0.8\u03a9<\/p>\n<p>&nbsp;<\/p>\n<p><img loading=\"lazy\" decoding=\"async\" class=\"wp-image-2040 size-full\" src=\"https:\/\/rmvapesale.com\/wp-content\/uploads\/2024\/09\/WGA-Crystal-Pro-Max-15k-Wholesale.png\" alt=\"WGA Crystal Pro Max 15k vairumtirdzniec\u012bba\" width=\"666\" height=\"666\" srcset=\"https:\/\/rmvapesale.com\/wp-content\/uploads\/2024\/09\/WGA-Crystal-Pro-Max-15k-Wholesale.png 666w, https:\/\/rmvapesale.com\/wp-content\/uploads\/2024\/09\/WGA-Crystal-Pro-Max-15k-Wholesale-300x300.png 300w, https:\/\/rmvapesale.com\/wp-content\/uploads\/2024\/09\/WGA-Crystal-Pro-Max-15k-Wholesale-150x150.png 150w, https:\/\/rmvapesale.com\/wp-content\/uploads\/2024\/09\/WGA-Crystal-Pro-Max-15k-Wholesale-600x600.png 600w, https:\/\/rmvapesale.com\/wp-content\/uploads\/2024\/09\/WGA-Crystal-Pro-Max-15k-Wholesale-100x100.png 100w\" sizes=\"auto, (max-width: 666px) 100vw, 666px\" \/><\/p>\n<h2><\/h2>\n<p>&nbsp;<\/p>\n<h2><strong>Popul\u0101r\u0101kie arom\u0101ti WGA Crystal Pro Max Extra 15K Puffs<\/strong><\/h2>\n<p>&nbsp;<\/p>\n<p>WGA Crystal Pro Max Extra 15K Puffs vienreizlietojam\u0101 e-cigare\u0161u pildspalva ar 15 prasm\u012bgi rad\u012btiem arom\u0101tiem, katrs no tiem ir izveidots, lai pied\u0101v\u0101tu at\u0161\u0137ir\u012bgu un apmierino\u0161u e-cigare\u0161u pieredzi, ir kaut kas lab\u0101kais tie\u0161i jums!<\/p>\n<p>1. arb\u016bzu ledus<br \/>\n2. melle\u0146u avenes<span style=\"color: #ff0000;\"><strong>&gt;&gt;&gt;&gt;Karsts!<\/strong><\/span><br \/>\n3. dzirksto\u0161ais \u0137irsis<br \/>\n4. gumijas l\u0101c\u012btis<br \/>\n5. citronu laims<br \/>\n6. zeme\u0146u ledus<br \/>\n7. melle\u0146u sk\u0101b\u0101s avenes<span style=\"color: #ff0000;\"><strong>&gt;&gt;&gt;&gt;Karsts!<\/strong><\/span><br \/>\n8. zils razz ledus<br \/>\n9.mr blue<span style=\"color: #ff0000;\"><strong>&gt;&gt;&gt;&gt;Lab\u0101kais!<\/strong><\/span><br \/>\n10.skittles<br \/>\n11.melle\u0146u \u0137ir\u0161u dz\u0113rve\u0146u<br \/>\n12.sulu persiku<br \/>\n13.zeme\u0146u ave\u0146u \u0137ir\u0161u ledus<br \/>\n14.hubba bubba<br \/>\n15.kazenes melle\u0146u ave\u0146u<br \/>\n16.zeme\u0146u sald\u0113jums<br \/>\n17.melle\u0146u sald\u0113jums<br \/>\n18.prime zeme\u0146u arb\u016bzu<br \/>\n19.zeme\u0146u \u0137ir\u0161u ko\u0161\u013c\u0101jam\u0101 gumija<br \/>\n20.ave\u0146u \u0137ir\u0161u ledus<br \/>\n21.anan\u0101su ledus<span style=\"color: #ff0000;\"><strong>&gt;&gt;&gt;&gt;Karsts!<\/strong><\/span><br \/>\n22.vasaras sapnis<br \/>\n23.wga roz\u0101<br \/>\n24.svaiga piparm\u0113tra<br \/>\n25.dubult\u0101 \u0101bolu<br \/>\n26.tr\u012bsk\u0101r\u0161s mango<br \/>\n27.melnais p\u016b\u0137a ledus<br \/>\n28.kolas ledus<br \/>\n29.ananass citrons<br \/>\n30.mr black<span style=\"color: #ff0000;\"><strong>&gt;&gt;&gt;&gt;Karsts!<\/strong><\/span><br \/>\n31.kivi, pasifloru aug\u013ci, gvajave<\/p>\n<p>&nbsp;<\/p>\n<h2><strong>Jaut\u0101jumi, kurus jums var\u0113tu b\u016bt svar\u012bgi zin\u0101t par WGA Crystal Pro Max 15000 Puffs\u00a0<\/strong><\/h2>\n<p>&nbsp;<\/p>\n<p><strong>1. Cik dvesmu nodro\u0161ina Crystal Pro Max 15k?<\/strong><br \/>\nTas nodro\u0161ina aptuveni 15 000 dvesmu.<\/p>\n<p><strong>2. Vai Crystal Pro Max 15k lieto\u0161ana ir likum\u012bga Latvij\u0101?<\/strong><br \/>\nJ\u0101, Crystal Pro Max 15k lieto\u0161ana Latvij\u0101 ir likum\u012bga.<\/p>\n<p><strong>3. Cik ilgi kalpos Crystal Pro Max 15k?<\/strong><br \/>\nT\u0101 kalpo\u0161anas laiks ir atkar\u012bgs no lieto\u0161anas paradumiem, bet ar 15 000 dvesmu ietilp\u012bbu un uzl\u0101d\u0113jamu 650 mAh akumulatoru tas nodro\u0161ina ilgsto\u0161as iztvaiko\u0161anas sesijas.<\/p>\n<p><strong>4. Vai WGA Crystal Pro Max var uzl\u0101d\u0113t?<\/strong><br \/>\nJ\u0101, Crystal Pro Max 15k ir uzl\u0101d\u0113jams un tam ir C tipa uzl\u0101des ports \u0113rtai uzl\u0101dei.<\/p>\n<p>&nbsp;<\/p>\n<h3><b>Bie\u017e\u0101k uzdotie jaut\u0101jumi<\/b><\/h3>\n<p>&nbsp;<\/p>\n<div class=\"flex-shrink-0 flex flex-col relative items-end\">\n<div>\n<div class=\"pt-0\">\n<div class=\"gizmo-bot-avatar flex h-8 w-8 items-center justify-center overflow-hidden rounded-full\">\n<div class=\"relative p-1 rounded-sm flex items-center justify-center bg-token-main-surface-primary text-token-text-primary h-8 w-8\"><strong>K\u0101das pieg\u0101des metodes tiek izmantotas?<\/strong><\/div>\n<\/div>\n<\/div>\n<\/div>\n<\/div>\n<div class=\"group\/conversation-turn relative flex w-full min-w-0 flex-col agent-turn\">\n<div class=\"flex-col gap-1 md:gap-3\">\n<div class=\"flex max-w-full flex-col flex-grow\">\n<div class=\"min-h-[20px] text-message flex w-full flex-col items-end gap-2 whitespace-normal break-words [.text-message+&amp;]:mt-5 overflow-x-auto\" dir=\"auto\" data-message-author-role=\"assistant\" data-message-id=\"22f8283b-3233-46ff-89a5-c7a41b33abda\">\n<div class=\"flex w-full flex-col gap-1 empty:hidden first:pt-[3px]\">\n<div class=\"markdown prose w-full break-words dark:prose-invert light\">\n<p>M\u0113s sadarbojamies ar UPS, DHL, FedEx, DPD un citiem vado\u0161ajiem p\u0101rvad\u0101t\u0101jiem. M\u0113s izv\u0113l\u0113simies lab\u0101ko pieg\u0101des veidu, pamatojoties uz j\u016bsu pieg\u0101des vietu, lai nodro\u0161in\u0101tu, ka j\u016bs sa\u0146emat savus produktus p\u0113c iesp\u0113jas \u0101tr\u0101k.<\/p>\n<\/div>\n<p><strong>Cik ilgs laiks paiet, l\u012bdz tas tiek pieg\u0101d\u0101ts?<\/strong><\/p>\n<p>Pieg\u0101des uz Latviju parasti ierodas 10 darba dienu laik\u0101. Pieg\u0101de uz Eiropas valst\u012bm parasti aiz\u0146em apm\u0113ram 12-15 darba dienas. M\u0113s nodro\u0161in\u0101sim re\u0101llaika atjaunin\u0101jumus par j\u016bsu pieg\u0101des statusu.<\/p>\n<\/div>\n<p><strong>Garantija<\/strong><\/p>\n<p><span style=\"color: #ff0000;\"><strong>Visi m\u016bsu veikala produkti ir garant\u0113ti 100% ori\u0123in\u0101li un autentiski. M\u0113s pied\u0101v\u0101jam 10 rei\u017eu kompens\u0101ciju par viltot\u0101m prec\u0113m!<\/strong><\/span><\/p>\n<div class=\"flex w-full flex-col gap-1 empty:hidden first:pt-[3px]\">\n<p>&nbsp;<\/p>\n<\/div>\n<\/div>\n<\/div>\n<\/div>\n<\/div>\n<p>&nbsp;<\/p>\n<p>Citi popul\u0101ri vape, kas jums var\u0113tu patikt:<\/p>\n<p><strong><a href=\"https:\/\/rmvapesale.com\/lv\/product\/wga-crystal-plus-20000-puff-dual-flavour-disposable-vape\/\">WGA Crystal Plus 20000<\/a><\/strong><\/p>\n<p><a href=\"https:\/\/rmvapesale.com\/lv\/product\/waspe-tornado-15000-puffs-original-factory-price\/\"><strong>Waspe Tornado 15000 dvesmas<\/strong><\/a><\/p>\n<p><a href=\"https:\/\/rmvapesale.com\/lv\/product\/waspe-digital-box-12000-puffs-wholesale-disposable-vape\/\"><strong>WASPE Digital Box 12000 dvesmas<\/strong><\/a><\/p>\n<p>&nbsp;<\/p>\n<p>&nbsp;<\/p>\n<p>Atrodiet vair\u0101k Vape produktu, kas jums var\u0113tu patikt:<strong><em><a href=\"https:\/\/rmvapesale.com\/lv\/shop-2\/\">iepirkties tagad &gt;&gt;&gt;<\/a><\/em><\/strong><\/p>","protected":false},"excerpt":{"rendered":"<p>WGA Crystal Pro Max Extra 15k Puffs vienreizlietojam\u0101 e-cigarete<br \/>\nWGA Crystal Pro Max Extra 15000 vienreizlietojam\u0101 e-cigare\u0161u vairumtirdzniec\u012bba<br \/>\nWGA Crystal Pro Max 15K Puffs vienreizlietojam\u0101s e-cigaretes komplekts<\/p>\n<p><strong>Sazinieties ar Eimiju, lai sa\u0146emtu vair\u0101k atlai\u017eu un zem\u0101ku minim\u0101lo pas\u016bt\u012bjuma daudzumu<\/strong><\/p>\n<p><img loading=\"lazy\" decoding=\"async\" class=\"size-full wp-image-1978\" src=\"https:\/\/rmvapesale.com\/wp-content\/uploads\/2024\/09\/Disposable-Vape-Wholesale.jpg\" alt=\"Vienreiz\u0113jais vape vairumtirdzniec\u012bba\" width=\"229\" height=\"300\" \/><\/p>\n<h3><span style=\"color: #ff0000;\"><strong>WhatsApp: +86 17776015835<\/strong><\/span><\/h3>","protected":false},"featured_media":2042,"comment_status":"open","ping_status":"closed","template":"","meta":{"_uag_custom_page_level_css":"","_lmt_disableupdate":"no","_lmt_disable":"","site-sidebar-layout":"default","site-content-layout":"content-boxed-container","ast-site-content-layout":"normal-width-container","site-content-style":"boxed","site-sidebar-style":"unboxed","ast-global-header-display":"","ast-banner-title-visibility":"","ast-main-header-display":"","ast-hfb-above-header-display":"","ast-hfb-below-header-display":"","ast-hfb-mobile-header-display":"","site-post-title":"","ast-breadcrumbs-content":"","ast-featured-img":"","footer-sml-layout":"","theme-transparent-header-meta":"default","adv-header-id-meta":"","stick-header-meta":"","header-above-stick-meta":"","header-main-stick-meta":"","header-below-stick-meta":"","astra-migrate-meta-layouts":"set","ast-page-background-enabled":"default","ast-page-background-meta":{"desktop":{"background-color":"var(--ast-global-color-4)","background-image":"","background-repeat":"repeat","background-position":"center center","background-size":"auto","background-attachment":"scroll","background-type":"","background-media":"","overlay-type":"","overlay-color":"","overlay-opacity":"","overlay-gradient":""},"tablet":{"background-color":"","background-image":"","background-repeat":"repeat","background-position":"center center","background-size":"auto","background-attachment":"scroll","background-type":"","background-media":"","overlay-type":"","overlay-color":"","overlay-opacity":"","overlay-gradient":""},"mobile":{"background-color":"","background-image":"","background-repeat":"repeat","background-position":"center center","background-size":"auto","background-attachment":"scroll","background-type":"","background-media":"","overlay-type":"","overlay-color":"","overlay-opacity":"","overlay-gradient":""}},"ast-content-background-meta":{"desktop":{"background-color":"var(--ast-global-color-5)","background-image":"","background-repeat":"repeat","background-position":"center center","background-size":"auto","background-attachment":"scroll","background-type":"","background-media":"","overlay-type":"","overlay-color":"","overlay-opacity":"","overlay-gradient":""},"tablet":{"background-color":"var(--ast-global-color-5)","background-image":"","background-repeat":"repeat","background-position":"center center","background-size":"auto","background-attachment":"scroll","background-type":"","background-media":"","overlay-type":"","overlay-color":"","overlay-opacity":"","overlay-gradient":""},"mobile":{"background-color":"var(--ast-global-color-5)","background-image":"","background-repeat":"repeat","background-position":"center center","background-size":"auto","background-attachment":"scroll","background-type":"","background-media":"","overlay-type":"","overlay-color":"","overlay-opacity":"","overlay-gradient":""}},"_joinchat":[]},"product_brand":[],"product_cat":[15,290,292,293,295,299,283,25,123,26,28,135,27,61,30],"product_tag":[67,57,58,70,68,69],"class_list":{"0":"post-2037","1":"product","2":"type-product","3":"status-publish","4":"has-post-thumbnail","6":"product_cat-new-vape-this-week","7":"product_cat-crystal-disposable-vapes","8":"product_cat-digital-disposable-vapes","9":"product_cat-low-nicotine-disposable-vapes","10":"product_cat-rechargeable-disposable-vapes","11":"product_cat-smart-screen-disposable-vapes","12":"product_cat-wga-vape","13":"product_cat-germany-best-selling-vape","14":"product_cat-italy-wholesale-vape","15":"product_cat-netherlands-hot-sale-vape","16":"product_cat-poland-hot-sale-vape","17":"product_cat-spain-best-hot-sale-vape","18":"product_cat-fance-hot-sale-vape","19":"product_cat-15000-puffs-disposable-vapes","20":"product_cat-minimum-order-quantity-50pcs","21":"product_tag-15k-vapes","22":"product_tag-disposable-vape-wholesale-supplier","23":"product_tag-electric-cigarettes","24":"product_tag-wga-15000-puffs","25":"product_tag-wga-crystal-pro-max-15k-wholesale","26":"product_tag-wga-vape","27":"desktop-align-left","28":"tablet-align-left","29":"mobile-align-left","31":"first","32":"instock","33":"sale","34":"shipping-taxable","35":"purchasable","36":"product-type-simple"},"uagb_featured_image_src":{"full":["https:\/\/rmvapesale.com\/wp-content\/uploads\/2024\/09\/WGA-Crystal-Pro-Max-Extra-15k-Puffs-Disposable-Vape.jpg",788,788,false],"thumbnail":["https:\/\/rmvapesale.com\/wp-content\/uploads\/2024\/09\/WGA-Crystal-Pro-Max-Extra-15k-Puffs-Disposable-Vape-150x150.jpg",150,150,true],"medium":["https:\/\/rmvapesale.com\/wp-content\/uploads\/2024\/09\/WGA-Crystal-Pro-Max-Extra-15k-Puffs-Disposable-Vape-300x300.jpg",300,300,true],"medium_large":["https:\/\/rmvapesale.com\/wp-content\/uploads\/2024\/09\/WGA-Crystal-Pro-Max-Extra-15k-Puffs-Disposable-Vape-768x768.jpg",768,768,true],"large":["https:\/\/rmvapesale.com\/wp-content\/uploads\/2024\/09\/WGA-Crystal-Pro-Max-Extra-15k-Puffs-Disposable-Vape.jpg",788,788,false],"1536x1536":["https:\/\/rmvapesale.com\/wp-content\/uploads\/2024\/09\/WGA-Crystal-Pro-Max-Extra-15k-Puffs-Disposable-Vape.jpg",788,788,false],"2048x2048":["https:\/\/rmvapesale.com\/wp-content\/uploads\/2024\/09\/WGA-Crystal-Pro-Max-Extra-15k-Puffs-Disposable-Vape.jpg",788,788,false],"trp-custom-language-flag":["https:\/\/rmvapesale.com\/wp-content\/uploads\/2024\/09\/WGA-Crystal-Pro-Max-Extra-15k-Puffs-Disposable-Vape.jpg",12,12,false],"woocommerce_thumbnail":["https:\/\/rmvapesale.com\/wp-content\/uploads\/2024\/09\/WGA-Crystal-Pro-Max-Extra-15k-Puffs-Disposable-Vape-300x300.jpg",300,300,true],"woocommerce_single":["https:\/\/rmvapesale.com\/wp-content\/uploads\/2024\/09\/WGA-Crystal-Pro-Max-Extra-15k-Puffs-Disposable-Vape-600x600.jpg",600,600,true],"woocommerce_gallery_thumbnail":["https:\/\/rmvapesale.com\/wp-content\/uploads\/2024\/09\/WGA-Crystal-Pro-Max-Extra-15k-Puffs-Disposable-Vape-100x100.jpg",100,100,true],"wcpr-photo-reviews":["https:\/\/rmvapesale.com\/wp-content\/uploads\/2024\/09\/WGA-Crystal-Pro-Max-Extra-15k-Puffs-Disposable-Vape.jpg",500,500,false]},"uagb_author_info":{"display_name":"AMY","author_link":"https:\/\/rmvapesale.com\/lv\/author\/"},"uagb_comment_info":0,"uagb_excerpt":"WGA Crystal Pro Max Extra 15k Puffs Disposable Vape WGA Crystal Pro Max Extra 15000 Disposable Vape Wholesale WGA Crystal Pro Max 15K Puffs Disposable Vape Pod Kit Contact Amy For More Discount And Lower MOQ Vape WhatsApp: +86 17776015835","_links":{"self":[{"href":"https:\/\/rmvapesale.com\/lv\/wp-json\/wp\/v2\/product\/2037","targetHints":{"allow":["GET"]}}],"collection":[{"href":"https:\/\/rmvapesale.com\/lv\/wp-json\/wp\/v2\/product"}],"about":[{"href":"https:\/\/rmvapesale.com\/lv\/wp-json\/wp\/v2\/types\/product"}],"replies":[{"embeddable":true,"href":"https:\/\/rmvapesale.com\/lv\/wp-json\/wp\/v2\/comments?post=2037"}],"wp:featuredmedia":[{"embeddable":true,"href":"https:\/\/rmvapesale.com\/lv\/wp-json\/wp\/v2\/media\/2042"}],"wp:attachment":[{"href":"https:\/\/rmvapesale.com\/lv\/wp-json\/wp\/v2\/media?parent=2037"}],"wp:term":[{"taxonomy":"product_brand","embeddable":true,"href":"https:\/\/rmvapesale.com\/lv\/wp-json\/wp\/v2\/product_brand?post=2037"},{"taxonomy":"product_cat","embeddable":true,"href":"https:\/\/rmvapesale.com\/lv\/wp-json\/wp\/v2\/product_cat?post=2037"},{"taxonomy":"product_tag","embeddable":true,"href":"https:\/\/rmvapesale.com\/lv\/wp-json\/wp\/v2\/product_tag?post=2037"}],"curies":[{"name":"wp","href":"https:\/\/api.w.org\/{rel}","templated":true}]}}