{"id":2085,"date":"2024-09-20T07:41:27","date_gmt":"2024-09-20T07:41:27","guid":{"rendered":"https:\/\/rmvapesale.com\/?post_type=product&#038;p=2085"},"modified":"2025-01-21T09:16:41","modified_gmt":"2025-01-21T09:16:41","slug":"bang-box-vape-15000-puffs-0-2-3-5-nicotine","status":"publish","type":"product","link":"https:\/\/rmvapesale.com\/lv\/product\/bang-box-vape-15000-puffs-0-2-3-5-nicotine\/","title":{"rendered":"Bang Box Vape 15000 dvesmas 0% 2% 3% 5% Nikot\u012bns"},"content":{"rendered":"<h1 class=\"LC20lb MBeuO DKV0Md\">Bang Box Vape 15000 dvesmas 0% 2% 3% 5% Nikot\u012bns<\/h1>\n<p>&nbsp;<\/p>\n<p><span style=\"font-size: 16px\">Bang Box 15000 ir jauns vienreizlietojams vape ar LED vied\u0101 ekr\u0101na displeju akumulatora l\u012bme\u0146a att\u0113lo\u0161anai. Ar 12 pieejam\u0101m gar\u0161\u0101m j\u016bs varat baud\u012bt personaliz\u0113tu iztvaiko\u0161anas pieredzi. Ier\u012bces displejs \u013cauj re\u0101llaik\u0101 uzraudz\u012bt akumulatora un \u0161\u0137idruma l\u012bmeni, savuk\u0101rt C tipa uzl\u0101des ports apak\u0161\u0101 nodro\u0161ina, ka varat viegli uzpild\u012bt tvertni l\u012bdz p\u0113d\u0113jai pilienai.<\/span><\/p>\n<p>Ieg\u0101d\u0101jieties Bang Box 15000 Puffs par vairumtirdzniec\u012bbas cen\u0101m jau tagad!<\/p>\n<p><strong>Sazinieties ar Eimiju, lai sa\u0146emtu pareizu atbildi un liel\u0101kas atlaides!<\/strong><\/p>\n<p><img loading=\"lazy\" decoding=\"async\" class=\"size-medium wp-image-1814\" src=\"https:\/\/rmvapesale.com\/wp-content\/uploads\/2024\/04\/whatsapp-amy-229x300.jpg\" alt=\"whatsapp amy\" width=\"229\" height=\"300\" srcset=\"https:\/\/rmvapesale.com\/wp-content\/uploads\/2024\/04\/whatsapp-amy-229x300.jpg 229w, https:\/\/rmvapesale.com\/wp-content\/uploads\/2024\/04\/whatsapp-amy-783x1024.jpg 783w, https:\/\/rmvapesale.com\/wp-content\/uploads\/2024\/04\/whatsapp-amy-768x1005.jpg 768w, https:\/\/rmvapesale.com\/wp-content\/uploads\/2024\/04\/whatsapp-amy-600x785.jpg 600w, https:\/\/rmvapesale.com\/wp-content\/uploads\/2024\/04\/whatsapp-amy.jpg 990w\" sizes=\"auto, (max-width: 229px) 100vw, 229px\" \/><\/p>\n<h3><span style=\"color: #ff0000\"><strong>WhatsApp: +86 17776015835<\/strong><\/span><\/h3>\n<p>&nbsp;<\/p>\n<h2><strong>Bang Box Vape 15000 Puffs galven\u0101s \u012bpa\u0161\u012bbas<\/strong><\/h2>\n<p>&nbsp;<\/p>\n<p>Z\u012bmols: Bang Vape<br \/>\nNikot\u012bns: 0% 2% 3% 5%<br \/>\nP\u016btieni: 12000<br \/>\nIetilp\u012bba: 20ml<br \/>\nPieejamas 12 gar\u0161as<br \/>\n650mah Uzl\u0101d\u0113jams<br \/>\nT\u012bkla spole<br \/>\nC tipa<\/p>\n<p>&nbsp;<\/p>\n<h2><strong>K\u0101da ir lab\u0101k\u0101 gar\u0161a Vape Bang Box Vape 15k Puffs<\/strong><strong>?<\/strong><\/h2>\n<p>\u0160is Vape Bang Box Vape 15000 pied\u0101v\u0101 kopum\u0101 12 pieejamas gar\u0161as, izv\u0113lieties no apburo\u0161as gar\u0161u daudzveid\u012bbas, ieskaitot zeme\u0146u ban\u0101nu, \u0137ir\u0161u kolu un melle\u0146u avenes, u.c., un iegremd\u0113jieties gar\u0161u un apmierin\u0101t\u012bbas pasaul\u0113.<\/p>\n<p>1. Zeme\u0146u ban\u0101ns<br \/>\n2. Melle\u0146u zemenes<span style=\"color: #ff0000\"><strong>&gt;&gt;&gt;&gt;Karsts!<\/strong><\/span><br \/>\n3. Zeme\u0146u kivi<br \/>\n4. V\u012bnogu \u017eeleja<br \/>\n5. Ave\u0146u sk\u0101bs \u0101bols<span style=\"color: #ff0000\"><strong>&gt;&gt;&gt;&gt;Karsts!<\/strong><\/span><br \/>\n6. \u0136ir\u0161u kola<br \/>\n7. Zeme\u0146u arb\u016bzs<br \/>\n8. Mango ar ledu<br \/>\n9. Zeme\u0146u v\u012bnogu<br \/>\n10.Arb\u016bzu ledus<br \/>\n11. Melle\u0146u avenes<span style=\"color: #ff0000\"><strong>&gt;&gt;&gt;&gt;Lab\u0101kais!<\/strong><\/span><br \/>\n12. Jaukta oga<\/p>\n<p>&nbsp;<\/p>\n<p><img loading=\"lazy\" decoding=\"async\" class=\"size-medium wp-image-2080\" src=\"https:\/\/rmvapesale.com\/wp-content\/uploads\/2024\/09\/Bang-Box-Vape-15000-Puffs-300x300.png\" alt=\"Bang Box Vape 15000 Puffs\" width=\"300\" height=\"300\" srcset=\"https:\/\/rmvapesale.com\/wp-content\/uploads\/2024\/09\/Bang-Box-Vape-15000-Puffs-300x300.png 300w, https:\/\/rmvapesale.com\/wp-content\/uploads\/2024\/09\/Bang-Box-Vape-15000-Puffs-150x150.png 150w, https:\/\/rmvapesale.com\/wp-content\/uploads\/2024\/09\/Bang-Box-Vape-15000-Puffs-768x768.png 768w, https:\/\/rmvapesale.com\/wp-content\/uploads\/2024\/09\/Bang-Box-Vape-15000-Puffs-600x600.png 600w, https:\/\/rmvapesale.com\/wp-content\/uploads\/2024\/09\/Bang-Box-Vape-15000-Puffs-100x100.png 100w, https:\/\/rmvapesale.com\/wp-content\/uploads\/2024\/09\/Bang-Box-Vape-15000-Puffs.png 788w\" sizes=\"auto, (max-width: 300px) 100vw, 300px\" \/><\/p>\n<p>&nbsp;<\/p>\n<h2><strong>Jaut\u0101jumi, ko j\u016bs var\u0113tu v\u0113l\u0113ties zin\u0101t par Vape Bang Box Vape 15000 Puffs<\/strong><\/h2>\n<p>&nbsp;<\/p>\n<p><strong>1. Cik daudz piep\u016b\u0161anos es varu sagaid\u012bt no Vape Bang Box Vape 15000 Puffs?<\/strong><\/p>\n<p>Vape Bang Box Vape 15k Puffs pied\u0101v\u0101 iespaid\u012bgu 15000 piep\u016b\u0161anos (testa vid\u0113), nodro\u0161inot ilgu lieto\u0161anas laiku un ilgsto\u0161u apmierin\u0101t\u012bbu.<\/p>\n<p><strong>2. K\u0101du nikot\u012bna stiprumu pied\u0101v\u0101 Bang Box Vape 15k Puffs?<\/strong><\/p>\n<p>Vape Bang Box Vape 15k ir iepriek\u0161 piepild\u012bts ar 25 ml e-\u0161\u0137idruma ar 0% 2% 3% 5% nikot\u012bna stiprumu, pied\u0101v\u0101jot l\u012bdzsvarotu iztvaiko\u0161anas pieredzi.<\/p>\n<p><strong>3. K\u0101 Mesh Coil tehnolo\u0123ija uzlabo tvaic\u0113\u0161anas pieredzi?<\/strong><\/p>\n<p>Mesh Coil tehnolo\u0123ija, kas integr\u0113ta Bang Tornado 12000 Puffs, ir apr\u012bkota ar zemas pretest\u012bbas 1,2 omu spoli. \u0160is dizains maksim\u0101li palielina sild\u012b\u0161anas virsmas laukumu, k\u0101 rezult\u0101t\u0101 tiek pan\u0101kta vienm\u0113r\u012bg\u0101ka dvesma un uzlabota tvaika ra\u017eo\u0161ana. Tehnolo\u0123ija garant\u0113 vienm\u0113r\u012bgu un konsekventu e-\u0161\u0137idruma sild\u012b\u0161anu, nodro\u0161inot izcilu gar\u0161as pieredzi.<\/p>\n<p><strong>4. Kur es varu ieg\u0101d\u0101ties Genuine Bang King Vape 20000 Puffs?<\/strong><\/p>\n<p>Genuine Bang Box Vape 15k ir pieejams ieg\u0101dei pie pilnvarotiem izplat\u012bt\u0101jiem. Vairumtirdzniec\u012bbas piepras\u012bjumiem izplat\u012bt\u0101ji var <a href=\"https:\/\/wa.me\/8617776015835\" target=\"_blank\" rel=\"noopener\">sazin\u0101ties ar mums<\/a> tie\u0161i. Mazumtirdzniec\u012bbas klienti var atrast produktu atsevi\u0161\u0137os mazumtirgot\u0101jos vai tie\u0161saistes veikalos. Visi produkti m\u016bsu veikal\u0101 ir 100% ori\u0123in\u0101li un autentiski, t\u0101p\u0113c desmitk\u0101rt\u012bga kompens\u0101cija par viltot\u0101m prec\u0113m ir m\u016bsu veikala politika.<\/p>\n<p>&nbsp;<\/p>\n<h2><b>Bie\u017e\u0101k uzdotie jaut\u0101jumi<\/b><\/h2>\n<div class=\"flex-shrink-0 flex flex-col relative items-end\">\n<div>\n<div class=\"pt-0\">\n<div class=\"gizmo-bot-avatar flex h-8 w-8 items-center justify-center overflow-hidden rounded-full\">\n<div><\/div>\n<div class=\"relative p-1 rounded-sm flex items-center justify-center bg-token-main-surface-primary text-token-text-primary h-8 w-8\"><strong>K\u0101das pieg\u0101des metodes tiek izmantotas?<\/strong><\/div>\n<\/div>\n<\/div>\n<\/div>\n<\/div>\n<div class=\"group\/conversation-turn relative flex w-full min-w-0 flex-col agent-turn\">\n<div class=\"flex-col gap-1 md:gap-3\">\n<div class=\"flex max-w-full flex-col flex-grow\">\n<div class=\"min-h-[20px] text-message flex w-full flex-col items-end gap-2 whitespace-normal break-words [.text-message+&amp;]:mt-5 overflow-x-auto\" dir=\"auto\" data-message-author-role=\"assistant\" data-message-id=\"22f8283b-3233-46ff-89a5-c7a41b33abda\">\n<div class=\"flex w-full flex-col gap-1 empty:hidden first:pt-[3px]\">\n<div class=\"markdown prose w-full break-words dark:prose-invert light\">\n<p>M\u0113s sadarbojamies ar UPS, DHL, FedEx, DPD un citiem vado\u0161ajiem p\u0101rvad\u0101t\u0101jiem. M\u0113s izv\u0113l\u0113simies lab\u0101ko pieg\u0101des veidu, pamatojoties uz j\u016bsu pieg\u0101des vietu, lai nodro\u0161in\u0101tu, ka j\u016bs sa\u0146emat savus produktus p\u0113c iesp\u0113jas \u0101tr\u0101k.<\/p>\n<\/div>\n<p><strong>Cik ilgs laiks paiet, l\u012bdz tas tiek pieg\u0101d\u0101ts?<\/strong><\/p>\n<p>Uz Latviju parasti ierodas 10 darba dienu laik\u0101.<\/p>\n<p>Uz Eiropas valst\u012bm parasti aiz\u0146em apm\u0113ram 12-15 darba dienas.<\/p>\n<p>M\u0113s nodro\u0161in\u0101sim j\u016bsu s\u016bt\u012bjuma statusa re\u0101llaika atjaunin\u0101jumus.<\/p>\n<\/div>\n<\/div>\n<\/div>\n<\/div>\n<\/div>\n<p>&nbsp;<\/p>\n<p>citi karstie vape, kas jums var\u0113tu patikt:<\/p>\n<p><a href=\"https:\/\/rmvapesale.com\/lv\/product\/bang-20000-puffs-disposable-vape-wholesale-supplier\/\">Bang Vape 20000 Puffs<\/a><\/p>\n<p><a href=\"https:\/\/rmvapesale.com\/lv\/product\/randm-tornado-7000-puffs-original-cheap-price-vapes-fumot-factory\/\">RandM Tornado 7000 Puffs<\/a><\/p>\n<p><a href=\"https:\/\/rmvapesale.com\/lv\/product\/bang-vape-tornado-12000-puffs-disposable-pod-factory-price\/\">BANG Tornado 12000 Puffs<\/a><\/p>\n<p>&nbsp;<\/p>\n<p>&nbsp;<\/p>\n<p>Atrodiet vair\u0101k Vape produktu, kas jums var\u0113tu patikt:<em><a href=\"https:\/\/rmvapesale.com\/lv\/shop-2\/\">Iep\u0113rcieties tagad\u00a0<\/a><\/em><\/p>","protected":false},"excerpt":{"rendered":"<p>Vape Bang Box 15000 Dvesmas Vienreiz\u0113j\u0101s Lieto\u0161anas Vairumtirdzniec\u012bba<br \/>\nBang Box 15000 Dvesmas Vienreiz\u0113j\u0101s Lieto\u0161anas E-cigaretes Vape<br \/>\nBang Box 15000 Dvesmas Viedais Ekr\u0101ns Uzl\u0101d\u0113jams Vape Lab\u0101k\u0101 Gar\u0161a<\/p>\n<p><strong>Sazinieties ar Eimiju, lai sa\u0146emtu vair\u0101k atlai\u017eu un zem\u0101ku minim\u0101lo pas\u016bt\u012bjuma daudzumu<\/strong><\/p>\n<p><img loading=\"lazy\" decoding=\"async\" class=\"size-medium wp-image-1814\" src=\"https:\/\/rmvapesale.com\/wp-content\/uploads\/2024\/04\/whatsapp-amy-229x300.jpg\" alt=\"whatsapp amy\" width=\"229\" height=\"300\" srcset=\"https:\/\/rmvapesale.com\/wp-content\/uploads\/2024\/04\/whatsapp-amy-229x300.jpg 229w, https:\/\/rmvapesale.com\/wp-content\/uploads\/2024\/04\/whatsapp-amy-783x1024.jpg 783w, https:\/\/rmvapesale.com\/wp-content\/uploads\/2024\/04\/whatsapp-amy-768x1005.jpg 768w, https:\/\/rmvapesale.com\/wp-content\/uploads\/2024\/04\/whatsapp-amy-600x785.jpg 600w, https:\/\/rmvapesale.com\/wp-content\/uploads\/2024\/04\/whatsapp-amy.jpg 990w\" sizes=\"auto, (max-width: 229px) 100vw, 229px\" \/><\/p>\n<h3><span style=\"color: #ff0000\"><strong>WhatsApp: +86 17776015835<\/strong><\/span><\/h3>","protected":false},"featured_media":2084,"comment_status":"open","ping_status":"closed","template":"","meta":{"_uag_custom_page_level_css":"","_lmt_disableupdate":"no","_lmt_disable":"","site-sidebar-layout":"default","site-content-layout":"content-boxed-container","ast-site-content-layout":"normal-width-container","site-content-style":"boxed","site-sidebar-style":"unboxed","ast-global-header-display":"","ast-banner-title-visibility":"","ast-main-header-display":"","ast-hfb-above-header-display":"","ast-hfb-below-header-display":"","ast-hfb-mobile-header-display":"","site-post-title":"","ast-breadcrumbs-content":"","ast-featured-img":"","footer-sml-layout":"","ast-disable-related-posts":"","theme-transparent-header-meta":"default","adv-header-id-meta":"","stick-header-meta":"","header-above-stick-meta":"","header-main-stick-meta":"","header-below-stick-meta":"","astra-migrate-meta-layouts":"set","ast-page-background-enabled":"default","ast-page-background-meta":{"desktop":{"background-color":"var(--ast-global-color-4)","background-image":"","background-repeat":"repeat","background-position":"center center","background-size":"auto","background-attachment":"scroll","background-type":"","background-media":"","overlay-type":"","overlay-color":"","overlay-opacity":"","overlay-gradient":""},"tablet":{"background-color":"","background-image":"","background-repeat":"repeat","background-position":"center center","background-size":"auto","background-attachment":"scroll","background-type":"","background-media":"","overlay-type":"","overlay-color":"","overlay-opacity":"","overlay-gradient":""},"mobile":{"background-color":"","background-image":"","background-repeat":"repeat","background-position":"center center","background-size":"auto","background-attachment":"scroll","background-type":"","background-media":"","overlay-type":"","overlay-color":"","overlay-opacity":"","overlay-gradient":""}},"ast-content-background-meta":{"desktop":{"background-color":"var(--ast-global-color-5)","background-image":"","background-repeat":"repeat","background-position":"center center","background-size":"auto","background-attachment":"scroll","background-type":"","background-media":"","overlay-type":"","overlay-color":"","overlay-opacity":"","overlay-gradient":""},"tablet":{"background-color":"var(--ast-global-color-5)","background-image":"","background-repeat":"repeat","background-position":"center center","background-size":"auto","background-attachment":"scroll","background-type":"","background-media":"","overlay-type":"","overlay-color":"","overlay-opacity":"","overlay-gradient":""},"mobile":{"background-color":"var(--ast-global-color-5)","background-image":"","background-repeat":"repeat","background-position":"center center","background-size":"auto","background-attachment":"scroll","background-type":"","background-media":"","overlay-type":"","overlay-color":"","overlay-opacity":"","overlay-gradient":""}},"_joinchat":[]},"product_brand":[],"product_cat":[25,61,273,279,60,289,292,291,27,123,293,30,26,15,28,295,137,299,136,135],"product_tag":[78,76,63,57,58,59,37],"class_list":{"0":"post-2085","1":"product","2":"type-product","3":"status-publish","4":"has-post-thumbnail","6":"product_cat-germany-best-selling-vape","7":"product_cat-15000-puffs-disposable-vapes","8":"product_cat-bang-box-vape","9":"product_cat-bang-king-vape","10":"product_cat-bang-vapes","11":"product_cat-big-puffs-disposable-vapes","12":"product_cat-digital-disposable-vapes","13":"product_cat-dual-mesh-disposable-vapes","14":"product_cat-fance-hot-sale-vape","15":"product_cat-italy-wholesale-vape","16":"product_cat-low-nicotine-disposable-vapes","17":"product_cat-minimum-order-quantity-50pcs","18":"product_cat-netherlands-hot-sale-vape","19":"product_cat-new-vape-this-week","20":"product_cat-poland-hot-sale-vape","21":"product_cat-rechargeable-disposable-vapes","22":"product_cat-rechargeable-vapes","23":"product_cat-smart-screen-disposable-vapes","24":"product_cat-smart-screen-vapes","25":"product_cat-spain-best-hot-sale-vape","26":"product_tag-bang-box-15000-puffs","27":"product_tag-bang-king-vape","28":"product_tag-bang-vapes","29":"product_tag-disposable-vape-wholesale-supplier","30":"product_tag-electric-cigarettes","31":"product_tag-puffs-vape","32":"product_tag-wholesale-vape-price","33":"desktop-align-left","34":"tablet-align-left","35":"mobile-align-left","37":"first","38":"instock","39":"sale","40":"shipping-taxable","41":"purchasable","42":"product-type-simple"},"uagb_featured_image_src":{"full":["https:\/\/rmvapesale.com\/wp-content\/uploads\/2024\/09\/Vape-Bang-Box-15000-Puffs.png",788,788,false],"thumbnail":["https:\/\/rmvapesale.com\/wp-content\/uploads\/2024\/09\/Vape-Bang-Box-15000-Puffs-150x150.png",150,150,true],"medium":["https:\/\/rmvapesale.com\/wp-content\/uploads\/2024\/09\/Vape-Bang-Box-15000-Puffs-300x300.png",300,300,true],"medium_large":["https:\/\/rmvapesale.com\/wp-content\/uploads\/2024\/09\/Vape-Bang-Box-15000-Puffs-768x768.png",768,768,true],"large":["https:\/\/rmvapesale.com\/wp-content\/uploads\/2024\/09\/Vape-Bang-Box-15000-Puffs.png",788,788,false],"1536x1536":["https:\/\/rmvapesale.com\/wp-content\/uploads\/2024\/09\/Vape-Bang-Box-15000-Puffs.png",788,788,false],"2048x2048":["https:\/\/rmvapesale.com\/wp-content\/uploads\/2024\/09\/Vape-Bang-Box-15000-Puffs.png",788,788,false],"trp-custom-language-flag":["https:\/\/rmvapesale.com\/wp-content\/uploads\/2024\/09\/Vape-Bang-Box-15000-Puffs.png",12,12,false],"woocommerce_thumbnail":["https:\/\/rmvapesale.com\/wp-content\/uploads\/2024\/09\/Vape-Bang-Box-15000-Puffs-300x300.png",300,300,true],"woocommerce_single":["https:\/\/rmvapesale.com\/wp-content\/uploads\/2024\/09\/Vape-Bang-Box-15000-Puffs-600x600.png",600,600,true],"woocommerce_gallery_thumbnail":["https:\/\/rmvapesale.com\/wp-content\/uploads\/2024\/09\/Vape-Bang-Box-15000-Puffs-100x100.png",100,100,true],"wcpr-photo-reviews":["https:\/\/rmvapesale.com\/wp-content\/uploads\/2024\/09\/Vape-Bang-Box-15000-Puffs.png",500,500,false]},"uagb_author_info":{"display_name":"AMY","author_link":"https:\/\/rmvapesale.com\/lv\/author\/"},"uagb_comment_info":0,"uagb_excerpt":"Vape Bang Box 15000 Puffs Disposable Wholesale Bang Box 15000 Puffs Disposable E Cigarettes Vape Bang Box 15000 Puffs Smart Screen Rechargeable Vape Best Flavour Contact Amy For More Discount And Lower MOQ Vape WhatsApp: +86 17776015835","_links":{"self":[{"href":"https:\/\/rmvapesale.com\/lv\/wp-json\/wp\/v2\/product\/2085","targetHints":{"allow":["GET"]}}],"collection":[{"href":"https:\/\/rmvapesale.com\/lv\/wp-json\/wp\/v2\/product"}],"about":[{"href":"https:\/\/rmvapesale.com\/lv\/wp-json\/wp\/v2\/types\/product"}],"replies":[{"embeddable":true,"href":"https:\/\/rmvapesale.com\/lv\/wp-json\/wp\/v2\/comments?post=2085"}],"wp:featuredmedia":[{"embeddable":true,"href":"https:\/\/rmvapesale.com\/lv\/wp-json\/wp\/v2\/media\/2084"}],"wp:attachment":[{"href":"https:\/\/rmvapesale.com\/lv\/wp-json\/wp\/v2\/media?parent=2085"}],"wp:term":[{"taxonomy":"product_brand","embeddable":true,"href":"https:\/\/rmvapesale.com\/lv\/wp-json\/wp\/v2\/product_brand?post=2085"},{"taxonomy":"product_cat","embeddable":true,"href":"https:\/\/rmvapesale.com\/lv\/wp-json\/wp\/v2\/product_cat?post=2085"},{"taxonomy":"product_tag","embeddable":true,"href":"https:\/\/rmvapesale.com\/lv\/wp-json\/wp\/v2\/product_tag?post=2085"}],"curies":[{"name":"wp","href":"https:\/\/api.w.org\/{rel}","templated":true}]}}