{"id":2095,"date":"2024-09-23T03:14:35","date_gmt":"2024-09-23T03:14:35","guid":{"rendered":"https:\/\/rmvapesale.com\/?post_type=product&#038;p=2095"},"modified":"2025-01-21T09:18:03","modified_gmt":"2025-01-21T09:18:03","slug":"wga-crystal-pro-max-10000-puffs-disposable-vape","status":"publish","type":"product","link":"https:\/\/rmvapesale.com\/lv\/product\/wga-crystal-pro-max-10000-puffs-disposable-vape\/","title":{"rendered":"WGA Crystal Pro Max 10000 Puffs vienreizlietojamais vape"},"content":{"rendered":"<div class=\"B2VR9 CJHX3e\">\n<div class=\"wyccme\">\n<h1>WGA Crystal Pro Max 10000 Puffs vienreizlietojamais vape<\/h1>\n<p class=\"oatEtb\"><span style=\"font-size: 16px\">WGA Crystal Pro Max Plus 10000 d\u016bmu vienreiz\u0113j\u0101s lieto\u0161anas e-cigarete lepojas ar satrieco\u0161u, krist\u0101ldzidru dizainu, kas atspogu\u013co gan eleganci, gan augstu veiktsp\u0113ju. \u0160\u012b e-cigarete ir \u012bsts jaunin\u0101jums e-cigare\u0161u pasaul\u0113, kas neman\u0101mi iek\u013caujas j\u016bsu dz\u012bvesveid\u0101, vienlaikus radot drosm\u012bgu iespaidu. T\u0101 vieglais korpuss uzlabo p\u0101rnesam\u012bbu, \u013caujot to bez piep\u016bles n\u0113s\u0101t kabat\u0101 \u2013 ide\u0101li piem\u0113rots ce\u013cot\u0101jiem.<\/span><\/p>\n<\/div>\n<\/div>\n<p>WGA Crystal Pro Max ne tikai vizu\u0101li p\u0101rsteidz, bet ar\u012b nodro\u0161ina izcilu e-cigare\u0161u lieto\u0161anas pieredzi. Apr\u012bkots ar modernu sieta spir\u0101les tehnolo\u0123iju, tas ar katru ieelpu rada vienm\u0113r\u012bgu un arom\u0101tisku tvaiku. Izstr\u0101d\u0101ts, dom\u0101jot par vienk\u0101r\u0161\u012bbu, tas darbojas bez pog\u0101m un iestat\u012bjumiem \u2013 vienk\u0101r\u0161i ieelpojiet un izbaudiet. \u0160\u012b vienreiz\u0113j\u0101s lieto\u0161anas e-cigarete patiesi izce\u013cas gan stil\u0101, gan veiktsp\u0113j\u0101.<\/p>\n<p>&nbsp;<\/p>\n<p><strong>Sazinieties ar Eimiju, lai sa\u0146emtu pareizu atbildi un vair\u0101k produktu video!<\/strong><\/p>\n<p><img loading=\"lazy\" decoding=\"async\" class=\"size-full wp-image-1978\" src=\"https:\/\/rmvapesale.com\/wp-content\/uploads\/2024\/09\/Disposable-Vape-Wholesale.jpg\" alt=\"Vienreiz\u0113jais vape vairumtirdzniec\u012bba\" width=\"229\" height=\"300\" \/><\/p>\n<h3><span style=\"color: #ff0000\"><strong>WhatsApp: +86 17776015835<\/strong><\/span><\/h3>\n<p>&nbsp;<\/p>\n<h2><\/h2>\n<h2><strong>WGA Crystal Pro Max 10000 galven\u0101s iez\u012bmes<\/strong><\/h2>\n<p>&nbsp;<\/p>\n<p>Nikot\u012bns: 2%<br \/>\nD\u016bmu skaits: 10000<br \/>\nIetilp\u012bba: 20ml<br \/>\nC tipa ports. For\u0161as kr\u0101sainas gaismas apak\u0161\u0101<br \/>\n850mah uzl\u0101d\u0113jams<\/p>\n<h2><\/h2>\n<h2><\/h2>\n<h2><strong>Popul\u0101r\u0101k\u0101s gar\u0161as WGA Crystal Pro Max 10000 d\u016bmu e-cigaretei<\/strong><\/h2>\n<p>WGA Crystal Pro Max 10000 vienreiz\u0113j\u0101s lieto\u0161anas e-cigarete lepojas ar 36 prasm\u012bgi izstr\u0101d\u0101t\u0101m gar\u0161\u0101m, no kur\u0101m katra ir rad\u012bta, lai pied\u0101v\u0101tu at\u0161\u0137ir\u012bgu un apmierino\u0161u e-cigare\u0161u lieto\u0161anas pieredzi. \u0160eit noteikti atrad\u012bsiet sev lab\u0101ko!<\/p>\n<p>&nbsp;<\/p>\n<p>1. Arb\u016bzu ledus<br \/>\n2. Melle\u0146u un ave\u0146u<span style=\"color: #ff0000\"><strong>&gt;&gt;&gt;&gt;Karsts!<\/strong><\/span><br \/>\n3. \u0136ir\u0161u<br \/>\n4. L\u0101c\u012b\u0161u konfektes<span style=\"color: #ff0000\"><strong>&gt;&gt;&gt;&gt;Karsts!<\/strong><\/span><br \/>\n5. Citronu un laima<br \/>\n6. Zeme\u0146u ledus<br \/>\n7. Sk\u0101bo melle\u0146u un ave\u0146u<br \/>\n8. Ave\u0146u un \u0137ir\u0161u<br \/>\n9.Zilais razz ledus<span style=\"color: #ff0000\"><strong>&gt;&gt;&gt;&gt;Karsts!<\/strong><\/span><br \/>\n10.Zil\u0101 avenes limon\u0101de<br \/>\n11.Misters zilais<br \/>\n12.Skittles<br \/>\n13.Roz\u0101 limon\u0101de<br \/>\n14.Mellenes, \u0137ir\u0161i, dz\u0113rvenes<br \/>\n15.Mellenes<br \/>\n16.Vimto bullis<span style=\"color: #ff0000\"><strong>&gt;&gt;&gt;&gt;Karsts!<\/strong><\/span><br \/>\n17.\u0136ir\u0161u ledus<br \/>\n18.Sarkano \u0101bolu ledus<br \/>\n19.Sul\u012bgs persiks<br \/>\n20.\u0136ir\u0161u, persiku, limon\u0101de<br \/>\n21.Dubults \u0101bols<br \/>\n22.Tr\u012bsk\u0101r\u0161s mango<br \/>\n23.Anan\u0101su ledus<br \/>\n24.Zeme\u0146u, \u0137ir\u0161u, ave\u0146u ledus<br \/>\n25.Arb\u016bzs, \u0137ir\u0161i<br \/>\n26.\u0136ir\u0161u, laima, avenes<span style=\"color: #ff0000\"><strong>&gt;&gt;&gt;&gt;Lab\u0101kais!<\/strong><\/span><br \/>\n27.Anan\u0101ss, citrons<br \/>\n28.Mellenes, avenes, gran\u0101t\u0101bols<br \/>\n29.Mellenes, zemenes, kazenes<br \/>\n30.Meta moon<br \/>\n31.Ledus pop<br \/>\n32.Kolalime<br \/>\n33.Ban\u0101nu ledus<br \/>\n34.Vasaras sapnis<br \/>\n35.Zil\u0101 avenes gran\u0101t\u0101bols<br \/>\n36.Hubba bubba<\/p>\n<h2><strong>Jaut\u0101jumi, kurus, iesp\u0113jams, v\u0113l\u0113sities uzzin\u0101t par WGA Crystal Pro Max 10k Puffs <\/strong><\/h2>\n<p>&nbsp;<\/p>\n<p><strong>1. Cik daudz nikot\u012bna ir Crystal Pro Max 10k?<\/strong><br \/>\nWGA Crystal Pro Max 10000 satur 2% nikot\u012bna s\u0101ls. Ar modernu sieta spoles tehnolo\u0123iju tas nodro\u0161ina izcilu tvaiku pieredzi, kas ir piepild\u012bta ar bag\u0101t\u012bgu gar\u0161u.<\/p>\n<p><strong>2. Vai WGA 10k krist\u0101la veipi ir atk\u0101rtoti uzl\u0101d\u0113jami?<\/strong><br \/>\nJ\u0101, WGA Crystal Pro Max 10000 ietver 850 mAh atk\u0101rtoti uzl\u0101d\u0113jamu akumulatoru, nodro\u0161inot ilgsto\u0161u lieto\u0161anu.<\/p>\n<p><strong>3. Cik daudz uzp\u016btienu var ieg\u016bt no WGA Crystal Pro Max 10000?<\/strong><br \/>\nWGA Crystal Pro Max 10000 nodro\u0161ina aptuveni 10000 uzp\u016btienus atkar\u012bb\u0101 no lieto\u0161anas paradumiem, un tas ir pieejams vair\u0101k nek\u0101 30 gar\u0161\u0101s.<\/p>\n<p><strong>4. Cik ilgs laiks nepiecie\u0161ams, lai uzl\u0101d\u0113tu WGA Crystal 10k?<\/strong><br \/>\nGan WGA Crystal Pro Max 10000, gan 15000 var piln\u012bb\u0101 uzl\u0101d\u0113t tikai 30 l\u012bdz 35 min\u016bt\u0113s, nodro\u0161inot \u0101tru gatav\u012bbu lieto\u0161anai.<\/p>\n<p>&nbsp;<\/p>\n<h3><b>Bie\u017e\u0101k uzdotie jaut\u0101jumi<\/b><\/h3>\n<p>&nbsp;<\/p>\n<div class=\"flex-shrink-0 flex flex-col relative items-end\">\n<div>\n<div class=\"pt-0\">\n<div class=\"gizmo-bot-avatar flex h-8 w-8 items-center justify-center overflow-hidden rounded-full\">\n<div class=\"relative p-1 rounded-sm flex items-center justify-center bg-token-main-surface-primary text-token-text-primary h-8 w-8\"><strong>K\u0101das pieg\u0101des metodes tiek izmantotas?<\/strong><\/div>\n<\/div>\n<\/div>\n<\/div>\n<\/div>\n<div class=\"group\/conversation-turn relative flex w-full min-w-0 flex-col agent-turn\">\n<div class=\"flex-col gap-1 md:gap-3\">\n<div class=\"flex max-w-full flex-col flex-grow\">\n<div class=\"min-h-[20px] text-message flex w-full flex-col items-end gap-2 whitespace-normal break-words [.text-message+&amp;]:mt-5 overflow-x-auto\" dir=\"auto\" data-message-author-role=\"assistant\" data-message-id=\"22f8283b-3233-46ff-89a5-c7a41b33abda\">\n<div class=\"flex w-full flex-col gap-1 empty:hidden first:pt-[3px]\">\n<div class=\"markdown prose w-full break-words dark:prose-invert light\">\n<p>M\u0113s sadarbojamies ar UPS, DHL, FedEx, DPD un citiem vado\u0161ajiem p\u0101rvad\u0101t\u0101jiem. M\u0113s izv\u0113l\u0113simies lab\u0101ko pieg\u0101des veidu, pamatojoties uz j\u016bsu pieg\u0101des vietu, lai nodro\u0161in\u0101tu, ka j\u016bs sa\u0146emat savus produktus p\u0113c iesp\u0113jas \u0101tr\u0101k.<\/p>\n<\/div>\n<p><strong>Cik ilgs laiks paiet, l\u012bdz tas tiek pieg\u0101d\u0101ts?<\/strong><\/p>\n<p>Pieg\u0101des uz Latviju parasti ierodas 10 darba dienu laik\u0101. Pieg\u0101de uz Eiropas valst\u012bm parasti aiz\u0146em apm\u0113ram 12-15 darba dienas. M\u0113s nodro\u0161in\u0101sim re\u0101llaika atjaunin\u0101jumus par j\u016bsu pieg\u0101des statusu.<\/p>\n<\/div>\n<p><strong>Garantija<\/strong><\/p>\n<p><span style=\"color: #ff0000\"><strong>Visi m\u016bsu veikala produkti ir garant\u0113ti 100% ori\u0123in\u0101li un autentiski. M\u0113s pied\u0101v\u0101jam 10 rei\u017eu kompens\u0101ciju par viltot\u0101m prec\u0113m!<\/strong><\/span><\/p>\n<div class=\"flex w-full flex-col gap-1 empty:hidden first:pt-[3px]\">\n<p>&nbsp;<\/p>\n<\/div>\n<\/div>\n<\/div>\n<\/div>\n<\/div>\n<p>&nbsp;<\/p>\n<p>Citi popul\u0101ri vape, kas jums var\u0113tu patikt:<\/p>\n<p><strong><a href=\"https:\/\/rmvapesale.com\/lv\/product\/wga-crystal-plus-20000-puff-dual-flavour-disposable-vape\/\">WGA Crystal Plus 20000<\/a><\/strong><\/p>\n<p><a href=\"https:\/\/rmvapesale.com\/lv\/product\/waspe-tornado-15000-puffs-original-factory-price\/\"><strong>Waspe Tornado 15000 dvesmas<\/strong><\/a><\/p>\n<p><a href=\"https:\/\/rmvapesale.com\/lv\/product\/wga-crystal-pro-max-extra-15k-puffs-disposable-vape-wholesale\/\"><strong>WGA Crystal Pro Max Extra 15000<\/strong><\/a><\/p>\n<p>&nbsp;<\/p>\n<p>&nbsp;<\/p>\n<p>Atrodiet vair\u0101k Vape produktu, kas jums var\u0113tu patikt:<strong><em><a href=\"https:\/\/rmvapesale.com\/lv\/shop-2\/\">iepirkties tagad &gt;&gt;&gt;<\/a><\/em><\/strong><\/p>","protected":false},"excerpt":{"rendered":"<p>Crystal Pro Max Plus WGA 10000 d\u016bmu vienreiz\u0113j\u0101s lieto\u0161anas e-cigarete<br \/>\nWga Crystal Pro Max 10000 ar 2% nikot\u012bna s\u0101ls<br \/>\nWGA Crystal Pro Max 10000 10k d\u016bmi vairumtirdzniec\u012bb\u0101<\/p>\n<p><strong>Sazinieties ar Eimiju, lai sa\u0146emtu vair\u0101k atlai\u017eu un zem\u0101ku minim\u0101lo pas\u016bt\u012bjuma daudzumu<\/strong><\/p>\n<p><img loading=\"lazy\" decoding=\"async\" class=\"size-full wp-image-1978\" src=\"https:\/\/rmvapesale.com\/wp-content\/uploads\/2024\/09\/Disposable-Vape-Wholesale.jpg\" alt=\"Vienreiz\u0113jais vape vairumtirdzniec\u012bba\" width=\"229\" height=\"300\" \/><\/p>\n<h3><span style=\"color: #ff0000\"><strong>WhatsApp: +86 17776015835<\/strong><\/span><\/h3>","protected":false},"featured_media":2099,"comment_status":"open","ping_status":"closed","template":"","meta":{"_uag_custom_page_level_css":"","_lmt_disableupdate":"no","_lmt_disable":"","site-sidebar-layout":"default","site-content-layout":"content-boxed-container","ast-site-content-layout":"normal-width-container","site-content-style":"boxed","site-sidebar-style":"unboxed","ast-global-header-display":"","ast-banner-title-visibility":"","ast-main-header-display":"","ast-hfb-above-header-display":"","ast-hfb-below-header-display":"","ast-hfb-mobile-header-display":"","site-post-title":"","ast-breadcrumbs-content":"","ast-featured-img":"","footer-sml-layout":"","ast-disable-related-posts":"","theme-transparent-header-meta":"default","adv-header-id-meta":"","stick-header-meta":"","header-above-stick-meta":"","header-main-stick-meta":"","header-below-stick-meta":"","astra-migrate-meta-layouts":"set","ast-page-background-enabled":"default","ast-page-background-meta":{"desktop":{"background-color":"var(--ast-global-color-4)","background-image":"","background-repeat":"repeat","background-position":"center center","background-size":"auto","background-attachment":"scroll","background-type":"","background-media":"","overlay-type":"","overlay-color":"","overlay-opacity":"","overlay-gradient":""},"tablet":{"background-color":"","background-image":"","background-repeat":"repeat","background-position":"center center","background-size":"auto","background-attachment":"scroll","background-type":"","background-media":"","overlay-type":"","overlay-color":"","overlay-opacity":"","overlay-gradient":""},"mobile":{"background-color":"","background-image":"","background-repeat":"repeat","background-position":"center center","background-size":"auto","background-attachment":"scroll","background-type":"","background-media":"","overlay-type":"","overlay-color":"","overlay-opacity":"","overlay-gradient":""}},"ast-content-background-meta":{"desktop":{"background-color":"var(--ast-global-color-5)","background-image":"","background-repeat":"repeat","background-position":"center center","background-size":"auto","background-attachment":"scroll","background-type":"","background-media":"","overlay-type":"","overlay-color":"","overlay-opacity":"","overlay-gradient":""},"tablet":{"background-color":"var(--ast-global-color-5)","background-image":"","background-repeat":"repeat","background-position":"center center","background-size":"auto","background-attachment":"scroll","background-type":"","background-media":"","overlay-type":"","overlay-color":"","overlay-opacity":"","overlay-gradient":""},"mobile":{"background-color":"var(--ast-global-color-5)","background-image":"","background-repeat":"repeat","background-position":"center center","background-size":"auto","background-attachment":"scroll","background-type":"","background-media":"","overlay-type":"","overlay-color":"","overlay-opacity":"","overlay-gradient":""}},"_joinchat":[]},"product_brand":[],"product_cat":[15,271,290,291,27,25,123,293,30,26,28,295,137,299,136,135,283],"product_tag":[57,58,82,81,69],"class_list":{"0":"post-2095","1":"product","2":"type-product","3":"status-publish","4":"has-post-thumbnail","6":"product_cat-new-vape-this-week","7":"product_cat-10000-puff-disposable-vape","8":"product_cat-crystal-disposable-vapes","9":"product_cat-dual-mesh-disposable-vapes","10":"product_cat-fance-hot-sale-vape","11":"product_cat-germany-best-selling-vape","12":"product_cat-italy-wholesale-vape","13":"product_cat-low-nicotine-disposable-vapes","14":"product_cat-minimum-order-quantity-50pcs","15":"product_cat-netherlands-hot-sale-vape","16":"product_cat-poland-hot-sale-vape","17":"product_cat-rechargeable-disposable-vapes","18":"product_cat-rechargeable-vapes","19":"product_cat-smart-screen-disposable-vapes","20":"product_cat-smart-screen-vapes","21":"product_cat-spain-best-hot-sale-vape","22":"product_cat-wga-vape","23":"product_tag-disposable-vape-wholesale-supplier","24":"product_tag-electric-cigarettes","25":"product_tag-wga-crystal-10000-puffs","26":"product_tag-wga-crystal-pro-max","27":"product_tag-wga-vape","28":"desktop-align-left","29":"tablet-align-left","30":"mobile-align-left","32":"first","33":"instock","34":"sale","35":"shipping-taxable","36":"purchasable","37":"product-type-simple"},"uagb_featured_image_src":{"full":["https:\/\/rmvapesale.com\/wp-content\/uploads\/2024\/09\/WGA-Crystal-Pro-Max-Plus-10000-Vape.png",788,788,false],"thumbnail":["https:\/\/rmvapesale.com\/wp-content\/uploads\/2024\/09\/WGA-Crystal-Pro-Max-Plus-10000-Vape-150x150.png",150,150,true],"medium":["https:\/\/rmvapesale.com\/wp-content\/uploads\/2024\/09\/WGA-Crystal-Pro-Max-Plus-10000-Vape-300x300.png",300,300,true],"medium_large":["https:\/\/rmvapesale.com\/wp-content\/uploads\/2024\/09\/WGA-Crystal-Pro-Max-Plus-10000-Vape-768x768.png",768,768,true],"large":["https:\/\/rmvapesale.com\/wp-content\/uploads\/2024\/09\/WGA-Crystal-Pro-Max-Plus-10000-Vape.png",788,788,false],"1536x1536":["https:\/\/rmvapesale.com\/wp-content\/uploads\/2024\/09\/WGA-Crystal-Pro-Max-Plus-10000-Vape.png",788,788,false],"2048x2048":["https:\/\/rmvapesale.com\/wp-content\/uploads\/2024\/09\/WGA-Crystal-Pro-Max-Plus-10000-Vape.png",788,788,false],"trp-custom-language-flag":["https:\/\/rmvapesale.com\/wp-content\/uploads\/2024\/09\/WGA-Crystal-Pro-Max-Plus-10000-Vape.png",12,12,false],"woocommerce_thumbnail":["https:\/\/rmvapesale.com\/wp-content\/uploads\/2024\/09\/WGA-Crystal-Pro-Max-Plus-10000-Vape-300x300.png",300,300,true],"woocommerce_single":["https:\/\/rmvapesale.com\/wp-content\/uploads\/2024\/09\/WGA-Crystal-Pro-Max-Plus-10000-Vape-600x600.png",600,600,true],"woocommerce_gallery_thumbnail":["https:\/\/rmvapesale.com\/wp-content\/uploads\/2024\/09\/WGA-Crystal-Pro-Max-Plus-10000-Vape-100x100.png",100,100,true],"wcpr-photo-reviews":["https:\/\/rmvapesale.com\/wp-content\/uploads\/2024\/09\/WGA-Crystal-Pro-Max-Plus-10000-Vape.png",500,500,false]},"uagb_author_info":{"display_name":"AMY","author_link":"https:\/\/rmvapesale.com\/lv\/author\/"},"uagb_comment_info":0,"uagb_excerpt":"Crystal Pro Max Plus WGA 10000 Puffs Disposable Vape Wga Crystal Pro Max 10000 2% Nic Salt WGA Crystal Pro Max 10000 10k Puffs Wholesale Contact Amy For More Discount And Lower MOQ Vape WhatsApp: +86 17776015835","_links":{"self":[{"href":"https:\/\/rmvapesale.com\/lv\/wp-json\/wp\/v2\/product\/2095","targetHints":{"allow":["GET"]}}],"collection":[{"href":"https:\/\/rmvapesale.com\/lv\/wp-json\/wp\/v2\/product"}],"about":[{"href":"https:\/\/rmvapesale.com\/lv\/wp-json\/wp\/v2\/types\/product"}],"replies":[{"embeddable":true,"href":"https:\/\/rmvapesale.com\/lv\/wp-json\/wp\/v2\/comments?post=2095"}],"wp:featuredmedia":[{"embeddable":true,"href":"https:\/\/rmvapesale.com\/lv\/wp-json\/wp\/v2\/media\/2099"}],"wp:attachment":[{"href":"https:\/\/rmvapesale.com\/lv\/wp-json\/wp\/v2\/media?parent=2095"}],"wp:term":[{"taxonomy":"product_brand","embeddable":true,"href":"https:\/\/rmvapesale.com\/lv\/wp-json\/wp\/v2\/product_brand?post=2095"},{"taxonomy":"product_cat","embeddable":true,"href":"https:\/\/rmvapesale.com\/lv\/wp-json\/wp\/v2\/product_cat?post=2095"},{"taxonomy":"product_tag","embeddable":true,"href":"https:\/\/rmvapesale.com\/lv\/wp-json\/wp\/v2\/product_tag?post=2095"}],"curies":[{"name":"wp","href":"https:\/\/api.w.org\/{rel}","templated":true}]}}