{"id":2107,"date":"2024-09-23T05:28:49","date_gmt":"2024-09-23T05:28:49","guid":{"rendered":"https:\/\/rmvapesale.com\/?post_type=product&#038;p=2107"},"modified":"2025-01-21T09:18:50","modified_gmt":"2025-01-21T09:18:50","slug":"bang-25000-puffs-0-2-3-5-nicotine-led-display-vape-pod","status":"publish","type":"product","link":"https:\/\/rmvapesale.com\/lv\/product\/bang-25000-puffs-0-2-3-5-nicotine-led-display-vape-pod\/","title":{"rendered":"Bang 25000 Puffs 0% 2% 3% 5% nikot\u012bna LED displeja veipu pods"},"content":{"rendered":"<h1><strong>Bang 25000 Puffs 0% 2% 3% 5% nikot\u012bna LED displeja veipu pods<\/strong><\/h1>\n<p>Bang 25000 Puffs Vape Ori\u0123in\u0101la Elektronisk\u0101 cigarete pied\u0101v\u0101 iespaid\u012bgu 25 000 puffs katram ier\u012bcei, nov\u0113r\u0161ot bie\u017eu uzl\u0101di vai nomai\u0146u\u2014padarot to ide\u0101lu regul\u0101riem vaperiem. Ar d\u0101snu 30 ml e-\u0161\u0137idruma ietilp\u012bbu \u0161is vape nodro\u0161ina ilgu un pat\u012bkamu pieredzi bez past\u0101v\u012bgas uzpildes. Tas apmierina j\u016bsu nikot\u012bna v\u0113lmes ar opcij\u0101m 0%, 2%, 3% un 5% nikot\u012bna koncentr\u0101cij\u0101m, \u013caujot izv\u0113l\u0113ties sev piem\u0113rot\u0101ko l\u012bmeni.<\/p>\n<p>Darbin\u0101ms ar 650 mAh akumulatoru, Bang 25000 nodro\u0161ina ilgu darb\u012bbu, un C-tip uzl\u0101des funkcija \u013cauj \u0101tri uzl\u0101d\u0113t. Sekojiet l\u012bdzi e-\u0161\u0137idruma un akumulatora displejam, lai vienm\u0113r zin\u0101tu, kad ir laiks uzl\u0101d\u0113t vai papildin\u0101t. 1.0\u03a9 t\u012bkli\u0146a spole uzlabo gar\u0161u un tvaika ra\u017eo\u0161anu, nodro\u0161inot gludu un vienm\u0113r\u012bgu vaping pieredzi.<\/p>\n<p><strong>Sazinieties ar Eimiju, lai sa\u0146emtu pareizu atbildi un vair\u0101k produktu video!<\/strong><\/p>\n<p><img loading=\"lazy\" decoding=\"async\" class=\"size-medium wp-image-1814\" src=\"https:\/\/rmvapesale.com\/wp-content\/uploads\/2024\/04\/whatsapp-amy-229x300.jpg\" alt=\"whatsapp amy\" width=\"229\" height=\"300\" srcset=\"https:\/\/rmvapesale.com\/wp-content\/uploads\/2024\/04\/whatsapp-amy-229x300.jpg 229w, https:\/\/rmvapesale.com\/wp-content\/uploads\/2024\/04\/whatsapp-amy-783x1024.jpg 783w, https:\/\/rmvapesale.com\/wp-content\/uploads\/2024\/04\/whatsapp-amy-768x1005.jpg 768w, https:\/\/rmvapesale.com\/wp-content\/uploads\/2024\/04\/whatsapp-amy-600x785.jpg 600w, https:\/\/rmvapesale.com\/wp-content\/uploads\/2024\/04\/whatsapp-amy.jpg 990w\" sizes=\"auto, (max-width: 229px) 100vw, 229px\" \/><\/p>\n<h3><span style=\"color: #ff0000\"><strong>WhatsApp: +86 17776015835<\/strong><\/span><\/h3>\n<p>&nbsp;<\/p>\n<h2><strong>Bang 25000 Puffs Vape Puffs galven\u0101s iez\u012bmes<\/strong><\/h2>\n<p>Nikot\u012bns: 0% 2% 3% 5%<br \/>\nDvesieni: 25000<br \/>\nTilpums: 30ml<br \/>\nPieejamas 12 gar\u0161as<br \/>\n650mah Uzl\u0101d\u0113jams<br \/>\nT\u012bkla spole<\/p>\n<figure id=\"attachment_2101\" aria-describedby=\"caption-attachment-2101\" style=\"width: 300px\" class=\"wp-caption alignnone\"><img loading=\"lazy\" decoding=\"async\" class=\"size-medium wp-image-2101\" src=\"https:\/\/rmvapesale.com\/wp-content\/uploads\/2024\/09\/Bang-25000-25k-Puffs-Vape-Original-300x300.png\" alt=\"Bang 25000 25k Puffs Vape Ori\u0123in\u0101ls\" width=\"300\" height=\"300\" srcset=\"https:\/\/rmvapesale.com\/wp-content\/uploads\/2024\/09\/Bang-25000-25k-Puffs-Vape-Original-300x300.png 300w, https:\/\/rmvapesale.com\/wp-content\/uploads\/2024\/09\/Bang-25000-25k-Puffs-Vape-Original-150x150.png 150w, https:\/\/rmvapesale.com\/wp-content\/uploads\/2024\/09\/Bang-25000-25k-Puffs-Vape-Original-768x768.png 768w, https:\/\/rmvapesale.com\/wp-content\/uploads\/2024\/09\/Bang-25000-25k-Puffs-Vape-Original-600x600.png 600w, https:\/\/rmvapesale.com\/wp-content\/uploads\/2024\/09\/Bang-25000-25k-Puffs-Vape-Original-100x100.png 100w, https:\/\/rmvapesale.com\/wp-content\/uploads\/2024\/09\/Bang-25000-25k-Puffs-Vape-Original.png 788w\" sizes=\"auto, (max-width: 300px) 100vw, 300px\" \/><figcaption id=\"caption-attachment-2101\" class=\"wp-caption-text\">Bang 25000 25k Puffs Vape Ori\u0123in\u0101ls<\/figcaption><\/figure>\n<h2><strong>Lab\u0101k\u0101s gar\u0161as izv\u0113le Bang 25000 Puffs<\/strong><\/h2>\n<p>\u0160is Bang 25000 Puffs vienreizlietojamais pods ar bag\u0101t\u012bg\u0101m gar\u0161\u0101m, izv\u0113lieties no 12 pat\u012bkam\u0101m gar\u0161\u0101m, s\u0101kot no aug\u013cain\u0101m l\u012bdz mentolain\u0101m un klasiskajai tabakai, nodro\u0161inot kaut ko ikvienam. L\u016bdzu, skatiet pievienoto karsto p\u0101rdo\u0161anas gar\u0161u no m\u016bsu p\u0101rdo\u0161anas datiem.<\/p>\n<p>1. Arb\u016bzu ledus <span style=\"color: #ff0000\"><strong>&gt;&gt;&gt;&gt;Lab\u0101kais!<\/strong><\/span><br \/>\n2. Zeme\u0146u kivi<br \/>\n3. Zeme\u0146u ledus<br \/>\n4. Mango persiks<br \/>\n5. Mellenes rabarbers<span style=\"color: #ff0000\"><strong>&gt;&gt;&gt;&gt;Karsts!<\/strong><\/span><br \/>\n6. Mellenes piparm\u0113tra<br \/>\n7. Mais\u012bjums AUGLI<br \/>\n8. Zeme\u0146u arb\u016bzs<br \/>\n9.V\u012bnogu ledus<br \/>\n10. Arb\u016bza burbu\u013cgumija<br \/>\n11. Mellenes ledus<br \/>\n12. T\u012b\u0123era asinis<span style=\"color: #ff0000\"><strong>&gt;&gt;&gt;&gt;Karsts!<\/strong><\/span><\/p>\n<p>&nbsp;<\/p>\n<h2><strong>Jaut\u0101jumi, ko j\u016bs var\u0113tu v\u0113l\u0113ties uzzin\u0101t par Bang 25000 Puffs<\/strong><\/h2>\n<p>&nbsp;<\/p>\n<p><strong>1. K\u0101 es varu lietot Bang 25000 Puffs, ja esmu ies\u0101c\u0113js veipo\u0161an\u0101?<\/strong><br \/>\nBang Digital 15000 Puffs ir izstr\u0101d\u0101ts, lai to b\u016btu viegli lietot. Vienk\u0101r\u0161i izsai\u0146ojiet ier\u012bci un s\u0101ciet p\u016bst, lai izbaud\u012btu izv\u0113l\u0113to gar\u0161u. Nav nepiecie\u0161ami sare\u017e\u0123\u012bti iestat\u012bjumi vai apkope, t\u0101p\u0113c t\u0101 ir lieliska izv\u0113le ies\u0101c\u0113jiem.<\/p>\n<p><strong>2. Vai Bang 25000<\/strong> <strong>Puffs ir videi draudz\u012bgs?<\/strong><br \/>\nJ\u0101, Vapes Europe ir ap\u0146\u0113musies iev\u0113rot ilgtsp\u0113j\u012bbu. Lai gan Bang Digital 15000 Puffs ir vienreizlietojama ier\u012bce, m\u0113s aicin\u0101m to atbr\u012bvoties atbild\u012bgi. L\u016bdzu, izmantojiet tam paredz\u0113t\u0101s e-atkritumu p\u0101rstr\u0101des iek\u0101rtas, lai samazin\u0101tu ietekmi uz vidi un nodro\u0161in\u0101tu pareizu ier\u012bces sast\u0101vda\u013cu apstr\u0101di.<\/p>\n<p><strong>3. K\u0101 man dro\u0161i atbr\u012bvoties no Bang 25000 Puffs?<\/strong><br \/>\nLai atbr\u012bvotos no Bang Digital 15000 Puffs, vispirms p\u0101rliecinieties, ka tas ir piln\u012bb\u0101 iztuk\u0161ots. P\u0113c tam iev\u0113rojiet viet\u0113jos noteikumus par e-atkritumu apglab\u0101\u0161anu vai p\u0101rstr\u0101des centriem. Daudzas kopienas pied\u0101v\u0101 \u012bpa\u0161as nodo\u0161anas vietas elektroniskaj\u0101m ier\u012bc\u0113m, lai nodro\u0161in\u0101tu pareizu apglab\u0101\u0161anu un samazin\u0101tu ietekmi uz vidi.<\/p>\n<p><strong>4. Vai Bang 25000 Puffs ir dro\u0161s lieto\u0161anai un utiliz\u0101cijai?<\/strong><br \/>\nPiln\u012bgi noteikti. Waspe Tornado 15000 ir izstr\u0101d\u0101ts, dom\u0101jot par dro\u0161\u012bbu, un tas atbilst nozares standartiem. T\u0101 vienreiz\u0113j\u0101s lieto\u0161anas daba nov\u0113r\u0161 uztur\u0113\u0161anas probl\u0113mas, un, atbild\u012bgi apglab\u0101jot, tai ir minim\u0101la ietekme uz vidi. Vienm\u0113r iev\u0113rojiet dro\u0161\u012bbas vadl\u012bnijas un sazinieties ar m\u016bsu klientu atbalsta komandu, ja jums ir k\u0101di konkr\u0113ti jaut\u0101jumi.<\/p>\n<p>&nbsp;<\/p>\n<h3><b>Bie\u017e\u0101k uzdotie jaut\u0101jumi<\/b><\/h3>\n<div class=\"flex-shrink-0 flex flex-col relative items-end\">\n<div>\n<div class=\"pt-0\">\n<div class=\"gizmo-bot-avatar flex h-8 w-8 items-center justify-center overflow-hidden rounded-full\">\n<div class=\"relative p-1 rounded-sm flex items-center justify-center bg-token-main-surface-primary text-token-text-primary h-8 w-8\"><strong>K\u0101das pieg\u0101des metodes tiek izmantotas?<\/strong><\/div>\n<\/div>\n<\/div>\n<\/div>\n<\/div>\n<div class=\"group\/conversation-turn relative flex w-full min-w-0 flex-col agent-turn\">\n<div class=\"flex-col gap-1 md:gap-3\">\n<div class=\"flex max-w-full flex-col flex-grow\">\n<div class=\"min-h-[20px] text-message flex w-full flex-col items-end gap-2 whitespace-normal break-words [.text-message+&amp;]:mt-5 overflow-x-auto\" dir=\"auto\" data-message-author-role=\"assistant\" data-message-id=\"22f8283b-3233-46ff-89a5-c7a41b33abda\">\n<div class=\"flex w-full flex-col gap-1 empty:hidden first:pt-[3px]\">\n<div class=\"markdown prose w-full break-words dark:prose-invert light\">\n<p>M\u0113s sadarbojamies ar UPS, DHL, FedEx, DPD un citiem vado\u0161ajiem p\u0101rvad\u0101t\u0101jiem. M\u0113s izv\u0113l\u0113simies lab\u0101ko pieg\u0101des veidu, pamatojoties uz j\u016bsu pieg\u0101des vietu, lai nodro\u0161in\u0101tu, ka j\u016bs sa\u0146emat savus produktus p\u0113c iesp\u0113jas \u0101tr\u0101k.<\/p>\n<\/div>\n<p><strong>Cik ilgs laiks paiet, l\u012bdz tas tiek pieg\u0101d\u0101ts?<\/strong><\/p>\n<p>Pieg\u0101des uz Latviju parasti ierodas 10 darba dienu laik\u0101. Pieg\u0101de uz Eiropas valst\u012bm parasti aiz\u0146em apm\u0113ram 12-15 darba dienas. M\u0113s nodro\u0161in\u0101sim re\u0101llaika atjaunin\u0101jumus par j\u016bsu pieg\u0101des statusu.<\/p>\n<\/div>\n<\/div>\n<\/div>\n<\/div>\n<\/div>\n<p>&nbsp;<\/p>\n<p>citi karstie vape, kas jums var\u0113tu patikt:<\/p>\n<p><a href=\"https:\/\/rmvapesale.com\/lv\/product\/bang-30k-puffs-disposable-vape-double-taste-wholesale-italy\/\">Bang 30k dvesmas<\/a><\/p>\n<p><a href=\"https:\/\/rmvapesale.com\/lv\/product\/bang-beach-22000-puffs-smart-screen-vapes-factory-price\/\">Bang Beach 22000 dvesmas<\/a><\/p>\n<p><a href=\"https:\/\/rmvapesale.com\/lv\/product\/randm-tornado-15000-puffs-vape-wholesale\/\">RandM Tornado 15000 dvesmas<\/a><\/p>\n<p><a href=\"https:\/\/rmvapesale.com\/lv\/product\/bang-20000-puffs-disposable-vape-wholesale-supplier\/\">Bang 20000 dvesmas<\/a><\/p>\n<p>&nbsp;<\/p>\n<p>Atrodiet vair\u0101k Vape produktu, kas jums var\u0113tu patikt:<em><a href=\"https:\/\/rmvapesale.com\/lv\/shop-2\/\">Iep\u0113rcieties tagad\u00a0<\/a><\/em><\/p>","protected":false},"excerpt":{"rendered":"<p class=\"LC20lb MBeuO DKV0Md\">Bang 25000 Puffs 0% 2% 3% 5% Zema nikot\u012bna vairumtirdzniec\u012bba<br \/>\nBang 25000 25k Puffs Vape Ori\u0123in\u0101la Elektronisk\u0101 cigarete<br \/>\nBang 25000 Puffs Dual Pods Vairumtirdzniec\u012bba<\/p>\n<p><strong>Sazinieties ar Eimiju, lai sa\u0146emtu vair\u0101k atlai\u017eu un zem\u0101ku minim\u0101lo pas\u016bt\u012bjuma daudzumu<\/strong><\/p>\n<p><img loading=\"lazy\" decoding=\"async\" class=\"size-medium wp-image-1814\" src=\"https:\/\/rmvapesale.com\/wp-content\/uploads\/2024\/04\/whatsapp-amy-229x300.jpg\" alt=\"whatsapp amy\" width=\"229\" height=\"300\" srcset=\"https:\/\/rmvapesale.com\/wp-content\/uploads\/2024\/04\/whatsapp-amy-229x300.jpg 229w, https:\/\/rmvapesale.com\/wp-content\/uploads\/2024\/04\/whatsapp-amy-783x1024.jpg 783w, https:\/\/rmvapesale.com\/wp-content\/uploads\/2024\/04\/whatsapp-amy-768x1005.jpg 768w, https:\/\/rmvapesale.com\/wp-content\/uploads\/2024\/04\/whatsapp-amy-600x785.jpg 600w, https:\/\/rmvapesale.com\/wp-content\/uploads\/2024\/04\/whatsapp-amy.jpg 990w\" sizes=\"auto, (max-width: 229px) 100vw, 229px\" \/><\/p>\n<h3><span style=\"color: #ff0000\"><strong>WhatsApp: +86 17776015835<\/strong><\/span><\/h3>","protected":false},"featured_media":2105,"comment_status":"open","ping_status":"closed","template":"","meta":{"_uag_custom_page_level_css":"","_lmt_disableupdate":"no","_lmt_disable":"","site-sidebar-layout":"default","site-content-layout":"content-boxed-container","ast-site-content-layout":"normal-width-container","site-content-style":"boxed","site-sidebar-style":"unboxed","ast-global-header-display":"","ast-banner-title-visibility":"","ast-main-header-display":"","ast-hfb-above-header-display":"","ast-hfb-below-header-display":"","ast-hfb-mobile-header-display":"","site-post-title":"","ast-breadcrumbs-content":"","ast-featured-img":"","footer-sml-layout":"","theme-transparent-header-meta":"default","adv-header-id-meta":"","stick-header-meta":"","header-above-stick-meta":"","header-main-stick-meta":"","header-below-stick-meta":"","astra-migrate-meta-layouts":"set","ast-page-background-enabled":"default","ast-page-background-meta":{"desktop":{"background-color":"var(--ast-global-color-4)","background-image":"","background-repeat":"repeat","background-position":"center center","background-size":"auto","background-attachment":"scroll","background-type":"","background-media":"","overlay-type":"","overlay-color":"","overlay-opacity":"","overlay-gradient":""},"tablet":{"background-color":"","background-image":"","background-repeat":"repeat","background-position":"center center","background-size":"auto","background-attachment":"scroll","background-type":"","background-media":"","overlay-type":"","overlay-color":"","overlay-opacity":"","overlay-gradient":""},"mobile":{"background-color":"","background-image":"","background-repeat":"repeat","background-position":"center center","background-size":"auto","background-attachment":"scroll","background-type":"","background-media":"","overlay-type":"","overlay-color":"","overlay-opacity":"","overlay-gradient":""}},"ast-content-background-meta":{"desktop":{"background-color":"var(--ast-global-color-5)","background-image":"","background-repeat":"repeat","background-position":"center center","background-size":"auto","background-attachment":"scroll","background-type":"","background-media":"","overlay-type":"","overlay-color":"","overlay-opacity":"","overlay-gradient":""},"tablet":{"background-color":"var(--ast-global-color-5)","background-image":"","background-repeat":"repeat","background-position":"center center","background-size":"auto","background-attachment":"scroll","background-type":"","background-media":"","overlay-type":"","overlay-color":"","overlay-opacity":"","overlay-gradient":""},"mobile":{"background-color":"var(--ast-global-color-5)","background-image":"","background-repeat":"repeat","background-position":"center center","background-size":"auto","background-attachment":"scroll","background-type":"","background-media":"","overlay-type":"","overlay-color":"","overlay-opacity":"","overlay-gradient":""}},"_joinchat":[]},"product_brand":[],"product_cat":[60,289,291,292,293,295,299,273,279,256,25,123,26,28,135,27,137,136,15,30],"product_tag":[83,63,58,41,84,85,37],"class_list":{"0":"post-2107","1":"product","2":"type-product","3":"status-publish","4":"has-post-thumbnail","6":"product_cat-bang-vapes","7":"product_cat-big-puffs-disposable-vapes","8":"product_cat-dual-mesh-disposable-vapes","9":"product_cat-digital-disposable-vapes","10":"product_cat-low-nicotine-disposable-vapes","11":"product_cat-rechargeable-disposable-vapes","12":"product_cat-smart-screen-disposable-vapes","13":"product_cat-bang-box-vape","14":"product_cat-bang-king-vape","15":"product_cat-25000-puff-disposable-vape","16":"product_cat-germany-best-selling-vape","17":"product_cat-italy-wholesale-vape","18":"product_cat-netherlands-hot-sale-vape","19":"product_cat-poland-hot-sale-vape","20":"product_cat-spain-best-hot-sale-vape","21":"product_cat-fance-hot-sale-vape","22":"product_cat-rechargeable-vapes","23":"product_cat-smart-screen-vapes","24":"product_cat-new-vape-this-week","25":"product_cat-minimum-order-quantity-50pcs","26":"product_tag-bang-25000-puffs","27":"product_tag-bang-vapes","28":"product_tag-electric-cigarettes","29":"product_tag-original-factory-vape","30":"product_tag-rechargeable-disposable-vapes","31":"product_tag-smart-disposable-vape","32":"product_tag-wholesale-vape-price","33":"desktop-align-left","34":"tablet-align-left","35":"mobile-align-left","37":"first","38":"instock","39":"sale","40":"shipping-taxable","41":"purchasable","42":"product-type-simple"},"uagb_featured_image_src":{"full":["https:\/\/rmvapesale.com\/wp-content\/uploads\/2024\/09\/Bang-25000-Vape.png",788,788,false],"thumbnail":["https:\/\/rmvapesale.com\/wp-content\/uploads\/2024\/09\/Bang-25000-Vape-150x150.png",150,150,true],"medium":["https:\/\/rmvapesale.com\/wp-content\/uploads\/2024\/09\/Bang-25000-Vape-300x300.png",300,300,true],"medium_large":["https:\/\/rmvapesale.com\/wp-content\/uploads\/2024\/09\/Bang-25000-Vape-768x768.png",768,768,true],"large":["https:\/\/rmvapesale.com\/wp-content\/uploads\/2024\/09\/Bang-25000-Vape.png",788,788,false],"1536x1536":["https:\/\/rmvapesale.com\/wp-content\/uploads\/2024\/09\/Bang-25000-Vape.png",788,788,false],"2048x2048":["https:\/\/rmvapesale.com\/wp-content\/uploads\/2024\/09\/Bang-25000-Vape.png",788,788,false],"trp-custom-language-flag":["https:\/\/rmvapesale.com\/wp-content\/uploads\/2024\/09\/Bang-25000-Vape.png",12,12,false],"woocommerce_thumbnail":["https:\/\/rmvapesale.com\/wp-content\/uploads\/2024\/09\/Bang-25000-Vape-300x300.png",300,300,true],"woocommerce_single":["https:\/\/rmvapesale.com\/wp-content\/uploads\/2024\/09\/Bang-25000-Vape-600x600.png",600,600,true],"woocommerce_gallery_thumbnail":["https:\/\/rmvapesale.com\/wp-content\/uploads\/2024\/09\/Bang-25000-Vape-100x100.png",100,100,true],"wcpr-photo-reviews":["https:\/\/rmvapesale.com\/wp-content\/uploads\/2024\/09\/Bang-25000-Vape.png",500,500,false]},"uagb_author_info":{"display_name":"AMY","author_link":"https:\/\/rmvapesale.com\/lv\/author\/"},"uagb_comment_info":0,"uagb_excerpt":"Bang 25000 Puffs 0% 2% 3% 5% Low Nicotine Bulk Buy Bang 25000 25k Puffs Vape Original E-Cigarette Bang 25000 Hits Dual Pods Wholesale Contact Amy For More Discount And Lower MOQ Vape WhatsApp: +86 17776015835","_links":{"self":[{"href":"https:\/\/rmvapesale.com\/lv\/wp-json\/wp\/v2\/product\/2107","targetHints":{"allow":["GET"]}}],"collection":[{"href":"https:\/\/rmvapesale.com\/lv\/wp-json\/wp\/v2\/product"}],"about":[{"href":"https:\/\/rmvapesale.com\/lv\/wp-json\/wp\/v2\/types\/product"}],"replies":[{"embeddable":true,"href":"https:\/\/rmvapesale.com\/lv\/wp-json\/wp\/v2\/comments?post=2107"}],"wp:featuredmedia":[{"embeddable":true,"href":"https:\/\/rmvapesale.com\/lv\/wp-json\/wp\/v2\/media\/2105"}],"wp:attachment":[{"href":"https:\/\/rmvapesale.com\/lv\/wp-json\/wp\/v2\/media?parent=2107"}],"wp:term":[{"taxonomy":"product_brand","embeddable":true,"href":"https:\/\/rmvapesale.com\/lv\/wp-json\/wp\/v2\/product_brand?post=2107"},{"taxonomy":"product_cat","embeddable":true,"href":"https:\/\/rmvapesale.com\/lv\/wp-json\/wp\/v2\/product_cat?post=2107"},{"taxonomy":"product_tag","embeddable":true,"href":"https:\/\/rmvapesale.com\/lv\/wp-json\/wp\/v2\/product_tag?post=2107"}],"curies":[{"name":"wp","href":"https:\/\/api.w.org\/{rel}","templated":true}]}}