{"id":2108,"date":"2024-09-23T05:35:29","date_gmt":"2024-09-23T05:35:29","guid":{"rendered":"https:\/\/rmvapesale.com\/?post_type=product&#038;p=2108"},"modified":"2025-01-21T09:19:25","modified_gmt":"2025-01-21T09:19:25","slug":"bang-king-25000-puffs-vape-double-pods-12-flavors-wholesale","status":"publish","type":"product","link":"https:\/\/rmvapesale.com\/lv\/product\/bang-king-25000-puffs-vape-double-pods-12-flavors-wholesale\/","title":{"rendered":"Bang King 25000 Puffs Vape Double Pods 12 Flavors Vairumtirdzniec\u012bba"},"content":{"rendered":"<div class=\"B2VR9 CJHX3e\">\n<div class=\"wyccme\">\n<h1>Bang King 25000 Puffs Vape Double Pods 12 Flavors Vairumtirdzniec\u012bba<\/h1>\n<p>Izbaudiet maksim\u0101lu tvaic\u0113\u0161anu ar Bang King 25000 \u2013 augstas veiktsp\u0113jas vienreizlietojamu vape, kas paredz\u0113ts tiem, kuri nov\u0113rt\u0113 \u0113rt\u012bbas, izcilu gar\u0161u un iev\u0113rojamas 25 000 dvesmas katr\u0101 ier\u012bc\u0113. T\u0101 gludais, modernais dizains padara to par ide\u0101lu pavadoni izcilai tvaic\u0113\u0161anas pieredzei, atrodoties ce\u013c\u0101.<\/p>\n<p>\u0160im Bang King 25000 ir divi podi, katrs nodro\u0161inot 12 500 dvesmas, \u013caujot jums viegli nomain\u012bt un turpin\u0101t tvaic\u0113\u0161anu bez p\u0101rtraukuma. Turkl\u0101t j\u016bs varat izv\u0113l\u0113ties nikot\u012bna stiprumu no 0%, 2%, 3% un 5%, lai piel\u0101gotu savu tvaic\u0113\u0161anas pieredzi sav\u0101m v\u0113lm\u0113m.<\/p>\n<p>Paaugstiniet savu tvaic\u0113\u0161anas pieredzi ar Bang King 25000 dvesm\u0101m, kur inov\u0101cijas satiekas ar gandar\u012bjumu. \u0160\u012b vienreizlietojam\u0101 vape poda ier\u012bce ir lieliski piem\u0113rota tvaic\u0113t\u0101jiem, kuri mekl\u0113 gan veiktsp\u0113ju, gan gar\u0161u, un t\u0101 ir paredz\u0113ta, lai uzlabotu katru mirkli.<\/p>\n<\/div>\n<\/div>\n<p>&nbsp;<\/p>\n<p><strong>Sazinieties ar Eimiju, lai sa\u0146emtu pareizu atbildi un vair\u0101k produktu video!<\/strong><\/p>\n<p><img loading=\"lazy\" decoding=\"async\" class=\"size-full wp-image-1978\" src=\"https:\/\/rmvapesale.com\/wp-content\/uploads\/2024\/09\/Disposable-Vape-Wholesale.jpg\" alt=\"Vienreiz\u0113jais vape vairumtirdzniec\u012bba\" width=\"229\" height=\"300\" \/><\/p>\n<h3><span style=\"color: #ff0000\"><strong>WhatsApp: +86 17776015835<\/strong><\/span><\/h3>\n<p>&nbsp;<\/p>\n<h2><\/h2>\n<h2><strong>Bang King 25000 galven\u0101s iez\u012bmes<\/strong><\/h2>\n<p>&nbsp;<\/p>\n<p>Nikot\u012bns: 0% 2% 3% 5%<br \/>\nDvesmas: 25000<br \/>\nIetilp\u012bba: 23ml+23ml dubultais pods<br \/>\nPieejamas 12 gar\u0161as<br \/>\n1,0 omu dubultais siets<br \/>\n650mah Uzl\u0101d\u0113jams<\/p>\n<h2><\/h2>\n<h2><\/h2>\n<h2><strong>Popul\u0101r\u0101k\u0101 gar\u0161a Bang King 25000 dvesm\u0101m<\/strong><\/h2>\n<p>Bang King 25000 vienreizlietojamais vape pods ar 12 gar\u0161\u0101m, no kur\u0101m katra ir paredz\u0113ta, lai pied\u0101v\u0101tu at\u0161\u0137ir\u012bgu un apmierino\u0161u tvaic\u0113\u0161anas pieredzi, jums ir kaut kas lab\u0101kais!<\/p>\n<p>1. Zilo ave\u0146u ledus<span style=\"color: #ff0000\"><strong>&gt;&gt;&gt;&gt;Lab\u0101kais!<\/strong><\/span><br \/>\n2.Juicy Peach Ice<br \/>\n3.Zeme\u0146u arb\u016bzs<br \/>\n4.Arb\u016bzu ledus<br \/>\n5.Zeme\u0146u ban\u0101ns<br \/>\n6. Sk\u0101bo \u0101bolu ledus<span style=\"color: #ff0000\"><strong>&gt;&gt;&gt;&gt;Karsts!<\/strong><\/span><br \/>\n7. Tr\u012bsk\u0101r\u0161o ogu ledus<br \/>\n8. Tropu aug\u013ci<br \/>\n9. \u0136ir\u0161u bumba<br \/>\n10. V\u012bnogu ledus<span style=\"color: #ff0000\"><strong>&gt;&gt;&gt;&gt;Karsts!<\/strong><\/span><br \/>\n11. Persiku mango<br \/>\n12. Zeme\u0146u mango<\/p>\n<p>&nbsp;<\/p>\n<figure id=\"attachment_2112\" aria-describedby=\"caption-attachment-2112\" style=\"width: 300px\" class=\"wp-caption alignnone\"><img loading=\"lazy\" decoding=\"async\" class=\"size-medium wp-image-2112\" src=\"https:\/\/rmvapesale.com\/wp-content\/uploads\/2024\/09\/Bang-King-25000-Puffs-Double-Pod-300x291.jpg\" alt=\"Bang King 25000 Puffs dubult\u0101 poda\" width=\"300\" height=\"291\" srcset=\"https:\/\/rmvapesale.com\/wp-content\/uploads\/2024\/09\/Bang-King-25000-Puffs-Double-Pod-300x291.jpg 300w, https:\/\/rmvapesale.com\/wp-content\/uploads\/2024\/09\/Bang-King-25000-Puffs-Double-Pod-768x746.jpg 768w, https:\/\/rmvapesale.com\/wp-content\/uploads\/2024\/09\/Bang-King-25000-Puffs-Double-Pod-600x582.jpg 600w, https:\/\/rmvapesale.com\/wp-content\/uploads\/2024\/09\/Bang-King-25000-Puffs-Double-Pod.jpg 788w\" sizes=\"auto, (max-width: 300px) 100vw, 300px\" \/><figcaption id=\"caption-attachment-2112\" class=\"wp-caption-text\">Bang King 25000 Puffs dubult\u0101 poda<\/figcaption><\/figure>\n<h2><strong>Jaut\u0101jumi, kas jums var\u0113tu b\u016bt par Bang King 25k Puffs <\/strong><\/h2>\n<p>&nbsp;<\/p>\n<p><strong>1. Cik daudz nikot\u012bna ir Bang King 25000?<\/strong><br \/>\nBang King 25000 satur 0%, 2%, 3% un 5% nikot\u012bna s\u0101ls. Ar moderno t\u012bkla spoles tehnolo\u0123iju tas pied\u0101v\u0101 izcilu tvaika pieredzi, kas piepild\u012bta ar bag\u0101t\u012bgu gar\u0161u.<\/p>\n<p><strong>2. Vai BangKing 25000 vape ir uzl\u0101d\u0113jams?<\/strong><br \/>\nJ\u0101, Bang King 25000 ietver 650 mAh uzl\u0101d\u0113jamu akumulatoru, kas nodro\u0161ina ilgsto\u0161u baud\u012bjumu.<\/p>\n<p><strong>3. Cik uzp\u016btienus var ieg\u016bt no Bang King 25000?<\/strong><br \/>\nBang King 25000 nodro\u0161ina aptuveni 25000 uzp\u016btienus, atkar\u012bb\u0101 no lieto\u0161anas, un ir pieejams 12 gar\u0161\u0101s.<\/p>\n<p><strong>4. Cik ilgs laiks nepiecie\u0161ams, lai uzl\u0101d\u0113tu Bang King 25000?<\/strong><br \/>\nBang King 25000 var piln\u012bb\u0101 uzl\u0101d\u0113t tikai 30 l\u012bdz 35 min\u016bt\u0113s, nodro\u0161inot \u0101tru gatav\u012bbu lieto\u0161anai.<\/p>\n<p>&nbsp;<\/p>\n<h3><b>Bie\u017e\u0101k uzdotie jaut\u0101jumi<\/b><\/h3>\n<p>&nbsp;<\/p>\n<div class=\"flex-shrink-0 flex flex-col relative items-end\">\n<div>\n<div class=\"pt-0\">\n<div class=\"gizmo-bot-avatar flex h-8 w-8 items-center justify-center overflow-hidden rounded-full\">\n<div class=\"relative p-1 rounded-sm flex items-center justify-center bg-token-main-surface-primary text-token-text-primary h-8 w-8\"><strong>K\u0101das pieg\u0101des metodes tiek izmantotas?<\/strong><\/div>\n<\/div>\n<\/div>\n<\/div>\n<\/div>\n<div class=\"group\/conversation-turn relative flex w-full min-w-0 flex-col agent-turn\">\n<div class=\"flex-col gap-1 md:gap-3\">\n<div class=\"flex max-w-full flex-col flex-grow\">\n<div class=\"min-h-[20px] text-message flex w-full flex-col items-end gap-2 whitespace-normal break-words [.text-message+&amp;]:mt-5 overflow-x-auto\" dir=\"auto\" data-message-author-role=\"assistant\" data-message-id=\"22f8283b-3233-46ff-89a5-c7a41b33abda\">\n<div class=\"flex w-full flex-col gap-1 empty:hidden first:pt-[3px]\">\n<div class=\"markdown prose w-full break-words dark:prose-invert light\">\n<p>M\u0113s sadarbojamies ar UPS, DHL, FedEx, DPD un citiem vado\u0161ajiem p\u0101rvad\u0101t\u0101jiem. M\u0113s izv\u0113l\u0113simies lab\u0101ko pieg\u0101des veidu, pamatojoties uz j\u016bsu pieg\u0101des vietu, lai nodro\u0161in\u0101tu, ka j\u016bs sa\u0146emat savus produktus p\u0113c iesp\u0113jas \u0101tr\u0101k.<\/p>\n<\/div>\n<p><strong>Cik ilgs laiks paiet, l\u012bdz tas tiek pieg\u0101d\u0101ts?<\/strong><\/p>\n<p>Pieg\u0101des uz Latviju parasti ierodas 10 darba dienu laik\u0101. Pieg\u0101de uz Eiropas valst\u012bm parasti aiz\u0146em apm\u0113ram 12-15 darba dienas. M\u0113s nodro\u0161in\u0101sim re\u0101llaika atjaunin\u0101jumus par j\u016bsu pieg\u0101des statusu.<\/p>\n<\/div>\n<p><strong>Garantija<\/strong><\/p>\n<p><span style=\"color: #ff0000\"><strong>Visi m\u016bsu veikala produkti ir garant\u0113ti 100% ori\u0123in\u0101li un autentiski. M\u0113s pied\u0101v\u0101jam 10 rei\u017eu kompens\u0101ciju par viltot\u0101m prec\u0113m!<\/strong><\/span><\/p>\n<div class=\"flex w-full flex-col gap-1 empty:hidden first:pt-[3px]\">\n<p>&nbsp;<\/p>\n<\/div>\n<\/div>\n<\/div>\n<\/div>\n<\/div>\n<p>&nbsp;<\/p>\n<p>Citi popul\u0101ri vape, kas jums var\u0113tu patikt:<\/p>\n<p><strong><a href=\"https:\/\/rmvapesale.com\/lv\/product\/wga-crystal-plus-20000-puff-dual-flavour-disposable-vape\/\">Bang King 30000 dvesmas<\/a><\/strong><\/p>\n<p><a href=\"https:\/\/rmvapesale.com\/lv\/product\/bang-20000-puffs-disposable-vape-wholesale-supplier\/\"><strong>Bang Box Vape 20000 Puffs<\/strong><\/a><\/p>\n<p><a href=\"https:\/\/rmvapesale.com\/lv\/product\/wga-crystal-pro-max-extra-15k-puffs-disposable-vape-wholesale\/\"><strong>WGA Crystal Pro Max Extra 15000<\/strong><\/a><\/p>\n<p>&nbsp;<\/p>\n<p>&nbsp;<\/p>\n<p>Atrodiet vair\u0101k Vape produktu, kas jums var\u0113tu patikt:<strong><em><a href=\"https:\/\/rmvapesale.com\/lv\/shop-2\/\">iepirkties tagad &gt;&gt;&gt;<\/a><\/em><\/strong><\/p>","protected":false},"excerpt":{"rendered":"<p>Bang King 25000 Dvesmas 0% 2% 3% 5% Nikot\u012bns vairumtirdzniec\u012bba<br \/>\nPuff 25k Bang King 25000 dvesmas vienreizlietojamais vape<br \/>\nBang King 25000 dvesmas vienreizlietojamais e-cigaretes dubultais pods<\/p>\n<p><strong>Sazinieties ar Eimiju, lai sa\u0146emtu vair\u0101k atlai\u017eu un zem\u0101ku minim\u0101lo pas\u016bt\u012bjuma daudzumu<\/strong><\/p>\n<p><img loading=\"lazy\" decoding=\"async\" class=\"size-full wp-image-1978\" src=\"https:\/\/rmvapesale.com\/wp-content\/uploads\/2024\/09\/Disposable-Vape-Wholesale.jpg\" alt=\"Vienreiz\u0113jais vape vairumtirdzniec\u012bba\" width=\"229\" height=\"300\" \/><\/p>\n<h3><span style=\"color: #ff0000\"><strong>WhatsApp: +86 17776015835<\/strong><\/span><\/h3>","protected":false},"featured_media":2114,"comment_status":"open","ping_status":"closed","template":"","meta":{"_uag_custom_page_level_css":"","_lmt_disableupdate":"no","_lmt_disable":"","site-sidebar-layout":"default","site-content-layout":"content-boxed-container","ast-site-content-layout":"normal-width-container","site-content-style":"boxed","site-sidebar-style":"unboxed","ast-global-header-display":"","ast-banner-title-visibility":"","ast-main-header-display":"","ast-hfb-above-header-display":"","ast-hfb-below-header-display":"","ast-hfb-mobile-header-display":"","site-post-title":"","ast-breadcrumbs-content":"","ast-featured-img":"","footer-sml-layout":"","ast-disable-related-posts":"","theme-transparent-header-meta":"default","adv-header-id-meta":"","stick-header-meta":"","header-above-stick-meta":"","header-main-stick-meta":"","header-below-stick-meta":"","astra-migrate-meta-layouts":"set","ast-page-background-enabled":"default","ast-page-background-meta":{"desktop":{"background-color":"var(--ast-global-color-4)","background-image":"","background-repeat":"repeat","background-position":"center center","background-size":"auto","background-attachment":"scroll","background-type":"","background-media":"","overlay-type":"","overlay-color":"","overlay-opacity":"","overlay-gradient":""},"tablet":{"background-color":"","background-image":"","background-repeat":"repeat","background-position":"center center","background-size":"auto","background-attachment":"scroll","background-type":"","background-media":"","overlay-type":"","overlay-color":"","overlay-opacity":"","overlay-gradient":""},"mobile":{"background-color":"","background-image":"","background-repeat":"repeat","background-position":"center center","background-size":"auto","background-attachment":"scroll","background-type":"","background-media":"","overlay-type":"","overlay-color":"","overlay-opacity":"","overlay-gradient":""}},"ast-content-background-meta":{"desktop":{"background-color":"var(--ast-global-color-5)","background-image":"","background-repeat":"repeat","background-position":"center center","background-size":"auto","background-attachment":"scroll","background-type":"","background-media":"","overlay-type":"","overlay-color":"","overlay-opacity":"","overlay-gradient":""},"tablet":{"background-color":"var(--ast-global-color-5)","background-image":"","background-repeat":"repeat","background-position":"center center","background-size":"auto","background-attachment":"scroll","background-type":"","background-media":"","overlay-type":"","overlay-color":"","overlay-opacity":"","overlay-gradient":""},"mobile":{"background-color":"var(--ast-global-color-5)","background-image":"","background-repeat":"repeat","background-position":"center center","background-size":"auto","background-attachment":"scroll","background-type":"","background-media":"","overlay-type":"","overlay-color":"","overlay-opacity":"","overlay-gradient":""}},"_joinchat":[]},"product_brand":[],"product_cat":[15,256,273,279,60,289,291,27,25,123,293,30,26,28,295,137,299,136,135],"product_tag":[86,76,57,58,87],"class_list":{"0":"post-2108","1":"product","2":"type-product","3":"status-publish","4":"has-post-thumbnail","6":"product_cat-new-vape-this-week","7":"product_cat-25000-puff-disposable-vape","8":"product_cat-bang-box-vape","9":"product_cat-bang-king-vape","10":"product_cat-bang-vapes","11":"product_cat-big-puffs-disposable-vapes","12":"product_cat-dual-mesh-disposable-vapes","13":"product_cat-fance-hot-sale-vape","14":"product_cat-germany-best-selling-vape","15":"product_cat-italy-wholesale-vape","16":"product_cat-low-nicotine-disposable-vapes","17":"product_cat-minimum-order-quantity-50pcs","18":"product_cat-netherlands-hot-sale-vape","19":"product_cat-poland-hot-sale-vape","20":"product_cat-rechargeable-disposable-vapes","21":"product_cat-rechargeable-vapes","22":"product_cat-smart-screen-disposable-vapes","23":"product_cat-smart-screen-vapes","24":"product_cat-spain-best-hot-sale-vape","25":"product_tag-bang-king-25000","26":"product_tag-bang-king-vape","27":"product_tag-disposable-vape-wholesale-supplier","28":"product_tag-electric-cigarettes","29":"product_tag-puff-25k","30":"desktop-align-left","31":"tablet-align-left","32":"mobile-align-left","34":"first","35":"instock","36":"sale","37":"shipping-taxable","38":"purchasable","39":"product-type-simple"},"uagb_featured_image_src":{"full":["https:\/\/rmvapesale.com\/wp-content\/uploads\/2024\/09\/Bang-King-25000-Puffs-Wholesale.jpg",788,788,false],"thumbnail":["https:\/\/rmvapesale.com\/wp-content\/uploads\/2024\/09\/Bang-King-25000-Puffs-Wholesale-150x150.jpg",150,150,true],"medium":["https:\/\/rmvapesale.com\/wp-content\/uploads\/2024\/09\/Bang-King-25000-Puffs-Wholesale-300x300.jpg",300,300,true],"medium_large":["https:\/\/rmvapesale.com\/wp-content\/uploads\/2024\/09\/Bang-King-25000-Puffs-Wholesale-768x768.jpg",768,768,true],"large":["https:\/\/rmvapesale.com\/wp-content\/uploads\/2024\/09\/Bang-King-25000-Puffs-Wholesale.jpg",788,788,false],"1536x1536":["https:\/\/rmvapesale.com\/wp-content\/uploads\/2024\/09\/Bang-King-25000-Puffs-Wholesale.jpg",788,788,false],"2048x2048":["https:\/\/rmvapesale.com\/wp-content\/uploads\/2024\/09\/Bang-King-25000-Puffs-Wholesale.jpg",788,788,false],"trp-custom-language-flag":["https:\/\/rmvapesale.com\/wp-content\/uploads\/2024\/09\/Bang-King-25000-Puffs-Wholesale.jpg",12,12,false],"woocommerce_thumbnail":["https:\/\/rmvapesale.com\/wp-content\/uploads\/2024\/09\/Bang-King-25000-Puffs-Wholesale-300x300.jpg",300,300,true],"woocommerce_single":["https:\/\/rmvapesale.com\/wp-content\/uploads\/2024\/09\/Bang-King-25000-Puffs-Wholesale-600x600.jpg",600,600,true],"woocommerce_gallery_thumbnail":["https:\/\/rmvapesale.com\/wp-content\/uploads\/2024\/09\/Bang-King-25000-Puffs-Wholesale-100x100.jpg",100,100,true],"wcpr-photo-reviews":["https:\/\/rmvapesale.com\/wp-content\/uploads\/2024\/09\/Bang-King-25000-Puffs-Wholesale.jpg",500,500,false]},"uagb_author_info":{"display_name":"AMY","author_link":"https:\/\/rmvapesale.com\/lv\/author\/"},"uagb_comment_info":0,"uagb_excerpt":"Bang King 25000 Puffs 0% 2% 3% 5% Nicotine Wholesale Puff 25k Bang King 25000 Puffs Disposable Vape Bang King 25000 Puffs Vape Disposable E Cigarettes Dual Pod Contact Amy For More Discount And Lower MOQ Vape WhatsApp: +86 17776015835","_links":{"self":[{"href":"https:\/\/rmvapesale.com\/lv\/wp-json\/wp\/v2\/product\/2108","targetHints":{"allow":["GET"]}}],"collection":[{"href":"https:\/\/rmvapesale.com\/lv\/wp-json\/wp\/v2\/product"}],"about":[{"href":"https:\/\/rmvapesale.com\/lv\/wp-json\/wp\/v2\/types\/product"}],"replies":[{"embeddable":true,"href":"https:\/\/rmvapesale.com\/lv\/wp-json\/wp\/v2\/comments?post=2108"}],"wp:featuredmedia":[{"embeddable":true,"href":"https:\/\/rmvapesale.com\/lv\/wp-json\/wp\/v2\/media\/2114"}],"wp:attachment":[{"href":"https:\/\/rmvapesale.com\/lv\/wp-json\/wp\/v2\/media?parent=2108"}],"wp:term":[{"taxonomy":"product_brand","embeddable":true,"href":"https:\/\/rmvapesale.com\/lv\/wp-json\/wp\/v2\/product_brand?post=2108"},{"taxonomy":"product_cat","embeddable":true,"href":"https:\/\/rmvapesale.com\/lv\/wp-json\/wp\/v2\/product_cat?post=2108"},{"taxonomy":"product_tag","embeddable":true,"href":"https:\/\/rmvapesale.com\/lv\/wp-json\/wp\/v2\/product_tag?post=2108"}],"curies":[{"name":"wp","href":"https:\/\/api.w.org\/{rel}","templated":true}]}}