{"id":2138,"date":"2024-09-24T07:38:58","date_gmt":"2024-09-24T07:38:58","guid":{"rendered":"https:\/\/rmvapesale.com\/?post_type=product&#038;p=2138"},"modified":"2025-01-21T09:22:28","modified_gmt":"2025-01-21T09:22:28","slug":"bang-pulse-18000-puffs-18k-disposable-vape-factory-price","status":"publish","type":"product","link":"https:\/\/rmvapesale.com\/lv\/product\/bang-pulse-18000-puffs-18k-disposable-vape-factory-price\/","title":{"rendered":"Bang Pulse 18000 Puffs 18k Vienreiz\u0113j\u0101s lieto\u0161anas Vape R\u016bpn\u012bcas cena"},"content":{"rendered":"<div class=\"B2VR9 CJHX3e\">\n<div class=\"wyccme\">\n<h1>Bang Pulse 18000 Puffs 18k Vienreiz\u0113j\u0101s lieto\u0161anas Vape R\u016bpn\u012bcas cena<\/h1>\n<p>Bang Pulse 18000 Puffs ir gluda un \u013coti funkcion\u0101la vienreizlietojama e-cigarete, kas pied\u0101v\u0101 iespaid\u012bgu 18000 dvesmu tvaic\u0113\u0161anu. \u0160is vienreizlietojamais vape ir apr\u012bkots ar d\u0101snu 26 ml e-\u0161\u0137idruma ietilp\u012bbu un jaud\u012bgu 650 mAh akumulatoru, nodro\u0161inot, ka lietot\u0101ji var baud\u012bt apmierino\u0161u tvaic\u0113\u0161anas pieredzi bez bie\u017eas uzl\u0101des vai uzpild\u012b\u0161anas. Turkl\u0101t \u0161\u012b ier\u012bce \u013cauj lietot\u0101jiem piel\u0101got ieelpoto gaisa pl\u016bsmu atbilsto\u0161i savam noska\u0146ojumam, nodro\u0161inot piel\u0101gotu un izcilu tvaic\u0113\u0161anas pieredzi.<\/p>\n<\/div>\n<div class=\"wyccme\">\n<p>Sazinieties, lai s\u0101ktu savu Bang Pulse 18000 Puffs ar r\u016bpn\u012bcas cenu tie\u0161i tagad!<\/p>\n<\/div>\n<\/div>\n<p><strong>Sazinieties ar Eimiju, lai sa\u0146emtu pareizu atbildi un vair\u0101k produktu video!<\/strong><\/p>\n<p><img loading=\"lazy\" decoding=\"async\" class=\"size-full wp-image-1978\" src=\"https:\/\/rmvapesale.com\/wp-content\/uploads\/2024\/09\/Disposable-Vape-Wholesale.jpg\" alt=\"Vienreiz\u0113jais vape vairumtirdzniec\u012bba\" width=\"229\" height=\"300\" \/><\/p>\n<h3><span style=\"color: #ff0000\"><strong>WhatsApp: +86 17776015835<\/strong><\/span><\/h3>\n<p>&nbsp;<\/p>\n<h2><\/h2>\n<h2><strong>Bang Pulse 18000 Galven\u0101s iez\u012bmes<\/strong><\/h2>\n<p>l\u012bdz 18000 dvesm\u0101m<br \/>\n650mAh Ieb\u016bv\u0113ts akumulators<br \/>\n26 ml Iepild\u012bta e-sula<br \/>\n0% 2% 3% 5% Nikot\u012bna l\u012bmenis<br \/>\nC tipa uzl\u0101d\u0113jams<br \/>\nLED jaudas displejs<\/p>\n<h2><\/h2>\n<h2><strong>Bang Pulse 18000 Vape popul\u0101r\u0101k\u0101s gar\u0161as<\/strong><\/h2>\n<p>Bang Pulse 18000 vienreizlietojamais vape pods, kas pied\u0101v\u0101 12 gar\u0161as, katra no t\u0101m ir izstr\u0101d\u0101ta, lai pied\u0101v\u0101tu at\u0161\u0137ir\u012bgu un apmierino\u0161u tvaic\u0113\u0161anas pieredzi, ir kaut kas lab\u0101kais jums!<\/p>\n<p>1.Cheery Bomb<span style=\"color: #ff0000\"><strong>&gt;&gt;&gt;&gt;Karsts!<\/strong><\/span><br \/>\n2.Juicy Peach Ice<br \/>\n3.Tropical Fruit<br \/>\n4.Grape Ice<br \/>\n5.Peach Mango<br \/>\n6.Zeme\u0146u ban\u0101ns<span style=\"color: #ff0000\"><strong>&gt;&gt;&gt;&gt;Karsts!<\/strong><\/span><br \/>\n7.Zeme\u0146u mango<br \/>\n8.Tr\u012bs ogu ledus<br \/>\n9.Zeme\u0146u arb\u016bzs<br \/>\n10.Arb\u016bzu ledus<br \/>\n11. Zilais Razz ledus<span style=\"color: #ff0000\"><strong>&gt;&gt;&gt;&gt;Lab\u0101kais!<\/strong><\/span><br \/>\n12.Sk\u0101b\u0101 \u0101bolu ledus<\/p>\n<p>&nbsp;<\/p>\n<h2><strong>Jaut\u0101jumi, kas jums var\u0113tu rasties par Bang Pulse 18000 dvesm\u0101m<\/strong><\/h2>\n<p>&nbsp;<\/p>\n<p><strong>1. Cik daudz nikot\u012bna ir Bang Pulse 18000?<\/strong><br \/>\nVienreiz\u0113j\u0101s lieto\u0161anas e-cigarete Bang Pulse 18000 satur 2%, 3% vai 5% nikot\u012bna s\u0101ls. Ar modernu sieta spir\u0101les tehnolo\u0123iju t\u0101 pied\u0101v\u0101 izcilu tvaiku pieredzi, kas piepild\u012bta ar bag\u0101t\u012bgu gar\u0161u.<\/p>\n<p><strong>2. Vai Bang Pulse 18000 vienreiz\u0113j\u0101s lieto\u0161anas e-cigaretes ir uzl\u0101d\u0113jamas?<\/strong><br \/>\nJ\u0101, Bang Pulse 18000 ietver 650 mAh uzl\u0101d\u0113jamu akumulatoru, nodro\u0161inot ilgsto\u0161u baud\u012bjumu.<\/p>\n<p><strong>3. Cik dvesmu var ieg\u016bt no Bang Pulse 18000 dvesm\u0101m?<\/strong><br \/>\nBang Pulse 18000 dvesmas nodro\u0161ina apm\u0113ram 18000 dvesmu, atkar\u012bb\u0101 no lieto\u0161anas, un ir pieejamas 16 gar\u0161\u0101s.<\/p>\n<p><strong>4. Cik ilgs laiks nepiecie\u0161ams, lai uzl\u0101d\u0113tu Bang Pulse 18000?<\/strong><br \/>\nBang Pulse 18000 vienreiz\u0113j\u0101s lieto\u0161anas e-cigaretes kast\u012bti var piln\u012bb\u0101 uzl\u0101d\u0113t tikai 30 l\u012bdz 35 min\u016bt\u0113s, nodro\u0161inot \u0101tru gatav\u012bbu lieto\u0161anai.<\/p>\n<p>&nbsp;<\/p>\n<h3><b>Bie\u017e\u0101k uzdotie jaut\u0101jumi<\/b><\/h3>\n<p>&nbsp;<\/p>\n<div class=\"flex-shrink-0 flex flex-col relative items-end\">\n<div>\n<div class=\"pt-0\">\n<div class=\"gizmo-bot-avatar flex h-8 w-8 items-center justify-center overflow-hidden rounded-full\">\n<div class=\"relative p-1 rounded-sm flex items-center justify-center bg-token-main-surface-primary text-token-text-primary h-8 w-8\"><strong>K\u0101das pieg\u0101des metodes tiek izmantotas?<\/strong><\/div>\n<\/div>\n<\/div>\n<\/div>\n<\/div>\n<div class=\"group\/conversation-turn relative flex w-full min-w-0 flex-col agent-turn\">\n<div class=\"flex-col gap-1 md:gap-3\">\n<div class=\"flex max-w-full flex-col flex-grow\">\n<div class=\"min-h-[20px] text-message flex w-full flex-col items-end gap-2 whitespace-normal break-words [.text-message+&amp;]:mt-5 overflow-x-auto\" dir=\"auto\" data-message-author-role=\"assistant\" data-message-id=\"22f8283b-3233-46ff-89a5-c7a41b33abda\">\n<div class=\"flex w-full flex-col gap-1 empty:hidden first:pt-[3px]\">\n<div class=\"markdown prose w-full break-words dark:prose-invert light\">\n<p>M\u0113s sadarbojamies ar UPS, DHL, FedEx, DPD un citiem vado\u0161ajiem p\u0101rvad\u0101t\u0101jiem. M\u0113s izv\u0113l\u0113simies lab\u0101ko pieg\u0101des veidu, pamatojoties uz j\u016bsu pieg\u0101des vietu, lai nodro\u0161in\u0101tu, ka j\u016bs sa\u0146emat savus produktus p\u0113c iesp\u0113jas \u0101tr\u0101k.<\/p>\n<\/div>\n<p><strong>Cik ilgs laiks paiet, l\u012bdz tas tiek pieg\u0101d\u0101ts?<\/strong><\/p>\n<p>Pieg\u0101des uz Latviju parasti ierodas 10 darba dienu laik\u0101. Pieg\u0101de uz Eiropas valst\u012bm parasti aiz\u0146em apm\u0113ram 12-15 darba dienas. M\u0113s nodro\u0161in\u0101sim re\u0101llaika atjaunin\u0101jumus par j\u016bsu pieg\u0101des statusu.<\/p>\n<\/div>\n<p><strong>Garantija<\/strong><\/p>\n<p><span style=\"color: #ff0000\"><strong>Visi m\u016bsu veikala produkti ir garant\u0113ti 100% ori\u0123in\u0101li un autentiski. M\u0113s pied\u0101v\u0101jam 10 rei\u017eu kompens\u0101ciju par viltot\u0101m prec\u0113m!<\/strong><\/span><\/p>\n<div class=\"flex w-full flex-col gap-1 empty:hidden first:pt-[3px]\">\n<p>&nbsp;<\/p>\n<\/div>\n<\/div>\n<\/div>\n<\/div>\n<\/div>\n<p>&nbsp;<\/p>\n<p>Citi popul\u0101ri vape, kas jums var\u0113tu patikt:<\/p>\n<p><strong><a href=\"https:\/\/rmvapesale.com\/lv\/product\/wga-crystal-plus-20000-puff-dual-flavour-disposable-vape\/\">Bang King 30000 dvesmas<\/a><\/strong><\/p>\n<p><a href=\"https:\/\/rmvapesale.com\/lv\/product\/bang-20000-puffs-disposable-vape-wholesale-supplier\/\"><strong>WGA Crystal Pro Max Extra 15000<\/strong><\/a><\/p>\n<p><a href=\"https:\/\/rmvapesale.com\/lv\/product\/wga-crystal-pro-max-extra-15k-puffs-disposable-vape-wholesale\/\"><strong>Bang 25000 dvesmas<\/strong><\/a><\/p>\n<p><a href=\"https:\/\/rmvapesale.com\/lv\/product\/bang-beach-20000-puffs-vape-smart-screen-disposable-e-cig\/\"><strong>Bang Vape Beach 20000 dvesmas\u00a0<\/strong><\/a><\/p>\n<p>&nbsp;<\/p>\n<p>&nbsp;<\/p>\n<p>Atrodiet vair\u0101k Vape produktu, kas jums var\u0113tu patikt:<strong><em><a href=\"https:\/\/rmvapesale.com\/lv\/shop-2\/\">iepirkties tagad &gt;&gt;&gt;<\/a><\/em><\/strong><\/p>","protected":false},"excerpt":{"rendered":"<p>Bang Pulse 18000 Puffs LED displejs vienreizlietojamais vape Vairumtirdzniec\u012bba<br \/>\nBang Vape Pulse 18000 Puffs 0% 2% 3% 5% nikot\u012bns<br \/>\nBang Pulse 18000 vienreizlietojamais vape Lielapjoma pirkuma cena<\/p>\n<p><strong>Sazinieties ar Eimiju, lai sa\u0146emtu vair\u0101k atlai\u017eu un zem\u0101ku minim\u0101lo pas\u016bt\u012bjuma daudzumu<\/strong><\/p>\n<p><img loading=\"lazy\" decoding=\"async\" class=\"size-full wp-image-1978\" src=\"https:\/\/rmvapesale.com\/wp-content\/uploads\/2024\/09\/Disposable-Vape-Wholesale.jpg\" alt=\"Vienreiz\u0113jais vape vairumtirdzniec\u012bba\" width=\"229\" height=\"300\" \/><\/p>\n<h3><span style=\"color: #ff0000\"><strong>WhatsApp: +86 17776015835<\/strong><\/span><\/h3>","protected":false},"featured_media":2135,"comment_status":"open","ping_status":"closed","template":"","meta":{"_uag_custom_page_level_css":"","_lmt_disableupdate":"no","_lmt_disable":"","site-sidebar-layout":"default","site-content-layout":"content-boxed-container","ast-site-content-layout":"normal-width-container","site-content-style":"boxed","site-sidebar-style":"unboxed","ast-global-header-display":"","ast-banner-title-visibility":"","ast-main-header-display":"","ast-hfb-above-header-display":"","ast-hfb-below-header-display":"","ast-hfb-mobile-header-display":"","site-post-title":"","ast-breadcrumbs-content":"","ast-featured-img":"","footer-sml-layout":"","ast-disable-related-posts":"","theme-transparent-header-meta":"default","adv-header-id-meta":"","stick-header-meta":"","header-above-stick-meta":"","header-main-stick-meta":"","header-below-stick-meta":"","astra-migrate-meta-layouts":"set","ast-page-background-enabled":"default","ast-page-background-meta":{"desktop":{"background-color":"var(--ast-global-color-4)","background-image":"","background-repeat":"repeat","background-position":"center center","background-size":"auto","background-attachment":"scroll","background-type":"","background-media":"","overlay-type":"","overlay-color":"","overlay-opacity":"","overlay-gradient":""},"tablet":{"background-color":"","background-image":"","background-repeat":"repeat","background-position":"center center","background-size":"auto","background-attachment":"scroll","background-type":"","background-media":"","overlay-type":"","overlay-color":"","overlay-opacity":"","overlay-gradient":""},"mobile":{"background-color":"","background-image":"","background-repeat":"repeat","background-position":"center center","background-size":"auto","background-attachment":"scroll","background-type":"","background-media":"","overlay-type":"","overlay-color":"","overlay-opacity":"","overlay-gradient":""}},"ast-content-background-meta":{"desktop":{"background-color":"var(--ast-global-color-5)","background-image":"","background-repeat":"repeat","background-position":"center center","background-size":"auto","background-attachment":"scroll","background-type":"","background-media":"","overlay-type":"","overlay-color":"","overlay-opacity":"","overlay-gradient":""},"tablet":{"background-color":"var(--ast-global-color-5)","background-image":"","background-repeat":"repeat","background-position":"center center","background-size":"auto","background-attachment":"scroll","background-type":"","background-media":"","overlay-type":"","overlay-color":"","overlay-opacity":"","overlay-gradient":""},"mobile":{"background-color":"var(--ast-global-color-5)","background-image":"","background-repeat":"repeat","background-position":"center center","background-size":"auto","background-attachment":"scroll","background-type":"","background-media":"","overlay-type":"","overlay-color":"","overlay-opacity":"","overlay-gradient":""}},"_joinchat":[]},"product_brand":[],"product_cat":[15,273,279,60,289,292,291,27,25,123,293,30,26,28,295,137,299,136,135],"product_tag":[90,63,57,58,54,85],"class_list":{"0":"post-2138","1":"product","2":"type-product","3":"status-publish","4":"has-post-thumbnail","6":"product_cat-new-vape-this-week","7":"product_cat-bang-box-vape","8":"product_cat-bang-king-vape","9":"product_cat-bang-vapes","10":"product_cat-big-puffs-disposable-vapes","11":"product_cat-digital-disposable-vapes","12":"product_cat-dual-mesh-disposable-vapes","13":"product_cat-fance-hot-sale-vape","14":"product_cat-germany-best-selling-vape","15":"product_cat-italy-wholesale-vape","16":"product_cat-low-nicotine-disposable-vapes","17":"product_cat-minimum-order-quantity-50pcs","18":"product_cat-netherlands-hot-sale-vape","19":"product_cat-poland-hot-sale-vape","20":"product_cat-rechargeable-disposable-vapes","21":"product_cat-rechargeable-vapes","22":"product_cat-smart-screen-disposable-vapes","23":"product_cat-smart-screen-vapes","24":"product_cat-spain-best-hot-sale-vape","25":"product_tag-bang-pulse-18000","26":"product_tag-bang-vapes","27":"product_tag-disposable-vape-wholesale-supplier","28":"product_tag-electric-cigarettes","29":"product_tag-rechargeable-disposable-vape","30":"product_tag-smart-disposable-vape","31":"desktop-align-left","32":"tablet-align-left","33":"mobile-align-left","35":"first","36":"instock","37":"sale","38":"shipping-taxable","39":"purchasable","40":"product-type-simple"},"uagb_featured_image_src":{"full":["https:\/\/rmvapesale.com\/wp-content\/uploads\/2024\/09\/Bang-Pulse-18000-Puffs-Disposable-Vape.png",788,788,false],"thumbnail":["https:\/\/rmvapesale.com\/wp-content\/uploads\/2024\/09\/Bang-Pulse-18000-Puffs-Disposable-Vape-150x150.png",150,150,true],"medium":["https:\/\/rmvapesale.com\/wp-content\/uploads\/2024\/09\/Bang-Pulse-18000-Puffs-Disposable-Vape-300x300.png",300,300,true],"medium_large":["https:\/\/rmvapesale.com\/wp-content\/uploads\/2024\/09\/Bang-Pulse-18000-Puffs-Disposable-Vape-768x768.png",768,768,true],"large":["https:\/\/rmvapesale.com\/wp-content\/uploads\/2024\/09\/Bang-Pulse-18000-Puffs-Disposable-Vape.png",788,788,false],"1536x1536":["https:\/\/rmvapesale.com\/wp-content\/uploads\/2024\/09\/Bang-Pulse-18000-Puffs-Disposable-Vape.png",788,788,false],"2048x2048":["https:\/\/rmvapesale.com\/wp-content\/uploads\/2024\/09\/Bang-Pulse-18000-Puffs-Disposable-Vape.png",788,788,false],"trp-custom-language-flag":["https:\/\/rmvapesale.com\/wp-content\/uploads\/2024\/09\/Bang-Pulse-18000-Puffs-Disposable-Vape.png",12,12,false],"woocommerce_thumbnail":["https:\/\/rmvapesale.com\/wp-content\/uploads\/2024\/09\/Bang-Pulse-18000-Puffs-Disposable-Vape-300x300.png",300,300,true],"woocommerce_single":["https:\/\/rmvapesale.com\/wp-content\/uploads\/2024\/09\/Bang-Pulse-18000-Puffs-Disposable-Vape-600x600.png",600,600,true],"woocommerce_gallery_thumbnail":["https:\/\/rmvapesale.com\/wp-content\/uploads\/2024\/09\/Bang-Pulse-18000-Puffs-Disposable-Vape-100x100.png",100,100,true],"wcpr-photo-reviews":["https:\/\/rmvapesale.com\/wp-content\/uploads\/2024\/09\/Bang-Pulse-18000-Puffs-Disposable-Vape.png",500,500,false]},"uagb_author_info":{"display_name":"AMY","author_link":"https:\/\/rmvapesale.com\/lv\/author\/"},"uagb_comment_info":0,"uagb_excerpt":"Bang Pulse 18000 Puffs LED Display Dispsable Vape Wholesale Bang\u00a0 Vape Pulse 18000 Puffs 0% 2% 3% 5% Nicotine Bang Pulse 18000 Disposable Vape Bulk Buy Price Contact Amy For More Discount And Lower MOQ Vape WhatsApp: +86 17776015835","_links":{"self":[{"href":"https:\/\/rmvapesale.com\/lv\/wp-json\/wp\/v2\/product\/2138","targetHints":{"allow":["GET"]}}],"collection":[{"href":"https:\/\/rmvapesale.com\/lv\/wp-json\/wp\/v2\/product"}],"about":[{"href":"https:\/\/rmvapesale.com\/lv\/wp-json\/wp\/v2\/types\/product"}],"replies":[{"embeddable":true,"href":"https:\/\/rmvapesale.com\/lv\/wp-json\/wp\/v2\/comments?post=2138"}],"wp:featuredmedia":[{"embeddable":true,"href":"https:\/\/rmvapesale.com\/lv\/wp-json\/wp\/v2\/media\/2135"}],"wp:attachment":[{"href":"https:\/\/rmvapesale.com\/lv\/wp-json\/wp\/v2\/media?parent=2138"}],"wp:term":[{"taxonomy":"product_brand","embeddable":true,"href":"https:\/\/rmvapesale.com\/lv\/wp-json\/wp\/v2\/product_brand?post=2138"},{"taxonomy":"product_cat","embeddable":true,"href":"https:\/\/rmvapesale.com\/lv\/wp-json\/wp\/v2\/product_cat?post=2138"},{"taxonomy":"product_tag","embeddable":true,"href":"https:\/\/rmvapesale.com\/lv\/wp-json\/wp\/v2\/product_tag?post=2138"}],"curies":[{"name":"wp","href":"https:\/\/api.w.org\/{rel}","templated":true}]}}