{"id":2146,"date":"2024-09-24T08:18:46","date_gmt":"2024-09-24T08:18:46","guid":{"rendered":"https:\/\/rmvapesale.com\/?post_type=product&#038;p=2146"},"modified":"2025-01-21T09:23:48","modified_gmt":"2025-01-21T09:23:48","slug":"bang-shisha-15000-puffs-disposable-vape-puff-15k-wholesale","status":"publish","type":"product","link":"https:\/\/rmvapesale.com\/lv\/product\/bang-shisha-15000-puffs-disposable-vape-puff-15k-wholesale\/","title":{"rendered":"Bang Shisha 15000 Puffs Vienreiz\u0113j\u0101s lieto\u0161anas Vape PUFF 15K Vairumtirdzniec\u012bba"},"content":{"rendered":"<div class=\"B2VR9 CJHX3e\">\n<div class=\"wyccme\">\n<h1>Bang Shisha 15000 Puffs Vienreiz\u0113j\u0101s lieto\u0161anas Vape PUFF 15K Vairumtirdzniec\u012bba<\/h1>\n<p>Bang Shisha 15000 dvesmu vape ir jauns produkts no BANG Vape saimes. \u0160\u012b vienreiz\u0113j\u0101s lieto\u0161anas e-cigarete ir apr\u012bkota ar ieb\u016bv\u0113tu 600mAh akumulatoru un 15 ml iepriek\u0161 uzpild\u012btu E-sulu, kas nodro\u0161ina l\u012bdz pat 15000 dvesmu dvesmu. Ar super-lielu tvaiku, kas paredz\u0113ts, lai sniegtu lietot\u0101jiem ilgsto\u0161\u0101ku tvaic\u0113\u0161anas pieredzi. \u0160is Bang Shisha 15000 pied\u0101v\u0101 \u010detras nikot\u012bna koncentr\u0101cijas 0% 2% 3% 5% un 20 da\u017e\u0101das gar\u0161as, ka j\u016bs atrad\u012bsiet kaut ko vislab\u0101ko sev!<\/p>\n<\/div>\n<div class=\"wyccme\">\n<p>&nbsp;<\/p>\n<\/div>\n<\/div>\n<p><strong>Sazinieties ar Eimiju, lai sa\u0146emtu pareizu atbildi un vair\u0101k produktu video!<\/strong><\/p>\n<p><img loading=\"lazy\" decoding=\"async\" class=\"size-full wp-image-1978\" src=\"https:\/\/rmvapesale.com\/wp-content\/uploads\/2024\/09\/Disposable-Vape-Wholesale.jpg\" alt=\"Vienreiz\u0113jais vape vairumtirdzniec\u012bba\" width=\"229\" height=\"300\" \/><\/p>\n<h3><span style=\"color: #ff0000\"><strong>WhatsApp: +86 17776015835<\/strong><\/span><\/h3>\n<p>&nbsp;<\/p>\n<h2><\/h2>\n<h2><strong>Bang Shisha 15000 dvesmas Galven\u0101s iez\u012bmes<\/strong><\/h2>\n<p>Dvesmas: 15000 dvesmas<br data-filtered=\"filtered\" \/>15ml Iepriek\u0161 uzpild\u012bta E-sula<br data-filtered=\"filtered\" \/>0% 2% 3% 5% Nikot\u012bna l\u012bmenis<br data-filtered=\"filtered\" \/>C tipa uzl\u0101d\u0113jams<\/p>\n<p>&nbsp;<\/p>\n<figure id=\"attachment_2141\" aria-describedby=\"caption-attachment-2141\" style=\"width: 300px\" class=\"wp-caption alignnone\"><img loading=\"lazy\" decoding=\"async\" class=\"size-medium wp-image-2141\" src=\"https:\/\/rmvapesale.com\/wp-content\/uploads\/2024\/09\/Bang-Shisha-15000-Puffs-Disposable-Vape-Wholesale-1-300x300.png\" alt=\"Bang Shisha 15000 Dvesmas Vienreiz\u0113j\u0101s lieto\u0161anas Vape Vairumtirdzniec\u012bba\" width=\"300\" height=\"300\" srcset=\"https:\/\/rmvapesale.com\/wp-content\/uploads\/2024\/09\/Bang-Shisha-15000-Puffs-Disposable-Vape-Wholesale-1-300x300.png 300w, https:\/\/rmvapesale.com\/wp-content\/uploads\/2024\/09\/Bang-Shisha-15000-Puffs-Disposable-Vape-Wholesale-1-150x150.png 150w, https:\/\/rmvapesale.com\/wp-content\/uploads\/2024\/09\/Bang-Shisha-15000-Puffs-Disposable-Vape-Wholesale-1-768x768.png 768w, https:\/\/rmvapesale.com\/wp-content\/uploads\/2024\/09\/Bang-Shisha-15000-Puffs-Disposable-Vape-Wholesale-1-600x600.png 600w, https:\/\/rmvapesale.com\/wp-content\/uploads\/2024\/09\/Bang-Shisha-15000-Puffs-Disposable-Vape-Wholesale-1-100x100.png 100w, https:\/\/rmvapesale.com\/wp-content\/uploads\/2024\/09\/Bang-Shisha-15000-Puffs-Disposable-Vape-Wholesale-1.png 788w\" sizes=\"auto, (max-width: 300px) 100vw, 300px\" \/><figcaption id=\"caption-attachment-2141\" class=\"wp-caption-text\">Bang Shisha 15000 Dvesmas Vienreiz\u0113j\u0101s lieto\u0161anas Vape Vairumtirdzniec\u012bba<\/figcaption><\/figure>\n<h2><strong>Lab\u0101k\u0101 gar\u0161a Bang Shisha 15000 dvesmu Vape<\/strong><\/h2>\n<p>Bang Shisha 15000 dvesmu vape pods lepojas ar 20 gar\u0161\u0101m, katra ir izstr\u0101d\u0101ta, lai pied\u0101v\u0101tu at\u0161\u0137ir\u012bgu un apmierino\u0161u tvaic\u0113\u0161anas pieredzi, ir kaut kas vislab\u0101kais jums!<\/p>\n<p>1,Melle\u0146u Ledus<br \/>\n2,Zilais Razz Ledus<span style=\"color: #ff0000\"><strong>&gt;&gt;&gt;&gt;Karsts!<\/strong><\/span><br \/>\n3,\u0136ir\u0161u Arb\u016bzs<br \/>\n4,Sald\u0113ts \u0100bols<br \/>\n5,Gumija Minta<br \/>\n6,Mango Ban\u0101ns<br \/>\n7,Jauktas Ogas Ledus<br \/>\n8,Ananass kokosrieksts<br \/>\n9,Sarkano ogu sniega dz\u0113riens<br \/>\n10,Kivi marakuja gvajava<br \/>\n11,Dz\u0113rve\u0146u v\u012bnoga<br \/>\n12,Zeme\u0146u ledus<span style=\"color: #ff0000\"><strong>&gt;&gt;&gt;&gt;Karsts!<\/strong><\/span><br \/>\n13,Zeme\u0146u kivi<br \/>\n14,Zeme\u0146u ave\u0146u konfekte<span style=\"color: #ff0000\"><strong>&gt;&gt;&gt;&gt;Lab\u0101kais!<\/strong><\/span><br \/>\n15,Arb\u016bzu ledus<br \/>\n16,Sul\u012bgi persiki<br \/>\n17,M\u012blest\u012bba 66<br \/>\n18,Persiku mango<br \/>\n19,Sarkanais v\u0113rsis<span style=\"color: #ff0000\"><strong>&gt;&gt;&gt;&gt;Karsts!<\/strong><\/span><br \/>\n20,Arb\u016bzu zeme\u0146u ko\u0161\u013c\u0101jam\u0101 gumija<span style=\"color: #ff0000\"><strong>&gt;&gt;&gt;&gt;Karsts!<\/strong><\/span><\/p>\n<p>&nbsp;<\/p>\n<p>&nbsp;<\/p>\n<h2><strong>Jaut\u0101jumi, kurus, iesp\u0113jams, v\u0113laties uzzin\u0101t par Bang Shisha 15000 dvesm\u0101m<\/strong><\/h2>\n<p>&nbsp;<\/p>\n<p><strong>1. Cik daudz nikot\u012bna ir Bang Shisha 15000 dvesm\u0101s?<\/strong><br \/>\nBang Shisha 15000 dvesmu vienreiz\u0113j\u0101s lieto\u0161anas vape satur 0%2%3% 5% nikot\u012bna s\u0101li. Ar moderno t\u012bkla spoles tehnolo\u0123iju tas pied\u0101v\u0101 izcilu tvaika pieredzi, kas piepild\u012bta ar bag\u0101t\u012bgu gar\u0161u.<\/p>\n<p><strong>2. Vai Bang Shisha 15000 dvesmu vienreiz\u0113j\u0101s lieto\u0161anas vape ir uzl\u0101d\u0113jams?<\/strong><br \/>\nJ\u0101, Bang Shisha 15000 dvesmas ietver 600 mAh uzl\u0101d\u0113jamu akumulatoru, kas nodro\u0161ina ilgsto\u0161u baud\u012bjumu.<\/p>\n<p><strong>3. Cik dvesmu var ieg\u016bt no Bang Shisha 15000 dvesm\u0101m?<\/strong><br \/>\nBang Shisha 15000 dvesmas nodro\u0161ina aptuveni 15000 dvesmu, atkar\u012bb\u0101 no lieto\u0161anas, un ir pieejamas 16 gar\u0161\u0101s.<\/p>\n<p><strong>4. Cik ilgs laiks nepiecie\u0161ams, lai uzl\u0101d\u0113tu Bang Pulse 18000?<\/strong><br \/>\nVienreiz\u0113j\u0101s lieto\u0161anas elektronisko cigare\u0161u k\u0101rbu Bang Shisha 15000 dvesmas var piln\u012bb\u0101 uzl\u0101d\u0113t tikai 30 l\u012bdz 35 min\u016bt\u0113s, nodro\u0161inot \u0101tru gatav\u012bbu lieto\u0161anai.<\/p>\n<p>&nbsp;<\/p>\n<h3><b>Bie\u017e\u0101k uzdotie jaut\u0101jumi<\/b><\/h3>\n<p>&nbsp;<\/p>\n<div class=\"flex-shrink-0 flex flex-col relative items-end\">\n<div>\n<div class=\"pt-0\">\n<div class=\"gizmo-bot-avatar flex h-8 w-8 items-center justify-center overflow-hidden rounded-full\">\n<div class=\"relative p-1 rounded-sm flex items-center justify-center bg-token-main-surface-primary text-token-text-primary h-8 w-8\"><strong>K\u0101das pieg\u0101des metodes tiek izmantotas?<\/strong><\/div>\n<\/div>\n<\/div>\n<\/div>\n<\/div>\n<div class=\"group\/conversation-turn relative flex w-full min-w-0 flex-col agent-turn\">\n<div class=\"flex-col gap-1 md:gap-3\">\n<div class=\"flex max-w-full flex-col flex-grow\">\n<div class=\"min-h-[20px] text-message flex w-full flex-col items-end gap-2 whitespace-normal break-words [.text-message+&amp;]:mt-5 overflow-x-auto\" dir=\"auto\" data-message-author-role=\"assistant\" data-message-id=\"22f8283b-3233-46ff-89a5-c7a41b33abda\">\n<div class=\"flex w-full flex-col gap-1 empty:hidden first:pt-[3px]\">\n<div class=\"markdown prose w-full break-words dark:prose-invert light\">\n<p>M\u0113s sadarbojamies ar UPS, DHL, FedEx, DPD un citiem vado\u0161ajiem p\u0101rvad\u0101t\u0101jiem. M\u0113s izv\u0113l\u0113simies lab\u0101ko pieg\u0101des veidu, pamatojoties uz j\u016bsu pieg\u0101des vietu, lai nodro\u0161in\u0101tu, ka j\u016bs sa\u0146emat savus produktus p\u0113c iesp\u0113jas \u0101tr\u0101k.<\/p>\n<\/div>\n<p><strong>Cik ilgs laiks paiet, l\u012bdz tas tiek pieg\u0101d\u0101ts?<\/strong><\/p>\n<p>Pieg\u0101des uz Latviju parasti ierodas 10 darba dienu laik\u0101. Pieg\u0101de uz Eiropas valst\u012bm parasti aiz\u0146em apm\u0113ram 12-15 darba dienas. M\u0113s nodro\u0161in\u0101sim re\u0101llaika atjaunin\u0101jumus par j\u016bsu pieg\u0101des statusu.<\/p>\n<\/div>\n<p><strong>Garantija<\/strong><\/p>\n<p><span style=\"color: #ff0000\"><strong>Visi m\u016bsu veikala produkti ir garant\u0113ti 100% ori\u0123in\u0101li un autentiski. M\u0113s pied\u0101v\u0101jam 10 rei\u017eu kompens\u0101ciju par viltot\u0101m prec\u0113m!<\/strong><\/span><\/p>\n<div class=\"flex w-full flex-col gap-1 empty:hidden first:pt-[3px]\">\n<p>&nbsp;<\/p>\n<\/div>\n<\/div>\n<\/div>\n<\/div>\n<\/div>\n<p>&nbsp;<\/p>\n<p>Citi popul\u0101ri vape, kas jums var\u0113tu patikt:<\/p>\n<p><strong><a href=\"https:\/\/rmvapesale.com\/lv\/product\/bang-pulse-18000-puffs-18k-disposable-vape-factory-price\/\">Bang Pulse 18000 uzp\u016btienu\u00a0<\/a><\/strong><\/p>\n<p><a href=\"https:\/\/rmvapesale.com\/lv\/product\/bang-20000-puffs-disposable-vape-wholesale-supplier\/\"><strong>WGA Crystal Pro Max Extra 15000<\/strong><\/a><\/p>\n<p><a href=\"https:\/\/rmvapesale.com\/lv\/product\/wga-crystal-pro-max-extra-15k-puffs-disposable-vape-wholesale\/\"><strong>Bang 25000 dvesmas<\/strong><\/a><\/p>\n<p><a href=\"https:\/\/rmvapesale.com\/lv\/product\/wga-crystal-plus-smart-16000-disposable-vape\/\"><strong>WGA Crystal Plus Smart 16000 dvesieni\u00a0<\/strong><\/a><\/p>\n<p>&nbsp;<\/p>\n<p>&nbsp;<\/p>\n<p>Atrodiet vair\u0101k Vape produktu, kas jums var\u0113tu patikt:<strong><em><a href=\"https:\/\/rmvapesale.com\/lv\/shop-2\/\">iepirkties tagad &gt;&gt;&gt;<\/a><\/em><\/strong><\/p>","protected":false},"excerpt":{"rendered":"<p>Bang Shisha 15000 dvesmas Vienreiz\u0113j\u0101s lieto\u0161anas vape\u00a0Vairumtirdzniec\u012bba<br \/>\nBang Shisha 15000 dvesmas\u00a00% 2% 3% 5% Nikot\u012bns<br \/>\nBang Shisha 15000 dvesmas Vienreiz\u0113j\u0101s lieto\u0161anas Vape L\u0113ta cena<\/p>\n<p><strong>Sazinieties ar Eimiju, lai sa\u0146emtu vair\u0101k atlai\u017eu un zem\u0101ku minim\u0101lo pas\u016bt\u012bjuma daudzumu<\/strong><\/p>\n<p><img loading=\"lazy\" decoding=\"async\" class=\"size-full wp-image-1978\" src=\"https:\/\/rmvapesale.com\/wp-content\/uploads\/2024\/09\/Disposable-Vape-Wholesale.jpg\" alt=\"Vienreiz\u0113jais vape vairumtirdzniec\u012bba\" width=\"229\" height=\"300\" \/><\/p>\n<h3><span style=\"color: #ff0000\"><strong>WhatsApp: +86 17776015835<\/strong><\/span><\/h3>","protected":false},"featured_media":2144,"comment_status":"open","ping_status":"closed","template":"","meta":{"_uag_custom_page_level_css":"","_lmt_disableupdate":"no","_lmt_disable":"","site-sidebar-layout":"default","site-content-layout":"content-boxed-container","ast-site-content-layout":"normal-width-container","site-content-style":"boxed","site-sidebar-style":"unboxed","ast-global-header-display":"","ast-banner-title-visibility":"","ast-main-header-display":"","ast-hfb-above-header-display":"","ast-hfb-below-header-display":"","ast-hfb-mobile-header-display":"","site-post-title":"","ast-breadcrumbs-content":"","ast-featured-img":"","footer-sml-layout":"","ast-disable-related-posts":"","theme-transparent-header-meta":"default","adv-header-id-meta":"","stick-header-meta":"","header-above-stick-meta":"","header-main-stick-meta":"","header-below-stick-meta":"","astra-migrate-meta-layouts":"set","ast-page-background-enabled":"default","ast-page-background-meta":{"desktop":{"background-color":"var(--ast-global-color-4)","background-image":"","background-repeat":"repeat","background-position":"center center","background-size":"auto","background-attachment":"scroll","background-type":"","background-media":"","overlay-type":"","overlay-color":"","overlay-opacity":"","overlay-gradient":""},"tablet":{"background-color":"","background-image":"","background-repeat":"repeat","background-position":"center center","background-size":"auto","background-attachment":"scroll","background-type":"","background-media":"","overlay-type":"","overlay-color":"","overlay-opacity":"","overlay-gradient":""},"mobile":{"background-color":"","background-image":"","background-repeat":"repeat","background-position":"center center","background-size":"auto","background-attachment":"scroll","background-type":"","background-media":"","overlay-type":"","overlay-color":"","overlay-opacity":"","overlay-gradient":""}},"ast-content-background-meta":{"desktop":{"background-color":"var(--ast-global-color-5)","background-image":"","background-repeat":"repeat","background-position":"center center","background-size":"auto","background-attachment":"scroll","background-type":"","background-media":"","overlay-type":"","overlay-color":"","overlay-opacity":"","overlay-gradient":""},"tablet":{"background-color":"var(--ast-global-color-5)","background-image":"","background-repeat":"repeat","background-position":"center center","background-size":"auto","background-attachment":"scroll","background-type":"","background-media":"","overlay-type":"","overlay-color":"","overlay-opacity":"","overlay-gradient":""},"mobile":{"background-color":"var(--ast-global-color-5)","background-image":"","background-repeat":"repeat","background-position":"center center","background-size":"auto","background-attachment":"scroll","background-type":"","background-media":"","overlay-type":"","overlay-color":"","overlay-opacity":"","overlay-gradient":""}},"_joinchat":[]},"product_brand":[],"product_cat":[15,61,273,279,60,289,292,27,25,123,293,30,26,28,295,137,296,299,136,135],"product_tag":[92,63,58,54,91],"class_list":{"0":"post-2146","1":"product","2":"type-product","3":"status-publish","4":"has-post-thumbnail","6":"product_cat-new-vape-this-week","7":"product_cat-15000-puffs-disposable-vapes","8":"product_cat-bang-box-vape","9":"product_cat-bang-king-vape","10":"product_cat-bang-vapes","11":"product_cat-big-puffs-disposable-vapes","12":"product_cat-digital-disposable-vapes","13":"product_cat-fance-hot-sale-vape","14":"product_cat-germany-best-selling-vape","15":"product_cat-italy-wholesale-vape","16":"product_cat-low-nicotine-disposable-vapes","17":"product_cat-minimum-order-quantity-50pcs","18":"product_cat-netherlands-hot-sale-vape","19":"product_cat-poland-hot-sale-vape","20":"product_cat-rechargeable-disposable-vapes","21":"product_cat-rechargeable-vapes","22":"product_cat-shisha-hookah-disposable-vapes","23":"product_cat-smart-screen-disposable-vapes","24":"product_cat-smart-screen-vapes","25":"product_cat-spain-best-hot-sale-vape","26":"product_tag-bang-shisha-15000","27":"product_tag-bang-vapes","28":"product_tag-electric-cigarettes","29":"product_tag-rechargeable-disposable-vape","30":"product_tag-shisha","31":"desktop-align-left","32":"tablet-align-left","33":"mobile-align-left","35":"first","36":"instock","37":"sale","38":"shipping-taxable","39":"purchasable","40":"product-type-simple"},"uagb_featured_image_src":{"full":["https:\/\/rmvapesale.com\/wp-content\/uploads\/2024\/09\/Bang-Shisha-15000-Puffs.png",788,788,false],"thumbnail":["https:\/\/rmvapesale.com\/wp-content\/uploads\/2024\/09\/Bang-Shisha-15000-Puffs-150x150.png",150,150,true],"medium":["https:\/\/rmvapesale.com\/wp-content\/uploads\/2024\/09\/Bang-Shisha-15000-Puffs-300x300.png",300,300,true],"medium_large":["https:\/\/rmvapesale.com\/wp-content\/uploads\/2024\/09\/Bang-Shisha-15000-Puffs-768x768.png",768,768,true],"large":["https:\/\/rmvapesale.com\/wp-content\/uploads\/2024\/09\/Bang-Shisha-15000-Puffs.png",788,788,false],"1536x1536":["https:\/\/rmvapesale.com\/wp-content\/uploads\/2024\/09\/Bang-Shisha-15000-Puffs.png",788,788,false],"2048x2048":["https:\/\/rmvapesale.com\/wp-content\/uploads\/2024\/09\/Bang-Shisha-15000-Puffs.png",788,788,false],"trp-custom-language-flag":["https:\/\/rmvapesale.com\/wp-content\/uploads\/2024\/09\/Bang-Shisha-15000-Puffs.png",12,12,false],"woocommerce_thumbnail":["https:\/\/rmvapesale.com\/wp-content\/uploads\/2024\/09\/Bang-Shisha-15000-Puffs-300x300.png",300,300,true],"woocommerce_single":["https:\/\/rmvapesale.com\/wp-content\/uploads\/2024\/09\/Bang-Shisha-15000-Puffs-600x600.png",600,600,true],"woocommerce_gallery_thumbnail":["https:\/\/rmvapesale.com\/wp-content\/uploads\/2024\/09\/Bang-Shisha-15000-Puffs-100x100.png",100,100,true],"wcpr-photo-reviews":["https:\/\/rmvapesale.com\/wp-content\/uploads\/2024\/09\/Bang-Shisha-15000-Puffs.png",500,500,false]},"uagb_author_info":{"display_name":"AMY","author_link":"https:\/\/rmvapesale.com\/lv\/author\/"},"uagb_comment_info":0,"uagb_excerpt":"Bang Shisha 15000 puffs Disposable vape\u00a0Wholesale Bang Shisha 15000 puffs\u00a00% 2% 3% 5% Nicotine Bang Shisha 15000 puffs Disposable Vape Cheap Price Contact Amy For More Discount And Lower MOQ Vape WhatsApp: +86 17776015835","_links":{"self":[{"href":"https:\/\/rmvapesale.com\/lv\/wp-json\/wp\/v2\/product\/2146","targetHints":{"allow":["GET"]}}],"collection":[{"href":"https:\/\/rmvapesale.com\/lv\/wp-json\/wp\/v2\/product"}],"about":[{"href":"https:\/\/rmvapesale.com\/lv\/wp-json\/wp\/v2\/types\/product"}],"replies":[{"embeddable":true,"href":"https:\/\/rmvapesale.com\/lv\/wp-json\/wp\/v2\/comments?post=2146"}],"wp:featuredmedia":[{"embeddable":true,"href":"https:\/\/rmvapesale.com\/lv\/wp-json\/wp\/v2\/media\/2144"}],"wp:attachment":[{"href":"https:\/\/rmvapesale.com\/lv\/wp-json\/wp\/v2\/media?parent=2146"}],"wp:term":[{"taxonomy":"product_brand","embeddable":true,"href":"https:\/\/rmvapesale.com\/lv\/wp-json\/wp\/v2\/product_brand?post=2146"},{"taxonomy":"product_cat","embeddable":true,"href":"https:\/\/rmvapesale.com\/lv\/wp-json\/wp\/v2\/product_cat?post=2146"},{"taxonomy":"product_tag","embeddable":true,"href":"https:\/\/rmvapesale.com\/lv\/wp-json\/wp\/v2\/product_tag?post=2146"}],"curies":[{"name":"wp","href":"https:\/\/api.w.org\/{rel}","templated":true}]}}