{"id":2161,"date":"2024-09-25T08:29:45","date_gmt":"2024-09-25T08:29:45","guid":{"rendered":"https:\/\/rmvapesale.com\/?post_type=product&#038;p=2161"},"modified":"2025-01-21T09:30:39","modified_gmt":"2025-01-21T09:30:39","slug":"vozol-gear-power-20000-puff-disposable-vape","status":"publish","type":"product","link":"https:\/\/rmvapesale.com\/lv\/product\/vozol-gear-power-20000-puff-disposable-vape\/","title":{"rendered":"Vozol Gear Power 20000 Puff vienreizlietojamais veips"},"content":{"rendered":"<div class=\"B2VR9 CJHX3e\">\n<div class=\"wyccme\">\n<h3 class=\"LC20lb MBeuO DKV0Md\"><strong>Vozol Gear Power 20000 Puff vienreizlietojamais veips<\/strong><\/h3>\n<p>Vozol Gear Power 20000 ir izstr\u0101d\u0101ts, lai uzlabotu j\u016bsu veipo\u0161anas pieredzi ar t\u0101 inovat\u012bvaj\u0101m funkcij\u0101m un gludo dizainu. \u0160im vienreiz\u0113j\u0101s lieto\u0161anas vape ir d\u0101sna 20 ml ietilp\u012bba un tas ir apr\u012bkots ar modernu S.i.L.C. dubulto sieta spoli, lai nodro\u0161in\u0101tu vienm\u0113r\u012bgus, konsekventus vilcienus. Ar aptuveni 20 000 pieejam\u0101m dvesm\u0101m j\u016bs varat baud\u012bt ilgsto\u0161u apmierin\u0101t\u012bbu, neuztraucoties, ka beigsies.<\/p>\n<\/div>\n<div class=\"wyccme\">\n<p>&nbsp;<\/p>\n<\/div>\n<\/div>\n<p><strong>Sazinieties ar Eimiju, lai sa\u0146emtu pareizu atbildi un vair\u0101k produktu video!<\/strong><\/p>\n<p><img loading=\"lazy\" decoding=\"async\" class=\"size-full wp-image-1978\" src=\"https:\/\/rmvapesale.com\/wp-content\/uploads\/2024\/09\/Disposable-Vape-Wholesale.jpg\" alt=\"Vienreiz\u0113jais vape vairumtirdzniec\u012bba\" width=\"229\" height=\"300\" \/><\/p>\n<h3><span style=\"color: #ff0000\"><strong>WhatsApp: +86 17776015835<\/strong><\/span><\/h3>\n<p>&nbsp;<\/p>\n<h2><\/h2>\n<h2><strong>Vozol Gear Power 20000 dvesmu galven\u0101s iez\u012bmes<\/strong><\/h2>\n<p>Pilnekra\u0304na displejs<br \/>\nAkumulatora un \u0161\u0137idruma l\u012bme\u0146a displejs<br \/>\n20 000+ dvesmas<br \/>\nDivu jaudu ECO\/POWER re\u017e\u012bms<br \/>\nGaisa pl\u016bsmas kontrole<br \/>\nS.i.L.C. Tech dubult\u0101 sieta spole<br \/>\nAktiviz\u0113ts ar vilk\u0161anu<br \/>\nMTL vape<br \/>\nIes\u0101c\u0113jiem draudz\u012bgs<\/p>\n<h2><\/h2>\n<h2><strong>Popul\u0101r\u0101k\u0101 gar\u0161a Vozol Gear Power 20000 vienreiz\u0113j\u0101s lieto\u0161anas vape<\/strong><\/h2>\n<p>Vozol Gear Power 20000 dvesmu vienreiz\u0113j\u0101s lieto\u0161anas vape, kas lepojas ar 20 gar\u0161\u0101m, katra ir izstr\u0101d\u0101ta, lai pied\u0101v\u0101tu at\u0161\u0137ir\u012bgu un apmierino\u0161u tvaic\u0113\u0161anas pieredzi, ir kaut kas jums piem\u0113rot\u0101kais!<\/p>\n<p>1. Arb\u016bzu ledus<br \/>\n2. V\u012bnogu ledus<br \/>\n3. Mango ledus<br \/>\n4. Dubult\u0101 \u0101bolu ledus<br \/>\n5. Citronu piparm\u0113tra<span style=\"color: #ff0000\"><strong>&gt;&gt;&gt;&gt;Karsts!<\/strong><\/span><br \/>\n6. Tabaka<br \/>\n7. Persiku ledus<br \/>\n8. Zeme\u0146u arb\u016bzs<br \/>\n9. Zeme\u0146u kivi<br \/>\n10. Ave\u0146u arb\u016bzs<br \/>\n11. Zilais Razz ledus<span style=\"color: #ff0000\"><strong>&gt;&gt;&gt;&gt;Karsts!<\/strong><\/span><br \/>\n12. Zeme\u0146u mango<br \/>\n13. Citrons laims<br \/>\n14. \u0136ir\u0161u limon\u0101de<br \/>\n15. Oguberry<span style=\"color: #ff0000\"><strong>&gt;&gt;&gt;&gt;Lab\u0101kais!<\/strong><\/span><br \/>\n16. P\u016b\u0137a aug\u013cu ban\u0101nu \u0137ir\u0161i<br \/>\n17. LavaFire<br \/>\n18. Melle\u0146u v\u0113tra<br \/>\n19. Zilais Mojito<span style=\"color: #ff0000\"><strong>&gt;&gt;&gt;&gt;Karsts!<\/strong><\/span><br \/>\n20.Mango Anan\u0101su Greipfr\u016bts<\/p>\n<figure id=\"attachment_2162\" aria-describedby=\"caption-attachment-2162\" style=\"width: 699px\" class=\"wp-caption alignnone\"><img loading=\"lazy\" decoding=\"async\" class=\"wp-image-2162 size-full\" src=\"https:\/\/rmvapesale.com\/wp-content\/uploads\/2024\/09\/Vozol-Gear-Power-20000-Flavor.png\" alt=\"Vozol Gear Power 20000 Gar\u0161a\" width=\"699\" height=\"772\" srcset=\"https:\/\/rmvapesale.com\/wp-content\/uploads\/2024\/09\/Vozol-Gear-Power-20000-Flavor.png 699w, https:\/\/rmvapesale.com\/wp-content\/uploads\/2024\/09\/Vozol-Gear-Power-20000-Flavor-272x300.png 272w, https:\/\/rmvapesale.com\/wp-content\/uploads\/2024\/09\/Vozol-Gear-Power-20000-Flavor-600x663.png 600w\" sizes=\"auto, (max-width: 699px) 100vw, 699px\" \/><figcaption id=\"caption-attachment-2162\" class=\"wp-caption-text\">Vozol Gear Power 20000 Gar\u0161a<\/figcaption><\/figure>\n<h2><strong>Jaut\u0101jumi, kurus, iesp\u0113jams, v\u0113l\u0113sities uzzin\u0101t par Vozol Gear Power 20000<\/strong><\/h2>\n<p>&nbsp;<\/p>\n<p><strong>1. K\u0101du l\u0101d\u0113t\u0101ju izmanto Vozol Gear Power 20000 vape?<\/strong><br \/>\nJ\u016bs varat uzl\u0101d\u0113t Vozol Gear Power 20000 vienreizlietojamo vape ar standarta USB-C uzl\u0101des kabeli un 1A uzl\u0101des bloku vai portu.<\/p>\n<p><strong>2. Cik daudz nikot\u012bna ir Vozol Gear Power 20000?<\/strong><br \/>\nVOZOL e-\u0161\u0137idrums satur nikot\u012bnu, ta\u010du t\u0101 daudzums var at\u0161\u0137irties atkar\u012bb\u0101 no produkta.<\/p>\n<p><strong>3. Vai Vozol Gear Power 20000 vape ir labs?<\/strong><br \/>\nVozol Gear Power 20000 vienreizlietojamais vape ir lieliski piem\u0113rots ies\u0101c\u0113jiem un uzticams rezerves variants pieredz\u0113ju\u0161iem lietot\u0101jiem, pied\u0101v\u0101jot iespaid\u012bgu izskatu un lielisku gar\u0161u.<\/p>\n<p><strong>4. Vai Vozol Gear Power 20000 var uzpild\u012bt?<\/strong><br \/>\nVozol Gear 20000 VAPE ir uzl\u0101d\u0113jams, bet, kad e-\u0161\u0137idrums ir beidzies, tas ir pareizi j\u0101utiliz\u0113, jo vienreizlietojamie vaperi satur baterijas, kas nav paredz\u0113tas izmet\u0161anai parastajos atkritumos.<\/p>\n<p>&nbsp;<\/p>\n<h3><b>Bie\u017e\u0101k uzdotie jaut\u0101jumi<\/b><\/h3>\n<p>&nbsp;<\/p>\n<div class=\"flex-shrink-0 flex flex-col relative items-end\">\n<div>\n<div class=\"pt-0\">\n<div class=\"gizmo-bot-avatar flex h-8 w-8 items-center justify-center overflow-hidden rounded-full\">\n<div class=\"relative p-1 rounded-sm flex items-center justify-center bg-token-main-surface-primary text-token-text-primary h-8 w-8\"><strong>K\u0101das pieg\u0101des metodes tiek izmantotas?<\/strong><\/div>\n<\/div>\n<\/div>\n<\/div>\n<\/div>\n<div class=\"group\/conversation-turn relative flex w-full min-w-0 flex-col agent-turn\">\n<div class=\"flex-col gap-1 md:gap-3\">\n<div class=\"flex max-w-full flex-col flex-grow\">\n<div class=\"min-h-[20px] text-message flex w-full flex-col items-end gap-2 whitespace-normal break-words [.text-message+&amp;]:mt-5 overflow-x-auto\" dir=\"auto\" data-message-author-role=\"assistant\" data-message-id=\"22f8283b-3233-46ff-89a5-c7a41b33abda\">\n<div class=\"flex w-full flex-col gap-1 empty:hidden first:pt-[3px]\">\n<div class=\"markdown prose w-full break-words dark:prose-invert light\">\n<p>M\u0113s sadarbojamies ar UPS, DHL, FedEx, DPD un citiem vado\u0161ajiem p\u0101rvad\u0101t\u0101jiem. M\u0113s izv\u0113l\u0113simies lab\u0101ko pieg\u0101des veidu, pamatojoties uz j\u016bsu pieg\u0101des vietu, lai nodro\u0161in\u0101tu, ka j\u016bs sa\u0146emat savus produktus p\u0113c iesp\u0113jas \u0101tr\u0101k.<\/p>\n<\/div>\n<p><strong>Cik ilgs laiks paiet, l\u012bdz tas tiek pieg\u0101d\u0101ts?<\/strong><\/p>\n<p>Pieg\u0101des uz Latviju parasti ierodas 10 darba dienu laik\u0101. Pieg\u0101de uz Eiropas valst\u012bm parasti aiz\u0146em apm\u0113ram 12-15 darba dienas. M\u0113s nodro\u0161in\u0101sim re\u0101llaika atjaunin\u0101jumus par j\u016bsu pieg\u0101des statusu.<\/p>\n<\/div>\n<p><strong>Garantija<\/strong><\/p>\n<p><span style=\"color: #ff0000\"><strong>Visi m\u016bsu veikala produkti ir garant\u0113ti 100% ori\u0123in\u0101li un autentiski. M\u0113s pied\u0101v\u0101jam 10 rei\u017eu kompens\u0101ciju par viltot\u0101m prec\u0113m!<\/strong><\/span><\/p>\n<div class=\"flex w-full flex-col gap-1 empty:hidden first:pt-[3px]\">\n<p>&nbsp;<\/p>\n<\/div>\n<\/div>\n<\/div>\n<\/div>\n<\/div>\n<p>&nbsp;<\/p>\n<p>Citi popul\u0101ri vape, kas jums var\u0113tu patikt:<\/p>\n<p>&nbsp;<\/p>\n<p><a href=\"https:\/\/rmvapesale.com\/lv\/product\/bang-20000-puffs-disposable-vape-wholesale-supplier\/\"><strong>WGA Crystal Pro Max Extra 15000<\/strong><\/a><\/p>\n<p><strong><a href=\"https:\/\/rmvapesale.com\/lv\/product\/vozol-vista-20000-puffs-smart-disposable-vape\/\">Vozol Vista 20000 dvesieni\u00a0<\/a><\/strong><\/p>\n<p><a href=\"https:\/\/rmvapesale.com\/lv\/product\/wga-crystal-pro-max-10000-puffs-disposable-vape\/\"><strong>WGA Crystal Pro Max 10000 dvesieni<\/strong><\/a><\/p>\n<p><a href=\"https:\/\/rmvapesale.com\/lv\/product\/wga-crystal-plus-smart-16000-disposable-vape\/\"><strong>WGA Crystal Plus Smart 16000 dvesieni\u00a0<\/strong><\/a><\/p>\n<p>&nbsp;<\/p>\n<p>&nbsp;<\/p>\n<p>Atrodiet vair\u0101k Vape produktu, kas jums var\u0113tu patikt:<strong><em><a href=\"https:\/\/rmvapesale.com\/lv\/shop-2\/\">iepirkties tagad &gt;&gt;&gt;<\/a><\/em><\/strong><\/p>","protected":false},"excerpt":{"rendered":"<p>Vozol Gear Power 20000 Vape uzl\u0101d\u0113jams vape<br \/>\nVOZOL Gear 20000 dvesmu vienreiz\u0113j\u0101s lieto\u0161anas vape vairumtirdzniec\u012bba<br \/>\nVozol Gear Power 20000 dvesmu vienreiz\u0113j\u0101s lieto\u0161anas vape Latvija<\/p>\n<p><strong>Sazinieties ar Eimiju, lai sa\u0146emtu vair\u0101k atlai\u017eu un zem\u0101ku minim\u0101lo pas\u016bt\u012bjuma daudzumu<\/strong><\/p>\n<p><img loading=\"lazy\" decoding=\"async\" class=\"size-full wp-image-1978\" src=\"https:\/\/rmvapesale.com\/wp-content\/uploads\/2024\/09\/Disposable-Vape-Wholesale.jpg\" alt=\"Vienreiz\u0113jais vape vairumtirdzniec\u012bba\" width=\"229\" height=\"300\" \/><\/p>\n<h3><span style=\"color: #ff0000\"><strong>WhatsApp: +86 17776015835<\/strong><\/span><\/h3>","protected":false},"featured_media":2155,"comment_status":"open","ping_status":"closed","template":"","meta":{"_uag_custom_page_level_css":"","_lmt_disableupdate":"no","_lmt_disable":"","site-sidebar-layout":"default","site-content-layout":"content-boxed-container","ast-site-content-layout":"normal-width-container","site-content-style":"boxed","site-sidebar-style":"unboxed","ast-global-header-display":"","ast-banner-title-visibility":"","ast-main-header-display":"","ast-hfb-above-header-display":"","ast-hfb-below-header-display":"","ast-hfb-mobile-header-display":"","site-post-title":"","ast-breadcrumbs-content":"","ast-featured-img":"","footer-sml-layout":"","theme-transparent-header-meta":"default","adv-header-id-meta":"","stick-header-meta":"","header-above-stick-meta":"","header-main-stick-meta":"","header-below-stick-meta":"","astra-migrate-meta-layouts":"set","ast-page-background-enabled":"default","ast-page-background-meta":{"desktop":{"background-color":"var(--ast-global-color-4)","background-image":"","background-repeat":"repeat","background-position":"center center","background-size":"auto","background-attachment":"scroll","background-type":"","background-media":"","overlay-type":"","overlay-color":"","overlay-opacity":"","overlay-gradient":""},"tablet":{"background-color":"","background-image":"","background-repeat":"repeat","background-position":"center center","background-size":"auto","background-attachment":"scroll","background-type":"","background-media":"","overlay-type":"","overlay-color":"","overlay-opacity":"","overlay-gradient":""},"mobile":{"background-color":"","background-image":"","background-repeat":"repeat","background-position":"center center","background-size":"auto","background-attachment":"scroll","background-type":"","background-media":"","overlay-type":"","overlay-color":"","overlay-opacity":"","overlay-gradient":""}},"ast-content-background-meta":{"desktop":{"background-color":"var(--ast-global-color-5)","background-image":"","background-repeat":"repeat","background-position":"center center","background-size":"auto","background-attachment":"scroll","background-type":"","background-media":"","overlay-type":"","overlay-color":"","overlay-opacity":"","overlay-gradient":""},"tablet":{"background-color":"var(--ast-global-color-5)","background-image":"","background-repeat":"repeat","background-position":"center center","background-size":"auto","background-attachment":"scroll","background-type":"","background-media":"","overlay-type":"","overlay-color":"","overlay-opacity":"","overlay-gradient":""},"mobile":{"background-color":"var(--ast-global-color-5)","background-image":"","background-repeat":"repeat","background-position":"center center","background-size":"auto","background-attachment":"scroll","background-type":"","background-media":"","overlay-type":"","overlay-color":"","overlay-opacity":"","overlay-gradient":""}},"_joinchat":[]},"product_brand":[],"product_cat":[15,289,291,292,293,295,299,284,255,25,123,26,28,135,27,137,136,30],"product_tag":[94,63,96,54,95],"class_list":{"0":"post-2161","1":"product","2":"type-product","3":"status-publish","4":"has-post-thumbnail","6":"product_cat-new-vape-this-week","7":"product_cat-big-puffs-disposable-vapes","8":"product_cat-dual-mesh-disposable-vapes","9":"product_cat-digital-disposable-vapes","10":"product_cat-low-nicotine-disposable-vapes","11":"product_cat-rechargeable-disposable-vapes","12":"product_cat-smart-screen-disposable-vapes","13":"product_cat-vozol-vape","14":"product_cat-20000-puff-disposable-vape","15":"product_cat-germany-best-selling-vape","16":"product_cat-italy-wholesale-vape","17":"product_cat-netherlands-hot-sale-vape","18":"product_cat-poland-hot-sale-vape","19":"product_cat-spain-best-hot-sale-vape","20":"product_cat-fance-hot-sale-vape","21":"product_cat-rechargeable-vapes","22":"product_cat-smart-screen-vapes","23":"product_cat-minimum-order-quantity-50pcs","24":"product_tag-20000-puffs-disposable-vape","25":"product_tag-bang-vapes","26":"product_tag-disposable-vape-wholesale-uk","27":"product_tag-rechargeable-disposable-vape","28":"product_tag-vozol-gear-power-20000","29":"desktop-align-left","30":"tablet-align-left","31":"mobile-align-left","33":"first","34":"instock","35":"sale","36":"shipping-taxable","37":"purchasable","38":"product-type-simple"},"uagb_featured_image_src":{"full":["https:\/\/rmvapesale.com\/wp-content\/uploads\/2024\/09\/Vozol-Gear-20000.jpg",788,788,false],"thumbnail":["https:\/\/rmvapesale.com\/wp-content\/uploads\/2024\/09\/Vozol-Gear-20000-150x150.jpg",150,150,true],"medium":["https:\/\/rmvapesale.com\/wp-content\/uploads\/2024\/09\/Vozol-Gear-20000-300x300.jpg",300,300,true],"medium_large":["https:\/\/rmvapesale.com\/wp-content\/uploads\/2024\/09\/Vozol-Gear-20000-768x768.jpg",768,768,true],"large":["https:\/\/rmvapesale.com\/wp-content\/uploads\/2024\/09\/Vozol-Gear-20000.jpg",788,788,false],"1536x1536":["https:\/\/rmvapesale.com\/wp-content\/uploads\/2024\/09\/Vozol-Gear-20000.jpg",788,788,false],"2048x2048":["https:\/\/rmvapesale.com\/wp-content\/uploads\/2024\/09\/Vozol-Gear-20000.jpg",788,788,false],"trp-custom-language-flag":["https:\/\/rmvapesale.com\/wp-content\/uploads\/2024\/09\/Vozol-Gear-20000.jpg",12,12,false],"woocommerce_thumbnail":["https:\/\/rmvapesale.com\/wp-content\/uploads\/2024\/09\/Vozol-Gear-20000-300x300.jpg",300,300,true],"woocommerce_single":["https:\/\/rmvapesale.com\/wp-content\/uploads\/2024\/09\/Vozol-Gear-20000-600x600.jpg",600,600,true],"woocommerce_gallery_thumbnail":["https:\/\/rmvapesale.com\/wp-content\/uploads\/2024\/09\/Vozol-Gear-20000-100x100.jpg",100,100,true],"wcpr-photo-reviews":["https:\/\/rmvapesale.com\/wp-content\/uploads\/2024\/09\/Vozol-Gear-20000.jpg",500,500,false]},"uagb_author_info":{"display_name":"AMY","author_link":"https:\/\/rmvapesale.com\/lv\/author\/"},"uagb_comment_info":0,"uagb_excerpt":"Vozol Gear Power 20000 Vape Rechargeable Vape VOZOL Gear 20000 Puffs Disposable Vape Wholesale Vozol Gear Power 20000 Puff Disposable Vape UK Contact Amy For More Discount And Lower MOQ Vape WhatsApp: +86 17776015835","_links":{"self":[{"href":"https:\/\/rmvapesale.com\/lv\/wp-json\/wp\/v2\/product\/2161","targetHints":{"allow":["GET"]}}],"collection":[{"href":"https:\/\/rmvapesale.com\/lv\/wp-json\/wp\/v2\/product"}],"about":[{"href":"https:\/\/rmvapesale.com\/lv\/wp-json\/wp\/v2\/types\/product"}],"replies":[{"embeddable":true,"href":"https:\/\/rmvapesale.com\/lv\/wp-json\/wp\/v2\/comments?post=2161"}],"wp:featuredmedia":[{"embeddable":true,"href":"https:\/\/rmvapesale.com\/lv\/wp-json\/wp\/v2\/media\/2155"}],"wp:attachment":[{"href":"https:\/\/rmvapesale.com\/lv\/wp-json\/wp\/v2\/media?parent=2161"}],"wp:term":[{"taxonomy":"product_brand","embeddable":true,"href":"https:\/\/rmvapesale.com\/lv\/wp-json\/wp\/v2\/product_brand?post=2161"},{"taxonomy":"product_cat","embeddable":true,"href":"https:\/\/rmvapesale.com\/lv\/wp-json\/wp\/v2\/product_cat?post=2161"},{"taxonomy":"product_tag","embeddable":true,"href":"https:\/\/rmvapesale.com\/lv\/wp-json\/wp\/v2\/product_tag?post=2161"}],"curies":[{"name":"wp","href":"https:\/\/api.w.org\/{rel}","templated":true}]}}