{"id":2180,"date":"2024-09-26T05:57:54","date_gmt":"2024-09-26T05:57:54","guid":{"rendered":"https:\/\/rmvapesale.com\/?post_type=product&#038;p=2180"},"modified":"2025-01-21T09:37:06","modified_gmt":"2025-01-21T09:37:06","slug":"elf-box-ls15000-puffs-shisha-hookah-disposable-vape","status":"publish","type":"product","link":"https:\/\/rmvapesale.com\/lv\/product\/elf-box-ls15000-puffs-shisha-hookah-disposable-vape\/","title":{"rendered":"ELf Kaste LS15000 Pufa \u0160\u0146abis Ar\u012bde Vienreizlietojams Vape"},"content":{"rendered":"<div class=\"B2VR9 CJHX3e\">\n<div class=\"wyccme\">\n<h3 class=\"LC20lb MBeuO DKV0Md\">ELf Kaste LS15000 Pufa \u0160\u0146abis Ar\u012bde Vienreizlietojams Vape<\/h3>\n<p>Iepaz\u012bstin\u0101m ar ELF BOX LS15000 Puffs \u0160\u012b\u0161as Ha\u0161i\u0161a Vienreiz\u0113jo Vape, tagad pieejamu vairumtirdzniec\u012bb\u0101. \u0160is r\u016bp\u012bgi izstr\u0101d\u0101tais ier\u012bces dizains izce\u013cas ar satrieco\u0161u krist\u0101la dizainu, kas piev\u0113r\u0161 uzman\u012bbu ar savu gludu un stil\u012bgu izskatu. Apr\u012bkots ar uzlabotu re\u017e\u0123a spir\u0101li, ELF BOX LS15000 nodro\u0161ina bag\u0101t\u012bgu, arom\u0101tisku tvaiku ar katru ieelpu, garant\u0113jot nep\u0101rsp\u0113jamu apmierin\u0101jumu j\u016bsu klientiem. Type-C \u0101tr\u0101s uzl\u0101des funkcija samazina d\u012bkst\u0101vi, \u013caujot ilg\u0101k baud\u012bt vaping sesijas un uzlabot prieku. Ar iespaid\u012bgu 15 000 pufa ietilp\u012bbu un 26 ml e-\u0161\u0137idruma, \u0161is vape pied\u0101v\u0101 izcilu ilgm\u016b\u017e\u012bbu un v\u0113rt\u012bbu. Pieejams nikot\u012bna stipruma vari\u0101cij\u0101s 0%\/2%\/3%\/5%, tas apmierina pla\u0161u gaumes da\u017e\u0101d\u012bbu.<\/p>\n<p>Uzlabojiet savu vaping ce\u013cojumu jau \u0161odien ar ELF BOX LS15000 Puffs \u0160\u012b\u0161as Ha\u0161i\u0161a!<\/p>\n<\/div>\n<\/div>\n<p><strong>Sazinieties ar Eimiju, lai sa\u0146emtu pareizu atbildi un vair\u0101k produktu video!<\/strong><\/p>\n<p><img loading=\"lazy\" decoding=\"async\" class=\"size-full wp-image-1978\" src=\"https:\/\/rmvapesale.com\/wp-content\/uploads\/2024\/09\/Disposable-Vape-Wholesale.jpg\" alt=\"Vienreiz\u0113jais vape vairumtirdzniec\u012bba\" width=\"229\" height=\"300\" \/><\/p>\n<h3><span style=\"color: #ff0000\"><strong>WhatsApp: +86 17776015835<\/strong><\/span><\/h3>\n<p>&nbsp;<\/p>\n<h2><\/h2>\n<h2><strong>ELf BOX LS15000 Puffs \u0160\u012b\u0161as Ha\u0161i\u0161a Galven\u0101s \u012bpa\u0161\u012bbas<\/strong><\/h2>\n<p>Uzp\u016btieni: 15000<br \/>\nKodols: Re\u017e\u0123a spir\u0101le 0,6 ohm<br \/>\nE-\u0161\u0137idrums: 26 ml<br \/>\nNikot\u012bns: 0%\/2%\/3%\/5%<br \/>\nAkumulators: 18250-600mAh<br \/>\nUzl\u0101d\u0113jams: Type-C<\/p>\n<h2><\/h2>\n<h2><strong>Popul\u0101r\u0101k\u0101s gar\u0161as ELf BOX LS15000 \u0160\u012b\u0161as Ha\u0161i\u0161a<\/strong><\/h2>\n<p>Izv\u0113lieties no da\u017e\u0101d\u0101m pievilc\u012bg\u0101m gar\u0161\u0101m, s\u0101kot ar atsvaidzino\u0161o Arb\u016bza ledus l\u012bdz eksotiskajam Kivi Passion Fruit, nodro\u0161inot, ka ikvienam ir kaut kas p\u0113c gar\u0161as. Katrs iepakojums satur vienu ELF BOX LS15000 \u0160\u012b\u0161as Ha\u0161i\u0161a Vienreiz\u0113jo Vape, ar 10 kast\u0113m katr\u0101 iepakojum\u0101.<\/p>\n<p>&nbsp;<\/p>\n<p>1. Mellenes ledus<span style=\"color: #ff0000\"><strong>&gt;&gt;&gt;&gt;Karsts!<\/strong><\/span><br \/>\n2. Mellenes uz ledus<br \/>\n3. Kivi Passion Fruit<br \/>\n4. Zeme\u0146u Kivi<span style=\"color: #ff0000\"><strong>&gt;&gt;&gt;&gt;Karsts!<\/strong><\/span><br \/>\n5.Zil\u0101s Ave\u0146u Limon\u0101de<br \/>\n6.Arb\u016bzu ledus<br \/>\n7. Zeme\u0146u arb\u016bzs<br \/>\n8. Zeme\u0146u ledus<br \/>\n9. Persiku Mango Anan\u0101s<br \/>\n10. V\u012bnogu ledus<br \/>\n11. Mango ban\u0101ns<br \/>\n12. Sajauktas ogas<span style=\"color: #ff0000\"><strong>&gt;&gt;&gt;&gt;Lab\u0101kais!<\/strong><\/span><\/p>\n<figure id=\"attachment_2179\" aria-describedby=\"caption-attachment-2179\" style=\"width: 788px\" class=\"wp-caption alignnone\"><img loading=\"lazy\" decoding=\"async\" class=\"wp-image-2179 size-full\" src=\"https:\/\/rmvapesale.com\/wp-content\/uploads\/2024\/09\/ELF-BOX-LS15000-Shisha-Wholesale.png\" alt=\"ELF BOX LS15000 \u0160i\u0161as vairumtirdzniec\u012bba\" width=\"788\" height=\"550\" srcset=\"https:\/\/rmvapesale.com\/wp-content\/uploads\/2024\/09\/ELF-BOX-LS15000-Shisha-Wholesale.png 788w, https:\/\/rmvapesale.com\/wp-content\/uploads\/2024\/09\/ELF-BOX-LS15000-Shisha-Wholesale-300x209.png 300w, https:\/\/rmvapesale.com\/wp-content\/uploads\/2024\/09\/ELF-BOX-LS15000-Shisha-Wholesale-768x536.png 768w, https:\/\/rmvapesale.com\/wp-content\/uploads\/2024\/09\/ELF-BOX-LS15000-Shisha-Wholesale-600x419.png 600w\" sizes=\"auto, (max-width: 788px) 100vw, 788px\" \/><figcaption id=\"caption-attachment-2179\" class=\"wp-caption-text\">ELF BOX LS15000 \u0160i\u0161as vairumtirdzniec\u012bba<\/figcaption><\/figure>\n<h2><strong>Jaut\u0101jumi, kurus j\u016bs var\u0113tu v\u0113l\u0113ties uzzin\u0101t par ELF BOX LS15000 \u0160i\u0161as p\u012bpi<\/strong><\/h2>\n<p>&nbsp;<\/p>\n<p><strong>1. K\u0101du l\u0101d\u0113t\u0101ju izmanto ELF BOX LS15000 \u0160i\u0161as p\u012bpes vape?<\/strong><br \/>\nJ\u016bs varat uzl\u0101d\u0113t ELF BOX \u0160i\u0161a 16000 Puffs vienreizlietojamo vape ar standarta USB-C uzl\u0101des kabeli un 1A uzl\u0101des blokiem vai portu.<\/p>\n<p><strong>2. Cik nikot\u012bna ir ELF BOX LS15000 \u0160i\u0161as p\u012bp\u0113?<\/strong><br \/>\nELF BOX LS15000 \u0160i\u0161as p\u012bp\u0113 pied\u0101v\u0101 0%\/2%\/3%\/5% nikot\u012bna izv\u0113li.<\/p>\n<p><strong>3. Vai ELF BOX LS15000 \u0160i\u0161as p\u012bpe ir laba?<\/strong><br \/>\nELF BOX LS15000 \u0160i\u0161as p\u012bpe ir ide\u0101la ies\u0101c\u0113jiem un uzticama rezerves iesp\u0113ja pieredz\u0113ju\u0161iem lietot\u0101jiem, pied\u0101v\u0101jot iespaid\u012bgu izskatu un lielisku gar\u0161u.<\/p>\n<p><strong>4. Vai ELF BOX LS15000 \u0160i\u0161as p\u012bpi var papildin\u0101t?<\/strong><br \/>\nELF BOX LS15000 \u0160i\u0161as p\u012bpe ir uzl\u0101d\u0113jama, bet, kad e-\u0161\u0137idrums ir izlietots, to j\u0101izmet pareizi, jo vienreizlietojam\u0101s p\u012bpes satur akumulatorus, kurus nevajadz\u0113tu mest kop\u0113j\u0101 atkritumu tvertn\u0113.<\/p>\n<p>&nbsp;<\/p>\n<h3><b>Bie\u017e\u0101k uzdotie jaut\u0101jumi<\/b><\/h3>\n<p>&nbsp;<\/p>\n<div class=\"flex-shrink-0 flex flex-col relative items-end\">\n<div>\n<div class=\"pt-0\">\n<div class=\"gizmo-bot-avatar flex h-8 w-8 items-center justify-center overflow-hidden rounded-full\">\n<div class=\"relative p-1 rounded-sm flex items-center justify-center bg-token-main-surface-primary text-token-text-primary h-8 w-8\"><strong>K\u0101das pieg\u0101des metodes tiek izmantotas?<\/strong><\/div>\n<\/div>\n<\/div>\n<\/div>\n<\/div>\n<div class=\"group\/conversation-turn relative flex w-full min-w-0 flex-col agent-turn\">\n<div class=\"flex-col gap-1 md:gap-3\">\n<div class=\"flex max-w-full flex-col flex-grow\">\n<div class=\"min-h-[20px] text-message flex w-full flex-col items-end gap-2 whitespace-normal break-words [.text-message+&amp;]:mt-5 overflow-x-auto\" dir=\"auto\" data-message-author-role=\"assistant\" data-message-id=\"22f8283b-3233-46ff-89a5-c7a41b33abda\">\n<div class=\"flex w-full flex-col gap-1 empty:hidden first:pt-[3px]\">\n<div class=\"markdown prose w-full break-words dark:prose-invert light\">\n<p>M\u0113s sadarbojamies ar UPS, DHL, FedEx, DPD un citiem vado\u0161ajiem p\u0101rvad\u0101t\u0101jiem. M\u0113s izv\u0113l\u0113simies lab\u0101ko pieg\u0101des veidu, pamatojoties uz j\u016bsu pieg\u0101des vietu, lai nodro\u0161in\u0101tu, ka j\u016bs sa\u0146emat savus produktus p\u0113c iesp\u0113jas \u0101tr\u0101k.<\/p>\n<\/div>\n<p><strong>Cik ilgs laiks paiet, l\u012bdz tas tiek pieg\u0101d\u0101ts?<\/strong><\/p>\n<p>Pieg\u0101des uz Latviju parasti ierodas 10 darba dienu laik\u0101. Pieg\u0101de uz Eiropas valst\u012bm parasti aiz\u0146em apm\u0113ram 12-15 darba dienas. M\u0113s nodro\u0161in\u0101sim re\u0101llaika atjaunin\u0101jumus par j\u016bsu pieg\u0101des statusu.<\/p>\n<\/div>\n<p><strong>Garantija<\/strong><\/p>\n<p><span style=\"color: #ff0000\"><strong>Visi m\u016bsu veikala produkti ir garant\u0113ti 100% ori\u0123in\u0101li un autentiski. M\u0113s pied\u0101v\u0101jam 10 rei\u017eu kompens\u0101ciju par viltot\u0101m prec\u0113m!<\/strong><\/span><\/p>\n<div class=\"flex w-full flex-col gap-1 empty:hidden first:pt-[3px]\">\n<p>&nbsp;<\/p>\n<\/div>\n<\/div>\n<\/div>\n<\/div>\n<\/div>\n<p>&nbsp;<\/p>\n<p>Citi popul\u0101ri vape, kas jums var\u0113tu patikt:<\/p>\n<p>&nbsp;<\/p>\n<p><a href=\"https:\/\/rmvapesale.com\/lv\/product\/original-randm-vape-digital-puff-12000-fumot-factory-price\/\"><strong>Randm Digital 12000 uzp\u016btieni<\/strong><\/a><\/p>\n<p><strong><a href=\"https:\/\/rmvapesale.com\/lv\/product\/vozol-vista-20000-puffs-smart-disposable-vape\/\">Vozol Vista 20000 dvesieni\u00a0<\/a><\/strong><\/p>\n<p><a href=\"https:\/\/rmvapesale.com\/lv\/product\/bang-shisha-15000-puffs-disposable-vape-puff-15k-wholesale\/\"><strong>Bang Shisha 15000 Puffs<\/strong><\/a><\/p>\n<p><a href=\"https:\/\/rmvapesale.com\/lv\/product\/randm-tornado-20000-puffs-original-fumot-vape-wholesale\/\"><strong>RandM Tornado 20000 Dvesmas<\/strong><\/a><\/p>\n<p>&nbsp;<\/p>\n<p>&nbsp;<\/p>\n<p>Atrodiet vair\u0101k Vape produktu, kas jums var\u0113tu patikt:<strong><em><a href=\"https:\/\/rmvapesale.com\/lv\/shop-2\/\">iepirkties tagad &gt;&gt;&gt;<\/a><\/em><\/strong><\/p>","protected":false},"excerpt":{"rendered":"<p>ELF BOX LS15000Puffs \u0160\u012b\u0161as Ha\u0161i\u0161a Nikot\u012bns 0% 2% 3% 5%<br \/>\nVairumtirdzniec\u012bba ELF BOX LS15000 Puffs Vienreiz\u0113jais Vape<br \/>\nELf Kaste LS15000 Pufa \u0160\u0146abis Ar\u012bde Vienreizlietojams Vape<\/p>\n<p><strong>Sazinieties ar Eimiju, lai ieg\u016btu liel\u0101ku atlaidi un pareizu atbildi<\/strong><\/p>\n<p><img loading=\"lazy\" decoding=\"async\" class=\"size-full wp-image-1978\" src=\"https:\/\/rmvapesale.com\/wp-content\/uploads\/2024\/09\/Disposable-Vape-Wholesale.jpg\" alt=\"Vienreiz\u0113jais vape vairumtirdzniec\u012bba\" width=\"229\" height=\"300\" \/><\/p>\n<h3><span style=\"color: #ff0000\"><strong>WhatsApp: +86 17776015835<\/strong><\/span><\/h3>","protected":false},"featured_media":2175,"comment_status":"open","ping_status":"closed","template":"","meta":{"_uag_custom_page_level_css":"","_lmt_disableupdate":"no","_lmt_disable":"","site-sidebar-layout":"default","site-content-layout":"content-boxed-container","ast-site-content-layout":"normal-width-container","site-content-style":"boxed","site-sidebar-style":"unboxed","ast-global-header-display":"","ast-banner-title-visibility":"","ast-main-header-display":"","ast-hfb-above-header-display":"","ast-hfb-below-header-display":"","ast-hfb-mobile-header-display":"","site-post-title":"","ast-breadcrumbs-content":"","ast-featured-img":"","footer-sml-layout":"","theme-transparent-header-meta":"default","adv-header-id-meta":"","stick-header-meta":"","header-above-stick-meta":"","header-main-stick-meta":"","header-below-stick-meta":"","astra-migrate-meta-layouts":"set","ast-page-background-enabled":"default","ast-page-background-meta":{"desktop":{"background-color":"var(--ast-global-color-4)","background-image":"","background-repeat":"repeat","background-position":"center center","background-size":"auto","background-attachment":"scroll","background-type":"","background-media":"","overlay-type":"","overlay-color":"","overlay-opacity":"","overlay-gradient":""},"tablet":{"background-color":"","background-image":"","background-repeat":"repeat","background-position":"center center","background-size":"auto","background-attachment":"scroll","background-type":"","background-media":"","overlay-type":"","overlay-color":"","overlay-opacity":"","overlay-gradient":""},"mobile":{"background-color":"","background-image":"","background-repeat":"repeat","background-position":"center center","background-size":"auto","background-attachment":"scroll","background-type":"","background-media":"","overlay-type":"","overlay-color":"","overlay-opacity":"","overlay-gradient":""}},"ast-content-background-meta":{"desktop":{"background-color":"var(--ast-global-color-5)","background-image":"","background-repeat":"repeat","background-position":"center center","background-size":"auto","background-attachment":"scroll","background-type":"","background-media":"","overlay-type":"","overlay-color":"","overlay-opacity":"","overlay-gradient":""},"tablet":{"background-color":"var(--ast-global-color-5)","background-image":"","background-repeat":"repeat","background-position":"center center","background-size":"auto","background-attachment":"scroll","background-type":"","background-media":"","overlay-type":"","overlay-color":"","overlay-opacity":"","overlay-gradient":""},"mobile":{"background-color":"var(--ast-global-color-5)","background-image":"","background-repeat":"repeat","background-position":"center center","background-size":"auto","background-attachment":"scroll","background-type":"","background-media":"","overlay-type":"","overlay-color":"","overlay-opacity":"","overlay-gradient":""}},"_joinchat":[]},"product_brand":[],"product_cat":[15,289,292,293,295,296,299,25,123,26,28,135,27,61,137,136,30],"product_tag":[99,102,101,54,103,43],"class_list":{"0":"post-2180","1":"product","2":"type-product","3":"status-publish","4":"has-post-thumbnail","6":"product_cat-new-vape-this-week","7":"product_cat-big-puffs-disposable-vapes","8":"product_cat-digital-disposable-vapes","9":"product_cat-low-nicotine-disposable-vapes","10":"product_cat-rechargeable-disposable-vapes","11":"product_cat-shisha-hookah-disposable-vapes","12":"product_cat-smart-screen-disposable-vapes","13":"product_cat-germany-best-selling-vape","14":"product_cat-italy-wholesale-vape","15":"product_cat-netherlands-hot-sale-vape","16":"product_cat-poland-hot-sale-vape","17":"product_cat-spain-best-hot-sale-vape","18":"product_cat-fance-hot-sale-vape","19":"product_cat-15000-puffs-disposable-vapes","20":"product_cat-rechargeable-vapes","21":"product_cat-smart-screen-vapes","22":"product_cat-minimum-order-quantity-50pcs","23":"product_tag-disposable-vape-wholesale","24":"product_tag-elf-box-ls15000-shisha-hookah","25":"product_tag-led-display-vape","26":"product_tag-rechargeable-disposable-vape","27":"product_tag-shisha-hookah","28":"product_tag-shisha-vape","29":"desktop-align-left","30":"tablet-align-left","31":"mobile-align-left","33":"first","34":"instock","35":"sale","36":"shipping-taxable","37":"purchasable","38":"product-type-simple"},"uagb_featured_image_src":{"full":["https:\/\/rmvapesale.com\/wp-content\/uploads\/2024\/09\/ELF-BOX-LS15000-Puff-Shisha-Hookah-Vape-Wholesale.png",800,800,false],"thumbnail":["https:\/\/rmvapesale.com\/wp-content\/uploads\/2024\/09\/ELF-BOX-LS15000-Puff-Shisha-Hookah-Vape-Wholesale-150x150.png",150,150,true],"medium":["https:\/\/rmvapesale.com\/wp-content\/uploads\/2024\/09\/ELF-BOX-LS15000-Puff-Shisha-Hookah-Vape-Wholesale-300x300.png",300,300,true],"medium_large":["https:\/\/rmvapesale.com\/wp-content\/uploads\/2024\/09\/ELF-BOX-LS15000-Puff-Shisha-Hookah-Vape-Wholesale-768x768.png",768,768,true],"large":["https:\/\/rmvapesale.com\/wp-content\/uploads\/2024\/09\/ELF-BOX-LS15000-Puff-Shisha-Hookah-Vape-Wholesale.png",800,800,false],"1536x1536":["https:\/\/rmvapesale.com\/wp-content\/uploads\/2024\/09\/ELF-BOX-LS15000-Puff-Shisha-Hookah-Vape-Wholesale.png",800,800,false],"2048x2048":["https:\/\/rmvapesale.com\/wp-content\/uploads\/2024\/09\/ELF-BOX-LS15000-Puff-Shisha-Hookah-Vape-Wholesale.png",800,800,false],"trp-custom-language-flag":["https:\/\/rmvapesale.com\/wp-content\/uploads\/2024\/09\/ELF-BOX-LS15000-Puff-Shisha-Hookah-Vape-Wholesale.png",12,12,false],"woocommerce_thumbnail":["https:\/\/rmvapesale.com\/wp-content\/uploads\/2024\/09\/ELF-BOX-LS15000-Puff-Shisha-Hookah-Vape-Wholesale-300x300.png",300,300,true],"woocommerce_single":["https:\/\/rmvapesale.com\/wp-content\/uploads\/2024\/09\/ELF-BOX-LS15000-Puff-Shisha-Hookah-Vape-Wholesale-600x600.png",600,600,true],"woocommerce_gallery_thumbnail":["https:\/\/rmvapesale.com\/wp-content\/uploads\/2024\/09\/ELF-BOX-LS15000-Puff-Shisha-Hookah-Vape-Wholesale-100x100.png",100,100,true],"wcpr-photo-reviews":["https:\/\/rmvapesale.com\/wp-content\/uploads\/2024\/09\/ELF-BOX-LS15000-Puff-Shisha-Hookah-Vape-Wholesale.png",500,500,false]},"uagb_author_info":{"display_name":"AMY","author_link":"https:\/\/rmvapesale.com\/lv\/author\/"},"uagb_comment_info":0,"uagb_excerpt":"ELF BOX LS15000Puffs Shisha Hookah Nicotine 0% 2% 3% 5% Wholesale ELF BOX LS15000 Puffs Disposable Vape ELf BOX LS15000 Puffs Shisha Hookah Disposable Vape Contact Amy For More Discount And Right Reply WhatsApp: +86 17776015835","_links":{"self":[{"href":"https:\/\/rmvapesale.com\/lv\/wp-json\/wp\/v2\/product\/2180","targetHints":{"allow":["GET"]}}],"collection":[{"href":"https:\/\/rmvapesale.com\/lv\/wp-json\/wp\/v2\/product"}],"about":[{"href":"https:\/\/rmvapesale.com\/lv\/wp-json\/wp\/v2\/types\/product"}],"replies":[{"embeddable":true,"href":"https:\/\/rmvapesale.com\/lv\/wp-json\/wp\/v2\/comments?post=2180"}],"wp:featuredmedia":[{"embeddable":true,"href":"https:\/\/rmvapesale.com\/lv\/wp-json\/wp\/v2\/media\/2175"}],"wp:attachment":[{"href":"https:\/\/rmvapesale.com\/lv\/wp-json\/wp\/v2\/media?parent=2180"}],"wp:term":[{"taxonomy":"product_brand","embeddable":true,"href":"https:\/\/rmvapesale.com\/lv\/wp-json\/wp\/v2\/product_brand?post=2180"},{"taxonomy":"product_cat","embeddable":true,"href":"https:\/\/rmvapesale.com\/lv\/wp-json\/wp\/v2\/product_cat?post=2180"},{"taxonomy":"product_tag","embeddable":true,"href":"https:\/\/rmvapesale.com\/lv\/wp-json\/wp\/v2\/product_tag?post=2180"}],"curies":[{"name":"wp","href":"https:\/\/api.w.org\/{rel}","templated":true}]}}