{"id":2188,"date":"2024-09-27T01:19:46","date_gmt":"2024-09-27T01:19:46","guid":{"rendered":"https:\/\/rmvapesale.com\/?post_type=product&#038;p=2188"},"modified":"2025-01-21T09:37:52","modified_gmt":"2025-01-21T09:37:52","slug":"waspe-25000-puffs-disposable-vape-rechargeable-hot-sale","status":"publish","type":"product","link":"https:\/\/rmvapesale.com\/lv\/product\/waspe-25000-puffs-disposable-vape-rechargeable-hot-sale\/","title":{"rendered":"WASPE 25000 uzp\u016btienu vienreiz\u0113j\u0101s lieto\u0161anas e-cigarete uzl\u0101d\u0113jama karst\u0101 p\u0101rdo\u0161ana"},"content":{"rendered":"<div class=\"B2VR9 CJHX3e\">\n<div class=\"wyccme\">\n<h3 class=\"LC20lb MBeuO DKV0Md\">WASPE 25000 uzp\u016btienu vienreiz\u0113j\u0101s lieto\u0161anas e-cigarete uzl\u0101d\u0113jama karst\u0101 p\u0101rdo\u0161ana<\/h3>\n<p>WASPE 25000 Puffs vienreizlietojamais vape pied\u0101v\u0101 neticamus 25 000 uzp\u016btienus ar pla\u0161u 25 ml e-\u0161\u0137idruma ietilp\u012bbu, nodro\u0161inot ilgsto\u0161u baud\u012bjumu. Ar div\u0101m sietu spir\u0101l\u0113m un diviem at\u0161\u0137ir\u012bgiem tvaic\u0113\u0161anas re\u017e\u012bmiem \u2014 ECO un Boost \u2014 tas nodro\u0161ina bag\u0101t\u012bgu un konsekventu gar\u0161u katr\u0101 uzp\u016btien\u0101. Digit\u0101lais displejs sniedz inform\u0101ciju par akumulatora darb\u012bbas laiku, e-\u0161\u0137idruma l\u012bmeni un tvaic\u0113\u0161anas re\u017e\u012bmiem, nodro\u0161inot nevainojamu pieredzi. \u0160im uzl\u0101d\u0113jamam vienreizlietojamam vape ir ieb\u016bv\u0113ta b\u0113rnu blo\u0137\u0113\u0161anas sist\u0113ma papildu dro\u0161\u012bbai. Ja mekl\u0113jat \u0113rtumu, iztur\u012bbu, izcilu gar\u0161u un progres\u012bvas funkcijas, WASPE 25000 ir ide\u0101la izv\u0113le.<\/p>\n<p>Uzlabo savu tvaic\u0113\u0161anas pieredzi jau \u0161odien!<\/p>\n<\/div>\n<\/div>\n<p><strong>Sazinieties ar Eimiju, lai sa\u0146emtu pareizu atbildi un vair\u0101k produktu video!<\/strong><\/p>\n<p><img loading=\"lazy\" decoding=\"async\" class=\"size-full wp-image-1978\" src=\"https:\/\/rmvapesale.com\/wp-content\/uploads\/2024\/09\/Disposable-Vape-Wholesale.jpg\" alt=\"Vienreiz\u0113jais vape vairumtirdzniec\u012bba\" width=\"229\" height=\"300\" \/><\/p>\n<h3><span style=\"color: #ff0000\"><strong>WhatsApp: +86 17776015835<\/strong><\/span><\/h3>\n<p>&nbsp;<\/p>\n<h2><\/h2>\n<h2><strong>WASPE 25000 Puffs galven\u0101s funkcijas<\/strong><\/h2>\n<p>Akumulators: 650 mAh uzl\u0101d\u0113jams<br \/>\nE-\u0161\u0137idruma ietilp\u012bba: iepriek\u0161 uzpild\u012bts 25 ml e-\u0161\u0137idrums<br \/>\nUzp\u016btienu skaits: l\u012bdz 25 000 uzp\u016btienu<br \/>\nNikot\u012bns: 0% 2% 3% 5%<br \/>\nAktiviz\u0113ts ar vilk\u0161anu<br \/>\nB\u0113rnu blo\u0137\u0113\u0161anas sist\u0113ma<br \/>\nDivu sietu spir\u0101les dizains diviem tvaic\u0113\u0161anas re\u017e\u012bmiem: ECO\/Boost re\u017e\u012bms<br \/>\nUzl\u0101des punkts: C tipa USB uzl\u0101de (nav iek\u013cauta)<br \/>\nDigit\u0101lais displejs tvaic\u0113\u0161anas re\u017e\u012bmiem, akumulatora darb\u012bbas laikam un e-\u0161\u0137idruma l\u012bmenim<\/p>\n<h2><\/h2>\n<h2><strong>Popul\u0101r\u0101k\u0101s gar\u0161as WASPE 25000 Puffs<\/strong><\/h2>\n<p>Izv\u0113lieties no da\u017e\u0101d\u0101m vilino\u0161\u0101m gar\u0161\u0101m, s\u0101kot no atsvaidzino\u0161\u0101m jaukt\u0101m og\u0101m (Mixed Berries) l\u012bdz arb\u016bza ledum (Watermelon Ice), nodro\u0161inot, ka ir gar\u0161a ikvienam.<\/p>\n<p>1. Zeme\u0146u kivi<br \/>\n2. Jauktas ogas<span style=\"color: #ff0000\"><strong>&gt;&gt;&gt;&gt;Karsts!<\/strong><\/span><br \/>\n3. Mellenes uz ledus<br \/>\n4.Grape Ice<br \/>\n5. \u0136ir\u0161u Ledus<br \/>\n6. Melle\u0146u Ave\u0146u Limon\u0101de<span style=\"color: #ff0000\"><strong>&gt;&gt;&gt;&gt;Lab\u0101kais!<\/strong><\/span><br \/>\n7. Persiku ledus<br \/>\n8. Zeme\u0146u arb\u016bzs<br \/>\n9. Persiku Mango Arb\u016bzs<br \/>\n10.Arb\u016bzu ledus<\/p>\n<figure id=\"attachment_2181\" aria-describedby=\"caption-attachment-2181\" style=\"width: 788px\" class=\"wp-caption alignnone\"><img loading=\"lazy\" decoding=\"async\" class=\"wp-image-2181 size-full\" src=\"https:\/\/rmvapesale.com\/wp-content\/uploads\/2024\/09\/Waspe-25000-Disposable-Vape-Flavor.jpg\" alt=\"Waspe 25000 Vienreiz\u0113j\u0101s Lieto\u0161anas E-cigaretes Gar\u0161a\" width=\"788\" height=\"788\" srcset=\"https:\/\/rmvapesale.com\/wp-content\/uploads\/2024\/09\/Waspe-25000-Disposable-Vape-Flavor.jpg 788w, https:\/\/rmvapesale.com\/wp-content\/uploads\/2024\/09\/Waspe-25000-Disposable-Vape-Flavor-300x300.jpg 300w, https:\/\/rmvapesale.com\/wp-content\/uploads\/2024\/09\/Waspe-25000-Disposable-Vape-Flavor-150x150.jpg 150w, https:\/\/rmvapesale.com\/wp-content\/uploads\/2024\/09\/Waspe-25000-Disposable-Vape-Flavor-768x768.jpg 768w, https:\/\/rmvapesale.com\/wp-content\/uploads\/2024\/09\/Waspe-25000-Disposable-Vape-Flavor-600x600.jpg 600w, https:\/\/rmvapesale.com\/wp-content\/uploads\/2024\/09\/Waspe-25000-Disposable-Vape-Flavor-100x100.jpg 100w\" sizes=\"auto, (max-width: 788px) 100vw, 788px\" \/><figcaption id=\"caption-attachment-2181\" class=\"wp-caption-text\">Waspe 25000 Vienreiz\u0113j\u0101s Lieto\u0161anas E-cigaretes Gar\u0161a<\/figcaption><\/figure>\n<h2><strong>Jaut\u0101jumi, kas jums var\u0113tu rasties par WASPE 25000<\/strong><\/h2>\n<p>&nbsp;<\/p>\n<div class=\"flex-shrink-0 flex flex-col relative items-end\">\n<div>\n<div class=\"pt-0\">\n<div class=\"gizmo-bot-avatar flex h-8 w-8 items-center justify-center overflow-hidden rounded-full\">\n<div class=\"relative p-1 rounded-sm flex items-center justify-center bg-token-main-surface-primary text-token-text-primary h-8 w-8\"><\/div>\n<\/div>\n<\/div>\n<\/div>\n<\/div>\n<div class=\"group\/conversation-turn relative flex w-full min-w-0 flex-col agent-turn\">\n<div class=\"flex-col gap-1 md:gap-3\">\n<div class=\"flex max-w-full flex-col flex-grow\">\n<div class=\"min-h-8 text-message flex w-full flex-col items-end gap-2 whitespace-normal break-words [.text-message+&amp;]:mt-5\" dir=\"auto\" data-message-author-role=\"assistant\" data-message-id=\"f226d3fc-81f3-46d5-8c46-31787fff0357\">\n<div class=\"flex w-full flex-col gap-1 empty:hidden first:pt-[3px]\">\n<div class=\"markdown prose w-full break-words dark:prose-invert light\">\n<p><strong>1. Cik dvesmas nodro\u0161ina WASPE 25000 vienreiz\u0113j\u0101s lieto\u0161anas e-cigarete?<\/strong><br \/>\nWASPE 25000 nodro\u0161ina l\u012bdz pat 25 000 dvesmu, iev\u0113rojami p\u0101rsniedzot tipisku vienreiz\u0113j\u0101s lieto\u0161anas e-cigare\u0161u kapacit\u0101ti.<\/p>\n<p><strong>2. K\u0101das gar\u0161as ir pieejamas WASPE 25000 vienreiz\u0113j\u0101s lieto\u0161anas e-cigaretei?<\/strong><br \/>\nPopul\u0101r\u0101k\u0101s gar\u0161as ir melle\u0146u ledus, mango ledus, zeme\u0146u arb\u016bzs, persiku limon\u0101de un v\u012bnogu ledus.<\/p>\n<p><strong>3. Vai WASPE 25000 ir piem\u0113rots ies\u0101c\u0113jiem?<\/strong><br \/>\nJ\u0101, WASPE 25000 ir ide\u0101li piem\u0113rots ies\u0101c\u0113jiem ar savu vienk\u0101r\u0161o dizainu bez pog\u0101m \u2013 vienk\u0101r\u0161i ieelpojiet, lai s\u0101ktu tvaic\u0113t.<\/p>\n<p><strong>4. K\u0101 man j\u0101uzglab\u0101 WASPE 25000 vienreiz\u0113j\u0101s lieto\u0161anas e-cigarete?<\/strong><br \/>\nUzglab\u0101jiet ier\u012bci v\u0113s\u0101, saus\u0101 viet\u0101, prom no tie\u0161iem saules stariem, k\u0101 ar\u012b b\u0113rniem un m\u0101jdz\u012bvniekiem nepieejam\u0101 viet\u0101.<\/p>\n<p><strong>5. Cik ilgi darbojas WASPE 25000?<\/strong><br \/>\nAr 25 000 dvesmu ietilp\u012bbu WASPE 25000 var darboties vair\u0101kas ned\u0113\u013cas atkar\u012bb\u0101 no lieto\u0161anas.<\/p>\n<\/div>\n<\/div>\n<\/div>\n<\/div>\n<\/div>\n<\/div>\n<p>&nbsp;<\/p>\n<h3><b>Bie\u017e\u0101k uzdotie jaut\u0101jumi<\/b><\/h3>\n<p>&nbsp;<\/p>\n<div class=\"flex-shrink-0 flex flex-col relative items-end\">\n<div>\n<div class=\"pt-0\">\n<div class=\"gizmo-bot-avatar flex h-8 w-8 items-center justify-center overflow-hidden rounded-full\">\n<div class=\"relative p-1 rounded-sm flex items-center justify-center bg-token-main-surface-primary text-token-text-primary h-8 w-8\"><strong>K\u0101das pieg\u0101des metodes tiek izmantotas?<\/strong><\/div>\n<\/div>\n<\/div>\n<\/div>\n<\/div>\n<div class=\"group\/conversation-turn relative flex w-full min-w-0 flex-col agent-turn\">\n<div class=\"flex-col gap-1 md:gap-3\">\n<div class=\"flex max-w-full flex-col flex-grow\">\n<div class=\"min-h-[20px] text-message flex w-full flex-col items-end gap-2 whitespace-normal break-words [.text-message+&amp;]:mt-5 overflow-x-auto\" dir=\"auto\" data-message-author-role=\"assistant\" data-message-id=\"22f8283b-3233-46ff-89a5-c7a41b33abda\">\n<div class=\"flex w-full flex-col gap-1 empty:hidden first:pt-[3px]\">\n<div class=\"markdown prose w-full break-words dark:prose-invert light\">\n<p>M\u0113s sadarbojamies ar UPS, DHL, FedEx, DPD un citiem vado\u0161ajiem p\u0101rvad\u0101t\u0101jiem. M\u0113s izv\u0113l\u0113simies lab\u0101ko pieg\u0101des veidu, pamatojoties uz j\u016bsu pieg\u0101des vietu, lai nodro\u0161in\u0101tu, ka j\u016bs sa\u0146emat savus produktus p\u0113c iesp\u0113jas \u0101tr\u0101k.<\/p>\n<\/div>\n<p><strong>Cik ilgs laiks paiet, l\u012bdz tas tiek pieg\u0101d\u0101ts?<\/strong><\/p>\n<p>Pieg\u0101des uz Latviju parasti ierodas 10 darba dienu laik\u0101. Pieg\u0101de uz Eiropas valst\u012bm parasti aiz\u0146em apm\u0113ram 12-15 darba dienas. M\u0113s nodro\u0161in\u0101sim re\u0101llaika atjaunin\u0101jumus par j\u016bsu pieg\u0101des statusu.<\/p>\n<\/div>\n<p><strong>Garantija<\/strong><\/p>\n<p><span style=\"color: #ff0000\"><strong>Visi m\u016bsu veikala produkti ir garant\u0113ti 100% ori\u0123in\u0101li un autentiski. M\u0113s pied\u0101v\u0101jam 10 rei\u017eu kompens\u0101ciju par viltot\u0101m prec\u0113m!<\/strong><\/span><\/p>\n<div class=\"flex w-full flex-col gap-1 empty:hidden first:pt-[3px]\">\n<p>&nbsp;<\/p>\n<\/div>\n<\/div>\n<\/div>\n<\/div>\n<\/div>\n<p>&nbsp;<\/p>\n<p>Citi popul\u0101ri vape, kas jums var\u0113tu patikt:<\/p>\n<p>&nbsp;<\/p>\n<p><a href=\"https:\/\/rmvapesale.com\/lv\/product\/original-randm-vape-digital-puff-12000-fumot-factory-price\/\"><strong>Randm Digital 12000 uzp\u016btieni<\/strong><\/a><\/p>\n<p><strong><a href=\"https:\/\/rmvapesale.com\/lv\/product\/vozol-vista-20000-puffs-smart-disposable-vape\/\">Vozol Vista 20000 dvesieni\u00a0<\/a><\/strong><\/p>\n<p><a href=\"https:\/\/rmvapesale.com\/lv\/product\/waspe-12000-puffs-disposable-vape-pen\/\"><strong>WASPE 12000 uzp\u016btieni\u00a0<\/strong><\/a><\/p>\n<p><a href=\"https:\/\/rmvapesale.com\/lv\/product\/randm-tornado-20000-puffs-original-fumot-vape-wholesale\/\"><strong>RandM Tornado 20000 Dvesmas<\/strong><\/a><\/p>\n<p>&nbsp;<\/p>\n<p>&nbsp;<\/p>\n<p>Atrodiet vair\u0101k Vape produktu, kas jums var\u0113tu patikt:<strong><em><a href=\"https:\/\/rmvapesale.com\/lv\/shop-2\/\">iepirkties tagad &gt;&gt;&gt;<\/a><\/em><\/strong><\/p>","protected":false},"excerpt":{"rendered":"<p>WASPE 25000 vienreizlietojams vape bez nikot\u012bna, p\u0101rdo\u0161ana tie\u0161saist\u0113<br \/>\nWaspe 25000 Puffs 25k vienreizlietojamais vape, vairumtirdzniec\u012bba<br \/>\nWASPE 25000 PUFFS divu sietu vape kaste 0% 2% 3% 5% nikot\u012bns<\/p>\n<p><strong>Sazinieties ar Eimiju, lai ieg\u016btu liel\u0101ku atlaidi un pareizu atbildi<\/strong><\/p>\n<p><img loading=\"lazy\" decoding=\"async\" class=\"size-full wp-image-1978\" src=\"https:\/\/rmvapesale.com\/wp-content\/uploads\/2024\/09\/Disposable-Vape-Wholesale.jpg\" alt=\"Vienreiz\u0113jais vape vairumtirdzniec\u012bba\" width=\"229\" height=\"300\" \/><\/p>\n<h3><span style=\"color: #ff0000\"><strong>WhatsApp: +86 17776015835<\/strong><\/span><\/h3>","protected":false},"featured_media":2185,"comment_status":"open","ping_status":"closed","template":"","meta":{"_uag_custom_page_level_css":"","_lmt_disableupdate":"no","_lmt_disable":"","site-sidebar-layout":"default","site-content-layout":"content-boxed-container","ast-site-content-layout":"normal-width-container","site-content-style":"boxed","site-sidebar-style":"unboxed","ast-global-header-display":"","ast-banner-title-visibility":"","ast-main-header-display":"","ast-hfb-above-header-display":"","ast-hfb-below-header-display":"","ast-hfb-mobile-header-display":"","site-post-title":"","ast-breadcrumbs-content":"","ast-featured-img":"","footer-sml-layout":"","theme-transparent-header-meta":"default","adv-header-id-meta":"","stick-header-meta":"","header-above-stick-meta":"","header-main-stick-meta":"","header-below-stick-meta":"","astra-migrate-meta-layouts":"set","ast-page-background-enabled":"default","ast-page-background-meta":{"desktop":{"background-color":"var(--ast-global-color-4)","background-image":"","background-repeat":"repeat","background-position":"center center","background-size":"auto","background-attachment":"scroll","background-type":"","background-media":"","overlay-type":"","overlay-color":"","overlay-opacity":"","overlay-gradient":""},"tablet":{"background-color":"","background-image":"","background-repeat":"repeat","background-position":"center center","background-size":"auto","background-attachment":"scroll","background-type":"","background-media":"","overlay-type":"","overlay-color":"","overlay-opacity":"","overlay-gradient":""},"mobile":{"background-color":"","background-image":"","background-repeat":"repeat","background-position":"center center","background-size":"auto","background-attachment":"scroll","background-type":"","background-media":"","overlay-type":"","overlay-color":"","overlay-opacity":"","overlay-gradient":""}},"ast-content-background-meta":{"desktop":{"background-color":"var(--ast-global-color-5)","background-image":"","background-repeat":"repeat","background-position":"center center","background-size":"auto","background-attachment":"scroll","background-type":"","background-media":"","overlay-type":"","overlay-color":"","overlay-opacity":"","overlay-gradient":""},"tablet":{"background-color":"var(--ast-global-color-5)","background-image":"","background-repeat":"repeat","background-position":"center center","background-size":"auto","background-attachment":"scroll","background-type":"","background-media":"","overlay-type":"","overlay-color":"","overlay-opacity":"","overlay-gradient":""},"mobile":{"background-color":"var(--ast-global-color-5)","background-image":"","background-repeat":"repeat","background-position":"center center","background-size":"auto","background-attachment":"scroll","background-type":"","background-media":"","overlay-type":"","overlay-color":"","overlay-opacity":"","overlay-gradient":""}},"_joinchat":[]},"product_brand":[],"product_cat":[15,289,292,293,295,299,274,256,25,123,26,28,135,27,137,136,30],"product_tag":[99,101,105,54,104],"class_list":{"0":"post-2188","1":"product","2":"type-product","3":"status-publish","4":"has-post-thumbnail","6":"product_cat-new-vape-this-week","7":"product_cat-big-puffs-disposable-vapes","8":"product_cat-digital-disposable-vapes","9":"product_cat-low-nicotine-disposable-vapes","10":"product_cat-rechargeable-disposable-vapes","11":"product_cat-smart-screen-disposable-vapes","12":"product_cat-waspe-fihp-vape","13":"product_cat-25000-puff-disposable-vape","14":"product_cat-germany-best-selling-vape","15":"product_cat-italy-wholesale-vape","16":"product_cat-netherlands-hot-sale-vape","17":"product_cat-poland-hot-sale-vape","18":"product_cat-spain-best-hot-sale-vape","19":"product_cat-fance-hot-sale-vape","20":"product_cat-rechargeable-vapes","21":"product_cat-smart-screen-vapes","22":"product_cat-minimum-order-quantity-50pcs","23":"product_tag-disposable-vape-wholesale","24":"product_tag-led-display-vape","25":"product_tag-nicotine-free-disposable-vape","26":"product_tag-rechargeable-disposable-vape","27":"product_tag-waspe-25000","28":"desktop-align-left","29":"tablet-align-left","30":"mobile-align-left","32":"first","33":"instock","34":"sale","35":"shipping-taxable","36":"purchasable","37":"product-type-simple"},"uagb_featured_image_src":{"full":["https:\/\/rmvapesale.com\/wp-content\/uploads\/2024\/09\/Waspe-25000-Puffs-Vape.jpg",788,788,false],"thumbnail":["https:\/\/rmvapesale.com\/wp-content\/uploads\/2024\/09\/Waspe-25000-Puffs-Vape-150x150.jpg",150,150,true],"medium":["https:\/\/rmvapesale.com\/wp-content\/uploads\/2024\/09\/Waspe-25000-Puffs-Vape-300x300.jpg",300,300,true],"medium_large":["https:\/\/rmvapesale.com\/wp-content\/uploads\/2024\/09\/Waspe-25000-Puffs-Vape-768x768.jpg",768,768,true],"large":["https:\/\/rmvapesale.com\/wp-content\/uploads\/2024\/09\/Waspe-25000-Puffs-Vape.jpg",788,788,false],"1536x1536":["https:\/\/rmvapesale.com\/wp-content\/uploads\/2024\/09\/Waspe-25000-Puffs-Vape.jpg",788,788,false],"2048x2048":["https:\/\/rmvapesale.com\/wp-content\/uploads\/2024\/09\/Waspe-25000-Puffs-Vape.jpg",788,788,false],"trp-custom-language-flag":["https:\/\/rmvapesale.com\/wp-content\/uploads\/2024\/09\/Waspe-25000-Puffs-Vape.jpg",12,12,false],"woocommerce_thumbnail":["https:\/\/rmvapesale.com\/wp-content\/uploads\/2024\/09\/Waspe-25000-Puffs-Vape-300x300.jpg",300,300,true],"woocommerce_single":["https:\/\/rmvapesale.com\/wp-content\/uploads\/2024\/09\/Waspe-25000-Puffs-Vape-600x600.jpg",600,600,true],"woocommerce_gallery_thumbnail":["https:\/\/rmvapesale.com\/wp-content\/uploads\/2024\/09\/Waspe-25000-Puffs-Vape-100x100.jpg",100,100,true],"wcpr-photo-reviews":["https:\/\/rmvapesale.com\/wp-content\/uploads\/2024\/09\/Waspe-25000-Puffs-Vape.jpg",500,500,false]},"uagb_author_info":{"display_name":"AMY","author_link":"https:\/\/rmvapesale.com\/lv\/author\/"},"uagb_comment_info":0,"uagb_excerpt":"WASPE 25000 Nicotine Free Disposable Vape Sale Online Waspe 25000 Puffs 25k Disposable Vape Wholesale WASPE 25000 PUFFS Dual Mesh Vape Box 0% 2% 3% 5% Nicotine Contact Amy For More Discount And Right Reply WhatsApp: +86 17776015835","_links":{"self":[{"href":"https:\/\/rmvapesale.com\/lv\/wp-json\/wp\/v2\/product\/2188","targetHints":{"allow":["GET"]}}],"collection":[{"href":"https:\/\/rmvapesale.com\/lv\/wp-json\/wp\/v2\/product"}],"about":[{"href":"https:\/\/rmvapesale.com\/lv\/wp-json\/wp\/v2\/types\/product"}],"replies":[{"embeddable":true,"href":"https:\/\/rmvapesale.com\/lv\/wp-json\/wp\/v2\/comments?post=2188"}],"wp:featuredmedia":[{"embeddable":true,"href":"https:\/\/rmvapesale.com\/lv\/wp-json\/wp\/v2\/media\/2185"}],"wp:attachment":[{"href":"https:\/\/rmvapesale.com\/lv\/wp-json\/wp\/v2\/media?parent=2188"}],"wp:term":[{"taxonomy":"product_brand","embeddable":true,"href":"https:\/\/rmvapesale.com\/lv\/wp-json\/wp\/v2\/product_brand?post=2188"},{"taxonomy":"product_cat","embeddable":true,"href":"https:\/\/rmvapesale.com\/lv\/wp-json\/wp\/v2\/product_cat?post=2188"},{"taxonomy":"product_tag","embeddable":true,"href":"https:\/\/rmvapesale.com\/lv\/wp-json\/wp\/v2\/product_tag?post=2188"}],"curies":[{"name":"wp","href":"https:\/\/api.w.org\/{rel}","templated":true}]}}