{"id":2218,"date":"2024-09-29T03:58:24","date_gmt":"2024-09-29T03:58:24","guid":{"rendered":"https:\/\/rmvapesale.com\/?post_type=product&#038;p=2218"},"modified":"2025-01-21T09:50:07","modified_gmt":"2025-01-21T09:50:07","slug":"vopk-tornado-15000-puffs-disposable-vape-led-display","status":"publish","type":"product","link":"https:\/\/rmvapesale.com\/lv\/product\/vopk-tornado-15000-puffs-disposable-vape-led-display\/","title":{"rendered":"VOPK Tornado 15000 D\u016bmu Vienreizlietojam\u0101 E-cigarete ar LED displeju"},"content":{"rendered":"<div class=\"B2VR9 CJHX3e\">\n<div class=\"wyccme\">\n<h1 class=\"LC20lb MBeuO DKV0Md\">VOPK Tornado 15000 Dvesienu Vienreizlietojamais Vape LED Displejs Vairumtirdzniec\u012bba<\/h1>\n<p>VOPK Tornado 15000 Dvesienu Vienreizlietojam\u0101 Vape Pildspalva ir izstr\u0101d\u0101ta ilgsto\u0161ai un apmierino\u0161ai tvaic\u0113\u0161anas pieredzei. Ar iztur\u012bgu PC + mat\u0113tas uzl\u012bmes apdari, t\u0101 ir apr\u012bkota ar 1,0 omu t\u012bkla spoli vienm\u0113r\u012bgai tvaika ra\u017eo\u0161anai, d\u0101snu 25 ml atomizatora ietilp\u012bbu un 850 mAh akumulatoru. Ar C tipa uzl\u0101des portu, regul\u0113jamu gaisa pl\u016bsmu un diviem displejiem, lai uzraudz\u012btu e\u013c\u013cas un akumulatora l\u012bmeni, \u0161\u012b vienreizlietojam\u0101 vape ier\u012bce nodro\u0161ina gan \u0113rt\u012bbas, gan veiktsp\u0113ju. Pieejams 10 neatvair\u0101mos gar\u0161as, VOPK Tornado pied\u0101v\u0101 l\u012bdz pat 15 000 t\u012bras baudas dvesienu.<\/p>\n<\/div>\n<p>M\u0113s, rmvapesale, uzskat\u0101m, ka katrs tvaic\u0113t\u0101js ir peln\u012bjis personaliz\u0113tu ce\u013cojumu. Neatkar\u012bgi no t\u0101, vai v\u0113laties vape bez nikot\u012bna vai vape ar zemu nikot\u012bna saturu, m\u016bsu VOPK kl\u0101sts pied\u0101v\u0101 greznu izv\u0113li, kas paredz\u0113ta, lai apmierin\u0101tu j\u016bsu unik\u0101l\u0101s v\u0113lmes.<\/p>\n<\/div>\n<p><strong>Sazinieties ar Eimiju, lai sa\u0146emtu pareizu atbildi un vair\u0101k produktu video!<\/strong><\/p>\n<p><img loading=\"lazy\" decoding=\"async\" class=\"size-full wp-image-1978\" src=\"https:\/\/rmvapesale.com\/wp-content\/uploads\/2024\/09\/Disposable-Vape-Wholesale.jpg\" alt=\"Vienreiz\u0113jais vape vairumtirdzniec\u012bba\" width=\"229\" height=\"300\" \/><\/p>\n<h3><span style=\"color: #ff0000\"><strong>WhatsApp: +86 17776015835<\/strong><\/span><\/h3>\n<p>&nbsp;<\/p>\n<h2><\/h2>\n<h2><strong>VOPK Tornado 15000 Dvesienu Galven\u0101s \u012apa\u0161\u012bbas<\/strong><\/h2>\n<p>Dvesienu skaits: L\u012bdz 15000 dvesienu<br \/>\nAkumulatora ietilp\u012bba: 850 mAh<br \/>\nPretest\u012bba: 1,0 omi<br \/>\nE-\u0161\u0137idruma ietilp\u012bba: 25 ml<br \/>\nNikot\u012bna stiprums: 0% 2% 3% 5%<br \/>\nIzskats: Gluds un moderns dizains ar ergonomisku satv\u0113rienu<\/p>\n<h2><\/h2>\n<h2><strong>Popul\u0101r\u0101k\u0101s gar\u0161as VOPK Tornado 15000 Dvesienu Vienreizlietojamajam Vape<\/strong><\/h2>\n<p>WASPE 15000 PUFFS vienreiz\u0113j\u0101s lieto\u0161anas Vape pied\u0101v\u0101 10 gardas gar\u0161as, izv\u0113lieties no da\u017e\u0101d\u0101m gar\u0161\u0101m, tostarp klasisko tabaku, atsvaidzino\u0161u v\u0113su piparm\u0113tru un eksotisko mango saldumu, katra no t\u0101m sola bag\u0101t\u012bgu, apmierino\u0161u ce\u013cojumu ar katru uzp\u016btienu.<\/p>\n<p>1.Zeme\u0146u Ave\u0146u<span style=\"color: #ff0000\"><strong>&gt;&gt;&gt;&gt;Karsts!<\/strong><\/span><br \/>\n2.Zeme\u0146u Arb\u016bzu<br \/>\n3. Arb\u016bzu ledus<br \/>\n4.Melle\u0146u Ave\u0146u<span style=\"color: #ff0000\"><strong>&gt;&gt;&gt;&gt;Lab\u0101kais!<\/strong><\/span><br \/>\n5.Zil\u0101s Ave\u0146u Limon\u0101de<br \/>\n6.Kivi pasifloru aug\u013cu gvajava<br \/>\n7.Jauktu ogu<span style=\"color: #ff0000\"><strong>&gt;&gt;&gt;&gt;Karsts!<\/strong><\/span><br \/>\n8.Roz\u0101 limon\u0101de<br \/>\n9.Persiku mango<br \/>\n10.Sk\u0101bais \u0101bols<\/p>\n<figure id=\"attachment_2212\" aria-describedby=\"caption-attachment-2212\" style=\"width: 300px\" class=\"wp-caption alignnone\"><img loading=\"lazy\" decoding=\"async\" class=\"size-medium wp-image-2212\" src=\"https:\/\/rmvapesale.com\/wp-content\/uploads\/2024\/09\/Tornado-15000-Puffs-300x300.jpg\" alt=\"Tornado 15000 Dvesmas\" width=\"300\" height=\"300\" srcset=\"https:\/\/rmvapesale.com\/wp-content\/uploads\/2024\/09\/Tornado-15000-Puffs-300x300.jpg 300w, https:\/\/rmvapesale.com\/wp-content\/uploads\/2024\/09\/Tornado-15000-Puffs-150x150.jpg 150w, https:\/\/rmvapesale.com\/wp-content\/uploads\/2024\/09\/Tornado-15000-Puffs-768x768.jpg 768w, https:\/\/rmvapesale.com\/wp-content\/uploads\/2024\/09\/Tornado-15000-Puffs-600x600.jpg 600w, https:\/\/rmvapesale.com\/wp-content\/uploads\/2024\/09\/Tornado-15000-Puffs-100x100.jpg 100w, https:\/\/rmvapesale.com\/wp-content\/uploads\/2024\/09\/Tornado-15000-Puffs.jpg 808w\" sizes=\"auto, (max-width: 300px) 100vw, 300px\" \/><figcaption id=\"caption-attachment-2212\" class=\"wp-caption-text\">Tornado 15000 Dvesmas<\/figcaption><\/figure>\n<p>&nbsp;<\/p>\n<h2><strong>Jaut\u0101jumi, kas jums var\u0113tu b\u016bt par VOPK Tornado 15000<\/strong><\/h2>\n<p>&nbsp;<\/p>\n<div class=\"flex-shrink-0 flex flex-col relative items-end\">\n<div>\n<div class=\"pt-0\">\n<div class=\"gizmo-bot-avatar flex h-8 w-8 items-center justify-center overflow-hidden rounded-full\">\n<div class=\"relative p-1 rounded-sm flex items-center justify-center bg-token-main-surface-primary text-token-text-primary h-8 w-8\"><\/div>\n<\/div>\n<\/div>\n<\/div>\n<\/div>\n<div class=\"group\/conversation-turn relative flex w-full min-w-0 flex-col agent-turn\">\n<div class=\"flex-col gap-1 md:gap-3\">\n<div class=\"flex max-w-full flex-col flex-grow\">\n<div class=\"min-h-8 text-message flex w-full flex-col items-end gap-2 whitespace-normal break-words [.text-message+&amp;]:mt-5\" dir=\"auto\" data-message-author-role=\"assistant\" data-message-id=\"f226d3fc-81f3-46d5-8c46-31787fff0357\">\n<div class=\"flex w-full flex-col gap-1 empty:hidden first:pt-[3px]\">\n<div class=\"markdown prose w-full break-words dark:prose-invert light\">\n<p><strong>1.Cik dvesmu nodro\u0161ina VOPK Tornado 15000 Puffs Digital vienreiz\u0113j\u0101s lieto\u0161anas vape?<\/strong><br \/>\nVOPK Tornado 15000 nodro\u0161ina l\u012bdz pat 15000 dvesm\u0101m, iev\u0113rojami p\u0101rsniedzot tipisko vienreiz\u0113j\u0101s lieto\u0161anas veipu jaudu.<\/p>\n<p><strong>2.K\u0101das gar\u0161as ir pieejamas VOPK Tornado 15000 vienreiz\u0113j\u0101s lieto\u0161anas veip\u0101?<\/strong><br \/>\nPopul\u0101ras gar\u0161as ir arb\u016bzu ledus, melle\u0146u ledus, zeme\u0146u ave\u0146u \u0137ir\u0161u, jauktu ogu mais\u012bjumi utt.<\/p>\n<p><strong>3.Vai VOPK Tornado 15000 ir piem\u0113rots ies\u0101c\u0113jiem?<\/strong><br \/>\nJ\u0101, VOPK Tornado 15000 ir lieliski piem\u0113rots ies\u0101c\u0113jiem ar savu vienk\u0101r\u0161o dizainu bez pog\u0101m \u2013 lai s\u0101ktu veipot, ir tikai j\u0101ieelpo.<\/p>\n<p><strong>4.K\u0101 man vajadz\u0113tu uzglab\u0101t savu VOPK Tornado 15000 vienreiz\u0113j\u0101s lieto\u0161anas veipu?<\/strong><br \/>\nUzglab\u0101jiet ier\u012bci v\u0113s\u0101, saus\u0101 viet\u0101, prom no tie\u0161iem saules stariem, k\u0101 ar\u012b b\u0113rniem un m\u0101jdz\u012bvniekiem nepieejam\u0101 viet\u0101.<\/p>\n<p><strong>5.Cik ilgi kalpo VOPK Tornado 15000?<\/strong><br \/>\nAr 15 000 dvesmu ietilp\u012bbu VOPK Tornado 15000 var kalpot vair\u0101kas ned\u0113\u013cas atkar\u012bb\u0101 no lieto\u0161anas.<\/p>\n<\/div>\n<\/div>\n<\/div>\n<\/div>\n<\/div>\n<\/div>\n<p>&nbsp;<\/p>\n<h3><b>Bie\u017e\u0101k uzdotie jaut\u0101jumi<\/b><\/h3>\n<p>&nbsp;<\/p>\n<div class=\"flex-shrink-0 flex flex-col relative items-end\">\n<div>\n<div class=\"pt-0\">\n<div class=\"gizmo-bot-avatar flex h-8 w-8 items-center justify-center overflow-hidden rounded-full\">\n<div class=\"relative p-1 rounded-sm flex items-center justify-center bg-token-main-surface-primary text-token-text-primary h-8 w-8\"><strong>K\u0101das pieg\u0101des metodes tiek izmantotas?<\/strong><\/div>\n<\/div>\n<\/div>\n<\/div>\n<\/div>\n<div class=\"group\/conversation-turn relative flex w-full min-w-0 flex-col agent-turn\">\n<div class=\"flex-col gap-1 md:gap-3\">\n<div class=\"flex max-w-full flex-col flex-grow\">\n<div class=\"min-h-[20px] text-message flex w-full flex-col items-end gap-2 whitespace-normal break-words [.text-message+&amp;]:mt-5 overflow-x-auto\" dir=\"auto\" data-message-author-role=\"assistant\" data-message-id=\"22f8283b-3233-46ff-89a5-c7a41b33abda\">\n<div class=\"flex w-full flex-col gap-1 empty:hidden first:pt-[3px]\">\n<div class=\"markdown prose w-full break-words dark:prose-invert light\">\n<p>M\u0113s sadarbojamies ar UPS, DHL, FedEx, DPD un citiem vado\u0161ajiem p\u0101rvad\u0101t\u0101jiem. M\u0113s izv\u0113l\u0113simies lab\u0101ko pieg\u0101des veidu, pamatojoties uz j\u016bsu pieg\u0101des vietu, lai nodro\u0161in\u0101tu, ka j\u016bs sa\u0146emat savus produktus p\u0113c iesp\u0113jas \u0101tr\u0101k.<\/p>\n<\/div>\n<p><strong>Cik ilgs laiks paiet, l\u012bdz tas tiek pieg\u0101d\u0101ts?<\/strong><\/p>\n<p>Pieg\u0101des uz Latviju parasti ierodas 10 darba dienu laik\u0101. Pieg\u0101de uz Eiropas valst\u012bm parasti aiz\u0146em apm\u0113ram 12-15 darba dienas. M\u0113s nodro\u0161in\u0101sim re\u0101llaika atjaunin\u0101jumus par j\u016bsu pieg\u0101des statusu.<\/p>\n<\/div>\n<p><strong>Garantija<\/strong><\/p>\n<p><span style=\"color: #ff0000\"><strong>Visi m\u016bsu veikala produkti ir garant\u0113ti 100% ori\u0123in\u0101li un autentiski. M\u0113s pied\u0101v\u0101jam 10 rei\u017eu kompens\u0101ciju par viltot\u0101m prec\u0113m!<\/strong><\/span><\/p>\n<div class=\"flex w-full flex-col gap-1 empty:hidden first:pt-[3px]\">\n<p>&nbsp;<\/p>\n<\/div>\n<\/div>\n<\/div>\n<\/div>\n<\/div>\n<p>&nbsp;<\/p>\n<p>Citi popul\u0101ri vape, kas jums var\u0113tu patikt:<\/p>\n<p>&nbsp;<\/p>\n<p><a href=\"https:\/\/rmvapesale.com\/lv\/product\/original-randm-vape-digital-puff-12000-fumot-factory-price\/\"><strong>Randm Digital 12000 uzp\u016btieni<\/strong><\/a><\/p>\n<p><strong><a href=\"https:\/\/rmvapesale.com\/lv\/product\/randm-tornado-15000-puffs-15k-vape-recharge-fumot-original-vape-factory-price\/\">RANDM TORNADO 15000 Dvesmas <\/a><\/strong><\/p>\n<p><a href=\"https:\/\/rmvapesale.com\/lv\/product\/waspe-12000-puffs-disposable-vape-pen\/\"><strong>WASPE 12000 uzp\u016btieni\u00a0<\/strong><\/a><\/p>\n<p><a href=\"https:\/\/rmvapesale.com\/lv\/product\/vapme-crystal-7000-puffs-rechargeable-disposable-vape-price\/\"><strong>Vapme Crystal 7000 uzp\u016btieni<\/strong><\/a><\/p>\n<p>&nbsp;<\/p>\n<p>&nbsp;<\/p>\n<p>Atrodiet vair\u0101k Vape produktu, kas jums var\u0113tu patikt:<strong><em><a href=\"https:\/\/rmvapesale.com\/lv\/shop-2\/\">iepirkties tagad &gt;&gt;&gt;<\/a><\/em><\/strong><\/p>","protected":false},"excerpt":{"rendered":"<p>VOPK Tornado 15000 15K Dvesienu Jaun\u0101kais Ori\u0123in\u0101lais LED Displeja Vape<br \/>\nVOPK Tornado 15000 Dvesienu Vienreizlietojamais Vape Vairumtirdzniec\u012bba<br \/>\nVOPK TORNADO 15000 Dvesienu 0% 2% 3% 5% Nikot\u012bns Lielapjoma Pirkums<\/p>\n<p><strong>Sazinieties ar Eimiju, lai ieg\u016btu liel\u0101ku atlaidi un pareizu atbildi<\/strong><\/p>\n<p><img loading=\"lazy\" decoding=\"async\" class=\"size-full wp-image-1978\" src=\"https:\/\/rmvapesale.com\/wp-content\/uploads\/2024\/09\/Disposable-Vape-Wholesale.jpg\" alt=\"Vienreiz\u0113jais vape vairumtirdzniec\u012bba\" width=\"229\" height=\"300\" \/><\/p>\n<h3><span style=\"color: #ff0000\"><strong>WhatsApp: +86 17776015835<\/strong><\/span><\/h3>","protected":false},"featured_media":2215,"comment_status":"open","ping_status":"closed","template":"","meta":{"_uag_custom_page_level_css":"","_lmt_disableupdate":"no","_lmt_disable":"","site-sidebar-layout":"default","site-content-layout":"content-boxed-container","ast-site-content-layout":"normal-width-container","site-content-style":"boxed","site-sidebar-style":"unboxed","ast-global-header-display":"","ast-banner-title-visibility":"","ast-main-header-display":"","ast-hfb-above-header-display":"","ast-hfb-below-header-display":"","ast-hfb-mobile-header-display":"","site-post-title":"","ast-breadcrumbs-content":"","ast-featured-img":"","footer-sml-layout":"","theme-transparent-header-meta":"default","adv-header-id-meta":"","stick-header-meta":"","header-above-stick-meta":"","header-main-stick-meta":"","header-below-stick-meta":"","astra-migrate-meta-layouts":"set","ast-page-background-enabled":"default","ast-page-background-meta":{"desktop":{"background-color":"var(--ast-global-color-4)","background-image":"","background-repeat":"repeat","background-position":"center center","background-size":"auto","background-attachment":"scroll","background-type":"","background-media":"","overlay-type":"","overlay-color":"","overlay-opacity":"","overlay-gradient":""},"tablet":{"background-color":"","background-image":"","background-repeat":"repeat","background-position":"center center","background-size":"auto","background-attachment":"scroll","background-type":"","background-media":"","overlay-type":"","overlay-color":"","overlay-opacity":"","overlay-gradient":""},"mobile":{"background-color":"","background-image":"","background-repeat":"repeat","background-position":"center center","background-size":"auto","background-attachment":"scroll","background-type":"","background-media":"","overlay-type":"","overlay-color":"","overlay-opacity":"","overlay-gradient":""}},"ast-content-background-meta":{"desktop":{"background-color":"var(--ast-global-color-5)","background-image":"","background-repeat":"repeat","background-position":"center center","background-size":"auto","background-attachment":"scroll","background-type":"","background-media":"","overlay-type":"","overlay-color":"","overlay-opacity":"","overlay-gradient":""},"tablet":{"background-color":"var(--ast-global-color-5)","background-image":"","background-repeat":"repeat","background-position":"center center","background-size":"auto","background-attachment":"scroll","background-type":"","background-media":"","overlay-type":"","overlay-color":"","overlay-opacity":"","overlay-gradient":""},"mobile":{"background-color":"var(--ast-global-color-5)","background-image":"","background-repeat":"repeat","background-position":"center center","background-size":"auto","background-attachment":"scroll","background-type":"","background-media":"","overlay-type":"","overlay-color":"","overlay-opacity":"","overlay-gradient":""}},"_joinchat":[]},"product_brand":[],"product_cat":[15,289,292,293,295,296,299,297,274,25,123,26,28,135,27,61,137,136,30],"product_tag":[99,101,105,54,110,42],"class_list":{"0":"post-2218","1":"product","2":"type-product","3":"status-publish","4":"has-post-thumbnail","6":"product_cat-new-vape-this-week","7":"product_cat-big-puffs-disposable-vapes","8":"product_cat-digital-disposable-vapes","9":"product_cat-low-nicotine-disposable-vapes","10":"product_cat-rechargeable-disposable-vapes","11":"product_cat-shisha-hookah-disposable-vapes","12":"product_cat-smart-screen-disposable-vapes","13":"product_cat-tornado-disposable-vapes","14":"product_cat-waspe-fihp-vape","15":"product_cat-germany-best-selling-vape","16":"product_cat-italy-wholesale-vape","17":"product_cat-netherlands-hot-sale-vape","18":"product_cat-poland-hot-sale-vape","19":"product_cat-spain-best-hot-sale-vape","20":"product_cat-fance-hot-sale-vape","21":"product_cat-15000-puffs-disposable-vapes","22":"product_cat-rechargeable-vapes","23":"product_cat-smart-screen-vapes","24":"product_cat-minimum-order-quantity-50pcs","25":"product_tag-disposable-vape-wholesale","26":"product_tag-led-display-vape","27":"product_tag-nicotine-free-disposable-vape","28":"product_tag-rechargeable-disposable-vape","29":"product_tag-tonado-15000-puffs","30":"product_tag-vopk-vape","31":"desktop-align-left","32":"tablet-align-left","33":"mobile-align-left","35":"first","36":"instock","37":"sale","38":"shipping-taxable","39":"purchasable","40":"product-type-simple"},"uagb_featured_image_src":{"full":["https:\/\/rmvapesale.com\/wp-content\/uploads\/2024\/09\/VOPK-Tornado-15000-Puffs-Vape.jpg",800,800,false],"thumbnail":["https:\/\/rmvapesale.com\/wp-content\/uploads\/2024\/09\/VOPK-Tornado-15000-Puffs-Vape-150x150.jpg",150,150,true],"medium":["https:\/\/rmvapesale.com\/wp-content\/uploads\/2024\/09\/VOPK-Tornado-15000-Puffs-Vape-300x300.jpg",300,300,true],"medium_large":["https:\/\/rmvapesale.com\/wp-content\/uploads\/2024\/09\/VOPK-Tornado-15000-Puffs-Vape-768x768.jpg",768,768,true],"large":["https:\/\/rmvapesale.com\/wp-content\/uploads\/2024\/09\/VOPK-Tornado-15000-Puffs-Vape.jpg",800,800,false],"1536x1536":["https:\/\/rmvapesale.com\/wp-content\/uploads\/2024\/09\/VOPK-Tornado-15000-Puffs-Vape.jpg",800,800,false],"2048x2048":["https:\/\/rmvapesale.com\/wp-content\/uploads\/2024\/09\/VOPK-Tornado-15000-Puffs-Vape.jpg",800,800,false],"trp-custom-language-flag":["https:\/\/rmvapesale.com\/wp-content\/uploads\/2024\/09\/VOPK-Tornado-15000-Puffs-Vape.jpg",12,12,false],"woocommerce_thumbnail":["https:\/\/rmvapesale.com\/wp-content\/uploads\/2024\/09\/VOPK-Tornado-15000-Puffs-Vape-300x300.jpg",300,300,true],"woocommerce_single":["https:\/\/rmvapesale.com\/wp-content\/uploads\/2024\/09\/VOPK-Tornado-15000-Puffs-Vape-600x600.jpg",600,600,true],"woocommerce_gallery_thumbnail":["https:\/\/rmvapesale.com\/wp-content\/uploads\/2024\/09\/VOPK-Tornado-15000-Puffs-Vape-100x100.jpg",100,100,true],"wcpr-photo-reviews":["https:\/\/rmvapesale.com\/wp-content\/uploads\/2024\/09\/VOPK-Tornado-15000-Puffs-Vape.jpg",500,500,false]},"uagb_author_info":{"display_name":"AMY","author_link":"https:\/\/rmvapesale.com\/lv\/author\/"},"uagb_comment_info":0,"uagb_excerpt":"VOPK Tornado 15000 15K Puffs Latest Original LED Display Vape VOPK Tornado 15000 Puffs Disposable Vape Wholesale VOPK TORNADO 15000 Puffs 0% 2% 3% 5% Nicotine Bulk Buy Contact Amy For More Discount And Right Reply WhatsApp: +86 17776015835","_links":{"self":[{"href":"https:\/\/rmvapesale.com\/lv\/wp-json\/wp\/v2\/product\/2218","targetHints":{"allow":["GET"]}}],"collection":[{"href":"https:\/\/rmvapesale.com\/lv\/wp-json\/wp\/v2\/product"}],"about":[{"href":"https:\/\/rmvapesale.com\/lv\/wp-json\/wp\/v2\/types\/product"}],"replies":[{"embeddable":true,"href":"https:\/\/rmvapesale.com\/lv\/wp-json\/wp\/v2\/comments?post=2218"}],"wp:featuredmedia":[{"embeddable":true,"href":"https:\/\/rmvapesale.com\/lv\/wp-json\/wp\/v2\/media\/2215"}],"wp:attachment":[{"href":"https:\/\/rmvapesale.com\/lv\/wp-json\/wp\/v2\/media?parent=2218"}],"wp:term":[{"taxonomy":"product_brand","embeddable":true,"href":"https:\/\/rmvapesale.com\/lv\/wp-json\/wp\/v2\/product_brand?post=2218"},{"taxonomy":"product_cat","embeddable":true,"href":"https:\/\/rmvapesale.com\/lv\/wp-json\/wp\/v2\/product_cat?post=2218"},{"taxonomy":"product_tag","embeddable":true,"href":"https:\/\/rmvapesale.com\/lv\/wp-json\/wp\/v2\/product_tag?post=2218"}],"curies":[{"name":"wp","href":"https:\/\/api.w.org\/{rel}","templated":true}]}}