{"id":2238,"date":"2024-09-29T07:26:38","date_gmt":"2024-09-29T07:26:38","guid":{"rendered":"https:\/\/rmvapesale.com\/?post_type=product&#038;p=2238"},"modified":"2025-01-21T09:55:12","modified_gmt":"2025-01-21T09:55:12","slug":"uzy-bang-king-12000-puffs-disposable-vape-20-flavors","status":"publish","type":"product","link":"https:\/\/rmvapesale.com\/lv\/product\/uzy-bang-king-12000-puffs-disposable-vape-20-flavors\/","title":{"rendered":"UZY Bang King 12000 Puffs vienreiz\u0113j\u0101s lieto\u0161anas veips 20 gar\u0161as"},"content":{"rendered":"<div class=\"B2VR9 CJHX3e\">\n<div class=\"wyccme\">\n<h1 class=\"LC20lb MBeuO DKV0Md\">UZY Bang King 12000 Puffs Vienreizlietojamais Vape 20 Gar\u0161as Vairumtirdzniec\u012bba<\/h1>\n<p>UZY Bang King 12000 Puffs ir iztur\u012bgs, liela tilpuma vienreizlietojamais vape, kas ir k\u013cuvis popul\u0101rs ar savu iespaid\u012bgo ietilp\u012bbu, gar\u0161u kvalit\u0101ti un pla\u0161o iesp\u0113ju kl\u0101stu. Daudzi entuziasti uzskata, ka Bang Vape pied\u0101v\u0101 da\u017eas no lab\u0101kaj\u0101m pieejamaj\u0101m gar\u0161\u0101m. Vienreizlietojam\u0101 vape ier\u012bce ir pieejama 20 da\u017e\u0101d\u0101s gar\u0161\u0101s ar nikot\u012bna l\u012bmeni 5%, 3%, 2% un 0%. Ar izcilu e-\u0161\u0137idruma ietilp\u012bbu 23ml, t\u0101 nodro\u0161ina l\u012bdz pat 12 000 uzp\u016btieniem. Darbin\u0101ms ar 650mAh uzl\u0101d\u0113jamu akumulatoru, tam ir augstas veiktsp\u0113jas sieta spoles sist\u0113ma uzlabotai vap\u0113\u0161anas pieredzei.<\/p>\n<p>Paaugstiniet savu stilu un pieredzi ar UZY Bang King 12000 Puffs \u2014 kur luksuss satiekas ar pieejam\u012bbu.<\/p>\n<\/div>\n<\/div>\n<p><strong>Sazinieties ar Eimiju, lai sa\u0146emtu pareizu atbildi un vair\u0101k produktu video!<\/strong><\/p>\n<p><img loading=\"lazy\" decoding=\"async\" class=\"size-full wp-image-1978\" src=\"https:\/\/rmvapesale.com\/wp-content\/uploads\/2024\/09\/Disposable-Vape-Wholesale.jpg\" alt=\"Vienreiz\u0113jais vape vairumtirdzniec\u012bba\" width=\"229\" height=\"300\" \/><\/p>\n<h3><span style=\"color: #ff0000\"><strong>WhatsApp: +86 17776015835<\/strong><\/span><\/h3>\n<p>&nbsp;<\/p>\n<h2><\/h2>\n<h2><strong>UZY Bang King 12000 Puffs Galven\u0101s iez\u012bmes<\/strong><\/h2>\n<p>650mAh Ieb\u016bv\u0113ts akumulators<br \/>\nUzl\u0101d\u0113jams<br \/>\nEfekt\u012bva un vienm\u0113r\u012bga ener\u0123ijas padeve<br \/>\n23ml Iepriek\u0161 uzpild\u012bts E-\u0161\u0137idrums<br \/>\n0% 2% 3% 5% nikot\u012bna l\u012bmenis<br \/>\nApmierina gandr\u012bz 12000 uzp\u016btienus<br \/>\nRegul\u0113jama gaisa pl\u016bsma<\/p>\n<figure id=\"attachment_2232\" aria-describedby=\"caption-attachment-2232\" style=\"width: 808px\" class=\"wp-caption alignnone\"><img loading=\"lazy\" decoding=\"async\" class=\"wp-image-2232 size-full\" src=\"https:\/\/rmvapesale.com\/wp-content\/uploads\/2024\/09\/UZY-Bang-King-12000-Puffs-Disposable-Vape.jpg\" alt=\"UZY Bang King 12000 Puffs Vienreizlietojamais Vape\" width=\"808\" height=\"808\" srcset=\"https:\/\/rmvapesale.com\/wp-content\/uploads\/2024\/09\/UZY-Bang-King-12000-Puffs-Disposable-Vape.jpg 808w, https:\/\/rmvapesale.com\/wp-content\/uploads\/2024\/09\/UZY-Bang-King-12000-Puffs-Disposable-Vape-300x300.jpg 300w, https:\/\/rmvapesale.com\/wp-content\/uploads\/2024\/09\/UZY-Bang-King-12000-Puffs-Disposable-Vape-150x150.jpg 150w, https:\/\/rmvapesale.com\/wp-content\/uploads\/2024\/09\/UZY-Bang-King-12000-Puffs-Disposable-Vape-768x768.jpg 768w, https:\/\/rmvapesale.com\/wp-content\/uploads\/2024\/09\/UZY-Bang-King-12000-Puffs-Disposable-Vape-600x600.jpg 600w, https:\/\/rmvapesale.com\/wp-content\/uploads\/2024\/09\/UZY-Bang-King-12000-Puffs-Disposable-Vape-100x100.jpg 100w\" sizes=\"auto, (max-width: 808px) 100vw, 808px\" \/><figcaption id=\"caption-attachment-2232\" class=\"wp-caption-text\">UZY Bang King 12000 Puffs Vienreizlietojamais Vape<\/figcaption><\/figure>\n<h2><strong>Popul\u0101r\u0101k\u0101s gar\u0161as UZY Bang King 12000<\/strong><\/h2>\n<p>UZY Bang King 12000 Vienreizlietojamais Vape pied\u0101v\u0101 20 gardas gar\u0161as, izv\u0113lieties no da\u017e\u0101d\u0101m gar\u0161\u0101m, tostarp klasisko tabaku, atsvaidzino\u0161u v\u0113su piparm\u0113tru un eksotisko mango saldumu, katra no t\u0101m sola bag\u0101t\u012bgu, apmierino\u0161u ce\u013cojumu ar katru uzp\u016btienu.<\/p>\n<p>1.Zeme\u0146u arb\u016bzs<br \/>\n2.Mellenes uz ledus<br \/>\n3.Persiku mango anan\u0101ss<br \/>\n4.Persiku ledus<br \/>\n5.Arb\u016bzu ledus<span style=\"color: #ff0000\"><strong>&gt;&gt;&gt;&gt;Karsts!<\/strong><\/span><br \/>\n6.V\u012bnogu ledus<br \/>\n7.Zeme\u0146u kivi<br \/>\n8.Melle\u0146u ave\u0146u<span style=\"color: #ff0000\"><strong>&gt;&gt;&gt;&gt;Karsts!<\/strong><\/span><br \/>\n9.Kivi pasifloras auglis<br \/>\n10.\u0136ir\u0161u ledus<br \/>\n11.Mr. Zilais<br \/>\n12.Kol\u0101 ledus<br \/>\n13.Tr\u012bsk\u0101r\u0161s mango<br \/>\n14.Zeme\u0146u ledus<br \/>\n15.Sarkan\u0101 ener\u0123ija<span style=\"color: #ff0000\"><strong>&gt;&gt;&gt;&gt;Lab\u0101kais!<\/strong><\/span><br \/>\n16.Jauktas ogas<br \/>\n17.Dubultais \u0101bols<br \/>\n18.L\u0101c\u012btis-l\u0101cis<span style=\"color: #ff0000\"><strong>&gt;&gt;&gt;&gt;Karsts!<\/strong><\/span><br \/>\n19.Roz\u0101 limon\u0101de<br \/>\n20.Persiku oga<\/p>\n<p>&nbsp;<\/p>\n<div class=\"mceTemp\"><\/div>\n<p>&nbsp;<\/p>\n<h2><strong>Jaut\u0101jumi, kurus jums var\u0113tu b\u016bt noder\u012bgi zin\u0101t par UZY Bang King 12000<\/strong><\/h2>\n<p>&nbsp;<\/p>\n<div class=\"flex-shrink-0 flex flex-col relative items-end\">\n<div>\n<div class=\"pt-0\">\n<div class=\"gizmo-bot-avatar flex h-8 w-8 items-center justify-center overflow-hidden rounded-full\">\n<div class=\"relative p-1 rounded-sm flex items-center justify-center bg-token-main-surface-primary text-token-text-primary h-8 w-8\"><\/div>\n<\/div>\n<\/div>\n<\/div>\n<\/div>\n<div class=\"group\/conversation-turn relative flex w-full min-w-0 flex-col agent-turn\">\n<div class=\"flex-col gap-1 md:gap-3\">\n<div class=\"flex max-w-full flex-col flex-grow\">\n<div class=\"min-h-8 text-message flex w-full flex-col items-end gap-2 whitespace-normal break-words [.text-message+&amp;]:mt-5\" dir=\"auto\" data-message-author-role=\"assistant\" data-message-id=\"f226d3fc-81f3-46d5-8c46-31787fff0357\">\n<div class=\"flex w-full flex-col gap-1 empty:hidden first:pt-[3px]\">\n<div class=\"markdown prose w-full break-words dark:prose-invert light\">\n<p><strong>1.Cik uzp\u016btienus UZY Bang King 12k <\/strong><strong>vienreiz\u0113j\u0101s lieto\u0161anas vape nodro\u0161ina?<\/strong><br \/>\nUZY Bang King 12k nodro\u0161ina l\u012bdz pat 12 000 uzp\u016btienu, iev\u0113rojami p\u0101rsniedzot tipisko vienreiz lietojamo vape jaudu.<\/p>\n<p><strong>2.K\u0101das gar\u0161as ir pieejamas UZY Bang King 12k vienreiz\u0113j\u0101s lieto\u0161anas vape pildspalv\u0101?<\/strong><br \/>\nPopul\u0101r\u0101k\u0101s gar\u0161as ir arb\u016bzs ar ledu, Mr Blue, tr\u012bsk\u0101r\u0161s mango, zemenes ar ledu, sarkans ener\u0123ijas dz\u0113riens, da\u017e\u0101das ogas utt.<\/p>\n<p><strong>3.Vai UZY Bang King 12000 ir piem\u0113rots ies\u0101c\u0113jiem?<\/strong><br \/>\nJ\u0101, tas ir ide\u0101li piem\u0113rots ies\u0101c\u0113jiem ar savu vienk\u0101r\u0161o dizainu bez pog\u0101m \u2013 vienk\u0101r\u0161i ieelpojiet, lai s\u0101ktu tvaic\u0113t.<\/p>\n<p><strong>4.K\u0101 man uzglab\u0101t savu vienreizlietojamo tvaic\u0113t\u0101ju?<\/strong><br \/>\nUzglab\u0101jiet ier\u012bci v\u0113s\u0101, saus\u0101 viet\u0101, prom no tie\u0161iem saules stariem, k\u0101 ar\u012b b\u0113rniem un m\u0101jdz\u012bvniekiem nepieejam\u0101 viet\u0101.<\/p>\n<p><strong>5.Cik ilgi kalpo UZY Bang King 12000?<\/strong><br \/>\nAr 12 000 dvesmu ietilp\u012bbu UZY Bang King 12000 var kalpot vair\u0101kas ned\u0113\u013cas, atkar\u012bb\u0101 no lieto\u0161anas paradumiem.<\/p>\n<\/div>\n<\/div>\n<\/div>\n<\/div>\n<\/div>\n<\/div>\n<p>&nbsp;<\/p>\n<h3><b>Bie\u017e\u0101k uzdotie jaut\u0101jumi<\/b><\/h3>\n<p>&nbsp;<\/p>\n<div class=\"flex-shrink-0 flex flex-col relative items-end\">\n<div>\n<div class=\"pt-0\">\n<div class=\"gizmo-bot-avatar flex h-8 w-8 items-center justify-center overflow-hidden rounded-full\">\n<div class=\"relative p-1 rounded-sm flex items-center justify-center bg-token-main-surface-primary text-token-text-primary h-8 w-8\"><strong>K\u0101das pieg\u0101des metodes tiek izmantotas?<\/strong><\/div>\n<\/div>\n<\/div>\n<\/div>\n<\/div>\n<div class=\"group\/conversation-turn relative flex w-full min-w-0 flex-col agent-turn\">\n<div class=\"flex-col gap-1 md:gap-3\">\n<div class=\"flex max-w-full flex-col flex-grow\">\n<div class=\"min-h-[20px] text-message flex w-full flex-col items-end gap-2 whitespace-normal break-words [.text-message+&amp;]:mt-5 overflow-x-auto\" dir=\"auto\" data-message-author-role=\"assistant\" data-message-id=\"22f8283b-3233-46ff-89a5-c7a41b33abda\">\n<div class=\"flex w-full flex-col gap-1 empty:hidden first:pt-[3px]\">\n<div class=\"markdown prose w-full break-words dark:prose-invert light\">\n<p>M\u0113s sadarbojamies ar UPS, DHL, FedEx, DPD un citiem vado\u0161ajiem p\u0101rvad\u0101t\u0101jiem. M\u0113s izv\u0113l\u0113simies lab\u0101ko pieg\u0101des veidu, pamatojoties uz j\u016bsu pieg\u0101des vietu, lai nodro\u0161in\u0101tu, ka j\u016bs sa\u0146emat savus produktus p\u0113c iesp\u0113jas \u0101tr\u0101k.<\/p>\n<\/div>\n<p><strong>Cik ilgs laiks paiet, l\u012bdz tas tiek pieg\u0101d\u0101ts?<\/strong><\/p>\n<p>Pieg\u0101des uz Latviju parasti ierodas 10 darba dienu laik\u0101. Pieg\u0101de uz Eiropas valst\u012bm parasti aiz\u0146em apm\u0113ram 12-15 darba dienas. M\u0113s nodro\u0161in\u0101sim re\u0101llaika atjaunin\u0101jumus par j\u016bsu pieg\u0101des statusu.<\/p>\n<\/div>\n<p><strong>Garantija<\/strong><\/p>\n<p><span style=\"color: #ff0000\"><strong>Visi m\u016bsu veikala produkti ir garant\u0113ti 100% ori\u0123in\u0101li un autentiski. M\u0113s pied\u0101v\u0101jam 10 rei\u017eu kompens\u0101ciju par viltot\u0101m prec\u0113m!<\/strong><\/span><\/p>\n<div class=\"flex w-full flex-col gap-1 empty:hidden first:pt-[3px]\">\n<p>&nbsp;<\/p>\n<\/div>\n<\/div>\n<\/div>\n<\/div>\n<\/div>\n<p>&nbsp;<\/p>\n<p>Citi popul\u0101ri vape, kas jums var\u0113tu patikt:<\/p>\n<p>&nbsp;<\/p>\n<p><a href=\"https:\/\/rmvapesale.com\/lv\/product\/original-randm-vape-digital-puff-12000-fumot-factory-price\/\"><strong>VOZOL Gear 20000 uzp\u016btieni<\/strong><\/a><\/p>\n<p><strong><a href=\"https:\/\/rmvapesale.com\/lv\/product\/randm-tornado-15000-puffs-15k-vape-recharge-fumot-original-vape-factory-price\/\">VOPK Tornado 15000 dvesmas <\/a><\/strong><\/p>\n<p><a href=\"https:\/\/rmvapesale.com\/lv\/product\/vapme-crystal-7000-puffs-rechargeable-disposable-vape-price\/\"><strong>Vapme Crystal 7000 uzp\u016btieni<\/strong><\/a><\/p>\n<p>&nbsp;<\/p>\n<p>&nbsp;<\/p>\n<p>Atrodiet vair\u0101k Vape produktu, kas jums var\u0113tu patikt:<strong><em><a href=\"https:\/\/rmvapesale.com\/lv\/shop-2\/\">iepirkties tagad &gt;&gt;&gt;<\/a><\/em><\/strong><\/p>","protected":false},"excerpt":{"rendered":"<p>UZY Bang King 12000 Puffs Uzl\u0101d\u0113jams Vienreizlietojams Pod<br \/>\nUZY Bang King 12000 Puffs 0% 2% 3% 5% Nikot\u012bns<br \/>\nAutentisks UZY Bang King 12k Puff Vienreizlietojamie Vapes<\/p>\n<p><strong>Sazinieties ar Eimiju, lai ieg\u016btu liel\u0101ku atlaidi un pareizu atbildi<\/strong><\/p>\n<p><img loading=\"lazy\" decoding=\"async\" class=\"size-full wp-image-1978\" src=\"https:\/\/rmvapesale.com\/wp-content\/uploads\/2024\/09\/Disposable-Vape-Wholesale.jpg\" alt=\"Vienreiz\u0113jais vape vairumtirdzniec\u012bba\" width=\"229\" height=\"300\" \/><\/p>\n<h3><span style=\"color: #ff0000\"><strong>WhatsApp: +86 17776015835<\/strong><\/span><\/h3>","protected":false},"featured_media":2234,"comment_status":"open","ping_status":"closed","template":"","meta":{"_uag_custom_page_level_css":"","_lmt_disableupdate":"no","_lmt_disable":"","site-sidebar-layout":"default","site-content-layout":"content-boxed-container","ast-site-content-layout":"normal-width-container","site-content-style":"boxed","site-sidebar-style":"unboxed","ast-global-header-display":"","ast-banner-title-visibility":"","ast-main-header-display":"","ast-hfb-above-header-display":"","ast-hfb-below-header-display":"","ast-hfb-mobile-header-display":"","site-post-title":"","ast-breadcrumbs-content":"","ast-featured-img":"","footer-sml-layout":"","ast-disable-related-posts":"","theme-transparent-header-meta":"default","adv-header-id-meta":"","stick-header-meta":"","header-above-stick-meta":"","header-main-stick-meta":"","header-below-stick-meta":"","astra-migrate-meta-layouts":"set","ast-page-background-enabled":"default","ast-page-background-meta":{"desktop":{"background-color":"var(--ast-global-color-4)","background-image":"","background-repeat":"repeat","background-position":"center center","background-size":"auto","background-attachment":"scroll","background-type":"","background-media":"","overlay-type":"","overlay-color":"","overlay-opacity":"","overlay-gradient":""},"tablet":{"background-color":"","background-image":"","background-repeat":"repeat","background-position":"center center","background-size":"auto","background-attachment":"scroll","background-type":"","background-media":"","overlay-type":"","overlay-color":"","overlay-opacity":"","overlay-gradient":""},"mobile":{"background-color":"","background-image":"","background-repeat":"repeat","background-position":"center center","background-size":"auto","background-attachment":"scroll","background-type":"","background-media":"","overlay-type":"","overlay-color":"","overlay-opacity":"","overlay-gradient":""}},"ast-content-background-meta":{"desktop":{"background-color":"var(--ast-global-color-5)","background-image":"","background-repeat":"repeat","background-position":"center center","background-size":"auto","background-attachment":"scroll","background-type":"","background-media":"","overlay-type":"","overlay-color":"","overlay-opacity":"","overlay-gradient":""},"tablet":{"background-color":"var(--ast-global-color-5)","background-image":"","background-repeat":"repeat","background-position":"center center","background-size":"auto","background-attachment":"scroll","background-type":"","background-media":"","overlay-type":"","overlay-color":"","overlay-opacity":"","overlay-gradient":""},"mobile":{"background-color":"var(--ast-global-color-5)","background-image":"","background-repeat":"repeat","background-position":"center center","background-size":"auto","background-attachment":"scroll","background-type":"","background-media":"","overlay-type":"","overlay-color":"","overlay-opacity":"","overlay-gradient":""}},"_joinchat":[]},"product_brand":[],"product_cat":[15,254,61,27,25,123,293,30,26,28,295,137,136,135,287],"product_tag":[99,111,105,54,113],"class_list":{"0":"post-2238","1":"product","2":"type-product","3":"status-publish","4":"has-post-thumbnail","6":"product_cat-new-vape-this-week","7":"product_cat-12000-puff-disposable-vape","8":"product_cat-15000-puffs-disposable-vapes","9":"product_cat-fance-hot-sale-vape","10":"product_cat-germany-best-selling-vape","11":"product_cat-italy-wholesale-vape","12":"product_cat-low-nicotine-disposable-vapes","13":"product_cat-minimum-order-quantity-50pcs","14":"product_cat-netherlands-hot-sale-vape","15":"product_cat-poland-hot-sale-vape","16":"product_cat-rechargeable-disposable-vapes","17":"product_cat-rechargeable-vapes","18":"product_cat-smart-screen-vapes","19":"product_cat-spain-best-hot-sale-vape","20":"product_cat-uzy-vape","21":"product_tag-disposable-vape-wholesale","22":"product_tag-low-nicotine-disposable-vape","23":"product_tag-nicotine-free-disposable-vape","24":"product_tag-rechargeable-disposable-vape","25":"product_tag-uzy-bang-king-12000","26":"desktop-align-left","27":"tablet-align-left","28":"mobile-align-left","30":"first","31":"instock","32":"sale","33":"shipping-taxable","34":"purchasable","35":"product-type-simple"},"uagb_featured_image_src":{"full":["https:\/\/rmvapesale.com\/wp-content\/uploads\/2024\/09\/Uzy-Bang-King-12000-Puffs-Vape-Pen.jpg",808,808,false],"thumbnail":["https:\/\/rmvapesale.com\/wp-content\/uploads\/2024\/09\/Uzy-Bang-King-12000-Puffs-Vape-Pen-150x150.jpg",150,150,true],"medium":["https:\/\/rmvapesale.com\/wp-content\/uploads\/2024\/09\/Uzy-Bang-King-12000-Puffs-Vape-Pen-300x300.jpg",300,300,true],"medium_large":["https:\/\/rmvapesale.com\/wp-content\/uploads\/2024\/09\/Uzy-Bang-King-12000-Puffs-Vape-Pen-768x768.jpg",768,768,true],"large":["https:\/\/rmvapesale.com\/wp-content\/uploads\/2024\/09\/Uzy-Bang-King-12000-Puffs-Vape-Pen.jpg",808,808,false],"1536x1536":["https:\/\/rmvapesale.com\/wp-content\/uploads\/2024\/09\/Uzy-Bang-King-12000-Puffs-Vape-Pen.jpg",808,808,false],"2048x2048":["https:\/\/rmvapesale.com\/wp-content\/uploads\/2024\/09\/Uzy-Bang-King-12000-Puffs-Vape-Pen.jpg",808,808,false],"trp-custom-language-flag":["https:\/\/rmvapesale.com\/wp-content\/uploads\/2024\/09\/Uzy-Bang-King-12000-Puffs-Vape-Pen.jpg",12,12,false],"woocommerce_thumbnail":["https:\/\/rmvapesale.com\/wp-content\/uploads\/2024\/09\/Uzy-Bang-King-12000-Puffs-Vape-Pen-300x300.jpg",300,300,true],"woocommerce_single":["https:\/\/rmvapesale.com\/wp-content\/uploads\/2024\/09\/Uzy-Bang-King-12000-Puffs-Vape-Pen-600x600.jpg",600,600,true],"woocommerce_gallery_thumbnail":["https:\/\/rmvapesale.com\/wp-content\/uploads\/2024\/09\/Uzy-Bang-King-12000-Puffs-Vape-Pen-100x100.jpg",100,100,true],"wcpr-photo-reviews":["https:\/\/rmvapesale.com\/wp-content\/uploads\/2024\/09\/Uzy-Bang-King-12000-Puffs-Vape-Pen.jpg",500,500,false]},"uagb_author_info":{"display_name":"AMY","author_link":"https:\/\/rmvapesale.com\/lv\/author\/"},"uagb_comment_info":0,"uagb_excerpt":"UZY Bang King 12000 Puffs Rechargeable Disposable Pod UZY Bang King 12000 Puffs 0% 2% 3% 5% Nicotine Authentic UZY Bang King 12k Puff Disposable Vapes Contact Amy For More Discount And Right Reply WhatsApp: +86 17776015835","_links":{"self":[{"href":"https:\/\/rmvapesale.com\/lv\/wp-json\/wp\/v2\/product\/2238","targetHints":{"allow":["GET"]}}],"collection":[{"href":"https:\/\/rmvapesale.com\/lv\/wp-json\/wp\/v2\/product"}],"about":[{"href":"https:\/\/rmvapesale.com\/lv\/wp-json\/wp\/v2\/types\/product"}],"replies":[{"embeddable":true,"href":"https:\/\/rmvapesale.com\/lv\/wp-json\/wp\/v2\/comments?post=2238"}],"wp:featuredmedia":[{"embeddable":true,"href":"https:\/\/rmvapesale.com\/lv\/wp-json\/wp\/v2\/media\/2234"}],"wp:attachment":[{"href":"https:\/\/rmvapesale.com\/lv\/wp-json\/wp\/v2\/media?parent=2238"}],"wp:term":[{"taxonomy":"product_brand","embeddable":true,"href":"https:\/\/rmvapesale.com\/lv\/wp-json\/wp\/v2\/product_brand?post=2238"},{"taxonomy":"product_cat","embeddable":true,"href":"https:\/\/rmvapesale.com\/lv\/wp-json\/wp\/v2\/product_cat?post=2238"},{"taxonomy":"product_tag","embeddable":true,"href":"https:\/\/rmvapesale.com\/lv\/wp-json\/wp\/v2\/product_tag?post=2238"}],"curies":[{"name":"wp","href":"https:\/\/api.w.org\/{rel}","templated":true}]}}