{"id":2262,"date":"2024-09-30T05:53:05","date_gmt":"2024-09-30T05:53:05","guid":{"rendered":"https:\/\/rmvapesale.com\/?post_type=product&#038;p=2262"},"modified":"2025-01-21T09:57:10","modified_gmt":"2025-01-21T09:57:10","slug":"uzy-qute-800-puffs-disposable-vape-original-wholesale","status":"publish","type":"product","link":"https:\/\/rmvapesale.com\/lv\/product\/uzy-qute-800-puffs-disposable-vape-original-wholesale\/","title":{"rendered":"UZY QUTE 800 Puffs vienreiz\u0113j\u0101s lieto\u0161anas veips ori\u0123in\u0101ls vairumtirdzniec\u012bba"},"content":{"rendered":"<div class=\"B2VR9 CJHX3e\">\n<div class=\"wyccme\">\n<h1 class=\"LC20lb MBeuO DKV0Md\">UZY QUTE 800 Puffs vienreiz\u0113j\u0101s lieto\u0161anas veips ori\u0123in\u0101ls vairumtirdzniec\u012bba<\/h1>\n<p>\u0160is <strong>UZY QUTE 800 uzp\u016btieni<\/strong>\u00a0ir gluds, kompakts vienreiz\u0113j\u0101s lieto\u0161anas vape, kas pied\u0101v\u0101 <strong>800 uzp\u016btienus<\/strong> gar\u0161as baud\u012bjuma. Izstr\u0101d\u0101ts \u0113rt\u012bb\u0101m, atrodoties ce\u013c\u0101, t\u0101 aktiviz\u0113\u0161ana bez pog\u0101m padara tvaic\u0113\u0161anu bez piep\u016bles \u2013 vienk\u0101r\u0161i ieelpojiet, lai baud\u012btu bag\u0101t\u012bgu gar\u0161u. Neatkar\u012bgi no t\u0101, vai dodat priek\u0161roku aug\u013cu mais\u012bjumiem vai atsvaidzino\u0161ai piparm\u0113trai, katrs uzp\u016btiens nodro\u0161ina vienm\u0113r\u012bgu un apmierino\u0161u pieredzi. Ar savu stil\u012bgo dizainu un lietot\u0101jam draudz\u012bgo funkcionalit\u0101ti <strong>UZY QUTE 800 uzp\u016btieni vienreiz\u0113j\u0101s lieto\u0161anas vape pod<\/strong>\u00a0uzst\u0101da jaunu etalonu kompaktiem vienreiz\u0113j\u0101s lieto\u0161anas veipiem, kas ir ide\u0101li piem\u0113roti lietot\u0101jiem, kuri nov\u0113rt\u0113 gan \u0113rt\u012bbas, gan veiktsp\u0113ju.<\/p>\n<\/div>\n<\/div>\n<p><strong>Sazinieties ar Eimiju, lai sa\u0146emtu pareizu atbildi un vair\u0101k produktu video!<\/strong><\/p>\n<p><img loading=\"lazy\" decoding=\"async\" class=\"size-full wp-image-1978\" src=\"https:\/\/rmvapesale.com\/wp-content\/uploads\/2024\/09\/Disposable-Vape-Wholesale.jpg\" alt=\"Vienreiz\u0113jais vape vairumtirdzniec\u012bba\" width=\"229\" height=\"300\" \/><\/p>\n<h3><span style=\"color: #ff0000\"><strong>WhatsApp: +86 17776015835<\/strong><\/span><\/h3>\n<p>&nbsp;<\/p>\n<h2><\/h2>\n<h2>UZY QUTE 800 uzp\u016btieni vienreiz\u0113j\u0101s lieto\u0161anas vape galven\u0101s iez\u012bmes<\/h2>\n<p>\u0160\u0137idrums: 3ML<br \/>\nAkumulators: 500mAh<br \/>\nMFD: skat\u012bt uz iepakojuma<br \/>\nIepakojums: 1 kaste ar 10 gabaliem<br \/>\nNikot\u012bna saturs: 0%-2%-3%-5% (p\u0113c izv\u0113les)<br \/>\n1,2 omu t\u012bkla spole<br \/>\nLED kr\u0101su gaisma<\/p>\n<figure id=\"attachment_2257\" aria-describedby=\"caption-attachment-2257\" style=\"width: 800px\" class=\"wp-caption alignnone\"><img loading=\"lazy\" decoding=\"async\" class=\"wp-image-2257 size-full\" src=\"https:\/\/rmvapesale.com\/wp-content\/uploads\/2024\/09\/UZY-Qute-800-puffs-Disposeble-Vape.jpg\" alt=\"UZY Qute 800 uzp\u016btieni vienreiz\u0113j\u0101s lieto\u0161anas vape\" width=\"800\" height=\"800\" srcset=\"https:\/\/rmvapesale.com\/wp-content\/uploads\/2024\/09\/UZY-Qute-800-puffs-Disposeble-Vape.jpg 800w, https:\/\/rmvapesale.com\/wp-content\/uploads\/2024\/09\/UZY-Qute-800-puffs-Disposeble-Vape-300x300.jpg 300w, https:\/\/rmvapesale.com\/wp-content\/uploads\/2024\/09\/UZY-Qute-800-puffs-Disposeble-Vape-150x150.jpg 150w, https:\/\/rmvapesale.com\/wp-content\/uploads\/2024\/09\/UZY-Qute-800-puffs-Disposeble-Vape-768x768.jpg 768w, https:\/\/rmvapesale.com\/wp-content\/uploads\/2024\/09\/UZY-Qute-800-puffs-Disposeble-Vape-600x600.jpg 600w, https:\/\/rmvapesale.com\/wp-content\/uploads\/2024\/09\/UZY-Qute-800-puffs-Disposeble-Vape-100x100.jpg 100w\" sizes=\"auto, (max-width: 800px) 100vw, 800px\" \/><figcaption id=\"caption-attachment-2257\" class=\"wp-caption-text\">UZY Qute 800 uzp\u016btieni vienreiz\u0113j\u0101s lieto\u0161anas vape<\/figcaption><\/figure>\n<h2><strong>Popul\u0101r\u0101k\u0101s gar\u0161as UZY QUTE 800 uzp\u016btieniem<\/strong><\/h2>\n<p>UZY Vaper 9000 dvesin\u0101\u0161anas reizes vienreizlietojamais veips pied\u0101v\u0101 20 gardas gar\u0161as. Izv\u0113lieties no da\u017e\u0101d\u0101m gar\u0161\u0101m, ieskaitot klasisko tabaku, atsvaidzino\u0161u v\u0113su piparm\u0113tru un eksotisko mango saldumu, katra no t\u0101m sola bag\u0101t\u012bgu un apmierino\u0161u ce\u013cojumu ar katru dvesin\u0101\u0161anas reizi.<\/p>\n<p>1.Kivi un pasifloru aug\u013ci<br \/>\n2.Zil\u0101s avenes ledus<span style=\"color: #ff0000\"><strong>&gt;&gt;&gt;&gt;Karsts!<\/strong><\/span><br \/>\n3. Arb\u016bzu ledus<br \/>\n4.Citronu piparm\u0113tra<br \/>\n5.Tr\u012bsk\u0101r\u0161s mango<br \/>\n6. Jauktas ogas<br \/>\n7.V\u012bnogu ledus<br \/>\n8. Zeme\u0146u ledus<br \/>\n9.Kolas ledus<br \/>\n10.Redbull ledus<span style=\"color: #ff0000\"><strong>&gt;&gt;&gt;&gt;Lab\u0101kais!<\/strong><\/span><\/p>\n<p>&nbsp;<\/p>\n<h2><strong>Jaut\u0101jumi, kurus j\u016bs var\u0113tu v\u0113l\u0113ties uzzin\u0101t par UZY QUTE 800 dvesmu vape pod<\/strong><\/h2>\n<p>&nbsp;<\/p>\n<div class=\"flex-shrink-0 flex flex-col relative items-end\">\n<div>\n<div class=\"pt-0\">\n<div class=\"gizmo-bot-avatar flex h-8 w-8 items-center justify-center overflow-hidden rounded-full\">\n<div class=\"relative p-1 rounded-sm flex items-center justify-center bg-token-main-surface-primary text-token-text-primary h-8 w-8\"><\/div>\n<\/div>\n<\/div>\n<\/div>\n<\/div>\n<div class=\"group\/conversation-turn relative flex w-full min-w-0 flex-col agent-turn\">\n<div class=\"flex-col gap-1 md:gap-3\">\n<div class=\"flex max-w-full flex-col flex-grow\">\n<div class=\"min-h-8 text-message flex w-full flex-col items-end gap-2 whitespace-normal break-words [.text-message+&amp;]:mt-5\" dir=\"auto\" data-message-author-role=\"assistant\" data-message-id=\"f226d3fc-81f3-46d5-8c46-31787fff0357\">\n<div class=\"flex w-full flex-col gap-1 empty:hidden first:pt-[3px]\">\n<div class=\"markdown prose w-full break-words dark:prose-invert light\">\n<p><strong>1.Cik dvesmu nodro\u0161ina UZY QUTE 800 dvesmu<\/strong><strong> vape?<\/strong><br \/>\nUZY QUTE 800 dvesmu nodro\u0161ina l\u012bdz 800 dvesm\u0101m, kas iev\u0113rojami p\u0101rsniedz tipisku vienreizlietojamo vape ier\u012b\u010du jaudu.<\/p>\n<p><strong>2.K\u0101das gar\u0161as ir pieejamas UZY QUTE 800 dvesmu vape pildspalvai?<\/strong><br \/>\nPopul\u0101r\u0101k\u0101s gar\u0161as ir kivi marakuja, zil\u0101 ave\u0146u ledus, arb\u016bzu ledus, citronu piparm\u0113tra, jaukti u.c.<\/p>\n<p><strong>3.Vai UZY QUTE 800 dvesmas ir piem\u0113rotas ies\u0101c\u0113jiem?<\/strong><br \/>\nJ\u0101, tas ir ide\u0101li piem\u0113rots ies\u0101c\u0113jiem ar savu vienk\u0101r\u0161o dizainu bez pog\u0101m \u2013 vienk\u0101r\u0161i ieelpojiet, lai s\u0101ktu tvaic\u0113t.<\/p>\n<p><strong>4.K\u0101 man uzglab\u0101t savu vienreizlietojamo tvaic\u0113t\u0101ju?<\/strong><br \/>\nUzglab\u0101jiet ier\u012bci v\u0113s\u0101, saus\u0101 viet\u0101, prom no tie\u0161iem saules stariem, k\u0101 ar\u012b b\u0113rniem un m\u0101jdz\u012bvniekiem nepieejam\u0101 viet\u0101.<\/p>\n<p><strong>5.Cik ilgi kalpo UZY QUTE 800 dvesmas?<\/strong><br \/>\nAr 800 dvesmu ietilp\u012bbu UZY QUTE 800 dvesmas var kalpot vair\u0101kas dienas, atkar\u012bb\u0101 no lieto\u0161anas.<\/p>\n<\/div>\n<\/div>\n<\/div>\n<\/div>\n<\/div>\n<\/div>\n<p>&nbsp;<\/p>\n<h3><b>Bie\u017e\u0101k uzdotie jaut\u0101jumi<\/b><\/h3>\n<p>&nbsp;<\/p>\n<div class=\"flex-shrink-0 flex flex-col relative items-end\">\n<div>\n<div class=\"pt-0\">\n<div class=\"gizmo-bot-avatar flex h-8 w-8 items-center justify-center overflow-hidden rounded-full\">\n<div class=\"relative p-1 rounded-sm flex items-center justify-center bg-token-main-surface-primary text-token-text-primary h-8 w-8\"><strong>K\u0101das pieg\u0101des metodes tiek izmantotas?<\/strong><\/div>\n<\/div>\n<\/div>\n<\/div>\n<\/div>\n<div class=\"group\/conversation-turn relative flex w-full min-w-0 flex-col agent-turn\">\n<div class=\"flex-col gap-1 md:gap-3\">\n<div class=\"flex max-w-full flex-col flex-grow\">\n<div class=\"min-h-[20px] text-message flex w-full flex-col items-end gap-2 whitespace-normal break-words [.text-message+&amp;]:mt-5 overflow-x-auto\" dir=\"auto\" data-message-author-role=\"assistant\" data-message-id=\"22f8283b-3233-46ff-89a5-c7a41b33abda\">\n<div class=\"flex w-full flex-col gap-1 empty:hidden first:pt-[3px]\">\n<div class=\"markdown prose w-full break-words dark:prose-invert light\">\n<p>M\u0113s sadarbojamies ar UPS, DHL, FedEx, DPD un citiem vado\u0161ajiem p\u0101rvad\u0101t\u0101jiem. M\u0113s izv\u0113l\u0113simies lab\u0101ko pieg\u0101des veidu, pamatojoties uz j\u016bsu pieg\u0101des vietu, lai nodro\u0161in\u0101tu, ka j\u016bs sa\u0146emat savus produktus p\u0113c iesp\u0113jas \u0101tr\u0101k.<\/p>\n<\/div>\n<p><strong>Cik ilgs laiks paiet, l\u012bdz tas tiek pieg\u0101d\u0101ts?<\/strong><\/p>\n<p>Pieg\u0101des uz Latviju parasti ierodas 10 darba dienu laik\u0101. Pieg\u0101de uz Eiropas valst\u012bm parasti aiz\u0146em apm\u0113ram 12-15 darba dienas. M\u0113s nodro\u0161in\u0101sim re\u0101llaika atjaunin\u0101jumus par j\u016bsu pieg\u0101des statusu.<\/p>\n<\/div>\n<p><strong>Garantija<\/strong><\/p>\n<p><span style=\"color: #ff0000\"><strong>Visi m\u016bsu veikala produkti ir garant\u0113ti 100% ori\u0123in\u0101li un autentiski. M\u0113s pied\u0101v\u0101jam 10 rei\u017eu kompens\u0101ciju par viltot\u0101m prec\u0113m!<\/strong><\/span><\/p>\n<div class=\"flex w-full flex-col gap-1 empty:hidden first:pt-[3px]\">\n<p>&nbsp;<\/p>\n<\/div>\n<\/div>\n<\/div>\n<\/div>\n<\/div>\n<p>&nbsp;<\/p>\n<p>Citi popul\u0101ri vape, kas jums var\u0113tu patikt:<\/p>\n<p>&nbsp;<\/p>\n<p><a href=\"https:\/\/rmvapesale.com\/lv\/product\/original-randm-vape-digital-puff-12000-fumot-factory-price\/\"><strong>VOZOL Gear 20000 uzp\u016btieni\u00a0 <span style=\"color: #ff0000\">&gt;&gt;&gt;&gt;uz priek\u0161u!<\/span><\/strong><\/a><\/p>\n<p><strong><a href=\"https:\/\/rmvapesale.com\/lv\/product\/uzy-vaper-9000-puffs-disposable-vape-pod-wholesale\/\">UZY Vaper 9000 uzp\u016btieni <span style=\"color: #ff0000\">&gt;&gt;&gt;&gt;uz priek\u0161u!<\/span><\/a>\u00a0<\/strong><\/p>\n<p><a href=\"https:\/\/rmvapesale.com\/lv\/product\/vapme-crystal-7000-puffs-rechargeable-disposable-vape-price\/\"><strong>Vapme Crystal 7000 uzp\u016btieni <span style=\"color: #ff0000\">&gt;&gt;&gt;&gt;uz priek\u0161u!<\/span><\/strong><\/a><\/p>\n<p>&nbsp;<\/p>\n<p>&nbsp;<\/p>\n<p>Atrodiet vair\u0101k Vape produktu, kas jums var\u0113tu patikt:<strong><em><a href=\"https:\/\/rmvapesale.com\/lv\/shop-2\/\">iepirkties tagad &gt;&gt;&gt;<\/a><\/em><\/strong><\/p>","protected":false},"excerpt":{"rendered":"<p>Vairumtirdzniec\u012bba Uzy Qute 800 uzp\u016btieni vienreiz\u0113j\u0101s lieto\u0161anas e-cigaretes<br \/>\nUZY QUTE 800 uzp\u016btieni 0% 2% 3% 5% nikot\u012bna vienreiz\u0113j\u0101s lieto\u0161anas<br \/>\nUZY Qute 800 uzp\u016btieni vienreiz\u0113j\u0101s lieto\u0161anas vape pod ier\u012bce<\/p>\n<p><img loading=\"lazy\" decoding=\"async\" class=\"size-full wp-image-1978\" src=\"https:\/\/rmvapesale.com\/wp-content\/uploads\/2024\/09\/Disposable-Vape-Wholesale.jpg\" alt=\"Vienreiz\u0113jais vape vairumtirdzniec\u012bba\" width=\"229\" height=\"300\" \/><\/p>\n<h3><span style=\"color: #ff0000\"><strong>WhatsApp: +86 17776015835<\/strong><\/span><\/h3>\n<p>&nbsp;<\/p>","protected":false},"featured_media":2260,"comment_status":"open","ping_status":"closed","template":"","meta":{"_uag_custom_page_level_css":"","_lmt_disableupdate":"no","_lmt_disable":"","site-sidebar-layout":"default","site-content-layout":"content-boxed-container","ast-site-content-layout":"normal-width-container","site-content-style":"boxed","site-sidebar-style":"unboxed","ast-global-header-display":"","ast-banner-title-visibility":"","ast-main-header-display":"","ast-hfb-above-header-display":"","ast-hfb-below-header-display":"","ast-hfb-mobile-header-display":"","site-post-title":"","ast-breadcrumbs-content":"","ast-featured-img":"","footer-sml-layout":"","theme-transparent-header-meta":"default","adv-header-id-meta":"","stick-header-meta":"","header-above-stick-meta":"","header-main-stick-meta":"","header-below-stick-meta":"","astra-migrate-meta-layouts":"set","ast-page-background-enabled":"default","ast-page-background-meta":{"desktop":{"background-color":"var(--ast-global-color-4)","background-image":"","background-repeat":"repeat","background-position":"center center","background-size":"auto","background-attachment":"scroll","background-type":"","background-media":"","overlay-type":"","overlay-color":"","overlay-opacity":"","overlay-gradient":""},"tablet":{"background-color":"","background-image":"","background-repeat":"repeat","background-position":"center center","background-size":"auto","background-attachment":"scroll","background-type":"","background-media":"","overlay-type":"","overlay-color":"","overlay-opacity":"","overlay-gradient":""},"mobile":{"background-color":"","background-image":"","background-repeat":"repeat","background-position":"center center","background-size":"auto","background-attachment":"scroll","background-type":"","background-media":"","overlay-type":"","overlay-color":"","overlay-opacity":"","overlay-gradient":""}},"ast-content-background-meta":{"desktop":{"background-color":"var(--ast-global-color-5)","background-image":"","background-repeat":"repeat","background-position":"center center","background-size":"auto","background-attachment":"scroll","background-type":"","background-media":"","overlay-type":"","overlay-color":"","overlay-opacity":"","overlay-gradient":""},"tablet":{"background-color":"var(--ast-global-color-5)","background-image":"","background-repeat":"repeat","background-position":"center center","background-size":"auto","background-attachment":"scroll","background-type":"","background-media":"","overlay-type":"","overlay-color":"","overlay-opacity":"","overlay-gradient":""},"mobile":{"background-color":"var(--ast-global-color-5)","background-image":"","background-repeat":"repeat","background-position":"center center","background-size":"auto","background-attachment":"scroll","background-type":"","background-media":"","overlay-type":"","overlay-color":"","overlay-opacity":"","overlay-gradient":""}},"_joinchat":[]},"product_brand":[],"product_cat":[15,294,287,25,123,26,28,135,27,30],"product_tag":[66,99,111,117,116],"class_list":{"0":"post-2262","1":"product","2":"type-product","3":"status-publish","4":"has-post-thumbnail","6":"product_cat-new-vape-this-week","7":"product_cat-mini-puffs-disposable-vapes","8":"product_cat-uzy-vape","9":"product_cat-germany-best-selling-vape","10":"product_cat-italy-wholesale-vape","11":"product_cat-netherlands-hot-sale-vape","12":"product_cat-poland-hot-sale-vape","13":"product_cat-spain-best-hot-sale-vape","14":"product_cat-fance-hot-sale-vape","15":"product_cat-minimum-order-quantity-50pcs","16":"product_tag-disposable-vape","17":"product_tag-disposable-vape-wholesale","18":"product_tag-low-nicotine-disposable-vape","19":"product_tag-uzy-vape","20":"product_tag-vapes","21":"desktop-align-left","22":"tablet-align-left","23":"mobile-align-left","25":"first","26":"instock","27":"sale","28":"shipping-taxable","29":"purchasable","30":"product-type-simple"},"uagb_featured_image_src":{"full":["https:\/\/rmvapesale.com\/wp-content\/uploads\/2024\/09\/UZY-QUTE-800-Puffs-Wholesale.jpg",800,800,false],"thumbnail":["https:\/\/rmvapesale.com\/wp-content\/uploads\/2024\/09\/UZY-QUTE-800-Puffs-Wholesale-150x150.jpg",150,150,true],"medium":["https:\/\/rmvapesale.com\/wp-content\/uploads\/2024\/09\/UZY-QUTE-800-Puffs-Wholesale-300x300.jpg",300,300,true],"medium_large":["https:\/\/rmvapesale.com\/wp-content\/uploads\/2024\/09\/UZY-QUTE-800-Puffs-Wholesale-768x768.jpg",768,768,true],"large":["https:\/\/rmvapesale.com\/wp-content\/uploads\/2024\/09\/UZY-QUTE-800-Puffs-Wholesale.jpg",800,800,false],"1536x1536":["https:\/\/rmvapesale.com\/wp-content\/uploads\/2024\/09\/UZY-QUTE-800-Puffs-Wholesale.jpg",800,800,false],"2048x2048":["https:\/\/rmvapesale.com\/wp-content\/uploads\/2024\/09\/UZY-QUTE-800-Puffs-Wholesale.jpg",800,800,false],"trp-custom-language-flag":["https:\/\/rmvapesale.com\/wp-content\/uploads\/2024\/09\/UZY-QUTE-800-Puffs-Wholesale.jpg",12,12,false],"woocommerce_thumbnail":["https:\/\/rmvapesale.com\/wp-content\/uploads\/2024\/09\/UZY-QUTE-800-Puffs-Wholesale-300x300.jpg",300,300,true],"woocommerce_single":["https:\/\/rmvapesale.com\/wp-content\/uploads\/2024\/09\/UZY-QUTE-800-Puffs-Wholesale-600x600.jpg",600,600,true],"woocommerce_gallery_thumbnail":["https:\/\/rmvapesale.com\/wp-content\/uploads\/2024\/09\/UZY-QUTE-800-Puffs-Wholesale-100x100.jpg",100,100,true],"wcpr-photo-reviews":["https:\/\/rmvapesale.com\/wp-content\/uploads\/2024\/09\/UZY-QUTE-800-Puffs-Wholesale.jpg",500,500,false]},"uagb_author_info":{"display_name":"AMY","author_link":"https:\/\/rmvapesale.com\/lv\/author\/"},"uagb_comment_info":0,"uagb_excerpt":"Wholesale Uzy Qute 800 Puff Disposable E Cigarettes UZY QUTE 800 Puffs 0% 2% 3% 5% Nicotine Disposable UZY Qute 800 Puffs Disposable Vape Pod Device WhatsApp: +86 17776015835 &nbsp;","_links":{"self":[{"href":"https:\/\/rmvapesale.com\/lv\/wp-json\/wp\/v2\/product\/2262","targetHints":{"allow":["GET"]}}],"collection":[{"href":"https:\/\/rmvapesale.com\/lv\/wp-json\/wp\/v2\/product"}],"about":[{"href":"https:\/\/rmvapesale.com\/lv\/wp-json\/wp\/v2\/types\/product"}],"replies":[{"embeddable":true,"href":"https:\/\/rmvapesale.com\/lv\/wp-json\/wp\/v2\/comments?post=2262"}],"wp:featuredmedia":[{"embeddable":true,"href":"https:\/\/rmvapesale.com\/lv\/wp-json\/wp\/v2\/media\/2260"}],"wp:attachment":[{"href":"https:\/\/rmvapesale.com\/lv\/wp-json\/wp\/v2\/media?parent=2262"}],"wp:term":[{"taxonomy":"product_brand","embeddable":true,"href":"https:\/\/rmvapesale.com\/lv\/wp-json\/wp\/v2\/product_brand?post=2262"},{"taxonomy":"product_cat","embeddable":true,"href":"https:\/\/rmvapesale.com\/lv\/wp-json\/wp\/v2\/product_cat?post=2262"},{"taxonomy":"product_tag","embeddable":true,"href":"https:\/\/rmvapesale.com\/lv\/wp-json\/wp\/v2\/product_tag?post=2262"}],"curies":[{"name":"wp","href":"https:\/\/api.w.org\/{rel}","templated":true}]}}