{"id":2305,"date":"2024-10-09T03:30:01","date_gmt":"2024-10-09T03:30:01","guid":{"rendered":"https:\/\/rmvapesale.com\/?post_type=product&#038;p=2305"},"modified":"2024-10-09T04:01:03","modified_gmt":"2024-10-09T04:01:03","slug":"waspe-fihp-30000-puffs-led-display-disposable-vape-box","status":"publish","type":"product","link":"https:\/\/rmvapesale.com\/lv\/product\/waspe-fihp-30000-puffs-led-display-disposable-vape-box\/","title":{"rendered":"WASPE FIHP 30000 d\u016bmu LED displejs vienreiz\u0113j\u0101s lieto\u0161anas vape kaste"},"content":{"rendered":"<div class=\"B2VR9 CJHX3e\">\n<div class=\"wyccme\">\n<h1 class=\"LC20lb MBeuO DKV0Md\">WASPE FIHP 30000 d\u016bmu LED displejs vienreiz\u0113j\u0101s lieto\u0161anas vape kaste<\/h1>\n<div class=\"flex-shrink-0 flex flex-col relative items-end\">\n<div>\n<div class=\"pt-0\">\n<div class=\"gizmo-bot-avatar flex h-8 w-8 items-center justify-center overflow-hidden rounded-full\">\n<div class=\"relative p-1 rounded-sm flex items-center justify-center bg-token-main-surface-primary text-token-text-primary h-8 w-8\"><\/div>\n<\/div>\n<\/div>\n<\/div>\n<\/div>\n<div class=\"group\/conversation-turn relative flex w-full min-w-0 flex-col agent-turn\">\n<div class=\"flex-col gap-1 md:gap-3\">\n<div class=\"flex max-w-full flex-col flex-grow\">\n<div class=\"min-h-8 text-message flex w-full flex-col items-end gap-2 whitespace-normal break-words [.text-message+&amp;]:mt-5\" dir=\"auto\" data-message-author-role=\"assistant\" data-message-id=\"871c1362-82be-4876-894c-d28f37ffd3d3\">\n<div class=\"flex w-full flex-col gap-1 empty:hidden first:pt-[3px]\">\n<div class=\"markdown prose w-full break-words dark:prose-invert light\">\n<p>Iepaz\u012bstieties ar WASPE FIHP 30000 Puffs LED displeja vienreiz\u0113jo vape kasti\u2014j\u016bsu galvenais vaping partneris! Ar p\u0101rsteidzo\u0161u jaudu l\u012bdz 30 000 pufiem regul\u0101raj\u0101 re\u017e\u012bm\u0101 un 15 000 puls\u0113jo\u0161aj\u0101 re\u017e\u012bm\u0101, j\u016bs gaida ilga pieredze.<\/p>\n<p>\u0160is vape pods ir apr\u012bkots ar dubultu t\u012bkli\u0146u spir\u0101li bag\u0101t\u012bgai gar\u0161ai un iespaid\u012bgai tvaika ra\u017eo\u0161anai. Ar d\u0101snu 28 ml e-\u0161\u0137idruma jaudu, j\u016bs varat baud\u012bt savas iecien\u012bt\u0101s gar\u0161as l\u012bdz pat 30 t\u016bksto\u0161iem pufu. Turkl\u0101t, regul\u0113jama gaisa pl\u016bsma \u013cauj piel\u0101got pieredzi l\u012bdz perfekcijai!<\/p>\n<p>Kas at\u0161\u0137ir WASPE FW 30000 kastes pufus, ir t\u0101s spilgtais LED displejs, kas ne tikai r\u0101da pa\u0161reiz\u0113jos iestat\u012bjumus, bet ar\u012b inform\u0113 par akumulatora un e-\u0161\u0137idruma l\u012bmeni. Vairs nav j\u0101min\u2014palieciet inform\u0113ts!<\/p>\n<p>Izv\u0113lieties savu nikot\u012bna l\u012bmeni\u20140%, 2% vai 5%\u2014lai atbilstu j\u016bsu noska\u0146ojumam. Kad ir laiks uzl\u0101d\u0113t, \u0113rt\u0101 Type-C uzl\u0101de padara to vienk\u0101r\u0161u. Svars tikai 107g, WASPE ir viegls un p\u0101rn\u0113s\u0101jams, ide\u0101ls dz\u012bvei uz skatuves.<\/p>\n<p>Gatavojieties pacelt savu vaping ce\u013cojumu ar WASPE 30000 Puffs LED displeja vienreiz\u0113jo vape kasti!<\/p>\n<p>&nbsp;<\/p>\n<\/div>\n<\/div>\n<\/div>\n<\/div>\n<\/div>\n<\/div>\n<\/div>\n<\/div>\n<p><strong>Sazinieties ar Eimiju, lai sa\u0146emtu pareizu atbildi un vair\u0101k produktu video!<\/strong><\/p>\n<p><img loading=\"lazy\" decoding=\"async\" class=\"size-full wp-image-1978\" src=\"https:\/\/rmvapesale.com\/wp-content\/uploads\/2024\/09\/Disposable-Vape-Wholesale.jpg\" alt=\"Vienreiz\u0113jais vape vairumtirdzniec\u012bba\" width=\"229\" height=\"300\" \/><\/p>\n<h3><a href=\"https:\/\/wa.me\/8617776015835\" target=\"_blank\" rel=\"noopener\"><span style=\"color: #ff0000\"><strong>WhatsApp: +86 17776015835<\/strong><\/span><\/a><\/h3>\n<p>&nbsp;<\/p>\n<h2><\/h2>\n<h2><strong>WASPE FIHP 30000 Puffs Vape kastes galven\u0101s \u012bpa\u0161\u012bbas<\/strong><\/h2>\n<p>&nbsp;<\/p>\n<p>Regul\u0101rs: 30000 pufu<br \/>\nPuls\u0113jo\u0161s: 15000 pufu<br \/>\nDubult\u0101 t\u012bkli\u0146u spir\u0101le: 1ohm+1ohm<br \/>\nE-\u0161\u0137idrums: 28ml<br \/>\nNikot\u012bns: 0%\/2%\/5%<br \/>\nAkumulators: 850mah<br \/>\nRegul\u0113jama gaisa pl\u016bsma<br \/>\nUzl\u0101d\u0113jams: Type-C<br \/>\nLED displejs<\/p>\n<p>&nbsp;<\/p>\n<figure id=\"attachment_2300\" aria-describedby=\"caption-attachment-2300\" style=\"width: 808px\" class=\"wp-caption alignnone\"><img loading=\"lazy\" decoding=\"async\" class=\"wp-image-2300 size-full\" src=\"https:\/\/rmvapesale.com\/wp-content\/uploads\/2024\/10\/FIHP-WASPE-Tornado-30000-puffs-vape-Cheap-Price.jpg\" alt=\"FIHP WASPE Tornado 30000 puffs vape l\u0113ta cena\" width=\"808\" height=\"808\" srcset=\"https:\/\/rmvapesale.com\/wp-content\/uploads\/2024\/10\/FIHP-WASPE-Tornado-30000-puffs-vape-Cheap-Price.jpg 808w, https:\/\/rmvapesale.com\/wp-content\/uploads\/2024\/10\/FIHP-WASPE-Tornado-30000-puffs-vape-Cheap-Price-300x300.jpg 300w, https:\/\/rmvapesale.com\/wp-content\/uploads\/2024\/10\/FIHP-WASPE-Tornado-30000-puffs-vape-Cheap-Price-150x150.jpg 150w, https:\/\/rmvapesale.com\/wp-content\/uploads\/2024\/10\/FIHP-WASPE-Tornado-30000-puffs-vape-Cheap-Price-768x768.jpg 768w, https:\/\/rmvapesale.com\/wp-content\/uploads\/2024\/10\/FIHP-WASPE-Tornado-30000-puffs-vape-Cheap-Price-600x600.jpg 600w, https:\/\/rmvapesale.com\/wp-content\/uploads\/2024\/10\/FIHP-WASPE-Tornado-30000-puffs-vape-Cheap-Price-100x100.jpg 100w\" sizes=\"auto, (max-width: 808px) 100vw, 808px\" \/><figcaption id=\"caption-attachment-2300\" class=\"wp-caption-text\">FIHP WASPE Tornado 30000 puffs vape l\u0113ta cena<\/figcaption><\/figure>\n<h2><strong>Lab\u0101k\u0101 gar\u0161a WASPE FIHP 30000 Puffs LED displeja vienreiz\u0113jai vape kast\u012btei<\/strong><\/h2>\n<p>WASPE 30000 Puffs LED displeja vienreiz\u0113j\u0101 vape kaste pied\u0101v\u0101 16 gardas gar\u0161as, izv\u0113lieties no da\u017e\u0101d\u0101m gar\u0161\u0101m, tostarp klasisko atsvaidzino\u0161o mentolu un eksotisko v\u012bnogu saldumu, katra sol\u012bjums bag\u0101t\u012bgu, apmierino\u0161u pieredzi ar katru pufu.<\/p>\n<p>1. Zeme\u0146u mango<br \/>\n2. Jaukti ogu<span style=\"color: #ff0000\"><strong>&gt;&gt;&gt;&gt; Karsti!<\/strong><\/span><br \/>\n3. Arb\u016bzu ledus<br \/>\n4. Zeme\u0146u arb\u016bzs<br \/>\n5. Zeme\u0146u sarkanais Bulls<span style=\"color: #ff0000\"><strong>&gt;&gt;&gt;&gt; Karsti!<\/strong><\/span><br \/>\n6. Kiwi Passion Fruit Guava<br \/>\n7.V\u012bnogu ledus<br \/>\n8. Dubult\u0101 \u0101bolu ledus<br \/>\n9. Mellenes un ave\u0146u<br \/>\n10. Arb\u016bzs Mango ledus<br \/>\n11. Mellenes ledus<br \/>\n12. Persiku Ogu<br \/>\n13.Zeme\u0146u kivi<br \/>\n14. \u010cerri ledus<br \/>\n15. Zeme\u0146u Superburst \u010cerri<br \/>\n16. Arb\u016bzu ko\u0161\u013c\u0101jam\u0101 gumija<span style=\"color: #ff0000\"><strong>&gt;&gt;&gt;&gt; Viss lab\u0101kais!<\/strong><\/span><\/p>\n<p>&nbsp;<\/p>\n<div class=\"flex-shrink-0 flex flex-col relative items-end\">\n<div>\n<div class=\"pt-0\">\n<div class=\"gizmo-bot-avatar flex h-8 w-8 items-center justify-center overflow-hidden rounded-full\">\n<div class=\"relative p-1 rounded-sm flex items-center justify-center bg-token-main-surface-primary text-token-text-primary h-8 w-8\">\n<h3><b>Bie\u017e\u0101k uzdotie jaut\u0101jumi<\/b><\/h3>\n<p>&nbsp;<\/p>\n<\/div>\n<\/div>\n<\/div>\n<\/div>\n<\/div>\n<div class=\"group\/conversation-turn relative flex w-full min-w-0 flex-col agent-turn\">\n<div class=\"flex-col gap-1 md:gap-3\">\n<div class=\"flex max-w-full flex-col flex-grow\">\n<div class=\"min-h-8 text-message flex w-full flex-col items-end gap-2 whitespace-normal break-words [.text-message+&amp;]:mt-5\" dir=\"auto\" data-message-author-role=\"assistant\" data-message-id=\"f226d3fc-81f3-46d5-8c46-31787fff0357\">\n<div class=\"flex w-full flex-col gap-1 empty:hidden first:pt-[3px]\">\n<div class=\"markdown prose w-full break-words dark:prose-invert light\">\n<p><strong>Q1: K\u0101das nikot\u012bna iesp\u0113jas ir pieejamas WASPE 30000 p\u016b\u0161u vape kast\u0113?<\/strong><br \/>\nA1: J\u016bs varat izv\u0113l\u0113ties no nikot\u012bna l\u012bme\u0146iem 0%, 2% vai 5%, lai atbilstu j\u016bsu v\u0113lm\u0113m.<\/p>\n<p><strong>Q2: Cik p\u016b\u0161us es varu sa\u0146emt no WASPE 30000 p\u016b\u0161u vape kastes?<\/strong><br \/>\nA2: Baudiet l\u012bdz 30 000 p\u016b\u0161iem regul\u0101raj\u0101 re\u017e\u012bm\u0101 un 15 000 p\u016b\u0161us impulsu re\u017e\u012bm\u0101, nodro\u0161inot ilgu apmierin\u0101jumu.<\/p>\n<p><strong>Q3: K\u0101das gar\u0161as tiek pied\u0101v\u0101tas WASPE 30000 Puffs vienreiz\u0113jai vape?<\/strong><br \/>\nA3: Izv\u0113lieties no aizraujo\u0161as gar\u0161u kl\u0101sta, piem\u0113ram, Zeme\u0146u Mango, Sajaukto ogu, Arb\u016bza ledus un daudz ko citu!<\/p>\n<p><strong>Q4: K\u0101 es varu uzraudz\u012bt akumulatora un e-\u0161\u0137idruma l\u012bme\u0146us?<\/strong><br \/>\nA4: WASPE Vape Box LED displejs r\u0101da gan akumulatora darb\u012bbas laiku, gan e-\u0161\u0137idruma l\u012bmeni, vienm\u0113r inform\u0113jot j\u016bs.<\/p>\n<p><strong>Q5: Vai WASPE 30000 Puffs vienreiz\u0113j\u0101 vape ir uzl\u0101d\u0113jama?<\/strong><br \/>\nA5: J\u0101, t\u0101 ir apr\u012bkota ar \u0113rtu Type-C uzl\u0101di, lai viegli uzl\u0101d\u0113tu p\u0113c vajadz\u012bbas.<\/p>\n<p><strong>Q6: K\u0101da ir iepakojuma konfigur\u0101cija lielapjoma pas\u016bt\u012bjumiem?<\/strong><br \/>\nA6: WASPE 30000 Puffs vienreiz\u0113j\u0101 vape ir pieejama lielapjoma pirkumiem, ide\u0101la vairumtirdzniec\u012bbas klientiem.<\/p>\n<p><strong>Q7: Vai es varu ieg\u0101d\u0101ties WASPE FIHP FW 30000 vienreiz\u0113jo vape vairumtirdzniec\u012bb\u0101?<\/strong><br \/>\nA7: Absol\u016bti! M\u0113s pied\u0101v\u0101jam WASPE FIHP FW 30000 Vienreiz\u0113j\u0101s Vape lielapjoma un vairumtirdzniec\u012bbas opcij\u0101m.<\/p>\n<p><strong>Q8: Cik maks\u0101 WASPE 30000 P\u016b\u0161\u013cu Vape kaste lielapjoma pirkumiem?<\/strong><br \/>\nA8: Par cenu deta\u013c\u0101m par WASPE 30000 P\u016b\u0161\u013cu Vienreiz\u0113j\u0101s Vape lielapjomu, l\u016bdzu, sazinieties ar mums tie\u0161i.<\/p>\n<p><strong>Q9: Kas padara WASPE 30000 P\u016b\u0161\u013cu Vape kasti ide\u0101lu mazumtirgot\u0101jiem?<\/strong><br \/>\nA9: Ar t\u0101s iespaid\u012bgo p\u016b\u0161\u013cu kapacit\u0101ti, da\u017e\u0101d\u0101m gar\u0161\u0101m un pievilc\u012bgu dizainu, t\u0101 ir ide\u0101la izv\u0113le, lai piesaist\u012btu klientus.<\/p>\n<p><strong>Q10: K\u0101ds ir WASPE Vape kastes svars?<\/strong><br \/>\nA10: WASPE Vape kaste ir viegla \u2013 tikai 107g, padarot to viegli p\u0101rn\u0113s\u0101jamu ikdienas vapingam.<\/p>\n<\/div>\n<\/div>\n<\/div>\n<\/div>\n<\/div>\n<\/div>\n<p>&nbsp;<\/p>\n<h3><\/h3>\n<h3>Par s\u016bt\u012bjumu<\/h3>\n<div class=\"flex-shrink-0 flex flex-col relative items-end\">\n<div>\n<div class=\"pt-0\">\n<div class=\"gizmo-bot-avatar flex h-8 w-8 items-center justify-center overflow-hidden rounded-full\">\n<div><\/div>\n<div class=\"relative p-1 rounded-sm flex items-center justify-center bg-token-main-surface-primary text-token-text-primary h-8 w-8\"><strong>1. K\u0101das pieg\u0101des metodes tiek izmantotas?<\/strong><\/div>\n<\/div>\n<\/div>\n<\/div>\n<\/div>\n<div class=\"group\/conversation-turn relative flex w-full min-w-0 flex-col agent-turn\">\n<div class=\"flex-col gap-1 md:gap-3\">\n<div class=\"flex max-w-full flex-col flex-grow\">\n<div class=\"min-h-[20px] text-message flex w-full flex-col items-end gap-2 whitespace-normal break-words [.text-message+&amp;]:mt-5 overflow-x-auto\" dir=\"auto\" data-message-author-role=\"assistant\" data-message-id=\"22f8283b-3233-46ff-89a5-c7a41b33abda\">\n<div class=\"flex w-full flex-col gap-1 empty:hidden first:pt-[3px]\">\n<div class=\"markdown prose w-full break-words dark:prose-invert light\">\n<p>M\u0113s sadarbojamies ar UPS, DHL, FedEx, DPD un citiem vado\u0161ajiem p\u0101rvad\u0101t\u0101jiem. M\u0113s izv\u0113l\u0113simies lab\u0101ko pieg\u0101des veidu, pamatojoties uz j\u016bsu pieg\u0101des vietu, lai nodro\u0161in\u0101tu, ka j\u016bs sa\u0146emat savus produktus p\u0113c iesp\u0113jas \u0101tr\u0101k.<\/p>\n<\/div>\n<p><strong>2. Cik ilgs laiks paiet, l\u012bdz tas pien\u0101k?<\/strong><\/p>\n<p>Pieg\u0101des uz Latviju parasti ierodas 10 darba dienu laik\u0101. Pieg\u0101de uz Eiropas valst\u012bm parasti aiz\u0146em apm\u0113ram 12-15 darba dienas. M\u0113s nodro\u0161in\u0101sim re\u0101llaika atjaunin\u0101jumus par j\u016bsu pieg\u0101des statusu.<\/p>\n<\/div>\n<p><strong>3. Garantija<\/strong><\/p>\n<p><span style=\"color: #ff0000\"><strong>Visi m\u016bsu veikala produkti ir garant\u0113ti 100% ori\u0123in\u0101li un autentiski. M\u0113s pied\u0101v\u0101jam 10 rei\u017eu kompens\u0101ciju par viltot\u0101m prec\u0113m!<\/strong><\/span><\/p>\n<div class=\"flex w-full flex-col gap-1 empty:hidden first:pt-[3px]\">\n<p>&nbsp;<\/p>\n<\/div>\n<\/div>\n<\/div>\n<\/div>\n<\/div>\n<p>&nbsp;<\/p>\n<p>Citi popul\u0101ri vape, kas jums var\u0113tu patikt:<\/p>\n<p><a href=\"https:\/\/rmvapesale.com\/lv\/product\/uwin-crystal-10000-puff-disposable-vape-wholesale-price\/\"><strong>UWIN CRYSTAL 10000 P\u016b\u0161\u013cu\u00a0 \u00a0<span style=\"color: #ff0000\">&gt;&gt;&gt;&gt; uz priek\u0161u!<\/span><\/strong><\/a><\/p>\n<p><strong><a href=\"https:\/\/rmvapesale.com\/lv\/product\/aivono-aim-boom-25000-puffs-smart-screen-disposable-vape\/\">Aivono Aim Boom 25000 P\u016b\u0161\u013cu Gudrs Ekr\u0101ns P\u016b\u0161\u013ci <span style=\"color: #ff0000\">&gt;&gt;&gt;&gt; uz priek\u0161u!<\/span><\/a>\u00a0<\/strong><\/p>\n<p><a href=\"https:\/\/rmvapesale.com\/lv\/product\/uzy-crystal-pro-max-10k-puffs-disposable-vape-pen-wholesale\/\"><strong>UZY Crystal Pro Max 10k Puffs <span style=\"color: #ff0000\">&gt;&gt;&gt;&gt; uz priek\u0161u!<\/span><\/strong><\/a><\/p>\n<p>&nbsp;<\/p>\n<p>&nbsp;<\/p>\n<p>Atrodiet vair\u0101k Vape produktu, kas jums var\u0113tu patikt:<strong><em><a href=\"https:\/\/rmvapesale.com\/lv\/shop-2\/\">iepirkties tagad &gt;&gt;&gt;<\/a><\/em><\/strong><\/p>","protected":false},"excerpt":{"rendered":"<p>WASPE FIHP 30000 Puffs Vienreiz\u0113j\u0101 vape vairumtirdzniec\u012bba<br \/>\nWASPE FIHP FW 30000 Vienreiz\u0113j\u0101 vape lielapjoma pirkums<br \/>\nWASPE FW 30000 Vienreiz\u0113j\u0101 vape bez nikot\u012bna kaste<\/p>\n<p><img loading=\"lazy\" decoding=\"async\" class=\"size-full wp-image-1978\" src=\"https:\/\/rmvapesale.com\/wp-content\/uploads\/2024\/09\/Disposable-Vape-Wholesale.jpg\" alt=\"Vienreiz\u0113jais vape vairumtirdzniec\u012bba\" width=\"229\" height=\"300\" \/><\/p>\n<h3><a href=\"https:\/\/wa.me\/8617776015835\"><span style=\"color: #ff0000\"><strong>WhatsApp: +86 17776015835<\/strong><\/span><\/a><\/h3>\n<p>&nbsp;<\/p>","protected":false},"featured_media":2304,"comment_status":"open","ping_status":"closed","template":"","meta":{"_uag_custom_page_level_css":"","_lmt_disableupdate":"","_lmt_disable":"","site-sidebar-layout":"default","site-content-layout":"content-boxed-container","ast-site-content-layout":"normal-width-container","site-content-style":"boxed","site-sidebar-style":"unboxed","ast-global-header-display":"","ast-banner-title-visibility":"","ast-main-header-display":"","ast-hfb-above-header-display":"","ast-hfb-below-header-display":"","ast-hfb-mobile-header-display":"","site-post-title":"","ast-breadcrumbs-content":"","ast-featured-img":"","footer-sml-layout":"","ast-disable-related-posts":"","theme-transparent-header-meta":"default","adv-header-id-meta":"","stick-header-meta":"","header-above-stick-meta":"","header-main-stick-meta":"","header-below-stick-meta":"","astra-migrate-meta-layouts":"set","ast-page-background-enabled":"default","ast-page-background-meta":{"desktop":{"background-color":"var(--ast-global-color-4)","background-image":"","background-repeat":"repeat","background-position":"center center","background-size":"auto","background-attachment":"scroll","background-type":"","background-media":"","overlay-type":"","overlay-color":"","overlay-opacity":"","overlay-gradient":""},"tablet":{"background-color":"","background-image":"","background-repeat":"repeat","background-position":"center center","background-size":"auto","background-attachment":"scroll","background-type":"","background-media":"","overlay-type":"","overlay-color":"","overlay-opacity":"","overlay-gradient":""},"mobile":{"background-color":"","background-image":"","background-repeat":"repeat","background-position":"center center","background-size":"auto","background-attachment":"scroll","background-type":"","background-media":"","overlay-type":"","overlay-color":"","overlay-opacity":"","overlay-gradient":""}},"ast-content-background-meta":{"desktop":{"background-color":"var(--ast-global-color-5)","background-image":"","background-repeat":"repeat","background-position":"center center","background-size":"auto","background-attachment":"scroll","background-type":"","background-media":"","overlay-type":"","overlay-color":"","overlay-opacity":"","overlay-gradient":""},"tablet":{"background-color":"var(--ast-global-color-5)","background-image":"","background-repeat":"repeat","background-position":"center center","background-size":"auto","background-attachment":"scroll","background-type":"","background-media":"","overlay-type":"","overlay-color":"","overlay-opacity":"","overlay-gradient":""},"mobile":{"background-color":"var(--ast-global-color-5)","background-image":"","background-repeat":"repeat","background-position":"center center","background-size":"auto","background-attachment":"scroll","background-type":"","background-media":"","overlay-type":"","overlay-color":"","overlay-opacity":"","overlay-gradient":""}},"_joinchat":[]},"product_brand":[],"product_cat":[15,27,25,123,30,26,28],"product_tag":[66,125,96,101,105,120,116],"class_list":{"0":"post-2305","1":"product","2":"type-product","3":"status-publish","4":"has-post-thumbnail","6":"product_cat-new-vape-this-week","7":"product_cat-fance-hot-sale-vape","8":"product_cat-germany-best-selling-vape","9":"product_cat-italy-wholesale-vape","10":"product_cat-minimum-order-quantity-50pcs","11":"product_cat-netherlands-hot-sale-vape","12":"product_cat-poland-hot-sale-vape","13":"product_tag-disposable-vape","14":"product_tag-disposable-vape-italy","15":"product_tag-disposable-vape-wholesale-uk","16":"product_tag-led-display-vape","17":"product_tag-nicotine-free-disposable-vape","18":"product_tag-vape-wholesale","19":"product_tag-vapes","20":"desktop-align-left","21":"tablet-align-left","22":"mobile-align-left","24":"first","25":"instock","26":"sale","27":"shipping-taxable","28":"purchasable","29":"product-type-simple"},"uagb_featured_image_src":{"full":["https:\/\/rmvapesale.com\/wp-content\/uploads\/2024\/10\/WASPE-FIHP-30000-puffs-Tornado-vape-Wholesale-Price.jpg",808,808,false],"thumbnail":["https:\/\/rmvapesale.com\/wp-content\/uploads\/2024\/10\/WASPE-FIHP-30000-puffs-Tornado-vape-Wholesale-Price-150x150.jpg",150,150,true],"medium":["https:\/\/rmvapesale.com\/wp-content\/uploads\/2024\/10\/WASPE-FIHP-30000-puffs-Tornado-vape-Wholesale-Price-300x300.jpg",300,300,true],"medium_large":["https:\/\/rmvapesale.com\/wp-content\/uploads\/2024\/10\/WASPE-FIHP-30000-puffs-Tornado-vape-Wholesale-Price-768x768.jpg",768,768,true],"large":["https:\/\/rmvapesale.com\/wp-content\/uploads\/2024\/10\/WASPE-FIHP-30000-puffs-Tornado-vape-Wholesale-Price.jpg",808,808,false],"1536x1536":["https:\/\/rmvapesale.com\/wp-content\/uploads\/2024\/10\/WASPE-FIHP-30000-puffs-Tornado-vape-Wholesale-Price.jpg",808,808,false],"2048x2048":["https:\/\/rmvapesale.com\/wp-content\/uploads\/2024\/10\/WASPE-FIHP-30000-puffs-Tornado-vape-Wholesale-Price.jpg",808,808,false],"trp-custom-language-flag":["https:\/\/rmvapesale.com\/wp-content\/uploads\/2024\/10\/WASPE-FIHP-30000-puffs-Tornado-vape-Wholesale-Price.jpg",12,12,false],"woocommerce_thumbnail":["https:\/\/rmvapesale.com\/wp-content\/uploads\/2024\/10\/WASPE-FIHP-30000-puffs-Tornado-vape-Wholesale-Price-300x300.jpg",300,300,true],"woocommerce_single":["https:\/\/rmvapesale.com\/wp-content\/uploads\/2024\/10\/WASPE-FIHP-30000-puffs-Tornado-vape-Wholesale-Price-600x600.jpg",600,600,true],"woocommerce_gallery_thumbnail":["https:\/\/rmvapesale.com\/wp-content\/uploads\/2024\/10\/WASPE-FIHP-30000-puffs-Tornado-vape-Wholesale-Price-100x100.jpg",100,100,true],"wcpr-photo-reviews":["https:\/\/rmvapesale.com\/wp-content\/uploads\/2024\/10\/WASPE-FIHP-30000-puffs-Tornado-vape-Wholesale-Price.jpg",500,500,false]},"uagb_author_info":{"display_name":"AMY","author_link":"https:\/\/rmvapesale.com\/lv\/author\/"},"uagb_comment_info":0,"uagb_excerpt":"WASPE FIHP 30000 Puffs Disposable Vape Wholesale WASPE FIHP FW 30000 Disposable Vape Bulk Buy WASPE FW 30000 Disposable Vape Box Nicotine Free WhatsApp: +86 17776015835 &nbsp;","_links":{"self":[{"href":"https:\/\/rmvapesale.com\/lv\/wp-json\/wp\/v2\/product\/2305","targetHints":{"allow":["GET"]}}],"collection":[{"href":"https:\/\/rmvapesale.com\/lv\/wp-json\/wp\/v2\/product"}],"about":[{"href":"https:\/\/rmvapesale.com\/lv\/wp-json\/wp\/v2\/types\/product"}],"replies":[{"embeddable":true,"href":"https:\/\/rmvapesale.com\/lv\/wp-json\/wp\/v2\/comments?post=2305"}],"wp:featuredmedia":[{"embeddable":true,"href":"https:\/\/rmvapesale.com\/lv\/wp-json\/wp\/v2\/media\/2304"}],"wp:attachment":[{"href":"https:\/\/rmvapesale.com\/lv\/wp-json\/wp\/v2\/media?parent=2305"}],"wp:term":[{"taxonomy":"product_brand","embeddable":true,"href":"https:\/\/rmvapesale.com\/lv\/wp-json\/wp\/v2\/product_brand?post=2305"},{"taxonomy":"product_cat","embeddable":true,"href":"https:\/\/rmvapesale.com\/lv\/wp-json\/wp\/v2\/product_cat?post=2305"},{"taxonomy":"product_tag","embeddable":true,"href":"https:\/\/rmvapesale.com\/lv\/wp-json\/wp\/v2\/product_tag?post=2305"}],"curies":[{"name":"wp","href":"https:\/\/api.w.org\/{rel}","templated":true}]}}