{"id":2313,"date":"2024-10-09T09:34:18","date_gmt":"2024-10-09T09:34:18","guid":{"rendered":"https:\/\/rmvapesale.com\/?post_type=product&#038;p=2313"},"modified":"2024-10-09T09:51:33","modified_gmt":"2024-10-09T09:51:33","slug":"bang-box-30000-puff-smart-screen-disposable-vape-wholesale","status":"publish","type":"product","link":"https:\/\/rmvapesale.com\/lv\/product\/bang-box-30000-puff-smart-screen-disposable-vape-wholesale\/","title":{"rendered":"Bang Box 30000 uzp\u016btienu vied\u0101 ekr\u0101na vienreiz\u0113j\u0101s lieto\u0161anas veips vairumtirdzniec\u012bb\u0101"},"content":{"rendered":"<div class=\"B2VR9 CJHX3e\">\n<div class=\"wyccme\">\n<h1 class=\"LC20lb MBeuO DKV0Md\">Bang Box 30000 uzp\u016btienu vied\u0101 ekr\u0101na vienreiz\u0113j\u0101s lieto\u0161anas veips vairumtirdzniec\u012bb\u0101<\/h1>\n<div class=\"flex-shrink-0 flex flex-col relative items-end\">\n<div>\n<div class=\"pt-0\">\n<div class=\"gizmo-bot-avatar flex h-8 w-8 items-center justify-center overflow-hidden rounded-full\">\n<div class=\"relative p-1 rounded-sm flex items-center justify-center bg-token-main-surface-primary text-token-text-primary h-8 w-8\">\n<p>Bang Box 30000 Puff Smart Screen vienreiz\u0113j\u0101s lieto\u0161anas vape ir izstr\u0101d\u0101ts, lai nodro\u0161in\u0101tu izcilu tvaic\u0113\u0161anas pieredzi, un tagad vairumtirdzniec\u012bbas cena ir pieejama rmvapesale. Ar iespaid\u012bgajiem 30 000 uzp\u016btieniem un lielo 35 ml e-\u0161\u0137idruma ietilp\u012bbu tas ir paredz\u0113ts ilgsto\u0161ai lieto\u0161anai.<\/p>\n<p>\u0160\u012b vienreiz\u0113j\u0101s lieto\u0161anas vape ier\u012bce pied\u0101v\u0101 nikot\u012bna opcijas 0%, 2%, 3% vai 5%, padarot to piem\u0113rotu gan jauniem, gan pieredz\u0113ju\u0161iem lietot\u0101jiem. Tam ir 850 mAh uzl\u0101d\u0113jams akumulators un dubult\u0101 sieta spole, kas nodro\u0161ina bag\u0101t\u012bgu gar\u0161u un vienm\u0113r\u012bgu tvaiku ra\u017eo\u0161anu ar katru uzp\u016btienu.<\/p>\n<p>Bang Box 30k at\u0161\u0137ir\u012bga iez\u012bme ir t\u0101 viedais ekr\u0101ns, kas par\u0101da gan e-\u0161\u0137idruma, gan jaudas l\u012bmeni, \u013caujot lietot\u0101jiem viegli uzraudz\u012bt savu vape statusu. Pieejams 12 unik\u0101l\u0101s gar\u0161\u0101s, ir kaut kas katrai gaumei.<\/p>\n<p>Ide\u0101li piem\u0113rots vairumtirdzniec\u012bbas pirc\u0113jiem, Bang Box 30000 Puff Smart Screen vienreiz\u0113j\u0101s lieto\u0161anas vape apvieno \u0113rt\u012bbas, veiktsp\u0113ju un daudzveid\u012bbu, padarot to par lab\u0101ko izv\u0113li mazumtirgot\u0101jiem.<\/p>\n<\/div>\n<\/div>\n<\/div>\n<\/div>\n<\/div>\n<div class=\"group\/conversation-turn relative flex w-full min-w-0 flex-col agent-turn\">\n<div class=\"flex-col gap-1 md:gap-3\">\n<div class=\"flex max-w-full flex-col flex-grow\">\n<div class=\"min-h-8 text-message flex w-full flex-col items-end gap-2 whitespace-normal break-words [.text-message+&amp;]:mt-5\" dir=\"auto\" data-message-author-role=\"assistant\" data-message-id=\"871c1362-82be-4876-894c-d28f37ffd3d3\">\n<div class=\"flex w-full flex-col gap-1 empty:hidden first:pt-[3px]\">\n<div class=\"markdown prose w-full break-words dark:prose-invert light\">\n<p>&nbsp;<\/p>\n<\/div>\n<\/div>\n<\/div>\n<\/div>\n<\/div>\n<\/div>\n<\/div>\n<\/div>\n<p><strong>Sazinieties ar Eimiju, lai sa\u0146emtu pareizu atbildi un vair\u0101k produktu video!<\/strong><\/p>\n<p><img loading=\"lazy\" decoding=\"async\" class=\"size-full wp-image-1978\" src=\"https:\/\/rmvapesale.com\/wp-content\/uploads\/2024\/09\/Disposable-Vape-Wholesale.jpg\" alt=\"Vienreiz\u0113jais vape vairumtirdzniec\u012bba\" width=\"229\" height=\"300\" \/><\/p>\n<h3><a href=\"https:\/\/wa.me\/8617776015835\" target=\"_blank\" rel=\"noopener\"><span style=\"color: #ff0000\"><strong>WhatsApp: +86 17776015835<\/strong><\/span><\/a><\/h3>\n<p>&nbsp;<\/p>\n<h2><\/h2>\n<h2><strong>Bang Box 30000 Puff Smart Screen Vape galven\u0101s iez\u012bmes<\/strong><\/h2>\n<p>Nikot\u012bns: 0% 2% 3% 5%<br \/>\nUzp\u016btieni: 30000 uzp\u016btieni<br \/>\nTilpums: 35 ml<br \/>\nPieejamas 12 gar\u0161as<br \/>\n850mah uzl\u0101d\u0113jams<br \/>\nDivk\u0101r\u0161a sieta spole<br \/>\nViedais ekr\u0101ns: e-\u0161\u0137idruma\/jaudas indikators<\/p>\n<figure id=\"attachment_2311\" aria-describedby=\"caption-attachment-2311\" style=\"width: 300px\" class=\"wp-caption alignnone\"><img loading=\"lazy\" decoding=\"async\" class=\"size-medium wp-image-2311\" src=\"https:\/\/rmvapesale.com\/wp-content\/uploads\/2024\/10\/Bang-Box-30000-Puff-Smart-Screen-E-Cigarettes-300x300.jpg\" alt=\"Bang Box 30000 Puff Smart Screen e-cigaretes\" width=\"300\" height=\"300\" srcset=\"https:\/\/rmvapesale.com\/wp-content\/uploads\/2024\/10\/Bang-Box-30000-Puff-Smart-Screen-E-Cigarettes-300x300.jpg 300w, https:\/\/rmvapesale.com\/wp-content\/uploads\/2024\/10\/Bang-Box-30000-Puff-Smart-Screen-E-Cigarettes-150x150.jpg 150w, https:\/\/rmvapesale.com\/wp-content\/uploads\/2024\/10\/Bang-Box-30000-Puff-Smart-Screen-E-Cigarettes-768x768.jpg 768w, https:\/\/rmvapesale.com\/wp-content\/uploads\/2024\/10\/Bang-Box-30000-Puff-Smart-Screen-E-Cigarettes-600x600.jpg 600w, https:\/\/rmvapesale.com\/wp-content\/uploads\/2024\/10\/Bang-Box-30000-Puff-Smart-Screen-E-Cigarettes-100x100.jpg 100w, https:\/\/rmvapesale.com\/wp-content\/uploads\/2024\/10\/Bang-Box-30000-Puff-Smart-Screen-E-Cigarettes.jpg 800w\" sizes=\"auto, (max-width: 300px) 100vw, 300px\" \/><figcaption id=\"caption-attachment-2311\" class=\"wp-caption-text\">Bang Box 30000 Puff Smart Screen e-cigaretes<\/figcaption><\/figure>\n<h2><strong>Lab\u0101k\u0101s gar\u0161as Bang Box 30000 Puff Smart Screen e-cigaret\u0113m\u00a0<\/strong><\/h2>\n<p>Bang Box 30000 Puff Smart Screen vienreiz\u0113j\u0101s lieto\u0161anas vape pied\u0101v\u0101 12 gar\u0161\u012bgas gar\u0161as, izv\u0113lieties no da\u017e\u0101d\u0101m gar\u0161\u0101m, tostarp klasisko atsvaidzino\u0161o piparm\u0113tru un eksotisko v\u012bnogu saldumu, katra no t\u0101m sola bag\u0101t\u012bgu, apmierino\u0161u ce\u013cojumu ar katru uzp\u016btienu.<\/p>\n<p>1. Zeme\u0146u kivi<br \/>\n2. Melnais uzliesmojums<span style=\"color: #ff0000\"><strong>&gt;&gt;&gt;&gt; Karsti!<\/strong><\/span><br \/>\n3.Zeme\u0146u arb\u016bzs<br \/>\n4. D\u017eung\u013cu sula<br \/>\n5. Melle\u0146u sk\u0101b\u0101 ave\u0146u ledus<span style=\"color: #ff0000\"><strong>&gt;&gt;&gt;&gt; Karsti!<\/strong><\/span><br \/>\n6. Arb\u016bzu ledus<br \/>\n7.Melle\u0146u ledus<br \/>\n8.Melle\u0146u gran\u0101t\u0101bols<br \/>\n9.Zilais spr\u0101dziens<span style=\"color: #ff0000\"><strong>&gt;&gt;&gt;&gt; Viss lab\u0101kais!<\/strong><\/span><br \/>\n10.\u0100bolu persiks<br \/>\n11.Marak\u016bja<br \/>\n12.Dubult\u0101 v\u012bnoga<\/p>\n<p>&nbsp;<\/p>\n<div class=\"flex-shrink-0 flex flex-col relative items-end\">\n<div>\n<div class=\"pt-0\">\n<div class=\"gizmo-bot-avatar flex h-8 w-8 items-center justify-center overflow-hidden rounded-full\">\n<div class=\"relative p-1 rounded-sm flex items-center justify-center bg-token-main-surface-primary text-token-text-primary h-8 w-8\">\n<h3><b>Bie\u017e\u0101k uzdotie jaut\u0101jumi<\/b><\/h3>\n<p>&nbsp;<\/p>\n<\/div>\n<\/div>\n<\/div>\n<\/div>\n<\/div>\n<div class=\"group\/conversation-turn relative flex w-full min-w-0 flex-col agent-turn\">\n<div class=\"flex-col gap-1 md:gap-3\">\n<div class=\"flex max-w-full flex-col flex-grow\">\n<div class=\"min-h-8 text-message flex w-full flex-col items-end gap-2 whitespace-normal break-words [.text-message+&amp;]:mt-5\" dir=\"auto\" data-message-author-role=\"assistant\" data-message-id=\"f226d3fc-81f3-46d5-8c46-31787fff0357\">\n<div class=\"flex w-full flex-col gap-1 empty:hidden first:pt-[3px]\">\n<div class=\"markdown prose w-full break-words dark:prose-invert light\">\n<p><strong>J1: K\u0101das nikot\u012bna stipruma iesp\u0113jas ir pieejamas Bang Box 30000 P\u016btienu vied\u0101 ekr\u0101na vienreiz\u0113j\u0101s lieto\u0161anas veipam?<\/strong><br \/>\nA1: Bang Box pied\u0101v\u0101 nikot\u012bna iesp\u0113jas 0%, 2%, 3% un 5%, \u013caujot lietot\u0101jiem izv\u0113l\u0113ties atbilsto\u0161i sav\u0101m v\u0113lm\u0113m.<\/p>\n<p><strong>J2: Cik daudz p\u016btienu nodro\u0161ina Bang Box 30000 P\u016btienu vienreiz\u0113j\u0101s lieto\u0161anas veips?<\/strong><br \/>\nA2: \u0160\u012b ier\u012bce nodro\u0161ina l\u012bdz 30 000 p\u016btieniem, nodro\u0161inot ilgsto\u0161u veipo\u0161anas pieredzi.<\/p>\n<p><strong>J3: K\u0101das gar\u0161as ir pieejamas Bang Box 30000 P\u016btienu LED displeja e-cigaret\u0113m?<\/strong><br \/>\nA3: Izv\u0113lieties no 12 aizraujo\u0161\u0101m gar\u0161\u0101m, tostarp Zeme\u0146u kivi, Melnais spr\u0101dziens, Arb\u016bzu ledus, Melle\u0146u sk\u0101bo ave\u0146u ledus un cit\u0101m!<\/p>\n<p><strong>J4: K\u0101da ir Bang Box 30000 P\u016btienu LED displeja vienreiz\u0113j\u0101s lieto\u0161anas veipa ietilp\u012bba?<\/strong><br \/>\nA4: Veips satur 35 ml e-\u0161\u0137idruma, nodro\u0161inot ilgsto\u0161u lieto\u0161anu bez bie\u017eas uzpild\u012b\u0161anas.<\/p>\n<p><strong>J5: K\u0101 darbojas vied\u0101 ekr\u0101na funkcija Bang Box 30000 P\u016btienu vienreiz\u0113j\u0101s lieto\u0161anas veipam?<\/strong><br \/>\nA5: Viedais ekr\u0101ns r\u0101da gan e\u013c\u013cas, gan akumulatora l\u012bmeni, pal\u012bdzot lietot\u0101jiem viegli uzraudz\u012bt savas ier\u012bces statusu.<\/p>\n<p><strong>J6: Vai Bang Box 30k P\u016btienu vied\u0101 ekr\u0101na e-cigarete ir uzl\u0101d\u0113jama?<\/strong><br \/>\nA6: J\u0101, tai ir 850 mAh uzl\u0101d\u0113jams akumulators, kas nodro\u0161ina nep\u0101rtrauktu lieto\u0161anu, kad tas ir nepiecie\u0161ams.<\/p>\n<p><strong>J7: Kas padara dubulto t\u012bkla spoli \u012bpa\u0161u Bang Box 30000 P\u016btienu LED displeja e-cigaret\u0113s?<\/strong><br \/>\nA7: Dubult\u0101 t\u012bkla spole uzlabo tvaiku ra\u017eo\u0161anu un nodro\u0161ina bag\u0101t\u012bg\u0101ku, konsekvent\u0101ku gar\u0161u.<\/p>\n<p><strong>J8: Vai es varu ieg\u0101d\u0101ties Bang Box 30000 P\u016btienu vienreiz\u0113j\u0101s lieto\u0161anas veipu vairum\u0101?<\/strong><br \/>\nA8: J\u0101, m\u0113s pied\u0101v\u0101jam <strong>Bang Box 30000 Puff Smart Screen vienreiz\u0113j\u0101s lieto\u0161anas veipu vairumtirdzniec\u012bbas pirkumu<\/strong> un vairumtirdzniec\u012bbas iesp\u0113jas mazumtirgot\u0101jiem.<\/p>\n<p><strong>Q9: K\u0101ds ir lab\u0101kais veids, k\u0101 ieg\u0101d\u0101ties Bang Box 30000 Puff LED Display vienreiz\u0113j\u0101s lieto\u0161anas veipus vairumtirdzniec\u012bb\u0101?<\/strong><br \/>\nA9: Lai ieg\u016btu viskonkur\u0113tsp\u0113j\u012bg\u0101k\u0101s cenas un lielapjoma iesp\u0113jas, varat izp\u0113t\u012bt <strong>Bang Box 30000 Puff LED displeja e-cigare\u0161u vairumtirdzniec\u012bbas<\/strong> pied\u0101v\u0101jumus.<\/p>\n<\/div>\n<\/div>\n<\/div>\n<\/div>\n<\/div>\n<\/div>\n<p>&nbsp;<\/p>\n<h3><\/h3>\n<h3>Par s\u016bt\u012bjumu<\/h3>\n<div class=\"flex-shrink-0 flex flex-col relative items-end\">\n<div>\n<div class=\"pt-0\">\n<div class=\"gizmo-bot-avatar flex h-8 w-8 items-center justify-center overflow-hidden rounded-full\">\n<div><\/div>\n<div class=\"relative p-1 rounded-sm flex items-center justify-center bg-token-main-surface-primary text-token-text-primary h-8 w-8\"><strong>1. K\u0101das pieg\u0101des metodes tiek izmantotas?<\/strong><\/div>\n<\/div>\n<\/div>\n<\/div>\n<\/div>\n<div class=\"group\/conversation-turn relative flex w-full min-w-0 flex-col agent-turn\">\n<div class=\"flex-col gap-1 md:gap-3\">\n<div class=\"flex max-w-full flex-col flex-grow\">\n<div class=\"min-h-[20px] text-message flex w-full flex-col items-end gap-2 whitespace-normal break-words [.text-message+&amp;]:mt-5 overflow-x-auto\" dir=\"auto\" data-message-author-role=\"assistant\" data-message-id=\"22f8283b-3233-46ff-89a5-c7a41b33abda\">\n<div class=\"flex w-full flex-col gap-1 empty:hidden first:pt-[3px]\">\n<div class=\"markdown prose w-full break-words dark:prose-invert light\">\n<p>M\u0113s sadarbojamies ar UPS, DHL, FedEx, DPD un citiem vado\u0161ajiem p\u0101rvad\u0101t\u0101jiem. M\u0113s izv\u0113l\u0113simies lab\u0101ko pieg\u0101des veidu, pamatojoties uz j\u016bsu pieg\u0101des vietu, lai nodro\u0161in\u0101tu, ka j\u016bs sa\u0146emat savus produktus p\u0113c iesp\u0113jas \u0101tr\u0101k.<\/p>\n<\/div>\n<p><strong>2. Cik ilgs laiks paiet, l\u012bdz tas pien\u0101k?<\/strong><\/p>\n<p>Pieg\u0101des uz Latviju parasti ierodas 10 darba dienu laik\u0101. Pieg\u0101de uz Eiropas valst\u012bm parasti aiz\u0146em apm\u0113ram 12-15 darba dienas. M\u0113s nodro\u0161in\u0101sim re\u0101llaika atjaunin\u0101jumus par j\u016bsu pieg\u0101des statusu.<\/p>\n<\/div>\n<p><strong>3. Garantija<\/strong><\/p>\n<p><span style=\"color: #ff0000\"><strong>Visi m\u016bsu veikala produkti ir garant\u0113ti 100% ori\u0123in\u0101li un autentiski. M\u0113s pied\u0101v\u0101jam 10 rei\u017eu kompens\u0101ciju par viltot\u0101m prec\u0113m!<\/strong><\/span><\/p>\n<div class=\"flex w-full flex-col gap-1 empty:hidden first:pt-[3px]\">\n<p>&nbsp;<\/p>\n<\/div>\n<\/div>\n<\/div>\n<\/div>\n<\/div>\n<p>&nbsp;<\/p>\n<p>Citi popul\u0101ri vape, kas jums var\u0113tu patikt:<\/p>\n<p><a href=\"https:\/\/rmvapesale.com\/lv\/product\/aivono-aim-magic-20000-20k-puffs-disposable-vape-pod\/\"><strong>Aivono Aim Magic 20000 Puff\u00a0 \u00a0<span style=\"color: #ff0000\">&gt;&gt;&gt;&gt; uz priek\u0161u!<\/span><\/strong><\/a><\/p>\n<p><strong><a href=\"https:\/\/rmvapesale.com\/lv\/product\/waspe-fihp-30000-puffs-led-display-disposable-vape-box\/\">WASPE FIHP 30000 Dvesieni <span style=\"color: #ff0000\">&gt;&gt;&gt;&gt; uz priek\u0161u!<\/span><\/a>\u00a0<\/strong><\/p>\n<p><a href=\"https:\/\/rmvapesale.com\/lv\/product\/uzy-crystal-pro-max-10k-puffs-disposable-vape-pen-wholesale\/\"><strong>UZY Crystal Pro Max 10k Puffs <span style=\"color: #ff0000\">&gt;&gt;&gt;&gt; uz priek\u0161u!<\/span><\/strong><\/a><\/p>\n<p>&nbsp;<\/p>\n<p>&nbsp;<\/p>\n<p>Atrodiet vair\u0101k Vape produktu, kas jums var\u0113tu patikt:<strong><em><a href=\"https:\/\/rmvapesale.com\/lv\/shop-2\/\">iepirkties tagad &gt;&gt;&gt;<\/a><\/em><\/strong><\/p>","protected":false},"excerpt":{"rendered":"<p>Bang Box 30000 Puff Smart Screen vienreiz\u0113j\u0101s lieto\u0161anas e-cigaretes<br \/>\nBang Vape Box 30000 Puffs vienreiz\u0113j\u0101s lieto\u0161anas vape, vairumtirdzniec\u012bba<br \/>\nBang Box 30000 Puffs 0% 2% 3% 5% bez nikot\u012bna, p\u0113rkot vairum\u0101<\/p>\n<p><img loading=\"lazy\" decoding=\"async\" class=\"size-full wp-image-1978\" src=\"https:\/\/rmvapesale.com\/wp-content\/uploads\/2024\/09\/Disposable-Vape-Wholesale.jpg\" alt=\"Vienreiz\u0113jais vape vairumtirdzniec\u012bba\" width=\"229\" height=\"300\" \/><\/p>\n<h3><a href=\"https:\/\/wa.me\/8617776015835\"><span style=\"color: #ff0000\"><strong>WhatsApp: +86 17776015835<\/strong><\/span><\/a><\/h3>\n<p>&nbsp;<\/p>","protected":false},"featured_media":2310,"comment_status":"open","ping_status":"closed","template":"","meta":{"_uag_custom_page_level_css":"","_lmt_disableupdate":"","_lmt_disable":"","site-sidebar-layout":"default","site-content-layout":"content-boxed-container","ast-site-content-layout":"normal-width-container","site-content-style":"boxed","site-sidebar-style":"unboxed","ast-global-header-display":"","ast-banner-title-visibility":"","ast-main-header-display":"","ast-hfb-above-header-display":"","ast-hfb-below-header-display":"","ast-hfb-mobile-header-display":"","site-post-title":"","ast-breadcrumbs-content":"","ast-featured-img":"","footer-sml-layout":"","theme-transparent-header-meta":"default","adv-header-id-meta":"","stick-header-meta":"","header-above-stick-meta":"","header-main-stick-meta":"","header-below-stick-meta":"","astra-migrate-meta-layouts":"set","ast-page-background-enabled":"default","ast-page-background-meta":{"desktop":{"background-color":"var(--ast-global-color-4)","background-image":"","background-repeat":"repeat","background-position":"center center","background-size":"auto","background-attachment":"scroll","background-type":"","background-media":"","overlay-type":"","overlay-color":"","overlay-opacity":"","overlay-gradient":""},"tablet":{"background-color":"","background-image":"","background-repeat":"repeat","background-position":"center center","background-size":"auto","background-attachment":"scroll","background-type":"","background-media":"","overlay-type":"","overlay-color":"","overlay-opacity":"","overlay-gradient":""},"mobile":{"background-color":"","background-image":"","background-repeat":"repeat","background-position":"center center","background-size":"auto","background-attachment":"scroll","background-type":"","background-media":"","overlay-type":"","overlay-color":"","overlay-opacity":"","overlay-gradient":""}},"ast-content-background-meta":{"desktop":{"background-color":"var(--ast-global-color-5)","background-image":"","background-repeat":"repeat","background-position":"center center","background-size":"auto","background-attachment":"scroll","background-type":"","background-media":"","overlay-type":"","overlay-color":"","overlay-opacity":"","overlay-gradient":""},"tablet":{"background-color":"var(--ast-global-color-5)","background-image":"","background-repeat":"repeat","background-position":"center center","background-size":"auto","background-attachment":"scroll","background-type":"","background-media":"","overlay-type":"","overlay-color":"","overlay-opacity":"","overlay-gradient":""},"mobile":{"background-color":"var(--ast-global-color-5)","background-image":"","background-repeat":"repeat","background-position":"center center","background-size":"auto","background-attachment":"scroll","background-type":"","background-media":"","overlay-type":"","overlay-color":"","overlay-opacity":"","overlay-gradient":""}},"_joinchat":[]},"product_brand":[],"product_cat":[15,25,123,26,28,27,60,30],"product_tag":[63,66,125,96,101,105,120],"class_list":{"0":"post-2313","1":"product","2":"type-product","3":"status-publish","4":"has-post-thumbnail","6":"product_cat-new-vape-this-week","7":"product_cat-germany-best-selling-vape","8":"product_cat-italy-wholesale-vape","9":"product_cat-netherlands-hot-sale-vape","10":"product_cat-poland-hot-sale-vape","11":"product_cat-fance-hot-sale-vape","12":"product_cat-bang-vapes","13":"product_cat-minimum-order-quantity-50pcs","14":"product_tag-bang-vapes","15":"product_tag-disposable-vape","16":"product_tag-disposable-vape-italy","17":"product_tag-disposable-vape-wholesale-uk","18":"product_tag-led-display-vape","19":"product_tag-nicotine-free-disposable-vape","20":"product_tag-vape-wholesale","21":"desktop-align-left","22":"tablet-align-left","23":"mobile-align-left","25":"first","26":"instock","27":"sale","28":"shipping-taxable","29":"purchasable","30":"product-type-simple"},"uagb_featured_image_src":{"full":["https:\/\/rmvapesale.com\/wp-content\/uploads\/2024\/10\/Bang-Box-30000-Puff-Smart-Screen-Disposable-Vape.jpg",800,801,false],"thumbnail":["https:\/\/rmvapesale.com\/wp-content\/uploads\/2024\/10\/Bang-Box-30000-Puff-Smart-Screen-Disposable-Vape-150x150.jpg",150,150,true],"medium":["https:\/\/rmvapesale.com\/wp-content\/uploads\/2024\/10\/Bang-Box-30000-Puff-Smart-Screen-Disposable-Vape-300x300.jpg",300,300,true],"medium_large":["https:\/\/rmvapesale.com\/wp-content\/uploads\/2024\/10\/Bang-Box-30000-Puff-Smart-Screen-Disposable-Vape-768x769.jpg",768,769,true],"large":["https:\/\/rmvapesale.com\/wp-content\/uploads\/2024\/10\/Bang-Box-30000-Puff-Smart-Screen-Disposable-Vape.jpg",800,801,false],"1536x1536":["https:\/\/rmvapesale.com\/wp-content\/uploads\/2024\/10\/Bang-Box-30000-Puff-Smart-Screen-Disposable-Vape.jpg",800,801,false],"2048x2048":["https:\/\/rmvapesale.com\/wp-content\/uploads\/2024\/10\/Bang-Box-30000-Puff-Smart-Screen-Disposable-Vape.jpg",800,801,false],"trp-custom-language-flag":["https:\/\/rmvapesale.com\/wp-content\/uploads\/2024\/10\/Bang-Box-30000-Puff-Smart-Screen-Disposable-Vape.jpg",12,12,false],"woocommerce_thumbnail":["https:\/\/rmvapesale.com\/wp-content\/uploads\/2024\/10\/Bang-Box-30000-Puff-Smart-Screen-Disposable-Vape-300x300.jpg",300,300,true],"woocommerce_single":["https:\/\/rmvapesale.com\/wp-content\/uploads\/2024\/10\/Bang-Box-30000-Puff-Smart-Screen-Disposable-Vape-600x601.jpg",600,601,true],"woocommerce_gallery_thumbnail":["https:\/\/rmvapesale.com\/wp-content\/uploads\/2024\/10\/Bang-Box-30000-Puff-Smart-Screen-Disposable-Vape-100x100.jpg",100,100,true],"wcpr-photo-reviews":["https:\/\/rmvapesale.com\/wp-content\/uploads\/2024\/10\/Bang-Box-30000-Puff-Smart-Screen-Disposable-Vape.jpg",500,500,false]},"uagb_author_info":{"display_name":"AMY","author_link":"https:\/\/rmvapesale.com\/lv\/author\/"},"uagb_comment_info":0,"uagb_excerpt":"Bang Box 30000 Puffs Smart Screen Disposable E Cigarettes Bang Vape Box 30000 Puffs Disposable Vape Wholesale Bang Box 30000 Puffs 0% 2% 3% 5% Free Nicotine Bulk Buy WhatsApp: +86 17776015835 &nbsp;","_links":{"self":[{"href":"https:\/\/rmvapesale.com\/lv\/wp-json\/wp\/v2\/product\/2313","targetHints":{"allow":["GET"]}}],"collection":[{"href":"https:\/\/rmvapesale.com\/lv\/wp-json\/wp\/v2\/product"}],"about":[{"href":"https:\/\/rmvapesale.com\/lv\/wp-json\/wp\/v2\/types\/product"}],"replies":[{"embeddable":true,"href":"https:\/\/rmvapesale.com\/lv\/wp-json\/wp\/v2\/comments?post=2313"}],"wp:featuredmedia":[{"embeddable":true,"href":"https:\/\/rmvapesale.com\/lv\/wp-json\/wp\/v2\/media\/2310"}],"wp:attachment":[{"href":"https:\/\/rmvapesale.com\/lv\/wp-json\/wp\/v2\/media?parent=2313"}],"wp:term":[{"taxonomy":"product_brand","embeddable":true,"href":"https:\/\/rmvapesale.com\/lv\/wp-json\/wp\/v2\/product_brand?post=2313"},{"taxonomy":"product_cat","embeddable":true,"href":"https:\/\/rmvapesale.com\/lv\/wp-json\/wp\/v2\/product_cat?post=2313"},{"taxonomy":"product_tag","embeddable":true,"href":"https:\/\/rmvapesale.com\/lv\/wp-json\/wp\/v2\/product_tag?post=2313"}],"curies":[{"name":"wp","href":"https:\/\/api.w.org\/{rel}","templated":true}]}}