{"id":2320,"date":"2024-10-10T01:23:26","date_gmt":"2024-10-10T01:23:26","guid":{"rendered":"https:\/\/rmvapesale.com\/?post_type=product&#038;p=2320"},"modified":"2024-10-10T09:25:15","modified_gmt":"2024-10-10T09:25:15","slug":"elf-box-digital-12000-puffs-led-display-disposable-vape","status":"publish","type":"product","link":"https:\/\/rmvapesale.com\/lv\/product\/elf-box-digital-12000-puffs-led-display-disposable-vape\/","title":{"rendered":"ELF BOX Digital 12000 Puffs LED displejs Vienreiz\u0113j\u0101s lieto\u0161anas veips"},"content":{"rendered":"<div class=\"B2VR9 CJHX3e\">\n<div class=\"wyccme\">\n<h1 class=\"LC20lb MBeuO DKV0Md\">ELF BOX Digital 12000 Puffs LED displeja vienreiz\u0113j\u0101s lieto\u0161anas e-cigare\u0161u vairumtirdzniec\u012bbas pirkums<\/h1>\n<div class=\"flex-shrink-0 flex flex-col relative items-end\">\n<div>\n<div class=\"pt-0\">\n<div class=\"gizmo-bot-avatar flex h-8 w-8 items-center justify-center overflow-hidden rounded-full\">\n<div class=\"relative p-1 rounded-sm flex items-center justify-center bg-token-main-surface-primary text-token-text-primary h-8 w-8\">\n<p>Gatavojieties uzlabot savu e-cigaretes lieto\u0161anas pieredzi ar <strong>ELF BOX Digital 12000 Puffs LED displejs Vienreiz\u0113j\u0101s lieto\u0161anas veips<\/strong>! \u0160\u012b e-cigarete nodro\u0161ina neticami <strong>12 000 uzp\u016btienu<\/strong>, sniedzot ilgsto\u0161u apmierin\u0101jumu bez nepiecie\u0161am\u012bbas past\u0101v\u012bgi main\u012bt ier\u012bci. Ide\u0101li piem\u0113rota ikdienas lieto\u0161anai, t\u0101 ir paredz\u0113ta gan \u0113rt\u012bbai, gan veiktsp\u0113jai.<\/p>\n<p>Ar <strong>23 ml e-\u0161\u0137idruma ietilp\u012bbu<\/strong> un <strong>0,8 omu t\u012bkla spoli<\/strong>, sagaidiet maigus, gar\u0161pilnus d\u016bmus katru reizi, kad lietojat e-cigareti. Izv\u0113lieties no <strong>0%, 2%, 3% vai 5% nikot\u012bna stiprumiem<\/strong> lai piel\u0101gotu savu pieredzi tie\u0161i p\u0113c savas gaumes.<\/p>\n<p>Ieb\u016bv\u0113tais <strong>LED digit\u0101lais displejs<\/strong> inform\u0113 j\u016bs par akumulatora un e-\u0161\u0137idruma l\u012bmeni, lai j\u016bs vienm\u0113r kontrol\u0113tu situ\u0101ciju. Turkl\u0101t, ar <strong>500 mAh uzl\u0101d\u0113jamu akumulatoru<\/strong> un <strong>C tipa uzl\u0101des<\/strong>, j\u016bs varat \u0101tri uzl\u0101d\u0113t un turpin\u0101t lietot e-cigareti visu dienu.<\/p>\n<p>Ide\u0101li piem\u0113rots vairumtirgot\u0101jiem, \u0161is <strong>ELF BOX Digital 12000<\/strong> ir ide\u0101ls tiem, kas v\u0113las augst\u0101k\u0101 l\u012bme\u0146a veiktsp\u0113ju elegant\u0101, viegli lietojam\u0101 iepakojum\u0101. Papildiniet savus kr\u0101jumus jau tagad un pied\u0101v\u0101jiet saviem klientiem vape, ko vi\u0146i iem\u012bl\u0113s!<\/p>\n<p>Pas\u016btiet savu <strong>ELF BOX Digital 12000 LED displeja vienreizlietojamo vape vairumtirdzniec\u012bba<\/strong> jau \u0161odien un pievienojiet \u0161o oblig\u0101to ier\u012bci savam invent\u0101ram!<\/p>\n<p>&nbsp;<\/p>\n<\/div>\n<\/div>\n<\/div>\n<\/div>\n<\/div>\n<\/div>\n<\/div>\n<p><strong>Sazinieties ar Eimiju, lai sa\u0146emtu pareizu atbildi un vair\u0101k produktu video!<\/strong><\/p>\n<p><img loading=\"lazy\" decoding=\"async\" class=\"size-full wp-image-1978\" src=\"https:\/\/rmvapesale.com\/wp-content\/uploads\/2024\/09\/Disposable-Vape-Wholesale.jpg\" alt=\"Vienreiz\u0113jais vape vairumtirdzniec\u012bba\" width=\"229\" height=\"300\" \/><\/p>\n<h3><a href=\"https:\/\/wa.me\/8617776015835\" target=\"_blank\" rel=\"noopener\"><span style=\"color: #ff0000\"><strong>WhatsApp: +86 17776015835<\/strong><\/span><\/a><\/h3>\n<p>&nbsp;<\/p>\n<h2><\/h2>\n<h2><strong>ELF BOX Digital 12000 Puffs vape galven\u0101s iez\u012bmes<\/strong><\/h2>\n<p>&nbsp;<\/p>\n<ul>\n<li><strong>Augsts uzp\u016b\u0161u skaits<\/strong>: Izbaudiet l\u012bdz pat 12 000 uzp\u016btieniem ilgsto\u0161ai un nep\u0101rtrauktai tvaic\u0113\u0161anas pieredzei.<\/li>\n<li><strong>E-\u0161\u0137idruma ietilp\u012bba<\/strong>: Ar 23 ml tvertni j\u016bs varat tvaic\u0113t ilg\u0101k, bez nepiecie\u0161am\u012bbas bie\u017ei uzpild\u012bt.<\/li>\n<li><strong>Uzl\u0101d\u0113jams akumulators<\/strong>: Darbina 500 mAh akumulators, nodro\u0161inot ilgsto\u0161u veiktsp\u0113ju un vieglu uzl\u0101di.<\/li>\n<li><strong>C tipa uzl\u0101de<\/strong>: \u0100tri un efekt\u012bvi uzl\u0101d\u0113jiet, izmantojot moderno C tipa savienot\u0101ju.<\/li>\n<li><strong>Sieta spir\u0101les tehnolo\u0123ija<\/strong>: Izbaudiet uzlabotu gar\u0161u un gludu tvaiku ra\u017eo\u0161anu ar 0,8 omu t\u012bkla spoli.<\/li>\n<li><strong>Digit\u0101lais displejs<\/strong>: Sekojiet l\u012bdzi ar viedu digit\u0101lo displeju, kas par\u0101da akumulatora un e-\u0161\u0137idruma l\u012bmeni.<\/li>\n<li><strong>Nikot\u012bna opcijas<\/strong>: Pieejams ar 0%, 2%, 3% un 5% nikot\u012bna stiprumu, lai atbilstu j\u016bsu tvaic\u0113\u0161anas vajadz\u012bb\u0101m.<\/li>\n<\/ul>\n<h2><\/h2>\n<h2><strong>Popul\u0101r\u0101k\u0101 gar\u0161a ELF BOX Digital 12000 Puffs elektroniskaj\u0101m cigaret\u0113m\u00a0<\/strong><\/h2>\n<p>ELF BOX Digital 12000 Puffs LED displeja vienreizlietojamais vape pied\u0101v\u0101 12 gar\u0161\u012bgas gar\u0161as, izv\u0113lieties no da\u017e\u0101d\u0101m gar\u0161\u0101m, tostarp klasisko atsvaidzino\u0161o v\u0113so piparm\u0113tru un eksotisko v\u012bnogu saldumu, katra no t\u0101m solot bag\u0101t\u012bgu, apmierino\u0161u ce\u013cojumu ar katru uzp\u016btienu.<\/p>\n<p>1. Arb\u016bzu ledus <span style=\"color: #ff0000\"><strong>&gt;&gt;&gt;&gt; Karsti!<\/strong><\/span><br \/>\n2. Zeme\u0146u ledus<br \/>\n3. Zil\u0101s avenes ledus<br \/>\n4.\u0136ir\u0161u kola <span style=\"color: #ff0000\"><strong>&gt;&gt;&gt;&gt; Karsti!<\/strong><\/span><br \/>\n5.Zeme\u0146u spr\u0101dziens<br \/>\n6.Kokosriekstu melone<br \/>\n7.Kivi pasifloras aug\u013ci<br \/>\n8.Jaukti aug\u013ci <span style=\"color: #ff0000\"><strong>&gt;&gt;&gt;&gt; Viss lab\u0101kais!<\/strong><\/span><br \/>\n9. Melle\u0146u Sk\u0101ba Avene<br \/>\n10. Dubults \u0100bols<br \/>\n11. Zeme\u0146u Arb\u016bzs<br \/>\n12.Arb\u016bzu burbu\u013cgumija<br \/>\n13. Persiku Ledus<br \/>\n14. Zeme\u0146u Ban\u0101ns<br \/>\n15. Mr Blue<br \/>\n16. Kazenes Ledus<br \/>\n17. Mango Ledus<br \/>\n18. V\u012bnogu Ledus<br \/>\n19. Persiku Ogas<br \/>\n20. Zeme\u0146u Kivi Auglis<\/p>\n<figure id=\"attachment_2327\" aria-describedby=\"caption-attachment-2327\" style=\"width: 300px\" class=\"wp-caption alignnone\"><img loading=\"lazy\" decoding=\"async\" class=\"size-medium wp-image-2327\" src=\"https:\/\/rmvapesale.com\/wp-content\/uploads\/2024\/10\/Vape-Elf-Box-12000-Puffs-12K-E-cigarette-300x225.jpg\" alt=\"Vape Elf Box 12000 Pufi 12K E-cigarete\" width=\"300\" height=\"225\" srcset=\"https:\/\/rmvapesale.com\/wp-content\/uploads\/2024\/10\/Vape-Elf-Box-12000-Puffs-12K-E-cigarette-300x225.jpg 300w, https:\/\/rmvapesale.com\/wp-content\/uploads\/2024\/10\/Vape-Elf-Box-12000-Puffs-12K-E-cigarette-768x576.jpg 768w, https:\/\/rmvapesale.com\/wp-content\/uploads\/2024\/10\/Vape-Elf-Box-12000-Puffs-12K-E-cigarette-600x450.jpg 600w, https:\/\/rmvapesale.com\/wp-content\/uploads\/2024\/10\/Vape-Elf-Box-12000-Puffs-12K-E-cigarette.jpg 808w\" sizes=\"auto, (max-width: 300px) 100vw, 300px\" \/><figcaption id=\"caption-attachment-2327\" class=\"wp-caption-text\">Vape Elf Box 12000 Pufi 12K E-cigarete<\/figcaption><\/figure>\n<p>&nbsp;<\/p>\n<h3>K\u0101p\u0113c izv\u0113l\u0113ties Rmvapesale savam ELF BOX Digital 12000 Pufi LED displeja vienreizlietojamajam vape?<\/h3>\n<div class=\"flex-shrink-0 flex flex-col relative items-end\">\n<div>\n<div class=\"pt-0\">\n<div class=\"gizmo-bot-avatar flex h-8 w-8 items-center justify-center overflow-hidden rounded-full\">\n<div class=\"relative p-1 rounded-sm flex items-center justify-center bg-token-main-surface-primary text-token-text-primary h-8 w-8\">\n<p>&nbsp;<\/p>\n<p>Kad izv\u0113laties Rmvapesale sav\u0101m vairumtirdzniec\u012bbas vienreiz\u0113j\u0101s lieto\u0161anas e-cigare\u0161u vajadz\u012bb\u0101m, j\u016bs ieg\u016bstat \u0161\u0101das priek\u0161roc\u012bbas:<\/p>\n<ul>\n<li><strong>Konkur\u0113tsp\u0113j\u012bga cena<\/strong>Ieg\u016bstiet pieeju pievilc\u012bg\u0101m vairumtirdzniec\u012bbas cen\u0101m, kas palielina j\u016bsu biznesa pe\u013c\u0146u.<\/li>\n<li><strong>Augsta kvalit\u0101te<\/strong>M\u016bsu vape ir izstr\u0101d\u0101tas atbilsto\u0161i augst\u0101kajiem standartiem, un <span style=\"color: #ff0000\"><strong>Garant\u0113ti 100% ori\u0123in\u0101li un autentiski, pret\u0113j\u0101 gad\u012bjum\u0101 par viltot\u0101m prec\u0113m tiks nodro\u0161in\u0101ta 10 reizes liel\u0101ka kompens\u0101cija!<\/strong><\/span><\/li>\n<li><strong>Izcils klientu serviss<\/strong>M\u016bsu \u012bpa\u0161\u0101 komanda vienm\u0113r ir gatava jums pal\u012bdz\u0113t, padarot j\u016bsu pirk\u0161anas procesu vienk\u0101r\u0161u un \u0113rtu.<\/li>\n<li><strong>\u0100tra<\/strong>: Sagaidiet \u0101tru un uzticamu pieg\u0101di, kas nodro\u0161ina, ka j\u016bsu pas\u016bt\u012bjumi vienm\u0113r tiek pieg\u0101d\u0101ti laik\u0101.<\/li>\n<\/ul>\n<h3><\/h3>\n<h3><b>Bie\u017e\u0101k uzdotie jaut\u0101jumi<\/b><\/h3>\n<p>&nbsp;<\/p>\n<\/div>\n<\/div>\n<\/div>\n<\/div>\n<\/div>\n<div class=\"group\/conversation-turn relative flex w-full min-w-0 flex-col agent-turn\">\n<div class=\"flex-col gap-1 md:gap-3\">\n<div class=\"flex max-w-full flex-col flex-grow\">\n<div class=\"min-h-8 text-message flex w-full flex-col items-end gap-2 whitespace-normal break-words [.text-message+&amp;]:mt-5\" dir=\"auto\" data-message-author-role=\"assistant\" data-message-id=\"f226d3fc-81f3-46d5-8c46-31787fff0357\">\n<div class=\"flex w-full flex-col gap-1 empty:hidden first:pt-[3px]\">\n<div class=\"markdown prose w-full break-words dark:prose-invert light\">\n<p><strong>1. jaut\u0101jums: Cik daudz pufi es varu ieg\u016bt no ELF Box Digital 12000 Pufi vienreizlietojam\u0101 vape?<\/strong><br \/>\nA1: The <strong>ELF Box Digital 12000 Pufi vienreizlietojamais vape<\/strong> nodro\u0161ina l\u012bdz pat <strong>12 000 uzp\u016btienu<\/strong>, pied\u0101v\u0101jot pagarin\u0101tu iztvaiko\u0161anas pieredzi bez nepiecie\u0161am\u012bbas bie\u017ei main\u012bt.<\/p>\n<p><strong>2. jaut\u0101jums: K\u0101d\u0101s gar\u0161\u0101s ir pieejama ELF Box Digital 12k E cigarete vairumtirdzniec\u012bb\u0101?<\/strong><br \/>\nA2: J\u016bs varat baud\u012bt 20 aizraujo\u0161as gar\u0161as, tostarp <strong>Arb\u016bzu ledus<\/strong>, <strong>Zeme\u0146u ban\u0101ns<\/strong>, <strong>Zil\u0101 Avene Ledus<\/strong>, <strong>Mango ledus<\/strong>, un <strong>V\u012bnogu Ledus<\/strong>, tikai da\u017eas no t\u0101m. Ir gar\u0161a katrai gaumei!<\/p>\n<p><strong>3. jaut\u0101jums: Cik liela ir e-\u0161\u0137idruma ietilp\u012bba ELF Box Digital Box 12000 Pufi vienreizlietojamaj\u0101 vape?<\/strong><br \/>\nA3: \u0160\u012b ier\u012bce ir apr\u012bkota ar ietilp\u012bgu <strong>23 ml e-\u0161\u0137idruma ietilp\u012bbu<\/strong>, nodro\u0161inot ilgsto\u0161u lieto\u0161anu bez bie\u017eas uzpildes.<\/p>\n<p><strong>4. jaut\u0101jums: K\u0101di nikot\u012bna stiprumi ir pieejami ELF Box Digital 12000 Pufi E cigaret\u0113?<\/strong><br \/>\nA4: J\u016bs varat izv\u0113l\u0113ties no <strong>0%, 2%, 3% vai 5% nikot\u012bna l\u012bme\u0146i<\/strong>, padarot viegli atrodams piem\u0113rotu stiprumu j\u016bsu iztvaiko\u0161anas stilam.<\/p>\n<p><strong>5. jaut\u0101jums: K\u0101 darbojas digit\u0101lais displejs ELF Box Digital Box 12k vienreizlietojamaj\u0101 vape?<\/strong><br \/>\nA5: <strong>viedais digit\u0101lais displejs<\/strong> \u013cauj jums uzraudz\u012bt gan akumulatora, gan e-\u0161\u0137idruma l\u012bmeni, nodro\u0161inot, ka j\u016bs nekad neesat nepatik\u0161an\u0101s.<\/p>\n<p><strong>6. jaut\u0101jums: Vai ELF Box Digital 12k E cigarete ir uzl\u0101d\u0113jama?<\/strong><br \/>\nA6: J\u0101, ier\u012bcei ir <strong>500 mAh uzl\u0101d\u0113jamu akumulatoru<\/strong> un <strong>C tipa uzl\u0101des ports<\/strong> \u0101trai un efekt\u012bvai uzl\u0101dei.<\/p>\n<p><strong>Q7: Vai es varu ieg\u0101d\u0101ties ELF Box Digital 12000 Puffs vienreizlietojamo tvaiku vairum\u0101?<\/strong><br \/>\nA7: Noteikti! <strong>ELF Box Digital 12000 Puffs vienreiz\u0113j\u0101s lieto\u0161anas e-cigare\u0161u vairumtirdzniec\u012bba<\/strong> ir pieejami tiem, kas v\u0113las ieg\u0101d\u0101ties lielos daudzumos un izbaud\u012bt konkur\u0113tsp\u0113j\u012bgas cenas.<\/p>\n<p><strong>Q8: K\u0101du spoles tehnolo\u0123iju izmanto ELF Box Digital Box 12k?<\/strong><br \/>\nA8: T\u0101 izmanto <strong>0,8 omu t\u012bkla spoli<\/strong> lai uzlabotu gar\u0161u un nodro\u0161in\u0101tu vienm\u0113r\u012bgu tvaiku, nodro\u0161inot apmierino\u0161u tvaic\u0113\u0161anas pieredzi.<\/p>\n<\/div>\n<\/div>\n<\/div>\n<\/div>\n<\/div>\n<\/div>\n<p>&nbsp;<\/p>\n<h3><\/h3>\n<h3>Par s\u016bt\u012bjumu<\/h3>\n<div class=\"flex-shrink-0 flex flex-col relative items-end\">\n<div>\n<div class=\"pt-0\">\n<div class=\"gizmo-bot-avatar flex h-8 w-8 items-center justify-center overflow-hidden rounded-full\">\n<div><\/div>\n<div class=\"relative p-1 rounded-sm flex items-center justify-center bg-token-main-surface-primary text-token-text-primary h-8 w-8\"><strong>1. K\u0101das pieg\u0101des metodes tiek izmantotas?<\/strong><\/div>\n<\/div>\n<\/div>\n<\/div>\n<\/div>\n<div class=\"group\/conversation-turn relative flex w-full min-w-0 flex-col agent-turn\">\n<div class=\"flex-col gap-1 md:gap-3\">\n<div class=\"flex max-w-full flex-col flex-grow\">\n<div class=\"min-h-[20px] text-message flex w-full flex-col items-end gap-2 whitespace-normal break-words [.text-message+&amp;]:mt-5 overflow-x-auto\" dir=\"auto\" data-message-author-role=\"assistant\" data-message-id=\"22f8283b-3233-46ff-89a5-c7a41b33abda\">\n<div class=\"flex w-full flex-col gap-1 empty:hidden first:pt-[3px]\">\n<div class=\"markdown prose w-full break-words dark:prose-invert light\">\n<p>M\u0113s sadarbojamies ar UPS, DHL, FedEx, DPD un citiem vado\u0161ajiem p\u0101rvad\u0101t\u0101jiem. M\u0113s izv\u0113l\u0113simies lab\u0101ko pieg\u0101des veidu, pamatojoties uz j\u016bsu pieg\u0101des vietu, lai nodro\u0161in\u0101tu, ka j\u016bs sa\u0146emat savus produktus p\u0113c iesp\u0113jas \u0101tr\u0101k.<\/p>\n<\/div>\n<p><strong>2. Cik ilgs laiks paiet, l\u012bdz tas pien\u0101k?<\/strong><\/p>\n<p>Pieg\u0101des uz Latviju parasti ierodas 10 darba dienu laik\u0101. Pieg\u0101de uz Eiropas valst\u012bm parasti aiz\u0146em apm\u0113ram 12-15 darba dienas. M\u0113s nodro\u0161in\u0101sim re\u0101llaika atjaunin\u0101jumus par j\u016bsu pieg\u0101des statusu.<\/p>\n<\/div>\n<\/div>\n<\/div>\n<\/div>\n<\/div>\n<p>&nbsp;<\/p>\n<p>Citi popul\u0101ri vape, kas jums var\u0113tu patikt:<\/p>\n<p><a href=\"https:\/\/rmvapesale.com\/lv\/product\/waspe-12000-puffs-disposable-vape-pen\/\"><strong>WASPE 12000 uzp\u016btieni\u00a0 \u00a0<span style=\"color: #ff0000\">&gt;&gt;&gt;&gt; uz priek\u0161u!<\/span><\/strong><\/a><\/p>\n<p><strong><a href=\"https:\/\/rmvapesale.com\/lv\/product\/waspe-fihp-30000-puffs-led-display-disposable-vape-box\/\">WASPE FIHP 30000 Dvesieni <span style=\"color: #ff0000\">&gt;&gt;&gt;&gt; uz priek\u0161u!<\/span><\/a>\u00a0<\/strong><\/p>\n<h2 class=\"woocommerce-loop-product__title\"><a style=\"font-size: 16px\" href=\"https:\/\/rmvapesale.com\/lv\/product\/bang-box-30000-puff-double-taste-smart-screen-disposable-vape-wholesale\/\"><strong>Bang Box 30000 dvesmu dubult\u0101 gar\u0161a <span style=\"color: #ff0000\">&gt;&gt;&gt;&gt; uz priek\u0161u!<\/span><\/strong><\/a><\/h2>\n<p>&nbsp;<\/p>\n<p>&nbsp;<\/p>\n<p>Atrodiet vair\u0101k Vape produktu, kas jums var\u0113tu patikt:<strong><em><a href=\"https:\/\/rmvapesale.com\/lv\/shop-2\/\">iepirkties tagad &gt;&gt;&gt;<\/a><\/em><\/strong><\/p>","protected":false},"excerpt":{"rendered":"<p>ELF Box Digital 12000 Puffs 0% 2% 3% 5% zema nikot\u012bna satura<br \/>\nELF BOX Digital Box 12000 Puffs vienreiz\u0113j\u0101s lieto\u0161anas e-cigaretes<br \/>\nELF Box Digital 12000 Puffs vienreiz\u0113j\u0101s lieto\u0161anas e-cigare\u0161u vairumtirdzniec\u012bba<\/p>\n<p><img loading=\"lazy\" decoding=\"async\" class=\"size-full wp-image-1978\" src=\"https:\/\/rmvapesale.com\/wp-content\/uploads\/2024\/09\/Disposable-Vape-Wholesale.jpg\" alt=\"Vienreiz\u0113jais vape vairumtirdzniec\u012bba\" width=\"229\" height=\"300\" \/><\/p>\n<h3><a href=\"https:\/\/wa.me\/8617776015835\"><span style=\"color: #ff0000\"><strong>WhatsApp: +86 17776015835<\/strong><\/span><\/a><\/h3>\n<p>&nbsp;<\/p>","protected":false},"featured_media":2325,"comment_status":"open","ping_status":"closed","template":"","meta":{"_uag_custom_page_level_css":"","_lmt_disableupdate":"","_lmt_disable":"","site-sidebar-layout":"default","site-content-layout":"content-boxed-container","ast-site-content-layout":"normal-width-container","site-content-style":"boxed","site-sidebar-style":"unboxed","ast-global-header-display":"","ast-banner-title-visibility":"","ast-main-header-display":"","ast-hfb-above-header-display":"","ast-hfb-below-header-display":"","ast-hfb-mobile-header-display":"","site-post-title":"","ast-breadcrumbs-content":"","ast-featured-img":"","footer-sml-layout":"","ast-disable-related-posts":"","theme-transparent-header-meta":"default","adv-header-id-meta":"","stick-header-meta":"","header-above-stick-meta":"","header-main-stick-meta":"","header-below-stick-meta":"","astra-migrate-meta-layouts":"set","ast-page-background-enabled":"default","ast-page-background-meta":{"desktop":{"background-color":"var(--ast-global-color-4)","background-image":"","background-repeat":"repeat","background-position":"center center","background-size":"auto","background-attachment":"scroll","background-type":"","background-media":"","overlay-type":"","overlay-color":"","overlay-opacity":"","overlay-gradient":""},"tablet":{"background-color":"","background-image":"","background-repeat":"repeat","background-position":"center center","background-size":"auto","background-attachment":"scroll","background-type":"","background-media":"","overlay-type":"","overlay-color":"","overlay-opacity":"","overlay-gradient":""},"mobile":{"background-color":"","background-image":"","background-repeat":"repeat","background-position":"center center","background-size":"auto","background-attachment":"scroll","background-type":"","background-media":"","overlay-type":"","overlay-color":"","overlay-opacity":"","overlay-gradient":""}},"ast-content-background-meta":{"desktop":{"background-color":"var(--ast-global-color-5)","background-image":"","background-repeat":"repeat","background-position":"center center","background-size":"auto","background-attachment":"scroll","background-type":"","background-media":"","overlay-type":"","overlay-color":"","overlay-opacity":"","overlay-gradient":""},"tablet":{"background-color":"var(--ast-global-color-5)","background-image":"","background-repeat":"repeat","background-position":"center center","background-size":"auto","background-attachment":"scroll","background-type":"","background-media":"","overlay-type":"","overlay-color":"","overlay-opacity":"","overlay-gradient":""},"mobile":{"background-color":"var(--ast-global-color-5)","background-image":"","background-repeat":"repeat","background-position":"center center","background-size":"auto","background-attachment":"scroll","background-type":"","background-media":"","overlay-type":"","overlay-color":"","overlay-opacity":"","overlay-gradient":""}},"_joinchat":[]},"product_brand":[],"product_cat":[15,60,128,27,25,123,30,26,28],"product_tag":[66,125,126,129,101,105,120],"class_list":{"0":"post-2320","1":"product","2":"type-product","3":"status-publish","4":"has-post-thumbnail","6":"product_cat-new-vape-this-week","7":"product_cat-bang-vapes","8":"product_cat-elf-box-disposable-vapes","9":"product_cat-fance-hot-sale-vape","10":"product_cat-germany-best-selling-vape","11":"product_cat-italy-wholesale-vape","12":"product_cat-minimum-order-quantity-50pcs","13":"product_cat-netherlands-hot-sale-vape","14":"product_cat-poland-hot-sale-vape","15":"product_tag-disposable-vape","16":"product_tag-disposable-vape-italy","17":"product_tag-e-cigarettes","18":"product_tag-elf-box-vape","19":"product_tag-led-display-vape","20":"product_tag-nicotine-free-disposable-vape","21":"product_tag-vape-wholesale","22":"desktop-align-left","23":"tablet-align-left","24":"mobile-align-left","26":"first","27":"instock","28":"sale","29":"shipping-taxable","30":"purchasable","31":"product-type-simple"},"uagb_featured_image_src":{"full":["https:\/\/rmvapesale.com\/wp-content\/uploads\/2024\/10\/ELF-Box-Digital-12000-Puffs-Disposable.jpg",808,808,false],"thumbnail":["https:\/\/rmvapesale.com\/wp-content\/uploads\/2024\/10\/ELF-Box-Digital-12000-Puffs-Disposable-150x150.jpg",150,150,true],"medium":["https:\/\/rmvapesale.com\/wp-content\/uploads\/2024\/10\/ELF-Box-Digital-12000-Puffs-Disposable-300x300.jpg",300,300,true],"medium_large":["https:\/\/rmvapesale.com\/wp-content\/uploads\/2024\/10\/ELF-Box-Digital-12000-Puffs-Disposable-768x768.jpg",768,768,true],"large":["https:\/\/rmvapesale.com\/wp-content\/uploads\/2024\/10\/ELF-Box-Digital-12000-Puffs-Disposable.jpg",808,808,false],"1536x1536":["https:\/\/rmvapesale.com\/wp-content\/uploads\/2024\/10\/ELF-Box-Digital-12000-Puffs-Disposable.jpg",808,808,false],"2048x2048":["https:\/\/rmvapesale.com\/wp-content\/uploads\/2024\/10\/ELF-Box-Digital-12000-Puffs-Disposable.jpg",808,808,false],"trp-custom-language-flag":["https:\/\/rmvapesale.com\/wp-content\/uploads\/2024\/10\/ELF-Box-Digital-12000-Puffs-Disposable.jpg",12,12,false],"woocommerce_thumbnail":["https:\/\/rmvapesale.com\/wp-content\/uploads\/2024\/10\/ELF-Box-Digital-12000-Puffs-Disposable-300x300.jpg",300,300,true],"woocommerce_single":["https:\/\/rmvapesale.com\/wp-content\/uploads\/2024\/10\/ELF-Box-Digital-12000-Puffs-Disposable-600x600.jpg",600,600,true],"woocommerce_gallery_thumbnail":["https:\/\/rmvapesale.com\/wp-content\/uploads\/2024\/10\/ELF-Box-Digital-12000-Puffs-Disposable-100x100.jpg",100,100,true],"wcpr-photo-reviews":["https:\/\/rmvapesale.com\/wp-content\/uploads\/2024\/10\/ELF-Box-Digital-12000-Puffs-Disposable.jpg",500,500,false]},"uagb_author_info":{"display_name":"AMY","author_link":"https:\/\/rmvapesale.com\/lv\/author\/"},"uagb_comment_info":0,"uagb_excerpt":"ELF Box Digital 12000 Puffs 0% 2% 3% 5% Low Nicotine ELF BOX Digital Box 12000 Puffs Disposable E Cigarettes ELF Box Digital 12000 Puffs Disposable Vape Wholesale WhatsApp: +86 17776015835 &nbsp;","_links":{"self":[{"href":"https:\/\/rmvapesale.com\/lv\/wp-json\/wp\/v2\/product\/2320","targetHints":{"allow":["GET"]}}],"collection":[{"href":"https:\/\/rmvapesale.com\/lv\/wp-json\/wp\/v2\/product"}],"about":[{"href":"https:\/\/rmvapesale.com\/lv\/wp-json\/wp\/v2\/types\/product"}],"replies":[{"embeddable":true,"href":"https:\/\/rmvapesale.com\/lv\/wp-json\/wp\/v2\/comments?post=2320"}],"wp:featuredmedia":[{"embeddable":true,"href":"https:\/\/rmvapesale.com\/lv\/wp-json\/wp\/v2\/media\/2325"}],"wp:attachment":[{"href":"https:\/\/rmvapesale.com\/lv\/wp-json\/wp\/v2\/media?parent=2320"}],"wp:term":[{"taxonomy":"product_brand","embeddable":true,"href":"https:\/\/rmvapesale.com\/lv\/wp-json\/wp\/v2\/product_brand?post=2320"},{"taxonomy":"product_cat","embeddable":true,"href":"https:\/\/rmvapesale.com\/lv\/wp-json\/wp\/v2\/product_cat?post=2320"},{"taxonomy":"product_tag","embeddable":true,"href":"https:\/\/rmvapesale.com\/lv\/wp-json\/wp\/v2\/product_tag?post=2320"}],"curies":[{"name":"wp","href":"https:\/\/api.w.org\/{rel}","templated":true}]}}