{"id":2329,"date":"2024-10-10T09:22:12","date_gmt":"2024-10-10T09:22:12","guid":{"rendered":"https:\/\/rmvapesale.com\/?post_type=product&#038;p=2329"},"modified":"2024-10-22T07:41:39","modified_gmt":"2024-10-22T07:41:39","slug":"bang-box-30000-puff-double-taste-smart-screen-disposable-vape","status":"publish","type":"product","link":"https:\/\/rmvapesale.com\/lv\/product\/bang-box-30000-puff-double-taste-smart-screen-disposable-vape\/","title":{"rendered":"Bang Box 30000 uzp\u016btienu dubult\u0101s gar\u0161as vied\u0101 ekr\u0101na vienreiz\u0113j\u0101s lieto\u0161anas veips"},"content":{"rendered":"<div class=\"B2VR9 CJHX3e\">\n<div class=\"wyccme\">\n<h1 class=\"LC20lb MBeuO DKV0Md\">Bang Box 30000 P\u016b\u0161\u013cu Divk\u0101r\u0161\u0101 Gar\u0161a Gudrs Ekr\u0101ns Vienreiz\u0113j\u0101s lieto\u0161anas Vape Vairumtirdzniec\u012bba<\/h1>\n<div class=\"flex-shrink-0 flex flex-col relative items-end\">\n<div>\n<div class=\"pt-0\">\n<div class=\"gizmo-bot-avatar flex h-8 w-8 items-center justify-center overflow-hidden rounded-full\">\n<div class=\"relative p-1 rounded-sm flex items-center justify-center bg-token-main-surface-primary text-token-text-primary h-8 w-8\">\n<p>Mekl\u0113jat gal\u012bgo vape ar milz\u012bgu jaudu? Tas jums ir! <strong>Bang Box 30000 uzp\u016btienu dubult\u0101s gar\u0161as vied\u0101 ekr\u0101na vienreiz\u0113j\u0101s lieto\u0161anas veips<\/strong> Ar iespaid\u012bgu 30 000 p\u016b\u0161\u013cu \u0161is ier\u012bces nodro\u0161ina, ka j\u016bs vape\u0113siet dien\u0101m \u2014 burtiski.<\/p>\n<p>Komplekt\u0101 ar <strong>36 ml e-\u0161\u0137idruma<\/strong> un darbin\u0101ts ar <strong>550 mAh uzl\u0101d\u0113jamu akumulatoru<\/strong>, Bang Box ir izstr\u0101d\u0101ts ilgm\u016b\u017e\u012bgai veiktsp\u0113jai. Tas ir apr\u012bkots ar <strong>t\u012bkla spir\u0101li<\/strong>, nodro\u0161inot gludu un bag\u0101t\u012bgu gar\u0161u ar katru p\u016b\u0161anu. <strong>LCD digit\u0101lais displejs<\/strong> uztur j\u016bs inform\u0113tus, r\u0101dot akumulatora darb\u012bbas laiku un e-\u0161\u0137idruma l\u012bmeni uzreiz, bez p\u0101rsteigumiem!<\/p>\n<p>Ar <strong>bez nikot\u012bna<\/strong> iesp\u0113jas, piem\u0113ram, 0%, <strong>Zema nikot\u012bna <\/strong>iesp\u0113jas, piem\u0113ram, 2%, un citas nikot\u012bna iesp\u0113jas, piem\u0113ram, 3% un 5%, j\u016bs varat izv\u0113l\u0113ties stiprumu, kas atbilst j\u016bsu stilam. Un neaizmirs\u012bsim aizraujo\u0161o <strong>Divk\u0101r\u0161\u0101s Gar\u0161as funkciju<\/strong>\u2014 pied\u0101v\u0101jot divreiz vair\u0101k gar\u0161as vien\u0101 ier\u012bc\u0113, nodro\u0161inot neaizsniedzamu pieredzi!<\/p>\n<p>Viegli uzl\u0101d\u0113jiet to ar <strong>C tipa<\/strong> osts, un j\u016bs esat gatavs doties atkal. Tas <strong>Bang Box 30000 P\u016b\u0161\u013ci<\/strong> ir ide\u0101li piem\u0113rots vairumtirdzniec\u012bbas pirc\u0113jiem, kuri v\u0113las pied\u0101v\u0101t klientiem kaut ko gan jaud\u012bgu, gan ar bag\u0101t\u012bgu gar\u0161u.<\/p>\n<p>Nop\u0113rc tagad un izbaudi priek\u0161roc\u012bbas no <strong>Bang Box 30000 P\u016b\u0161\u013cu Divk\u0101r\u0161\u0101 Gar\u0161a Gudrs Ekr\u0101ns Vienreiz\u0113j\u0101s lieto\u0161anas Vape Vairumtirdzniec\u012bba<\/strong>!<\/p>\n<p>&nbsp;<\/p>\n<\/div>\n<\/div>\n<\/div>\n<\/div>\n<\/div>\n<\/div>\n<\/div>\n<p><strong>Sazinieties ar Eimiju, lai sa\u0146emtu pareizu atbildi un vair\u0101k produktu video!<\/strong><\/p>\n<p><img loading=\"lazy\" decoding=\"async\" class=\"size-full wp-image-1978\" src=\"https:\/\/rmvapesale.com\/wp-content\/uploads\/2024\/09\/Disposable-Vape-Wholesale.jpg\" alt=\"Vienreiz\u0113jais vape vairumtirdzniec\u012bba\" width=\"229\" height=\"300\" \/><\/p>\n<h3><a href=\"https:\/\/wa.me\/8617776015835\" target=\"_blank\" rel=\"noopener\"><span style=\"color: #ff0000\"><strong>WhatsApp: +86 17776015835<\/strong><\/span><\/a><\/h3>\n<p>&nbsp;<\/p>\n<h2><\/h2>\n<h2><strong>Bang Box 30000 P\u016b\u0161\u013ci Dubult\u0101 Gar\u0161a Vape Galven\u0101s Iesp\u0113jas<\/strong><\/h2>\n<p>&nbsp;<\/p>\n<ul>\n<li><strong>Augsts uzp\u016b\u0161u skaits<\/strong>: Izbaudi l\u012bdz pat 30 000 p\u016b\u0161\u013ciem, padarot to par ide\u0101lu ikdienas vapingam bez past\u0101v\u012bgas nomai\u0146as.<\/li>\n<li><strong>Liela e-\u0161\u0137idruma ietilp\u012bba<\/strong>: Ar 35 ml tvertni \u0161is vape samazina bie\u017eas papildin\u0101\u0161anas nepiecie\u0161am\u012bbu, nodro\u0161inot ilg\u0101ku lieto\u0161anu.<\/li>\n<li><strong>Uzl\u0101d\u0113jams akumulators<\/strong>: Apr\u012bkots ar 850mAh akumulatoru, tas nodro\u0161ina ilgu darb\u012bbas laiku un vieglu uzl\u0101di.<\/li>\n<li><strong>C tipa uzl\u0101de<\/strong>: \u0100tri un \u0113rti uzl\u0101d\u0113jiet, izmantojot modernu Type-C savienot\u0101ju.<\/li>\n<li><strong>Divk\u0101r\u0161a t\u012bkli\u0146a spoles tehnolo\u0123ija<\/strong>: Izbaudiet uzlabotu gar\u0161u un bag\u0101t\u012bgu tvaika ra\u017eo\u0161anu, lai vaping b\u016btu v\u0113l pat\u012bkam\u0101ks.<\/li>\n<li><strong>Gudrs displejs<\/strong>: Sekojiet l\u012bdzi ar digit\u0101lo gudro ekr\u0101nu, kas r\u0101da j\u016bsu akumulatora darb\u012bbas laiku un e-\u0161\u0137idruma l\u012bmeni.<\/li>\n<li><strong>Regul\u0113jama gaisa pl\u016bsma<\/strong>: Prec\u012bzi noregul\u0113jiet savu ieelpu ar dubultu medus \u0161\u016bnu gaisa pl\u016bsmas kontroli, lai piel\u0101gotu vaping pieredzi.<\/li>\n<li><strong>Nikot\u012bna opcijas<\/strong>: Pieejams ar nikot\u012bna l\u012bme\u0146iem 0%, 2%, 3% un 5%, kas apmierina da\u017e\u0101das v\u0113lmes.<\/li>\n<\/ul>\n<h2><\/h2>\n<h2><strong>Augst\u0101k\u0101 gar\u0161a Bang Box 30000 P\u016b\u0161\u013ciem E-\u012bpa\u0161ums\u00a0<\/strong><\/h2>\n<p>Bang Box 30000 Puff Smart Screen vienreiz\u0113j\u0101s lieto\u0161anas vape pied\u0101v\u0101 12 gar\u0161\u012bgas gar\u0161as, izv\u0113lieties no da\u017e\u0101d\u0101m gar\u0161\u0101m, tostarp klasisko atsvaidzino\u0161o piparm\u0113tru un eksotisko v\u012bnogu saldumu, katra no t\u0101m sola bag\u0101t\u012bgu, apmierino\u0161u ce\u013cojumu ar katru uzp\u016btienu.<\/p>\n<p>1. Zeme\u0146u kivi<br \/>\n2. Melnais uzliesmojums <span style=\"color: #ff0000\"><strong>&gt;&gt;&gt;&gt; Karsti!<\/strong><\/span><br \/>\n3.Zeme\u0146u arb\u016bzs<br \/>\n4. D\u017eung\u013cu sula<br \/>\n5. Melle\u0146u sk\u0101b\u0101 ave\u0146u ledus <span style=\"color: #ff0000\"><strong>&gt;&gt;&gt;&gt; Karsti!<\/strong><\/span><br \/>\n6. Arb\u016bzu ledus<br \/>\n7.Melle\u0146u ledus<br \/>\n8.Melle\u0146u gran\u0101t\u0101bols<br \/>\n9.Zilais spr\u0101dziens <span style=\"color: #ff0000\"><strong>&gt;&gt;&gt;&gt; Viss lab\u0101kais!<\/strong><\/span><br \/>\n10.\u0100bolu persiks<br \/>\n11.Marak\u016bja<br \/>\n12.Dubult\u0101 v\u012bnoga<\/p>\n<figure id=\"attachment_2316\" aria-describedby=\"caption-attachment-2316\" style=\"width: 487px\" class=\"wp-caption alignnone\"><img loading=\"lazy\" decoding=\"async\" class=\"wp-image-2316 size-full\" src=\"https:\/\/rmvapesale.com\/wp-content\/uploads\/2024\/10\/Bang-Box-30k-Puffs-Factory-Price-New-Vape-This-Week.jpg\" alt=\"Bang Box 30k P\u016b\u0161\u013ci Ra\u017eo\u0161anas Cena Jauns Vape \u0160oned\u0113\u013c\" width=\"487\" height=\"800\" srcset=\"https:\/\/rmvapesale.com\/wp-content\/uploads\/2024\/10\/Bang-Box-30k-Puffs-Factory-Price-New-Vape-This-Week.jpg 487w, https:\/\/rmvapesale.com\/wp-content\/uploads\/2024\/10\/Bang-Box-30k-Puffs-Factory-Price-New-Vape-This-Week-183x300.jpg 183w\" sizes=\"auto, (max-width: 487px) 100vw, 487px\" \/><figcaption id=\"caption-attachment-2316\" class=\"wp-caption-text\">Bang Box 30k P\u016b\u0161\u013ci Ra\u017eo\u0161anas Cena Jauns Vape \u0160oned\u0113\u013c<\/figcaption><\/figure>\n<h3>K\u0101p\u0113c izv\u0113l\u0113ties Rmvapesale lielapjoma pirkumiem Bang Box 30000 P\u016b\u0161\u013ci?<\/h3>\n<div class=\"flex-shrink-0 flex flex-col relative items-end\">\n<div>\n<div class=\"pt-0\">\n<div class=\"gizmo-bot-avatar flex h-8 w-8 items-center justify-center overflow-hidden rounded-full\">\n<div class=\"relative p-1 rounded-sm flex items-center justify-center bg-token-main-surface-primary text-token-text-primary h-8 w-8\">\n<p>&nbsp;<\/p>\n<p>Kad izv\u0113laties Rmvapesale sav\u0101m vairumtirdzniec\u012bbas vienreiz\u0113j\u0101s lieto\u0161anas e-cigare\u0161u vajadz\u012bb\u0101m, j\u016bs ieg\u016bstat \u0161\u0101das priek\u0161roc\u012bbas:<\/p>\n<ul>\n<li><strong>Konkur\u0113tsp\u0113j\u012bga cena<\/strong>Ieg\u016bstiet pieeju pievilc\u012bg\u0101m vairumtirdzniec\u012bbas cen\u0101m, kas palielina j\u016bsu biznesa pe\u013c\u0146u.<\/li>\n<li><strong>Augsta kvalit\u0101te<\/strong>M\u016bsu vape ir izstr\u0101d\u0101tas atbilsto\u0161i augst\u0101kajiem standartiem, un <span style=\"color: #ff0000\"><strong>Garant\u0113ti 100% ori\u0123in\u0101li un autentiski, pret\u0113j\u0101 gad\u012bjum\u0101 par viltot\u0101m prec\u0113m tiks nodro\u0161in\u0101ta 10 reizes liel\u0101ka kompens\u0101cija!<\/strong><\/span><\/li>\n<li><strong>Izcils klientu serviss<\/strong>M\u016bsu \u012bpa\u0161\u0101 komanda vienm\u0113r ir gatava jums pal\u012bdz\u0113t, padarot j\u016bsu pirk\u0161anas procesu vienk\u0101r\u0161u un \u0113rtu.<\/li>\n<li><strong>\u0100tra<\/strong>: Sagaidiet \u0101tru un uzticamu pieg\u0101di, kas nodro\u0161ina, ka j\u016bsu pas\u016bt\u012bjumi vienm\u0113r tiek pieg\u0101d\u0101ti laik\u0101.<\/li>\n<\/ul>\n<h3><\/h3>\n<h3><b>Bie\u017e\u0101k uzdotie jaut\u0101jumi<\/b><\/h3>\n<p>&nbsp;<\/p>\n<\/div>\n<\/div>\n<\/div>\n<\/div>\n<\/div>\n<div class=\"group\/conversation-turn relative flex w-full min-w-0 flex-col agent-turn\">\n<div class=\"flex-col gap-1 md:gap-3\">\n<div class=\"flex max-w-full flex-col flex-grow\">\n<div class=\"min-h-8 text-message flex w-full flex-col items-end gap-2 whitespace-normal break-words [.text-message+&amp;]:mt-5\" dir=\"auto\" data-message-author-role=\"assistant\" data-message-id=\"f226d3fc-81f3-46d5-8c46-31787fff0357\">\n<div class=\"flex w-full flex-col gap-1 empty:hidden first:pt-[3px]\">\n<div class=\"markdown prose w-full break-words dark:prose-invert light\">\n<p><strong>Q1: Kas padara Bang Box 30000 P\u016b\u0161\u013ci Dubult\u0101 Gar\u0161a Vienreizlietojamo Vape \u012bpa\u0161u?<\/strong><br \/>\nA1: The <strong>Bang Box 30000 P\u016b\u0161\u013ci Dubult\u0101 Gar\u0161a Vienreizlietojamais Vape<\/strong> pied\u0101v\u0101 l\u012bdz pat 30 000 p\u016b\u0161\u013ciem un ir apr\u012bkots ar <strong>div\u0113j\u0101du gar\u0161u tehnolo\u0123ija<\/strong>, \u013caujot p\u0101rsl\u0113gties starp div\u0101m gar\u0161\u0101m vien\u0101 ier\u012bc\u0113. T\u0101 ar\u012b ir apr\u012bkota ar gudru LED displeju, kas r\u0101da gan akumulatora, gan e-\u0161\u0137idruma l\u012bmeni, nodro\u0161inot \u0113rt\u0101ku un uzlabotu vaping pieredzi.<\/p>\n<p><strong>Q2: K\u0101das gar\u0161as ir pieejamas Bang Box 30000 P\u016b\u013cu Dubult\u0101s Gar\u0161as Vienreiz\u0113jai Vape?<\/strong><br \/>\nA2: Ir 12 gar\u0161\u012bgas gar\u0161as, no kur\u0101m izv\u0113l\u0113ties, tostarp <strong>Zeme\u0146u Kivi<\/strong>, <strong>Melns Spr\u0101dziens<\/strong>, <strong>Arb\u016bzu ledus<\/strong>, <strong>Ogu Pomgerante<\/strong>, un <strong>Dubult\u0101 V\u012bnogu<\/strong>. Neatkar\u012bgi no t\u0101, vai j\u016bs dodaties p\u0113c aug\u013cu vai ledus gar\u0161\u0101m, katram ir kaut kas!<\/p>\n<p><strong>Q3: K\u0101 darbojas gudrais displejs Bang Box 30000 P\u016b\u013cu Dubult\u0101s Gar\u0161as Gudraj\u0101 Vape?<\/strong><br \/>\nA3: Tas <strong>LED displejs<\/strong> r\u0101da svar\u012bgas deta\u013cas, piem\u0113ram, akumulatora darb\u012bbas laiku un e-\u0161\u0137idruma l\u012bmeni, padarot viegli sekot l\u012bdzi j\u016bsu ier\u012bces statusam.<\/p>\n<p><strong>Q4: Cik liels ir e-\u0161\u0137idruma tilpums Bang 30000 P\u016b\u013cu Dubultgar\u0161as Vienreiz\u0113j\u0101s Vape?<\/strong><br \/>\nA4: \u0160ai vape ir d\u0101sns <strong>35 ml e-\u0161\u0137idruma tilpums<\/strong>, nodro\u0161inot ilgu lieto\u0161anas laiku bez bie\u017eas papildin\u0101\u0161anas.<\/p>\n<p><strong>Q5: K\u0101das nikot\u012bna iesp\u0113jas ir Bang Box 30000 P\u016b\u013cu Dubultgar\u0161as Gudr\u0101 Vape?<\/strong><br \/>\nA5: J\u016bs varat izv\u0113l\u0113ties starp <strong>0%, 2%, 3% un 5% nikot\u012bna stiprum\u0101<\/strong>, dodot jums elast\u012bbu atkar\u012bb\u0101 no j\u016bsu v\u0113lm\u0113m.<\/p>\n<p><strong>Q6: Vai Bang Box 30000 P\u016b\u013cu Dubultgar\u0161as Gudr\u0101 Vape ir uzl\u0101d\u0113jama?<\/strong><br \/>\nA6: J\u0101, ier\u012bce ir apr\u012bkota ar <strong>C tipa uzl\u0101des ports<\/strong> un <strong>850 mAh akumulatoru<\/strong>, padarot to \u0101tru un vienk\u0101r\u0161u uzl\u0101di.<\/p>\n<p><strong>Q7: Vai es varu ieg\u0101d\u0101ties Bang 30000 P\u016b\u013cu Dubultgar\u0161as Gudro Vape lielos daudzumos?<\/strong><br \/>\nA7: J\u0101, <strong>Bang 30000 P\u016b\u013cu Dubultgar\u0161as Vape vairumtirdzniec\u012bbas<\/strong> iesp\u0113jas ir pieejamas mazumtirgot\u0101jiem, kas v\u0113las uzkr\u0101t \u0161o popul\u0101ro ier\u012bci.<\/p>\n<\/div>\n<\/div>\n<\/div>\n<\/div>\n<\/div>\n<\/div>\n<p>&nbsp;<\/p>\n<h3><\/h3>\n<h3>Par s\u016bt\u012bjumu<\/h3>\n<div class=\"flex-shrink-0 flex flex-col relative items-end\">\n<div>\n<div class=\"pt-0\">\n<div class=\"gizmo-bot-avatar flex h-8 w-8 items-center justify-center overflow-hidden rounded-full\">\n<div><\/div>\n<div class=\"relative p-1 rounded-sm flex items-center justify-center bg-token-main-surface-primary text-token-text-primary h-8 w-8\"><strong>1. K\u0101das pieg\u0101des metodes tiek izmantotas?<\/strong><\/div>\n<\/div>\n<\/div>\n<\/div>\n<\/div>\n<div class=\"group\/conversation-turn relative flex w-full min-w-0 flex-col agent-turn\">\n<div class=\"flex-col gap-1 md:gap-3\">\n<div class=\"flex max-w-full flex-col flex-grow\">\n<div class=\"min-h-[20px] text-message flex w-full flex-col items-end gap-2 whitespace-normal break-words [.text-message+&amp;]:mt-5 overflow-x-auto\" dir=\"auto\" data-message-author-role=\"assistant\" data-message-id=\"22f8283b-3233-46ff-89a5-c7a41b33abda\">\n<div class=\"flex w-full flex-col gap-1 empty:hidden first:pt-[3px]\">\n<div class=\"markdown prose w-full break-words dark:prose-invert light\">\n<p>M\u0113s sadarbojamies ar UPS, DHL, FedEx, DPD un citiem vado\u0161ajiem p\u0101rvad\u0101t\u0101jiem. M\u0113s izv\u0113l\u0113simies lab\u0101ko pieg\u0101des veidu, pamatojoties uz j\u016bsu pieg\u0101des vietu, lai nodro\u0161in\u0101tu, ka j\u016bs sa\u0146emat savus produktus p\u0113c iesp\u0113jas \u0101tr\u0101k.<\/p>\n<\/div>\n<p><strong>2. Cik ilgs laiks paiet, l\u012bdz tas pien\u0101k?<\/strong><\/p>\n<p>Pieg\u0101des uz Latviju parasti ierodas 10 darba dienu laik\u0101. Pieg\u0101de uz Eiropas valst\u012bm parasti aiz\u0146em apm\u0113ram 12-15 darba dienas. M\u0113s nodro\u0161in\u0101sim re\u0101llaika atjaunin\u0101jumus par j\u016bsu pieg\u0101des statusu.<\/p>\n<\/div>\n<\/div>\n<\/div>\n<\/div>\n<\/div>\n<p>&nbsp;<\/p>\n<p>Citi popul\u0101ri vape, kas jums var\u0113tu patikt:<\/p>\n<p><a href=\"https:\/\/rmvapesale.com\/lv\/product\/aivono-aim-magic-20000-20k-puffs-disposable-vape-pod\/\"><strong>Aivono Aim Magic 20000 Puff\u00a0 \u00a0<span style=\"color: #ff0000\">&gt;&gt;&gt;&gt; uz priek\u0161u!<\/span><\/strong><\/a><\/p>\n<p><strong><a href=\"https:\/\/rmvapesale.com\/lv\/product\/waspe-fihp-30000-puffs-led-display-disposable-vape-box\/\">WASPE FIHP 30000 Dvesieni <span style=\"color: #ff0000\">&gt;&gt;&gt;&gt; uz priek\u0161u!<\/span><\/a>\u00a0<\/strong><\/p>\n<p><a href=\"https:\/\/rmvapesale.com\/lv\/product\/bang-box-30000-puff-smart-screen-disposable-vape-wholesale\/\"><strong>Bang Box 30000 uzp\u016btienu viedais ekr\u0101ns <span style=\"color: #ff0000\">&gt;&gt;&gt;&gt; uz priek\u0161u!<\/span><\/strong><\/a><\/p>\n<p>&nbsp;<\/p>\n<p>&nbsp;<\/p>\n<p>Atrodiet vair\u0101k Vape produktu, kas jums var\u0113tu patikt:<strong><em><a href=\"https:\/\/rmvapesale.com\/lv\/shop-2\/\">iepirkties tagad &gt;&gt;&gt;<\/a><\/em><\/strong><\/p>","protected":false},"excerpt":{"rendered":"<p>Bang Box 30000 Puff Smart Screen vienreiz\u0113j\u0101s lieto\u0161anas e-cigaretes<br \/>\nBang Vape Box 30000 P\u016b\u0161\u013cu Divk\u0101r\u0161\u0101 Gar\u0161a Vienreiz\u0113j\u0101s lieto\u0161anas Vape Vairumtirdzniec\u012bba<br \/>\nBang Box 30000 P\u016b\u0161\u013cu 0% 2% 3% 5% Bezmaksas Nikot\u012bns Vienreiz\u0113j\u0101s lieto\u0161anas Vape<\/p>\n<p><img loading=\"lazy\" decoding=\"async\" class=\"size-full wp-image-1978\" src=\"https:\/\/rmvapesale.com\/wp-content\/uploads\/2024\/09\/Disposable-Vape-Wholesale.jpg\" alt=\"Vienreiz\u0113jais vape vairumtirdzniec\u012bba\" width=\"229\" height=\"300\" \/><\/p>\n<h3><a href=\"https:\/\/wa.me\/8617776015835\"><span style=\"color: #ff0000\"><strong>WhatsApp: +86 17776015835<\/strong><\/span><\/a><\/h3>\n<p>&nbsp;<\/p>","protected":false},"featured_media":2315,"comment_status":"open","ping_status":"closed","template":"","meta":{"_uag_custom_page_level_css":"","_lmt_disableupdate":"no","_lmt_disable":"","site-sidebar-layout":"default","site-content-layout":"content-boxed-container","ast-site-content-layout":"normal-width-container","site-content-style":"boxed","site-sidebar-style":"unboxed","ast-global-header-display":"","ast-banner-title-visibility":"","ast-main-header-display":"","ast-hfb-above-header-display":"","ast-hfb-below-header-display":"","ast-hfb-mobile-header-display":"","site-post-title":"","ast-breadcrumbs-content":"","ast-featured-img":"","footer-sml-layout":"","theme-transparent-header-meta":"default","adv-header-id-meta":"","stick-header-meta":"","header-above-stick-meta":"","header-main-stick-meta":"","header-below-stick-meta":"","astra-migrate-meta-layouts":"set","ast-page-background-enabled":"default","ast-page-background-meta":{"desktop":{"background-color":"var(--ast-global-color-4)","background-image":"","background-repeat":"repeat","background-position":"center center","background-size":"auto","background-attachment":"scroll","background-type":"","background-media":"","overlay-type":"","overlay-color":"","overlay-opacity":"","overlay-gradient":""},"tablet":{"background-color":"","background-image":"","background-repeat":"repeat","background-position":"center center","background-size":"auto","background-attachment":"scroll","background-type":"","background-media":"","overlay-type":"","overlay-color":"","overlay-opacity":"","overlay-gradient":""},"mobile":{"background-color":"","background-image":"","background-repeat":"repeat","background-position":"center center","background-size":"auto","background-attachment":"scroll","background-type":"","background-media":"","overlay-type":"","overlay-color":"","overlay-opacity":"","overlay-gradient":""}},"ast-content-background-meta":{"desktop":{"background-color":"var(--ast-global-color-5)","background-image":"","background-repeat":"repeat","background-position":"center center","background-size":"auto","background-attachment":"scroll","background-type":"","background-media":"","overlay-type":"","overlay-color":"","overlay-opacity":"","overlay-gradient":""},"tablet":{"background-color":"var(--ast-global-color-5)","background-image":"","background-repeat":"repeat","background-position":"center center","background-size":"auto","background-attachment":"scroll","background-type":"","background-media":"","overlay-type":"","overlay-color":"","overlay-opacity":"","overlay-gradient":""},"mobile":{"background-color":"var(--ast-global-color-5)","background-image":"","background-repeat":"repeat","background-position":"center center","background-size":"auto","background-attachment":"scroll","background-type":"","background-media":"","overlay-type":"","overlay-color":"","overlay-opacity":"","overlay-gradient":""}},"_joinchat":[]},"product_brand":[],"product_cat":[15,25,123,26,28,135,27,60,137,136,30],"product_tag":[63,66,125,126,101,105,127,120],"class_list":{"0":"post-2329","1":"product","2":"type-product","3":"status-publish","4":"has-post-thumbnail","6":"product_cat-new-vape-this-week","7":"product_cat-germany-best-selling-vape","8":"product_cat-italy-wholesale-vape","9":"product_cat-netherlands-hot-sale-vape","10":"product_cat-poland-hot-sale-vape","11":"product_cat-spain-best-hot-sale-vape","12":"product_cat-fance-hot-sale-vape","13":"product_cat-bang-vapes","14":"product_cat-rechargeable-vapes","15":"product_cat-smart-screen-vapes","16":"product_cat-minimum-order-quantity-50pcs","17":"product_tag-bang-vapes","18":"product_tag-disposable-vape","19":"product_tag-disposable-vape-italy","20":"product_tag-e-cigarettes","21":"product_tag-led-display-vape","22":"product_tag-nicotine-free-disposable-vape","23":"product_tag-puff-30k","24":"product_tag-vape-wholesale","25":"desktop-align-left","26":"tablet-align-left","27":"mobile-align-left","29":"first","30":"instock","31":"sale","32":"shipping-taxable","33":"purchasable","34":"product-type-simple"},"uagb_featured_image_src":{"full":["https:\/\/rmvapesale.com\/wp-content\/uploads\/2024\/10\/Bang-Box-30k-Puffs-Discount-Price-Fashion-Vape.jpg",800,800,false],"thumbnail":["https:\/\/rmvapesale.com\/wp-content\/uploads\/2024\/10\/Bang-Box-30k-Puffs-Discount-Price-Fashion-Vape-150x150.jpg",150,150,true],"medium":["https:\/\/rmvapesale.com\/wp-content\/uploads\/2024\/10\/Bang-Box-30k-Puffs-Discount-Price-Fashion-Vape-300x300.jpg",300,300,true],"medium_large":["https:\/\/rmvapesale.com\/wp-content\/uploads\/2024\/10\/Bang-Box-30k-Puffs-Discount-Price-Fashion-Vape-768x768.jpg",768,768,true],"large":["https:\/\/rmvapesale.com\/wp-content\/uploads\/2024\/10\/Bang-Box-30k-Puffs-Discount-Price-Fashion-Vape.jpg",800,800,false],"1536x1536":["https:\/\/rmvapesale.com\/wp-content\/uploads\/2024\/10\/Bang-Box-30k-Puffs-Discount-Price-Fashion-Vape.jpg",800,800,false],"2048x2048":["https:\/\/rmvapesale.com\/wp-content\/uploads\/2024\/10\/Bang-Box-30k-Puffs-Discount-Price-Fashion-Vape.jpg",800,800,false],"trp-custom-language-flag":["https:\/\/rmvapesale.com\/wp-content\/uploads\/2024\/10\/Bang-Box-30k-Puffs-Discount-Price-Fashion-Vape.jpg",12,12,false],"woocommerce_thumbnail":["https:\/\/rmvapesale.com\/wp-content\/uploads\/2024\/10\/Bang-Box-30k-Puffs-Discount-Price-Fashion-Vape-300x300.jpg",300,300,true],"woocommerce_single":["https:\/\/rmvapesale.com\/wp-content\/uploads\/2024\/10\/Bang-Box-30k-Puffs-Discount-Price-Fashion-Vape-600x600.jpg",600,600,true],"woocommerce_gallery_thumbnail":["https:\/\/rmvapesale.com\/wp-content\/uploads\/2024\/10\/Bang-Box-30k-Puffs-Discount-Price-Fashion-Vape-100x100.jpg",100,100,true],"wcpr-photo-reviews":["https:\/\/rmvapesale.com\/wp-content\/uploads\/2024\/10\/Bang-Box-30k-Puffs-Discount-Price-Fashion-Vape.jpg",500,500,false]},"uagb_author_info":{"display_name":"AMY","author_link":"https:\/\/rmvapesale.com\/lv\/author\/"},"uagb_comment_info":0,"uagb_excerpt":"Bang Box 30000 Puffs Smart Screen Disposable E Cigarettes Bang Vape Box 30000 Puffs Duble Taste Disposable Vape Wholesale Bang Box 30000 Puffs 0% 2% 3% 5% Free Nicotine Disposable Vape WhatsApp: +86 17776015835 &nbsp;","_links":{"self":[{"href":"https:\/\/rmvapesale.com\/lv\/wp-json\/wp\/v2\/product\/2329","targetHints":{"allow":["GET"]}}],"collection":[{"href":"https:\/\/rmvapesale.com\/lv\/wp-json\/wp\/v2\/product"}],"about":[{"href":"https:\/\/rmvapesale.com\/lv\/wp-json\/wp\/v2\/types\/product"}],"replies":[{"embeddable":true,"href":"https:\/\/rmvapesale.com\/lv\/wp-json\/wp\/v2\/comments?post=2329"}],"wp:featuredmedia":[{"embeddable":true,"href":"https:\/\/rmvapesale.com\/lv\/wp-json\/wp\/v2\/media\/2315"}],"wp:attachment":[{"href":"https:\/\/rmvapesale.com\/lv\/wp-json\/wp\/v2\/media?parent=2329"}],"wp:term":[{"taxonomy":"product_brand","embeddable":true,"href":"https:\/\/rmvapesale.com\/lv\/wp-json\/wp\/v2\/product_brand?post=2329"},{"taxonomy":"product_cat","embeddable":true,"href":"https:\/\/rmvapesale.com\/lv\/wp-json\/wp\/v2\/product_cat?post=2329"},{"taxonomy":"product_tag","embeddable":true,"href":"https:\/\/rmvapesale.com\/lv\/wp-json\/wp\/v2\/product_tag?post=2329"}],"curies":[{"name":"wp","href":"https:\/\/api.w.org\/{rel}","templated":true}]}}