{"id":2344,"date":"2024-10-11T03:13:13","date_gmt":"2024-10-11T03:13:13","guid":{"rendered":"https:\/\/rmvapesale.com\/?post_type=product&#038;p=2344"},"modified":"2024-10-11T04:01:54","modified_gmt":"2024-10-11T04:01:54","slug":"mrvi-puffing-15000-puff-disposable-vape-box","status":"publish","type":"product","link":"https:\/\/rmvapesale.com\/lv\/product\/mrvi-puffing-15000-puff-disposable-vape-box\/","title":{"rendered":"MRVI PUFFING 15000 uzp\u016btienu vienreiz\u0113j\u0101s lieto\u0161anas vape kaste"},"content":{"rendered":"<div class=\"B2VR9 CJHX3e\">\n<div class=\"wyccme\">\n<h1 class=\"LC20lb MBeuO DKV0Md\">MRVI PUFFING 15000 uzp\u016btienu vienreiz\u0113j\u0101s lieto\u0161anas vape kaste<\/h1>\n<div class=\"flex-shrink-0 flex flex-col relative items-end\">\n<div class=\"pt-0\">\n<div class=\"gizmo-bot-avatar flex h-8 w-8 items-center justify-center overflow-hidden rounded-full\">\n<div class=\"relative p-1 rounded-sm flex items-center justify-center bg-token-main-surface-primary text-token-text-primary h-8 w-8\">\n<p>Sagatavojieties lieliskai tvaic\u0113\u0161anas pieredzei ar MRVI PUFFING 15000 uzp\u016b\u0161u vienreiz\u0113j\u0101s lieto\u0161anas vape kasti! Izstr\u0101d\u0101ts tiem, kas v\u0113las ilgsto\u0161u darb\u012bbu, \u0161is vape nodro\u0161ina 15 000 uzp\u016b\u0161u, nodro\u0161inot, ka varat to baud\u012bt vair\u0101kas dienas bez raiz\u0113m.<\/p>\n<p>Apr\u012bkots ar jaud\u012bgu 750 mAh uzl\u0101d\u0113jamu akumulatoru un C tipa uzl\u0101des portu, j\u016bs nekad nepaliksit bez str\u0101vas. 25 ml e-\u0161\u0137idruma ietilp\u012bba un dubult\u0101 sieta spoles tehnolo\u0123ija nodro\u0161ina bag\u0101t\u012bgus, arom\u0101tiskus tr\u0101p\u012bjumus katru reizi. Turkl\u0101t j\u016bs varat uzraudz\u012bt savu lietojumu, izmantojot \u0113rto e-\u0161\u0137idruma un baro\u0161anas ekr\u0101na displeju.<\/p>\n<p>Izv\u0113lieties starp 2% vai 5% nikot\u012bna stiprumu atkar\u012bb\u0101 no j\u016bsu v\u0113lm\u0113m. Un papildus tam MRVI Puffing ir apr\u012bkots ar gludu siksni\u0146u, kas atvieglo t\u0101 n\u0113s\u0101\u0161anu l\u012bdzi, lai kur j\u016bs dotos!<\/p>\n<p>MRVI PUFFING 15000 uzp\u016b\u0161u vienreiz\u0113j\u0101s lieto\u0161anas vape kaste ir lieliski piem\u0113rota tiem, kam pat\u012bk gan \u0113rt\u012bbas, gan veiktsp\u0113ja, un t\u0101 liks j\u016bsu klientiem atgriezties, lai ieg\u016btu vair\u0101k MRVI PUFFING 15000 uzp\u016b\u0161u vienreiz\u0113j\u0101s lieto\u0161anas vape kaste<\/p>\n<p>&nbsp;<\/p>\n<\/div>\n<\/div>\n<\/div>\n<\/div>\n<\/div>\n<\/div>\n<p><strong>Sazinieties ar Eimiju, lai sa\u0146emtu pareizu atbildi un vair\u0101k produktu video!<\/strong><\/p>\n<p><img loading=\"lazy\" decoding=\"async\" class=\"size-full wp-image-1978\" src=\"https:\/\/rmvapesale.com\/wp-content\/uploads\/2024\/09\/Disposable-Vape-Wholesale.jpg\" alt=\"Vienreiz\u0113jais vape vairumtirdzniec\u012bba\" width=\"229\" height=\"300\" \/><\/p>\n<h3><a href=\"https:\/\/wa.me\/8617776015835\" target=\"_blank\" rel=\"noopener\"><span style=\"color: #ff0000\"><strong>WhatsApp: +86 17776015835<\/strong><\/span><\/a><\/h3>\n<p>&nbsp;<\/p>\n<h2><\/h2>\n<h2><strong>MRVI PUFFING 15000 Puff galven\u0101s funkcijas<\/strong><\/h2>\n<ul>\n<li><strong>Augsts uzp\u016b\u0161u skaits<\/strong>: Izbaudiet l\u012bdz <strong>15 000 uzp\u016btienu<\/strong>, nodro\u0161inot ilgsto\u0161u tvaic\u0113\u0161anas pieredzi bez bie\u017eas nomai\u0146as.<\/li>\n<li><strong>E-\u0161\u0137idruma ietilp\u012bba<\/strong>: <strong>25 ml e-\u0161\u0137idruma tvertne<\/strong> nodro\u0161ina ilg\u0101ku lieto\u0161anu, samazinot nepiecie\u0161am\u012bbu p\u0113c atk\u0101rtotas uzpildes.<\/li>\n<li><strong>Uzl\u0101d\u0113jams akumulators<\/strong>: Darbojas ar <strong>750 mAh akumulatoru<\/strong>, nodro\u0161inot uzticamu veiktsp\u0113ju ar uzl\u0101des \u0113rt\u012bb\u0101m.<\/li>\n<li><strong>C tipa uzl\u0101de<\/strong>: \u0100tra un efekt\u012bva uzl\u0101de ar moderno <strong>C tipa portu<\/strong>, nodro\u0161inot ener\u0123iju \u012bs\u0101 laik\u0101.<\/li>\n<li><strong>Divk\u0101r\u0161a t\u012bkli\u0146a spoles tehnolo\u0123ija<\/strong>: Uzlabojiet savu tvaic\u0113\u0161anas pieredzi ar <strong>divk\u0101r\u0161\u0101m t\u012bkli\u0146a spol\u0113m<\/strong>, pied\u0101v\u0101jot bag\u0101t\u012bgu gar\u0161u un vienm\u0113r\u012bgu tvaika veido\u0161anu.<\/li>\n<li><strong>Vied\u0101 ekr\u0101na displejs<\/strong>: Esiet inform\u0113ts ar <strong>digit\u0101lo displeju<\/strong> , kas vien\u0101 mirkl\u012b par\u0101da gan e-\u0161\u0137idruma l\u012bmeni, gan akumulatora darb\u012bbas laiku.<\/li>\n<li><strong>Nikot\u012bna opcijas<\/strong>: Pieejams <strong>2% un 5%<\/strong> nikot\u012bna stiprumi, kas atbilst da\u017e\u0101d\u0101m v\u0113lm\u0113m.<\/li>\n<li><strong>\u0112rta siksni\u0146a<\/strong>: Komplekt\u0101 ar <strong>siksni\u0146u<\/strong> viegla p\u0101rn\u0113s\u0101\u0161anai, padarot to par perfektu pavadoni vap\u0113\u0161anai, atrodoties ce\u013c\u0101.<\/li>\n<\/ul>\n<figure id=\"attachment_2345\" aria-describedby=\"caption-attachment-2345\" style=\"width: 808px\" class=\"wp-caption alignnone\"><img loading=\"lazy\" decoding=\"async\" class=\"wp-image-2345 size-full\" src=\"https:\/\/rmvapesale.com\/wp-content\/uploads\/2024\/10\/Mrvi-Puffing-15k-Price.jpg\" alt=\"Mrvi Puffing 15k Cena\" width=\"808\" height=\"808\" srcset=\"https:\/\/rmvapesale.com\/wp-content\/uploads\/2024\/10\/Mrvi-Puffing-15k-Price.jpg 808w, https:\/\/rmvapesale.com\/wp-content\/uploads\/2024\/10\/Mrvi-Puffing-15k-Price-300x300.jpg 300w, https:\/\/rmvapesale.com\/wp-content\/uploads\/2024\/10\/Mrvi-Puffing-15k-Price-150x150.jpg 150w, https:\/\/rmvapesale.com\/wp-content\/uploads\/2024\/10\/Mrvi-Puffing-15k-Price-768x768.jpg 768w, https:\/\/rmvapesale.com\/wp-content\/uploads\/2024\/10\/Mrvi-Puffing-15k-Price-600x600.jpg 600w, https:\/\/rmvapesale.com\/wp-content\/uploads\/2024\/10\/Mrvi-Puffing-15k-Price-100x100.jpg 100w\" sizes=\"auto, (max-width: 808px) 100vw, 808px\" \/><figcaption id=\"caption-attachment-2345\" class=\"wp-caption-text\">Mrvi Puffing 15k Cena<\/figcaption><\/figure>\n<h2><strong>Lab\u0101k\u0101 gar\u0161a MRVI PUFFING 15000 uzp\u016btienu E-cigaretei<\/strong><\/h2>\n<p>Ar 10 p\u0101rsteidzo\u0161\u0101m gar\u0161\u0101m, no kur\u0101m izv\u0113l\u0113ties, ieskaitot aug\u013cu un ledainas iesp\u0113jas, MRVI PUFFING 15000 uzp\u016btienu vienreiz\u0113j\u0101s lieto\u0161anas komplekts pied\u0101v\u0101 kaut ko katrai gaumei.<\/p>\n<p>1. Mellenes uz ledus<span style=\"color: #ff0000\"><strong>&gt;&gt;&gt;&gt; Karsti!<\/strong><\/span><br \/>\n2. Ban\u0101nu kokteilis<br \/>\n3. Zeme\u0146u arb\u016bzs<br \/>\n4. Medus melones sald\u0113jums<br \/>\n5. Sarkano \u0101bolu ledus<br \/>\n6. Persiku mango<br \/>\n7. Melle\u0146u ko\u0161\u013c\u0101jam\u0101 gumija<span style=\"color: #ff0000\"><strong>&gt;&gt;&gt;&gt; Viss lab\u0101kais!<\/strong><\/span><br \/>\n8. Sul\u012bgs ledus<br \/>\n9. Anan\u0101su ledus<br \/>\n10. Roz\u0101 spr\u0101dziens<span style=\"color: #ff0000\"><strong>&gt;&gt;&gt;&gt; Karsti!<\/strong><\/span><\/p>\n<p>&nbsp;<\/p>\n<h3><strong>K\u0101p\u0113c izv\u0113l\u0113ties Rmvapesale savam MRVI PUFFING 15000 dvesienu vienreiz\u0113j\u0101s lieto\u0161anas vape komplektam?<\/strong><\/h3>\n<div class=\"flex-shrink-0 flex flex-col relative items-end\">\n<div class=\"pt-0\">\n<div class=\"gizmo-bot-avatar flex h-8 w-8 items-center justify-center overflow-hidden rounded-full\">\n<div class=\"relative p-1 rounded-sm flex items-center justify-center bg-token-main-surface-primary text-token-text-primary h-8 w-8\">\n<p>&nbsp;<\/p>\n<p>Kad izv\u0113laties Rmvapesale sav\u0101m vairumtirdzniec\u012bbas vienreiz\u0113j\u0101s lieto\u0161anas e-cigare\u0161u vajadz\u012bb\u0101m, j\u016bs ieg\u016bstat \u0161\u0101das priek\u0161roc\u012bbas:<\/p>\n<ul>\n<li><strong>Konkur\u0113tsp\u0113j\u012bga cena<\/strong>Ieg\u016bstiet pieeju pievilc\u012bg\u0101m vairumtirdzniec\u012bbas cen\u0101m, kas palielina j\u016bsu biznesa pe\u013c\u0146u.<\/li>\n<li><strong>Augsta kvalit\u0101te<\/strong>M\u016bsu vape ir izstr\u0101d\u0101tas atbilsto\u0161i augst\u0101kajiem standartiem, un <span style=\"color: #ff0000\"><strong>Garant\u0113ti 100% ori\u0123in\u0101li un autentiski, pret\u0113j\u0101 gad\u012bjum\u0101 par viltot\u0101m prec\u0113m tiks nodro\u0161in\u0101ta 10 reizes liel\u0101ka kompens\u0101cija!<\/strong><\/span><\/li>\n<li><strong>Izcils klientu serviss<\/strong>M\u016bsu \u012bpa\u0161\u0101 komanda vienm\u0113r ir gatava jums pal\u012bdz\u0113t, padarot j\u016bsu pirk\u0161anas procesu vienk\u0101r\u0161u un \u0113rtu.<\/li>\n<li><strong>\u0100tra<\/strong>: Sagaidiet \u0101tru un uzticamu pieg\u0101di, kas nodro\u0161ina, ka j\u016bsu pas\u016bt\u012bjumi vienm\u0113r tiek pieg\u0101d\u0101ti laik\u0101.<\/li>\n<\/ul>\n<h3><\/h3>\n<h3><b>Bie\u017e\u0101k uzdotie jaut\u0101jumi<\/b><\/h3>\n<p><strong>Q1: Cik dvesienu es varu ieg\u016bt no MRVI PUFFING 15000 dvesienu vienreiz\u0113j\u0101s lieto\u0161anas vape?<\/strong><br \/>\n<strong>A1:<\/strong> MRVI PUFFING pied\u0101v\u0101 iespaid\u012bgu <strong>15 000 uzp\u016btienu<\/strong>, nodro\u0161inot, ka varat baud\u012bt ilgsto\u0161u veipo\u0161anu bez bie\u017eas nomai\u0146as nepiecie\u0161am\u012bbas.<\/p>\n<p><strong>Q2: Vai MRVI PUFFING 15000 dvesienu ir uzl\u0101d\u0113jams?<\/strong><br \/>\n<strong>A2:<\/strong> J\u0101! \u0160im vape ir <strong>750 mAh uzl\u0101d\u0113jams akumulators<\/strong>, kas \u013cauj \u0113rti uzl\u0101d\u0113t, izmantojot <strong>C tipa portu<\/strong> , lai nodro\u0161in\u0101tu \u0113rt\u012bbas un ilg\u0101ku lieto\u0161anu.<\/p>\n<\/div>\n<\/div>\n<\/div>\n<\/div>\n<div class=\"group\/conversation-turn relative flex w-full min-w-0 flex-col agent-turn\">\n<div class=\"flex-col gap-1 md:gap-3\">\n<div class=\"flex max-w-full flex-col flex-grow\">\n<div class=\"min-h-8 text-message flex w-full flex-col items-end gap-2 whitespace-normal break-words [.text-message+&amp;]:mt-5\" dir=\"auto\" data-message-author-role=\"assistant\" data-message-id=\"f226d3fc-81f3-46d5-8c46-31787fff0357\">\n<div class=\"flex w-full flex-col gap-1 empty:hidden first:pt-[3px]\">\n<div class=\"markdown prose w-full break-words dark:prose-invert light\">\n<p><strong>Q3: Vai es varu piel\u0101got nikot\u012bna stiprumu MRVI 15000 dvesienu vienreiz\u0113j\u0101s lieto\u0161anas vape?<\/strong><br \/>\n<strong>A3:<\/strong> J\u0101, j\u016bs varat izv\u0113l\u0113ties starp <strong>2% un 5% nikot\u012bna stiprumi<\/strong> lai atbilstu j\u016bsu veipo\u0161anas v\u0113lm\u0113m.<\/p>\n<p><strong>Q4: K\u0101 MRVI PUFFING 15000 dvesienu Vape Bar uzlabo manu veipo\u0161anas pieredzi?<\/strong><br \/>\n<strong>A4:<\/strong> Ar savu <strong>dubult\u0101 sieta spir\u0101les tehnolo\u0123iju<\/strong>, j\u016bs varat baud\u012bt bag\u0101t\u012bgu gar\u0161u un vienm\u0113r\u012bgu tvaika veido\u0161anos, padarot katru dvesienu apmierino\u0161u.<\/p>\n<p><strong>Q5: Vai MRVI PUFFING vape ir displeja funkcija?<\/strong><br \/>\n<strong>A5:<\/strong> Piln\u012bgi noteikti! Taj\u0101 ir <strong>e-\u0161\u0137idruma un jaudas ekr\u0101na displejs<\/strong> , lai j\u016bs var\u0113tu viegli uzraudz\u012bt atliku\u0161o e-\u0161\u0137idrumu un akumulatora darb\u012bbas laiku.<\/p>\n<p><strong>Q6: Vai MRVI 15000 dvesienu uzl\u0101d\u0113jamo vape ir viegli p\u0101rn\u0113s\u0101t?<\/strong><br \/>\n<strong>A6:<\/strong> J\u0101, kompaktais dizains padara to p\u0101rn\u0113s\u0101jamu, un tas ir lieliski piem\u0113rots veipo\u0161anai ce\u013c\u0101, neatkar\u012bgi no t\u0101, vai atrodaties m\u0101j\u0101s vai \u0101rpus t\u0101s.<\/p>\n<p><strong>Q7: Kur es varu ieg\u0101d\u0101ties MRVI 15000 dvesienu vienreiz\u0113j\u0101s lieto\u0161anas vape?<\/strong><br \/>\n<strong>A7:<\/strong> J\u016bs varat atrast MRVI PUFFING 15000 dvesienu vienreiz\u0113j\u0101s lieto\u0161anas vape da\u017e\u0101dos mazumtirgot\u0101jos un tie\u0161saistes platform\u0101s, nodro\u0161inot \u0113rtu piek\u013cuvi vis\u0101m j\u016bsu veipo\u0161anas vajadz\u012bb\u0101m.<\/p>\n<\/div>\n<\/div>\n<\/div>\n<\/div>\n<\/div>\n<\/div>\n<h3>Par s\u016bt\u012bjumu<\/h3>\n<div class=\"flex-shrink-0 flex flex-col relative items-end\">\n<div>\n<div class=\"pt-0\">\n<div class=\"gizmo-bot-avatar flex h-8 w-8 items-center justify-center overflow-hidden rounded-full\">\n<div><\/div>\n<div class=\"relative p-1 rounded-sm flex items-center justify-center bg-token-main-surface-primary text-token-text-primary h-8 w-8\"><strong>1. K\u0101das pieg\u0101des metodes tiek izmantotas?<\/strong><\/div>\n<\/div>\n<\/div>\n<\/div>\n<\/div>\n<div class=\"group\/conversation-turn relative flex w-full min-w-0 flex-col agent-turn\">\n<div class=\"flex-col gap-1 md:gap-3\">\n<div class=\"flex max-w-full flex-col flex-grow\">\n<div class=\"min-h-[20px] text-message flex w-full flex-col items-end gap-2 whitespace-normal break-words [.text-message+&amp;]:mt-5 overflow-x-auto\" dir=\"auto\" data-message-author-role=\"assistant\" data-message-id=\"22f8283b-3233-46ff-89a5-c7a41b33abda\">\n<div class=\"flex w-full flex-col gap-1 empty:hidden first:pt-[3px]\">\n<div class=\"markdown prose w-full break-words dark:prose-invert light\">\n<p>M\u0113s sadarbojamies ar UPS, DHL, FedEx, DPD un citiem vado\u0161ajiem p\u0101rvad\u0101t\u0101jiem. M\u0113s izv\u0113l\u0113simies lab\u0101ko pieg\u0101des veidu, pamatojoties uz j\u016bsu pieg\u0101des vietu, lai nodro\u0161in\u0101tu, ka j\u016bs sa\u0146emat savus produktus p\u0113c iesp\u0113jas \u0101tr\u0101k.<\/p>\n<\/div>\n<p><strong>2. Cik ilgs laiks paiet, l\u012bdz tas pien\u0101k?<\/strong><\/p>\n<p>Pieg\u0101des uz Latviju parasti ierodas 10 darba dienu laik\u0101. Pieg\u0101de uz Eiropas valst\u012bm parasti aiz\u0146em apm\u0113ram 12-15 darba dienas. M\u0113s nodro\u0161in\u0101sim re\u0101llaika atjaunin\u0101jumus par j\u016bsu pieg\u0101des statusu.<\/p>\n<\/div>\n<\/div>\n<\/div>\n<\/div>\n<\/div>\n<p>&nbsp;<\/p>\n<p>Citi popul\u0101ri vape, kas jums var\u0113tu patikt:<\/p>\n<p><a href=\"https:\/\/rmvapesale.com\/lv\/product\/elf-box-vape-bk12000-puff-disposable-pod-wholesale\/\"><strong>ELF BOX BK12000 Dvesieni <span style=\"color: #ff0000\">&gt;&gt;&gt;&gt; uz priek\u0161u!<\/span><\/strong><\/a><\/p>\n<p><strong><a href=\"https:\/\/rmvapesale.com\/lv\/product\/waspe-fihp-30000-puffs-led-display-disposable-vape-box\/\">WASPE FIHP 30000 Dvesieni <span style=\"color: #ff0000\">&gt;&gt;&gt;&gt; uz priek\u0161u!<\/span><\/a>\u00a0<\/strong><\/p>\n<h2 class=\"woocommerce-loop-product__title\"><a style=\"font-size: 16px\" href=\"https:\/\/rmvapesale.com\/lv\/product\/randm-tornado-15000-puffs-vape-wholesale\/\"><strong>RandM Tornado 15000 <span style=\"color: #ff0000\">&gt;&gt;&gt;&gt; uz priek\u0161u!<\/span><\/strong><\/a><\/h2>\n<p>&nbsp;<\/p>\n<p>&nbsp;<\/p>\n<p>Atrodiet vair\u0101k Vape produktu, kas jums var\u0113tu patikt:<strong><em><a href=\"https:\/\/rmvapesale.com\/lv\/shop-2\/\">iepirkties tagad &gt;&gt;&gt;<\/a><\/em><\/strong><\/p>","protected":false},"excerpt":{"rendered":"<p>R\u016bpn\u012bcas ori\u0123in\u0101l\u0101 MRVI PUFFING 15000 UZP\u016a\u0160U vape kaste<br \/>\nMRVI 15000 Uzp\u016b\u0161 2% 5% 25 ml E-\u0161\u0137idrums Uzl\u0101d\u0113jams<br \/>\nMRVI PUFFING 1500015K Uzp\u016b\u0161 vairumtirdzniec\u012bbas cenas vape<\/p>\n<p><img loading=\"lazy\" decoding=\"async\" class=\"size-full wp-image-1978\" src=\"https:\/\/rmvapesale.com\/wp-content\/uploads\/2024\/09\/Disposable-Vape-Wholesale.jpg\" alt=\"Vienreiz\u0113jais vape vairumtirdzniec\u012bba\" width=\"229\" height=\"300\" \/><\/p>\n<h3><a href=\"https:\/\/wa.me\/8617776015835\"><span style=\"color: #ff0000\"><strong>WhatsApp: +86 17776015835<\/strong><\/span><\/a><\/h3>\n<p>&nbsp;<\/p>","protected":false},"featured_media":2349,"comment_status":"open","ping_status":"closed","template":"","meta":{"_uag_custom_page_level_css":"","_lmt_disableupdate":"","_lmt_disable":"","site-sidebar-layout":"default","site-content-layout":"content-boxed-container","ast-site-content-layout":"normal-width-container","site-content-style":"boxed","site-sidebar-style":"unboxed","ast-global-header-display":"","ast-banner-title-visibility":"","ast-main-header-display":"","ast-hfb-above-header-display":"","ast-hfb-below-header-display":"","ast-hfb-mobile-header-display":"","site-post-title":"","ast-breadcrumbs-content":"","ast-featured-img":"","footer-sml-layout":"","ast-disable-related-posts":"","theme-transparent-header-meta":"default","adv-header-id-meta":"","stick-header-meta":"","header-above-stick-meta":"","header-main-stick-meta":"","header-below-stick-meta":"","astra-migrate-meta-layouts":"set","ast-page-background-enabled":"default","ast-page-background-meta":{"desktop":{"background-color":"var(--ast-global-color-4)","background-image":"","background-repeat":"repeat","background-position":"center center","background-size":"auto","background-attachment":"scroll","background-type":"","background-media":"","overlay-type":"","overlay-color":"","overlay-opacity":"","overlay-gradient":""},"tablet":{"background-color":"","background-image":"","background-repeat":"repeat","background-position":"center center","background-size":"auto","background-attachment":"scroll","background-type":"","background-media":"","overlay-type":"","overlay-color":"","overlay-opacity":"","overlay-gradient":""},"mobile":{"background-color":"","background-image":"","background-repeat":"repeat","background-position":"center center","background-size":"auto","background-attachment":"scroll","background-type":"","background-media":"","overlay-type":"","overlay-color":"","overlay-opacity":"","overlay-gradient":""}},"ast-content-background-meta":{"desktop":{"background-color":"var(--ast-global-color-5)","background-image":"","background-repeat":"repeat","background-position":"center center","background-size":"auto","background-attachment":"scroll","background-type":"","background-media":"","overlay-type":"","overlay-color":"","overlay-opacity":"","overlay-gradient":""},"tablet":{"background-color":"var(--ast-global-color-5)","background-image":"","background-repeat":"repeat","background-position":"center center","background-size":"auto","background-attachment":"scroll","background-type":"","background-media":"","overlay-type":"","overlay-color":"","overlay-opacity":"","overlay-gradient":""},"mobile":{"background-color":"var(--ast-global-color-5)","background-image":"","background-repeat":"repeat","background-position":"center center","background-size":"auto","background-attachment":"scroll","background-type":"","background-media":"","overlay-type":"","overlay-color":"","overlay-opacity":"","overlay-gradient":""}},"_joinchat":[]},"product_brand":[],"product_cat":[15,60,27,25,123,30,26,28],"product_tag":[131,66,125,126,134,132,133],"class_list":{"0":"post-2344","1":"product","2":"type-product","3":"status-publish","4":"has-post-thumbnail","6":"product_cat-new-vape-this-week","7":"product_cat-bang-vapes","8":"product_cat-fance-hot-sale-vape","9":"product_cat-germany-best-selling-vape","10":"product_cat-italy-wholesale-vape","11":"product_cat-minimum-order-quantity-50pcs","12":"product_cat-netherlands-hot-sale-vape","13":"product_cat-poland-hot-sale-vape","14":"product_tag-big-puff-vape","15":"product_tag-disposable-vape","16":"product_tag-disposable-vape-italy","17":"product_tag-e-cigarettes","18":"product_tag-mrvi-puffing-15k-price","19":"product_tag-rechargeable-vape","20":"product_tag-vape-bar","21":"desktop-align-left","22":"tablet-align-left","23":"mobile-align-left","25":"first","26":"instock","27":"sale","28":"shipping-taxable","29":"purchasable","30":"product-type-simple"},"uagb_featured_image_src":{"full":["https:\/\/rmvapesale.com\/wp-content\/uploads\/2024\/10\/MRVI-PUFFING-15000.jpg",808,808,false],"thumbnail":["https:\/\/rmvapesale.com\/wp-content\/uploads\/2024\/10\/MRVI-PUFFING-15000-150x150.jpg",150,150,true],"medium":["https:\/\/rmvapesale.com\/wp-content\/uploads\/2024\/10\/MRVI-PUFFING-15000-300x300.jpg",300,300,true],"medium_large":["https:\/\/rmvapesale.com\/wp-content\/uploads\/2024\/10\/MRVI-PUFFING-15000-768x768.jpg",768,768,true],"large":["https:\/\/rmvapesale.com\/wp-content\/uploads\/2024\/10\/MRVI-PUFFING-15000.jpg",808,808,false],"1536x1536":["https:\/\/rmvapesale.com\/wp-content\/uploads\/2024\/10\/MRVI-PUFFING-15000.jpg",808,808,false],"2048x2048":["https:\/\/rmvapesale.com\/wp-content\/uploads\/2024\/10\/MRVI-PUFFING-15000.jpg",808,808,false],"trp-custom-language-flag":["https:\/\/rmvapesale.com\/wp-content\/uploads\/2024\/10\/MRVI-PUFFING-15000.jpg",12,12,false],"woocommerce_thumbnail":["https:\/\/rmvapesale.com\/wp-content\/uploads\/2024\/10\/MRVI-PUFFING-15000-300x300.jpg",300,300,true],"woocommerce_single":["https:\/\/rmvapesale.com\/wp-content\/uploads\/2024\/10\/MRVI-PUFFING-15000-600x600.jpg",600,600,true],"woocommerce_gallery_thumbnail":["https:\/\/rmvapesale.com\/wp-content\/uploads\/2024\/10\/MRVI-PUFFING-15000-100x100.jpg",100,100,true],"wcpr-photo-reviews":["https:\/\/rmvapesale.com\/wp-content\/uploads\/2024\/10\/MRVI-PUFFING-15000.jpg",500,500,false]},"uagb_author_info":{"display_name":"AMY","author_link":"https:\/\/rmvapesale.com\/lv\/author\/"},"uagb_comment_info":0,"uagb_excerpt":"Factory Original MRVI PUFFING 15000 PUFFS Vape Box MRVI 15000 Puffs 2% 5% 25mL E-liquid Rechargeable MRVI PUFFING 1500015K Puffs Wholesale Price vape WhatsApp: +86 17776015835 &nbsp;","_links":{"self":[{"href":"https:\/\/rmvapesale.com\/lv\/wp-json\/wp\/v2\/product\/2344","targetHints":{"allow":["GET"]}}],"collection":[{"href":"https:\/\/rmvapesale.com\/lv\/wp-json\/wp\/v2\/product"}],"about":[{"href":"https:\/\/rmvapesale.com\/lv\/wp-json\/wp\/v2\/types\/product"}],"replies":[{"embeddable":true,"href":"https:\/\/rmvapesale.com\/lv\/wp-json\/wp\/v2\/comments?post=2344"}],"wp:featuredmedia":[{"embeddable":true,"href":"https:\/\/rmvapesale.com\/lv\/wp-json\/wp\/v2\/media\/2349"}],"wp:attachment":[{"href":"https:\/\/rmvapesale.com\/lv\/wp-json\/wp\/v2\/media?parent=2344"}],"wp:term":[{"taxonomy":"product_brand","embeddable":true,"href":"https:\/\/rmvapesale.com\/lv\/wp-json\/wp\/v2\/product_brand?post=2344"},{"taxonomy":"product_cat","embeddable":true,"href":"https:\/\/rmvapesale.com\/lv\/wp-json\/wp\/v2\/product_cat?post=2344"},{"taxonomy":"product_tag","embeddable":true,"href":"https:\/\/rmvapesale.com\/lv\/wp-json\/wp\/v2\/product_tag?post=2344"}],"curies":[{"name":"wp","href":"https:\/\/api.w.org\/{rel}","templated":true}]}}