{"id":2351,"date":"2024-10-11T08:11:29","date_gmt":"2024-10-11T08:11:29","guid":{"rendered":"https:\/\/rmvapesale.com\/?post_type=product&#038;p=2351"},"modified":"2024-10-11T08:47:10","modified_gmt":"2024-10-11T08:47:10","slug":"bang-box-18000-puffs-led-display-disposable-vape-original","status":"publish","type":"product","link":"https:\/\/rmvapesale.com\/lv\/product\/bang-box-18000-puffs-led-display-disposable-vape-original\/","title":{"rendered":"Bang Box 18000 uzp\u016btienu LED displeja vienreiz\u0113j\u0101s lieto\u0161anas veips ori\u0123in\u0101ls"},"content":{"rendered":"<div class=\"B2VR9 CJHX3e\">\n<div class=\"wyccme\">\n<h1 class=\"LC20lb MBeuO DKV0Md\">Bang Box 18000 Puffs LED displejs Vienreiz\u0113j\u0101s lieto\u0161anas vape Ori\u0123in\u0101la versija<\/h1>\n<div class=\"flex-shrink-0 flex flex-col relative items-end\">\n<div class=\"pt-0\">\n<div class=\"gizmo-bot-avatar flex h-8 w-8 items-center justify-center overflow-hidden rounded-full\">\n<div class=\"relative p-1 rounded-sm flex items-center justify-center bg-token-main-surface-primary text-token-text-primary h-8 w-8\">\n<p>Bang Box 18000 Puffs ir karsts p\u0101rdo\u0161anas LED displeja vienreiz\u0113j\u0101s lieto\u0161anas vape, ide\u0101ls tiem, kas v\u0113las augstas kvalit\u0101tes, ilgi darbojo\u0161u vaping pieredzi. Ar iespaid\u012bgu 18 000 pufa kapacit\u0101ti \u0161\u012b ier\u012bce darbojas daudz ilg\u0101k nek\u0101 liel\u0101k\u0101 da\u013ca tirg\u016b pieejamo vienreiz\u0113jo vape. T\u0101 d\u0101snais 26 ml e-\u0161\u0137idruma tvertne un izv\u0113le nikot\u012bna stiprumiem 0%, 2%, 3% un 5% padara to daudzpus\u012bgu, apmierinot gan vieglus, gan smagus vaperus.<\/p>\n<p>Izstr\u0101d\u0101ts gan \u0113rt\u012bbai, gan apmierin\u0101jumam, \u0161is vienreiz\u0113j\u0101s lieto\u0161anas vape bar ir apr\u012bkots ar uzl\u0101d\u0113jamu 850mAh akumulatoru un \u0101tru Type-C uzl\u0101di, nodro\u0161inot, ka j\u016bs paliekat piln\u012bb\u0101 uzl\u0101d\u0113ts visas dienas garum\u0101. Izcila LED digit\u0101l\u0101 displeja sniedz re\u0101llaika inform\u0101ciju par akumulatora darb\u012bbas laiku un pufa skaitu, \u013caujot viegli uzraudz\u012bt j\u016bsu ier\u012bci.<\/p>\n<p>&nbsp;<\/p>\n<\/div>\n<\/div>\n<\/div>\n<\/div>\n<\/div>\n<\/div>\n<p><strong>Sazinieties ar Eimiju, lai sa\u0146emtu pareizu atbildi un vair\u0101k produktu video!<\/strong><\/p>\n<p><img loading=\"lazy\" decoding=\"async\" class=\"size-full wp-image-1978\" src=\"https:\/\/rmvapesale.com\/wp-content\/uploads\/2024\/09\/Disposable-Vape-Wholesale.jpg\" alt=\"Vienreiz\u0113jais vape vairumtirdzniec\u012bba\" width=\"229\" height=\"300\" \/><\/p>\n<h3><a href=\"https:\/\/wa.me\/8617776015835\" target=\"_blank\" rel=\"noopener\"><span style=\"color: #ff0000\"><strong>WhatsApp: +86 17776015835<\/strong><\/span><\/a><\/h3>\n<p>&nbsp;<\/p>\n<h2><\/h2>\n<h2><strong>Bang Box 18000 Puffs Vienreiz\u0113j\u0101s lieto\u0161anas vape galven\u0101s iez\u012bmes<\/strong><\/h2>\n<p>&nbsp;<\/p>\n<ul>\n<li><strong>18 000 pufa<\/strong>: Ar milz\u012bgu 18 000 pufa skaitu j\u016bs varat baud\u012bt nep\u0101rtrauktu vaping ilg\u0101ku laiku bez nepiecie\u0161am\u012bbas nomain\u012bt vai uzpild\u012bt.<\/li>\n<li><strong>Mesh Spole (0.8ohm)<\/strong>: Uzlabot\u0101 mesh spoles tehnolo\u0123ija nodro\u0161ina maksim\u0101lu gar\u0161u un tvaika ra\u017eo\u0161anu, sniedzot gludu un arom\u0101tisku ieelpu katru reizi.<\/li>\n<li><strong>26ml E-\u0161\u0137idruma ietilp\u012bba<\/strong>: Ar d\u0101snu 26ml e-\u0161\u0137idruma ietilp\u012bbu tas samazina nepiecie\u0161am\u012bbu p\u0113c past\u0101v\u012bgas uzpildes, nodro\u0161inot ilgu lieto\u0161anas laiku.<\/li>\n<li><strong>Nikot\u012bna opcijas<\/strong>: Izv\u0113lieties no <strong>0%, 2%, 3% vai 5% nikot\u012bna<\/strong> lai piel\u0101gotu savu vaping pieredzi un apmierin\u0101tu savas person\u012bg\u0101s v\u0113lmes.<\/li>\n<li><strong>850mAh atk\u0101rtoti uzl\u0101d\u0113jams akumulators<\/strong>: Sp\u0113c\u012bgais 850mAh ieb\u016bv\u0113tais akumulators nodro\u0161ina, ka j\u016bs paliekat uzl\u0101d\u0113ts visas dienas garum\u0101, un ar <strong>Type-C \u0101tr\u0101s uzl\u0101des<\/strong>, j\u016bs atkal var\u0113siet vape \u013coti dr\u012bz.<\/li>\n<li><strong>LED digit\u0101lais displejs<\/strong>: Palieciet kontrol\u0113 ar intuit\u012bvo <strong>LED displejs<\/strong> kas r\u0101da b\u016btisku inform\u0101ciju, piem\u0113ram, atliku\u0161\u0101s akumulatora darb\u012bbas laiku un e-\u0161\u0137idruma l\u012bmeni, padarot j\u016bsu ier\u012bces uzraudz\u012bbu vienk\u0101r\u0161\u0101ku.<\/li>\n<\/ul>\n<figure id=\"attachment_2352\" aria-describedby=\"caption-attachment-2352\" style=\"width: 600px\" class=\"wp-caption alignnone\"><img loading=\"lazy\" decoding=\"async\" class=\"wp-image-2352\" src=\"https:\/\/rmvapesale.com\/wp-content\/uploads\/2024\/10\/Bang-Box-18000-Puffs-Disposable-Vape-Wholesale.jpg\" alt=\"Bang Box 18000 Puffs Vienreizlietojam\u0101 Vape Vairumtirdzniec\u012bba\" width=\"600\" height=\"600\" srcset=\"https:\/\/rmvapesale.com\/wp-content\/uploads\/2024\/10\/Bang-Box-18000-Puffs-Disposable-Vape-Wholesale.jpg 800w, https:\/\/rmvapesale.com\/wp-content\/uploads\/2024\/10\/Bang-Box-18000-Puffs-Disposable-Vape-Wholesale-300x300.jpg 300w, https:\/\/rmvapesale.com\/wp-content\/uploads\/2024\/10\/Bang-Box-18000-Puffs-Disposable-Vape-Wholesale-150x150.jpg 150w, https:\/\/rmvapesale.com\/wp-content\/uploads\/2024\/10\/Bang-Box-18000-Puffs-Disposable-Vape-Wholesale-768x768.jpg 768w, https:\/\/rmvapesale.com\/wp-content\/uploads\/2024\/10\/Bang-Box-18000-Puffs-Disposable-Vape-Wholesale-600x600.jpg 600w, https:\/\/rmvapesale.com\/wp-content\/uploads\/2024\/10\/Bang-Box-18000-Puffs-Disposable-Vape-Wholesale-100x100.jpg 100w\" sizes=\"auto, (max-width: 600px) 100vw, 600px\" \/><figcaption id=\"caption-attachment-2352\" class=\"wp-caption-text\">Bang Box 18000 Puffs Vienreizlietojam\u0101 Vape Vairumtirdzniec\u012bba<\/figcaption><\/figure>\n<h2><\/h2>\n<h2><strong>Popul\u0101r\u0101k\u0101 gar\u0161a Bang Box 18000 Puffs Vape Bar<\/strong><\/h2>\n<p>\u0160is <strong>Bang Box 18000 Puffs LED displeja Vienreizlietojam\u0101 Vape<\/strong> ir gal\u012bg\u0101 izv\u0113le vaperiem, kuri alkst \u0113rt\u012bbas, jaud\u012bgu veiktsp\u0113ju un paaugstin\u0101tu pieredzi. Pieejams ar da\u017e\u0101d\u0101m nikot\u012bna stipr\u012bb\u0101m, \u0161\u012b ier\u012bce pied\u0101v\u0101 elegantu, bezr\u016bp\u012bgu veidu, k\u0101 baud\u012bt savu iecien\u012bto e-\u0161\u0137idrumu, viss ar vienk\u0101r\u0161\u012bbu, ko sniedz vienreizlietojama vape.<\/p>\n<p>1. Gummy Bear <span style=\"color: #ff0000\"><strong>&gt;&gt;&gt;&gt; Karsti!<\/strong><\/span><br \/>\n2. Zeme\u0146u sald\u0113jums<span style=\"color: #ff0000\"><strong>&gt;&gt;&gt;&gt; Viss lab\u0101kais!<\/strong><\/span><br \/>\n3. Persiku Mango<br \/>\n4. Triple Berry Ice<br \/>\n5.Zeme\u0146u ban\u0101ns<br \/>\n6. Lush Ice<br \/>\n7. Blue Razz Ice <span style=\"color: #ff0000\"><strong>&gt;&gt;&gt;&gt; Karsti!<\/strong><\/span><br \/>\n8. Tropu aug\u013ci<br \/>\n9. Aloe Grape<br \/>\n10.Persiku ledus<br \/>\n11. Zeme\u0146u L\u012b\u010di<br \/>\n12. Auksts MInt<\/p>\n<p>&nbsp;<\/p>\n<p>&nbsp;<\/p>\n<h3><strong>K\u0101p\u0113c izv\u0113l\u0113ties Rmvapesale j\u016bsu vairumtirdzniec\u012bbas pirkumam Bang Box 18000 Puffs Vape?<\/strong><\/h3>\n<div class=\"flex-shrink-0 flex flex-col relative items-end\">\n<div>\n<div class=\"pt-0\">\n<div class=\"gizmo-bot-avatar flex h-8 w-8 items-center justify-center overflow-hidden rounded-full\">\n<div class=\"relative p-1 rounded-sm flex items-center justify-center bg-token-main-surface-primary text-token-text-primary h-8 w-8\">\n<p>&nbsp;<\/p>\n<p>Kad izv\u0113laties Rmvapesale sav\u0101m vairumtirdzniec\u012bbas vienreiz\u0113j\u0101s lieto\u0161anas e-cigare\u0161u vajadz\u012bb\u0101m, j\u016bs ieg\u016bstat \u0161\u0101das priek\u0161roc\u012bbas:<\/p>\n<ul>\n<li><strong>Konkur\u0113tsp\u0113j\u012bga cena<\/strong>Ieg\u016bstiet pieeju pievilc\u012bg\u0101m vairumtirdzniec\u012bbas cen\u0101m, kas palielina j\u016bsu biznesa pe\u013c\u0146u.<\/li>\n<li><strong>Augsta kvalit\u0101te<\/strong>M\u016bsu vape ir izstr\u0101d\u0101tas atbilsto\u0161i augst\u0101kajiem standartiem, un <span style=\"color: #ff0000\"><strong>Garant\u0113ti 100% ori\u0123in\u0101li un autentiski, pret\u0113j\u0101 gad\u012bjum\u0101 par viltot\u0101m prec\u0113m tiks nodro\u0161in\u0101ta 10 reizes liel\u0101ka kompens\u0101cija!<\/strong><\/span><\/li>\n<li><strong>Izcils klientu serviss<\/strong>M\u016bsu \u012bpa\u0161\u0101 komanda vienm\u0113r ir gatava jums pal\u012bdz\u0113t, padarot j\u016bsu pirk\u0161anas procesu vienk\u0101r\u0161u un \u0113rtu.<\/li>\n<li><strong>\u0100tra<\/strong>: Sagaidiet \u0101tru un uzticamu pieg\u0101di, kas nodro\u0161ina, ka j\u016bsu pas\u016bt\u012bjumi vienm\u0113r tiek pieg\u0101d\u0101ti laik\u0101.<\/li>\n<\/ul>\n<h3><\/h3>\n<h3><b>Bie\u017e\u0101k uzdotie jaut\u0101jumi<\/b><\/h3>\n<p>&nbsp;<\/p>\n<\/div>\n<\/div>\n<\/div>\n<\/div>\n<\/div>\n<div class=\"group\/conversation-turn relative flex w-full min-w-0 flex-col agent-turn\">\n<div class=\"flex-col gap-1 md:gap-3\">\n<div class=\"flex max-w-full flex-col flex-grow\">\n<div class=\"min-h-8 text-message flex w-full flex-col items-end gap-2 whitespace-normal break-words [.text-message+&amp;]:mt-5\" dir=\"auto\" data-message-author-role=\"assistant\" data-message-id=\"f226d3fc-81f3-46d5-8c46-31787fff0357\">\n<div class=\"flex w-full flex-col gap-1 empty:hidden first:pt-[3px]\">\n<div class=\"markdown prose w-full break-words dark:prose-invert light\">\n<h3>1. <strong>Kas padara Bang Box 18000 Puffs Vienreizlietojamo Vape izce\u013camu?<\/strong><\/h3>\n<p>\u0160is <strong>Bang Box 18000 Puffs Vienreizlietojam\u0101 Vape<\/strong> nodro\u0161ina izcilu vaping pieredzi ar savu lielo <strong>18 000 pufa<\/strong> kapacit\u0101ti un ar uzl\u0101d\u0113jamu <strong>850 mAh akumulatoru<\/strong>. T\u0101 ir apr\u012bkota ar <strong>26ml e-\u0161\u0137idruma tvertne<\/strong>, nodro\u0161inot ilgsto\u0161u lieto\u0161anu bez bie\u017eas nomai\u0146as. Plus, <strong>LED digit\u0101lais displejs<\/strong> saglab\u0101 j\u016bs inform\u0113tu par akumulatora darb\u012bbas laiku un p\u016btienu skaitu.<\/p>\n<h3>2. <strong>K\u0101 es zinu, kad j\u0101l\u0101d\u0113 mana Bang Box 18000 Puffs Vape Bar?<\/strong><\/h3>\n<p>\u0160is <strong>Bang Box 18000 Puffs Vape Bar<\/strong> ir apr\u012bkots ar \u0113rti <strong>LED digit\u0101lais displejs<\/strong> kas r\u0101da gan akumulatora darb\u012bbas laiku, gan p\u016btienu skaitu, padarot viegli zin\u0101t, kad ir laiks uzl\u0101d\u0113t.<\/p>\n<h3>3. <strong>Vai es varu uzl\u0101d\u0113t Bang Box 18000 Puffs Uzl\u0101d\u0113jamu Vape?<\/strong><\/h3>\n<p>J\u0101! The <strong>Bang Box 18000 Puffs Uzl\u0101d\u0113jams Vape<\/strong> n\u0101k ar <strong>C tipa uzl\u0101des ports<\/strong>, \u013caujot \u0101tri un vienk\u0101r\u0161i uzl\u0101d\u0113t. \u0160\u012b funkcija, apvienojum\u0101 ar t\u0101s augsto p\u016b\u0161u skaitu, nodro\u0161ina ilgu lieto\u0161anas laiku.<\/p>\n<h3>4. <strong>K\u0101das nikot\u012bna stipruma iesp\u0113jas ir Bang Box 18000 Puffs Uzl\u0101d\u0113jama Vape?<\/strong><\/h3>\n<p>\u0160is <strong>Bang Box 18000 Puffs Uzl\u0101d\u0113jams Vape<\/strong> ir pieejams \u010detros nikot\u012bna stiprumos: <strong>0%, 2%, 3% un 5%<\/strong>. \u0160\u012b elast\u012bba apmierina vaperus ar da\u017e\u0101d\u0101m v\u0113lm\u0113m, vai j\u016bs mekl\u0113jat nikot\u012bna br\u012bvu vaping vai stipr\u0101ku efektu.<\/p>\n<h3>5. <strong>Vai Bang Vape BOX 18000 Puffs Vienreizlietojamais Vape ir viegli p\u0101rn\u0113s\u0101jams?<\/strong><\/h3>\n<p>Noteikti! JNR Mega Shisha <strong>Bang Vape BOX 18000 Puffs Vienreizlietojamais Vape<\/strong> ir izstr\u0101d\u0101ts, lai b\u016btu portat\u012bvs un lietot\u0101jam draudz\u012bgs, padarot to par ide\u0101lu izv\u0113li vapingam \u0101rpus m\u0101j\u0101m. Neskatoties uz t\u0101 lielo p\u016b\u0161u skaitu, tas paliek viegls un \u0113rti p\u0101rn\u0113s\u0101jams.<\/p>\n<h3>6. <strong>Vai Bang Box 18000 Puffs Vape Bar nodro\u0161ina bag\u0101t\u012bgas gar\u0161as?<\/strong><\/h3>\n<p>J\u0101! Pateicoties tam <strong>0,8 omu t\u012bkla spoli<\/strong>, tad <strong>Bang Box 18k Puff Vape Bar<\/strong> nodro\u0161ina uzlabotu gar\u0161u un tvaika ra\u017eo\u0161anu. Vai j\u016bs baud\u0101t aug\u013cu gar\u0161as, piem\u0113ram <strong>Persiku mango<\/strong> vai atsvaidzino\u0161as saj\u016btas, piem\u0113ram <strong>Sul\u012bgs ledus<\/strong>, katrs p\u016btiens sniedz apmierino\u0161u pieredzi.<\/p>\n<\/div>\n<\/div>\n<\/div>\n<\/div>\n<\/div>\n<\/div>\n<p>&nbsp;<\/p>\n<h3><\/h3>\n<h3>Par s\u016bt\u012bjumu<\/h3>\n<div class=\"flex-shrink-0 flex flex-col relative items-end\">\n<div>\n<div class=\"pt-0\">\n<div class=\"gizmo-bot-avatar flex h-8 w-8 items-center justify-center overflow-hidden rounded-full\">\n<div><\/div>\n<div class=\"relative p-1 rounded-sm flex items-center justify-center bg-token-main-surface-primary text-token-text-primary h-8 w-8\"><strong>1. K\u0101das pieg\u0101des metodes tiek izmantotas?<\/strong><\/div>\n<\/div>\n<\/div>\n<\/div>\n<\/div>\n<div class=\"group\/conversation-turn relative flex w-full min-w-0 flex-col agent-turn\">\n<div class=\"flex-col gap-1 md:gap-3\">\n<div class=\"flex max-w-full flex-col flex-grow\">\n<div class=\"min-h-[20px] text-message flex w-full flex-col items-end gap-2 whitespace-normal break-words [.text-message+&amp;]:mt-5 overflow-x-auto\" dir=\"auto\" data-message-author-role=\"assistant\" data-message-id=\"22f8283b-3233-46ff-89a5-c7a41b33abda\">\n<div class=\"flex w-full flex-col gap-1 empty:hidden first:pt-[3px]\">\n<div class=\"markdown prose w-full break-words dark:prose-invert light\">\n<p>M\u0113s sadarbojamies ar UPS, DHL, FedEx, DPD un citiem vado\u0161ajiem p\u0101rvad\u0101t\u0101jiem. M\u0113s izv\u0113l\u0113simies lab\u0101ko pieg\u0101des veidu, pamatojoties uz j\u016bsu pieg\u0101des vietu, lai nodro\u0161in\u0101tu, ka j\u016bs sa\u0146emat savus produktus p\u0113c iesp\u0113jas \u0101tr\u0101k.<\/p>\n<\/div>\n<p><strong>2. Cik ilgs laiks paiet, l\u012bdz tas pien\u0101k?<\/strong><\/p>\n<p>Pieg\u0101des uz Latviju parasti ierodas 10 darba dienu laik\u0101. Pieg\u0101de uz Eiropas valst\u012bm parasti aiz\u0146em apm\u0113ram 12-15 darba dienas. M\u0113s nodro\u0161in\u0101sim re\u0101llaika atjaunin\u0101jumus par j\u016bsu pieg\u0101des statusu.<\/p>\n<\/div>\n<\/div>\n<\/div>\n<\/div>\n<\/div>\n<p>&nbsp;<\/p>\n<p>Citi popul\u0101ri vape, kas jums var\u0113tu patikt:<\/p>\n<p><a href=\"https:\/\/rmvapesale.com\/lv\/product\/bang-25000-puffs-0-2-3-5-nicotine-led-display-vape-pod\/\"><strong>Bang 25000 Puffs P\u016b\u0161\u00a0 \u00a0<span style=\"color: #ff0000\">&gt;&gt;&gt;&gt; uz priek\u0161u!<\/span><\/strong><\/a><\/p>\n<p><strong><a href=\"https:\/\/rmvapesale.com\/lv\/product\/uwin-crystal-10000-puff-disposable-vape-wholesale-price\/\">UWIN Crystal 10000 uzp\u016btienu <span style=\"color: #ff0000\">&gt;&gt;&gt;&gt; uz priek\u0161u!<\/span><\/a>\u00a0<\/strong><\/p>\n<p><a href=\"https:\/\/rmvapesale.com\/lv\/product\/bang-box-30000-puff-smart-screen-disposable-vape-wholesale\/\"><strong>Bang Box 30000 uzp\u016btienu viedais ekr\u0101ns <span style=\"color: #ff0000\">&gt;&gt;&gt;&gt; uz priek\u0161u!<\/span><\/strong><\/a><\/p>\n<p>&nbsp;<\/p>\n<p>&nbsp;<\/p>\n<p>Atrodiet vair\u0101k Vape produktu, kas jums var\u0113tu patikt:<strong><em><a href=\"https:\/\/rmvapesale.com\/lv\/shop-2\/\">iepirkties tagad &gt;&gt;&gt;<\/a><\/em><\/strong><\/p>","protected":false},"excerpt":{"rendered":"<p>BANG BOX 18000 Puffs Vienreiz\u0113j\u0101s lieto\u0161anas vape Vairumtirdzniec\u012bba<br \/>\nBANG Vape 18000 Puffs Vienreiz\u0113j\u0101s lieto\u0161anas vape Vape Bar Lielapjoma pirkums<br \/>\nBANG BOX 18k Puff Zema nikot\u012bna Gudrs Vienreiz\u0113j\u0101s lieto\u0161anas vape<\/p>\n<p><img loading=\"lazy\" decoding=\"async\" class=\"size-full wp-image-1978\" src=\"https:\/\/rmvapesale.com\/wp-content\/uploads\/2024\/09\/Disposable-Vape-Wholesale.jpg\" alt=\"Vienreiz\u0113jais vape vairumtirdzniec\u012bba\" width=\"229\" height=\"300\" \/><\/p>\n<h3><a href=\"https:\/\/wa.me\/8617776015835\"><span style=\"color: #ff0000\"><strong>WhatsApp: +86 17776015835<\/strong><\/span><\/a><\/h3>\n<p>&nbsp;<\/p>","protected":false},"featured_media":2354,"comment_status":"open","ping_status":"closed","template":"","meta":{"_uag_custom_page_level_css":"","_lmt_disableupdate":"","_lmt_disable":"","site-sidebar-layout":"default","site-content-layout":"content-boxed-container","ast-site-content-layout":"normal-width-container","site-content-style":"boxed","site-sidebar-style":"unboxed","ast-global-header-display":"","ast-banner-title-visibility":"","ast-main-header-display":"","ast-hfb-above-header-display":"","ast-hfb-below-header-display":"","ast-hfb-mobile-header-display":"","site-post-title":"","ast-breadcrumbs-content":"","ast-featured-img":"","footer-sml-layout":"","ast-disable-related-posts":"","theme-transparent-header-meta":"default","adv-header-id-meta":"","stick-header-meta":"","header-above-stick-meta":"","header-main-stick-meta":"","header-below-stick-meta":"","astra-migrate-meta-layouts":"set","ast-page-background-enabled":"default","ast-page-background-meta":{"desktop":{"background-color":"var(--ast-global-color-4)","background-image":"","background-repeat":"repeat","background-position":"center center","background-size":"auto","background-attachment":"scroll","background-type":"","background-media":"","overlay-type":"","overlay-color":"","overlay-opacity":"","overlay-gradient":""},"tablet":{"background-color":"","background-image":"","background-repeat":"repeat","background-position":"center center","background-size":"auto","background-attachment":"scroll","background-type":"","background-media":"","overlay-type":"","overlay-color":"","overlay-opacity":"","overlay-gradient":""},"mobile":{"background-color":"","background-image":"","background-repeat":"repeat","background-position":"center center","background-size":"auto","background-attachment":"scroll","background-type":"","background-media":"","overlay-type":"","overlay-color":"","overlay-opacity":"","overlay-gradient":""}},"ast-content-background-meta":{"desktop":{"background-color":"var(--ast-global-color-5)","background-image":"","background-repeat":"repeat","background-position":"center center","background-size":"auto","background-attachment":"scroll","background-type":"","background-media":"","overlay-type":"","overlay-color":"","overlay-opacity":"","overlay-gradient":""},"tablet":{"background-color":"var(--ast-global-color-5)","background-image":"","background-repeat":"repeat","background-position":"center center","background-size":"auto","background-attachment":"scroll","background-type":"","background-media":"","overlay-type":"","overlay-color":"","overlay-opacity":"","overlay-gradient":""},"mobile":{"background-color":"var(--ast-global-color-5)","background-image":"","background-repeat":"repeat","background-position":"center center","background-size":"auto","background-attachment":"scroll","background-type":"","background-media":"","overlay-type":"","overlay-color":"","overlay-opacity":"","overlay-gradient":""}},"_joinchat":[]},"product_brand":[],"product_cat":[15,60,27,25,123,30,26,28,135],"product_tag":[63,66,125,126,101,105,120],"class_list":{"0":"post-2351","1":"product","2":"type-product","3":"status-publish","4":"has-post-thumbnail","6":"product_cat-new-vape-this-week","7":"product_cat-bang-vapes","8":"product_cat-fance-hot-sale-vape","9":"product_cat-germany-best-selling-vape","10":"product_cat-italy-wholesale-vape","11":"product_cat-minimum-order-quantity-50pcs","12":"product_cat-netherlands-hot-sale-vape","13":"product_cat-poland-hot-sale-vape","14":"product_cat-spain-best-hot-sale-vape","15":"product_tag-bang-vapes","16":"product_tag-disposable-vape","17":"product_tag-disposable-vape-italy","18":"product_tag-e-cigarettes","19":"product_tag-led-display-vape","20":"product_tag-nicotine-free-disposable-vape","21":"product_tag-vape-wholesale","22":"desktop-align-left","23":"tablet-align-left","24":"mobile-align-left","26":"first","27":"instock","28":"sale","29":"shipping-taxable","30":"purchasable","31":"product-type-simple"},"uagb_featured_image_src":{"full":["https:\/\/rmvapesale.com\/wp-content\/uploads\/2024\/10\/Bang-Box-18000-Puffs-LED-Display-Disposable-Vape-Wholesale.jpg",800,800,false],"thumbnail":["https:\/\/rmvapesale.com\/wp-content\/uploads\/2024\/10\/Bang-Box-18000-Puffs-LED-Display-Disposable-Vape-Wholesale-150x150.jpg",150,150,true],"medium":["https:\/\/rmvapesale.com\/wp-content\/uploads\/2024\/10\/Bang-Box-18000-Puffs-LED-Display-Disposable-Vape-Wholesale-300x300.jpg",300,300,true],"medium_large":["https:\/\/rmvapesale.com\/wp-content\/uploads\/2024\/10\/Bang-Box-18000-Puffs-LED-Display-Disposable-Vape-Wholesale-768x768.jpg",768,768,true],"large":["https:\/\/rmvapesale.com\/wp-content\/uploads\/2024\/10\/Bang-Box-18000-Puffs-LED-Display-Disposable-Vape-Wholesale.jpg",800,800,false],"1536x1536":["https:\/\/rmvapesale.com\/wp-content\/uploads\/2024\/10\/Bang-Box-18000-Puffs-LED-Display-Disposable-Vape-Wholesale.jpg",800,800,false],"2048x2048":["https:\/\/rmvapesale.com\/wp-content\/uploads\/2024\/10\/Bang-Box-18000-Puffs-LED-Display-Disposable-Vape-Wholesale.jpg",800,800,false],"trp-custom-language-flag":["https:\/\/rmvapesale.com\/wp-content\/uploads\/2024\/10\/Bang-Box-18000-Puffs-LED-Display-Disposable-Vape-Wholesale.jpg",12,12,false],"woocommerce_thumbnail":["https:\/\/rmvapesale.com\/wp-content\/uploads\/2024\/10\/Bang-Box-18000-Puffs-LED-Display-Disposable-Vape-Wholesale-300x300.jpg",300,300,true],"woocommerce_single":["https:\/\/rmvapesale.com\/wp-content\/uploads\/2024\/10\/Bang-Box-18000-Puffs-LED-Display-Disposable-Vape-Wholesale-600x600.jpg",600,600,true],"woocommerce_gallery_thumbnail":["https:\/\/rmvapesale.com\/wp-content\/uploads\/2024\/10\/Bang-Box-18000-Puffs-LED-Display-Disposable-Vape-Wholesale-100x100.jpg",100,100,true],"wcpr-photo-reviews":["https:\/\/rmvapesale.com\/wp-content\/uploads\/2024\/10\/Bang-Box-18000-Puffs-LED-Display-Disposable-Vape-Wholesale.jpg",500,500,false]},"uagb_author_info":{"display_name":"AMY","author_link":"https:\/\/rmvapesale.com\/lv\/author\/"},"uagb_comment_info":0,"uagb_excerpt":"BANG BOX 18000 Puffs Disposable Vape Wholesale BANG Vape 18000 Puffs Disposable Vape Vape Bar Bulk Buy BANG BOX 18k Puff Low Nicotine Smart Disposable Vape WhatsApp: +86 17776015835 &nbsp;","_links":{"self":[{"href":"https:\/\/rmvapesale.com\/lv\/wp-json\/wp\/v2\/product\/2351","targetHints":{"allow":["GET"]}}],"collection":[{"href":"https:\/\/rmvapesale.com\/lv\/wp-json\/wp\/v2\/product"}],"about":[{"href":"https:\/\/rmvapesale.com\/lv\/wp-json\/wp\/v2\/types\/product"}],"replies":[{"embeddable":true,"href":"https:\/\/rmvapesale.com\/lv\/wp-json\/wp\/v2\/comments?post=2351"}],"wp:featuredmedia":[{"embeddable":true,"href":"https:\/\/rmvapesale.com\/lv\/wp-json\/wp\/v2\/media\/2354"}],"wp:attachment":[{"href":"https:\/\/rmvapesale.com\/lv\/wp-json\/wp\/v2\/media?parent=2351"}],"wp:term":[{"taxonomy":"product_brand","embeddable":true,"href":"https:\/\/rmvapesale.com\/lv\/wp-json\/wp\/v2\/product_brand?post=2351"},{"taxonomy":"product_cat","embeddable":true,"href":"https:\/\/rmvapesale.com\/lv\/wp-json\/wp\/v2\/product_cat?post=2351"},{"taxonomy":"product_tag","embeddable":true,"href":"https:\/\/rmvapesale.com\/lv\/wp-json\/wp\/v2\/product_tag?post=2351"}],"curies":[{"name":"wp","href":"https:\/\/api.w.org\/{rel}","templated":true}]}}