{"id":2372,"date":"2024-10-12T09:01:19","date_gmt":"2024-10-12T09:01:19","guid":{"rendered":"https:\/\/rmvapesale.com\/?post_type=product&#038;p=2372"},"modified":"2024-10-12T09:20:35","modified_gmt":"2024-10-12T09:20:35","slug":"fihp-digital-box-12000-puffs-hot-sale-vape-bulk-buy","status":"publish","type":"product","link":"https:\/\/rmvapesale.com\/lv\/product\/fihp-digital-box-12000-puffs-hot-sale-vape-bulk-buy\/","title":{"rendered":"FIHP Digital Box 12000 dvesmas karsti p\u0101rdodams vape liels pirkums"},"content":{"rendered":"<div class=\"B2VR9 CJHX3e\">\n<div class=\"wyccme\">\n<h1 class=\"LC20lb MBeuO DKV0Md\">FIHP Digital Box 12000 dvesmas karsti p\u0101rdodams vape liels pirkums<\/h1>\n<div class=\"flex-shrink-0 flex flex-col relative items-end\">\n<div class=\"pt-0\">\n<div class=\"gizmo-bot-avatar flex h-8 w-8 items-center justify-center overflow-hidden rounded-full\">\n<div class=\"relative p-1 rounded-sm flex items-center justify-center bg-token-main-surface-primary text-token-text-primary h-8 w-8\">\n<p>FIHP Digital Box 12000 dvesmas ir laba izv\u0113le tiem, kas mekl\u0113 augst\u0101k\u0101s klases, ilgsto\u0161u vienreizlietojamo tvaiku, kas tagad pieejams beztaras ieg\u0101dei! Ar savu stil\u012bgo dizainu un modernaj\u0101m funkcij\u0101m \u0161\u012b vape pildspalva ir izstr\u0101d\u0101ta gan veiktsp\u0113jai, gan \u0113rt\u012bbai.<\/p>\n<p>Ar iespaid\u012bg\u0101m 12 000 dvesm\u0101m, FIHP Digital Box nodro\u0161ina nep\u0101rtrauktu, apmierino\u0161u tvaic\u0113\u0161anu bez bie\u017eas nomai\u0146as. \u0160\u012b Vape Bar ier\u012bce ir iepriek\u0161 uzpild\u012bta ar 20 ml e-\u0161\u0137idruma, kas pieejams 2% un 5% zema nikot\u012bna stiprum\u0101, \u013caujot piel\u0101got savu tvaiku atbilsto\u0161i sav\u0101m v\u0113lm\u0113m, neatkar\u012bgi no t\u0101, vai dodat priek\u0161roku vieglam vai intens\u012bv\u0101kam nikot\u012bna triecienam.<\/p>\n<p>650 mAh uzl\u0101d\u0113jam\u0101 baterija nodro\u0161ina uzticamu, konsekventu jaudu katras sesijas laik\u0101, savuk\u0101rt 1.0\u03a9 t\u012bkla spole un regul\u0113jama gaisa pl\u016bsma nodro\u0161ina vienm\u0113r\u012bgu, gar\u0161\u012bgu tvaiku ra\u017eo\u0161anu, ko varat viegli piel\u0101got p\u0113c savas patikas. Turkl\u0101t C tipa uzl\u0101des ports nodro\u0161ina \u0101tru un \u0113rtu uzl\u0101di, t\u0101p\u0113c jums nekad nav j\u0101gaida.<\/p>\n<p>Ide\u0101li piem\u0113rots tiem, kas v\u0113las papildin\u0101t kr\u0101jumus vai apg\u0101d\u0101t savu uz\u0146\u0113mumu, FIHP Digital Box 12000 dvesmas beztaras iepakojum\u0101 nodro\u0161ina izcilu v\u0113rt\u012bbu, vienlaikus nodro\u0161inot augst\u0101k\u0101s klases tvaic\u0113\u0161anas pieredzi<\/p>\n<p>&nbsp;<\/p>\n<\/div>\n<\/div>\n<\/div>\n<\/div>\n<\/div>\n<\/div>\n<p><strong>Sazinieties ar Eimiju, lai sa\u0146emtu pareizu atbildi un vair\u0101k produktu video!<\/strong><\/p>\n<p><img loading=\"lazy\" decoding=\"async\" class=\"size-full wp-image-1978\" src=\"https:\/\/rmvapesale.com\/wp-content\/uploads\/2024\/09\/Disposable-Vape-Wholesale.jpg\" alt=\"Vienreiz\u0113jais vape vairumtirdzniec\u012bba\" width=\"229\" height=\"300\" \/><\/p>\n<h3><a href=\"https:\/\/wa.me\/8617776015835\" target=\"_blank\" rel=\"noopener\"><span style=\"color: #ff0000\"><strong>WhatsApp: +86 17776015835<\/strong><\/span><\/a><\/h3>\n<p>&nbsp;<\/p>\n<h2><\/h2>\n<h2><strong>FIHP Digital Box 12000 dvesmas vienreizlietojam\u0101 tvaika galven\u0101s iez\u012bmes<\/strong><\/h2>\n<p>&nbsp;<\/p>\n<ul>\n<li><strong>Augsts uzp\u016b\u0161u skaits<\/strong>: Izbaudiet l\u012bdz <strong>12 000 uzp\u016btienu<\/strong> ilgsto\u0161am un nep\u0101rtrauktam veipo\u0161anas priekam.<\/li>\n<li><strong>D\u0101sna e-\u0161\u0137idruma ietilp\u012bba<\/strong>: Ar <strong>22 ml e-\u0161\u0137idruma rezervu\u0101ru<\/strong>, \u0161\u012b ier\u012bce \u013cauj ilgsto\u0161i lietot ar maz\u0101ku skaitu uzpild\u012b\u0161anas rei\u017eu.<\/li>\n<li><strong>Uzticams akumulators<\/strong>: Darbojas ar <strong>650 mAh uzl\u0101d\u0113jams akumulators<\/strong>, nodro\u0161inot konsekventu un uzticamu darb\u012bbu.<\/li>\n<li><strong>Nikot\u012bna stiprums<\/strong>: Pied\u0101v\u0101 <strong>0,6% nikot\u012bns (6mg)<\/strong>, nodro\u0161inot apmierino\u0161u un vienm\u0113r\u012bgu tvaic\u0113\u0161anas pieredzi.<\/li>\n<li><strong>Sieta spir\u0101les tehnolo\u0123ija<\/strong>: Apr\u012bkots ar <strong>0,6 \u03a9 sieta spir\u0101li<\/strong> lai uzlabotu gar\u0161u un tvaika ra\u017eo\u0161anu.<\/li>\n<li><strong>LED displejs<\/strong>: Esiet inform\u0113ts ar <strong>LED displejs<\/strong> kas nodro\u0161ina re\u0101llaika atjaunin\u0101jumus par akumulatora darb\u012bbas laiku un lietojumu.<\/li>\n<\/ul>\n<h2><\/h2>\n<h2><strong>Popul\u0101r\u0101k\u0101 gar\u0161a FIHP Digital Box 12000 dvesmas Vape Bar<\/strong><\/h2>\n<p>Ar 10 gard\u0101m gar\u0161\u0101m, piem\u0113ram, zeme\u0146u kivi, melle\u0146u ave\u0146u un persiku mango, FIHP Digital Box pied\u0101v\u0101 gar\u0161u katrai gaumei, nodro\u0161inot, ka jums vienm\u0113r b\u016bs pat\u012bkama tvaic\u0113\u0161anas pieredze.<\/p>\n<p>01. Sul\u012bgs ledus<span style=\"color: #ff0000\"><strong>&gt;&gt;&gt;&gt; Karsti!<\/strong><\/span><br \/>\n02. V\u012bnogu ledus<br \/>\n03. \u0136irsis<br \/>\n04. Melle\u0146u avenes<span style=\"color: #ff0000\"><strong>&gt;&gt;&gt;&gt; Karsti!<\/strong><\/span><br \/>\n05. Zeme\u0146u kivi<br \/>\n06. Jauktas ogas<span style=\"color: #ff0000\"><strong>&gt;&gt;&gt;&gt; Viss lab\u0101kais!<\/strong><\/span><br \/>\n07. Zeme\u0146u arb\u016bzs<br \/>\n08. Arb\u016bza ko\u0161\u013c\u0101jam\u0101 gumija<br \/>\n09. Persiku Mango Anan\u0101ss<br \/>\n10. Kivi Marakujas Gvava<\/p>\n<figure id=\"attachment_2366\" aria-describedby=\"caption-attachment-2366\" style=\"width: 808px\" class=\"wp-caption alignnone\"><img loading=\"lazy\" decoding=\"async\" class=\"wp-image-2366 size-full\" src=\"https:\/\/rmvapesale.com\/wp-content\/uploads\/2024\/10\/FIHP-Digital-12000-Puffs-Flavor.jpg\" alt=\"FIHP Digital 12000 Dvesmu Gar\u0161a\" width=\"808\" height=\"808\" srcset=\"https:\/\/rmvapesale.com\/wp-content\/uploads\/2024\/10\/FIHP-Digital-12000-Puffs-Flavor.jpg 808w, https:\/\/rmvapesale.com\/wp-content\/uploads\/2024\/10\/FIHP-Digital-12000-Puffs-Flavor-300x300.jpg 300w, https:\/\/rmvapesale.com\/wp-content\/uploads\/2024\/10\/FIHP-Digital-12000-Puffs-Flavor-150x150.jpg 150w, https:\/\/rmvapesale.com\/wp-content\/uploads\/2024\/10\/FIHP-Digital-12000-Puffs-Flavor-768x768.jpg 768w, https:\/\/rmvapesale.com\/wp-content\/uploads\/2024\/10\/FIHP-Digital-12000-Puffs-Flavor-600x600.jpg 600w, https:\/\/rmvapesale.com\/wp-content\/uploads\/2024\/10\/FIHP-Digital-12000-Puffs-Flavor-100x100.jpg 100w\" sizes=\"auto, (max-width: 808px) 100vw, 808px\" \/><figcaption id=\"caption-attachment-2366\" class=\"wp-caption-text\">FIHP Digital 12000 Dvesmu Gar\u0161a<\/figcaption><\/figure>\n<h3><\/h3>\n<h3><strong>K\u0101p\u0113c izv\u0113l\u0113ties Rmvapesale, lai ieg\u0101d\u0101tos FIHP Digital Box 12000 Dvesmu Karst\u0101 Pied\u0101v\u0101juma Tvaic\u0113t\u0101ju<\/strong><strong>?<\/strong><\/h3>\n<div class=\"flex-shrink-0 flex flex-col relative items-end\">\n<div>\n<div class=\"pt-0\">\n<div class=\"gizmo-bot-avatar flex h-8 w-8 items-center justify-center overflow-hidden rounded-full\">\n<div class=\"relative p-1 rounded-sm flex items-center justify-center bg-token-main-surface-primary text-token-text-primary h-8 w-8\">\n<p>&nbsp;<\/p>\n<p>Kad izv\u0113laties Rmvapesale sav\u0101m vairumtirdzniec\u012bbas vienreiz\u0113j\u0101s lieto\u0161anas e-cigare\u0161u vajadz\u012bb\u0101m, j\u016bs ieg\u016bstat \u0161\u0101das priek\u0161roc\u012bbas:<\/p>\n<ul>\n<li><strong>Konkur\u0113tsp\u0113j\u012bga cena<\/strong>Ieg\u016bstiet pieeju pievilc\u012bg\u0101m vairumtirdzniec\u012bbas cen\u0101m, kas palielina j\u016bsu biznesa pe\u013c\u0146u.<\/li>\n<li><strong>Augsta kvalit\u0101te<\/strong>M\u016bsu vape ir izstr\u0101d\u0101tas atbilsto\u0161i augst\u0101kajiem standartiem, un <span style=\"color: #ff0000\"><strong>Garant\u0113ti 100% ori\u0123in\u0101li un autentiski, pret\u0113j\u0101 gad\u012bjum\u0101 par viltot\u0101m prec\u0113m tiks nodro\u0161in\u0101ta 10 reizes liel\u0101ka kompens\u0101cija!<\/strong><\/span><\/li>\n<li><strong>Izcils klientu serviss<\/strong>M\u016bsu \u012bpa\u0161\u0101 komanda vienm\u0113r ir gatava jums pal\u012bdz\u0113t, padarot j\u016bsu pirk\u0161anas procesu vienk\u0101r\u0161u un \u0113rtu.<\/li>\n<li><strong>\u0100tra<\/strong>: Sagaidiet \u0101tru un uzticamu pieg\u0101di, kas nodro\u0161ina, ka j\u016bsu pas\u016bt\u012bjumi vienm\u0113r tiek pieg\u0101d\u0101ti laik\u0101.<\/li>\n<\/ul>\n<h3><\/h3>\n<h3><b>Bie\u017e\u0101k uzdotie jaut\u0101jumi<\/b><\/h3>\n<p>&nbsp;<\/p>\n<\/div>\n<\/div>\n<\/div>\n<\/div>\n<\/div>\n<div class=\"group\/conversation-turn relative flex w-full min-w-0 flex-col agent-turn\">\n<div class=\"flex-col gap-1 md:gap-3\">\n<div class=\"flex max-w-full flex-col flex-grow\">\n<div class=\"min-h-8 text-message flex w-full flex-col items-end gap-2 whitespace-normal break-words [.text-message+&amp;]:mt-5\" dir=\"auto\" data-message-author-role=\"assistant\" data-message-id=\"f226d3fc-81f3-46d5-8c46-31787fff0357\">\n<div class=\"flex w-full flex-col gap-1 empty:hidden first:pt-[3px]\">\n<div class=\"markdown prose w-full break-words dark:prose-invert light\">\n<p>1. Cik ilgi kalpo FIHP 12000 Dvesmu Vienreiz\u0113jais Tvaic\u0113t\u0101js?<br \/>\nFIHP 12000 Dvesmu Vienreiz\u0113jais Tvaic\u0113t\u0101js nodro\u0161ina l\u012bdz pat 12 000 dvesm\u0101m, garant\u0113jot ilgsto\u0161u tvaic\u0113\u0161anas pieredzi, bez nepiecie\u0161am\u012bbas to bie\u017ei main\u012bt.<\/p>\n<p>2. K\u0101das gar\u0161as ir pieejamas FIHP 12000 Dvesmu Tvaic\u0113t\u0101jam?<br \/>\n\u0160is vienreiz\u0113jais tvaic\u0113t\u0101js ir pieejams 10 da\u017e\u0101d\u0101s gard\u0101s gar\u0161\u0101s, tostarp popul\u0101ros variantos k\u0101 Lush Ice, V\u012bnogu Ledus, \u0136irsis, Melle\u0146u Avenes un citas. Ir gar\u0161a katra gaumei!<\/p>\n<p>3. K\u0101di nikot\u012bna stiprumi ir pieejami?<br \/>\nFIHP 12000 Dvesmu Vienreiz\u0113jais Tvaic\u0113t\u0101js pied\u0101v\u0101 nikot\u012bna stiprumus 2% un 5%, kas ir piem\u0113rots lietot\u0101jiem, kuri dod priek\u0161roku m\u0113renam vai stipr\u0101kam nikot\u012bna l\u012bmenim.<\/p>\n<p>4. K\u0101da ir FIHP 12000 Dvesmu Vienreiz\u0113j\u0101 Tvaic\u0113t\u0101ja tvaiku kvalit\u0101te?<br \/>\nApr\u012bkots ar 1,0 omu sieta spoli, \u0161is vienreiz\u0113jais tvaic\u0113t\u0101js uzlabo tvaiku ra\u017eo\u0161anu un gar\u0161as atdevi, nodro\u0161inot vienm\u0113r\u012bgu un apmierino\u0161u tvaic\u0113\u0161anas pieredzi.<\/p>\n<p>5. K\u0101 es varu uzl\u0101d\u0113t FIHP 12000 Dvesmu Tvaic\u0113t\u0101ju?<br \/>\nFIHP 12000 ir apr\u012bkots ar 650 mAh uzl\u0101d\u0113jamu akumulatoru un C tipa USB uzl\u0101des portu, kas nodro\u0161ina \u0101tru un \u0113rtu uzl\u0101di, lai j\u016bsu tvaic\u0113t\u0101js vienm\u0113r b\u016btu gatavs lieto\u0161anai.<\/p>\n<p>6. Cik daudz e-\u0161\u0137idruma satur FIHP 12000?<br \/>\n\u0160is vienreiz\u0113jais tvaic\u0113t\u0101js ir iepriek\u0161 uzpild\u012bts ar d\u0101sniem 20 ml e-\u0161\u0137idruma, nodro\u0161inot ilgsto\u0161u baud\u012bjumu bez bie\u017eas uzpild\u012b\u0161anas.<\/p>\n<p>7. Vai FIHP 12000 Dvesmu Vienreiz\u0113jam Tvaic\u0113t\u0101jam ir k\u0101di indikatori?<br \/>\nJ\u0101, tam ir LED displejs, kas r\u0101da re\u0101llaika datus, tostarp akumulatora darb\u012bbas laiku un dvesmu skaitu, lai j\u016bs var\u0113tu viegli uzraudz\u012bt ier\u012bces statusu.<\/p>\n<\/div>\n<\/div>\n<\/div>\n<\/div>\n<\/div>\n<\/div>\n<p>&nbsp;<\/p>\n<h3><\/h3>\n<h3>Par s\u016bt\u012bjumu<\/h3>\n<div class=\"flex-shrink-0 flex flex-col relative items-end\">\n<div>\n<div class=\"pt-0\">\n<div class=\"gizmo-bot-avatar flex h-8 w-8 items-center justify-center overflow-hidden rounded-full\">\n<div><\/div>\n<div class=\"relative p-1 rounded-sm flex items-center justify-center bg-token-main-surface-primary text-token-text-primary h-8 w-8\"><strong>1. K\u0101das pieg\u0101des metodes tiek izmantotas?<\/strong><\/div>\n<\/div>\n<\/div>\n<\/div>\n<\/div>\n<div class=\"group\/conversation-turn relative flex w-full min-w-0 flex-col agent-turn\">\n<div class=\"flex-col gap-1 md:gap-3\">\n<div class=\"flex max-w-full flex-col flex-grow\">\n<div class=\"min-h-[20px] text-message flex w-full flex-col items-end gap-2 whitespace-normal break-words [.text-message+&amp;]:mt-5 overflow-x-auto\" dir=\"auto\" data-message-author-role=\"assistant\" data-message-id=\"22f8283b-3233-46ff-89a5-c7a41b33abda\">\n<div class=\"flex w-full flex-col gap-1 empty:hidden first:pt-[3px]\">\n<div class=\"markdown prose w-full break-words dark:prose-invert light\">\n<p>M\u0113s sadarbojamies ar UPS, DHL, FedEx, DPD un citiem vado\u0161ajiem p\u0101rvad\u0101t\u0101jiem. M\u0113s izv\u0113l\u0113simies lab\u0101ko pieg\u0101des veidu, pamatojoties uz j\u016bsu pieg\u0101des vietu, lai nodro\u0161in\u0101tu, ka j\u016bs sa\u0146emat savus produktus p\u0113c iesp\u0113jas \u0101tr\u0101k.<\/p>\n<\/div>\n<p><strong>2. Cik ilgs laiks paiet, l\u012bdz tas pien\u0101k?<\/strong><\/p>\n<p>Pieg\u0101des uz Latviju parasti ierodas 10 darba dienu laik\u0101. Pieg\u0101de uz Eiropas valst\u012bm parasti aiz\u0146em apm\u0113ram 12-15 darba dienas. M\u0113s nodro\u0161in\u0101sim re\u0101llaika atjaunin\u0101jumus par j\u016bsu pieg\u0101des statusu.<\/p>\n<\/div>\n<\/div>\n<\/div>\n<\/div>\n<\/div>\n<p>&nbsp;<\/p>\n<p>Citi popul\u0101ri vape, kas jums var\u0113tu patikt:<\/p>\n<p><a href=\"https:\/\/rmvapesale.com\/lv\/product\/bang-beach-20000-puffs-vape-smart-screen-disposable-e-cig\/\"><strong>bang beach 20000 uzp\u016btienu\u00a0 \u00a0<span style=\"color: #ff0000\">&gt;&gt;&gt;&gt; uz priek\u0161u!<\/span><\/strong><\/a><\/p>\n<p><strong><a href=\"https:\/\/rmvapesale.com\/lv\/product\/uwin-crystal-10000-puff-disposable-vape-wholesale-price\/\">UWIN Crystal 10000 uzp\u016btienu <span style=\"color: #ff0000\">&gt;&gt;&gt;&gt; uz priek\u0161u!<\/span><\/a>\u00a0<\/strong><\/p>\n<p><a href=\"https:\/\/rmvapesale.com\/lv\/product\/uzy-crystal-pro-max-10k-puffs-disposable-vape-pen-wholesale\/\"><strong>UZY Crystal Pro Max 10000 uzp\u016btieni <span style=\"color: #ff0000\">&gt;&gt;&gt;&gt; uz priek\u0161u!<\/span><\/strong><\/a><\/p>\n<p>&nbsp;<\/p>\n<p>&nbsp;<\/p>\n<p>Atrodiet vair\u0101k Vape produktu, kas jums var\u0113tu patikt:<strong><em><a href=\"https:\/\/rmvapesale.com\/lv\/shop-2\/\">iepirkties tagad &gt;&gt;&gt;<\/a><\/em><\/strong><\/p>","protected":false},"excerpt":{"rendered":"<p>Ori\u0123in\u0101ls FIHP Digital Box 12K dvesmas vienreizlietojamais tvaiks<br \/>\nDigit\u0101l\u0101 kaste 12000 dvesmas FIHP vienreizlietojamais tvaiks 2% 5%<br \/>\nFIHP Digital 12000 dvesmas Fumot vairumtirdzniec\u012bbas cena ar zemu nikot\u012bna saturu<\/p>\n<p><img loading=\"lazy\" decoding=\"async\" class=\"size-full wp-image-1978\" src=\"https:\/\/rmvapesale.com\/wp-content\/uploads\/2024\/09\/Disposable-Vape-Wholesale.jpg\" alt=\"Vienreiz\u0113jais vape vairumtirdzniec\u012bba\" width=\"229\" height=\"300\" \/><\/p>\n<h3><a href=\"https:\/\/wa.me\/8617776015835\"><span style=\"color: #ff0000\"><strong>WhatsApp: +86 17776015835<\/strong><\/span><\/a><\/h3>\n<p>&nbsp;<\/p>","protected":false},"featured_media":2369,"comment_status":"open","ping_status":"closed","template":"","meta":{"_uag_custom_page_level_css":"","_lmt_disableupdate":"","_lmt_disable":"","site-sidebar-layout":"default","site-content-layout":"content-boxed-container","ast-site-content-layout":"normal-width-container","site-content-style":"boxed","site-sidebar-style":"unboxed","ast-global-header-display":"","ast-banner-title-visibility":"","ast-main-header-display":"","ast-hfb-above-header-display":"","ast-hfb-below-header-display":"","ast-hfb-mobile-header-display":"","site-post-title":"","ast-breadcrumbs-content":"","ast-featured-img":"","footer-sml-layout":"","ast-disable-related-posts":"","theme-transparent-header-meta":"default","adv-header-id-meta":"","stick-header-meta":"","header-above-stick-meta":"","header-main-stick-meta":"","header-below-stick-meta":"","astra-migrate-meta-layouts":"set","ast-page-background-enabled":"default","ast-page-background-meta":{"desktop":{"background-color":"var(--ast-global-color-4)","background-image":"","background-repeat":"repeat","background-position":"center center","background-size":"auto","background-attachment":"scroll","background-type":"","background-media":"","overlay-type":"","overlay-color":"","overlay-opacity":"","overlay-gradient":""},"tablet":{"background-color":"","background-image":"","background-repeat":"repeat","background-position":"center center","background-size":"auto","background-attachment":"scroll","background-type":"","background-media":"","overlay-type":"","overlay-color":"","overlay-opacity":"","overlay-gradient":""},"mobile":{"background-color":"","background-image":"","background-repeat":"repeat","background-position":"center center","background-size":"auto","background-attachment":"scroll","background-type":"","background-media":"","overlay-type":"","overlay-color":"","overlay-opacity":"","overlay-gradient":""}},"ast-content-background-meta":{"desktop":{"background-color":"var(--ast-global-color-5)","background-image":"","background-repeat":"repeat","background-position":"center center","background-size":"auto","background-attachment":"scroll","background-type":"","background-media":"","overlay-type":"","overlay-color":"","overlay-opacity":"","overlay-gradient":""},"tablet":{"background-color":"var(--ast-global-color-5)","background-image":"","background-repeat":"repeat","background-position":"center center","background-size":"auto","background-attachment":"scroll","background-type":"","background-media":"","overlay-type":"","overlay-color":"","overlay-opacity":"","overlay-gradient":""},"mobile":{"background-color":"var(--ast-global-color-5)","background-image":"","background-repeat":"repeat","background-position":"center center","background-size":"auto","background-attachment":"scroll","background-type":"","background-media":"","overlay-type":"","overlay-color":"","overlay-opacity":"","overlay-gradient":""}},"_joinchat":[]},"product_brand":[],"product_cat":[15,60,27,138,25,123,30,26,28,137,136,135],"product_tag":[66,139,126,40,111,105,120],"class_list":{"0":"post-2372","1":"product","2":"type-product","3":"status-publish","4":"has-post-thumbnail","6":"product_cat-new-vape-this-week","7":"product_cat-bang-vapes","8":"product_cat-fance-hot-sale-vape","9":"product_cat-fihp-disposable-vapes","10":"product_cat-germany-best-selling-vape","11":"product_cat-italy-wholesale-vape","12":"product_cat-minimum-order-quantity-50pcs","13":"product_cat-netherlands-hot-sale-vape","14":"product_cat-poland-hot-sale-vape","15":"product_cat-rechargeable-vapes","16":"product_cat-smart-screen-vapes","17":"product_cat-spain-best-hot-sale-vape","18":"product_tag-disposable-vape","19":"product_tag-disposable-vape-pen","20":"product_tag-e-cigarettes","21":"product_tag-hot-sale-vape","22":"product_tag-low-nicotine-disposable-vape","23":"product_tag-nicotine-free-disposable-vape","24":"product_tag-vape-wholesale","25":"desktop-align-left","26":"tablet-align-left","27":"mobile-align-left","29":"first","30":"instock","31":"sale","32":"shipping-taxable","33":"purchasable","34":"product-type-simple"},"uagb_featured_image_src":{"full":["https:\/\/rmvapesale.com\/wp-content\/uploads\/2024\/10\/FIHP-Digital-12000-Puffs-Wholesale-Price.jpg",808,808,false],"thumbnail":["https:\/\/rmvapesale.com\/wp-content\/uploads\/2024\/10\/FIHP-Digital-12000-Puffs-Wholesale-Price-150x150.jpg",150,150,true],"medium":["https:\/\/rmvapesale.com\/wp-content\/uploads\/2024\/10\/FIHP-Digital-12000-Puffs-Wholesale-Price-300x300.jpg",300,300,true],"medium_large":["https:\/\/rmvapesale.com\/wp-content\/uploads\/2024\/10\/FIHP-Digital-12000-Puffs-Wholesale-Price-768x768.jpg",768,768,true],"large":["https:\/\/rmvapesale.com\/wp-content\/uploads\/2024\/10\/FIHP-Digital-12000-Puffs-Wholesale-Price.jpg",808,808,false],"1536x1536":["https:\/\/rmvapesale.com\/wp-content\/uploads\/2024\/10\/FIHP-Digital-12000-Puffs-Wholesale-Price.jpg",808,808,false],"2048x2048":["https:\/\/rmvapesale.com\/wp-content\/uploads\/2024\/10\/FIHP-Digital-12000-Puffs-Wholesale-Price.jpg",808,808,false],"trp-custom-language-flag":["https:\/\/rmvapesale.com\/wp-content\/uploads\/2024\/10\/FIHP-Digital-12000-Puffs-Wholesale-Price.jpg",12,12,false],"woocommerce_thumbnail":["https:\/\/rmvapesale.com\/wp-content\/uploads\/2024\/10\/FIHP-Digital-12000-Puffs-Wholesale-Price-300x300.jpg",300,300,true],"woocommerce_single":["https:\/\/rmvapesale.com\/wp-content\/uploads\/2024\/10\/FIHP-Digital-12000-Puffs-Wholesale-Price-600x600.jpg",600,600,true],"woocommerce_gallery_thumbnail":["https:\/\/rmvapesale.com\/wp-content\/uploads\/2024\/10\/FIHP-Digital-12000-Puffs-Wholesale-Price-100x100.jpg",100,100,true],"wcpr-photo-reviews":["https:\/\/rmvapesale.com\/wp-content\/uploads\/2024\/10\/FIHP-Digital-12000-Puffs-Wholesale-Price.jpg",500,500,false]},"uagb_author_info":{"display_name":"AMY","author_link":"https:\/\/rmvapesale.com\/lv\/author\/"},"uagb_comment_info":0,"uagb_excerpt":"Original FIHP Digital Box 12K Puffs Disposable vape Digital Box 12000 Puffs FIHP Disposable Vape 2% 5% FIHP Digital 12000 Puffs Fumot Wholesale Price Low Nicotine WhatsApp: +86 17776015835 &nbsp;","_links":{"self":[{"href":"https:\/\/rmvapesale.com\/lv\/wp-json\/wp\/v2\/product\/2372","targetHints":{"allow":["GET"]}}],"collection":[{"href":"https:\/\/rmvapesale.com\/lv\/wp-json\/wp\/v2\/product"}],"about":[{"href":"https:\/\/rmvapesale.com\/lv\/wp-json\/wp\/v2\/types\/product"}],"replies":[{"embeddable":true,"href":"https:\/\/rmvapesale.com\/lv\/wp-json\/wp\/v2\/comments?post=2372"}],"wp:featuredmedia":[{"embeddable":true,"href":"https:\/\/rmvapesale.com\/lv\/wp-json\/wp\/v2\/media\/2369"}],"wp:attachment":[{"href":"https:\/\/rmvapesale.com\/lv\/wp-json\/wp\/v2\/media?parent=2372"}],"wp:term":[{"taxonomy":"product_brand","embeddable":true,"href":"https:\/\/rmvapesale.com\/lv\/wp-json\/wp\/v2\/product_brand?post=2372"},{"taxonomy":"product_cat","embeddable":true,"href":"https:\/\/rmvapesale.com\/lv\/wp-json\/wp\/v2\/product_cat?post=2372"},{"taxonomy":"product_tag","embeddable":true,"href":"https:\/\/rmvapesale.com\/lv\/wp-json\/wp\/v2\/product_tag?post=2372"}],"curies":[{"name":"wp","href":"https:\/\/api.w.org\/{rel}","templated":true}]}}