{"id":2384,"date":"2024-10-14T02:52:20","date_gmt":"2024-10-14T02:52:20","guid":{"rendered":"https:\/\/rmvapesale.com\/?post_type=product&#038;p=2384"},"modified":"2024-10-14T03:22:03","modified_gmt":"2024-10-14T03:22:03","slug":"faivono-bang-maxi-15000-puffs-disposable-vape-bulk-wholesale","status":"publish","type":"product","link":"https:\/\/rmvapesale.com\/lv\/product\/faivono-bang-maxi-15000-puffs-disposable-vape-bulk-wholesale\/","title":{"rendered":"AIVONO Bang Maxi 15000 dvesienu vienreiz\u0113j\u0101s lieto\u0161anas vape vairumtirdzniec\u012bba"},"content":{"rendered":"<div class=\"B2VR9 CJHX3e\">\n<div class=\"wyccme\">\n<h1 class=\"LC20lb MBeuO DKV0Md\">AIVONO Bang Maxi 15000 dvesienu vienreiz\u0113j\u0101s lieto\u0161anas vape vairumtirdzniec\u012bba<\/h1>\n<div class=\"flex-shrink-0 flex flex-col relative items-end\">\n<div class=\"pt-0\">\n<div class=\"gizmo-bot-avatar flex h-8 w-8 items-center justify-center overflow-hidden rounded-full\">\n<div class=\"relative p-1 rounded-sm flex items-center justify-center bg-token-main-surface-primary text-token-text-primary h-8 w-8\">\n<p>Atkl\u0101jiet jaunu vap\u0113\u0161anas l\u012bmeni ar AIVONO Bang Maxi 15000 Puffs vienreiz\u0113j\u0101s lieto\u0161anas vape, kas ir moderna vienreiz\u0113j\u0101s lieto\u0161anas vape pod ier\u012bce, kas izstr\u0101d\u0101ta maksim\u0101lam apmierin\u0101jumam un \u0113rt\u012bbai. \u0160is novatoriskais vape apvieno jaun\u0101k\u0101s tehnolo\u0123ijas ar elegantu dizainu, lai nodro\u0161in\u0101tu nep\u0101rsp\u0113jamu vap\u0113\u0161anas pieredzi, kas ir lieliski piem\u0113rota gan ies\u0101c\u0113jiem, gan pieredz\u0113ju\u0161iem veipot\u0101jiem.<\/p>\n<p>Ar 15 000 uzp\u016btieniem un uzl\u0101d\u0113jamu akumulatoru AIVONO 15000 Puffs vienreiz\u0113j\u0101s lieto\u0161anas vape pied\u0101v\u0101 nep\u0101rsp\u0113jamu veiktsp\u0113ju un \u0113rt\u012bbas, padarot to par ide\u0101lu izv\u0113li ikdienas veipot\u0101jiem. J\u016bs varat izv\u0113l\u0113ties no 5%, 3%, 2% vai bez nikot\u012bna iesp\u0113j\u0101m, \u013caujot jums piel\u0101got savu vap\u0113\u0161anas pieredzi sav\u0101m vajadz\u012bb\u0101m.<\/p>\n<p>Ieg\u0101d\u0101jieties savu jau tagad Rmvapesale, lab\u0101kaj\u0101 tie\u0161saistes vape veikal\u0101, un paceliet savu vap\u0113\u0161anu jaun\u0101 l\u012bmen\u012b ar AIVONO Bang Maxi 15000 Puffs vienreiz\u0113j\u0101s lieto\u0161anas vape.<\/p>\n<p>&nbsp;<\/p>\n<\/div>\n<\/div>\n<\/div>\n<\/div>\n<\/div>\n<\/div>\n<p><strong>Sazinieties ar Eimiju, lai sa\u0146emtu pareizu atbildi un vair\u0101k produktu video!<\/strong><\/p>\n<p><img loading=\"lazy\" decoding=\"async\" class=\"size-full wp-image-1978\" src=\"https:\/\/rmvapesale.com\/wp-content\/uploads\/2024\/09\/Disposable-Vape-Wholesale.jpg\" alt=\"Vienreiz\u0113jais vape vairumtirdzniec\u012bba\" width=\"229\" height=\"300\" \/><\/p>\n<h3><a href=\"https:\/\/wa.me\/8617776015835\" target=\"_blank\" rel=\"noopener\"><span style=\"color: #ff0000\"><strong>WhatsApp: +86 17776015835<\/strong><\/span><\/a><\/h3>\n<p>&nbsp;<\/p>\n<h2><\/h2>\n<h2><strong>AIVONO Bang Maxi 15000 Bottle Vape galven\u0101s iez\u012bmes<\/strong><\/h2>\n<p>&nbsp;<\/p>\n<ul>\n<li><strong>Papla\u0161in\u0101ts uzp\u016btienu skaits:<\/strong> Pied\u0101v\u0101jot l\u012bdz pat <strong>15 000 uzp\u016btienu<\/strong>, \u0161is vienreiz\u0113j\u0101s lieto\u0161anas vape nodro\u0161ina ilgsto\u0161u baud\u012bjumu bez nepiecie\u0161am\u012bbas p\u0113c past\u0101v\u012bgas nomai\u0146as. Tas ir lieliski piem\u0113rots ilgsto\u0161\u0101m vap\u0113\u0161anas sesij\u0101m, padarot to par vienu no lab\u0101kajiem karst\u0101s p\u0101rdo\u0161anas veipiem tirg\u016b.<\/li>\n<li><strong>Jaud\u012bga akumulatora veiktsp\u0113ja:<\/strong> Apr\u012bkots ar <strong>18250 t\u012bra kobalta akumulators<\/strong> un uzl\u0101d\u0113jams <strong>650 mAh ietilp\u012bba<\/strong>, \u0161\u012b ier\u012bce ir paredz\u0113ta iztur\u012bbai. \u0100tr\u0101s uzl\u0101des <strong>C tipa interfeiss<\/strong> nodro\u0161ina efekt\u012bvu uzl\u0101di, lai j\u016bs var\u0113tu baud\u012bt nep\u0101rtrauktu vap\u0113\u0161anu stund\u0101m ilgi.<\/li>\n<li><strong>D\u0101sna e-\u0161\u0137idruma ietilp\u012bba:<\/strong> \u0160is <strong>23 ml e-\u0161\u0137idruma<\/strong> ietilp\u012bba samazina nepiecie\u0161am\u012bbu p\u0113c bie\u017eas uzpildes, \u013caujot jums koncentr\u0113ties uz savu vap\u0113\u0161anas pieredzi. Apvienojum\u0101 ar <strong>1,2 \u03a9 sieta serde\u0146a sild\u012b\u0161anas vadu<\/strong>, tvaika ra\u017eo\u0161ana ir vienm\u0113r\u012bga un arom\u0101tiska ar katru uzp\u016btienu.<\/li>\n<li><strong>Nikot\u012bna opcijas:<\/strong> Piel\u0101gojiet savu vap\u0113\u0161anas pieredzi ar <strong>nikot\u012bna s\u0101ls opcijas<\/strong> 5%, 3%, 2% vai pat <strong>bez nikot\u012bna<\/strong> (0%) izv\u0113les. \u0160\u012b elast\u012bba atbilst da\u017e\u0101d\u0101m v\u0113lm\u0113m, no viegliem l\u012bdz sp\u0113c\u012bg\u0101kiem nikot\u012bna triecieniem.<\/li>\n<li><strong>Kompakts un p\u0101rn\u0113s\u0101jams:<\/strong> Izm\u0113rs tikai <strong>40*110mm<\/strong>, tad <strong>AIVONO Bang Maxi<\/strong> ir kompakts un p\u0101rn\u0113s\u0101jams, lieliski iek\u013caujas j\u016bsu rok\u0101 vai kabat\u0101 \u0113rtai tvaic\u0113\u0161anai, atrodoties ce\u013c\u0101.<\/li>\n<li><\/li>\n<\/ul>\n<h2><\/h2>\n<h2><strong>Lab\u0101k\u0101 gar\u0161a AIVONO 15000 Puffs Vape Pod<\/strong><\/h2>\n<p>\u0160is <strong>AIVONO Bang Maxi 15000 Puffs vienreiz\u0113j\u0101s lieto\u0161anas Vape<\/strong> pied\u0101v\u0101 pla\u0161u r\u016bp\u012bgi izstr\u0101d\u0101tu gar\u0161u kl\u0101stu, kas atbilst katra tvaic\u0113t\u0101ja gaumei. Da\u017eas no izcil\u0101kaj\u0101m iesp\u0113j\u0101m ietver:<\/p>\n<p>&nbsp;<\/p>\n<p>1.Zil\u0101 Avene <span style=\"color: #ff0000\"><strong>&gt;&gt;&gt;&gt; Karsti!<\/strong><\/span><br \/>\n2.Karalisk\u0101s V\u012bnogas<br \/>\n3.Persiku Oga<br \/>\n4.Kaisl\u012bbas Sk\u016bpsts<br \/>\n5.Arb\u016bzu ledus<br \/>\n6.Tr\u012bsk\u0101r\u0161\u0101 Oga <span style=\"color: #ff0000\"><strong>&gt;&gt;&gt;&gt; Viss lab\u0101kais!<\/strong><\/span><br \/>\n7. Persiku ledus<br \/>\n8. Zeme\u0146u arb\u016bzs<br \/>\n9.M\u012blest\u012bba 66 <span style=\"color: #ff0000\"><strong>&gt;&gt;&gt;&gt; Karsti!<\/strong><\/span><br \/>\n10.Sekss Pludmal\u0113 <span style=\"color: #ff0000\"><strong>&gt;&gt;&gt;&gt; Karsti!<\/strong><\/span><\/p>\n<figure id=\"attachment_2378\" aria-describedby=\"caption-attachment-2378\" style=\"width: 808px\" class=\"wp-caption alignnone\"><img loading=\"lazy\" decoding=\"async\" class=\"wp-image-2378 size-full\" src=\"https:\/\/rmvapesale.com\/wp-content\/uploads\/2024\/10\/AIVONO-Aim-Bang-Maxi-15000-Puffs-Disposable-Vape-Flavour.png\" alt=\"AIVONO Aim Bang Maxi 15000 Puffs vienreiz\u0113j\u0101s lieto\u0161anas Vape gar\u0161a\" width=\"808\" height=\"808\" srcset=\"https:\/\/rmvapesale.com\/wp-content\/uploads\/2024\/10\/AIVONO-Aim-Bang-Maxi-15000-Puffs-Disposable-Vape-Flavour.png 808w, https:\/\/rmvapesale.com\/wp-content\/uploads\/2024\/10\/AIVONO-Aim-Bang-Maxi-15000-Puffs-Disposable-Vape-Flavour-300x300.png 300w, https:\/\/rmvapesale.com\/wp-content\/uploads\/2024\/10\/AIVONO-Aim-Bang-Maxi-15000-Puffs-Disposable-Vape-Flavour-150x150.png 150w, https:\/\/rmvapesale.com\/wp-content\/uploads\/2024\/10\/AIVONO-Aim-Bang-Maxi-15000-Puffs-Disposable-Vape-Flavour-768x768.png 768w, https:\/\/rmvapesale.com\/wp-content\/uploads\/2024\/10\/AIVONO-Aim-Bang-Maxi-15000-Puffs-Disposable-Vape-Flavour-600x600.png 600w, https:\/\/rmvapesale.com\/wp-content\/uploads\/2024\/10\/AIVONO-Aim-Bang-Maxi-15000-Puffs-Disposable-Vape-Flavour-100x100.png 100w\" sizes=\"auto, (max-width: 808px) 100vw, 808px\" \/><figcaption id=\"caption-attachment-2378\" class=\"wp-caption-text\">AIVONO Aim Bang Maxi 15000 Puffs vienreiz\u0113j\u0101s lieto\u0161anas Vape gar\u0161a<\/figcaption><\/figure>\n<h3><\/h3>\n<h3><strong>K\u0101p\u0113c izv\u0113l\u0113ties Rmvapesale Aivono Aim Bang Maxi 15000 Puffs uzl\u0101d\u0113jamam vape?<\/strong><strong>?<\/strong><\/h3>\n<div class=\"flex-shrink-0 flex flex-col relative items-end\">\n<div>\n<div class=\"pt-0\">\n<div class=\"gizmo-bot-avatar flex h-8 w-8 items-center justify-center overflow-hidden rounded-full\">\n<div class=\"relative p-1 rounded-sm flex items-center justify-center bg-token-main-surface-primary text-token-text-primary h-8 w-8\">\n<p>&nbsp;<\/p>\n<p>Kad izv\u0113laties Rmvapesale sav\u0101m vairumtirdzniec\u012bbas vienreiz\u0113j\u0101s lieto\u0161anas e-cigare\u0161u vajadz\u012bb\u0101m, j\u016bs ieg\u016bstat \u0161\u0101das priek\u0161roc\u012bbas:<\/p>\n<ul>\n<li><strong>Konkur\u0113tsp\u0113j\u012bga cena<\/strong>Ieg\u016bstiet pieeju pievilc\u012bg\u0101m vairumtirdzniec\u012bbas cen\u0101m, kas palielina j\u016bsu biznesa pe\u013c\u0146u.<\/li>\n<li><strong>Augsta kvalit\u0101te<\/strong>M\u016bsu vape ir izstr\u0101d\u0101tas atbilsto\u0161i augst\u0101kajiem standartiem, un <span style=\"color: #ff0000\"><strong>Garant\u0113ti 100% ori\u0123in\u0101li un autentiski, pret\u0113j\u0101 gad\u012bjum\u0101 par viltot\u0101m prec\u0113m tiks nodro\u0161in\u0101ta 10 reizes liel\u0101ka kompens\u0101cija!<\/strong><\/span><\/li>\n<li><strong>Izcils klientu serviss<\/strong>M\u016bsu \u012bpa\u0161\u0101 komanda vienm\u0113r ir gatava jums pal\u012bdz\u0113t, padarot j\u016bsu pirk\u0161anas procesu vienk\u0101r\u0161u un \u0113rtu.<\/li>\n<li><strong>\u0100tra<\/strong>: Sagaidiet \u0101tru un uzticamu pieg\u0101di, kas nodro\u0161ina, ka j\u016bsu pas\u016bt\u012bjumi vienm\u0113r tiek pieg\u0101d\u0101ti laik\u0101.<\/li>\n<\/ul>\n<h3><\/h3>\n<h3><b>Bie\u017e\u0101k uzdotie jaut\u0101jumi<\/b><\/h3>\n<p>&nbsp;<\/p>\n<\/div>\n<\/div>\n<\/div>\n<\/div>\n<\/div>\n<div class=\"group\/conversation-turn relative flex w-full min-w-0 flex-col agent-turn\">\n<div class=\"flex-col gap-1 md:gap-3\">\n<div class=\"flex max-w-full flex-col flex-grow\">\n<div class=\"min-h-8 text-message flex w-full flex-col items-end gap-2 whitespace-normal break-words [.text-message+&amp;]:mt-5\" dir=\"auto\" data-message-author-role=\"assistant\" data-message-id=\"f226d3fc-81f3-46d5-8c46-31787fff0357\">\n<div class=\"flex w-full flex-col gap-1 empty:hidden first:pt-[3px]\">\n<div class=\"markdown prose w-full break-words dark:prose-invert light\">\n<p><strong>1. Cik daudz uzp\u016b\u0161u pied\u0101v\u0101 AIVONO Bang Maxi 15k Puffs vienreiz\u0113j\u0101s lieto\u0161anas vape?<\/strong><br \/>\n\u0160is <strong>AIVONO Bang Maxi<\/strong> pied\u0101v\u0101 iespaid\u012bgu <strong>15 000 uzp\u016btienu<\/strong>, nodro\u0161inot ilgsto\u0161as iztvaic\u0113\u0161anas sesijas bez bie\u017eas nomai\u0146as. T\u0101 ir viena no lab\u0101kaj\u0101m izv\u0113l\u0113m Latvijas <strong>vape karst\u0101s izp\u0101rdo\u0161anas l\u0113to<\/strong> kategorij\u0101 tiem, kas mekl\u0113 ilgsto\u0161u lieto\u0161anu.<\/p>\n<p><strong>2. Vai AIVONO 15000 Puffs var uzl\u0101d\u0113t?<\/strong><br \/>\nJ\u0101, <strong>AIVONO Vape 15000 Puffs vienreiz\u0113j\u0101s lieto\u0161anas vape<\/strong> is <strong>uzl\u0101d\u0113jams<\/strong>. Tam ir jaud\u012bgs 650 mAh akumulators un <strong>C tipa uzl\u0101des ports<\/strong>, kas nodro\u0161ina \u0101tru un efekt\u012bvu uzl\u0101di. Tas padara to par vienu no lab\u0101kaj\u0101m izv\u0113l\u0113m tiem, kas mekl\u0113 <strong>uzl\u0101d\u0113jamu vienreiz\u0113j\u0101s lieto\u0161anas vape karst\u0101 p\u0101rdo\u0161ana<\/strong> ier\u012bci.<\/p>\n<p><strong>3. K\u0101di nikot\u012bna l\u012bme\u0146i ir pieejami AIVONO Aim 15000 Puffs?<\/strong><br \/>\n\u0160is <strong>AIVONO AIM 15000 Puffs<\/strong> pied\u0101v\u0101 da\u017e\u0101dus nikot\u012bna stiprumus, lai tie atbilstu da\u017e\u0101d\u0101m v\u0113lm\u0113m, tostarp <strong>5%, 3%, 2% un 0% (bez nikot\u012bna)<\/strong>. J\u016bs varat izv\u0113l\u0113ties l\u012bmeni, kas vislab\u0101k atbilst j\u016bsu vajadz\u012bb\u0101m.<\/p>\n<p><strong>4. K\u0101das ir popul\u0101r\u0101k\u0101s AIVONO AIM Bang Maxi 15000 Puffs gar\u0161as?<\/strong><br \/>\nDa\u017eas no popul\u0101r\u0101kaj\u0101m <strong>AIVONO AIM 15000 Puffs gar\u0161\u0101m<\/strong> ietver <strong>Zil\u0101s avenes<\/strong>, <strong>Karalisko v\u012bnogu<\/strong>, <strong>Persiku ledus<\/strong>, <strong>Arb\u016bzu ledus<\/strong>, un v\u0113l. \u0160\u012bs gar\u0161as nodro\u0161ina vienm\u0113r\u012bgu un pat\u012bkamu tvaic\u0113\u0161anas pieredzi. Pla\u0161\u0101 izv\u0113le \u013cauj viegli atrast savai gaumei piem\u0113rot\u0101ko gar\u0161u.<\/p>\n<p><strong>5. Vai es varu ieg\u0101d\u0101ties AIVONO Bang Maxi 15K Puffs vairum\u0101 vai vairumtirdzniec\u012bb\u0101?<\/strong><br \/>\nJ\u0101, <strong>AIVONO Bang Maxi 15000 Puffs<\/strong> ir pieejams <strong>vairum\u0101<\/strong> un <strong>vairumtirdzniec\u012bba<\/strong> pirkumiem. Ja v\u0113laties papildin\u0101t kr\u0101jumus vai apg\u0101d\u0101t savu veikalu, \u0161is vape ir lieliska izv\u0113le <strong>AIVONO Bang Maxi 15000 dvesienu vairumtirdzniec\u012bba<\/strong> tirgus, pied\u0101v\u0101jot augst\u0101k\u0101s kvalit\u0101tes funkcijas par konkur\u0113tsp\u0113j\u012bg\u0101m cen\u0101m.<\/p>\n<\/div>\n<\/div>\n<\/div>\n<\/div>\n<\/div>\n<\/div>\n<p>&nbsp;<\/p>\n<h3><\/h3>\n<h3>Par s\u016bt\u012bjumu<\/h3>\n<div class=\"flex-shrink-0 flex flex-col relative items-end\">\n<div>\n<div class=\"pt-0\">\n<div class=\"gizmo-bot-avatar flex h-8 w-8 items-center justify-center overflow-hidden rounded-full\">\n<div><\/div>\n<div class=\"relative p-1 rounded-sm flex items-center justify-center bg-token-main-surface-primary text-token-text-primary h-8 w-8\"><strong>1. K\u0101das pieg\u0101des metodes tiek izmantotas?<\/strong><\/div>\n<\/div>\n<\/div>\n<\/div>\n<\/div>\n<div class=\"group\/conversation-turn relative flex w-full min-w-0 flex-col agent-turn\">\n<div class=\"flex-col gap-1 md:gap-3\">\n<div class=\"flex max-w-full flex-col flex-grow\">\n<div class=\"min-h-[20px] text-message flex w-full flex-col items-end gap-2 whitespace-normal break-words [.text-message+&amp;]:mt-5 overflow-x-auto\" dir=\"auto\" data-message-author-role=\"assistant\" data-message-id=\"22f8283b-3233-46ff-89a5-c7a41b33abda\">\n<div class=\"flex w-full flex-col gap-1 empty:hidden first:pt-[3px]\">\n<div class=\"markdown prose w-full break-words dark:prose-invert light\">\n<p>M\u0113s sadarbojamies ar UPS, DHL, FedEx, DPD un citiem vado\u0161ajiem p\u0101rvad\u0101t\u0101jiem. M\u0113s izv\u0113l\u0113simies lab\u0101ko pieg\u0101des veidu, pamatojoties uz j\u016bsu pieg\u0101des vietu, lai nodro\u0161in\u0101tu, ka j\u016bs sa\u0146emat savus produktus p\u0113c iesp\u0113jas \u0101tr\u0101k.<\/p>\n<\/div>\n<p><strong>2. Cik ilgs laiks paiet, l\u012bdz tas pien\u0101k?<\/strong><\/p>\n<p>Pieg\u0101des uz Latviju parasti ierodas 10 darba dienu laik\u0101. Pieg\u0101de uz Eiropas valst\u012bm parasti aiz\u0146em apm\u0113ram 12-15 darba dienas. M\u0113s nodro\u0161in\u0101sim re\u0101llaika atjaunin\u0101jumus par j\u016bsu pieg\u0101des statusu.<\/p>\n<\/div>\n<\/div>\n<\/div>\n<\/div>\n<\/div>\n<p>&nbsp;<\/p>\n<p>Citi popul\u0101ri vape, kas jums var\u0113tu patikt:<\/p>\n<p><a href=\"https:\/\/rmvapesale.com\/lv\/product\/mrvi-puffing-15000-puff-disposable-vape-box\/\"><strong>MRVI PUFFING 15000 dvesienu\u00a0 \u00a0<span style=\"color: #ff0000\">&gt;&gt;&gt;&gt; uz priek\u0161u!<\/span><\/strong><\/a><\/p>\n<p><strong><a href=\"https:\/\/rmvapesale.com\/lv\/product\/bang-box-18000-puffs-led-display-disposable-vape-original\/\">BANG Vape 18000 dvesienu <span style=\"color: #ff0000\">&gt;&gt;&gt;&gt; uz priek\u0161u!<\/span><\/a>\u00a0<\/strong><\/p>\n<p><a href=\"https:\/\/rmvapesale.com\/lv\/product\/fihp-shisha-hookah-12000-puffs-monster-low-nicotine-vape-pen\/\"><strong>FIHP Shisha Hookah 12000 dvesienu <span style=\"color: #ff0000\">&gt;&gt;&gt;&gt; uz priek\u0161u!<\/span><\/strong><\/a><\/p>\n<p>&nbsp;<\/p>\n<p>&nbsp;<\/p>\n<p>Atrodiet vair\u0101k Vape produktu, kas jums var\u0113tu patikt:<strong><em><a href=\"https:\/\/rmvapesale.com\/lv\/shop-2\/\">iepirkties tagad &gt;&gt;&gt;<\/a><\/em><\/strong><\/p>","protected":false},"excerpt":{"rendered":"<p>AIVONO Aim Bang Maxi 15000 Puffs Vienreiz\u0113j\u0101s lieto\u0161anas Vape<br \/>\nAivono Aim Bang Maxi 15000 Puffs Vairumtirdzniec\u012bbas Cena<br \/>\nAIVONO BANG MAXI 15000 0% 2% 3% 5% Zema nikot\u012bna Vape<\/p>\n<p><img loading=\"lazy\" decoding=\"async\" class=\"size-full wp-image-1978\" src=\"https:\/\/rmvapesale.com\/wp-content\/uploads\/2024\/09\/Disposable-Vape-Wholesale.jpg\" alt=\"Vienreiz\u0113jais vape vairumtirdzniec\u012bba\" width=\"229\" height=\"300\" \/><\/p>\n<h3><a href=\"https:\/\/wa.me\/8617776015835\"><span style=\"color: #ff0000\"><strong>WhatsApp: +86 17776015835<\/strong><\/span><\/a><\/h3>\n<p>&nbsp;<\/p>","protected":false},"featured_media":2377,"comment_status":"open","ping_status":"closed","template":"","meta":{"_uag_custom_page_level_css":"","_lmt_disableupdate":"","_lmt_disable":"","site-sidebar-layout":"default","site-content-layout":"content-boxed-container","ast-site-content-layout":"normal-width-container","site-content-style":"boxed","site-sidebar-style":"unboxed","ast-global-header-display":"","ast-banner-title-visibility":"","ast-main-header-display":"","ast-hfb-above-header-display":"","ast-hfb-below-header-display":"","ast-hfb-mobile-header-display":"","site-post-title":"","ast-breadcrumbs-content":"","ast-featured-img":"","footer-sml-layout":"","theme-transparent-header-meta":"default","adv-header-id-meta":"","stick-header-meta":"","header-above-stick-meta":"","header-main-stick-meta":"","header-below-stick-meta":"","astra-migrate-meta-layouts":"set","ast-page-background-enabled":"default","ast-page-background-meta":{"desktop":{"background-color":"var(--ast-global-color-4)","background-image":"","background-repeat":"repeat","background-position":"center center","background-size":"auto","background-attachment":"scroll","background-type":"","background-media":"","overlay-type":"","overlay-color":"","overlay-opacity":"","overlay-gradient":""},"tablet":{"background-color":"","background-image":"","background-repeat":"repeat","background-position":"center center","background-size":"auto","background-attachment":"scroll","background-type":"","background-media":"","overlay-type":"","overlay-color":"","overlay-opacity":"","overlay-gradient":""},"mobile":{"background-color":"","background-image":"","background-repeat":"repeat","background-position":"center center","background-size":"auto","background-attachment":"scroll","background-type":"","background-media":"","overlay-type":"","overlay-color":"","overlay-opacity":"","overlay-gradient":""}},"ast-content-background-meta":{"desktop":{"background-color":"var(--ast-global-color-5)","background-image":"","background-repeat":"repeat","background-position":"center center","background-size":"auto","background-attachment":"scroll","background-type":"","background-media":"","overlay-type":"","overlay-color":"","overlay-opacity":"","overlay-gradient":""},"tablet":{"background-color":"var(--ast-global-color-5)","background-image":"","background-repeat":"repeat","background-position":"center center","background-size":"auto","background-attachment":"scroll","background-type":"","background-media":"","overlay-type":"","overlay-color":"","overlay-opacity":"","overlay-gradient":""},"mobile":{"background-color":"var(--ast-global-color-5)","background-image":"","background-repeat":"repeat","background-position":"center center","background-size":"auto","background-attachment":"scroll","background-type":"","background-media":"","overlay-type":"","overlay-color":"","overlay-opacity":"","overlay-gradient":""}},"_joinchat":[]},"product_brand":[],"product_cat":[15,25,123,26,28,135,27,61,138,137,136,30],"product_tag":[147,146,126,111,105,132,120],"class_list":{"0":"post-2384","1":"product","2":"type-product","3":"status-publish","4":"has-post-thumbnail","6":"product_cat-new-vape-this-week","7":"product_cat-germany-best-selling-vape","8":"product_cat-italy-wholesale-vape","9":"product_cat-netherlands-hot-sale-vape","10":"product_cat-poland-hot-sale-vape","11":"product_cat-spain-best-hot-sale-vape","12":"product_cat-fance-hot-sale-vape","13":"product_cat-15000-puffs-disposable-vapes","14":"product_cat-fihp-disposable-vapes","15":"product_cat-rechargeable-vapes","16":"product_cat-smart-screen-vapes","17":"product_cat-minimum-order-quantity-50pcs","18":"product_tag-aivono-aim-bang-maxi-15000-puffs-wholesale","19":"product_tag-best-hot-sale-vape","20":"product_tag-e-cigarettes","21":"product_tag-low-nicotine-disposable-vape","22":"product_tag-nicotine-free-disposable-vape","23":"product_tag-rechargeable-vape","24":"product_tag-vape-wholesale","25":"desktop-align-left","26":"tablet-align-left","27":"mobile-align-left","29":"first","30":"instock","31":"sale","32":"shipping-taxable","33":"purchasable","34":"product-type-simple"},"uagb_featured_image_src":{"full":["https:\/\/rmvapesale.com\/wp-content\/uploads\/2024\/10\/AIVONO-Aim-Vape-Bang-Maxi-15000-Puffs.png",808,808,false],"thumbnail":["https:\/\/rmvapesale.com\/wp-content\/uploads\/2024\/10\/AIVONO-Aim-Vape-Bang-Maxi-15000-Puffs-150x150.png",150,150,true],"medium":["https:\/\/rmvapesale.com\/wp-content\/uploads\/2024\/10\/AIVONO-Aim-Vape-Bang-Maxi-15000-Puffs-300x300.png",300,300,true],"medium_large":["https:\/\/rmvapesale.com\/wp-content\/uploads\/2024\/10\/AIVONO-Aim-Vape-Bang-Maxi-15000-Puffs-768x768.png",768,768,true],"large":["https:\/\/rmvapesale.com\/wp-content\/uploads\/2024\/10\/AIVONO-Aim-Vape-Bang-Maxi-15000-Puffs.png",808,808,false],"1536x1536":["https:\/\/rmvapesale.com\/wp-content\/uploads\/2024\/10\/AIVONO-Aim-Vape-Bang-Maxi-15000-Puffs.png",808,808,false],"2048x2048":["https:\/\/rmvapesale.com\/wp-content\/uploads\/2024\/10\/AIVONO-Aim-Vape-Bang-Maxi-15000-Puffs.png",808,808,false],"trp-custom-language-flag":["https:\/\/rmvapesale.com\/wp-content\/uploads\/2024\/10\/AIVONO-Aim-Vape-Bang-Maxi-15000-Puffs.png",12,12,false],"woocommerce_thumbnail":["https:\/\/rmvapesale.com\/wp-content\/uploads\/2024\/10\/AIVONO-Aim-Vape-Bang-Maxi-15000-Puffs-300x300.png",300,300,true],"woocommerce_single":["https:\/\/rmvapesale.com\/wp-content\/uploads\/2024\/10\/AIVONO-Aim-Vape-Bang-Maxi-15000-Puffs-600x600.png",600,600,true],"woocommerce_gallery_thumbnail":["https:\/\/rmvapesale.com\/wp-content\/uploads\/2024\/10\/AIVONO-Aim-Vape-Bang-Maxi-15000-Puffs-100x100.png",100,100,true],"wcpr-photo-reviews":["https:\/\/rmvapesale.com\/wp-content\/uploads\/2024\/10\/AIVONO-Aim-Vape-Bang-Maxi-15000-Puffs.png",500,500,false]},"uagb_author_info":{"display_name":"AMY","author_link":"https:\/\/rmvapesale.com\/lv\/author\/"},"uagb_comment_info":0,"uagb_excerpt":"AIVONO Aim Bang Maxi 15000 Puffs Disposable Vape Aivono Aim Bang Maxi 15000 Puffs Wholesale Price AIVONO BANG MAXI 15000 0% 2% 3% 5% Low Nicotine Vape WhatsApp: +86 17776015835 &nbsp;","_links":{"self":[{"href":"https:\/\/rmvapesale.com\/lv\/wp-json\/wp\/v2\/product\/2384","targetHints":{"allow":["GET"]}}],"collection":[{"href":"https:\/\/rmvapesale.com\/lv\/wp-json\/wp\/v2\/product"}],"about":[{"href":"https:\/\/rmvapesale.com\/lv\/wp-json\/wp\/v2\/types\/product"}],"replies":[{"embeddable":true,"href":"https:\/\/rmvapesale.com\/lv\/wp-json\/wp\/v2\/comments?post=2384"}],"wp:featuredmedia":[{"embeddable":true,"href":"https:\/\/rmvapesale.com\/lv\/wp-json\/wp\/v2\/media\/2377"}],"wp:attachment":[{"href":"https:\/\/rmvapesale.com\/lv\/wp-json\/wp\/v2\/media?parent=2384"}],"wp:term":[{"taxonomy":"product_brand","embeddable":true,"href":"https:\/\/rmvapesale.com\/lv\/wp-json\/wp\/v2\/product_brand?post=2384"},{"taxonomy":"product_cat","embeddable":true,"href":"https:\/\/rmvapesale.com\/lv\/wp-json\/wp\/v2\/product_cat?post=2384"},{"taxonomy":"product_tag","embeddable":true,"href":"https:\/\/rmvapesale.com\/lv\/wp-json\/wp\/v2\/product_tag?post=2384"}],"curies":[{"name":"wp","href":"https:\/\/api.w.org\/{rel}","templated":true}]}}