{"id":2391,"date":"2024-10-14T03:59:04","date_gmt":"2024-10-14T03:59:04","guid":{"rendered":"https:\/\/rmvapesale.com\/?post_type=product&#038;p=2391"},"modified":"2024-10-14T07:28:47","modified_gmt":"2024-10-14T07:28:47","slug":"bang-vape-30000-pro-disposables-wholesale","status":"publish","type":"product","link":"https:\/\/rmvapesale.com\/lv\/product\/bang-vape-30000-pro-disposables-wholesale\/","title":{"rendered":"Bang Vape 30000 Pro vienreiz\u0113j\u0101s lieto\u0161anas vairumtirdzniec\u012bba"},"content":{"rendered":"<div class=\"B2VR9 CJHX3e\">\n<div class=\"wyccme\">\n<h1 class=\"LC20lb MBeuO DKV0Md\">Bang Vape Bangking 30000 Pro vienreiz\u0113j\u0101s lieto\u0161anas vairumtirdzniec\u012bba<\/h1>\n<div class=\"flex-shrink-0 flex flex-col relative items-end\">\n<div class=\"pt-0\">\n<div class=\"gizmo-bot-avatar flex h-8 w-8 items-center justify-center overflow-hidden rounded-full\">\n<div class=\"relative p-1 rounded-sm flex items-center justify-center bg-token-main-surface-primary text-token-text-primary h-8 w-8\">\n<p>Bang Vape Bangking 30000 Pro vienreiz\u0113j\u0101s lieto\u0161anas vape ir izstr\u0101d\u0101ts, lai nodro\u0161in\u0101tu nep\u0101rsp\u0113jamu tvaic\u0113\u0161anas pieredzi, pied\u0101v\u0101jot iespaid\u012bgas funkcijas, kas piem\u0113rotas gan ikdienas, gan pieredz\u0113ju\u0161iem tvaic\u0113t\u0101jiem. Ar 30 000 dvesm\u0101m, jaud\u012bgu 850 mAh uzl\u0101d\u0113jamu akumulatoru un piel\u0101gojamiem nikot\u012bna l\u012bme\u0146iem Bangking 30000 Pro ir izcils vienreiz\u0113j\u0101s lieto\u0161anas vape pasaul\u0113.<\/p>\n<p>Bang king 30000 dvesmu ier\u012bci darbina sp\u0113c\u012bgs 850 mAh akumulators, nodro\u0161inot ilgsto\u0161u lieto\u0161anu visas dienas garum\u0101. T\u0101 Type-C uzl\u0101des ports nodro\u0161ina \u0101tru un efekt\u012bvu uzl\u0101di, t\u0101p\u0113c jums nekad neb\u016bs j\u0101uztraucas par jaudas izs\u012bkumu. Viena no inovat\u012bv\u0101kaj\u0101m Bang king 30000 Pro funkcij\u0101m ir t\u0101 pilns viedais ekr\u0101ns. Ekr\u0101n\u0101 tiek par\u0101d\u012bts gan e\u013c\u013cas, gan akumulatora l\u012bmenis, sniedzot lietot\u0101jiem re\u0101llaika ieskatu par ier\u012bces statusu.<\/p>\n<p>Ar 0%, 2%, 3% un 5% nikot\u012bna opcij\u0101m, Bang Vape 30000 Pro vienreiz\u0113j\u0101s lieto\u0161anas ier\u012bce ir piem\u0113rota visiem tvaic\u0113t\u0101jiem, neatkar\u012bgi no t\u0101, vai mekl\u0113jat pieredzi bez nikot\u012bna vai sp\u0113c\u012bg\u0101ku dvesmu. \u0160\u012b elast\u012bba padara to par lab\u0101ko konkurentu ikvienam, kur\u0161 mekl\u0113 perfektu vape, kas piel\u0101gots vi\u0146u vajadz\u012bb\u0101m.<\/p>\n<\/div>\n<\/div>\n<\/div>\n<\/div>\n<\/div>\n<\/div>\n<p><strong>Sazinieties ar Eimiju, lai sa\u0146emtu pareizu atbildi un vair\u0101k produktu video!<\/strong><\/p>\n<p><img loading=\"lazy\" decoding=\"async\" class=\"size-full wp-image-1978\" src=\"https:\/\/rmvapesale.com\/wp-content\/uploads\/2024\/09\/Disposable-Vape-Wholesale.jpg\" alt=\"Vienreiz\u0113jais vape vairumtirdzniec\u012bba\" width=\"229\" height=\"300\" \/><\/p>\n<h3><a href=\"https:\/\/wa.me\/8617776015835\" target=\"_blank\" rel=\"noopener\"><span style=\"color: #ff0000\"><strong>WhatsApp: +86 17776015835<\/strong><\/span><\/a><\/h3>\n<p>&nbsp;<\/p>\n<h2><\/h2>\n<h2><strong>Bangking 30000 Pro Vape galven\u0101s funkcijas<\/strong><\/h2>\n<p>&nbsp;<\/p>\n<ul>\n<li><strong>30 000 dvesmas<\/strong>: Viens no augst\u0101kajiem dvesmu skaitiem tirg\u016b, kas nodro\u0161ina ilgsto\u0161u lieto\u0161anu un apmierin\u0101t\u012bbu.<\/li>\n<li><strong>Viedais ekr\u0101ns<\/strong>: P\u0101rraugiet e\u013c\u013cas un akumulatora l\u012bmeni re\u0101llaik\u0101, lai nodro\u0161in\u0101tu vienm\u0113r\u012bgu tvaic\u0113\u0161anas pieredzi.<\/li>\n<li><strong>Uzl\u0101d\u0113jams akumulators<\/strong>: <strong>850 mAh akumulatoru<\/strong> ar <strong>C tipa uzl\u0101des<\/strong> garant\u0113, ka varat turpin\u0101t tvaic\u0113t ilg\u0101k ar \u0101tru uzl\u0101di.<\/li>\n<li><strong>Piel\u0101gojams nikot\u012bns<\/strong>: Izmantojot da\u017e\u0101dus nikot\u012bna stiprumus, tostarp bez nikot\u012bna, varat piel\u0101got tvaic\u0113\u0161anu p\u0113c savas gaumes.<\/li>\n<li><strong>Gar\u0161\u012bgas gar\u0161as<\/strong>: Izv\u0113loties no 12 gar\u0161\u0101m, jums nekad neb\u016bs garlaic\u012bgi tvaic\u0113t <strong>Bang 30000 Pro<\/strong>.<\/li>\n<\/ul>\n<h2><\/h2>\n<h2><strong>Bang Vape Bangking 30000 Vape Box popul\u0101r\u0101k\u0101 gar\u0161a<\/strong><\/h2>\n<p>Bangking Vape 30000 Vape Box ir pieejams 12 vilino\u0161\u0101s gar\u0161\u0101s, pied\u0101v\u0101jot kaut ko ikvienam. Neatkar\u012bgi no t\u0101, vai dodat priek\u0161roku aug\u013cu, ledus vai eksotisk\u0101kiem mais\u012bjumiem, j\u016bs atrad\u012bsiet savai gaumei piem\u0113rotu gar\u0161u. Pla\u0161\u0101 Bang King Vape gar\u0161u izv\u0113le nodro\u0161ina, ka katrs dvesms ir piepild\u012bts ar gandar\u012bjumu un daudzveid\u012bbu.<\/p>\n<p>1. Melle\u0146u avenes<span style=\"color: #ff0000\"><strong>&gt;&gt;&gt;&gt; Karsti!<\/strong><\/span><br \/>\n2. Zeme\u0146u arb\u016bzs<br \/>\n3. Melle\u0146u ledus<br \/>\n4. Svaiga piparm\u0113tra<span style=\"color: #ff0000\"><strong>&gt;&gt;&gt;&gt; Karsti!<\/strong><\/span><br \/>\n5. Zeme\u0146u v\u012bnogas<br \/>\n6. Melle\u0146u dz\u0113rve\u0146u \u0137ir\u0161i<br \/>\n7. Arb\u016bzs<br \/>\n8. Zeme\u0146u kivi<br \/>\n9. Piparm\u0113tru zilais Razz<br \/>\n10. Tr\u012bsk\u0101r\u0161\u0101s ogas <span style=\"color: #ff0000\"><strong>&gt;&gt;&gt;&gt; Viss lab\u0101kais!<\/strong><\/span><br \/>\n11. Arb\u016bzu \u0137ir\u0161i<br \/>\n12. Ave\u0146u tum\u0161ais dzirksts<\/p>\n<figure id=\"attachment_2387\" aria-describedby=\"caption-attachment-2387\" style=\"width: 800px\" class=\"wp-caption alignnone\"><img loading=\"lazy\" decoding=\"async\" class=\"wp-image-2387 size-full\" src=\"https:\/\/rmvapesale.com\/wp-content\/uploads\/2024\/10\/Bang-Vape-Box-BangKing-30000-Pro.jpg\" alt=\"Bang Vape Box BangKing 30000 Pro\" width=\"800\" height=\"800\" srcset=\"https:\/\/rmvapesale.com\/wp-content\/uploads\/2024\/10\/Bang-Vape-Box-BangKing-30000-Pro.jpg 800w, https:\/\/rmvapesale.com\/wp-content\/uploads\/2024\/10\/Bang-Vape-Box-BangKing-30000-Pro-300x300.jpg 300w, https:\/\/rmvapesale.com\/wp-content\/uploads\/2024\/10\/Bang-Vape-Box-BangKing-30000-Pro-150x150.jpg 150w, https:\/\/rmvapesale.com\/wp-content\/uploads\/2024\/10\/Bang-Vape-Box-BangKing-30000-Pro-768x768.jpg 768w, https:\/\/rmvapesale.com\/wp-content\/uploads\/2024\/10\/Bang-Vape-Box-BangKing-30000-Pro-600x600.jpg 600w, https:\/\/rmvapesale.com\/wp-content\/uploads\/2024\/10\/Bang-Vape-Box-BangKing-30000-Pro-100x100.jpg 100w\" sizes=\"auto, (max-width: 800px) 100vw, 800px\" \/><figcaption id=\"caption-attachment-2387\" class=\"wp-caption-text\">Bang Vape Box BangKing 30000 Pro<\/figcaption><\/figure>\n<h3><\/h3>\n<h3><strong>K\u0101p\u0113c izv\u0113l\u0113ties Rmvapesale Bang Vape king 30k Pro uzl\u0101d\u0113jamo veipu<\/strong><strong>?<\/strong><\/h3>\n<div class=\"flex-shrink-0 flex flex-col relative items-end\">\n<div class=\"pt-0\">\n<div class=\"gizmo-bot-avatar flex h-8 w-8 items-center justify-center overflow-hidden rounded-full\">\n<div class=\"relative p-1 rounded-sm flex items-center justify-center bg-token-main-surface-primary text-token-text-primary h-8 w-8\">\n<p>&nbsp;<\/p>\n<p>Kad izv\u0113laties Rmvapesale sav\u0101m vairumtirdzniec\u012bbas vienreiz\u0113j\u0101s lieto\u0161anas e-cigare\u0161u vajadz\u012bb\u0101m, j\u016bs ieg\u016bstat \u0161\u0101das priek\u0161roc\u012bbas:<\/p>\n<ul>\n<li><strong>Konkur\u0113tsp\u0113j\u012bga cena<\/strong>Ieg\u016bstiet pieeju pievilc\u012bg\u0101m vairumtirdzniec\u012bbas cen\u0101m, kas palielina j\u016bsu biznesa pe\u013c\u0146u.<\/li>\n<li><strong>Augsta kvalit\u0101te<\/strong>M\u016bsu vape ir izstr\u0101d\u0101tas atbilsto\u0161i augst\u0101kajiem standartiem, un <span style=\"color: #ff0000\"><strong>Garant\u0113ti 100% ori\u0123in\u0101li un autentiski, pret\u0113j\u0101 gad\u012bjum\u0101 par viltot\u0101m prec\u0113m tiks nodro\u0161in\u0101ta 10 reizes liel\u0101ka kompens\u0101cija!<\/strong><\/span><\/li>\n<li><strong>Izcils klientu serviss<\/strong>M\u016bsu \u012bpa\u0161\u0101 komanda vienm\u0113r ir gatava jums pal\u012bdz\u0113t, padarot j\u016bsu pirk\u0161anas procesu vienk\u0101r\u0161u un \u0113rtu.<\/li>\n<li><strong>\u0100tra<\/strong>: Sagaidiet \u0101tru un uzticamu pieg\u0101di, kas nodro\u0161ina, ka j\u016bsu pas\u016bt\u012bjumi vienm\u0113r tiek pieg\u0101d\u0101ti laik\u0101.<\/li>\n<\/ul>\n<h3><\/h3>\n<h3><b>Bie\u017e\u0101k uzdotie jaut\u0101jumi<\/b><\/h3>\n<p>1. Cik dvesmas es varu ieg\u016bt no Bang Vape Bang king 30k Pro?<br \/>\nBang king Vape 30000 dvesmas pied\u0101v\u0101 iespaid\u012bgus 30 000 dvesmas, nodro\u0161inot ilgsto\u0161u un apmierino\u0161u tvaic\u0113\u0161anas pieredzi bez bie\u017eas nomai\u0146as nepiecie\u0161am\u012bbas.<\/p>\n<p>2. Vai Bangking 30000 Pro ir uzl\u0101d\u0113jams?<br \/>\nJ\u0101, Bangking Vape 30000 dvesm\u0101m ir jaud\u012bgs 850 mAh uzl\u0101d\u0113jams akumulators ar C tipa uzl\u0101di, kas nodro\u0161ina \u0101tru un efekt\u012bvu uzl\u0101di ilgsto\u0161ai lieto\u0161anai.<\/p>\n<p>3. K\u0101das gar\u0161as ir pieejamas Bang Vape 30000 Pro?<br \/>\nIr 12 unik\u0101las gar\u0161as, no kur\u0101m izv\u0113l\u0113ties Bang Vape gar\u0161u kl\u0101st\u0101, pied\u0101v\u0101jot da\u017e\u0101das iesp\u0113jas, lai apmierin\u0101tu j\u016bsu gar\u0161as preferences, s\u0101kot no aug\u013cu l\u012bdz ledainiem mais\u012bjumiem.<\/p>\n<p>4. Vai es varu piel\u0101got nikot\u012bna l\u012bmeni Bang king 30000 Pro?<br \/>\nProtams! Bang king 30000 Pro ir pieejams ar piel\u0101gojamu nikot\u012bna stiprumu 0%, 2%, 3% un 5%, padarot to piem\u0113rotu lietot\u0101jiem ar da\u017e\u0101d\u0101m nikot\u012bna v\u0113lm\u0113m.<\/p>\n<p>5. Kur es varu ieg\u0101d\u0101ties Bang vape 30000 Pro vairum\u0101?<br \/>\nJ\u016bs varat ieg\u0101d\u0101ties Bang vape 30000 Pro vairum\u0101 vai vairumtirdzniec\u012bb\u0101 vietn\u0113 Rmvapesale vai citos uzticamos lab\u0101kajos tie\u0161saistes vape veikalos, nodro\u0161inot, ka j\u016bs ieg\u016bstat lab\u0101ko pied\u0101v\u0101jumu par \u0161o vape karst\u0101s p\u0101rdo\u0161anas preci.<\/p>\n<\/div>\n<\/div>\n<\/div>\n<\/div>\n<div class=\"group\/conversation-turn relative flex w-full min-w-0 flex-col agent-turn\">\n<div class=\"flex-col gap-1 md:gap-3\">\n<div class=\"flex max-w-full flex-col flex-grow\">\n<div class=\"min-h-8 text-message flex w-full flex-col items-end gap-2 whitespace-normal break-words [.text-message+&amp;]:mt-5\" dir=\"auto\" data-message-author-role=\"assistant\" data-message-id=\"f226d3fc-81f3-46d5-8c46-31787fff0357\">\n<div class=\"flex w-full flex-col gap-1 empty:hidden first:pt-[3px]\">\n<div class=\"markdown prose w-full break-words dark:prose-invert light\">\n<p>&nbsp;<\/p>\n<\/div>\n<\/div>\n<\/div>\n<\/div>\n<\/div>\n<\/div>\n<h3>Par s\u016bt\u012bjumu<\/h3>\n<div class=\"flex-shrink-0 flex flex-col relative items-end\">\n<div>\n<div class=\"pt-0\">\n<div class=\"gizmo-bot-avatar flex h-8 w-8 items-center justify-center overflow-hidden rounded-full\">\n<div><\/div>\n<div class=\"relative p-1 rounded-sm flex items-center justify-center bg-token-main-surface-primary text-token-text-primary h-8 w-8\"><strong>1. K\u0101das pieg\u0101des metodes tiek izmantotas?<\/strong><\/div>\n<\/div>\n<\/div>\n<\/div>\n<\/div>\n<div class=\"group\/conversation-turn relative flex w-full min-w-0 flex-col agent-turn\">\n<div class=\"flex-col gap-1 md:gap-3\">\n<div class=\"flex max-w-full flex-col flex-grow\">\n<div class=\"min-h-[20px] text-message flex w-full flex-col items-end gap-2 whitespace-normal break-words [.text-message+&amp;]:mt-5 overflow-x-auto\" dir=\"auto\" data-message-author-role=\"assistant\" data-message-id=\"22f8283b-3233-46ff-89a5-c7a41b33abda\">\n<div class=\"flex w-full flex-col gap-1 empty:hidden first:pt-[3px]\">\n<div class=\"markdown prose w-full break-words dark:prose-invert light\">\n<p>M\u0113s sadarbojamies ar UPS, DHL, FedEx, DPD un citiem vado\u0161ajiem p\u0101rvad\u0101t\u0101jiem. M\u0113s izv\u0113l\u0113simies lab\u0101ko pieg\u0101des veidu, pamatojoties uz j\u016bsu pieg\u0101des vietu, lai nodro\u0161in\u0101tu, ka j\u016bs sa\u0146emat savus produktus p\u0113c iesp\u0113jas \u0101tr\u0101k.<\/p>\n<\/div>\n<p><strong>2. Cik ilgs laiks paiet, l\u012bdz tas pien\u0101k?<\/strong><\/p>\n<p>Pieg\u0101des uz Latviju parasti ierodas 10 darba dienu laik\u0101. Pieg\u0101de uz Eiropas valst\u012bm parasti aiz\u0146em apm\u0113ram 12-15 darba dienas. M\u0113s nodro\u0161in\u0101sim re\u0101llaika atjaunin\u0101jumus par j\u016bsu pieg\u0101des statusu.<\/p>\n<\/div>\n<\/div>\n<\/div>\n<\/div>\n<\/div>\n<p>&nbsp;<\/p>\n<p>Citi popul\u0101ri vape, kas jums var\u0113tu patikt:<\/p>\n<p><a href=\"https:\/\/rmvapesale.com\/lv\/product\/mrvi-puffing-15000-puff-disposable-vape-box\/\"><strong>MRVI PUFFING 15000 dvesienu\u00a0 \u00a0<span style=\"color: #ff0000\">&gt;&gt;&gt;&gt; uz priek\u0161u!<\/span><\/strong><\/a><\/p>\n<p><strong><a href=\"https:\/\/rmvapesale.com\/lv\/product\/bang-box-18000-puffs-led-display-disposable-vape-original\/\">BANG Vape 18000 dvesienu <span style=\"color: #ff0000\">&gt;&gt;&gt;&gt; uz priek\u0161u!<\/span><\/a>\u00a0<\/strong><\/p>\n<p><a href=\"https:\/\/rmvapesale.com\/lv\/product\/fihp-shisha-hookah-12000-puffs-monster-low-nicotine-vape-pen\/\"><strong>FIHP Shisha Hookah 12000 dvesienu <span style=\"color: #ff0000\">&gt;&gt;&gt;&gt; uz priek\u0161u!<\/span><\/strong><\/a><\/p>\n<p>&nbsp;<\/p>\n<p>&nbsp;<\/p>\n<p>Atrodiet vair\u0101k Vape produktu, kas jums var\u0113tu patikt:<strong><em><a href=\"https:\/\/rmvapesale.com\/lv\/shop-2\/\">iepirkties tagad &gt;&gt;&gt;<\/a><\/em><\/strong><\/p>","protected":false},"excerpt":{"rendered":"<p>Bang King Vape 30k Pro lielapjoma vairumtirdzniec\u012bbas cena<br \/>\nVape Bang King 30000 Pro dvesmu gar\u0161as<br \/>\nBang King 30000 dvesmu uzl\u0101d\u0113jama vienreiz\u0113j\u0101s lieto\u0161anas vape kast\u012bte<\/p>\n<p><img loading=\"lazy\" decoding=\"async\" class=\"size-full wp-image-1978\" src=\"https:\/\/rmvapesale.com\/wp-content\/uploads\/2024\/09\/Disposable-Vape-Wholesale.jpg\" alt=\"Vienreiz\u0113jais vape vairumtirdzniec\u012bba\" width=\"229\" height=\"300\" \/><\/p>\n<h3><a href=\"https:\/\/wa.me\/8617776015835\"><span style=\"color: #ff0000\"><strong>WhatsApp: +86 17776015835<\/strong><\/span><\/a><\/h3>\n<p>&nbsp;<\/p>","protected":false},"featured_media":2390,"comment_status":"open","ping_status":"closed","template":"","meta":{"_uag_custom_page_level_css":"","_lmt_disableupdate":"","_lmt_disable":"","site-sidebar-layout":"default","site-content-layout":"content-boxed-container","ast-site-content-layout":"normal-width-container","site-content-style":"boxed","site-sidebar-style":"unboxed","ast-global-header-display":"","ast-banner-title-visibility":"","ast-main-header-display":"","ast-hfb-above-header-display":"","ast-hfb-below-header-display":"","ast-hfb-mobile-header-display":"","site-post-title":"","ast-breadcrumbs-content":"","ast-featured-img":"","footer-sml-layout":"","theme-transparent-header-meta":"default","adv-header-id-meta":"","stick-header-meta":"","header-above-stick-meta":"","header-main-stick-meta":"","header-below-stick-meta":"","astra-migrate-meta-layouts":"set","ast-page-background-enabled":"default","ast-page-background-meta":{"desktop":{"background-color":"var(--ast-global-color-4)","background-image":"","background-repeat":"repeat","background-position":"center center","background-size":"auto","background-attachment":"scroll","background-type":"","background-media":"","overlay-type":"","overlay-color":"","overlay-opacity":"","overlay-gradient":""},"tablet":{"background-color":"","background-image":"","background-repeat":"repeat","background-position":"center center","background-size":"auto","background-attachment":"scroll","background-type":"","background-media":"","overlay-type":"","overlay-color":"","overlay-opacity":"","overlay-gradient":""},"mobile":{"background-color":"","background-image":"","background-repeat":"repeat","background-position":"center center","background-size":"auto","background-attachment":"scroll","background-type":"","background-media":"","overlay-type":"","overlay-color":"","overlay-opacity":"","overlay-gradient":""}},"ast-content-background-meta":{"desktop":{"background-color":"var(--ast-global-color-5)","background-image":"","background-repeat":"repeat","background-position":"center center","background-size":"auto","background-attachment":"scroll","background-type":"","background-media":"","overlay-type":"","overlay-color":"","overlay-opacity":"","overlay-gradient":""},"tablet":{"background-color":"var(--ast-global-color-5)","background-image":"","background-repeat":"repeat","background-position":"center center","background-size":"auto","background-attachment":"scroll","background-type":"","background-media":"","overlay-type":"","overlay-color":"","overlay-opacity":"","overlay-gradient":""},"mobile":{"background-color":"var(--ast-global-color-5)","background-image":"","background-repeat":"repeat","background-position":"center center","background-size":"auto","background-attachment":"scroll","background-type":"","background-media":"","overlay-type":"","overlay-color":"","overlay-opacity":"","overlay-gradient":""}},"_joinchat":[]},"product_brand":[],"product_cat":[15,25,123,26,28,135,27,60,137,136,30],"product_tag":[148,146,126,111,132,149,120],"class_list":{"0":"post-2391","1":"product","2":"type-product","3":"status-publish","4":"has-post-thumbnail","6":"product_cat-new-vape-this-week","7":"product_cat-germany-best-selling-vape","8":"product_cat-italy-wholesale-vape","9":"product_cat-netherlands-hot-sale-vape","10":"product_cat-poland-hot-sale-vape","11":"product_cat-spain-best-hot-sale-vape","12":"product_cat-fance-hot-sale-vape","13":"product_cat-bang-vapes","14":"product_cat-rechargeable-vapes","15":"product_cat-smart-screen-vapes","16":"product_cat-minimum-order-quantity-50pcs","17":"product_tag-bang-disposable-vape","18":"product_tag-best-hot-sale-vape","19":"product_tag-e-cigarettes","20":"product_tag-low-nicotine-disposable-vape","21":"product_tag-rechargeable-vape","22":"product_tag-vape-30000-puffs","23":"product_tag-vape-wholesale","24":"desktop-align-left","25":"tablet-align-left","26":"mobile-align-left","28":"first","29":"instock","30":"sale","31":"shipping-taxable","32":"purchasable","33":"product-type-simple"},"uagb_featured_image_src":{"full":["https:\/\/rmvapesale.com\/wp-content\/uploads\/2024\/10\/BangKing-30000-Pro-Disposable-Vape-Box.jpg",800,800,false],"thumbnail":["https:\/\/rmvapesale.com\/wp-content\/uploads\/2024\/10\/BangKing-30000-Pro-Disposable-Vape-Box-150x150.jpg",150,150,true],"medium":["https:\/\/rmvapesale.com\/wp-content\/uploads\/2024\/10\/BangKing-30000-Pro-Disposable-Vape-Box-300x300.jpg",300,300,true],"medium_large":["https:\/\/rmvapesale.com\/wp-content\/uploads\/2024\/10\/BangKing-30000-Pro-Disposable-Vape-Box-768x768.jpg",768,768,true],"large":["https:\/\/rmvapesale.com\/wp-content\/uploads\/2024\/10\/BangKing-30000-Pro-Disposable-Vape-Box.jpg",800,800,false],"1536x1536":["https:\/\/rmvapesale.com\/wp-content\/uploads\/2024\/10\/BangKing-30000-Pro-Disposable-Vape-Box.jpg",800,800,false],"2048x2048":["https:\/\/rmvapesale.com\/wp-content\/uploads\/2024\/10\/BangKing-30000-Pro-Disposable-Vape-Box.jpg",800,800,false],"trp-custom-language-flag":["https:\/\/rmvapesale.com\/wp-content\/uploads\/2024\/10\/BangKing-30000-Pro-Disposable-Vape-Box.jpg",12,12,false],"woocommerce_thumbnail":["https:\/\/rmvapesale.com\/wp-content\/uploads\/2024\/10\/BangKing-30000-Pro-Disposable-Vape-Box-300x300.jpg",300,300,true],"woocommerce_single":["https:\/\/rmvapesale.com\/wp-content\/uploads\/2024\/10\/BangKing-30000-Pro-Disposable-Vape-Box-600x600.jpg",600,600,true],"woocommerce_gallery_thumbnail":["https:\/\/rmvapesale.com\/wp-content\/uploads\/2024\/10\/BangKing-30000-Pro-Disposable-Vape-Box-100x100.jpg",100,100,true],"wcpr-photo-reviews":["https:\/\/rmvapesale.com\/wp-content\/uploads\/2024\/10\/BangKing-30000-Pro-Disposable-Vape-Box.jpg",500,500,false]},"uagb_author_info":{"display_name":"AMY","author_link":"https:\/\/rmvapesale.com\/lv\/author\/"},"uagb_comment_info":0,"uagb_excerpt":"Bang King Vape 30k Pro Bulk Buy Wholesale price Vape Bang King 30000 Pro Puffs Flavors Bang King 30000 Puffs Rechargeable Disposable Vape Box WhatsApp: +86 17776015835 &nbsp;","_links":{"self":[{"href":"https:\/\/rmvapesale.com\/lv\/wp-json\/wp\/v2\/product\/2391","targetHints":{"allow":["GET"]}}],"collection":[{"href":"https:\/\/rmvapesale.com\/lv\/wp-json\/wp\/v2\/product"}],"about":[{"href":"https:\/\/rmvapesale.com\/lv\/wp-json\/wp\/v2\/types\/product"}],"replies":[{"embeddable":true,"href":"https:\/\/rmvapesale.com\/lv\/wp-json\/wp\/v2\/comments?post=2391"}],"wp:featuredmedia":[{"embeddable":true,"href":"https:\/\/rmvapesale.com\/lv\/wp-json\/wp\/v2\/media\/2390"}],"wp:attachment":[{"href":"https:\/\/rmvapesale.com\/lv\/wp-json\/wp\/v2\/media?parent=2391"}],"wp:term":[{"taxonomy":"product_brand","embeddable":true,"href":"https:\/\/rmvapesale.com\/lv\/wp-json\/wp\/v2\/product_brand?post=2391"},{"taxonomy":"product_cat","embeddable":true,"href":"https:\/\/rmvapesale.com\/lv\/wp-json\/wp\/v2\/product_cat?post=2391"},{"taxonomy":"product_tag","embeddable":true,"href":"https:\/\/rmvapesale.com\/lv\/wp-json\/wp\/v2\/product_tag?post=2391"}],"curies":[{"name":"wp","href":"https:\/\/api.w.org\/{rel}","templated":true}]}}