{"id":2398,"date":"2024-10-14T07:57:57","date_gmt":"2024-10-14T07:57:57","guid":{"rendered":"https:\/\/rmvapesale.com\/?post_type=product&#038;p=2398"},"modified":"2024-10-14T08:58:13","modified_gmt":"2024-10-14T08:58:13","slug":"bang-36000-puffs-full-display-smart-vape-bulk-price","status":"publish","type":"product","link":"https:\/\/rmvapesale.com\/lv\/product\/bang-36000-puffs-full-display-smart-vape-bulk-price\/","title":{"rendered":"Bang 36000 uzp\u016btienu pilna displeja viedais veips vairum\u0101 par izdev\u012bgu cenu"},"content":{"rendered":"<div class=\"B2VR9 CJHX3e\">\n<div class=\"wyccme\">\n<h1 class=\"LC20lb MBeuO DKV0Md\">Bang 36000 uzp\u016btienu pilna displeja viedais veips vairum\u0101 par izdev\u012bgu cenu<\/h1>\n<div class=\"flex-shrink-0 flex flex-col relative items-end\">\n<div class=\"pt-0\">\n<div class=\"gizmo-bot-avatar flex h-8 w-8 items-center justify-center overflow-hidden rounded-full\">\n<div class=\"relative p-1 rounded-sm flex items-center justify-center bg-token-main-surface-primary text-token-text-primary h-8 w-8\">\n<p>Iepaz\u012bstin\u0101m ar Bang 36000 Puffs Pilna displeja gudru vape, inovat\u012bvu vienreizlietojamu vape, kas paredz\u0113ts, lai uzlabotu j\u016bsu vaping pieredzi ar modernu tehnolo\u0123iju un augstu veiktsp\u0113ju. Ar iespaid\u012bgiem 36 000 pufa un lielu 36 ml e-\u0161\u0137idruma ietilp\u012bbu \u0161\u012b ier\u012bce nodro\u0161ina ilg\u0101ku lieto\u0161anu bez bie\u017eas papildin\u0101\u0161anas, padarot to ide\u0101lu vaperiem, kuri mekl\u0113 ilgm\u016b\u017e\u012bbu un \u0113rt\u012bbas.<\/p>\n<p>Bang 36000 Puffs ir apr\u012bkots ar jaud\u012bgu 850mAh uzl\u0101d\u0113jamu akumulatoru, kas nodro\u0161ina konsekventu veiktsp\u0113ju un ilg\u0101kas vaping sesijas. Uzl\u0101de ir \u0101tra un vienk\u0101r\u0161a ar Type-C interfeisu, nodro\u0161inot \u0101tru un uzticamu uzl\u0101di, lai ier\u012bce darbotos nevainojami.<\/p>\n<p>Viena no \u0161\u012bs ier\u012bces izce\u013co\u0161aj\u0101m \u012bpa\u0161\u012bb\u0101m ir pilna ekr\u0101na displejs, kas sniedz re\u0101llaika inform\u0101ciju par e\u013c\u013cas l\u012bmeni un akumulatora jaudu, dodot jums pilnu kontroli un redzam\u012bbu p\u0101r j\u016bsu vaping pieredzi. Turkl\u0101t inovat\u012bv\u0101 pirkstu nospiedumu atsl\u0113g\u0161anas funkcija nodro\u0161ina, ka j\u016bsu vape ir dro\u0161s un person\u012bgs, pievienojot papildu l\u012bmeni dro\u0161\u012bbai un lieto\u0161anas \u0113rt\u012bbai.<\/p>\n<p>Bang 36000 Puffs ietver 1.0\u03a9 t\u012bkla spir\u0101li, kas uzlabo gar\u0161as nodo\u0161anu un tvaika ra\u017eo\u0161anu, nodro\u0161inot gludu un apmierino\u0161u pufingu katr\u0101 ieelpo\u0161an\u0101. Neatkar\u012bgi no t\u0101, vai j\u016bs izv\u0113laties 0%, 2%, 3% vai 5% nikot\u012bnu, \u0161is vape apmierin\u0101s visus vaperu veidus ar piel\u0101gojamiem nikot\u012bna l\u012bme\u0146iem.<\/p>\n<\/div>\n<\/div>\n<\/div>\n<\/div>\n<\/div>\n<\/div>\n<p><strong>Sazinieties ar Eimiju, lai sa\u0146emtu pareizu atbildi un vair\u0101k produktu video!<\/strong><\/p>\n<p><img loading=\"lazy\" decoding=\"async\" class=\"size-full wp-image-1978\" src=\"https:\/\/rmvapesale.com\/wp-content\/uploads\/2024\/09\/Disposable-Vape-Wholesale.jpg\" alt=\"Vienreiz\u0113jais vape vairumtirdzniec\u012bba\" width=\"229\" height=\"300\" \/><\/p>\n<h3><a href=\"https:\/\/wa.me\/8617776015835\" target=\"_blank\" rel=\"noopener\"><span style=\"color: #ff0000\"><strong>WhatsApp: +86 17776015835<\/strong><\/span><\/a><\/h3>\n<p>&nbsp;<\/p>\n<h2><\/h2>\n<h2><strong>Bang 36000 Puffs Vape galven\u0101s \u012bpa\u0161\u012bbas<\/strong><\/h2>\n<p>&nbsp;<\/p>\n<ul>\n<li><strong>Pufa: 36 000 pufa<\/strong><\/li>\n<li><strong>36ml e-\u0161\u0137idruma ietilp\u012bba<\/strong><\/li>\n<li><strong>850 mAh uzl\u0101d\u0113jams akumulators<\/strong><\/li>\n<li><strong>Pilna displeja ekr\u0101ns<\/strong> r\u0101da e\u013c\u013cas un akumulatora l\u012bmeni<\/li>\n<li><strong>Nospiedumu atsl\u0113g\u0161ana<\/strong> papildu dro\u0161\u012bbai<\/li>\n<li><strong>1,0 \u03a9 sieti\u0146a spole<\/strong> gludai, gar\u0161\u012bgai tvaika ra\u017eo\u0161anai<\/li>\n<li>Pieejams k\u0101 <strong>12 gar\u0161as<\/strong><\/li>\n<li>Nikot\u012bna stiprums: <strong>0%, 2%, 3% un 5%<\/strong><\/li>\n<\/ul>\n<h2><\/h2>\n<h2><strong>Popul\u0101r\u0101k\u0101 gar\u0161a Bang 36000 Puffs Pilna displeja gudram vape<\/strong><\/h2>\n<p>Bang 36000 Puffs ietver 1.0\u03a9 t\u012bkla spir\u0101li, kas uzlabo gar\u0161as nodo\u0161anu un tvaika ra\u017eo\u0161anu, nodro\u0161inot gludu un apmierino\u0161u pufingu katr\u0101 ieelpo\u0161an\u0101. Neatkar\u012bgi no t\u0101, vai j\u016bs izv\u0113laties 0%, 2%, 3% vai 5% nikot\u012bnu, \u0161is vape apmierin\u0101s visus vaperu veidus ar piel\u0101gojamiem nikot\u012bna l\u012bme\u0146iem.<\/p>\n<p>&nbsp;<\/p>\n<p>1. Sajauc Aug\u013cus<br \/>\n2. Tr\u012bsk\u0101r\u0161as ogas<span style=\"color: #ff0000\"><strong>&gt;&gt;&gt;&gt; Karsti!<\/strong><\/span><br \/>\n3. Persiku Mango Arb\u016bzs<br \/>\n4. Melle\u0146u avenes<br \/>\n5. Melns \u0112rg\u013ca Ledus<span style=\"color: #ff0000\"><strong>&gt;&gt;&gt;&gt; Karsti!<\/strong><\/span><br \/>\n6. V\u012bnogu Ledus<br \/>\n7. Mellenes Ledus<br \/>\n8. Zeme\u0146u Arb\u016bzs<br \/>\n9. Zeme\u0146u ban\u0101ns<br \/>\n10. Zeme\u0146u Kivi<br \/>\n11. Zeme\u0146u Mango<br \/>\n12. Arb\u016bza Ledus<span style=\"color: #ff0000\"><strong>&gt;&gt;&gt;&gt; Viss lab\u0101kais!<\/strong><\/span><\/p>\n<figure id=\"attachment_2397\" aria-describedby=\"caption-attachment-2397\" style=\"width: 500px\" class=\"wp-caption alignnone\"><img loading=\"lazy\" decoding=\"async\" class=\"wp-image-2397 size-full\" src=\"https:\/\/rmvapesale.com\/wp-content\/uploads\/2024\/10\/Bang-Vape-36000-Puffs-Disposable-Flavor.jpg\" alt=\"Bang Vape 36000 P\u016b\u0161u Vienreiz\u0113j\u0101s lieto\u0161anas Arom\u0101ts\" width=\"500\" height=\"826\" srcset=\"https:\/\/rmvapesale.com\/wp-content\/uploads\/2024\/10\/Bang-Vape-36000-Puffs-Disposable-Flavor.jpg 500w, https:\/\/rmvapesale.com\/wp-content\/uploads\/2024\/10\/Bang-Vape-36000-Puffs-Disposable-Flavor-182x300.jpg 182w\" sizes=\"auto, (max-width: 500px) 100vw, 500px\" \/><figcaption id=\"caption-attachment-2397\" class=\"wp-caption-text\">Bang Vape 36000 P\u016b\u0161u Vienreiz\u0113j\u0101s lieto\u0161anas Arom\u0101ts<\/figcaption><\/figure>\n<h3><\/h3>\n<h3><strong>K\u0101p\u0113c izv\u0113l\u0113ties Rmvapesale Bang Vape Puff 20000 Uzl\u0101d\u0113jamo Vape<\/strong><strong>?<\/strong><\/h3>\n<div class=\"flex-shrink-0 flex flex-col relative items-end\">\n<div class=\"pt-0\">\n<div class=\"gizmo-bot-avatar flex h-8 w-8 items-center justify-center overflow-hidden rounded-full\">\n<div class=\"relative p-1 rounded-sm flex items-center justify-center bg-token-main-surface-primary text-token-text-primary h-8 w-8\">\n<p>&nbsp;<\/p>\n<p>Kad izv\u0113laties Rmvapesale sav\u0101m vairumtirdzniec\u012bbas vienreiz\u0113j\u0101s lieto\u0161anas e-cigare\u0161u vajadz\u012bb\u0101m, j\u016bs ieg\u016bstat \u0161\u0101das priek\u0161roc\u012bbas:<\/p>\n<ul>\n<li><strong>Konkur\u0113tsp\u0113j\u012bga cena<\/strong>Ieg\u016bstiet pieeju pievilc\u012bg\u0101m vairumtirdzniec\u012bbas cen\u0101m, kas palielina j\u016bsu biznesa pe\u013c\u0146u.<\/li>\n<li><strong>Augsta kvalit\u0101te<\/strong>M\u016bsu vape ir izstr\u0101d\u0101tas atbilsto\u0161i augst\u0101kajiem standartiem, un <span style=\"color: #ff0000\"><strong>Garant\u0113ti 100% ori\u0123in\u0101li un autentiski, pret\u0113j\u0101 gad\u012bjum\u0101 par viltot\u0101m prec\u0113m tiks nodro\u0161in\u0101ta 10 reizes liel\u0101ka kompens\u0101cija!<\/strong><\/span><\/li>\n<li><strong>Izcils klientu serviss<\/strong>M\u016bsu \u012bpa\u0161\u0101 komanda vienm\u0113r ir gatava jums pal\u012bdz\u0113t, padarot j\u016bsu pirk\u0161anas procesu vienk\u0101r\u0161u un \u0113rtu.<\/li>\n<li><strong>\u0100tra<\/strong>: Sagaidiet \u0101tru un uzticamu pieg\u0101di, kas nodro\u0161ina, ka j\u016bsu pas\u016bt\u012bjumi vienm\u0113r tiek pieg\u0101d\u0101ti laik\u0101.<\/li>\n<\/ul>\n<\/div>\n<h3><\/h3>\n<div class=\"relative p-1 rounded-sm flex items-center justify-center bg-token-main-surface-primary text-token-text-primary h-8 w-8\">\n<h3><b>Bie\u017e\u0101k uzdotie jaut\u0101jumi<\/b><\/h3>\n<p><strong>1. Cik p\u016b\u0161us nodro\u0161ina Bang 36000 P\u016b\u0161i?<\/strong><br \/>\n\u0160is <strong>Bang 36000 P\u016b\u0161i<\/strong> sniedz neticamu <strong>36 000 dvesmu<\/strong>, padarot to par vienu no ilg\u0101k darbojo\u0161aj\u0101m vienreiz\u0113j\u0101s lieto\u0161anas vape ier\u012bc\u0113m tirg\u016b.<\/p>\n<p><strong>2. K\u0101das nikot\u012bna iesp\u0113jas ir pieejamas \u0161im vape?<\/strong><br \/>\n\u0160is <strong>Bang 36000 P\u016b\u0161i Pilns Displejs Gudr\u0101 Vape<\/strong> ir pieejams \u010detros nikot\u012bna stipruma variantiem: <strong>0%, 2%, 3% un 5%<\/strong>, \u013caujot lietot\u0101jiem izv\u0113l\u0113ties savu v\u0113lamo nikot\u012bna l\u012bmeni.<\/p>\n<p><strong>3. K\u0101da ir akumulatora ietilp\u012bba un vai tas ir uzl\u0101d\u0113jams?<\/strong><br \/>\n\u0160is vape ir apr\u012bkots ar <strong>850 mAh uzl\u0101d\u0113jams akumulators<\/strong>. Tam ar\u012b ir iez\u012bm\u0113ta <strong>C tipa<\/strong> uzl\u0101des ports \u0101trai un efekt\u012bvai uzl\u0101dei.<\/p>\n<p><strong>4. K\u0101das funkcijas nodro\u0161ina pilnekr\u0101na displejs?<\/strong><br \/>\n\u0160is <strong>pilnekr\u0101na displejs<\/strong> uz Bang 36000 p\u016btieniem r\u0101da gan <strong>e\u013c\u013cas l\u012bme\u0146us<\/strong> gan <strong>baterijas jaudu<\/strong> re\u0101llaik\u0101, dodot jums piln\u012bgu kontroli p\u0101r savu vaping pieredzi.<\/p>\n<p><strong>5. K\u0101 darbojas pirkstu nospiedumu atblo\u0137\u0113\u0161anas funkcija?<\/strong><br \/>\n\u0160is <strong>pirkstu nospiedumu atblo\u0137\u0113\u0161anas funkcija<\/strong> nodro\u0161ina, ka tikai j\u016bs varat atblo\u0137\u0113t un izmantot savu ier\u012bci, pievienojot dro\u0161\u012bbas sl\u0101ni j\u016bsu vapei.<\/p>\n<p><strong>6. K\u0101di arom\u0101ti ir pieejami Bang 36000 Puffs?<\/strong><br \/>\n\u0160is <strong>Bang 36000 P\u016b\u0161i<\/strong> n\u0101k <strong>12 da\u017e\u0101di arom\u0101ti<\/strong>, kas apmierina pla\u0161u gar\u0161u un v\u0113lmju kl\u0101stu. Popul\u0101ri arom\u0101ti ir aug\u013cu, saldi un atsvaidzino\u0161i varianti ikvienam vaperim.<\/p>\n<\/div>\n<\/div>\n<\/div>\n<\/div>\n<div class=\"group\/conversation-turn relative flex w-full min-w-0 flex-col agent-turn\">\n<div class=\"flex-col gap-1 md:gap-3\">\n<div class=\"flex max-w-full flex-col flex-grow\">\n<div class=\"min-h-8 text-message flex w-full flex-col items-end gap-2 whitespace-normal break-words [.text-message+&amp;]:mt-5\" dir=\"auto\" data-message-author-role=\"assistant\" data-message-id=\"f226d3fc-81f3-46d5-8c46-31787fff0357\">\n<div class=\"flex w-full flex-col gap-1 empty:hidden first:pt-[3px]\">\n<div class=\"markdown prose w-full break-words dark:prose-invert light\">\n<p>&nbsp;<\/p>\n<\/div>\n<\/div>\n<\/div>\n<\/div>\n<\/div>\n<\/div>\n<h3>Par s\u016bt\u012bjumu<\/h3>\n<div class=\"flex-shrink-0 flex flex-col relative items-end\">\n<div>\n<div class=\"pt-0\">\n<div class=\"gizmo-bot-avatar flex h-8 w-8 items-center justify-center overflow-hidden rounded-full\">\n<div><\/div>\n<div class=\"relative p-1 rounded-sm flex items-center justify-center bg-token-main-surface-primary text-token-text-primary h-8 w-8\"><strong>1. K\u0101das pieg\u0101des metodes tiek izmantotas?<\/strong><\/div>\n<\/div>\n<\/div>\n<\/div>\n<\/div>\n<div class=\"group\/conversation-turn relative flex w-full min-w-0 flex-col agent-turn\">\n<div class=\"flex-col gap-1 md:gap-3\">\n<div class=\"flex max-w-full flex-col flex-grow\">\n<div class=\"min-h-[20px] text-message flex w-full flex-col items-end gap-2 whitespace-normal break-words [.text-message+&amp;]:mt-5 overflow-x-auto\" dir=\"auto\" data-message-author-role=\"assistant\" data-message-id=\"22f8283b-3233-46ff-89a5-c7a41b33abda\">\n<div class=\"flex w-full flex-col gap-1 empty:hidden first:pt-[3px]\">\n<div class=\"markdown prose w-full break-words dark:prose-invert light\">\n<p>M\u0113s sadarbojamies ar UPS, DHL, FedEx, DPD un citiem vado\u0161ajiem p\u0101rvad\u0101t\u0101jiem. M\u0113s izv\u0113l\u0113simies lab\u0101ko pieg\u0101des veidu, pamatojoties uz j\u016bsu pieg\u0101des vietu, lai nodro\u0161in\u0101tu, ka j\u016bs sa\u0146emat savus produktus p\u0113c iesp\u0113jas \u0101tr\u0101k.<\/p>\n<\/div>\n<p><strong>2. Cik ilgs laiks paiet, l\u012bdz tas pien\u0101k?<\/strong><\/p>\n<p>Pieg\u0101des uz Latviju parasti ierodas 10 darba dienu laik\u0101. Pieg\u0101de uz Eiropas valst\u012bm parasti aiz\u0146em apm\u0113ram 12-15 darba dienas. M\u0113s nodro\u0161in\u0101sim re\u0101llaika atjaunin\u0101jumus par j\u016bsu pieg\u0101des statusu.<\/p>\n<\/div>\n<\/div>\n<\/div>\n<\/div>\n<\/div>\n<p>&nbsp;<\/p>\n<p>Citi popul\u0101ri vape, kas jums var\u0113tu patikt:<\/p>\n<p><a href=\"https:\/\/rmvapesale.com\/lv\/product\/bang-vape-30000-pro-disposables-wholesale\/\"><strong>Bang King 30000 Dvesmu Dvesma\u00a0 \u00a0<span style=\"color: #ff0000\">&gt;&gt;&gt;&gt; uz priek\u0161u!<\/span><\/strong><\/a><\/p>\n<p><strong><a href=\"https:\/\/rmvapesale.com\/lv\/product\/faivono-bang-maxi-15000-puffs-disposable-vape-bulk-wholesale\/\">AIVONO Aim Bang Maxi 15000 Puffs <span style=\"color: #ff0000\">&gt;&gt;&gt;&gt; uz priek\u0161u!<\/span><\/a>\u00a0<\/strong><\/p>\n<p><a href=\"https:\/\/rmvapesale.com\/lv\/product\/bang-box-30000-puff-double-taste-smart-screen-disposable-vape\/\"><strong>Bang Vape Box 30000 Dvesmas <span style=\"color: #ff0000\">&gt;&gt;&gt;&gt; uz priek\u0161u!<\/span><\/strong><\/a><\/p>\n<p>&nbsp;<\/p>\n<p>&nbsp;<\/p>\n<p>Atrodiet vair\u0101k Vape produktu, kas jums var\u0113tu patikt:<strong><em><a href=\"https:\/\/rmvapesale.com\/lv\/shop-2\/\">iepirkties tagad &gt;&gt;&gt;<\/a><\/em><\/strong><\/p>","protected":false},"excerpt":{"rendered":"<p>Bang Vape 36k vienreizlietojams vape vairumtirdzniec\u012bba<br \/>\nVape Bang Puff 36000 kaste visas gar\u0161as noliktav\u0101<br \/>\nBang 36000 Puffs Uzl\u0101d\u0113jams vienreizlietojams vape<\/p>\n<p><img loading=\"lazy\" decoding=\"async\" class=\"size-full wp-image-1978\" src=\"https:\/\/rmvapesale.com\/wp-content\/uploads\/2024\/09\/Disposable-Vape-Wholesale.jpg\" alt=\"Vienreiz\u0113jais vape vairumtirdzniec\u012bba\" width=\"229\" height=\"300\" \/><\/p>\n<h3><a href=\"https:\/\/wa.me\/8617776015835\"><span style=\"color: #ff0000\"><strong>WhatsApp: +86 17776015835<\/strong><\/span><\/a><\/h3>\n<p>&nbsp;<\/p>","protected":false},"featured_media":2393,"comment_status":"open","ping_status":"closed","template":"","meta":{"_uag_custom_page_level_css":"","_lmt_disableupdate":"","_lmt_disable":"","site-sidebar-layout":"default","site-content-layout":"content-boxed-container","ast-site-content-layout":"normal-width-container","site-content-style":"boxed","site-sidebar-style":"unboxed","ast-global-header-display":"","ast-banner-title-visibility":"","ast-main-header-display":"","ast-hfb-above-header-display":"","ast-hfb-below-header-display":"","ast-hfb-mobile-header-display":"","site-post-title":"","ast-breadcrumbs-content":"","ast-featured-img":"","footer-sml-layout":"","theme-transparent-header-meta":"default","adv-header-id-meta":"","stick-header-meta":"","header-above-stick-meta":"","header-main-stick-meta":"","header-below-stick-meta":"","astra-migrate-meta-layouts":"set","ast-page-background-enabled":"default","ast-page-background-meta":{"desktop":{"background-color":"var(--ast-global-color-4)","background-image":"","background-repeat":"repeat","background-position":"center center","background-size":"auto","background-attachment":"scroll","background-type":"","background-media":"","overlay-type":"","overlay-color":"","overlay-opacity":"","overlay-gradient":""},"tablet":{"background-color":"","background-image":"","background-repeat":"repeat","background-position":"center center","background-size":"auto","background-attachment":"scroll","background-type":"","background-media":"","overlay-type":"","overlay-color":"","overlay-opacity":"","overlay-gradient":""},"mobile":{"background-color":"","background-image":"","background-repeat":"repeat","background-position":"center center","background-size":"auto","background-attachment":"scroll","background-type":"","background-media":"","overlay-type":"","overlay-color":"","overlay-opacity":"","overlay-gradient":""}},"ast-content-background-meta":{"desktop":{"background-color":"var(--ast-global-color-5)","background-image":"","background-repeat":"repeat","background-position":"center center","background-size":"auto","background-attachment":"scroll","background-type":"","background-media":"","overlay-type":"","overlay-color":"","overlay-opacity":"","overlay-gradient":""},"tablet":{"background-color":"var(--ast-global-color-5)","background-image":"","background-repeat":"repeat","background-position":"center center","background-size":"auto","background-attachment":"scroll","background-type":"","background-media":"","overlay-type":"","overlay-color":"","overlay-opacity":"","overlay-gradient":""},"mobile":{"background-color":"var(--ast-global-color-5)","background-image":"","background-repeat":"repeat","background-position":"center center","background-size":"auto","background-attachment":"scroll","background-type":"","background-media":"","overlay-type":"","overlay-color":"","overlay-opacity":"","overlay-gradient":""}},"_joinchat":[]},"product_brand":[],"product_cat":[15,25,123,26,28,135,27,60,137,136,30],"product_tag":[148,150,146,126,151,111,132,85],"class_list":{"0":"post-2398","1":"product","2":"type-product","3":"status-publish","4":"has-post-thumbnail","6":"product_cat-new-vape-this-week","7":"product_cat-germany-best-selling-vape","8":"product_cat-italy-wholesale-vape","9":"product_cat-netherlands-hot-sale-vape","10":"product_cat-poland-hot-sale-vape","11":"product_cat-spain-best-hot-sale-vape","12":"product_cat-fance-hot-sale-vape","13":"product_cat-bang-vapes","14":"product_cat-rechargeable-vapes","15":"product_cat-smart-screen-vapes","16":"product_cat-minimum-order-quantity-50pcs","17":"product_tag-bang-disposable-vape","18":"product_tag-bang-vape-bar","19":"product_tag-best-hot-sale-vape","20":"product_tag-e-cigarettes","21":"product_tag-full-display-vape","22":"product_tag-low-nicotine-disposable-vape","23":"product_tag-rechargeable-vape","24":"product_tag-smart-disposable-vape","25":"desktop-align-left","26":"tablet-align-left","27":"mobile-align-left","29":"first","30":"instock","31":"sale","32":"shipping-taxable","33":"purchasable","34":"product-type-simple"},"uagb_featured_image_src":{"full":["https:\/\/rmvapesale.com\/wp-content\/uploads\/2024\/10\/Bang-36000-Puffs-Disposable-Vape-Bulk.jpg",808,808,false],"thumbnail":["https:\/\/rmvapesale.com\/wp-content\/uploads\/2024\/10\/Bang-36000-Puffs-Disposable-Vape-Bulk-150x150.jpg",150,150,true],"medium":["https:\/\/rmvapesale.com\/wp-content\/uploads\/2024\/10\/Bang-36000-Puffs-Disposable-Vape-Bulk-300x300.jpg",300,300,true],"medium_large":["https:\/\/rmvapesale.com\/wp-content\/uploads\/2024\/10\/Bang-36000-Puffs-Disposable-Vape-Bulk-768x768.jpg",768,768,true],"large":["https:\/\/rmvapesale.com\/wp-content\/uploads\/2024\/10\/Bang-36000-Puffs-Disposable-Vape-Bulk.jpg",808,808,false],"1536x1536":["https:\/\/rmvapesale.com\/wp-content\/uploads\/2024\/10\/Bang-36000-Puffs-Disposable-Vape-Bulk.jpg",808,808,false],"2048x2048":["https:\/\/rmvapesale.com\/wp-content\/uploads\/2024\/10\/Bang-36000-Puffs-Disposable-Vape-Bulk.jpg",808,808,false],"trp-custom-language-flag":["https:\/\/rmvapesale.com\/wp-content\/uploads\/2024\/10\/Bang-36000-Puffs-Disposable-Vape-Bulk.jpg",12,12,false],"woocommerce_thumbnail":["https:\/\/rmvapesale.com\/wp-content\/uploads\/2024\/10\/Bang-36000-Puffs-Disposable-Vape-Bulk-300x300.jpg",300,300,true],"woocommerce_single":["https:\/\/rmvapesale.com\/wp-content\/uploads\/2024\/10\/Bang-36000-Puffs-Disposable-Vape-Bulk-600x600.jpg",600,600,true],"woocommerce_gallery_thumbnail":["https:\/\/rmvapesale.com\/wp-content\/uploads\/2024\/10\/Bang-36000-Puffs-Disposable-Vape-Bulk-100x100.jpg",100,100,true],"wcpr-photo-reviews":["https:\/\/rmvapesale.com\/wp-content\/uploads\/2024\/10\/Bang-36000-Puffs-Disposable-Vape-Bulk.jpg",500,500,false]},"uagb_author_info":{"display_name":"AMY","author_link":"https:\/\/rmvapesale.com\/lv\/author\/"},"uagb_comment_info":0,"uagb_excerpt":"Bang Vape 36k Disposable Vape Bulk Buy Wholesale price Vape Bang Puff 36000 Box All Flavors in Stock Bang 36000 Puffs Rechargeable Disposable Vape WhatsApp: +86 17776015835 &nbsp;","_links":{"self":[{"href":"https:\/\/rmvapesale.com\/lv\/wp-json\/wp\/v2\/product\/2398","targetHints":{"allow":["GET"]}}],"collection":[{"href":"https:\/\/rmvapesale.com\/lv\/wp-json\/wp\/v2\/product"}],"about":[{"href":"https:\/\/rmvapesale.com\/lv\/wp-json\/wp\/v2\/types\/product"}],"replies":[{"embeddable":true,"href":"https:\/\/rmvapesale.com\/lv\/wp-json\/wp\/v2\/comments?post=2398"}],"wp:featuredmedia":[{"embeddable":true,"href":"https:\/\/rmvapesale.com\/lv\/wp-json\/wp\/v2\/media\/2393"}],"wp:attachment":[{"href":"https:\/\/rmvapesale.com\/lv\/wp-json\/wp\/v2\/media?parent=2398"}],"wp:term":[{"taxonomy":"product_brand","embeddable":true,"href":"https:\/\/rmvapesale.com\/lv\/wp-json\/wp\/v2\/product_brand?post=2398"},{"taxonomy":"product_cat","embeddable":true,"href":"https:\/\/rmvapesale.com\/lv\/wp-json\/wp\/v2\/product_cat?post=2398"},{"taxonomy":"product_tag","embeddable":true,"href":"https:\/\/rmvapesale.com\/lv\/wp-json\/wp\/v2\/product_tag?post=2398"}],"curies":[{"name":"wp","href":"https:\/\/api.w.org\/{rel}","templated":true}]}}