{"id":2449,"date":"2024-10-17T06:25:44","date_gmt":"2024-10-17T06:25:44","guid":{"rendered":"https:\/\/rmvapesale.com\/?post_type=product&#038;p=2449"},"modified":"2024-10-18T09:00:26","modified_gmt":"2024-10-18T09:00:26","slug":"aivono-aim-gun-7000-puffs-disposable-vape-cheap-price","status":"publish","type":"product","link":"https:\/\/rmvapesale.com\/lv\/product\/aivono-aim-gun-7000-puffs-disposable-vape-cheap-price\/","title":{"rendered":"Aivono Aim Gun 7000 d\u016bmu vienreiz\u0113j\u0101s lieto\u0161anas elektronisk\u0101 cigarete L\u0113ta cena"},"content":{"rendered":"<div class=\"B2VR9 CJHX3e\">\n<div class=\"wyccme\">\n<h1 class=\"LC20lb MBeuO DKV0Md\">Aivono Aim Gun 7000 d\u016bmu vienreiz\u0113j\u0101s lieto\u0161anas elektronisk\u0101 cigarete L\u0113ta cena<\/h1>\n<div class=\"flex-shrink-0 flex flex-col relative items-end\">\n<div class=\"pt-0\">\n<div class=\"gizmo-bot-avatar flex h-8 w-8 items-center justify-center overflow-hidden rounded-full\">\n<div class=\"relative p-1 rounded-sm flex items-center justify-center bg-token-main-surface-primary text-token-text-primary h-8 w-8\">\n<p>Aivono Aim Gun 7000 dvesienu vienreizlietojamais veips ir augst\u0101k\u0101s klases podu veips, kas izstr\u0101d\u0101ts, lai nodro\u0161in\u0101tu izcilu veipo\u0161anas pieredzi ar lielu dvesienu veipa veiktsp\u0113ju. \u0160is vienreizlietojamais veips ir apr\u012bkots ar 12 ml e-\u0161\u0137idruma ietilp\u012bbu, pied\u0101v\u0101jot nikot\u012bna stipruma iesp\u0113jas 0%, 2%, 3% un 5%, kas atbilst da\u017e\u0101d\u0101m lietot\u0101ju v\u0113lm\u0113m. Ar 1.2\u03a9 sieta spoli un jaud\u012bgu 500 mAh uzl\u0101d\u0113jamu akumulatoru, ier\u012bce nodro\u0161ina konsekventu tvaiku ra\u017eo\u0161anu un vienm\u0113r\u012bgu vilkmi ar katru dvesienu.<\/p>\n<p>Ar \u0113rtu uzl\u0101des piesl\u0113gvietu apak\u0161\u0101 Aivono Aim Gun nodro\u0161ina, ka varat izmantot katru p\u0113d\u0113jo e-\u0161\u0137idruma pilienu, maksim\u0101li palielinot ier\u012bces kalpo\u0161anas laiku.<\/p>\n<p>Ar savu gludo dizainu un uzticamo veiktsp\u0113ju Aivono Aim Gun 7000 dvesieni ir ide\u0101li piem\u0113rots gan ikdienas, gan pieredz\u0113ju\u0161iem veipot\u0101jiem. Neatkar\u012bgi no t\u0101, vai v\u0113laties sp\u0113c\u012bgu s\u0101ls veipa vilkmi vai vienk\u0101r\u0161i mekl\u0113jat augstas kvalit\u0101tes lodveida veipa opciju, \u0161\u012b ier\u012bce ir lieliski piem\u0113rota veipo\u0161anas sesij\u0101m, atrodoties ce\u013c\u0101.<\/p>\n<\/div>\n<\/div>\n<\/div>\n<\/div>\n<\/div>\n<\/div>\n<p><strong>Sazinieties ar Eimiju, lai sa\u0146emtu pareizu atbildi un vair\u0101k produktu video!<\/strong><\/p>\n<p><img loading=\"lazy\" decoding=\"async\" class=\"size-full wp-image-1978\" src=\"https:\/\/rmvapesale.com\/wp-content\/uploads\/2024\/09\/Disposable-Vape-Wholesale.jpg\" alt=\"Vienreiz\u0113jais vape vairumtirdzniec\u012bba\" width=\"229\" height=\"300\" \/><\/p>\n<h3><a href=\"https:\/\/wa.me\/8617776015835\" target=\"_blank\" rel=\"noopener\"><span style=\"color: #ff0000\"><strong>WhatsApp: +86 17776015835<\/strong><\/span><\/a><\/h3>\n<p>&nbsp;<\/p>\n<h2><\/h2>\n<h2><strong>Aivono Gun 7000 dvesieni vienreizlietojamais<\/strong><strong>\u00a0<\/strong><strong>Galven\u0101s iez\u012bmes<\/strong><\/h2>\n<p>Nikot\u012bns: 0% 2% 3% 5%<br \/>\nDvesieni: 7000<br \/>\nIetilp\u012bba: 12 ml<br \/>\npieejamas 10 gar\u0161as<br \/>\n500mah uzl\u0101d\u0113jams<br \/>\n1.2\u03a9 sieta spole<\/p>\n<h2><\/h2>\n<h2><strong>Lab\u0101k\u0101 gar\u0161a priek\u0161 <\/strong><strong>Aivono Gun 7000 dvesieni vienreizlietojamais pods<\/strong><\/h2>\n<h2><\/h2>\n<p>Izv\u0113lieties k\u0101du no 10 gard\u0101m gar\u0161\u0101m, lai izbaud\u012btu apmierino\u0161u pieredzi, ko nov\u0113rt\u0113s visu l\u012bme\u0146u veipot\u0101ji. \u0160is veipa pildspalva nodro\u0161ina perfektu gar\u0161as un tvaiku l\u012bdzsvaru, padarot to par galveno pretendentu tiem, kas mekl\u0113 lab\u0101ko veipu tirg\u016b.<\/p>\n<p>1.Anan\u0101su kokosriekstu ledus<span style=\"color: #ff0000\"><strong>&gt;&gt;&gt;&gt; Karsti!<\/strong><\/span><br \/>\n2. Zeme\u0146u sald\u0113jums<br \/>\n3. Zeme\u0146u arb\u016bzu persiks<br \/>\n4. Melle\u0146u ave\u0146u citrons<br \/>\n5.Arb\u016bzu ledus<br \/>\n6. Jauktas ogas <span style=\"color: #ff0000\"><strong>&gt;&gt;&gt;&gt; Viss lab\u0101kais!<\/strong><\/span><br \/>\n7. Mellenes uz ledus<span style=\"color: #ff0000\"><strong>&gt;&gt;&gt;&gt; Karsti!<\/strong><\/span><br \/>\n8. Persiku ledus<br \/>\n9. V\u012bnogu ledus<br \/>\n10. Zeme\u0146u ban\u0101ns<\/p>\n<figure id=\"attachment_2456\" aria-describedby=\"caption-attachment-2456\" style=\"width: 800px\" class=\"wp-caption alignnone\"><img loading=\"lazy\" decoding=\"async\" class=\"wp-image-2456 size-full\" src=\"https:\/\/rmvapesale.com\/wp-content\/uploads\/2024\/10\/AIVONO-AIM-GUN-7000Puffs-Disposable-Vape.png\" alt=\"AIVONO AIM GUN 7000 Puff vienreizlietojam\u0101s vape tvertnes\" width=\"800\" height=\"639\" srcset=\"https:\/\/rmvapesale.com\/wp-content\/uploads\/2024\/10\/AIVONO-AIM-GUN-7000Puffs-Disposable-Vape.png 800w, https:\/\/rmvapesale.com\/wp-content\/uploads\/2024\/10\/AIVONO-AIM-GUN-7000Puffs-Disposable-Vape-300x240.png 300w, https:\/\/rmvapesale.com\/wp-content\/uploads\/2024\/10\/AIVONO-AIM-GUN-7000Puffs-Disposable-Vape-768x613.png 768w, https:\/\/rmvapesale.com\/wp-content\/uploads\/2024\/10\/AIVONO-AIM-GUN-7000Puffs-Disposable-Vape-600x479.png 600w\" sizes=\"auto, (max-width: 800px) 100vw, 800px\" \/><figcaption id=\"caption-attachment-2456\" class=\"wp-caption-text\">AIVONO AIM GUN 7000 Puff vienreizlietojam\u0101s vape tvertnes<\/figcaption><\/figure>\n<p>&nbsp;<\/p>\n<h3><strong>K\u0101p\u0113c izv\u0113l\u0113ties Rmvapesale Aivono Aim Gun 7000 dvesm\u0101m<\/strong><strong>?<\/strong><\/h3>\n<div class=\"flex-shrink-0 flex flex-col relative items-end\">\n<div class=\"pt-0\">\n<div class=\"gizmo-bot-avatar flex h-8 w-8 items-center justify-center overflow-hidden rounded-full\">\n<div class=\"relative p-1 rounded-sm flex items-center justify-center bg-token-main-surface-primary text-token-text-primary h-8 w-8\">\n<p>&nbsp;<\/p>\n<p>Kad izv\u0113laties Rmvapesale sav\u0101m vairumtirdzniec\u012bbas vienreiz\u0113j\u0101s lieto\u0161anas e-cigare\u0161u vajadz\u012bb\u0101m, j\u016bs ieg\u016bstat \u0161\u0101das priek\u0161roc\u012bbas:<\/p>\n<ul>\n<li><strong>Konkur\u0113tsp\u0113j\u012bga cena<\/strong>Ieg\u016bstiet pieeju pievilc\u012bg\u0101m vairumtirdzniec\u012bbas cen\u0101m, kas palielina j\u016bsu biznesa pe\u013c\u0146u.<\/li>\n<li><strong>Augsta kvalit\u0101te<\/strong>M\u016bsu vape ir izstr\u0101d\u0101tas atbilsto\u0161i augst\u0101kajiem standartiem, un <span style=\"color: #ff0000\"><strong>Garant\u0113ti 100% ori\u0123in\u0101li un autentiski, pret\u0113j\u0101 gad\u012bjum\u0101 par viltot\u0101m prec\u0113m tiks nodro\u0161in\u0101ta 10 reizes liel\u0101ka kompens\u0101cija!<\/strong><\/span><\/li>\n<li><strong>Izcils klientu serviss<\/strong>M\u016bsu \u012bpa\u0161\u0101 komanda vienm\u0113r ir gatava jums pal\u012bdz\u0113t, padarot j\u016bsu pirk\u0161anas procesu vienk\u0101r\u0161u un \u0113rtu.<\/li>\n<li><strong>\u0100tra<\/strong>: Sagaidiet \u0101tru un uzticamu pieg\u0101di, kas nodro\u0161ina, ka j\u016bsu pas\u016bt\u012bjumi vienm\u0113r tiek pieg\u0101d\u0101ti laik\u0101.<\/li>\n<\/ul>\n<\/div>\n<h3><\/h3>\n<div class=\"relative p-1 rounded-sm flex items-center justify-center bg-token-main-surface-primary text-token-text-primary h-8 w-8\">\n<h3><b>Bie\u017e\u0101k uzdotie jaut\u0101jumi<\/b><\/h3>\n<p>&nbsp;<\/p>\n<ul>\n<li><strong>K\u0101da ir Aivono Aim Gun 7000 dvesmu vienreizlietojam\u0101s vape e-\u0161\u0137idruma ietilp\u012bba?<\/strong>\n<ul>\n<li>Aivono Aim Gun 7000 dvesmu vienreizlietojam\u0101 vape satur 12 ml e-\u0161\u0137idruma, nodro\u0161inot ilgsto\u0161u tvaic\u0113\u0161anas pieredzi ar l\u012bdz pat 7000 dvesm\u0101m vien\u0101 ier\u012bc\u0113.<\/li>\n<\/ul>\n<\/li>\n<li><strong>K\u0101di nikot\u012bna stiprumi ir pieejami Aivono Aim Gun 7000 dvesm\u0101m?<\/strong>\n<ul>\n<li>Aivono 7000 pied\u0101v\u0101 nikot\u012bna stipruma iesp\u0113jas 0%, 2%, 3% un 5%, padarot to piem\u0113rotu lietot\u0101jiem ar da\u017e\u0101d\u0101m nikot\u012bna v\u0113lm\u0113m.<\/li>\n<\/ul>\n<\/li>\n<li><strong>Vai es varu uzl\u0101d\u0113t Aivono Aim Gun 7000 dvesmu vienreizlietojamo vape?<\/strong>\n<ul>\n<li>J\u0101, Aivono Aim Gun ir apr\u012bkots ar 500 mAh uzl\u0101d\u0113jamu akumulatoru, un tam ir uzl\u0101des ports apak\u0161\u0101, lai nodro\u0161in\u0101tu, ka varat izmantot visu e-\u0161\u0137idrumu tvertn\u0113.<\/li>\n<\/ul>\n<\/li>\n<li><strong>K\u0101da veida spole tiek izmantota Aivono Aim Gun 7000 dvesm\u0101s?<\/strong>\n<ul>\n<li>\u0160\u012b vienreizlietojam\u0101 vape izmanto 1.2\u03a9 t\u012bkla spoli, kas uzlabo tvaiku ra\u017eo\u0161anu un gar\u0161u, nodro\u0161inot vienm\u0113r\u012bgu un apmierino\u0161u tvaic\u0113\u0161anas pieredzi.<\/li>\n<\/ul>\n<\/li>\n<li><strong>K\u0101das gar\u0161as ir pieejamas Aivono Aim Gun 7000 dvesmu vienreizlietojam\u0101m vape?<\/strong>\n<ul>\n<li>Aivono Aim Gun pied\u0101v\u0101 10 da\u017e\u0101das gar\u0161as, nodro\u0161inot da\u017e\u0101das iesp\u0113jas, kas atbilst j\u016bsu gaumes v\u0113lm\u0113m, nodro\u0161inot unik\u0101lu tvaic\u0113\u0161anas pieredzi ar katru gar\u0161u.<\/li>\n<\/ul>\n<\/li>\n<\/ul>\n<\/div>\n<\/div>\n<\/div>\n<\/div>\n<div class=\"group\/conversation-turn relative flex w-full min-w-0 flex-col agent-turn\">\n<div class=\"flex-col gap-1 md:gap-3\">\n<div class=\"flex max-w-full flex-col flex-grow\">\n<div class=\"min-h-8 text-message flex w-full flex-col items-end gap-2 whitespace-normal break-words [.text-message+&amp;]:mt-5\" dir=\"auto\" data-message-author-role=\"assistant\" data-message-id=\"f226d3fc-81f3-46d5-8c46-31787fff0357\">\n<div class=\"flex w-full flex-col gap-1 empty:hidden first:pt-[3px]\">\n<div class=\"markdown prose w-full break-words dark:prose-invert light\">\n<div class=\"group\/conversation-turn relative flex w-full min-w-0 flex-col agent-turn\">\n<div class=\"flex-col gap-1 md:gap-3\">\n<div class=\"flex max-w-full flex-col flex-grow\">\n<div class=\"min-h-8 text-message flex w-full flex-col items-end gap-2 whitespace-normal break-words [.text-message+&amp;]:mt-5\" dir=\"auto\" data-message-author-role=\"assistant\" data-message-id=\"91d2b73b-9149-4888-a964-4b8464e0e6e3\" data-message-model-slug=\"gpt-4o\">\n<div class=\"flex w-full flex-col gap-1 empty:hidden first:pt-[3px]\">\n<div class=\"markdown prose w-full break-words dark:prose-invert light\">\n<p>&nbsp;<\/p>\n<p>&nbsp;<\/p>\n<\/div>\n<\/div>\n<\/div>\n<\/div>\n<\/div>\n<\/div>\n<\/div>\n<\/div>\n<\/div>\n<\/div>\n<\/div>\n<\/div>\n<h3>Par s\u016bt\u012bjumu<\/h3>\n<div class=\"flex-shrink-0 flex flex-col relative items-end\">\n<div>\n<div class=\"pt-0\">\n<div class=\"gizmo-bot-avatar flex h-8 w-8 items-center justify-center overflow-hidden rounded-full\">\n<div><\/div>\n<div class=\"relative p-1 rounded-sm flex items-center justify-center bg-token-main-surface-primary text-token-text-primary h-8 w-8\"><strong>1. K\u0101das pieg\u0101des metodes tiek izmantotas?<\/strong><\/div>\n<\/div>\n<\/div>\n<\/div>\n<\/div>\n<div class=\"group\/conversation-turn relative flex w-full min-w-0 flex-col agent-turn\">\n<div class=\"flex-col gap-1 md:gap-3\">\n<div class=\"flex max-w-full flex-col flex-grow\">\n<div class=\"min-h-[20px] text-message flex w-full flex-col items-end gap-2 whitespace-normal break-words [.text-message+&amp;]:mt-5 overflow-x-auto\" dir=\"auto\" data-message-author-role=\"assistant\" data-message-id=\"22f8283b-3233-46ff-89a5-c7a41b33abda\">\n<div class=\"flex w-full flex-col gap-1 empty:hidden first:pt-[3px]\">\n<div class=\"markdown prose w-full break-words dark:prose-invert light\">\n<p>M\u0113s sadarbojamies ar UPS, DHL, FedEx, DPD un citiem vado\u0161ajiem p\u0101rvad\u0101t\u0101jiem. M\u0113s izv\u0113l\u0113simies lab\u0101ko pieg\u0101des veidu, pamatojoties uz j\u016bsu pieg\u0101des vietu, lai nodro\u0161in\u0101tu, ka j\u016bs sa\u0146emat savus produktus p\u0113c iesp\u0113jas \u0101tr\u0101k.<\/p>\n<\/div>\n<p><strong>2. Cik ilgs laiks paiet, l\u012bdz tas pien\u0101k?<\/strong><\/p>\n<p>Pieg\u0101des uz Latviju parasti ierodas 10 darba dienu laik\u0101. Pieg\u0101de uz Eiropas valst\u012bm parasti aiz\u0146em apm\u0113ram 12-15 darba dienas. M\u0113s nodro\u0161in\u0101sim re\u0101llaika atjaunin\u0101jumus par j\u016bsu pieg\u0101des statusu.<\/p>\n<\/div>\n<\/div>\n<\/div>\n<\/div>\n<\/div>\n<p>&nbsp;<\/p>\n<p>Citi popul\u0101ri vape, kas jums var\u0113tu patikt:<\/p>\n<p><a href=\"https:\/\/rmvapesale.com\/lv\/product\/bang-box-20000-puffs-vape-0-2-5-nicotine\/\"><strong>Bang Box 20000 dvesmas\u00a0 \u00a0<span style=\"color: #ff0000\">&gt;&gt;&gt;&gt; uz priek\u0161u!<\/span><\/strong><\/a><\/p>\n<p><strong><a href=\"https:\/\/rmvapesale.com\/lv\/product\/faivono-bang-maxi-15000-puffs-disposable-vape-bulk-wholesale\/\">AIVONO Aim Bang Maxi 15000 Puffs <span style=\"color: #ff0000\">&gt;&gt;&gt;&gt; uz priek\u0161u!<\/span><\/a>\u00a0<\/strong><\/p>\n<p><a href=\"https:\/\/rmvapesale.com\/lv\/product\/bang-tornado-13000-puffs-disposable-vape-pen-wholesale-price\/\"><strong>Bang Tornado 13000 <span style=\"color: #ff0000\">&gt;&gt;&gt;&gt; uz priek\u0161u!<\/span><\/strong><\/a><\/p>\n<p>&nbsp;<\/p>\n<p>&nbsp;<\/p>\n<p>Atrodiet vair\u0101k Vape produktu, kas jums var\u0113tu patikt:<strong><em><a href=\"https:\/\/rmvapesale.com\/lv\/shop-2\/\">iepirkties tagad &gt;&gt;&gt;<\/a><\/em><\/strong><\/p>","protected":false},"excerpt":{"rendered":"<p>AIVONO AIM GUN 7000 dvesienu vienreizlietojamais veips vairumtirdzniec\u012bba<br \/>\nAivono Aim vienreizlietojamais veipa pods 7000 dvesieni vairumtirdzniec\u012bba<br \/>\nAIVONO AIM GUN vienreizlietojamais VEIPS 7000 dvesieni 10 gar\u0161as<\/p>\n<p><img loading=\"lazy\" decoding=\"async\" class=\"size-full wp-image-2375\" src=\"https:\/\/rmvapesale.com\/wp-content\/uploads\/2024\/10\/image.png\" alt=\"Lab\u0101kais vienreiz\u0113jais vape\" width=\"229\" height=\"300\" \/><\/p>\n<h3><a href=\"https:\/\/wa.me\/8617776015835\"><span style=\"color: #ff0000\"><strong>WhatsApp: +86 17776015835<\/strong><\/span><\/a><\/h3>\n<p>&nbsp;<\/p>","protected":false},"featured_media":2458,"comment_status":"open","ping_status":"closed","template":"","meta":{"_uag_custom_page_level_css":"","_lmt_disableupdate":"","_lmt_disable":"","site-sidebar-layout":"default","site-content-layout":"content-boxed-container","ast-site-content-layout":"normal-width-container","site-content-style":"boxed","site-sidebar-style":"unboxed","ast-global-header-display":"","ast-banner-title-visibility":"","ast-main-header-display":"","ast-hfb-above-header-display":"","ast-hfb-below-header-display":"","ast-hfb-mobile-header-display":"","site-post-title":"","ast-breadcrumbs-content":"","ast-featured-img":"","footer-sml-layout":"","ast-disable-related-posts":"","theme-transparent-header-meta":"default","adv-header-id-meta":"","stick-header-meta":"","header-above-stick-meta":"","header-main-stick-meta":"","header-below-stick-meta":"","astra-migrate-meta-layouts":"set","ast-page-background-enabled":"default","ast-page-background-meta":{"desktop":{"background-color":"var(--ast-global-color-4)","background-image":"","background-repeat":"repeat","background-position":"center center","background-size":"auto","background-attachment":"scroll","background-type":"","background-media":"","overlay-type":"","overlay-color":"","overlay-opacity":"","overlay-gradient":""},"tablet":{"background-color":"","background-image":"","background-repeat":"repeat","background-position":"center center","background-size":"auto","background-attachment":"scroll","background-type":"","background-media":"","overlay-type":"","overlay-color":"","overlay-opacity":"","overlay-gradient":""},"mobile":{"background-color":"","background-image":"","background-repeat":"repeat","background-position":"center center","background-size":"auto","background-attachment":"scroll","background-type":"","background-media":"","overlay-type":"","overlay-color":"","overlay-opacity":"","overlay-gradient":""}},"ast-content-background-meta":{"desktop":{"background-color":"var(--ast-global-color-5)","background-image":"","background-repeat":"repeat","background-position":"center center","background-size":"auto","background-attachment":"scroll","background-type":"","background-media":"","overlay-type":"","overlay-color":"","overlay-opacity":"","overlay-gradient":""},"tablet":{"background-color":"var(--ast-global-color-5)","background-image":"","background-repeat":"repeat","background-position":"center center","background-size":"auto","background-attachment":"scroll","background-type":"","background-media":"","overlay-type":"","overlay-color":"","overlay-opacity":"","overlay-gradient":""},"mobile":{"background-color":"var(--ast-global-color-5)","background-image":"","background-repeat":"repeat","background-position":"center center","background-size":"auto","background-attachment":"scroll","background-type":"","background-media":"","overlay-type":"","overlay-color":"","overlay-opacity":"","overlay-gradient":""}},"_joinchat":[]},"product_brand":[],"product_cat":[15,27,25,123,30,26,28,137,135],"product_tag":[156,146,155,132,157],"class_list":{"0":"post-2449","1":"product","2":"type-product","3":"status-publish","4":"has-post-thumbnail","6":"product_cat-new-vape-this-week","7":"product_cat-fance-hot-sale-vape","8":"product_cat-germany-best-selling-vape","9":"product_cat-italy-wholesale-vape","10":"product_cat-minimum-order-quantity-50pcs","11":"product_cat-netherlands-hot-sale-vape","12":"product_cat-poland-hot-sale-vape","13":"product_cat-rechargeable-vapes","14":"product_cat-spain-best-hot-sale-vape","15":"product_tag-0-nicotine-disposable-vape","16":"product_tag-best-hot-sale-vape","17":"product_tag-digital-display-box","18":"product_tag-rechargeable-vape","19":"product_tag-vape-disposable","20":"desktop-align-left","21":"tablet-align-left","22":"mobile-align-left","24":"first","25":"instock","26":"sale","27":"shipping-taxable","28":"purchasable","29":"product-type-simple"},"uagb_featured_image_src":{"full":["https:\/\/rmvapesale.com\/wp-content\/uploads\/2024\/10\/AIVONO-AIM-GUN-7000Puffs-Vape.png",800,800,false],"thumbnail":["https:\/\/rmvapesale.com\/wp-content\/uploads\/2024\/10\/AIVONO-AIM-GUN-7000Puffs-Vape-150x150.png",150,150,true],"medium":["https:\/\/rmvapesale.com\/wp-content\/uploads\/2024\/10\/AIVONO-AIM-GUN-7000Puffs-Vape-300x300.png",300,300,true],"medium_large":["https:\/\/rmvapesale.com\/wp-content\/uploads\/2024\/10\/AIVONO-AIM-GUN-7000Puffs-Vape-768x768.png",768,768,true],"large":["https:\/\/rmvapesale.com\/wp-content\/uploads\/2024\/10\/AIVONO-AIM-GUN-7000Puffs-Vape.png",800,800,false],"1536x1536":["https:\/\/rmvapesale.com\/wp-content\/uploads\/2024\/10\/AIVONO-AIM-GUN-7000Puffs-Vape.png",800,800,false],"2048x2048":["https:\/\/rmvapesale.com\/wp-content\/uploads\/2024\/10\/AIVONO-AIM-GUN-7000Puffs-Vape.png",800,800,false],"trp-custom-language-flag":["https:\/\/rmvapesale.com\/wp-content\/uploads\/2024\/10\/AIVONO-AIM-GUN-7000Puffs-Vape.png",12,12,false],"woocommerce_thumbnail":["https:\/\/rmvapesale.com\/wp-content\/uploads\/2024\/10\/AIVONO-AIM-GUN-7000Puffs-Vape-300x300.png",300,300,true],"woocommerce_single":["https:\/\/rmvapesale.com\/wp-content\/uploads\/2024\/10\/AIVONO-AIM-GUN-7000Puffs-Vape-600x600.png",600,600,true],"woocommerce_gallery_thumbnail":["https:\/\/rmvapesale.com\/wp-content\/uploads\/2024\/10\/AIVONO-AIM-GUN-7000Puffs-Vape-100x100.png",100,100,true],"wcpr-photo-reviews":["https:\/\/rmvapesale.com\/wp-content\/uploads\/2024\/10\/AIVONO-AIM-GUN-7000Puffs-Vape.png",500,500,false]},"uagb_author_info":{"display_name":"AMY","author_link":"https:\/\/rmvapesale.com\/lv\/author\/"},"uagb_comment_info":0,"uagb_excerpt":"AIVONO AIM GUN 7000 Puff Disposable Vape Wholesale Aivono Aim Disposable Vape Pod 7000 Puffs Wholesale AIVONO AIM GUN Disposable VAPE 7000 Puffs 10 Flavors WhatsApp: +86 17776015835 &nbsp;","_links":{"self":[{"href":"https:\/\/rmvapesale.com\/lv\/wp-json\/wp\/v2\/product\/2449","targetHints":{"allow":["GET"]}}],"collection":[{"href":"https:\/\/rmvapesale.com\/lv\/wp-json\/wp\/v2\/product"}],"about":[{"href":"https:\/\/rmvapesale.com\/lv\/wp-json\/wp\/v2\/types\/product"}],"replies":[{"embeddable":true,"href":"https:\/\/rmvapesale.com\/lv\/wp-json\/wp\/v2\/comments?post=2449"}],"wp:featuredmedia":[{"embeddable":true,"href":"https:\/\/rmvapesale.com\/lv\/wp-json\/wp\/v2\/media\/2458"}],"wp:attachment":[{"href":"https:\/\/rmvapesale.com\/lv\/wp-json\/wp\/v2\/media?parent=2449"}],"wp:term":[{"taxonomy":"product_brand","embeddable":true,"href":"https:\/\/rmvapesale.com\/lv\/wp-json\/wp\/v2\/product_brand?post=2449"},{"taxonomy":"product_cat","embeddable":true,"href":"https:\/\/rmvapesale.com\/lv\/wp-json\/wp\/v2\/product_cat?post=2449"},{"taxonomy":"product_tag","embeddable":true,"href":"https:\/\/rmvapesale.com\/lv\/wp-json\/wp\/v2\/product_tag?post=2449"}],"curies":[{"name":"wp","href":"https:\/\/api.w.org\/{rel}","templated":true}]}}