{"id":2499,"date":"2024-10-22T03:06:41","date_gmt":"2024-10-22T03:06:41","guid":{"rendered":"https:\/\/rmvapesale.com\/?post_type=product&#038;p=2499"},"modified":"2024-10-22T07:03:42","modified_gmt":"2024-10-22T07:03:42","slug":"vapme-shisha-hookah-pro-max-20000-puffs-disposable-vape-bar","status":"publish","type":"product","link":"https:\/\/rmvapesale.com\/lv\/product\/vapme-shisha-hookah-pro-max-20000-puffs-disposable-vape-bar\/","title":{"rendered":"Vapme Shisha Hookah Pro Max 20000 dvesienu vienreiz\u0113j\u0101s lieto\u0161anas vape b\u0101rs"},"content":{"rendered":"<div class=\"B2VR9 CJHX3e\">\n<div class=\"wyccme\">\n<div class=\"flex-shrink-0 flex flex-col relative items-end\">\n<div>\n<div class=\"pt-0\">\n<div class=\"gizmo-bot-avatar flex h-8 w-8 items-center justify-center overflow-hidden rounded-full\"><\/div>\n<\/div>\n<\/div>\n<\/div>\n<div class=\"group\/conversation-turn relative flex w-full min-w-0 flex-col agent-turn\">\n<div class=\"flex-col gap-1 md:gap-3\">\n<div class=\"flex max-w-full flex-col flex-grow\">\n<div class=\"min-h-8 text-message flex w-full flex-col items-end gap-2 whitespace-normal break-words [.text-message+&amp;]:mt-5\" dir=\"auto\" data-message-author-role=\"assistant\" data-message-id=\"601ef074-f473-428a-ad27-1d4d88bbe859\" data-message-model-slug=\"gpt-4o\">\n<div class=\"flex w-full flex-col gap-1 empty:hidden first:pt-[3px]\">\n<div class=\"markdown prose w-full break-words dark:prose-invert light\">\n<p><span style=\"font-size: 2em;font-weight: bold\">Vapme Shisha Hookah Pro Max 20000 dvesienu vienreiz\u0113j\u0101s lieto\u0161anas vape b\u0101rs<\/span><\/p>\n<\/div>\n<\/div>\n<\/div>\n<\/div>\n<\/div>\n<\/div>\n<div class=\"flex-shrink-0 flex flex-col relative items-end\">\n<div class=\"pt-0\">\n<div class=\"gizmo-bot-avatar flex h-8 w-8 items-center justify-center overflow-hidden rounded-full\">\n<div class=\"relative p-1 rounded-sm flex items-center justify-center bg-token-main-surface-primary text-token-text-primary h-8 w-8\">\n<p><strong>Vapme Shisha Hookah Pro Max 20000 Puffs <\/strong>ir premium klases <strong>\u0160i\u0161as b\u0101rs<\/strong> kas izstr\u0101d\u0101ts, lai nodro\u0161in\u0101tu izcilu un ilgsto\u0161u tvaic\u0113\u0161anas pieredzi. Pied\u0101v\u0101jot milz\u012bgus 20 000 uzp\u016btienus, \u0161\u012b ier\u012bce ir lieliski piem\u0113rota tiem, kas v\u0113las ilgsto\u0161u lieto\u0161anu bez past\u0101v\u012bgas uzpildes vai uzl\u0101des. T\u0101 28 ml e-\u0161\u0137idruma ietilp\u012bba samazina nepiecie\u0161am\u012bbu p\u0113c bie\u017eas nomai\u0146as, kas ir piem\u0113rots gan ikdienas lietot\u0101jiem, gan dedz\u012bgiem entuziastiem. Apr\u012bkots ar jaud\u012bgu 650 mAh uzl\u0101d\u0113jamu akumulatoru, <strong>Vapme Shisha Hookah 20000<\/strong> nodro\u0161ina nemain\u012bgu veiktsp\u0113ju, sniedzot lietot\u0101jiem nepiecie\u0161amo uzticam\u012bbu vis\u0101 t\u0101 kalpo\u0161anas laik\u0101.<\/p>\n<p>Tiem, kas mekl\u0113 rentablu risin\u0101jumu, <strong>Vapme Shisha Hookah<\/strong>\u00a0ir pieejams lielapjoma pirkumiem, padarot to par ide\u0101lu izv\u0113li mazumtirgot\u0101jiem un vape veikaliem. Neatkar\u012bgi no t\u0101, vai mekl\u0113jat <strong>lab\u0101kais vienreizlietojamais vape<\/strong> vai v\u0113laties uzkr\u0101t <strong>vairumtirdzniec\u012bbas veipi<\/strong>, \u0161is produkts pied\u0101v\u0101 lielisku v\u0113rt\u012bbu. T\u0101s <strong>vienreiz\u0113j\u0101s lieto\u0161anas e-cigarete ar zemu nikot\u012bna saturu<\/strong> opcija padara to piem\u0113rotu pla\u0161\u0101kam v\u0113lmju diapazonam, savuk\u0101rt t\u0101 <strong>atk\u0101rtoti uzl\u0101d\u0113jamas e-cigaretes<\/strong> funkcija pie\u0161\u0137ir \u0113rt\u012bbas ilgsto\u0161ai lieto\u0161anai.<\/p>\n<p>Pieaugot popularit\u0101tei <strong>bez nikot\u012bna \u016bdensp\u012bpe \u0161isha<\/strong>, Vapme Shisha 20000 pied\u0101v\u0101 iesp\u0113jas tiem, kam pat\u012bk tvaic\u0113\u0161ana bez nikot\u012bna. Pla\u0161ais <strong>Shisha Hookah gar\u0161u<\/strong> kl\u0101sts nodro\u0161ina, ka katrs dvesms sniedz apburo\u0161u, gar\u0161\u012bgu pieredzi, kas atg\u0101dina tradicion\u0101l\u0101s \u016bdensp\u012bpes sesijas.<\/p>\n<p>Ar savu iztur\u012bbas, gar\u0161u daudzveid\u012bbas un lietot\u0101jam draudz\u012bgu funkciju kombin\u0101ciju, tas <strong>Vapme Shisha Hookah 20000 <\/strong>patie\u0161\u0101m izce\u013cas <strong>vienreiz\u0113j\u0101s lieto\u0161anas veipi tie\u0161saist\u0113<\/strong> tirg\u016b.<\/p>\n<p>&nbsp;<\/p>\n<\/div>\n<\/div>\n<\/div>\n<\/div>\n<\/div>\n<\/div>\n<p><strong>Sazinieties ar Eimiju, lai ieg\u016btu pareizo atbildi un veipu kuponu!<\/strong><\/p>\n<p><img loading=\"lazy\" decoding=\"async\" class=\"size-full wp-image-1978\" src=\"https:\/\/rmvapesale.com\/wp-content\/uploads\/2024\/09\/Disposable-Vape-Wholesale.jpg\" alt=\"Vienreiz\u0113jais vape vairumtirdzniec\u012bba\" width=\"229\" height=\"300\" \/><\/p>\n<h3><a href=\"https:\/\/wa.me\/8617776015835\" target=\"_blank\" rel=\"noopener\"><span style=\"color: #ff0000\"><strong>WhatsApp: +86 17776015835<\/strong><\/span><\/a><\/h3>\n<p>&nbsp;<\/p>\n<h2><\/h2>\n<h2><strong>Vapme Shisha Pro Max 20000 Vienreiz\u0113j\u0101s lieto\u0161anas<\/strong><strong>\u00a0<\/strong><strong>Galven\u0101s iez\u012bmes<\/strong><\/h2>\n<p><strong>20 000 dvesmas:<\/strong> Paredz\u0113ts ilgsto\u0161ai lieto\u0161anai, pied\u0101v\u0101jot l\u012bdz pat 20 000 dvesm\u0101m ar vienu ier\u012bci.<\/p>\n<p><strong>28 ml E-\u0161\u0137idruma ietilp\u012bba:<\/strong> Apr\u012bkots ar lielu 28 ml e-\u0161\u0137idruma rezervu\u0101ru ilgsto\u0161ai tvaic\u0113\u0161anai bez bie\u017eas uzpild\u012b\u0161anas.<\/p>\n<p><strong>Uzl\u0101d\u0113jams 650 mAh akumulators:<\/strong> Ietver jaud\u012bgu, uzl\u0101d\u0113jamu akumulatoru, kas nodro\u0161ina nemain\u012bgu jaudu un veiktsp\u0113ju.<\/p>\n<p><strong>Gar\u0161u daudzveid\u012bba:<\/strong> Pieejams 24 da\u017e\u0101d\u0101s gar\u0161\u0101s, kas atbilst da\u017e\u0101d\u0101m gaumes v\u0113lm\u0113m, s\u0101kot no aug\u013cu l\u012bdz mentola opcij\u0101m.<\/p>\n<p><strong>Gluds dizains:<\/strong> Moderns un stil\u012bgs dizains, ko ir viegli tur\u0113t un n\u0113s\u0101t, padarot to lietot\u0101jam draudz\u012bgu.<\/p>\n<p><strong>Displeja ekr\u0101ns e-sulai un akumulatoram<\/strong><\/p>\n<figure id=\"attachment_2492\" aria-describedby=\"caption-attachment-2492\" style=\"width: 800px\" class=\"wp-caption alignnone\"><img loading=\"lazy\" decoding=\"async\" class=\"wp-image-2492 size-full\" src=\"https:\/\/rmvapesale.com\/wp-content\/uploads\/2024\/10\/Shisha-Bar-Vapme-Shisha-Pro-Max-20000.jpg\" alt=\"Shisha Bar Vapme Shisha Pro Max 20000\" width=\"800\" height=\"800\" srcset=\"https:\/\/rmvapesale.com\/wp-content\/uploads\/2024\/10\/Shisha-Bar-Vapme-Shisha-Pro-Max-20000.jpg 800w, https:\/\/rmvapesale.com\/wp-content\/uploads\/2024\/10\/Shisha-Bar-Vapme-Shisha-Pro-Max-20000-300x300.jpg 300w, https:\/\/rmvapesale.com\/wp-content\/uploads\/2024\/10\/Shisha-Bar-Vapme-Shisha-Pro-Max-20000-150x150.jpg 150w, https:\/\/rmvapesale.com\/wp-content\/uploads\/2024\/10\/Shisha-Bar-Vapme-Shisha-Pro-Max-20000-768x768.jpg 768w, https:\/\/rmvapesale.com\/wp-content\/uploads\/2024\/10\/Shisha-Bar-Vapme-Shisha-Pro-Max-20000-600x600.jpg 600w, https:\/\/rmvapesale.com\/wp-content\/uploads\/2024\/10\/Shisha-Bar-Vapme-Shisha-Pro-Max-20000-100x100.jpg 100w\" sizes=\"auto, (max-width: 800px) 100vw, 800px\" \/><figcaption id=\"caption-attachment-2492\" class=\"wp-caption-text\">Shisha Bar Vapme Shisha Pro Max 20000<\/figcaption><\/figure>\n<h2><strong>Popul\u0101r\u0101k\u0101 Vapme Shisha gar\u0161a <\/strong><strong>Bar<\/strong><strong>\u00a020 000 dvesmas\u00a0<\/strong><\/h2>\n<p>Ier\u012bces gludais, modernais dizains ir apvienots ar 24 unik\u0101lu <strong>Shisha Hookah gar\u0161u<\/strong>, s\u0101kot no aug\u013cu iecien\u012bt\u0101kajiem, piem\u0113ram, zeme\u0146u arb\u016bza, l\u012bdz atsvaidzino\u0161\u0101m opcij\u0101m, piem\u0113ram, melle\u0146u ar ledu, pied\u0101v\u0101jot kaut ko ikvienam.<\/p>\n<p>1.Melle\u0146u ko\u0161\u013c\u0101jam\u0101 gumija <span style=\"color: #ff0000\"><strong>&gt;&gt;&gt;&gt; Karsti!<\/strong><\/span><br \/>\n2.Kivi marakujas gvajava<br \/>\n3.Zilo ave\u0146u limon\u0101de<br \/>\n4.Zeme\u0146u kivi<br \/>\n5.Jauktas ogas <span style=\"color: #ff0000\"><strong>&gt;&gt;&gt;&gt; Viss lab\u0101kais!<\/strong><\/span><br \/>\n6.Zeme\u0146u arb\u016bzs<br \/>\n7.V\u012bnogu pun\u0161s<br \/>\n8.Arb\u016bzu ledus<br \/>\n9.Persiku, mango un anan\u0101su<br \/>\n10.Zeme\u0146u ledus<br \/>\n11.Sul\u012bgs persiks<br \/>\n12.Lady Killa<br \/>\n13.\u0136ir\u0161u Oga<br \/>\n14.Melle\u0146u ave\u0146u <span style=\"color: #ff0000\"><strong>&gt;&gt;&gt;&gt; Karsti!<\/strong><\/span><br \/>\n15.M\u012blest\u012bba 66 <span style=\"color: #ff0000\"><strong>&gt;&gt;&gt;&gt; Karsti!<\/strong><\/span><br \/>\n16.Arb\u016bzu v\u0113rsi<br \/>\n17.Zeme\u0146u v\u012bnogu<br \/>\n18.Zeme\u0146u ave\u0146u konfekte<br \/>\n19.Balt\u0101 Mamba<br \/>\n20.Arb\u016bzu \u0137ir\u0161i<br \/>\n21.Sald\u0113ts \u0101bols<br \/>\n22.Citronu piparm\u0113tra<br \/>\n23.Upe\u0146u ledus<br \/>\n24.Anan\u0101su kokteilis<\/p>\n<p>&nbsp;<\/p>\n<h3><strong>K\u0101p\u0113c izv\u0113l\u0113ties Rmvapesale \u016bdensp\u012bpei Shisha Vapme 20000 Puffs<\/strong><strong>?<\/strong><\/h3>\n<div class=\"flex-shrink-0 flex flex-col relative items-end\">\n<div class=\"pt-0\">\n<div class=\"gizmo-bot-avatar flex h-8 w-8 items-center justify-center overflow-hidden rounded-full\">\n<div class=\"relative p-1 rounded-sm flex items-center justify-center bg-token-main-surface-primary text-token-text-primary h-8 w-8\">\n<p>&nbsp;<\/p>\n<p>Kad izv\u0113laties Rmvapesale sav\u0101m vairumtirdzniec\u012bbas vienreiz\u0113j\u0101s lieto\u0161anas e-cigare\u0161u vajadz\u012bb\u0101m, j\u016bs ieg\u016bstat \u0161\u0101das priek\u0161roc\u012bbas:<\/p>\n<ul>\n<li><strong>Konkur\u0113tsp\u0113j\u012bga cena<\/strong>Ieg\u016bstiet pieeju pievilc\u012bg\u0101m vairumtirdzniec\u012bbas cen\u0101m, kas palielina j\u016bsu biznesa pe\u013c\u0146u.<\/li>\n<li><strong>Augsta kvalit\u0101te<\/strong>M\u016bsu vape ir izstr\u0101d\u0101tas atbilsto\u0161i augst\u0101kajiem standartiem, un <span style=\"color: #ff0000\"><strong>Garant\u0113ti 100% ori\u0123in\u0101li un autentiski, pret\u0113j\u0101 gad\u012bjum\u0101 par viltot\u0101m prec\u0113m tiks nodro\u0161in\u0101ta 10 reizes liel\u0101ka kompens\u0101cija!<\/strong><\/span><\/li>\n<li><strong>Izcils klientu serviss<\/strong>M\u016bsu \u012bpa\u0161\u0101 komanda vienm\u0113r ir gatava jums pal\u012bdz\u0113t, padarot j\u016bsu pirk\u0161anas procesu vienk\u0101r\u0161u un \u0113rtu.<\/li>\n<li><strong>\u0100tra<\/strong>: Sagaidiet \u0101tru un uzticamu pieg\u0101di, kas nodro\u0161ina, ka j\u016bsu pas\u016bt\u012bjumi vienm\u0113r tiek pieg\u0101d\u0101ti laik\u0101.<\/li>\n<\/ul>\n<\/div>\n<h3><\/h3>\n<div class=\"relative p-1 rounded-sm flex items-center justify-center bg-token-main-surface-primary text-token-text-primary h-8 w-8\">\n<h3><b>Bie\u017e\u0101k uzdotie jaut\u0101jumi<\/b><\/h3>\n<div class=\"flex-shrink-0 flex flex-col relative items-end\">\n<div>\n<div class=\"pt-0\">\n<div class=\"gizmo-bot-avatar flex h-8 w-8 items-center justify-center overflow-hidden rounded-full\">\n<div class=\"relative p-1 rounded-sm flex items-center justify-center bg-token-main-surface-primary text-token-text-primary h-8 w-8\"><\/div>\n<\/div>\n<\/div>\n<\/div>\n<\/div>\n<div class=\"group\/conversation-turn relative flex w-full min-w-0 flex-col agent-turn\">\n<div class=\"flex-col gap-1 md:gap-3\">\n<div class=\"flex max-w-full flex-col flex-grow\">\n<div class=\"min-h-8 text-message flex w-full flex-col items-end gap-2 whitespace-normal break-words [.text-message+&amp;]:mt-5\" dir=\"auto\" data-message-author-role=\"assistant\" data-message-id=\"3a019841-c00e-477f-baad-0bb23e48af2d\" data-message-model-slug=\"gpt-4o\">\n<div class=\"flex w-full flex-col gap-1 empty:hidden first:pt-[3px]\">\n<div class=\"markdown prose w-full break-words dark:prose-invert light\">\n<p><strong>1. Kas ir \u016bdensp\u012bpes vienreiz\u0113j\u0101s lieto\u0161anas b\u0101rs?<\/strong><br \/>\nA <strong>\u016bdensp\u012bpes vienreiz\u0113j\u0101s lieto\u0161anas b\u0101rs<\/strong> ir veids, k\u0101 <strong>vienreiz\u0113j\u0101s lieto\u0161anas e-cigarete<\/strong> rad\u012bts, lai atdarin\u0101tu tradicion\u0101l\u0101s \u016bdensp\u012bpes sm\u0113\u0137\u0113\u0161anas pieredzi. Tas satur akumulatoru, kameru, kas piepild\u012bta ar aromatiz\u0113tu vape \u0161\u0137idrumu (bie\u017ei sauktu par <strong>\u016bdensp\u012bpes gar\u0161as<\/strong>), un sildelementu. Akumulators darbina sild\u012b\u0161anas spoli, kas uzsilda \u0161\u0137idrumu, lai rad\u012btu tvaiku ieelpo\u0161anai.<\/p>\n<p><strong>2. K\u0101da ir at\u0161\u0137ir\u012bba starp vienreiz\u0113j\u0101s lieto\u0161anas \u016bdensp\u012bpes veipu un tradicion\u0101lo \u016bdensp\u012bpi?<\/strong><br \/>\nTradicion\u0101laj\u0101 \u016bdensp\u012bp\u0113 izmanto ogles, lai sild\u012btu tabaku, un d\u016bmi pirms ieelpo\u0161anas tiek filtr\u0113ti caur \u016bdeni. Turpret\u012b <strong>vienreiz\u0113j\u0101s lieto\u0161anas \u016bdensp\u012bpes veips<\/strong> izmanto elektrisko sildelementu, lai iztvaic\u0113tu e-\u0161\u0137idrumu, radot tvaiku, ko ieelpo tie\u0161i, bez ogl\u0113m vai \u016bdens.<\/p>\n<p><strong>3. Kuri ir lab\u0101kie vienreiz\u0113j\u0101s lieto\u0161anas \u016bdensp\u012bpes veipu z\u012bmoli?<\/strong><br \/>\nPopul\u0101ri z\u012bmoli <strong>vienreiz\u0113j\u0101s lieto\u0161anas \u016bdensp\u012bpes veipiem<\/strong> ietver <strong>Vapme Shisha Hookah<\/strong>ir FIHP Shisha Hookah 15000 pro un AIVONO Shisha FATMAN 15000.<\/p>\n<\/div>\n<\/div>\n<\/div>\n<\/div>\n<\/div>\n<\/div>\n<p><strong>4. K\u0101 noteikt, kad j\u016bsu Vapme Shisha \u016bdensp\u012bpes veips ir tuk\u0161s?\u00a0<\/strong><br \/>\nJ\u016bs paman\u012bsit, ka j\u016bsu vienreizlietojam\u0101s vape ier\u012bce tuvojas beig\u0101m, kad gar\u0161a k\u013c\u016bst v\u0101j\u0101ka vai samazin\u0101s tvaiku ra\u017eo\u0161ana. Da\u017e\u0101m jaun\u0101m vienreizlietojam\u0101m vape ier\u012bc\u0113m ar ekr\u0101nu, piem\u0113ram, RandM Tornado 12000, RandM Tornado 25000, Waspe 30000 puffs, ir indikators uz ekr\u0101na.<\/p>\n<p><strong>5. Cik ilgs laiks nepiecie\u0161ams, lai uzl\u0101d\u0113tu Vapme Shisha vienreiz\u0113j\u0101s lieto\u0161anas veipu?<\/strong><br \/>\nLiel\u0101k\u0101s e-cigare\u0161u bateriju uzl\u0101de parasti aiz\u0146em apm\u0113ram 3 l\u012bdz 4 stundas, lai piln\u012bb\u0101 uzl\u0101d\u0113tu, atkar\u012bb\u0101 no baterijas izm\u0113ra. Vislab\u0101k ir gaid\u012bt, l\u012bdz akumulators ir piln\u012bb\u0101 iztuk\u0161ots, pirms uzl\u0101d\u0113\u0161anas. Tom\u0113r, t\u0101 k\u0101 katra ier\u012bce ir unik\u0101la, vienm\u0113r iepaz\u012bstieties ar produkta rokasgr\u0101matu, lai uzzin\u0101tu specifiskas uzl\u0101des vadl\u012bnijas un indikatorus, lai nodro\u0161in\u0101tu optim\u0101lu veiktsp\u0113ju.<\/p>\n<\/div>\n<\/div>\n<\/div>\n<\/div>\n<div class=\"group\/conversation-turn relative flex w-full min-w-0 flex-col agent-turn\">\n<div class=\"flex-col gap-1 md:gap-3\">\n<div class=\"flex max-w-full flex-col flex-grow\">\n<div class=\"min-h-8 text-message flex w-full flex-col items-end gap-2 whitespace-normal break-words [.text-message+&amp;]:mt-5\" dir=\"auto\" data-message-author-role=\"assistant\" data-message-id=\"f226d3fc-81f3-46d5-8c46-31787fff0357\">\n<div class=\"flex w-full flex-col gap-1 empty:hidden first:pt-[3px]\">\n<div class=\"markdown prose w-full break-words dark:prose-invert light\">\n<div class=\"group\/conversation-turn relative flex w-full min-w-0 flex-col agent-turn\">\n<div class=\"flex-col gap-1 md:gap-3\">\n<div class=\"flex max-w-full flex-col flex-grow\">\n<div class=\"min-h-8 text-message flex w-full flex-col items-end gap-2 whitespace-normal break-words [.text-message+&amp;]:mt-5\" dir=\"auto\" data-message-author-role=\"assistant\" data-message-id=\"91d2b73b-9149-4888-a964-4b8464e0e6e3\" data-message-model-slug=\"gpt-4o\">\n<div class=\"flex w-full flex-col gap-1 empty:hidden first:pt-[3px]\">\n<div class=\"markdown prose w-full break-words dark:prose-invert light\">\n<p>&nbsp;<\/p>\n<\/div>\n<\/div>\n<\/div>\n<\/div>\n<\/div>\n<\/div>\n<\/div>\n<\/div>\n<\/div>\n<\/div>\n<\/div>\n<\/div>\n<h3>Par s\u016bt\u012bjumu<\/h3>\n<div class=\"flex-shrink-0 flex flex-col relative items-end\">\n<div>\n<div class=\"pt-0\">\n<div class=\"gizmo-bot-avatar flex h-8 w-8 items-center justify-center overflow-hidden rounded-full\">\n<div><\/div>\n<div class=\"relative p-1 rounded-sm flex items-center justify-center bg-token-main-surface-primary text-token-text-primary h-8 w-8\"><strong>1. K\u0101das pieg\u0101des metodes tiek izmantotas?<\/strong><\/div>\n<\/div>\n<\/div>\n<\/div>\n<\/div>\n<div class=\"group\/conversation-turn relative flex w-full min-w-0 flex-col agent-turn\">\n<div class=\"flex-col gap-1 md:gap-3\">\n<div class=\"flex max-w-full flex-col flex-grow\">\n<div class=\"min-h-[20px] text-message flex w-full flex-col items-end gap-2 whitespace-normal break-words [.text-message+&amp;]:mt-5 overflow-x-auto\" dir=\"auto\" data-message-author-role=\"assistant\" data-message-id=\"22f8283b-3233-46ff-89a5-c7a41b33abda\">\n<div class=\"flex w-full flex-col gap-1 empty:hidden first:pt-[3px]\">\n<div class=\"markdown prose w-full break-words dark:prose-invert light\">\n<p>M\u0113s sadarbojamies ar UPS, DHL, FedEx, DPD un citiem vado\u0161ajiem p\u0101rvad\u0101t\u0101jiem. M\u0113s izv\u0113l\u0113simies lab\u0101ko pieg\u0101des veidu, pamatojoties uz j\u016bsu pieg\u0101des vietu, lai nodro\u0161in\u0101tu, ka j\u016bs sa\u0146emat savus produktus p\u0113c iesp\u0113jas \u0101tr\u0101k.<\/p>\n<\/div>\n<p><strong>2. Cik ilgs laiks paiet, l\u012bdz tas pien\u0101k?<\/strong><\/p>\n<p>Pieg\u0101des uz Latviju parasti ierodas 10 darba dienu laik\u0101. Pieg\u0101de uz Eiropas valst\u012bm parasti aiz\u0146em apm\u0113ram 12-15 darba dienas. M\u0113s nodro\u0161in\u0101sim re\u0101llaika atjaunin\u0101jumus par j\u016bsu pieg\u0101des statusu.<\/p>\n<\/div>\n<\/div>\n<\/div>\n<\/div>\n<\/div>\n<p>&nbsp;<\/p>\n<p>Citi popul\u0101ri vape, kas jums var\u0113tu patikt:<\/p>\n<p><a href=\"https:\/\/rmvapesale.com\/lv\/product\/randm-tornado-15000-puffs-15k-vape-recharge-fumot-original-vape-factory-price\/\"><strong>Randm Vape 15000 Puffs\u00a0 \u00a0<span style=\"color: #ff0000\">&gt;&gt;&gt;&gt; uz priek\u0161u!<\/span><\/strong><\/a><\/p>\n<p><strong><a href=\"https:\/\/rmvapesale.com\/lv\/product\/fumot-digital-box-12000-disposable-vape-pink-lemonade-flavor\/\">Fumot Digital Box 12000 vienreizlietojams tvaiks<\/a><\/strong><strong><a href=\"https:\/\/rmvapesale.com\/lv\/product\/faivono-bang-maxi-15000-puffs-disposable-vape-bulk-wholesale\/\">\u00a0<span style=\"color: #ff0000\">&gt;&gt;&gt;&gt; uz priek\u0161u!<\/span><\/a>\u00a0<\/strong><\/p>\n<p><a href=\"https:\/\/rmvapesale.com\/lv\/product\/randm-tornado-25000-puffs-disposable-vape-wholesale\/\"><strong>Fumot Vape RandM Tornado 25000 dvesmas <span style=\"color: #ff0000\">&gt;&gt;&gt;&gt; uz priek\u0161u!<\/span><\/strong><\/a><\/p>\n<p>&nbsp;<\/p>\n<p>&nbsp;<\/p>\n<p>Atrodiet vair\u0101k Vape produktu, kas jums var\u0113tu patikt:<strong><em><a href=\"https:\/\/rmvapesale.com\/lv\/shop-2\/\">iepirkties tagad &gt;&gt;&gt;<\/a><\/em><\/strong><\/p>","protected":false},"excerpt":{"rendered":"<p>Vapme Shisha Hookah 20000 Puffs vienreizlietojamais Bar vairumtirdzniec\u012bba<br \/>\nVapme Shisha Hookah 20000 Puffs 24 Gar\u0161as noliktav\u0101<br \/>\nVapme Shisha Pro Max 20000 Puffs LED displejs 2% Zema nikot\u012bna vienreizlietojamais Vape<\/p>\n<p><img loading=\"lazy\" decoding=\"async\" class=\"size-full wp-image-2375\" src=\"https:\/\/rmvapesale.com\/wp-content\/uploads\/2024\/10\/image.png\" alt=\"Lab\u0101kais vienreiz\u0113jais vape\" width=\"229\" height=\"300\" \/><\/p>\n<h3><a href=\"https:\/\/wa.me\/8617776015835\"><span style=\"color: #ff0000\"><strong>WhatsApp: +86 17776015835<\/strong><\/span><\/a><\/h3>\n<p>&nbsp;<\/p>","protected":false},"featured_media":2496,"comment_status":"open","ping_status":"closed","template":"","meta":{"_uag_custom_page_level_css":"","_lmt_disableupdate":"no","_lmt_disable":"","site-sidebar-layout":"default","site-content-layout":"content-boxed-container","ast-site-content-layout":"normal-width-container","site-content-style":"boxed","site-sidebar-style":"unboxed","ast-global-header-display":"","ast-banner-title-visibility":"","ast-main-header-display":"","ast-hfb-above-header-display":"","ast-hfb-below-header-display":"","ast-hfb-mobile-header-display":"","site-post-title":"","ast-breadcrumbs-content":"","ast-featured-img":"","footer-sml-layout":"","ast-disable-related-posts":"","theme-transparent-header-meta":"default","adv-header-id-meta":"","stick-header-meta":"","header-above-stick-meta":"","header-main-stick-meta":"","header-below-stick-meta":"","astra-migrate-meta-layouts":"set","ast-page-background-enabled":"default","ast-page-background-meta":{"desktop":{"background-color":"var(--ast-global-color-4)","background-image":"","background-repeat":"repeat","background-position":"center center","background-size":"auto","background-attachment":"scroll","background-type":"","background-media":"","overlay-type":"","overlay-color":"","overlay-opacity":"","overlay-gradient":""},"tablet":{"background-color":"","background-image":"","background-repeat":"repeat","background-position":"center center","background-size":"auto","background-attachment":"scroll","background-type":"","background-media":"","overlay-type":"","overlay-color":"","overlay-opacity":"","overlay-gradient":""},"mobile":{"background-color":"","background-image":"","background-repeat":"repeat","background-position":"center center","background-size":"auto","background-attachment":"scroll","background-type":"","background-media":"","overlay-type":"","overlay-color":"","overlay-opacity":"","overlay-gradient":""}},"ast-content-background-meta":{"desktop":{"background-color":"var(--ast-global-color-5)","background-image":"","background-repeat":"repeat","background-position":"center center","background-size":"auto","background-attachment":"scroll","background-type":"","background-media":"","overlay-type":"","overlay-color":"","overlay-opacity":"","overlay-gradient":""},"tablet":{"background-color":"var(--ast-global-color-5)","background-image":"","background-repeat":"repeat","background-position":"center center","background-size":"auto","background-attachment":"scroll","background-type":"","background-media":"","overlay-type":"","overlay-color":"","overlay-opacity":"","overlay-gradient":""},"mobile":{"background-color":"var(--ast-global-color-5)","background-image":"","background-repeat":"repeat","background-position":"center center","background-size":"auto","background-attachment":"scroll","background-type":"","background-media":"","overlay-type":"","overlay-color":"","overlay-opacity":"","overlay-gradient":""}},"_joinchat":[]},"product_brand":[],"product_cat":[15,27,25,123,30,26,28,137,136,135],"product_tag":[169,167,165,180,103,120,179],"class_list":{"0":"post-2499","1":"product","2":"type-product","3":"status-publish","4":"has-post-thumbnail","6":"product_cat-new-vape-this-week","7":"product_cat-fance-hot-sale-vape","8":"product_cat-germany-best-selling-vape","9":"product_cat-italy-wholesale-vape","10":"product_cat-minimum-order-quantity-50pcs","11":"product_cat-netherlands-hot-sale-vape","12":"product_cat-poland-hot-sale-vape","13":"product_cat-rechargeable-vapes","14":"product_cat-smart-screen-vapes","15":"product_cat-spain-best-hot-sale-vape","16":"product_tag-best-disposable-vape-2024","17":"product_tag-disposable-vape-with-screen","18":"product_tag-rechargeable-vapes","19":"product_tag-shisha-bar","20":"product_tag-shisha-hookah","21":"product_tag-vape-wholesale","22":"product_tag-vapme-shisha-hookah","23":"desktop-align-left","24":"tablet-align-left","25":"mobile-align-left","27":"first","28":"instock","29":"sale","30":"shipping-taxable","31":"purchasable","32":"product-type-simple"},"uagb_featured_image_src":{"full":["https:\/\/rmvapesale.com\/wp-content\/uploads\/2024\/10\/Vapme-Shisha-Hookah-Vape-20000.jpg",800,800,false],"thumbnail":["https:\/\/rmvapesale.com\/wp-content\/uploads\/2024\/10\/Vapme-Shisha-Hookah-Vape-20000-150x150.jpg",150,150,true],"medium":["https:\/\/rmvapesale.com\/wp-content\/uploads\/2024\/10\/Vapme-Shisha-Hookah-Vape-20000-300x300.jpg",300,300,true],"medium_large":["https:\/\/rmvapesale.com\/wp-content\/uploads\/2024\/10\/Vapme-Shisha-Hookah-Vape-20000-768x768.jpg",768,768,true],"large":["https:\/\/rmvapesale.com\/wp-content\/uploads\/2024\/10\/Vapme-Shisha-Hookah-Vape-20000.jpg",800,800,false],"1536x1536":["https:\/\/rmvapesale.com\/wp-content\/uploads\/2024\/10\/Vapme-Shisha-Hookah-Vape-20000.jpg",800,800,false],"2048x2048":["https:\/\/rmvapesale.com\/wp-content\/uploads\/2024\/10\/Vapme-Shisha-Hookah-Vape-20000.jpg",800,800,false],"trp-custom-language-flag":["https:\/\/rmvapesale.com\/wp-content\/uploads\/2024\/10\/Vapme-Shisha-Hookah-Vape-20000.jpg",12,12,false],"woocommerce_thumbnail":["https:\/\/rmvapesale.com\/wp-content\/uploads\/2024\/10\/Vapme-Shisha-Hookah-Vape-20000-300x300.jpg",300,300,true],"woocommerce_single":["https:\/\/rmvapesale.com\/wp-content\/uploads\/2024\/10\/Vapme-Shisha-Hookah-Vape-20000-600x600.jpg",600,600,true],"woocommerce_gallery_thumbnail":["https:\/\/rmvapesale.com\/wp-content\/uploads\/2024\/10\/Vapme-Shisha-Hookah-Vape-20000-100x100.jpg",100,100,true],"wcpr-photo-reviews":["https:\/\/rmvapesale.com\/wp-content\/uploads\/2024\/10\/Vapme-Shisha-Hookah-Vape-20000.jpg",500,500,false]},"uagb_author_info":{"display_name":"AMY","author_link":"https:\/\/rmvapesale.com\/lv\/author\/"},"uagb_comment_info":0,"uagb_excerpt":"Vapme Shisha Hookah 20000 Puffs Disposable Bar Wholesale Vapme Shisha Hookah 20000 Puffs 24 Flavor in Stock Vapme Shisha Pro Max 20000 Puffs LED Display 2% Low Nicotine Disposable Vape WhatsApp: +86 17776015835 &nbsp;","_links":{"self":[{"href":"https:\/\/rmvapesale.com\/lv\/wp-json\/wp\/v2\/product\/2499","targetHints":{"allow":["GET"]}}],"collection":[{"href":"https:\/\/rmvapesale.com\/lv\/wp-json\/wp\/v2\/product"}],"about":[{"href":"https:\/\/rmvapesale.com\/lv\/wp-json\/wp\/v2\/types\/product"}],"replies":[{"embeddable":true,"href":"https:\/\/rmvapesale.com\/lv\/wp-json\/wp\/v2\/comments?post=2499"}],"wp:featuredmedia":[{"embeddable":true,"href":"https:\/\/rmvapesale.com\/lv\/wp-json\/wp\/v2\/media\/2496"}],"wp:attachment":[{"href":"https:\/\/rmvapesale.com\/lv\/wp-json\/wp\/v2\/media?parent=2499"}],"wp:term":[{"taxonomy":"product_brand","embeddable":true,"href":"https:\/\/rmvapesale.com\/lv\/wp-json\/wp\/v2\/product_brand?post=2499"},{"taxonomy":"product_cat","embeddable":true,"href":"https:\/\/rmvapesale.com\/lv\/wp-json\/wp\/v2\/product_cat?post=2499"},{"taxonomy":"product_tag","embeddable":true,"href":"https:\/\/rmvapesale.com\/lv\/wp-json\/wp\/v2\/product_tag?post=2499"}],"curies":[{"name":"wp","href":"https:\/\/api.w.org\/{rel}","templated":true}]}}