{"id":2509,"date":"2024-10-22T09:45:54","date_gmt":"2024-10-22T09:45:54","guid":{"rendered":"https:\/\/rmvapesale.com\/?post_type=product&#038;p=2509"},"modified":"2024-10-23T01:25:33","modified_gmt":"2024-10-23T01:25:33","slug":"elf-box-crystal-bar-600-puffs-disposable-vape-wholesale","status":"publish","type":"product","link":"https:\/\/rmvapesale.com\/lv\/product\/elf-box-crystal-bar-600-puffs-disposable-vape-wholesale\/","title":{"rendered":"Elf Box Crystal Bar 600 dvesienu vienreiz\u0113j\u0101s lieto\u0161anas vape vairumtirdzniec\u012bba"},"content":{"rendered":"<div class=\"B2VR9 CJHX3e\">\n<div class=\"wyccme\">\n<div class=\"flex-shrink-0 flex flex-col relative items-end\">\n<div>\n<div class=\"pt-0\">\n<div class=\"gizmo-bot-avatar flex h-8 w-8 items-center justify-center overflow-hidden rounded-full\"><\/div>\n<\/div>\n<\/div>\n<\/div>\n<div class=\"group\/conversation-turn relative flex w-full min-w-0 flex-col agent-turn\">\n<div class=\"flex-col gap-1 md:gap-3\">\n<div class=\"flex max-w-full flex-col flex-grow\">\n<div class=\"min-h-8 text-message flex w-full flex-col items-end gap-2 whitespace-normal break-words [.text-message+&amp;]:mt-5\" dir=\"auto\" data-message-author-role=\"assistant\" data-message-id=\"601ef074-f473-428a-ad27-1d4d88bbe859\" data-message-model-slug=\"gpt-4o\">\n<div class=\"flex w-full flex-col gap-1 empty:hidden first:pt-[3px]\">\n<div class=\"markdown prose w-full break-words dark:prose-invert light\">\n<p><span style=\"font-size: 2em;font-weight: bold\">Elf Box Crystal Bar 600 dvesienu vienreiz\u0113j\u0101s lieto\u0161anas vape vairumtirdzniec\u012bba<\/span><\/p>\n<\/div>\n<\/div>\n<\/div>\n<\/div>\n<\/div>\n<\/div>\n<div class=\"flex-shrink-0 flex flex-col relative items-end\">\n<div class=\"pt-0\">\n<div class=\"gizmo-bot-avatar flex h-8 w-8 items-center justify-center overflow-hidden rounded-full\">\n<div class=\"relative p-1 rounded-sm flex items-center justify-center bg-token-main-surface-primary text-token-text-primary h-8 w-8\">\n<p>ELF BOX CRYSTAL BAR 600 Puffs Vienreiz\u0113j\u0101s lieto\u0161anas Vape ir izstr\u0101d\u0101ts, lai nodro\u0161in\u0101tu augstas kvalit\u0101tes vaping pieredzi, pied\u0101v\u0101jot l\u012bdz pat 600 p\u012bp\u0113m katr\u0101 ier\u012bc\u0113. Tam ir tr\u012bs nikot\u012bna l\u012bme\u0146i: 0%, 2% un 5%, kas apmierina pla\u0161u vaperu izv\u0113li. Ier\u012bce ir kompakta un viegla, sver tikai 38g, padarot to viegli p\u0101rn\u0113s\u0101jamu un ide\u0101lu lieto\u0161anai \u0101rpus m\u0101jas. Katrs vienreiz\u0113j\u0101s lieto\u0161anas vape pildspalva satur 2ml e-liqu\u012bda un ir apr\u012bkots ar jaud\u012bgu 500mAh akumulatoru, nodro\u0161inot lietot\u0101jiem iesp\u0113ju baud\u012bt vaping visu dienu.<\/p>\n<p>\u0160is produkts ir \u012bpa\u0161i pievilc\u012bgs lielapjoma pirkumiem, padarot to piem\u0113rotu vairumtirdzniec\u012bbas un mazumtirdzniec\u012bbas uz\u0146\u0113mumiem, kas v\u0113las uzglab\u0101t kvalitat\u012bvas vienreiz\u0113j\u0101s lieto\u0161anas vape. Ar savu eleganto dizainu un efekt\u012bvu sniegumu ELF BOX CRYSTAL BAR izce\u013cas k\u0101 lab\u0101k\u0101 izv\u0113le gan individu\u0101lajiem lietot\u0101jiem, gan uz\u0146\u0113mumiem.<\/p>\n<p>&nbsp;<\/p>\n<\/div>\n<\/div>\n<\/div>\n<\/div>\n<\/div>\n<\/div>\n<p><strong>Sazinieties ar Eimiju, lai ieg\u016btu pareizo atbildi un veipu kuponu!<\/strong><\/p>\n<p><img loading=\"lazy\" decoding=\"async\" class=\"size-full wp-image-1978\" src=\"https:\/\/rmvapesale.com\/wp-content\/uploads\/2024\/09\/Disposable-Vape-Wholesale.jpg\" alt=\"Vienreiz\u0113jais vape vairumtirdzniec\u012bba\" width=\"229\" height=\"300\" \/><\/p>\n<h3><a href=\"https:\/\/wa.me\/8617776015835\" target=\"_blank\" rel=\"noopener\"><span style=\"color: #ff0000\"><strong>WhatsApp: +86 17776015835<\/strong><\/span><\/a><\/h3>\n<p>&nbsp;<\/p>\n<h2><\/h2>\n<h2><strong>ELF BOX CRYSTAL BAR 600 Puffs <\/strong><strong>Galven\u0101s iez\u012bmes<\/strong><\/h2>\n<div class=\"flex-shrink-0 flex flex-col relative items-end\">\n<div>\n<div class=\"pt-0\">\n<div class=\"gizmo-bot-avatar flex h-8 w-8 items-center justify-center overflow-hidden rounded-full\">\n<div class=\"relative p-1 rounded-sm flex items-center justify-center bg-token-main-surface-primary text-token-text-primary h-8 w-8\"><\/div>\n<\/div>\n<\/div>\n<\/div>\n<\/div>\n<div class=\"group\/conversation-turn relative flex w-full min-w-0 flex-col agent-turn\">\n<div class=\"flex-col gap-1 md:gap-3\">\n<div class=\"flex max-w-full flex-col flex-grow\">\n<div class=\"min-h-8 text-message flex w-full flex-col items-end gap-2 whitespace-normal break-words [.text-message+&amp;]:mt-5\" dir=\"auto\" data-message-author-role=\"assistant\" data-message-id=\"0d28757f-3029-419a-97bc-5c073d54a71e\" data-message-model-slug=\"gpt-4o\">\n<div class=\"flex w-full flex-col gap-1 empty:hidden first:pt-[3px]\">\n<div class=\"result-streaming markdown prose w-full break-words dark:prose-invert light\">\n<ul>\n<li><strong>Dvesienu skaits<\/strong>: Nodro\u0161ina l\u012bdz <strong>600 p\u012bp\u0113m<\/strong> ilgsto\u0161ai vaping baud\u012b\u0161anai.<\/li>\n<li><strong>Spole<\/strong>: Ietver <strong>1.6ohm spoli<\/strong>, nodro\u0161inot gludu un vienm\u0113r\u012bgu tvaika ra\u017eo\u0161anu ar katru p\u012bpi.<\/li>\n<li><strong>E-liqu\u012bda ietilp\u012bba<\/strong>: Ietver <strong>2ml<\/strong> augstas kvalit\u0101tes e-liqu\u012bda, kas ir perfekti sabalans\u0113ts bag\u0101t\u012bgai gar\u0161ai un apmierino\u0161ai tvaika izdal\u012b\u0161anai.<\/li>\n<li><strong>Nikot\u012bna opcijas<\/strong>: Pieejams <strong>0%, 2% vai 5% nikot\u012bns<\/strong>, kas apmierina da\u017e\u0101das vaping preferences.<\/li>\n<li><strong>Akumulators<\/strong>: Apr\u012bkots ar <strong>500mAh akumulators<\/strong>, nodro\u0161inot visu dienu vaping bez nepiecie\u0161am\u012bbas p\u0113c uzl\u0101des.<\/li>\n<li><strong>Svars<\/strong>: \u013boti p\u0101rn\u0113s\u0101jams un viegls tikai <strong>38g<\/strong>, padarot to viegli p\u0101rn\u0113s\u0101jamu jebkur\u0101 viet\u0101, kur dodaties.<\/li>\n<\/ul>\n<\/div>\n<\/div>\n<\/div>\n<\/div>\n<\/div>\n<\/div>\n<h2><\/h2>\n<h2><strong>Popul\u0101r\u0101k\u0101 gar\u0161a Elf Box Crystal Bar 600<\/strong><strong>\u00a0<\/strong><\/h2>\n<p>ELF BOX CRYSTAL BAR ir pieejams da\u017e\u0101d\u0101s atsvaidzino\u0161\u0101s gar\u0161\u0101s, tostarp Mixed Berry, Cherry Ice un Watermelon Ice, k\u0101 ar\u012b cit\u0101s, nodro\u0161inot pat\u012bkamu gar\u0161as pieredzi.<\/p>\n<p>1.Zil\u0101 Avene<span style=\"color: #ff0000\"><strong>&gt;&gt;&gt;&gt; Karsti!<\/strong><\/span><br \/>\n2.Anan\u0101ss Citronu<br \/>\n3.Avenes Ban\u0101ns<br \/>\n4.Mint Ice<br \/>\n5.Ceri\u0146u Ziedu V\u012bnogas<br \/>\n6.Ban\u0101na Ledus<br \/>\n7.Avenes Arb\u016bza G\u0101z\u0113ts G\u0101z\u0113ts<br \/>\n8.Kivi Sk\u0101bais Pl\u016bme<br \/>\n9.Apels\u012bns V\u012bns<br \/>\n10.Persiku ledus<br \/>\n11.Cola Ice<br \/>\n12.Melle\u0146u ledus<span style=\"color: #ff0000\"><strong>&gt;&gt;&gt;&gt; Viss lab\u0101kais!<\/strong><\/span><\/p>\n<figure id=\"attachment_2507\" aria-describedby=\"caption-attachment-2507\" style=\"width: 800px\" class=\"wp-caption alignnone\"><img loading=\"lazy\" decoding=\"async\" class=\"wp-image-2507 size-full\" src=\"https:\/\/rmvapesale.com\/wp-content\/uploads\/2024\/10\/ELF-BOX-CRYSTAL-BAR-600-Puffs-Flavor.jpg\" alt=\"ELF BOX CRYSTAL BAR 600 P\u016b\u0161u Gar\u0161a\" width=\"800\" height=\"450\" srcset=\"https:\/\/rmvapesale.com\/wp-content\/uploads\/2024\/10\/ELF-BOX-CRYSTAL-BAR-600-Puffs-Flavor.jpg 800w, https:\/\/rmvapesale.com\/wp-content\/uploads\/2024\/10\/ELF-BOX-CRYSTAL-BAR-600-Puffs-Flavor-300x169.jpg 300w, https:\/\/rmvapesale.com\/wp-content\/uploads\/2024\/10\/ELF-BOX-CRYSTAL-BAR-600-Puffs-Flavor-768x432.jpg 768w, https:\/\/rmvapesale.com\/wp-content\/uploads\/2024\/10\/ELF-BOX-CRYSTAL-BAR-600-Puffs-Flavor-600x338.jpg 600w\" sizes=\"auto, (max-width: 800px) 100vw, 800px\" \/><figcaption id=\"caption-attachment-2507\" class=\"wp-caption-text\">ELF BOX CRYSTAL BAR 600 P\u016b\u0161u Gar\u0161a<\/figcaption><\/figure>\n<h3><strong>K\u0101p\u0113c izv\u0113l\u0113ties Rmvapesale ELF BOX CRYSTAL 600<\/strong><strong>?<\/strong><\/h3>\n<div class=\"flex-shrink-0 flex flex-col relative items-end\">\n<div class=\"pt-0\">\n<div class=\"gizmo-bot-avatar flex h-8 w-8 items-center justify-center overflow-hidden rounded-full\">\n<div class=\"relative p-1 rounded-sm flex items-center justify-center bg-token-main-surface-primary text-token-text-primary h-8 w-8\">\n<p>&nbsp;<\/p>\n<p>Kad izv\u0113laties Rmvapesale sav\u0101m vairumtirdzniec\u012bbas vienreiz\u0113j\u0101s lieto\u0161anas e-cigare\u0161u vajadz\u012bb\u0101m, j\u016bs ieg\u016bstat \u0161\u0101das priek\u0161roc\u012bbas:<\/p>\n<ul>\n<li><strong>Konkur\u0113tsp\u0113j\u012bga cena<\/strong>Ieg\u016bstiet pieeju pievilc\u012bg\u0101m vairumtirdzniec\u012bbas cen\u0101m, kas palielina j\u016bsu biznesa pe\u013c\u0146u.<\/li>\n<li><strong>Augsta kvalit\u0101te<\/strong>M\u016bsu vape ir izstr\u0101d\u0101tas atbilsto\u0161i augst\u0101kajiem standartiem, un <span style=\"color: #ff0000\"><strong>Garant\u0113ti 100% ori\u0123in\u0101li un autentiski, pret\u0113j\u0101 gad\u012bjum\u0101 par viltot\u0101m prec\u0113m tiks nodro\u0161in\u0101ta 10 reizes liel\u0101ka kompens\u0101cija!<\/strong><\/span><\/li>\n<li><strong>Izcils klientu serviss<\/strong>M\u016bsu \u012bpa\u0161\u0101 komanda vienm\u0113r ir gatava jums pal\u012bdz\u0113t, padarot j\u016bsu pirk\u0161anas procesu vienk\u0101r\u0161u un \u0113rtu.<\/li>\n<li><strong>\u0100tra<\/strong>: Sagaidiet \u0101tru un uzticamu pieg\u0101di, kas nodro\u0161ina, ka j\u016bsu pas\u016bt\u012bjumi vienm\u0113r tiek pieg\u0101d\u0101ti laik\u0101.<\/li>\n<\/ul>\n<\/div>\n<h3><\/h3>\n<div class=\"relative p-1 rounded-sm flex items-center justify-center bg-token-main-surface-primary text-token-text-primary h-8 w-8\">\n<h3><b>Bie\u017e\u0101k uzdotie jaut\u0101jumi<\/b><\/h3>\n<div class=\"flex-shrink-0 flex flex-col relative items-end\">\n<div>\n<div class=\"pt-0\">\n<div class=\"gizmo-bot-avatar flex h-8 w-8 items-center justify-center overflow-hidden rounded-full\">\n<div class=\"relative p-1 rounded-sm flex items-center justify-center bg-token-main-surface-primary text-token-text-primary h-8 w-8\"><\/div>\n<\/div>\n<\/div>\n<\/div>\n<\/div>\n<div class=\"group\/conversation-turn relative flex w-full min-w-0 flex-col agent-turn\">\n<div class=\"flex-col gap-1 md:gap-3\">\n<div class=\"flex max-w-full flex-col flex-grow\">\n<div class=\"min-h-8 text-message flex w-full flex-col items-end gap-2 whitespace-normal break-words [.text-message+&amp;]:mt-5\" dir=\"auto\" data-message-author-role=\"assistant\" data-message-id=\"3a019841-c00e-477f-baad-0bb23e48af2d\" data-message-model-slug=\"gpt-4o\">\n<div class=\"flex w-full flex-col gap-1 empty:hidden first:pt-[3px]\">\n<div class=\"markdown prose w-full break-words dark:prose-invert light\">\n<ul>\n<li><strong>K\u0101 lietot vienreiz\u0113jo vape pildspalvu<\/strong><br \/>\nIzmantot vienreiz\u0113jo vape pildspalvu, piem\u0113ram, CRYSTAL BAR 600, ir vienk\u0101r\u0161i. Jums nav nepiecie\u0161ams to uzl\u0101d\u0113t pirms lieto\u0161anas. Vienk\u0101r\u0161i iz\u0146emiet vape no iepakojuma un ieelpojiet caur mutei. Ier\u012bce autom\u0101tiski aktiviz\u0113sies, ieelpojot, nodro\u0161inot tvaiku.<\/li>\n<li><strong>Cik daudz nikot\u012bna ir Elf Box Crystal 600 Puffs<\/strong><br \/>\nELF CRYSTAL BAR 600 pied\u0101v\u0101 tr\u012bs nikot\u012bna l\u012bme\u0146a opcijas: 0%, 2% un 5%, \u013caujot lietot\u0101jiem izv\u0113l\u0113ties p\u0113c savas v\u0113l\u0113\u0161an\u0101s.<\/li>\n<li><strong>K\u0101 noteikt, kad vape ir tuk\u0161s<\/strong><br \/>\nJ\u016bs varat pateikt, ka j\u016bsu vienreiz\u0113j\u0101 vape ir tuk\u0161a, kad p\u0101rtraucat sa\u0146emt tvaiku, ieelpojot, vai ar\u012b gar\u0161a s\u0101k izzust. Papildus, ja tvaika ra\u017eo\u0161ana iev\u0113rojami samazin\u0101s vai ier\u012bce p\u0101rst\u0101j darboties, tas, iesp\u0113jams, noz\u012bm\u0113, ka akumulators vai e-\u0161\u0137idrums ir izsmelts.<\/li>\n<li><strong>Kur varu nopirkt Elf Box Crystal Bar 600<\/strong><br \/>\nJ\u016bs varat ieg\u0101d\u0101ties ELF BOX CRYSTAL BAR 600 no mazumtirgot\u0101jiem vai vairumtirgot\u0101jiem, kas p\u0101rdod vienreiz\u0113j\u0101s vape. P\u0101rbaudiet viet\u0113jos vape veikalus vai tie\u0161saistes veikalus, kas p\u0101rdod vaping produktus, rmvapesale ir popul\u0101rs tie\u0161saistes veikals ar karstajiem p\u0101rdo\u0161anas vape, sazinieties, lai ieg\u016btu vairumtirdzniec\u012bbas cenu.<\/li>\n<\/ul>\n<\/div>\n<\/div>\n<\/div>\n<\/div>\n<\/div>\n<\/div>\n<p>&nbsp;<\/p>\n<\/div>\n<\/div>\n<\/div>\n<\/div>\n<h3>Par s\u016bt\u012bjumu<\/h3>\n<div class=\"flex-shrink-0 flex flex-col relative items-end\">\n<div>\n<div class=\"pt-0\">\n<div class=\"gizmo-bot-avatar flex h-8 w-8 items-center justify-center overflow-hidden rounded-full\">\n<div><\/div>\n<div class=\"relative p-1 rounded-sm flex items-center justify-center bg-token-main-surface-primary text-token-text-primary h-8 w-8\"><strong>1. K\u0101das pieg\u0101des metodes tiek izmantotas?<\/strong><\/div>\n<\/div>\n<\/div>\n<\/div>\n<\/div>\n<div class=\"group\/conversation-turn relative flex w-full min-w-0 flex-col agent-turn\">\n<div class=\"flex-col gap-1 md:gap-3\">\n<div class=\"flex max-w-full flex-col flex-grow\">\n<div class=\"min-h-[20px] text-message flex w-full flex-col items-end gap-2 whitespace-normal break-words [.text-message+&amp;]:mt-5 overflow-x-auto\" dir=\"auto\" data-message-author-role=\"assistant\" data-message-id=\"22f8283b-3233-46ff-89a5-c7a41b33abda\">\n<div class=\"flex w-full flex-col gap-1 empty:hidden first:pt-[3px]\">\n<div class=\"markdown prose w-full break-words dark:prose-invert light\">\n<p>M\u0113s sadarbojamies ar UPS, DHL, FedEx, DPD un citiem vado\u0161ajiem p\u0101rvad\u0101t\u0101jiem. M\u0113s izv\u0113l\u0113simies lab\u0101ko pieg\u0101des veidu, pamatojoties uz j\u016bsu pieg\u0101des vietu, lai nodro\u0161in\u0101tu, ka j\u016bs sa\u0146emat savus produktus p\u0113c iesp\u0113jas \u0101tr\u0101k.<\/p>\n<\/div>\n<p><strong>2. Cik ilgs laiks paiet, l\u012bdz tas pien\u0101k?<\/strong><\/p>\n<p>Pieg\u0101des uz Latviju parasti ierodas 10 darba dienu laik\u0101. Pieg\u0101de uz Eiropas valst\u012bm parasti aiz\u0146em apm\u0113ram 12-15 darba dienas. M\u0113s nodro\u0161in\u0101sim re\u0101llaika atjaunin\u0101jumus par j\u016bsu pieg\u0101des statusu.<\/p>\n<\/div>\n<\/div>\n<\/div>\n<\/div>\n<\/div>\n<p>&nbsp;<\/p>\n<p>Citi popul\u0101ri vape, kas jums var\u0113tu patikt:<\/p>\n<p><a href=\"https:\/\/rmvapesale.com\/lv\/product\/randm-tornado-15000-puffs-15k-vape-recharge-fumot-original-vape-factory-price\/\"><strong>Randm Vape 15000 Puffs\u00a0 \u00a0<span style=\"color: #ff0000\">&gt;&gt;&gt;&gt; uz priek\u0161u!<\/span><\/strong><\/a><\/p>\n<p><strong><a href=\"https:\/\/rmvapesale.com\/lv\/product\/fumot-digital-box-12000-disposable-vape-pink-lemonade-flavor\/\">Fumot Digital Box 12000 vienreizlietojams tvaiks<\/a><\/strong><strong><a href=\"https:\/\/rmvapesale.com\/lv\/product\/faivono-bang-maxi-15000-puffs-disposable-vape-bulk-wholesale\/\">\u00a0<span style=\"color: #ff0000\">&gt;&gt;&gt;&gt; uz priek\u0161u!<\/span><\/a>\u00a0<\/strong><\/p>\n<p><a href=\"https:\/\/rmvapesale.com\/lv\/product\/randm-tornado-25000-puffs-disposable-vape-wholesale\/\"><strong>Fumot Vape RandM Tornado 25000 dvesmas <span style=\"color: #ff0000\">&gt;&gt;&gt;&gt; uz priek\u0161u!<\/span><\/strong><\/a><\/p>\n<p>&nbsp;<\/p>\n<p>&nbsp;<\/p>\n<p>Atrodiet vair\u0101k Vape produktu, kas jums var\u0113tu patikt:<strong><em><a href=\"https:\/\/rmvapesale.com\/lv\/shop-2\/\">iepirkties tagad &gt;&gt;&gt;<\/a><\/em><\/strong><\/p>","protected":false},"excerpt":{"rendered":"<p>Vape Elf Box Crystal Bar E-cigaretes vairumtirdzniec\u012bba<br \/>\nElf BOX Crystal CR600 Vienreiz\u0113j\u0101s lieto\u0161anas Vape vairumtirdzniec\u012bba<br \/>\nELF BOX CRYSTAL BAR 600 Puffs 0% 2% 5% Zema nikot\u012bna vienreiz\u0113j\u0101s lieto\u0161anas vape<\/p>\n<p><img loading=\"lazy\" decoding=\"async\" class=\"size-full wp-image-2375\" src=\"https:\/\/rmvapesale.com\/wp-content\/uploads\/2024\/10\/image.png\" alt=\"Lab\u0101kais vienreiz\u0113jais vape\" width=\"229\" height=\"300\" \/><\/p>\n<h3><a href=\"https:\/\/wa.me\/8617776015835\"><span style=\"color: #ff0000\"><strong>WhatsApp: +86 17776015835<\/strong><\/span><\/a><\/h3>\n<p>&nbsp;<\/p>","protected":false},"featured_media":2506,"comment_status":"open","ping_status":"closed","template":"","meta":{"_uag_custom_page_level_css":"","_lmt_disableupdate":"no","_lmt_disable":"","site-sidebar-layout":"default","site-content-layout":"content-boxed-container","ast-site-content-layout":"normal-width-container","site-content-style":"boxed","site-sidebar-style":"unboxed","ast-global-header-display":"","ast-banner-title-visibility":"","ast-main-header-display":"","ast-hfb-above-header-display":"","ast-hfb-below-header-display":"","ast-hfb-mobile-header-display":"","site-post-title":"","ast-breadcrumbs-content":"","ast-featured-img":"","footer-sml-layout":"","ast-disable-related-posts":"","theme-transparent-header-meta":"default","adv-header-id-meta":"","stick-header-meta":"","header-above-stick-meta":"","header-main-stick-meta":"","header-below-stick-meta":"","astra-migrate-meta-layouts":"set","ast-page-background-enabled":"default","ast-page-background-meta":{"desktop":{"background-color":"var(--ast-global-color-4)","background-image":"","background-repeat":"repeat","background-position":"center center","background-size":"auto","background-attachment":"scroll","background-type":"","background-media":"","overlay-type":"","overlay-color":"","overlay-opacity":"","overlay-gradient":""},"tablet":{"background-color":"","background-image":"","background-repeat":"repeat","background-position":"center center","background-size":"auto","background-attachment":"scroll","background-type":"","background-media":"","overlay-type":"","overlay-color":"","overlay-opacity":"","overlay-gradient":""},"mobile":{"background-color":"","background-image":"","background-repeat":"repeat","background-position":"center center","background-size":"auto","background-attachment":"scroll","background-type":"","background-media":"","overlay-type":"","overlay-color":"","overlay-opacity":"","overlay-gradient":""}},"ast-content-background-meta":{"desktop":{"background-color":"var(--ast-global-color-5)","background-image":"","background-repeat":"repeat","background-position":"center center","background-size":"auto","background-attachment":"scroll","background-type":"","background-media":"","overlay-type":"","overlay-color":"","overlay-opacity":"","overlay-gradient":""},"tablet":{"background-color":"var(--ast-global-color-5)","background-image":"","background-repeat":"repeat","background-position":"center center","background-size":"auto","background-attachment":"scroll","background-type":"","background-media":"","overlay-type":"","overlay-color":"","overlay-opacity":"","overlay-gradient":""},"mobile":{"background-color":"var(--ast-global-color-5)","background-image":"","background-repeat":"repeat","background-position":"center center","background-size":"auto","background-attachment":"scroll","background-type":"","background-media":"","overlay-type":"","overlay-color":"","overlay-opacity":"","overlay-gradient":""}},"_joinchat":[]},"product_brand":[],"product_cat":[15,27,25,123,30,26,28,137,136,135],"product_tag":[169,167,165,180,103,120,179],"class_list":{"0":"post-2509","1":"product","2":"type-product","3":"status-publish","4":"has-post-thumbnail","6":"product_cat-new-vape-this-week","7":"product_cat-fance-hot-sale-vape","8":"product_cat-germany-best-selling-vape","9":"product_cat-italy-wholesale-vape","10":"product_cat-minimum-order-quantity-50pcs","11":"product_cat-netherlands-hot-sale-vape","12":"product_cat-poland-hot-sale-vape","13":"product_cat-rechargeable-vapes","14":"product_cat-smart-screen-vapes","15":"product_cat-spain-best-hot-sale-vape","16":"product_tag-best-disposable-vape-2024","17":"product_tag-disposable-vape-with-screen","18":"product_tag-rechargeable-vapes","19":"product_tag-shisha-bar","20":"product_tag-shisha-hookah","21":"product_tag-vape-wholesale","22":"product_tag-vapme-shisha-hookah","23":"desktop-align-left","24":"tablet-align-left","25":"mobile-align-left","27":"first","28":"instock","29":"sale","30":"shipping-taxable","31":"purchasable","32":"product-type-simple"},"uagb_featured_image_src":{"full":["https:\/\/rmvapesale.com\/wp-content\/uploads\/2024\/10\/ELF-BOX-CRYSTAL-BAR-600-Puffs-Disposable-Vape.jpg",800,800,false],"thumbnail":["https:\/\/rmvapesale.com\/wp-content\/uploads\/2024\/10\/ELF-BOX-CRYSTAL-BAR-600-Puffs-Disposable-Vape-150x150.jpg",150,150,true],"medium":["https:\/\/rmvapesale.com\/wp-content\/uploads\/2024\/10\/ELF-BOX-CRYSTAL-BAR-600-Puffs-Disposable-Vape-300x300.jpg",300,300,true],"medium_large":["https:\/\/rmvapesale.com\/wp-content\/uploads\/2024\/10\/ELF-BOX-CRYSTAL-BAR-600-Puffs-Disposable-Vape-768x768.jpg",768,768,true],"large":["https:\/\/rmvapesale.com\/wp-content\/uploads\/2024\/10\/ELF-BOX-CRYSTAL-BAR-600-Puffs-Disposable-Vape.jpg",800,800,false],"1536x1536":["https:\/\/rmvapesale.com\/wp-content\/uploads\/2024\/10\/ELF-BOX-CRYSTAL-BAR-600-Puffs-Disposable-Vape.jpg",800,800,false],"2048x2048":["https:\/\/rmvapesale.com\/wp-content\/uploads\/2024\/10\/ELF-BOX-CRYSTAL-BAR-600-Puffs-Disposable-Vape.jpg",800,800,false],"trp-custom-language-flag":["https:\/\/rmvapesale.com\/wp-content\/uploads\/2024\/10\/ELF-BOX-CRYSTAL-BAR-600-Puffs-Disposable-Vape.jpg",12,12,false],"woocommerce_thumbnail":["https:\/\/rmvapesale.com\/wp-content\/uploads\/2024\/10\/ELF-BOX-CRYSTAL-BAR-600-Puffs-Disposable-Vape-300x300.jpg",300,300,true],"woocommerce_single":["https:\/\/rmvapesale.com\/wp-content\/uploads\/2024\/10\/ELF-BOX-CRYSTAL-BAR-600-Puffs-Disposable-Vape-600x600.jpg",600,600,true],"woocommerce_gallery_thumbnail":["https:\/\/rmvapesale.com\/wp-content\/uploads\/2024\/10\/ELF-BOX-CRYSTAL-BAR-600-Puffs-Disposable-Vape-100x100.jpg",100,100,true],"wcpr-photo-reviews":["https:\/\/rmvapesale.com\/wp-content\/uploads\/2024\/10\/ELF-BOX-CRYSTAL-BAR-600-Puffs-Disposable-Vape.jpg",500,500,false]},"uagb_author_info":{"display_name":"AMY","author_link":"https:\/\/rmvapesale.com\/lv\/author\/"},"uagb_comment_info":0,"uagb_excerpt":"Vape Elf Box Crystal Bar E-cigarette bulk Buy Elf BOX Crystal CR600 Disposable Vape Whoelsale ELF BOX CRYSTAL BAR 600 Puffs 0% 2% 5% Low Nicotine Disposable Vape WhatsApp: +86 17776015835 &nbsp;","_links":{"self":[{"href":"https:\/\/rmvapesale.com\/lv\/wp-json\/wp\/v2\/product\/2509","targetHints":{"allow":["GET"]}}],"collection":[{"href":"https:\/\/rmvapesale.com\/lv\/wp-json\/wp\/v2\/product"}],"about":[{"href":"https:\/\/rmvapesale.com\/lv\/wp-json\/wp\/v2\/types\/product"}],"replies":[{"embeddable":true,"href":"https:\/\/rmvapesale.com\/lv\/wp-json\/wp\/v2\/comments?post=2509"}],"wp:featuredmedia":[{"embeddable":true,"href":"https:\/\/rmvapesale.com\/lv\/wp-json\/wp\/v2\/media\/2506"}],"wp:attachment":[{"href":"https:\/\/rmvapesale.com\/lv\/wp-json\/wp\/v2\/media?parent=2509"}],"wp:term":[{"taxonomy":"product_brand","embeddable":true,"href":"https:\/\/rmvapesale.com\/lv\/wp-json\/wp\/v2\/product_brand?post=2509"},{"taxonomy":"product_cat","embeddable":true,"href":"https:\/\/rmvapesale.com\/lv\/wp-json\/wp\/v2\/product_cat?post=2509"},{"taxonomy":"product_tag","embeddable":true,"href":"https:\/\/rmvapesale.com\/lv\/wp-json\/wp\/v2\/product_tag?post=2509"}],"curies":[{"name":"wp","href":"https:\/\/api.w.org\/{rel}","templated":true}]}}