{"id":2532,"date":"2024-10-23T09:07:59","date_gmt":"2024-10-23T09:07:59","guid":{"rendered":"https:\/\/rmvapesale.com\/?post_type=product&#038;p=2532"},"modified":"2024-10-23T09:52:00","modified_gmt":"2024-10-23T09:52:00","slug":"fumot-randm-tornado-30000-puffs-30k-music-disposable-vape","status":"publish","type":"product","link":"https:\/\/rmvapesale.com\/lv\/product\/fumot-randm-tornado-30000-puffs-30k-music-disposable-vape\/","title":{"rendered":"Fumot RandM Tornado 30000 d\u016bmu 30K m\u016bzikas vienreiz\u0113j\u0101s lieto\u0161anas vape"},"content":{"rendered":"<div class=\"B2VR9 CJHX3e\">\n<div class=\"wyccme\">\n<h1 class=\"LC20lb MBeuO DKV0Md\">Fumot RandM Tornado 30000 d\u016bmu 30K m\u016bzikas vienreiz\u0113j\u0101s lieto\u0161anas vape<\/h1>\n<div class=\"flex-shrink-0 flex flex-col relative items-end\">\n<div class=\"pt-0\">\n<div class=\"gizmo-bot-avatar flex h-8 w-8 items-center justify-center overflow-hidden rounded-full\">\n<div class=\"relative p-1 rounded-sm flex items-center justify-center bg-token-main-surface-primary text-token-text-primary h-8 w-8\">\n<p>\u0160is <strong>Fumot RandM Tornado 30000 d\u016bmu 30K m\u016bzikas vienreiz\u0113j\u0101s lieto\u0161anas vape<\/strong> ir modern\u0101k\u0101 ier\u012bce, kas paredz\u0113ta tiem, kuri mekl\u0113 ilgsto\u0161u un dinamisku veipo\u0161anas pieredzi. Ar iespaid\u012bgu ietilp\u012bbu l\u012bdz <strong>30 000 uzp\u016btienu<\/strong>, \u0161\u012b ier\u012bce izce\u013cas tirg\u016b ar savu ilgm\u016b\u017e\u012bbu, padarot to par <strong>karstu p\u0101rdo\u0161anas veipu<\/strong> gan gad\u012bjuma, gan regul\u0101riem veipot\u0101jiem. T\u0101s 85<strong>0mAh uzl\u0101d\u0113jama baterija<\/strong> un <strong>C tipa uzl\u0101des ports<\/strong> nodro\u0161ina \u0101tru un efekt\u012bvu uzl\u0101di, \u013caujot jums veipot ilg\u0101k ar minim\u0101lu d\u012bkst\u0101vi.<\/p>\n<p>Kas at\u0161\u0137ir <strong>RandM Tornado 30000<\/strong> ir t\u0101s <strong>t\u012bkla spoles tehnolo\u0123ija<\/strong>, kas nodro\u0161ina izcilu <strong>gar\u0161u un tvaika veido\u0161anos<\/strong>, garant\u0113jot, ka katrs dvesms ir bag\u0101t\u012bgs un apmierino\u0161s. Turkl\u0101t ier\u012bce pied\u0101v\u0101 jautru un interakt\u012bvu funkciju ar <strong>m\u016bzikas sinhroniz\u0101ciju<\/strong>, kur\u0101 <strong>RGB gaismas mirgo j\u016bsu iecien\u012bt\u0101ko melodiju ritm\u0101<\/strong>, radot ieskaujo\u0161u sm\u0113\u0137\u0113\u0161anas pieredzi, kas ir lieliski piem\u0113rota ball\u012bt\u0113m vai person\u012bgai baud\u012b\u0161anai.<\/p>\n<p>Pieejams k\u0101 <strong>vienreiz\u0113j\u0101s lieto\u0161anas e-cigarete ar zemu nikot\u012bna saturu<\/strong> varianti, kur <strong>Fumot Tornado 30000<\/strong> atbilst da\u017e\u0101d\u0101m v\u0113lm\u0113m, tostarp tiem, kas mekl\u0113 <strong>atk\u0101rtoti uzl\u0101d\u0113jamas e-cigaretes<\/strong> ar maz\u0101ku nikot\u012bna saturu. Ar savu augsto dvesmu skaitu, m\u016bzikas integr\u0101ciju un \u0113rtu uzl\u0101di, <strong>Fumot Tornado 30K Music vienreizlietojam\u0101 e-cigarete<\/strong> ir izcils tirg\u016b, padarot to par lab\u0101ko izv\u0113li vaperiem <strong>Latvij\u0101, V\u0101cij\u0101, N\u012bderland\u0113, Francij\u0101, It\u0101lij\u0101, Sp\u0101nij\u0101, \u0160veic\u0113, Zviedrij\u0101, Polij\u0101, utt.<\/strong><\/p>\n<p>Lieliski piem\u0113rots tiem, kas v\u0113las <strong>ieg\u0101d\u0101ties Fumot vape 30000 dvesmu e-cigaretes<\/strong>, \u0161\u012b ier\u012bce pied\u0101v\u0101 inov\u0101cijas, gar\u0161u un jautr\u012bbu vien\u0101 kompakt\u0101 iepakojum\u0101.<\/p>\n<\/div>\n<\/div>\n<\/div>\n<\/div>\n<\/div>\n<\/div>\n<p><strong>Sazinieties ar Eimiju, lai ieg\u016btu pareizo atbildi un veipu kuponu!<\/strong><\/p>\n<p><img loading=\"lazy\" decoding=\"async\" class=\"size-full wp-image-1978\" src=\"https:\/\/rmvapesale.com\/wp-content\/uploads\/2024\/09\/Disposable-Vape-Wholesale.jpg\" alt=\"Vienreiz\u0113jais vape vairumtirdzniec\u012bba\" width=\"229\" height=\"300\" \/><\/p>\n<h3><a href=\"https:\/\/wa.me\/8617776015835\" target=\"_blank\" rel=\"noopener\"><span style=\"color: #ff0000\"><strong>WhatsApp: +86 17776015835<\/strong><\/span><\/a><\/h3>\n<p>&nbsp;<\/p>\n<h2><\/h2>\n<h2><strong>Fumot Tornado 30000 vienreizlietojam\u0101 e-cigarete<\/strong><strong>\u00a0<\/strong><strong>Galven\u0101s iez\u012bmes<\/strong><\/h2>\n<p>Z\u012bmols: RandM TORNADO 30000<br \/>\nE-\u0161\u0137idrums: 25ml<br \/>\nDvesmas: 30000<br \/>\nSpole: T\u012bkla spole<br \/>\nAkumulators: 850mAh<br \/>\nPorts: C-veida<br \/>\nNikot\u012bns (s\u0101ls saturs): Pieejams 0% 2% 3% 5%<br \/>\nGar\u0161as: Pieejamas 30 da\u017e\u0101das gar\u0161as<br \/>\nCits: LED displejs dejo ar m\u016bziku<\/p>\n<figure id=\"attachment_2526\" aria-describedby=\"caption-attachment-2526\" style=\"width: 808px\" class=\"wp-caption alignnone\"><img loading=\"lazy\" decoding=\"async\" class=\"wp-image-2526 size-full\" src=\"https:\/\/rmvapesale.com\/wp-content\/uploads\/2024\/10\/Fumot-RandM-Tornado-30000-Puffs-Vape.jpg\" alt=\"Fumot RandM Tornado 30000 Dvesmu Vape\" width=\"808\" height=\"808\" srcset=\"https:\/\/rmvapesale.com\/wp-content\/uploads\/2024\/10\/Fumot-RandM-Tornado-30000-Puffs-Vape.jpg 808w, https:\/\/rmvapesale.com\/wp-content\/uploads\/2024\/10\/Fumot-RandM-Tornado-30000-Puffs-Vape-300x300.jpg 300w, https:\/\/rmvapesale.com\/wp-content\/uploads\/2024\/10\/Fumot-RandM-Tornado-30000-Puffs-Vape-150x150.jpg 150w, https:\/\/rmvapesale.com\/wp-content\/uploads\/2024\/10\/Fumot-RandM-Tornado-30000-Puffs-Vape-768x768.jpg 768w, https:\/\/rmvapesale.com\/wp-content\/uploads\/2024\/10\/Fumot-RandM-Tornado-30000-Puffs-Vape-600x600.jpg 600w, https:\/\/rmvapesale.com\/wp-content\/uploads\/2024\/10\/Fumot-RandM-Tornado-30000-Puffs-Vape-100x100.jpg 100w\" sizes=\"auto, (max-width: 808px) 100vw, 808px\" \/><figcaption id=\"caption-attachment-2526\" class=\"wp-caption-text\">Fumot RandM Tornado 30000 Dvesmu Vape<\/figcaption><\/figure>\n<h2><strong>Popul\u0101r\u0101k\u0101 gar\u0161a Fumot RandM Tornado 30000<\/strong><\/h2>\n<p>\u0160is Randm Tornado 30000 vienreizlietojamais tvaic\u0113t\u0101js ir izstr\u0101d\u0101ts, lai ar katru dvesmu sniegtu aug\u013cu saldumu, tostarp asu citrusu, sul\u012bgu ogu un tropisku noti<\/p>\n<p>1. Ban\u0101nu ledus<br \/>\n2. Melnais ledus<br \/>\n3. Zilais Razz ledus<br \/>\n4. Melle\u0146u uz ledus<br \/>\n5. Melle\u0146u un ave\u0146u<span style=\"color: #ff0000\"><strong>&gt;&gt;&gt;&gt; Karsti!<\/strong><\/span><br \/>\n6. Melle\u0146u sk\u0101b\u0101 avenes <span style=\"color: #ff0000\"><strong>&gt;&gt;&gt;&gt; Karsti!<\/strong><\/span><br \/>\n7. \u0136ir\u0161u ledus<br \/>\n8. \u0136ir\u0161u kola<br \/>\n9. Kolas ledus<br \/>\n10. V\u0113s\u0101 piparm\u0113tra<br \/>\n11. Dubultais \u0101bols<br \/>\n12. Dr. Zilais <span style=\"color: #ff0000\"><strong>&gt;&gt;&gt;&gt; Viss lab\u0101kais!<\/strong><\/span><br \/>\n13. V\u012bnogu ledus<br \/>\n14. Ledus pop<br \/>\n15. Kivi marakujas gvajava<br \/>\n16. M\u012blest\u012bba 66<br \/>\n17. Sul\u012bgs ledus<br \/>\n18. Jauktas ogas<br \/>\nPersiku oga<br \/>\n20. Persiku ledus<br \/>\nPersiku, mango un anan\u0101su<br \/>\n22. Anan\u0101su ledus<br \/>\n23. Roz\u0101 limon\u0101de<br \/>\n24. Skittles<br \/>\nZeme\u0146u-ban\u0101nu<br \/>\nZemenes V\u012bnogas<br \/>\nZeme\u0146u sald\u0113jums<br \/>\nZeme\u0146u un arb\u016bzu gar\u0161a<br \/>\nTr\u012bsk\u0101r\u0161s mango<br \/>\nVimto<span style=\"color: #ff0000\"><strong>&gt;&gt;&gt;&gt; Karsti!<\/strong><\/span><\/p>\n<p>&nbsp;<\/p>\n<p>&nbsp;<\/p>\n<h3><strong>K\u0101p\u0113c izv\u0113l\u0113ties Rmvapesale par RandM Tornado 30000<\/strong><strong>?<\/strong><\/h3>\n<div class=\"flex-shrink-0 flex flex-col relative items-end\">\n<div class=\"pt-0\">\n<div class=\"gizmo-bot-avatar flex h-8 w-8 items-center justify-center overflow-hidden rounded-full\">\n<div class=\"relative p-1 rounded-sm flex items-center justify-center bg-token-main-surface-primary text-token-text-primary h-8 w-8\">\n<p>&nbsp;<\/p>\n<p>Kad izv\u0113laties Rmvapesale sav\u0101m vairumtirdzniec\u012bbas vienreiz\u0113j\u0101s lieto\u0161anas e-cigare\u0161u vajadz\u012bb\u0101m, j\u016bs ieg\u016bstat \u0161\u0101das priek\u0161roc\u012bbas:<\/p>\n<ul>\n<li><strong>Konkur\u0113tsp\u0113j\u012bga cena<\/strong>Ieg\u016bstiet pieeju pievilc\u012bg\u0101m vairumtirdzniec\u012bbas cen\u0101m, kas palielina j\u016bsu biznesa pe\u013c\u0146u.<\/li>\n<li><strong>Augsta kvalit\u0101te<\/strong>M\u016bsu vape ir izstr\u0101d\u0101tas atbilsto\u0161i augst\u0101kajiem standartiem, un <span style=\"color: #ff0000\"><strong>Garant\u0113ti 100% ori\u0123in\u0101li un autentiski, pret\u0113j\u0101 gad\u012bjum\u0101 par viltot\u0101m prec\u0113m tiks nodro\u0161in\u0101ta 10 reizes liel\u0101ka kompens\u0101cija!<\/strong><\/span><\/li>\n<li><strong>Izcils klientu serviss<\/strong>M\u016bsu \u012bpa\u0161\u0101 komanda vienm\u0113r ir gatava jums pal\u012bdz\u0113t, padarot j\u016bsu pirk\u0161anas procesu vienk\u0101r\u0161u un \u0113rtu.<\/li>\n<li><strong>\u0100tra<\/strong>: Sagaidiet \u0101tru un uzticamu pieg\u0101di, kas nodro\u0161ina, ka j\u016bsu pas\u016bt\u012bjumi vienm\u0113r tiek pieg\u0101d\u0101ti laik\u0101.<\/li>\n<\/ul>\n<\/div>\n<h3><\/h3>\n<div class=\"relative p-1 rounded-sm flex items-center justify-center bg-token-main-surface-primary text-token-text-primary h-8 w-8\">\n<h3><b>Bie\u017e\u0101k uzdotie jaut\u0101jumi<\/b><\/h3>\n<p>&nbsp;<\/p>\n<ul>\n<li><strong>K\u0101 lietot Fumot 30k vienreizlietojamo vape pildspalvu?<\/strong><br \/>\nLai lietotu Fumot RandM Tornado 30000 Puffs vienreizlietojamo vape, vienk\u0101r\u0161i iz\u0146emiet ier\u012bci no iepakojuma, ieelpojiet caur iemuti, un t\u0101 autom\u0101tiski aktiviz\u0113sies. Izbaudiet bag\u0101t\u012bgo tvaiku, ko rada t\u0101s sieta spoles tehnolo\u0123ija. Ier\u012bcei ir ar\u012b RGB gaismas, kas sinhroniz\u0113jas ar m\u016bziku, uzlabojot tvaic\u0113\u0161anas pieredzi.<\/li>\n<li><strong>K\u0101 uzl\u0101d\u0113t Fumot RandM Tornado 30000 Puffs vienreizlietojamo vape<\/strong><br \/>\nFumot RandM Tornado 30000 ir uzl\u0101d\u0113jams. Tam ir 850 mAh akumulators un C tipa uzl\u0101des ports. Lai uzl\u0101d\u0113tu ier\u012bci, pievienojiet to str\u0101vas avotam, izmantojot C tipa kabeli, un akumulators uzl\u0101d\u0113sies \u0101tri un efekt\u012bvi.<\/li>\n<li><strong>Cik daudz nikot\u012bna ir Fumot Vape RandM Tornado 30000<\/strong><br \/>\nFumot RandM Tornado 30000 ir pieejams ar zemu nikot\u012bna saturu vienreizlietojam\u0101s vape ier\u012bc\u0113s: 0%, 2%, 5%.<\/li>\n<li><strong>K\u0101 noteikt, kad vape ir tuk\u0161s<\/strong><br \/>\nFumot RandM Tornado 30000 nav ekr\u0101na, kas r\u0101da e-\u0161\u0137idruma l\u012bmeni, ta\u010du j\u016bs varat noteikt, ka tas ir tuk\u0161s, samazinoties gar\u0161ai un tvaika ra\u017eo\u0161anai. Kad tvaiks k\u013c\u016bst v\u0101j\u0161 vai gar\u0161a izz\u016bd, tas, visticam\u0101k, noz\u012bm\u0113, ka e-\u0161\u0137idrums beidzas, pat ja akumulators joproj\u0101m ir uzl\u0101d\u0113ts.<\/li>\n<li><strong>Cik ilgi man j\u0101l\u0101d\u0113 savs RandM Tornado 30000?<\/strong><br \/>\nPrec\u012bzs uzl\u0101des laiks ir atkar\u012bgs no str\u0101vas avota, ta\u010du ar savu C tipa uzl\u0101des iesp\u0113ju Fumot RandM Tornado 30000 vajadz\u0113tu uzl\u0101d\u0113t sal\u012bdzino\u0161i \u0101tri. Vislab\u0101k ir atsaukties uz uzl\u0101des indikatoru (ja t\u0101ds ir) vai uzraudz\u012bt ier\u012bci uzl\u0101des laik\u0101, lai izvair\u012btos no p\u0101rl\u0101d\u0113\u0161anas.<\/li>\n<li><strong>Kur es varu ieg\u0101d\u0101ties Fumot RandM Tornado 30000 vienreizlietojamo vape<\/strong><br \/>\nFumot RandM Tornado 30000 Puffs vienreizlietojamo vape var ieg\u0101d\u0101ties mazumtirgot\u0101ji un tie\u0161saistes vape veikali, kas pied\u0101v\u0101 augst\u0101k\u0101s kvalit\u0101tes vienreizlietojamos vape.<\/li>\n<\/ul>\n<\/div>\n<\/div>\n<\/div>\n<\/div>\n<h3>Par s\u016bt\u012bjumu<\/h3>\n<div class=\"flex-shrink-0 flex flex-col relative items-end\">\n<div>\n<div class=\"pt-0\">\n<div class=\"gizmo-bot-avatar flex h-8 w-8 items-center justify-center overflow-hidden rounded-full\">\n<div><\/div>\n<div class=\"relative p-1 rounded-sm flex items-center justify-center bg-token-main-surface-primary text-token-text-primary h-8 w-8\"><strong>1. K\u0101das pieg\u0101des metodes tiek izmantotas?<\/strong><\/div>\n<\/div>\n<\/div>\n<\/div>\n<\/div>\n<div class=\"group\/conversation-turn relative flex w-full min-w-0 flex-col agent-turn\">\n<div class=\"flex-col gap-1 md:gap-3\">\n<div class=\"flex max-w-full flex-col flex-grow\">\n<div class=\"min-h-[20px] text-message flex w-full flex-col items-end gap-2 whitespace-normal break-words [.text-message+&amp;]:mt-5 overflow-x-auto\" dir=\"auto\" data-message-author-role=\"assistant\" data-message-id=\"22f8283b-3233-46ff-89a5-c7a41b33abda\">\n<div class=\"flex w-full flex-col gap-1 empty:hidden first:pt-[3px]\">\n<div class=\"markdown prose w-full break-words dark:prose-invert light\">\n<p>M\u0113s sadarbojamies ar UPS, DHL, FedEx, DPD un citiem vado\u0161ajiem p\u0101rvad\u0101t\u0101jiem. M\u0113s izv\u0113l\u0113simies lab\u0101ko pieg\u0101des veidu, pamatojoties uz j\u016bsu pieg\u0101des vietu, lai nodro\u0161in\u0101tu, ka j\u016bs sa\u0146emat savus produktus p\u0113c iesp\u0113jas \u0101tr\u0101k.<\/p>\n<\/div>\n<p><strong>2. Cik ilgs laiks paiet, l\u012bdz tas pien\u0101k?<\/strong><\/p>\n<p>Pieg\u0101des uz Latviju parasti ierodas 10 darba dienu laik\u0101. Pieg\u0101de uz Eiropas valst\u012bm parasti aiz\u0146em apm\u0113ram 12-15 darba dienas. M\u0113s nodro\u0161in\u0101sim re\u0101llaika atjaunin\u0101jumus par j\u016bsu pieg\u0101des statusu.<\/p>\n<\/div>\n<\/div>\n<\/div>\n<\/div>\n<\/div>\n<p>&nbsp;<\/p>\n<p>Citi popul\u0101ri vape, kas jums var\u0113tu patikt:<\/p>\n<p><a href=\"https:\/\/rmvapesale.com\/lv\/product\/randm-tornado-15000-puffs-15k-vape-recharge-fumot-original-vape-factory-price\/\"><strong>Randm Vape 15000 Puffs\u00a0 \u00a0<span style=\"color: #ff0000\">&gt;&gt;&gt;&gt; uz priek\u0161u!<\/span><\/strong><\/a><\/p>\n<p><strong><a href=\"https:\/\/rmvapesale.com\/lv\/product\/aivono-22000-rechargeable-vapes-with-display-screen\/\">Aivono Aim Fatpro 22000 Puffs <span style=\"color: #ff0000\">&gt;&gt;&gt;&gt; uz priek\u0161u!<\/span><\/a>\u00a0<\/strong><\/p>\n<p><a href=\"https:\/\/rmvapesale.com\/lv\/product\/original-randm-vape-digital-puff-12000-fumot-factory-price\/\"><strong>Fumot Vape 12000 Puffs <span style=\"color: #ff0000\">&gt;&gt;&gt;&gt; uz priek\u0161u!<\/span><\/strong><\/a><\/p>\n<p>&nbsp;<\/p>\n<p>&nbsp;<\/p>\n<p>Atrodiet vair\u0101k Vape produktu, kas jums var\u0113tu patikt:<strong><em><a href=\"https:\/\/rmvapesale.com\/lv\/shop-2\/\">iepirkties tagad &gt;&gt;&gt;<\/a><\/em><\/strong><\/p>","protected":false},"excerpt":{"rendered":"<p>Fumot RandM Tornado 30000 Puffs Vienreiz\u0113j\u0101s lieto\u0161anas Veips Vairumtirdzniec\u012bba<br \/>\nRandM Tornado 30000 m\u016bzikas 30k Uzl\u0101d\u0113jams Veips Aromatiz\u0113t\u0101js<br \/>\nRandm Fumot Tornado 30000 Puffs M\u016bzika 0% 2% 5%<\/p>\n<p><img loading=\"lazy\" decoding=\"async\" class=\"size-full wp-image-2375\" src=\"https:\/\/rmvapesale.com\/wp-content\/uploads\/2024\/10\/image.png\" alt=\"Lab\u0101kais vienreiz\u0113jais vape\" width=\"229\" height=\"300\" \/><\/p>\n<h3><a href=\"https:\/\/wa.me\/8617776015835\"><span style=\"color: #ff0000\"><strong>WhatsApp: +86 17776015835<\/strong><\/span><\/a><\/h3>\n<p>&nbsp;<\/p>","protected":false},"featured_media":2531,"comment_status":"open","ping_status":"closed","template":"","meta":{"_uag_custom_page_level_css":"","_lmt_disableupdate":"no","_lmt_disable":"","site-sidebar-layout":"default","site-content-layout":"content-boxed-container","ast-site-content-layout":"normal-width-container","site-content-style":"boxed","site-sidebar-style":"unboxed","ast-global-header-display":"","ast-banner-title-visibility":"","ast-main-header-display":"","ast-hfb-above-header-display":"","ast-hfb-below-header-display":"","ast-hfb-mobile-header-display":"","site-post-title":"","ast-breadcrumbs-content":"","ast-featured-img":"","footer-sml-layout":"","ast-disable-related-posts":"","theme-transparent-header-meta":"default","adv-header-id-meta":"","stick-header-meta":"","header-above-stick-meta":"","header-main-stick-meta":"","header-below-stick-meta":"","astra-migrate-meta-layouts":"set","ast-page-background-enabled":"default","ast-page-background-meta":{"desktop":{"background-color":"var(--ast-global-color-4)","background-image":"","background-repeat":"repeat","background-position":"center center","background-size":"auto","background-attachment":"scroll","background-type":"","background-media":"","overlay-type":"","overlay-color":"","overlay-opacity":"","overlay-gradient":""},"tablet":{"background-color":"","background-image":"","background-repeat":"repeat","background-position":"center center","background-size":"auto","background-attachment":"scroll","background-type":"","background-media":"","overlay-type":"","overlay-color":"","overlay-opacity":"","overlay-gradient":""},"mobile":{"background-color":"","background-image":"","background-repeat":"repeat","background-position":"center center","background-size":"auto","background-attachment":"scroll","background-type":"","background-media":"","overlay-type":"","overlay-color":"","overlay-opacity":"","overlay-gradient":""}},"ast-content-background-meta":{"desktop":{"background-color":"var(--ast-global-color-5)","background-image":"","background-repeat":"repeat","background-position":"center center","background-size":"auto","background-attachment":"scroll","background-type":"","background-media":"","overlay-type":"","overlay-color":"","overlay-opacity":"","overlay-gradient":""},"tablet":{"background-color":"var(--ast-global-color-5)","background-image":"","background-repeat":"repeat","background-position":"center center","background-size":"auto","background-attachment":"scroll","background-type":"","background-media":"","overlay-type":"","overlay-color":"","overlay-opacity":"","overlay-gradient":""},"mobile":{"background-color":"var(--ast-global-color-5)","background-image":"","background-repeat":"repeat","background-position":"center center","background-size":"auto","background-attachment":"scroll","background-type":"","background-media":"","overlay-type":"","overlay-color":"","overlay-opacity":"","overlay-gradient":""}},"_joinchat":[]},"product_brand":[],"product_cat":[15,27,51,25,123,30,26,28,31,137,136,135],"product_tag":[146,155,186,38,165,166,120],"class_list":{"0":"post-2532","1":"product","2":"type-product","3":"status-publish","4":"has-post-thumbnail","6":"product_cat-new-vape-this-week","7":"product_cat-fance-hot-sale-vape","8":"product_cat-fumot-vape","9":"product_cat-germany-best-selling-vape","10":"product_cat-italy-wholesale-vape","11":"product_cat-minimum-order-quantity-50pcs","12":"product_cat-netherlands-hot-sale-vape","13":"product_cat-poland-hot-sale-vape","14":"product_cat-randm-fumot-vape","15":"product_cat-rechargeable-vapes","16":"product_cat-smart-screen-vapes","17":"product_cat-spain-best-hot-sale-vape","18":"product_tag-best-hot-sale-vape","19":"product_tag-digital-display-box","20":"product_tag-fumot-30k","21":"product_tag-randm-vape","22":"product_tag-rechargeable-vapes","23":"product_tag-tornado-vape","24":"product_tag-vape-wholesale","25":"desktop-align-left","26":"tablet-align-left","27":"mobile-align-left","29":"first","30":"instock","31":"sale","32":"shipping-taxable","33":"purchasable","34":"product-type-simple"},"uagb_featured_image_src":{"full":["https:\/\/rmvapesale.com\/wp-content\/uploads\/2024\/10\/RandM-Tornado-30000-Puffs-Vape.jpg",808,808,false],"thumbnail":["https:\/\/rmvapesale.com\/wp-content\/uploads\/2024\/10\/RandM-Tornado-30000-Puffs-Vape-150x150.jpg",150,150,true],"medium":["https:\/\/rmvapesale.com\/wp-content\/uploads\/2024\/10\/RandM-Tornado-30000-Puffs-Vape-300x300.jpg",300,300,true],"medium_large":["https:\/\/rmvapesale.com\/wp-content\/uploads\/2024\/10\/RandM-Tornado-30000-Puffs-Vape-768x768.jpg",768,768,true],"large":["https:\/\/rmvapesale.com\/wp-content\/uploads\/2024\/10\/RandM-Tornado-30000-Puffs-Vape.jpg",808,808,false],"1536x1536":["https:\/\/rmvapesale.com\/wp-content\/uploads\/2024\/10\/RandM-Tornado-30000-Puffs-Vape.jpg",808,808,false],"2048x2048":["https:\/\/rmvapesale.com\/wp-content\/uploads\/2024\/10\/RandM-Tornado-30000-Puffs-Vape.jpg",808,808,false],"trp-custom-language-flag":["https:\/\/rmvapesale.com\/wp-content\/uploads\/2024\/10\/RandM-Tornado-30000-Puffs-Vape.jpg",12,12,false],"woocommerce_thumbnail":["https:\/\/rmvapesale.com\/wp-content\/uploads\/2024\/10\/RandM-Tornado-30000-Puffs-Vape-300x300.jpg",300,300,true],"woocommerce_single":["https:\/\/rmvapesale.com\/wp-content\/uploads\/2024\/10\/RandM-Tornado-30000-Puffs-Vape-600x600.jpg",600,600,true],"woocommerce_gallery_thumbnail":["https:\/\/rmvapesale.com\/wp-content\/uploads\/2024\/10\/RandM-Tornado-30000-Puffs-Vape-100x100.jpg",100,100,true],"wcpr-photo-reviews":["https:\/\/rmvapesale.com\/wp-content\/uploads\/2024\/10\/RandM-Tornado-30000-Puffs-Vape.jpg",500,500,false]},"uagb_author_info":{"display_name":"AMY","author_link":"https:\/\/rmvapesale.com\/lv\/author\/"},"uagb_comment_info":0,"uagb_excerpt":"Fumot RandM Tornado 30000 Puffs Disposable Vape Wholesale RandM Tornado 30000 music 30k Rechargeable Vape Flavor Randm Fumot Tornado 30000 Puffs Music 0% 2% 5% WhatsApp: +86 17776015835 &nbsp;","_links":{"self":[{"href":"https:\/\/rmvapesale.com\/lv\/wp-json\/wp\/v2\/product\/2532","targetHints":{"allow":["GET"]}}],"collection":[{"href":"https:\/\/rmvapesale.com\/lv\/wp-json\/wp\/v2\/product"}],"about":[{"href":"https:\/\/rmvapesale.com\/lv\/wp-json\/wp\/v2\/types\/product"}],"replies":[{"embeddable":true,"href":"https:\/\/rmvapesale.com\/lv\/wp-json\/wp\/v2\/comments?post=2532"}],"wp:featuredmedia":[{"embeddable":true,"href":"https:\/\/rmvapesale.com\/lv\/wp-json\/wp\/v2\/media\/2531"}],"wp:attachment":[{"href":"https:\/\/rmvapesale.com\/lv\/wp-json\/wp\/v2\/media?parent=2532"}],"wp:term":[{"taxonomy":"product_brand","embeddable":true,"href":"https:\/\/rmvapesale.com\/lv\/wp-json\/wp\/v2\/product_brand?post=2532"},{"taxonomy":"product_cat","embeddable":true,"href":"https:\/\/rmvapesale.com\/lv\/wp-json\/wp\/v2\/product_cat?post=2532"},{"taxonomy":"product_tag","embeddable":true,"href":"https:\/\/rmvapesale.com\/lv\/wp-json\/wp\/v2\/product_tag?post=2532"}],"curies":[{"name":"wp","href":"https:\/\/api.w.org\/{rel}","templated":true}]}}