{"id":2540,"date":"2024-10-24T09:31:28","date_gmt":"2024-10-24T09:31:28","guid":{"rendered":"https:\/\/rmvapesale.com\/?post_type=product&#038;p=2540"},"modified":"2024-10-24T09:55:38","modified_gmt":"2024-10-24T09:55:38","slug":"vapme-crystal-20000-puffs-20k-double-flavor-rechargeable-vapes","status":"publish","type":"product","link":"https:\/\/rmvapesale.com\/lv\/product\/vapme-crystal-20000-puffs-20k-double-flavor-rechargeable-vapes\/","title":{"rendered":"Vapme Crystal 20000 dvesmas 20K dubult\u0101 gar\u0161a uzl\u0101d\u0113jamie veipi"},"content":{"rendered":"<div class=\"B2VR9 CJHX3e\">\n<div class=\"wyccme\">\n<h1 class=\"LC20lb MBeuO DKV0Md\">Vapme Crystal 20000 dvesmas 20K dubult\u0101 gar\u0161a uzl\u0101d\u0113jamie veipi vairumtirdzniec\u012bba<\/h1>\n<div class=\"flex-shrink-0 flex flex-col relative items-end\">\n<div class=\"pt-0\">\n<div class=\"gizmo-bot-avatar flex h-8 w-8 items-center justify-center overflow-hidden rounded-full\">\n<div class=\"relative p-1 rounded-sm flex items-center justify-center bg-token-main-surface-primary text-token-text-primary h-8 w-8\">\n<p>\u0160is <strong>Vapme Crystal 20000 dvesmas 20K uzl\u0101d\u0113jams vienreizlietojamais veips<\/strong> ir sp\u0113les main\u012bt\u0101js veipo\u0161anas nozar\u0113, pied\u0101v\u0101jot lielas ietilp\u012bbas ier\u012bci, kas paredz\u0113ta gan ikdienas, gan bie\u017eiem veipot\u0101jiem. Ar milz\u012bg\u0101m <strong>20 000 dvesm\u0101m<\/strong>, \u0161is <strong>vienreiz\u0113j\u0101s lieto\u0161anas e-cigarete<\/strong> nodro\u0161ina ilgsto\u0161u baud\u012bjumu bez past\u0101v\u012bgas uzpildes gr\u016bt\u012bb\u0101m, padarot to par vienu no <strong>lab\u0101kajiem vienreizlietojamajiem veipiem 2024. gad\u0101<\/strong>. <strong>20 ml e-\u0161\u0137idruma ietilp\u012bba<\/strong> \u013cauj lietot\u0101jiem ilg\u0101ku laiku baud\u012bt savas iecien\u012bt\u0101k\u0101s gar\u0161as, ko darbina <strong>700 mAh uzl\u0101d\u0113jams akumulators<\/strong> nep\u0101rtraukt\u0101m veipo\u0161anas sesij\u0101m.<\/p>\n<p>Viena no izcilaj\u0101m funkcij\u0101m <strong>Vapme Crystal 20000<\/strong> ir t\u0101s <strong>Dubult\u0101 gar\u0161a<\/strong> funkcionalit\u0101ti, kas lietot\u0101jiem \u013cauj p\u0101rsl\u0113gties starp div\u0101m at\u0161\u0137ir\u012bg\u0101m gar\u0161\u0101m, nodro\u0161inot daudzpus\u012bbu un unik\u0101lu tvaic\u0113\u0161anas pieredzi. Prec\u012bzi izstr\u0101d\u0101t\u0101 <strong>prec\u012bzi izstr\u0101d\u0101ta t\u012bkla spole<\/strong> nodro\u0161ina vienm\u0113r\u012bgu, konsekventu tvaika ra\u017eo\u0161anu, nodro\u0161inot, ka katrs dvesms ir bag\u0101ts ar gar\u0161u.<\/p>\n<p>Papildu \u0113rt\u012bbai \u0161is <strong>20000 dvesmu tvaiks<\/strong> ir apr\u012bkots ar <strong>C tipa uzl\u0101des ports<\/strong>, kas nodro\u0161ina \u0101tru un vieglu uzl\u0101di, padarot to par lab\u0101ko izv\u0113li tvaic\u0113t\u0101jiem, kas atrodas ce\u013c\u0101. Neatkar\u012bgi no t\u0101, vai j\u016bs veidojat kr\u0101jumus savam <strong>vape veikalam<\/strong>, p\u0113rkat <strong>vairumtirdzniec\u012bbas veipu<\/strong>, vai v\u0113laties <strong>pirkt e-cigaretes tie\u0161saist\u0113<\/strong>, tad <strong>Vapme Crystal 20K<\/strong> ir augst\u0101k\u0101s klases izv\u0113le gan mazumtirgot\u0101jiem, gan individu\u0101liem pat\u0113r\u0113t\u0101jiem.<\/p>\n<p>Lieliski piem\u0113rota tiem, kas mekl\u0113 augstas kvalit\u0101tes <strong>atk\u0101rtoti uzl\u0101d\u0113jamas e-cigaretes<\/strong> or <strong>kastes tvaikus<\/strong>, \u0161\u012b ier\u012bce pied\u0101v\u0101 izcilu veiktsp\u0113ju un \u0113rt\u012bbas, padarot to par oblig\u0101tu jebkur\u0101 <strong>vape b\u0101r\u0101<\/strong> vai kolekcij\u0101. Izmantojiet maksim\u0101li savu tvaic\u0113\u0161anas pieredzi ar <strong>Vapme Crystal 20000 dvesmas<\/strong>\u2014daudzpus\u012bga un uzticama iesp\u0113ja <strong>vienreiz\u0113j\u0101s lieto\u0161anas e-cigarete<\/strong> tirg\u016b.<\/p>\n<\/div>\n<\/div>\n<\/div>\n<\/div>\n<\/div>\n<\/div>\n<p><strong>Sazinieties ar Eimiju, lai ieg\u016btu pareizo atbildi un veipu kuponu!<\/strong><\/p>\n<p><img loading=\"lazy\" decoding=\"async\" class=\"size-full wp-image-1978\" src=\"https:\/\/rmvapesale.com\/wp-content\/uploads\/2024\/09\/Disposable-Vape-Wholesale.jpg\" alt=\"Vienreiz\u0113jais vape vairumtirdzniec\u012bba\" width=\"229\" height=\"300\" \/><\/p>\n<h3><a href=\"https:\/\/wa.me\/8617776015835\" target=\"_blank\" rel=\"noopener\"><span style=\"color: #ff0000\"><strong>WhatsApp: +86 17776015835<\/strong><\/span><\/a><\/h3>\n<p>&nbsp;<\/p>\n<h2><\/h2>\n<h2><strong>Vapme Crystal 20000 Puffs vienreizlietojamais<\/strong><strong>\u00a0<\/strong><strong>Galven\u0101s iez\u012bmes<\/strong><\/h2>\n<p>10+10 GAR\u0160AS<br \/>\nBaterija: 700mah type-c ports<br \/>\nIetilp\u012bba: 20ml vape sula<br \/>\nSpole: 1.0 omu t\u012bkla spole<br \/>\nDvesmas: 20000+ dvesmas<br \/>\n160 gab.\/kaste<br \/>\n20.8kg\/kaste<br \/>\nNikot\u012bns: 2%<br \/>\n2-vien\u0101 gar\u0161u ier\u012bce<\/p>\n<h2><strong>Lab\u0101k\u0101 gar\u0161a Vapme Crystal 20000 Puffs<\/strong><\/h2>\n<p>Pieejams da\u017e\u0101d\u0101s gar\u0161\u0101s, tostarp Melle\u0146u Avenes<\/p>\n<p>1 Melle\u0146u Avenes + Arb\u016bzu ledus <span style=\"color: #ff0000\"><strong>&gt;&gt;&gt;&gt; Karsti!<\/strong><\/span><br \/>\n2 Zeme\u0146u Arb\u016bzu + Pasifloras melo\u0146u ledus<br \/>\n3 \u0136ir\u0161u ledus + Ave\u0146u limon\u0101de<br \/>\n4 V\u012bnogu ledus + Zeme\u0146u kivi<br \/>\n5 Zeme\u0146u ban\u0101ns + Dubultais \u0101bols <span style=\"color: #ff0000\"><strong>&gt;&gt;&gt;&gt; Karsti!<\/strong><\/span><br \/>\n6 Jaukto ogu ledus + Persiku mango anan\u0101ss<br \/>\n7 Zeme\u0146u ledus + Arb\u016bzu kivi ledus<br \/>\n8 Ener\u0123ijas dz\u0113riens + \u0136ir\u0161u kola<br \/>\n9 Zeme\u0146u Ave\u0146u konfekte + Persiku ledus <span style=\"color: #ff0000\"><strong>&gt;&gt;&gt;&gt; Viss lab\u0101kais!<\/strong><\/span><br \/>\n10 Zeme\u0146u mango + Kivi Pasifloras gvajava<\/p>\n<figure id=\"attachment_2537\" aria-describedby=\"caption-attachment-2537\" style=\"width: 800px\" class=\"wp-caption alignnone\"><img loading=\"lazy\" decoding=\"async\" class=\"wp-image-2537 size-full\" src=\"https:\/\/rmvapesale.com\/wp-content\/uploads\/2024\/10\/Vape-Vapme-Crystal-20000-Disposable-Vape.jpg\" alt=\"Vape Vapme Crystal 20000 vienreizlietojamais veips\" width=\"800\" height=\"800\" srcset=\"https:\/\/rmvapesale.com\/wp-content\/uploads\/2024\/10\/Vape-Vapme-Crystal-20000-Disposable-Vape.jpg 800w, https:\/\/rmvapesale.com\/wp-content\/uploads\/2024\/10\/Vape-Vapme-Crystal-20000-Disposable-Vape-300x300.jpg 300w, https:\/\/rmvapesale.com\/wp-content\/uploads\/2024\/10\/Vape-Vapme-Crystal-20000-Disposable-Vape-150x150.jpg 150w, https:\/\/rmvapesale.com\/wp-content\/uploads\/2024\/10\/Vape-Vapme-Crystal-20000-Disposable-Vape-768x768.jpg 768w, https:\/\/rmvapesale.com\/wp-content\/uploads\/2024\/10\/Vape-Vapme-Crystal-20000-Disposable-Vape-600x600.jpg 600w, https:\/\/rmvapesale.com\/wp-content\/uploads\/2024\/10\/Vape-Vapme-Crystal-20000-Disposable-Vape-100x100.jpg 100w\" sizes=\"auto, (max-width: 800px) 100vw, 800px\" \/><figcaption id=\"caption-attachment-2537\" class=\"wp-caption-text\">Vape Vapme Crystal 20000 vienreizlietojamais veips<\/figcaption><\/figure>\n<h3><strong>K\u0101p\u0113c izv\u0113l\u0113ties Rmvapesale Vapme Crystal 20000 Puffs<\/strong><strong>?<\/strong><\/h3>\n<div class=\"flex-shrink-0 flex flex-col relative items-end\">\n<div class=\"pt-0\">\n<div class=\"gizmo-bot-avatar flex h-8 w-8 items-center justify-center overflow-hidden rounded-full\">\n<div class=\"relative p-1 rounded-sm flex items-center justify-center bg-token-main-surface-primary text-token-text-primary h-8 w-8\">\n<p>&nbsp;<\/p>\n<p>Kad izv\u0113laties Rmvapesale sav\u0101m vairumtirdzniec\u012bbas vienreiz\u0113j\u0101s lieto\u0161anas e-cigare\u0161u vajadz\u012bb\u0101m, j\u016bs ieg\u016bstat \u0161\u0101das priek\u0161roc\u012bbas:<\/p>\n<ul>\n<li><strong>Konkur\u0113tsp\u0113j\u012bga cena<\/strong>Ieg\u016bstiet pieeju pievilc\u012bg\u0101m vairumtirdzniec\u012bbas cen\u0101m, kas palielina j\u016bsu biznesa pe\u013c\u0146u.<\/li>\n<li><strong>Augsta kvalit\u0101te<\/strong>M\u016bsu vape ir izstr\u0101d\u0101tas atbilsto\u0161i augst\u0101kajiem standartiem, un <span style=\"color: #ff0000\"><strong>Garant\u0113ti 100% ori\u0123in\u0101li un autentiski, pret\u0113j\u0101 gad\u012bjum\u0101 par viltot\u0101m prec\u0113m tiks nodro\u0161in\u0101ta 10 reizes liel\u0101ka kompens\u0101cija!<\/strong><\/span><\/li>\n<li><strong>Izcils klientu serviss<\/strong>M\u016bsu \u012bpa\u0161\u0101 komanda vienm\u0113r ir gatava jums pal\u012bdz\u0113t, padarot j\u016bsu pirk\u0161anas procesu vienk\u0101r\u0161u un \u0113rtu.<\/li>\n<li><strong>\u0100tra<\/strong>: Sagaidiet \u0101tru un uzticamu pieg\u0101di, kas nodro\u0161ina, ka j\u016bsu pas\u016bt\u012bjumi vienm\u0113r tiek pieg\u0101d\u0101ti laik\u0101.<\/li>\n<\/ul>\n<\/div>\n<h3><\/h3>\n<div class=\"relative p-1 rounded-sm flex items-center justify-center bg-token-main-surface-primary text-token-text-primary h-8 w-8\">\n<h3><b>Bie\u017e\u0101k uzdotie jaut\u0101jumi<\/b><\/h3>\n<ul>\n<li><strong>K\u0101 lietot Vapme Crystal 20000 Puffs vienreizlietojamo veipa pildspalvu<\/strong><br \/>\nLai lietotu Vapme Crystal 20000, vienk\u0101r\u0161i iz\u0146emiet to no iepakojuma, ieelpojiet caur iemuti, un ier\u012bce autom\u0101tiski aktiviz\u0113sies. Viena unik\u0101la iez\u012bme ir Double Flavor funkcionalit\u0101te, kas \u013cauj p\u0101rsl\u0113gties starp div\u0101m da\u017e\u0101d\u0101m gar\u0161\u0101m daudzpus\u012bg\u0101kai tvaic\u0113\u0161anas pieredzei.<\/li>\n<li><strong>K\u0101 uzl\u0101d\u0113t Vapme Crystal 20K Puffs vienreizlietojamo veipu<\/strong><br \/>\nVapme Crystal 20000 ir apr\u012bkots ar 700 mAh uzl\u0101d\u0113jamu akumulatoru. Lai to uzl\u0101d\u0113tu, izmantojiet Type-C uzl\u0101des portu. Pievienojiet ier\u012bci str\u0101vas avotam, izmantojot Type-C kabeli, un t\u0101 \u0101tri uzl\u0101d\u0113sies ilgsto\u0161\u0101m tvaic\u0113\u0161anas sesij\u0101m.<\/li>\n<li><strong>Cik daudz nikot\u012bna ir Vapme Crystal 20000 Puffs?<\/strong><br \/>\nNikot\u012bna l\u012bmenis Vapme Crystal 20000 Puffs nav nor\u0101d\u012bts. Tom\u0113r vienreizlietojamie vape, piem\u0113ram, \u0161is, parasti ir pieejami ar da\u017e\u0101du nikot\u012bna stiprumu (0%, 2%, 5% utt.). Prec\u012bzu nikot\u012bna saturu varat p\u0101rbaud\u012bt pie mazumtirgot\u0101ja vai uz produkta iepakojuma.<\/li>\n<li><strong>Cik ilgi man j\u0101l\u0101d\u0113 savs Crystal 20000 Puffs?<\/strong><br \/>\nPrec\u012bzs uzl\u0101des laiks ir atkar\u012bgs no str\u0101vas avota, ta\u010du, pateicoties Type-C \u0101tr\u0101s uzl\u0101des iesp\u0113jai, tam vajadz\u0113tu uzl\u0101d\u0113ties sal\u012bdzino\u0161i \u0101tri. J\u016bs varat uzraudz\u012bt ier\u012bci uzl\u0101des laik\u0101 vai, ja pieejami, skat\u012bt uzl\u0101des indikatorus, lai zin\u0101tu, kad t\u0101 ir piln\u012bb\u0101 uzl\u0101d\u0113ta.<\/li>\n<li><strong>Kur es varu ieg\u0101d\u0101ties Vapme Crystal 20000 Puffs vienreizlietojamo vape?<\/strong><br \/>\nVapme Crystal 20000 Puffs var ieg\u0101d\u0101ties vape mazumtirgot\u0101ji, tie\u0161saistes vape veikali vai vairumtirdzniec\u012bbas izplat\u012bt\u0101ji, kas pied\u0101v\u0101 vienreizlietojamos vape. T\u0101 ir popul\u0101ra izv\u0113le gan individu\u0101liem pat\u0113r\u0113t\u0101jiem, gan vape veikalu \u012bpa\u0161niekiem. P\u0101rbaudiet pieejam\u012bbu savos viet\u0113jos vape veikalos vai p\u0101rl\u016bkojiet tie\u0161saistes platformas, kas specializ\u0113jas vaping produktu jom\u0101.<\/li>\n<\/ul>\n<\/div>\n<\/div>\n<\/div>\n<\/div>\n<h3>Par s\u016bt\u012bjumu<\/h3>\n<div class=\"flex-shrink-0 flex flex-col relative items-end\">\n<div>\n<div class=\"pt-0\">\n<div class=\"gizmo-bot-avatar flex h-8 w-8 items-center justify-center overflow-hidden rounded-full\">\n<div><\/div>\n<div class=\"relative p-1 rounded-sm flex items-center justify-center bg-token-main-surface-primary text-token-text-primary h-8 w-8\"><strong>1. K\u0101das pieg\u0101des metodes tiek izmantotas?<\/strong><\/div>\n<\/div>\n<\/div>\n<\/div>\n<\/div>\n<div class=\"group\/conversation-turn relative flex w-full min-w-0 flex-col agent-turn\">\n<div class=\"flex-col gap-1 md:gap-3\">\n<div class=\"flex max-w-full flex-col flex-grow\">\n<div class=\"min-h-[20px] text-message flex w-full flex-col items-end gap-2 whitespace-normal break-words [.text-message+&amp;]:mt-5 overflow-x-auto\" dir=\"auto\" data-message-author-role=\"assistant\" data-message-id=\"22f8283b-3233-46ff-89a5-c7a41b33abda\">\n<div class=\"flex w-full flex-col gap-1 empty:hidden first:pt-[3px]\">\n<div class=\"markdown prose w-full break-words dark:prose-invert light\">\n<p>M\u0113s sadarbojamies ar UPS, DHL, FedEx, DPD un citiem vado\u0161ajiem p\u0101rvad\u0101t\u0101jiem. M\u0113s izv\u0113l\u0113simies lab\u0101ko pieg\u0101des veidu, pamatojoties uz j\u016bsu pieg\u0101des vietu, lai nodro\u0161in\u0101tu, ka j\u016bs sa\u0146emat savus produktus p\u0113c iesp\u0113jas \u0101tr\u0101k.<\/p>\n<\/div>\n<p><strong>2. Cik ilgs laiks paiet, l\u012bdz tas pien\u0101k?<\/strong><\/p>\n<p>Pieg\u0101des uz Latviju parasti ierodas 10 darba dienu laik\u0101. Pieg\u0101de uz Eiropas valst\u012bm parasti aiz\u0146em apm\u0113ram 12-15 darba dienas. M\u0113s nodro\u0161in\u0101sim re\u0101llaika atjaunin\u0101jumus par j\u016bsu pieg\u0101des statusu.<\/p>\n<\/div>\n<\/div>\n<\/div>\n<\/div>\n<\/div>\n<p>&nbsp;<\/p>\n<p>Citi popul\u0101ri vape, kas jums var\u0113tu patikt:<\/p>\n<p><a href=\"https:\/\/rmvapesale.com\/lv\/product\/fumot-randm-tornado-30000-puffs-30k-music-disposable-vape\/\"><strong>RandM Tornado 30000 Puffs\u00a0 \u00a0<span style=\"color: #ff0000\">&gt;&gt;&gt;&gt; uz priek\u0161u!<\/span><\/strong><\/a><\/p>\n<p><strong><a href=\"https:\/\/rmvapesale.com\/lv\/product\/aivono-22000-rechargeable-vapes-with-display-screen\/\">Aivono Aim Fatpro 22000 Puffs <span style=\"color: #ff0000\">&gt;&gt;&gt;&gt; uz priek\u0161u!<\/span><\/a>\u00a0<\/strong><\/p>\n<p><a href=\"https:\/\/rmvapesale.com\/lv\/product\/original-randm-vape-digital-puff-12000-fumot-factory-price\/\"><strong>Fumot Vape 12000 Puffs <span style=\"color: #ff0000\">&gt;&gt;&gt;&gt; uz priek\u0161u!<\/span><\/strong><\/a><\/p>\n<p>&nbsp;<\/p>\n<p>&nbsp;<\/p>\n<p>Atrodiet vair\u0101k Vape produktu, kas jums var\u0113tu patikt:<strong><em><a href=\"https:\/\/rmvapesale.com\/lv\/shop-2\/\">iepirkties tagad &gt;&gt;&gt;<\/a><\/em><\/strong><\/p>","protected":false},"excerpt":{"rendered":"<p>Vairumtirdzniec\u012bba Veipi Vapme Crystal 20000 dvesmas vienreizlietojamie<br \/>\nVapme Crystal 20000 dvesmas dubult\u0101 gar\u0161as vienreizlietojamais veips<br \/>\nVapme Crystal 20000 Double Crystal Vape Bar Vairumtirdzniec\u012bba<\/p>\n<p><img loading=\"lazy\" decoding=\"async\" class=\"size-full wp-image-2375\" src=\"https:\/\/rmvapesale.com\/wp-content\/uploads\/2024\/10\/image.png\" alt=\"Lab\u0101kais vienreiz\u0113jais vape\" width=\"229\" height=\"300\" \/><\/p>\n<h3><a href=\"https:\/\/wa.me\/8617776015835\"><span style=\"color: #ff0000\"><strong>WhatsApp: +86 17776015835<\/strong><\/span><\/a><\/h3>\n<p>&nbsp;<\/p>","protected":false},"featured_media":2539,"comment_status":"open","ping_status":"closed","template":"","meta":{"_uag_custom_page_level_css":"","_lmt_disableupdate":"no","_lmt_disable":"","site-sidebar-layout":"default","site-content-layout":"content-boxed-container","ast-site-content-layout":"normal-width-container","site-content-style":"boxed","site-sidebar-style":"unboxed","ast-global-header-display":"","ast-banner-title-visibility":"","ast-main-header-display":"","ast-hfb-above-header-display":"","ast-hfb-below-header-display":"","ast-hfb-mobile-header-display":"","site-post-title":"","ast-breadcrumbs-content":"","ast-featured-img":"","footer-sml-layout":"","theme-transparent-header-meta":"default","adv-header-id-meta":"","stick-header-meta":"","header-above-stick-meta":"","header-main-stick-meta":"","header-below-stick-meta":"","astra-migrate-meta-layouts":"set","ast-page-background-enabled":"default","ast-page-background-meta":{"desktop":{"background-color":"var(--ast-global-color-4)","background-image":"","background-repeat":"repeat","background-position":"center center","background-size":"auto","background-attachment":"scroll","background-type":"","background-media":"","overlay-type":"","overlay-color":"","overlay-opacity":"","overlay-gradient":""},"tablet":{"background-color":"","background-image":"","background-repeat":"repeat","background-position":"center center","background-size":"auto","background-attachment":"scroll","background-type":"","background-media":"","overlay-type":"","overlay-color":"","overlay-opacity":"","overlay-gradient":""},"mobile":{"background-color":"","background-image":"","background-repeat":"repeat","background-position":"center center","background-size":"auto","background-attachment":"scroll","background-type":"","background-media":"","overlay-type":"","overlay-color":"","overlay-opacity":"","overlay-gradient":""}},"ast-content-background-meta":{"desktop":{"background-color":"var(--ast-global-color-5)","background-image":"","background-repeat":"repeat","background-position":"center center","background-size":"auto","background-attachment":"scroll","background-type":"","background-media":"","overlay-type":"","overlay-color":"","overlay-opacity":"","overlay-gradient":""},"tablet":{"background-color":"var(--ast-global-color-5)","background-image":"","background-repeat":"repeat","background-position":"center center","background-size":"auto","background-attachment":"scroll","background-type":"","background-media":"","overlay-type":"","overlay-color":"","overlay-opacity":"","overlay-gradient":""},"mobile":{"background-color":"var(--ast-global-color-5)","background-image":"","background-repeat":"repeat","background-position":"center center","background-size":"auto","background-attachment":"scroll","background-type":"","background-media":"","overlay-type":"","overlay-color":"","overlay-opacity":"","overlay-gradient":""}},"_joinchat":[]},"product_brand":[],"product_cat":[15,25,123,26,28,135,27,137,136,30],"product_tag":[146,188,124,155,186,38,165,166,120],"class_list":{"0":"post-2540","1":"product","2":"type-product","3":"status-publish","4":"has-post-thumbnail","6":"product_cat-new-vape-this-week","7":"product_cat-germany-best-selling-vape","8":"product_cat-italy-wholesale-vape","9":"product_cat-netherlands-hot-sale-vape","10":"product_cat-poland-hot-sale-vape","11":"product_cat-spain-best-hot-sale-vape","12":"product_cat-fance-hot-sale-vape","13":"product_cat-rechargeable-vapes","14":"product_cat-smart-screen-vapes","15":"product_cat-minimum-order-quantity-50pcs","16":"product_tag-best-hot-sale-vape","17":"product_tag-buy-vapes-online","18":"product_tag-crystal-vape","19":"product_tag-digital-display-box","20":"product_tag-fumot-30k","21":"product_tag-randm-vape","22":"product_tag-rechargeable-vapes","23":"product_tag-tornado-vape","24":"product_tag-vape-wholesale","25":"desktop-align-left","26":"tablet-align-left","27":"mobile-align-left","29":"first","30":"instock","31":"sale","32":"shipping-taxable","33":"purchasable","34":"product-type-simple"},"uagb_featured_image_src":{"full":["https:\/\/rmvapesale.com\/wp-content\/uploads\/2024\/10\/Wholesale-Vape-Vapme-Crystal-20000-Puffs-Disposable.jpg",800,800,false],"thumbnail":["https:\/\/rmvapesale.com\/wp-content\/uploads\/2024\/10\/Wholesale-Vape-Vapme-Crystal-20000-Puffs-Disposable-150x150.jpg",150,150,true],"medium":["https:\/\/rmvapesale.com\/wp-content\/uploads\/2024\/10\/Wholesale-Vape-Vapme-Crystal-20000-Puffs-Disposable-300x300.jpg",300,300,true],"medium_large":["https:\/\/rmvapesale.com\/wp-content\/uploads\/2024\/10\/Wholesale-Vape-Vapme-Crystal-20000-Puffs-Disposable-768x768.jpg",768,768,true],"large":["https:\/\/rmvapesale.com\/wp-content\/uploads\/2024\/10\/Wholesale-Vape-Vapme-Crystal-20000-Puffs-Disposable.jpg",800,800,false],"1536x1536":["https:\/\/rmvapesale.com\/wp-content\/uploads\/2024\/10\/Wholesale-Vape-Vapme-Crystal-20000-Puffs-Disposable.jpg",800,800,false],"2048x2048":["https:\/\/rmvapesale.com\/wp-content\/uploads\/2024\/10\/Wholesale-Vape-Vapme-Crystal-20000-Puffs-Disposable.jpg",800,800,false],"trp-custom-language-flag":["https:\/\/rmvapesale.com\/wp-content\/uploads\/2024\/10\/Wholesale-Vape-Vapme-Crystal-20000-Puffs-Disposable.jpg",12,12,false],"woocommerce_thumbnail":["https:\/\/rmvapesale.com\/wp-content\/uploads\/2024\/10\/Wholesale-Vape-Vapme-Crystal-20000-Puffs-Disposable-300x300.jpg",300,300,true],"woocommerce_single":["https:\/\/rmvapesale.com\/wp-content\/uploads\/2024\/10\/Wholesale-Vape-Vapme-Crystal-20000-Puffs-Disposable-600x600.jpg",600,600,true],"woocommerce_gallery_thumbnail":["https:\/\/rmvapesale.com\/wp-content\/uploads\/2024\/10\/Wholesale-Vape-Vapme-Crystal-20000-Puffs-Disposable-100x100.jpg",100,100,true],"wcpr-photo-reviews":["https:\/\/rmvapesale.com\/wp-content\/uploads\/2024\/10\/Wholesale-Vape-Vapme-Crystal-20000-Puffs-Disposable.jpg",500,500,false]},"uagb_author_info":{"display_name":"AMY","author_link":"https:\/\/rmvapesale.com\/lv\/author\/"},"uagb_comment_info":0,"uagb_excerpt":"Wholesale Vape Vapme Crystal 20000 Puffs Disposable Vapme Crystal 20000 Puffs Dual Flavors Disposable Vape Vapme Crystal 20000 Double Crystal Vape Bar Wholesale WhatsApp: +86 17776015835 &nbsp;","_links":{"self":[{"href":"https:\/\/rmvapesale.com\/lv\/wp-json\/wp\/v2\/product\/2540","targetHints":{"allow":["GET"]}}],"collection":[{"href":"https:\/\/rmvapesale.com\/lv\/wp-json\/wp\/v2\/product"}],"about":[{"href":"https:\/\/rmvapesale.com\/lv\/wp-json\/wp\/v2\/types\/product"}],"replies":[{"embeddable":true,"href":"https:\/\/rmvapesale.com\/lv\/wp-json\/wp\/v2\/comments?post=2540"}],"wp:featuredmedia":[{"embeddable":true,"href":"https:\/\/rmvapesale.com\/lv\/wp-json\/wp\/v2\/media\/2539"}],"wp:attachment":[{"href":"https:\/\/rmvapesale.com\/lv\/wp-json\/wp\/v2\/media?parent=2540"}],"wp:term":[{"taxonomy":"product_brand","embeddable":true,"href":"https:\/\/rmvapesale.com\/lv\/wp-json\/wp\/v2\/product_brand?post=2540"},{"taxonomy":"product_cat","embeddable":true,"href":"https:\/\/rmvapesale.com\/lv\/wp-json\/wp\/v2\/product_cat?post=2540"},{"taxonomy":"product_tag","embeddable":true,"href":"https:\/\/rmvapesale.com\/lv\/wp-json\/wp\/v2\/product_tag?post=2540"}],"curies":[{"name":"wp","href":"https:\/\/api.w.org\/{rel}","templated":true}]}}