{"id":2547,"date":"2024-10-25T02:22:52","date_gmt":"2024-10-25T02:22:52","guid":{"rendered":"https:\/\/rmvapesale.com\/?post_type=product&#038;p=2547"},"modified":"2024-10-25T03:03:28","modified_gmt":"2024-10-25T03:03:28","slug":"rechargeable-vape-vapme-spacex-22000-puff-wholesale","status":"publish","type":"product","link":"https:\/\/rmvapesale.com\/lv\/product\/rechargeable-vape-vapme-spacex-22000-puff-wholesale\/","title":{"rendered":"Uzl\u0101d\u0113jams vape Vapme Spacex 22000 Puff vairumtirdzniec\u012bba"},"content":{"rendered":"<div class=\"B2VR9 CJHX3e\">\n<div class=\"wyccme\">\n<h1 class=\"LC20lb MBeuO DKV0Md\">Uzl\u0101d\u0113jami Vape Vapme Spacex 22000 Puffs Vairumtirdzniec\u012bba<\/h1>\n<div class=\"flex-shrink-0 flex flex-col relative items-end\">\n<div class=\"pt-0\">\n<div class=\"gizmo-bot-avatar flex h-8 w-8 items-center justify-center overflow-hidden rounded-full\">\n<div class=\"relative p-1 rounded-sm flex items-center justify-center bg-token-main-surface-primary text-token-text-primary h-8 w-8\">\n<p>Uzl\u0101d\u0113jams Vape <strong>Vapme Spacex 22000 Puffs<\/strong> ir premium klases<strong> viedais vienreizlietojamais vape<\/strong> izstr\u0101d\u0101ts lietot\u0101jiem, kuri mekl\u0113 ilg\u0101kas vaping sesijas un \u0113rt\u012bbas. Ar iespaid\u012bgu <strong>30mL vape \u0161\u0137idruma ietilp\u012bbu<\/strong> un sp\u0113ju pieg\u0101d\u0101t vair\u0101k nek\u0101 <strong>22 000 dvesmu<\/strong>, \u0161is ier\u012bce ir izstr\u0101d\u0101ta ilgm\u016b\u017e\u012bbai un apmierin\u0101jumam. T\u0101 <strong>850 mAh akumulatoru<\/strong>, uzl\u0101d\u0113jama caur <strong>C tipa portu<\/strong>, nodro\u0161inot, ka j\u016bs varat baud\u012bt savus iecien\u012bt\u0101kos arom\u0101tus bez p\u0101rtraukumiem, padarot to par ide\u0101lu gan gad\u012bjuma vaperiem, gan intens\u012bviem lietot\u0101jiem. Apr\u012bkots ar <strong>0.8 omi t\u012bkli\u0146u spir\u0101li<\/strong>, \u0161is <strong>uzl\u0101d\u0113jamais veips<\/strong>\u00a0nodro\u0161ina optim\u0101lu tvaika ra\u017eo\u0161anu, garant\u0113jot, ka katrs puffs ir bag\u0101ts ar arom\u0101tu un gluds ieelpo\u0161an\u0101.<\/p>\n<p>\u0160is <strong>LED displejs<\/strong> ir v\u0113l viena izcila \u012bpa\u0161\u012bba, kas \u013cauj lietot\u0101jiem viegli uzraudz\u012bt akumulatora darb\u012bbas laiku un e-\u0161\u0137idruma l\u012bmeni uzreiz, ar augstas klases tehnolo\u0123iju, kas to izce\u013c starp citiem <strong>vienreiz\u0113j\u0101s lieto\u0161anas e-cigarete ar ekr\u0101nu<\/strong>. \u0160is <strong>vienreiz\u0113j\u0101s lieto\u0161anas e-cigarete ar zemu nikot\u012bna saturu <\/strong>\u00a0n\u0101k ar 2% nikot\u012bna stiprumu lietot\u0101jiem, kas mekl\u0113 vieglu iedarb\u012bbu, un\u00a0<strong>5% nikot\u012bna <\/strong>opcija apmierina vaperus, kuri v\u0113las stipr\u0101ku pieredzi.<\/p>\n<p>\u0160is <strong>Vapme 22000<\/strong> ir ide\u0101li piem\u0113rots <strong>vairumtirdzniec\u012bbas veipu<\/strong>, padarot to par ide\u0101lu izv\u0113li mazumtirgot\u0101jiem, kuri v\u0113las uzkr\u0101t piepras\u012btus produktus. T\u0101 liela jauda, uzl\u0101d\u0113jama akumulatora un arom\u0101tu daudzveid\u012bba padara to par <strong>popul\u0101ru vape<\/strong> iek\u0161 <strong>vienreiz\u0113j\u0101s lieto\u0161anas e-cigarete<\/strong> tirg\u016b, nodro\u0161inot gan kvalit\u0101ti, gan \u0113rt\u012bbas vien\u0101 elegant\u0101 iepakojum\u0101.<\/p>\n<\/div>\n<\/div>\n<\/div>\n<\/div>\n<\/div>\n<\/div>\n<p><strong>Sazinieties ar Eimiju, lai ieg\u016btu pareizo atbildi un veipu kuponu!<\/strong><\/p>\n<p><img loading=\"lazy\" decoding=\"async\" class=\"size-full wp-image-1978\" src=\"https:\/\/rmvapesale.com\/wp-content\/uploads\/2024\/09\/Disposable-Vape-Wholesale.jpg\" alt=\"Vienreiz\u0113jais vape vairumtirdzniec\u012bba\" width=\"229\" height=\"300\" \/><\/p>\n<h3><a href=\"https:\/\/wa.me\/8617776015835\" target=\"_blank\" rel=\"noopener\"><span style=\"color: #ff0000\"><strong>WhatsApp: +86 17776015835<\/strong><\/span><\/a><\/h3>\n<p>&nbsp;<\/p>\n<h2><\/h2>\n<h2><strong>Vapme 22000 <\/strong><strong>Uzl\u0101d\u0113jams veips<\/strong><strong>\u00a0<\/strong><strong>Galven\u0101s iez\u012bmes<\/strong><\/h2>\n<p>Z\u012bmols: Vapme Vape<br \/>\nAkumulators: 850mAh Type-C ports<br \/>\nTilpums: 30mL vape \u0161\u0137idruma<br \/>\nSpole: 0.8 ohm t\u012bkli\u0146a spole<br \/>\nP\u016b\u0161ieni: vair\u0101k nek\u0101 22000 p\u016b\u0161ieni<br \/>\nNikot\u012bns: 2%\/5%<br \/>\nLED displejs akumulatoram un e-\u0161\u0137idrumam<\/p>\n<h2><strong>Lab\u0101k\u0101 gar\u0161a priek\u0161 <\/strong><strong>Uzl\u0101d\u0113jams veips <\/strong><strong>Vapme 22000 <\/strong><strong>Uztveres\u00a0<\/strong><\/h2>\n<p>\u0160is <strong>kastveida veips<\/strong> ier\u012bce pied\u0101v\u0101 <strong>12 aizraujo\u0161as gar\u0161as<\/strong>, no sk\u0101bena uzliesmojuma <strong>Zil\u0101 ave\u0146u limon\u0101de<\/strong> l\u012bdz atsvaidzino\u0161am v\u0113sumam <strong>Arb\u016bzu ledus<\/strong> un tropu mais\u012bjumam <strong>Mango persiku anan\u0101ss<\/strong>. Neatkar\u012bgi no t\u0101, vai dodat priek\u0161roku sald\u0101m, aug\u013cu vai ledus gar\u0161\u0101m, Vapme Spacex ir kaut kas katrai gaumei.<\/p>\n<p>1. Zil\u0101 razz lemoonade<span style=\"color: #ff0000\"><strong>&gt;&gt;&gt;&gt; Karsti!<\/strong><\/span><br \/>\n2.Persiku ledus<br \/>\n3.Arb\u016bzu ledus <span style=\"color: #ff0000\"><strong>&gt;&gt;&gt;&gt; Karsti!<\/strong><\/span><br \/>\n4. Zeme\u0146u melle\u0146u<br \/>\n5. \u010cerri ledus<br \/>\n6. Zeme\u0146u ledus<br \/>\n7. Avenes arb\u016bzs<br \/>\n8. Mango persiks anan\u0101s <span style=\"color: #ff0000\"><strong>&gt;&gt;&gt;&gt; Viss lab\u0101kais!<\/strong><\/span><br \/>\n9.Zeme\u0146u kivi<br \/>\n10. Kiwija pasifloras guava<br \/>\n11. Ener\u0123ijas dz\u0113riens<br \/>\n12. Love 66<\/p>\n<figure id=\"attachment_2542\" aria-describedby=\"caption-attachment-2542\" style=\"width: 800px\" class=\"wp-caption alignnone\"><img loading=\"lazy\" decoding=\"async\" class=\"wp-image-2542 size-full\" src=\"https:\/\/rmvapesale.com\/wp-content\/uploads\/2024\/10\/Disposable-Vape-Vapme-22000-Puffs-Price.jpg\" alt=\"Vienreizlietojams Vape Vapme 22000 P\u016b\u0161ieni Cena\" width=\"800\" height=\"800\" srcset=\"https:\/\/rmvapesale.com\/wp-content\/uploads\/2024\/10\/Disposable-Vape-Vapme-22000-Puffs-Price.jpg 800w, https:\/\/rmvapesale.com\/wp-content\/uploads\/2024\/10\/Disposable-Vape-Vapme-22000-Puffs-Price-300x300.jpg 300w, https:\/\/rmvapesale.com\/wp-content\/uploads\/2024\/10\/Disposable-Vape-Vapme-22000-Puffs-Price-150x150.jpg 150w, https:\/\/rmvapesale.com\/wp-content\/uploads\/2024\/10\/Disposable-Vape-Vapme-22000-Puffs-Price-768x768.jpg 768w, https:\/\/rmvapesale.com\/wp-content\/uploads\/2024\/10\/Disposable-Vape-Vapme-22000-Puffs-Price-600x600.jpg 600w, https:\/\/rmvapesale.com\/wp-content\/uploads\/2024\/10\/Disposable-Vape-Vapme-22000-Puffs-Price-100x100.jpg 100w\" sizes=\"auto, (max-width: 800px) 100vw, 800px\" \/><figcaption id=\"caption-attachment-2542\" class=\"wp-caption-text\">Vienreizlietojams Vape Vapme 22000 P\u016b\u0161ieni Cena<\/figcaption><\/figure>\n<p>&nbsp;<\/p>\n<h3><strong>K\u0101p\u0113c izv\u0113l\u0113ties Rmvapesale priek\u0161 Vapme 22000 P\u016b\u0161ieni<\/strong><strong>?<\/strong><\/h3>\n<div class=\"flex-shrink-0 flex flex-col relative items-end\">\n<div class=\"pt-0\">\n<div class=\"gizmo-bot-avatar flex h-8 w-8 items-center justify-center overflow-hidden rounded-full\">\n<div class=\"relative p-1 rounded-sm flex items-center justify-center bg-token-main-surface-primary text-token-text-primary h-8 w-8\">\n<p>&nbsp;<\/p>\n<p>Kad izv\u0113laties Rmvapesale sav\u0101m vairumtirdzniec\u012bbas vienreiz\u0113j\u0101s lieto\u0161anas e-cigare\u0161u vajadz\u012bb\u0101m, j\u016bs ieg\u016bstat \u0161\u0101das priek\u0161roc\u012bbas:<\/p>\n<ul>\n<li><strong>Konkur\u0113tsp\u0113j\u012bga cena<\/strong>Ieg\u016bstiet pieeju pievilc\u012bg\u0101m vairumtirdzniec\u012bbas cen\u0101m, kas palielina j\u016bsu biznesa pe\u013c\u0146u.<\/li>\n<li><strong>Augsta kvalit\u0101te<\/strong>M\u016bsu vape ir izstr\u0101d\u0101tas atbilsto\u0161i augst\u0101kajiem standartiem, un <span style=\"color: #ff0000\"><strong>Garant\u0113ti 100% ori\u0123in\u0101li un autentiski, pret\u0113j\u0101 gad\u012bjum\u0101 par viltot\u0101m prec\u0113m tiks nodro\u0161in\u0101ta 10 reizes liel\u0101ka kompens\u0101cija!<\/strong><\/span><\/li>\n<li><strong>Izcils klientu serviss<\/strong>M\u016bsu \u012bpa\u0161\u0101 komanda vienm\u0113r ir gatava jums pal\u012bdz\u0113t, padarot j\u016bsu pirk\u0161anas procesu vienk\u0101r\u0161u un \u0113rtu.<\/li>\n<li><strong>\u0100tra<\/strong>: Sagaidiet \u0101tru un uzticamu pieg\u0101di, kas nodro\u0161ina, ka j\u016bsu pas\u016bt\u012bjumi vienm\u0113r tiek pieg\u0101d\u0101ti laik\u0101.<\/li>\n<\/ul>\n<\/div>\n<h3><\/h3>\n<div class=\"relative p-1 rounded-sm flex items-center justify-center bg-token-main-surface-primary text-token-text-primary h-8 w-8\">\n<h3><b>Uzl\u0101d\u0113jams Vape Vapme 22000 BUJAS<\/b><\/h3>\n<ul>\n<li><strong>K\u0101 uzl\u0101d\u0113t Vapme Spacex 22000 uzl\u0101d\u0113jamu vienreizlietojamo vape<\/strong><br \/>\nVapme Spacex 22000 ir apr\u012bkots ar 850mAh uzl\u0101d\u0113jamu akumulatoru, kuru var uzl\u0101d\u0113t caur Type-C uzl\u0101des portu. Vienk\u0101r\u0161i pievienojiet Type-C kabeli pie baro\u0161anas avota, lai uzl\u0101d\u0113tu ier\u012bci.<\/li>\n<li><strong>Cik nikot\u012bna ir Vapme Spacex 22000 p\u016b\u0161os?<\/strong><br \/>\nVapme Spacex 22000 p\u016b\u0161os ir pieejami ar div\u0101m nikot\u012bna stipruma opcij\u0101m: 2% (20mg) maig\u0101kai iedarb\u012bbai un 5% (50mg) lietot\u0101jiem, kuri mekl\u0113 stipr\u0101ku pieredzi.<\/li>\n<li><strong>Cik ilgi man vajadz\u0113tu uzl\u0101d\u0113t savu Vapme Spacex 22000 Vape Box?<\/strong><br \/>\nPrec\u012bzs uzl\u0101des laiks ir atkar\u012bgs no baro\u0161anas avota, ta\u010du Type-C \u0101tr\u0101s uzl\u0101des iesp\u0113ja \u013cauj sal\u012bdzino\u0161i \u0101tri uzl\u0101d\u0113t. Sekojiet LED displejam, lai p\u0101rbaud\u012btu, kad akumulators ir piln\u012bb\u0101 uzl\u0101d\u0113ts, jo displejs sniegs inform\u0101ciju par akumulatora darb\u012bbas laiku.<\/li>\n<li><strong>Kur es varu ieg\u0101d\u0101ties Vapme Spacex 22000 vienreizlietojamos vape?<\/strong><br \/>\nVapme Spacex 22000 p\u016b\u0161os vienreizlietojamo vape var ieg\u0101d\u0101ties no mazumtirgot\u0101jiem, vape veikaliem vai tie\u0161saistes platform\u0101m, kas specializ\u0113jas vape produktos. Tas ir pieejams ar\u012b vairumtirdzniec\u012bb\u0101, padarot to par popul\u0101ru izv\u0113li uz\u0146\u0113mumiem, kas v\u0113las uzglab\u0101t vienreizlietojamos vape.<\/li>\n<li><strong>K\u0101di ir lab\u0101kie vienreizlietojamie tvaiki 2024. gad\u0101?<\/strong><br \/>\nDa\u017ei no lab\u0101kajiem vienreizlietojamajiem tvaikiem 2024. gad\u0101 ir:<\/p>\n<ul>\n<li><strong>Vapme Spacex 22000 Puffs<\/strong>: Paz\u012bstams ar lielu ietilp\u012bbu, LED displeju un uzl\u0101d\u0113jamu akumulatoru.<\/li>\n<li><strong>Vapme Crystal 20000 dvesmas<\/strong>: Popul\u0101rs ar savu Dubult\u0101s Gar\u0161as funkcionalit\u0101ti un \u0113rtu uzl\u0101di.<\/li>\n<li><strong>Aivono Fatpro 22000 dvesmas<\/strong>: Pied\u0101v\u0101 ilgu vape pieredzi ar re\u017e\u0123a spol\u0113 tehnolo\u0123iju un piel\u0101gojamu gaisa pl\u016bsmu.<\/li>\n<li><strong>Fumot RandM Tornado 30000 dvesmas<\/strong>: Ietver m\u016bzikas sinhroniz\u0101ciju un RGB gaismas, ide\u0101li piem\u0113rots interakt\u012bvai vaping.<\/li>\n<\/ul>\n<\/li>\n<\/ul>\n<\/div>\n<\/div>\n<\/div>\n<\/div>\n<h3>Par s\u016bt\u012bjumu<\/h3>\n<div class=\"flex-shrink-0 flex flex-col relative items-end\">\n<div>\n<div class=\"pt-0\">\n<div class=\"gizmo-bot-avatar flex h-8 w-8 items-center justify-center overflow-hidden rounded-full\">\n<div><\/div>\n<div class=\"relative p-1 rounded-sm flex items-center justify-center bg-token-main-surface-primary text-token-text-primary h-8 w-8\"><strong>1. K\u0101das pieg\u0101des metodes tiek izmantotas?<\/strong><\/div>\n<\/div>\n<\/div>\n<\/div>\n<\/div>\n<div class=\"group\/conversation-turn relative flex w-full min-w-0 flex-col agent-turn\">\n<div class=\"flex-col gap-1 md:gap-3\">\n<div class=\"flex max-w-full flex-col flex-grow\">\n<div class=\"min-h-[20px] text-message flex w-full flex-col items-end gap-2 whitespace-normal break-words [.text-message+&amp;]:mt-5 overflow-x-auto\" dir=\"auto\" data-message-author-role=\"assistant\" data-message-id=\"22f8283b-3233-46ff-89a5-c7a41b33abda\">\n<div class=\"flex w-full flex-col gap-1 empty:hidden first:pt-[3px]\">\n<div class=\"markdown prose w-full break-words dark:prose-invert light\">\n<p>M\u0113s sadarbojamies ar UPS, DHL, FedEx, DPD un citiem vado\u0161ajiem p\u0101rvad\u0101t\u0101jiem. M\u0113s izv\u0113l\u0113simies lab\u0101ko pieg\u0101des veidu, pamatojoties uz j\u016bsu pieg\u0101des vietu, lai nodro\u0161in\u0101tu, ka j\u016bs sa\u0146emat savus produktus p\u0113c iesp\u0113jas \u0101tr\u0101k.<\/p>\n<\/div>\n<p><strong>2. Cik ilgs laiks paiet, l\u012bdz tas pien\u0101k?<\/strong><\/p>\n<p>Pieg\u0101des uz Latviju parasti ierodas 10 darba dienu laik\u0101. Pieg\u0101de uz Eiropas valst\u012bm parasti aiz\u0146em apm\u0113ram 12-15 darba dienas. M\u0113s nodro\u0161in\u0101sim re\u0101llaika atjaunin\u0101jumus par j\u016bsu pieg\u0101des statusu.<\/p>\n<\/div>\n<\/div>\n<\/div>\n<\/div>\n<\/div>\n<p>&nbsp;<\/p>\n<p>Citi popul\u0101ri vape, kas jums var\u0113tu patikt:<\/p>\n<p><a href=\"https:\/\/rmvapesale.com\/lv\/product\/fumot-randm-tornado-30000-puffs-30k-music-disposable-vape\/\"><strong>RandM Tornado 30000 Puffs\u00a0 \u00a0<span style=\"color: #ff0000\">&gt;&gt;&gt;&gt; uz priek\u0161u!<\/span><\/strong><\/a><\/p>\n<p><strong><a href=\"https:\/\/rmvapesale.com\/lv\/product\/vapme-crystal-20000-puffs-20k-double-flavor-rechargeable-vapes\/\">Vapme Crystal 20000 dvesmas <span style=\"color: #ff0000\">&gt;&gt;&gt;&gt; uz priek\u0161u!<\/span><\/a>\u00a0<\/strong><\/p>\n<p><a href=\"https:\/\/rmvapesale.com\/lv\/product\/original-randm-vape-digital-puff-12000-fumot-factory-price\/\"><strong>Fumot Vape 12000 Puffs <span style=\"color: #ff0000\">&gt;&gt;&gt;&gt; uz priek\u0161u!<\/span><\/strong><\/a><\/p>\n<p>&nbsp;<\/p>\n<p>&nbsp;<\/p>\n<p>Atrodiet vair\u0101k Vape produktu, kas jums var\u0113tu patikt:<strong><em><a href=\"https:\/\/rmvapesale.com\/lv\/shop-2\/\">iepirkties tagad &gt;&gt;&gt;<\/a><\/em><\/strong><\/p>","protected":false},"excerpt":{"rendered":"<p>Vairumtirdzniec\u012bba Uzl\u0101d\u0113jami Vape Vapme Spacex 22000 Puffs<br \/>\nVapme 22000 Puffs Vienreizlietojams Vape Kaste ar visiem arom\u0101tiem<br \/>\nVapme Spacex 22000 Puffs Vienreizlietojams Vape ar ekr\u0101nu<\/p>\n<p><img loading=\"lazy\" decoding=\"async\" class=\"size-full wp-image-2375\" src=\"https:\/\/rmvapesale.com\/wp-content\/uploads\/2024\/10\/image.png\" alt=\"Lab\u0101kais vienreiz\u0113jais vape\" width=\"229\" height=\"300\" \/><\/p>\n<h3><a href=\"https:\/\/wa.me\/8617776015835\"><span style=\"color: #ff0000\"><strong>WhatsApp: +86 17776015835<\/strong><\/span><\/a><\/h3>\n<p>&nbsp;<\/p>","protected":false},"featured_media":2541,"comment_status":"open","ping_status":"closed","template":"","meta":{"_uag_custom_page_level_css":"","_lmt_disableupdate":"no","_lmt_disable":"","site-sidebar-layout":"default","site-content-layout":"content-boxed-container","ast-site-content-layout":"normal-width-container","site-content-style":"boxed","site-sidebar-style":"unboxed","ast-global-header-display":"","ast-banner-title-visibility":"","ast-main-header-display":"","ast-hfb-above-header-display":"","ast-hfb-below-header-display":"","ast-hfb-mobile-header-display":"","site-post-title":"","ast-breadcrumbs-content":"","ast-featured-img":"","footer-sml-layout":"","theme-transparent-header-meta":"default","adv-header-id-meta":"","stick-header-meta":"","header-above-stick-meta":"","header-main-stick-meta":"","header-below-stick-meta":"","astra-migrate-meta-layouts":"set","ast-page-background-enabled":"default","ast-page-background-meta":{"desktop":{"background-color":"var(--ast-global-color-4)","background-image":"","background-repeat":"repeat","background-position":"center center","background-size":"auto","background-attachment":"scroll","background-type":"","background-media":"","overlay-type":"","overlay-color":"","overlay-opacity":"","overlay-gradient":""},"tablet":{"background-color":"","background-image":"","background-repeat":"repeat","background-position":"center center","background-size":"auto","background-attachment":"scroll","background-type":"","background-media":"","overlay-type":"","overlay-color":"","overlay-opacity":"","overlay-gradient":""},"mobile":{"background-color":"","background-image":"","background-repeat":"repeat","background-position":"center center","background-size":"auto","background-attachment":"scroll","background-type":"","background-media":"","overlay-type":"","overlay-color":"","overlay-opacity":"","overlay-gradient":""}},"ast-content-background-meta":{"desktop":{"background-color":"var(--ast-global-color-5)","background-image":"","background-repeat":"repeat","background-position":"center center","background-size":"auto","background-attachment":"scroll","background-type":"","background-media":"","overlay-type":"","overlay-color":"","overlay-opacity":"","overlay-gradient":""},"tablet":{"background-color":"var(--ast-global-color-5)","background-image":"","background-repeat":"repeat","background-position":"center center","background-size":"auto","background-attachment":"scroll","background-type":"","background-media":"","overlay-type":"","overlay-color":"","overlay-opacity":"","overlay-gradient":""},"mobile":{"background-color":"var(--ast-global-color-5)","background-image":"","background-repeat":"repeat","background-position":"center center","background-size":"auto","background-attachment":"scroll","background-type":"","background-media":"","overlay-type":"","overlay-color":"","overlay-opacity":"","overlay-gradient":""}},"_joinchat":[]},"product_brand":[],"product_cat":[15,25,123,26,28,135,27,137,136,30],"product_tag":[146,188,155,167,165,120],"class_list":{"0":"post-2547","1":"product","2":"type-product","3":"status-publish","4":"has-post-thumbnail","6":"product_cat-new-vape-this-week","7":"product_cat-germany-best-selling-vape","8":"product_cat-italy-wholesale-vape","9":"product_cat-netherlands-hot-sale-vape","10":"product_cat-poland-hot-sale-vape","11":"product_cat-spain-best-hot-sale-vape","12":"product_cat-fance-hot-sale-vape","13":"product_cat-rechargeable-vapes","14":"product_cat-smart-screen-vapes","15":"product_cat-minimum-order-quantity-50pcs","16":"product_tag-best-hot-sale-vape","17":"product_tag-buy-vapes-online","18":"product_tag-digital-display-box","19":"product_tag-disposable-vape-with-screen","20":"product_tag-rechargeable-vapes","21":"product_tag-vape-wholesale","22":"desktop-align-left","23":"tablet-align-left","24":"mobile-align-left","26":"first","27":"instock","28":"sale","29":"shipping-taxable","30":"purchasable","31":"product-type-simple"},"uagb_featured_image_src":{"full":["https:\/\/rmvapesale.com\/wp-content\/uploads\/2024\/10\/Disposable-Vape-Pen-Vapme-Spacex-22000.jpg",800,800,false],"thumbnail":["https:\/\/rmvapesale.com\/wp-content\/uploads\/2024\/10\/Disposable-Vape-Pen-Vapme-Spacex-22000-150x150.jpg",150,150,true],"medium":["https:\/\/rmvapesale.com\/wp-content\/uploads\/2024\/10\/Disposable-Vape-Pen-Vapme-Spacex-22000-300x300.jpg",300,300,true],"medium_large":["https:\/\/rmvapesale.com\/wp-content\/uploads\/2024\/10\/Disposable-Vape-Pen-Vapme-Spacex-22000-768x768.jpg",768,768,true],"large":["https:\/\/rmvapesale.com\/wp-content\/uploads\/2024\/10\/Disposable-Vape-Pen-Vapme-Spacex-22000.jpg",800,800,false],"1536x1536":["https:\/\/rmvapesale.com\/wp-content\/uploads\/2024\/10\/Disposable-Vape-Pen-Vapme-Spacex-22000.jpg",800,800,false],"2048x2048":["https:\/\/rmvapesale.com\/wp-content\/uploads\/2024\/10\/Disposable-Vape-Pen-Vapme-Spacex-22000.jpg",800,800,false],"trp-custom-language-flag":["https:\/\/rmvapesale.com\/wp-content\/uploads\/2024\/10\/Disposable-Vape-Pen-Vapme-Spacex-22000.jpg",12,12,false],"woocommerce_thumbnail":["https:\/\/rmvapesale.com\/wp-content\/uploads\/2024\/10\/Disposable-Vape-Pen-Vapme-Spacex-22000-300x300.jpg",300,300,true],"woocommerce_single":["https:\/\/rmvapesale.com\/wp-content\/uploads\/2024\/10\/Disposable-Vape-Pen-Vapme-Spacex-22000-600x600.jpg",600,600,true],"woocommerce_gallery_thumbnail":["https:\/\/rmvapesale.com\/wp-content\/uploads\/2024\/10\/Disposable-Vape-Pen-Vapme-Spacex-22000-100x100.jpg",100,100,true],"wcpr-photo-reviews":["https:\/\/rmvapesale.com\/wp-content\/uploads\/2024\/10\/Disposable-Vape-Pen-Vapme-Spacex-22000.jpg",500,500,false]},"uagb_author_info":{"display_name":"AMY","author_link":"https:\/\/rmvapesale.com\/lv\/author\/"},"uagb_comment_info":0,"uagb_excerpt":"Wholesale\u00a0Rechargeable Vapes Vapme Spacex 22000 Puff Vapme 22000 Puffs Disposable Vape Box all Flavor Vapme Spacex 22000 Puff Disposable Vape with Screen WhatsApp: +86 17776015835 &nbsp;","_links":{"self":[{"href":"https:\/\/rmvapesale.com\/lv\/wp-json\/wp\/v2\/product\/2547","targetHints":{"allow":["GET"]}}],"collection":[{"href":"https:\/\/rmvapesale.com\/lv\/wp-json\/wp\/v2\/product"}],"about":[{"href":"https:\/\/rmvapesale.com\/lv\/wp-json\/wp\/v2\/types\/product"}],"replies":[{"embeddable":true,"href":"https:\/\/rmvapesale.com\/lv\/wp-json\/wp\/v2\/comments?post=2547"}],"wp:featuredmedia":[{"embeddable":true,"href":"https:\/\/rmvapesale.com\/lv\/wp-json\/wp\/v2\/media\/2541"}],"wp:attachment":[{"href":"https:\/\/rmvapesale.com\/lv\/wp-json\/wp\/v2\/media?parent=2547"}],"wp:term":[{"taxonomy":"product_brand","embeddable":true,"href":"https:\/\/rmvapesale.com\/lv\/wp-json\/wp\/v2\/product_brand?post=2547"},{"taxonomy":"product_cat","embeddable":true,"href":"https:\/\/rmvapesale.com\/lv\/wp-json\/wp\/v2\/product_cat?post=2547"},{"taxonomy":"product_tag","embeddable":true,"href":"https:\/\/rmvapesale.com\/lv\/wp-json\/wp\/v2\/product_tag?post=2547"}],"curies":[{"name":"wp","href":"https:\/\/api.w.org\/{rel}","templated":true}]}}