{"id":2554,"date":"2024-10-25T06:27:27","date_gmt":"2024-10-25T06:27:27","guid":{"rendered":"https:\/\/rmvapesale.com\/?post_type=product&#038;p=2554"},"modified":"2024-10-25T07:32:34","modified_gmt":"2024-10-25T07:32:34","slug":"aivono-aim-lost-mary-6500-puff-disposable-vape-box-wholesale","status":"publish","type":"product","link":"https:\/\/rmvapesale.com\/lv\/product\/aivono-aim-lost-mary-6500-puff-disposable-vape-box-wholesale\/","title":{"rendered":"AIVONO AIM Lost Mary 6500 Puff vienreizlietojam\u0101 tvaic\u0113jam\u0101 kaste vairumtirdzniec\u012bba"},"content":{"rendered":"<div class=\"B2VR9 CJHX3e\">\n<div class=\"wyccme\">\n<h1 class=\"LC20lb MBeuO DKV0Md\">AIVONO AIM Lost Mary 6500 Puff vienreizlietojam\u0101 tvaic\u0113jam\u0101 kaste vairumtirdzniec\u012bba<\/h1>\n<div class=\"flex-shrink-0 flex flex-col relative items-end\">\n<div class=\"pt-0\">\n<div class=\"gizmo-bot-avatar flex h-8 w-8 items-center justify-center overflow-hidden rounded-full\">\n<div class=\"relative p-1 rounded-sm flex items-center justify-center bg-token-main-surface-primary text-token-text-primary h-8 w-8\">\n<p>AIVONO AIM Lost Mary 6500 Pufi <strong>Vienreiz\u0113j\u0101s Lieto\u0161anas Vape Kaste<\/strong> ir premium izv\u0113le <strong>6500 pufi vape<\/strong> kategorij\u0101, kas izstr\u0101d\u0101ta, lai nodro\u0161in\u0101tu ilgsto\u0161u un gar\u0161\u012bgu pieredzi. Ar lielu 13 ml e-\u0161\u0137idruma ietilp\u012bbu \u0161is kompaktais un p\u0101rn\u0113s\u0101jamais <strong>kastveida veips<\/strong> ir ide\u0101li piem\u0113rots vaperiem, kuri mekl\u0113 lielu pufi\u0146u skaitu, mazas apkopes iesp\u0113ju. Darbin\u0101ms ar 650 mAh uzl\u0101d\u0113jamu akumulatoru un izmantojot Type-C uzl\u0101des saskarni, Lost Mary 6500 nodro\u0161ina nemain\u012bgu veiktsp\u0113ju ar \u0101tru un vieglu uzl\u0101di, padarot to par ide\u0101lu iesp\u0113ju tiem, kas izp\u0113ta <strong>atk\u0101rtoti uzl\u0101d\u0113jamas e-cigaretes<\/strong>.<\/p>\n<p>Nodro\u0161inot l\u012bdz pat 6500 pufiem, \u0161is <strong>vienreiz\u0113j\u0101s lieto\u0161anas e-cigarete<\/strong> pied\u0101v\u0101 uzlabotu MESH spoles tehnolo\u0123iju, kas nodro\u0161ina vienm\u0113r\u012bgu, bag\u0101t\u012bgu gar\u0161u ar katru ieelpu. T\u0101 regul\u0113jam\u0101 gaisa pl\u016bsmas sist\u0113ma \u013cauj lietot\u0101jiem piel\u0101got savu iztvaiko\u0161anas pieredzi, s\u0101kot no cie\u0161\u0101kas l\u012bdz va\u013c\u012bg\u0101kai vilk\u0161anai. Pieejams 10 unik\u0101l\u0101s gar\u0161\u0101s, \u0161\u012b ier\u012bce atbilst da\u017e\u0101d\u0101m v\u0113lm\u0113m, padarot to par popul\u0101r\u0101ko izv\u0113li <strong>vape veikalam<\/strong> \u012bpa\u0161niekiem un tiem, kas v\u0113las <strong>pirkt e-cigaretes tie\u0161saist\u0113<\/strong>.<\/p>\n<p>Neatkar\u012bgi no t\u0101, vai esat <strong>vape b\u0101r\u0101<\/strong> \u012bpa\u0161nieks, mekl\u0113jot <strong>vairumtirdzniec\u012bbas veipu<\/strong> savam biznesam, vai ar\u012b indiv\u012bds, kas mekl\u0113 \u0113rtu, ilgsto\u0161u iesp\u0113ju, <strong>AIVONO<\/strong> AIM 6500 Pufi ir izstr\u0101d\u0101ts apmierin\u0101t. Pateicoties t\u0101 kvalitat\u012bvajai konstrukcijai un lietot\u0101jam orient\u0113taj\u0101m funkcij\u0101m, tas ir paredz\u0113ts b\u016bt viens no <strong>lab\u0101kajiem vienreizlietojamajiem veipiem 2024. gad\u0101<\/strong>.<\/p>\n<\/div>\n<\/div>\n<\/div>\n<\/div>\n<\/div>\n<\/div>\n<p><strong>Sazinieties ar Eimiju, lai ieg\u016btu pareizo atbildi un veipu kuponu!<\/strong><\/p>\n<p><img loading=\"lazy\" decoding=\"async\" class=\"size-full wp-image-1978\" src=\"https:\/\/rmvapesale.com\/wp-content\/uploads\/2024\/09\/Disposable-Vape-Wholesale.jpg\" alt=\"Vienreiz\u0113jais vape vairumtirdzniec\u012bba\" width=\"229\" height=\"300\" \/><\/p>\n<h3><a href=\"https:\/\/wa.me\/8617776015835\" target=\"_blank\" rel=\"noopener\"><span style=\"color: #ff0000\"><strong>WhatsApp: +86 17776015835<\/strong><\/span><\/a><\/h3>\n<p>&nbsp;<\/p>\n<h2><\/h2>\n<h2><strong>AIVONO Lost Mary 6500 vienreizlietojams vape<\/strong><strong>\u00a0<\/strong><strong>Galven\u0101s iez\u012bmes<\/strong><\/h2>\n<p>&nbsp;<\/p>\n<p>Poda ietilp\u012bba: 13 ml<br \/>\nAkumulators: 650 Mah<br \/>\nDvesmas: 6500 dvesmas<br \/>\nUzl\u0101d\u0113jams: Type \u2013 c saskarne<br \/>\nIetilp\u012bba: 13 ML<br \/>\nGar\u0161as: 10 gar\u0161as<\/p>\n<h2><strong>Lab\u0101k\u0101 gar\u0161a priek\u0161 <\/strong><strong>Uzl\u0101d\u0113jams vape AIVONO Lost Mary 6500 dvesmas<\/strong><\/h2>\n<p>\u0160is AIVONO Lost Mary 6500 dvesmu\u00a0 <strong>kastveida veips<\/strong> ier\u012bce pied\u0101v\u0101 <strong>12 aizraujo\u0161as gar\u0161as<\/strong>, no sk\u0101bena uzliesmojuma <strong>Zil\u0101 ave\u0146u limon\u0101de<\/strong> l\u012bdz atsvaidzino\u0161am v\u0113sumam <strong>Arb\u016bzu ledus<\/strong> un tropu mais\u012bjumam <strong>Mango persiku anan\u0101ss<\/strong>. Neatkar\u012bgi no t\u0101, vai dodat priek\u0161roku sald\u0101m, aug\u013cu vai ledus gar\u0161\u0101m, Vapme Spacex ir kaut kas katrai gaumei.<\/p>\n<p>1. Alvejas pa\u0161reiz\u0113jais ledus<span style=\"color: #ff0000\"><strong>&gt;&gt;&gt;&gt; Karsti!<\/strong><\/span><br \/>\n2. \u0136ir\u0161u melone<br \/>\n3. zeme\u0146u sald\u0113jums<br \/>\n4. zeme\u0146u kivi ledus<br \/>\n5. anan\u0101su kokosriekstu ledus<br \/>\n6. Citronu piparm\u0113tra<br \/>\n7. Balt\u0101 persika greipfr\u016btu melone<br \/>\n8. arb\u016bzu ko\u0161\u013c\u0101jam\u0101s gumijas ledus<span style=\"color: #ff0000\"><strong>&gt;&gt;&gt;&gt; Viss lab\u0101kais!<\/strong><\/span><br \/>\n9. zeme\u0146u ledus<span style=\"color: #ff0000\"><strong>&gt;&gt;&gt;&gt; Karsti!<\/strong><\/span><\/p>\n<figure id=\"attachment_2549\" aria-describedby=\"caption-attachment-2549\" style=\"width: 600px\" class=\"wp-caption alignnone\"><img loading=\"lazy\" decoding=\"async\" class=\"wp-image-2549 size-full\" src=\"https:\/\/rmvapesale.com\/wp-content\/uploads\/2024\/10\/AIM-PUFFSTAR-6500-Puffs-Disposable-Vape-Flavor.jpg\" alt=\"AIM PUFFSTAR 6500 dvesmu vienreiz\u0113j\u0101s lieto\u0161anas vape gar\u0161a\" width=\"600\" height=\"600\" srcset=\"https:\/\/rmvapesale.com\/wp-content\/uploads\/2024\/10\/AIM-PUFFSTAR-6500-Puffs-Disposable-Vape-Flavor.jpg 600w, https:\/\/rmvapesale.com\/wp-content\/uploads\/2024\/10\/AIM-PUFFSTAR-6500-Puffs-Disposable-Vape-Flavor-300x300.jpg 300w, https:\/\/rmvapesale.com\/wp-content\/uploads\/2024\/10\/AIM-PUFFSTAR-6500-Puffs-Disposable-Vape-Flavor-150x150.jpg 150w, https:\/\/rmvapesale.com\/wp-content\/uploads\/2024\/10\/AIM-PUFFSTAR-6500-Puffs-Disposable-Vape-Flavor-100x100.jpg 100w\" sizes=\"auto, (max-width: 600px) 100vw, 600px\" \/><figcaption id=\"caption-attachment-2549\" class=\"wp-caption-text\">AIM PUFFSTAR 6500 dvesmu vienreiz\u0113j\u0101s lieto\u0161anas vape gar\u0161a<\/figcaption><\/figure>\n<p>&nbsp;<\/p>\n<h3><strong>K\u0101p\u0113c izv\u0113l\u0113ties Rmvapesale AIVONO Lost Mary 6500 vienreiz\u0113j\u0101s lieto\u0161anas vape<\/strong><strong>?<\/strong><\/h3>\n<div class=\"flex-shrink-0 flex flex-col relative items-end\">\n<div class=\"pt-0\">\n<div class=\"gizmo-bot-avatar flex h-8 w-8 items-center justify-center overflow-hidden rounded-full\">\n<div class=\"relative p-1 rounded-sm flex items-center justify-center bg-token-main-surface-primary text-token-text-primary h-8 w-8\">\n<p>&nbsp;<\/p>\n<p>Kad izv\u0113laties Rmvapesale sav\u0101m vairumtirdzniec\u012bbas vienreiz\u0113j\u0101s lieto\u0161anas e-cigare\u0161u vajadz\u012bb\u0101m, j\u016bs ieg\u016bstat \u0161\u0101das priek\u0161roc\u012bbas:<\/p>\n<ul>\n<li><strong>Konkur\u0113tsp\u0113j\u012bga cena<\/strong>Ieg\u016bstiet pieeju pievilc\u012bg\u0101m vairumtirdzniec\u012bbas cen\u0101m, kas palielina j\u016bsu biznesa pe\u013c\u0146u.<\/li>\n<li><strong>Augsta kvalit\u0101te<\/strong>M\u016bsu vape ir izstr\u0101d\u0101tas atbilsto\u0161i augst\u0101kajiem standartiem, un <span style=\"color: #ff0000\"><strong>Garant\u0113ti 100% ori\u0123in\u0101li un autentiski, pret\u0113j\u0101 gad\u012bjum\u0101 par viltot\u0101m prec\u0113m tiks nodro\u0161in\u0101ta 10 reizes liel\u0101ka kompens\u0101cija!<\/strong><\/span><\/li>\n<li><strong>Izcils klientu serviss<\/strong>M\u016bsu \u012bpa\u0161\u0101 komanda vienm\u0113r ir gatava jums pal\u012bdz\u0113t, padarot j\u016bsu pirk\u0161anas procesu vienk\u0101r\u0161u un \u0113rtu.<\/li>\n<li><strong>\u0100tra<\/strong>: Sagaidiet \u0101tru un uzticamu pieg\u0101di, kas nodro\u0161ina, ka j\u016bsu pas\u016bt\u012bjumi vienm\u0113r tiek pieg\u0101d\u0101ti laik\u0101.<\/li>\n<\/ul>\n<\/div>\n<h3><\/h3>\n<div class=\"relative p-1 rounded-sm flex items-center justify-center bg-token-main-surface-primary text-token-text-primary h-8 w-8\">\n<h3><b>Uzl\u0101d\u0113jama vape AIVONO Lost Mary 6500 dvesmu bie\u017ei uzdotie jaut\u0101jumi<\/b><\/h3>\n<ul>\n<li><strong>K\u0101 uzl\u0101d\u0113t AIVONO 6500 uzl\u0101d\u0113jamo vienreizlietojamo tvaiku<\/strong><br \/>\nAIVONO Lost Mary 6500 Puff ir uzl\u0101d\u0113jams, izmantojot C tipa uzl\u0101des saskarni. Lai uzl\u0101d\u0113tu, pievienojiet C tipa kabeli str\u0101vas avotam, un 650 mAh akumulators \u0101tri uzl\u0101d\u0113sies, \u013caujot veikt ilgsto\u0161as tvaic\u0113\u0161anas sesijas.<\/li>\n<li><strong>Cik daudz nikot\u012bna ir AIVONO Lost Mary 6500 Puff<\/strong><br \/>\nNikot\u012bna stiprums AIVONO Lost Mary 6500 Puff nav nor\u0101d\u012bts satur\u0101. Tom\u0113r vienreizlietojamie tvaiki, piem\u0113ram, \u0161is, bie\u017ei ir pieejami da\u017e\u0101dos nikot\u012bna l\u012bme\u0146os, piem\u0113ram, 2% (20mg) vai 5% (50mg), lai atbilstu da\u017e\u0101d\u0101m v\u0113lm\u0113m. Prec\u012bzu inform\u0101ciju varat p\u0101rbaud\u012bt pie mazumtirgot\u0101ja vai uz iepakojuma.<\/li>\n<li><strong>Cik ilgi man vajadz\u0113tu uzl\u0101d\u0113t savu Lost Mary 6500 vienreizlietojamo tvaiku kasti?<\/strong><br \/>\nKonkr\u0113tais uzl\u0101des laiks ir atkar\u012bgs no str\u0101vas avota, ta\u010du C tipa \u0101tr\u0101s uzl\u0101des iesp\u0113jai vajadz\u0113tu \u013caut sal\u012bdzino\u0161i \u0101tri uzl\u0101d\u0113t. Uzl\u0101des laik\u0101 uzraugiet ier\u012bci, un ir ieteicams atsaukties uz uzl\u0101des indikatoriem, lai uzzin\u0101tu, kad t\u0101 ir piln\u012bb\u0101 uzl\u0101d\u0113ta.<\/li>\n<li><strong>Kur es varu ieg\u0101d\u0101ties AIVONO Lost Mary 6500 vienreizlietojamo tvaiku?<\/strong><br \/>\nAIVONO Lost Mary 6500 vienreizlietojamo tvaiku var ieg\u0101d\u0101ties <strong>veikalu veipos<\/strong>, tie\u0161saistes platform\u0101s, kur varat <strong>pirkt e-cigaretes tie\u0161saist\u0113<\/strong>, vai no <strong>vairumtirdzniec\u012bbas tvaiku<\/strong> pieg\u0101d\u0101t\u0101jiem. P\u0101rbaudiet tie\u0161saistes tvaiku mazumtirgot\u0101jus vai viet\u0113jos veikalus, lai uzzin\u0101tu par pieejam\u012bbu.<\/li>\n<li><strong>K\u0101di ir lab\u0101kie vienreizlietojamie tvaiki 2024. gad\u0101?<\/strong><br \/>\nDa\u017ei no lab\u0101kajiem vienreizlietojamajiem tvaikiem 2024. gad\u0101 ir:<\/p>\n<ul>\n<li><strong>AIVONO Lost Mary 6500 Puff<\/strong>: paz\u012bstams ar savu lielo e-\u0161\u0137idruma ietilp\u012bbu, uzl\u0101d\u0113jamu akumulatoru un regul\u0113jamu gaisa pl\u016bsmu.<\/li>\n<li><strong>Vapme Crystal 20000 dvesmas<\/strong>: pied\u0101v\u0101 dubult\u0101s gar\u0161as funkcionalit\u0101ti daudzpus\u012bgai tvaic\u0113\u0161anas pieredzei.<\/li>\n<li><strong>Fumot RandM Tornado 30000 dvesmas<\/strong>: izce\u013cas ar sav\u0101m ar m\u016bziku sinhroniz\u0113t\u0101m RGB gaism\u0101m.<\/li>\n<li><strong>Aivono Fatpro 22000 dvesmas<\/strong>: Pied\u0101v\u0101 piel\u0101gojamu gaisa pl\u016bsmu un progres\u012bvu t\u012bkla spoles tehnolo\u0123iju.<\/li>\n<\/ul>\n<\/li>\n<\/ul>\n<\/div>\n<\/div>\n<\/div>\n<\/div>\n<h3>Par s\u016bt\u012bjumu<\/h3>\n<div class=\"flex-shrink-0 flex flex-col relative items-end\">\n<div>\n<div class=\"pt-0\">\n<div class=\"gizmo-bot-avatar flex h-8 w-8 items-center justify-center overflow-hidden rounded-full\">\n<div><\/div>\n<div class=\"relative p-1 rounded-sm flex items-center justify-center bg-token-main-surface-primary text-token-text-primary h-8 w-8\"><strong>1. K\u0101das pieg\u0101des metodes tiek izmantotas?<\/strong><\/div>\n<\/div>\n<\/div>\n<\/div>\n<\/div>\n<div class=\"group\/conversation-turn relative flex w-full min-w-0 flex-col agent-turn\">\n<div class=\"flex-col gap-1 md:gap-3\">\n<div class=\"flex max-w-full flex-col flex-grow\">\n<div class=\"min-h-[20px] text-message flex w-full flex-col items-end gap-2 whitespace-normal break-words [.text-message+&amp;]:mt-5 overflow-x-auto\" dir=\"auto\" data-message-author-role=\"assistant\" data-message-id=\"22f8283b-3233-46ff-89a5-c7a41b33abda\">\n<div class=\"flex w-full flex-col gap-1 empty:hidden first:pt-[3px]\">\n<div class=\"markdown prose w-full break-words dark:prose-invert light\">\n<p>M\u0113s sadarbojamies ar UPS, DHL, FedEx, DPD un citiem vado\u0161ajiem p\u0101rvad\u0101t\u0101jiem. M\u0113s izv\u0113l\u0113simies lab\u0101ko pieg\u0101des veidu, pamatojoties uz j\u016bsu pieg\u0101des vietu, lai nodro\u0161in\u0101tu, ka j\u016bs sa\u0146emat savus produktus p\u0113c iesp\u0113jas \u0101tr\u0101k.<\/p>\n<\/div>\n<p><strong>2. Cik ilgs laiks paiet, l\u012bdz tas pien\u0101k?<\/strong><\/p>\n<p>Pieg\u0101des uz Latviju parasti ierodas 10 darba dienu laik\u0101. Pieg\u0101de uz Eiropas valst\u012bm parasti aiz\u0146em apm\u0113ram 12-15 darba dienas. M\u0113s nodro\u0161in\u0101sim re\u0101llaika atjaunin\u0101jumus par j\u016bsu pieg\u0101des statusu.<\/p>\n<\/div>\n<\/div>\n<\/div>\n<\/div>\n<\/div>\n<p>&nbsp;<\/p>\n<p>Citi popul\u0101ri vape, kas jums var\u0113tu patikt:<\/p>\n<p><a href=\"https:\/\/rmvapesale.com\/lv\/product\/fumot-randm-tornado-30000-puffs-30k-music-disposable-vape\/\"><strong>RandM Tornado 30000 Puffs\u00a0 \u00a0<span style=\"color: #ff0000\">&gt;&gt;&gt;&gt; uz priek\u0161u!<\/span><\/strong><\/a><\/p>\n<p><strong><a href=\"https:\/\/rmvapesale.com\/lv\/product\/vapme-crystal-20000-puffs-20k-double-flavor-rechargeable-vapes\/\">Vapme Crystal 20000 dvesmas <span style=\"color: #ff0000\">&gt;&gt;&gt;&gt; uz priek\u0161u!<\/span><\/a>\u00a0<\/strong><\/p>\n<p><a href=\"https:\/\/rmvapesale.com\/lv\/product\/original-randm-vape-digital-puff-12000-fumot-factory-price\/\"><strong>Fumot Vape 12000 Puffs <span style=\"color: #ff0000\">&gt;&gt;&gt;&gt; uz priek\u0161u!<\/span><\/strong><\/a><\/p>\n<p>&nbsp;<\/p>\n<p>&nbsp;<\/p>\n<p>Atrodiet vair\u0101k Vape produktu, kas jums var\u0113tu patikt:<strong><em><a href=\"https:\/\/rmvapesale.com\/lv\/shop-2\/\">iepirkties tagad &gt;&gt;&gt;<\/a><\/em><\/strong><\/p>","protected":false},"excerpt":{"rendered":"<p>AIVONO AIM 6500 Pufi Kaste Vape Veikals Tie\u0161saist\u0113<br \/>\nLost Mary 6500 Pufi Uzl\u0101d\u0113jams Vape Stienis<br \/>\nAIVONO Lost Mary 6500 Pufi Vienreiz\u0113j\u0101s Lieto\u0161anas Vape Kaste Vairumtirdzniec\u012bba<\/p>\n<p><img loading=\"lazy\" decoding=\"async\" class=\"size-full wp-image-2375\" src=\"https:\/\/rmvapesale.com\/wp-content\/uploads\/2024\/10\/image.png\" alt=\"Lab\u0101kais vienreiz\u0113jais vape\" width=\"229\" height=\"300\" \/><\/p>\n<h3><a href=\"https:\/\/wa.me\/8617776015835\"><span style=\"color: #ff0000\"><strong>WhatsApp: +86 17776015835<\/strong><\/span><\/a><\/h3>\n<p>&nbsp;<\/p>","protected":false},"featured_media":2552,"comment_status":"open","ping_status":"closed","template":"","meta":{"_uag_custom_page_level_css":"","_lmt_disableupdate":"no","_lmt_disable":"","site-sidebar-layout":"default","site-content-layout":"content-boxed-container","ast-site-content-layout":"normal-width-container","site-content-style":"boxed","site-sidebar-style":"unboxed","ast-global-header-display":"","ast-banner-title-visibility":"","ast-main-header-display":"","ast-hfb-above-header-display":"","ast-hfb-below-header-display":"","ast-hfb-mobile-header-display":"","site-post-title":"","ast-breadcrumbs-content":"","ast-featured-img":"","footer-sml-layout":"","ast-disable-related-posts":"","theme-transparent-header-meta":"default","adv-header-id-meta":"","stick-header-meta":"","header-above-stick-meta":"","header-main-stick-meta":"","header-below-stick-meta":"","astra-migrate-meta-layouts":"set","ast-page-background-enabled":"default","ast-page-background-meta":{"desktop":{"background-color":"var(--ast-global-color-4)","background-image":"","background-repeat":"repeat","background-position":"center center","background-size":"auto","background-attachment":"scroll","background-type":"","background-media":"","overlay-type":"","overlay-color":"","overlay-opacity":"","overlay-gradient":""},"tablet":{"background-color":"","background-image":"","background-repeat":"repeat","background-position":"center center","background-size":"auto","background-attachment":"scroll","background-type":"","background-media":"","overlay-type":"","overlay-color":"","overlay-opacity":"","overlay-gradient":""},"mobile":{"background-color":"","background-image":"","background-repeat":"repeat","background-position":"center center","background-size":"auto","background-attachment":"scroll","background-type":"","background-media":"","overlay-type":"","overlay-color":"","overlay-opacity":"","overlay-gradient":""}},"ast-content-background-meta":{"desktop":{"background-color":"var(--ast-global-color-5)","background-image":"","background-repeat":"repeat","background-position":"center center","background-size":"auto","background-attachment":"scroll","background-type":"","background-media":"","overlay-type":"","overlay-color":"","overlay-opacity":"","overlay-gradient":""},"tablet":{"background-color":"var(--ast-global-color-5)","background-image":"","background-repeat":"repeat","background-position":"center center","background-size":"auto","background-attachment":"scroll","background-type":"","background-media":"","overlay-type":"","overlay-color":"","overlay-opacity":"","overlay-gradient":""},"mobile":{"background-color":"var(--ast-global-color-5)","background-image":"","background-repeat":"repeat","background-position":"center center","background-size":"auto","background-attachment":"scroll","background-type":"","background-media":"","overlay-type":"","overlay-color":"","overlay-opacity":"","overlay-gradient":""}},"_joinchat":[]},"product_brand":[],"product_cat":[15,27,25,123,30,26,28,137,136,135],"product_tag":[146,188,167,189,190,165,120],"class_list":{"0":"post-2554","1":"product","2":"type-product","3":"status-publish","4":"has-post-thumbnail","6":"product_cat-new-vape-this-week","7":"product_cat-fance-hot-sale-vape","8":"product_cat-germany-best-selling-vape","9":"product_cat-italy-wholesale-vape","10":"product_cat-minimum-order-quantity-50pcs","11":"product_cat-netherlands-hot-sale-vape","12":"product_cat-poland-hot-sale-vape","13":"product_cat-rechargeable-vapes","14":"product_cat-smart-screen-vapes","15":"product_cat-spain-best-hot-sale-vape","16":"product_tag-best-hot-sale-vape","17":"product_tag-buy-vapes-online","18":"product_tag-disposable-vape-with-screen","19":"product_tag-lost-mary-vape","20":"product_tag-puff-6500","21":"product_tag-rechargeable-vapes","22":"product_tag-vape-wholesale","23":"desktop-align-left","24":"tablet-align-left","25":"mobile-align-left","27":"first","28":"instock","29":"sale","30":"shipping-taxable","31":"purchasable","32":"product-type-simple"},"uagb_featured_image_src":{"full":["https:\/\/rmvapesale.com\/wp-content\/uploads\/2024\/10\/AIM-PUFFSTAR-6500.jpg",600,600,false],"thumbnail":["https:\/\/rmvapesale.com\/wp-content\/uploads\/2024\/10\/AIM-PUFFSTAR-6500-150x150.jpg",150,150,true],"medium":["https:\/\/rmvapesale.com\/wp-content\/uploads\/2024\/10\/AIM-PUFFSTAR-6500-300x300.jpg",300,300,true],"medium_large":["https:\/\/rmvapesale.com\/wp-content\/uploads\/2024\/10\/AIM-PUFFSTAR-6500.jpg",600,600,false],"large":["https:\/\/rmvapesale.com\/wp-content\/uploads\/2024\/10\/AIM-PUFFSTAR-6500.jpg",600,600,false],"1536x1536":["https:\/\/rmvapesale.com\/wp-content\/uploads\/2024\/10\/AIM-PUFFSTAR-6500.jpg",600,600,false],"2048x2048":["https:\/\/rmvapesale.com\/wp-content\/uploads\/2024\/10\/AIM-PUFFSTAR-6500.jpg",600,600,false],"trp-custom-language-flag":["https:\/\/rmvapesale.com\/wp-content\/uploads\/2024\/10\/AIM-PUFFSTAR-6500.jpg",12,12,false],"woocommerce_thumbnail":["https:\/\/rmvapesale.com\/wp-content\/uploads\/2024\/10\/AIM-PUFFSTAR-6500-300x300.jpg",300,300,true],"woocommerce_single":["https:\/\/rmvapesale.com\/wp-content\/uploads\/2024\/10\/AIM-PUFFSTAR-6500.jpg",600,600,false],"woocommerce_gallery_thumbnail":["https:\/\/rmvapesale.com\/wp-content\/uploads\/2024\/10\/AIM-PUFFSTAR-6500-100x100.jpg",100,100,true],"wcpr-photo-reviews":["https:\/\/rmvapesale.com\/wp-content\/uploads\/2024\/10\/AIM-PUFFSTAR-6500.jpg",500,500,false]},"uagb_author_info":{"display_name":"AMY","author_link":"https:\/\/rmvapesale.com\/lv\/author\/"},"uagb_comment_info":0,"uagb_excerpt":"AIVONO AIM 6500 Puff Box Vape Shop Online Lost Mary 6500 Puff Rechargable Vape Bar AIVONO Lost Mary 6500 Puff Disposable Vape Box Wholesale WhatsApp: +86 17776015835 &nbsp;","_links":{"self":[{"href":"https:\/\/rmvapesale.com\/lv\/wp-json\/wp\/v2\/product\/2554","targetHints":{"allow":["GET"]}}],"collection":[{"href":"https:\/\/rmvapesale.com\/lv\/wp-json\/wp\/v2\/product"}],"about":[{"href":"https:\/\/rmvapesale.com\/lv\/wp-json\/wp\/v2\/types\/product"}],"replies":[{"embeddable":true,"href":"https:\/\/rmvapesale.com\/lv\/wp-json\/wp\/v2\/comments?post=2554"}],"wp:featuredmedia":[{"embeddable":true,"href":"https:\/\/rmvapesale.com\/lv\/wp-json\/wp\/v2\/media\/2552"}],"wp:attachment":[{"href":"https:\/\/rmvapesale.com\/lv\/wp-json\/wp\/v2\/media?parent=2554"}],"wp:term":[{"taxonomy":"product_brand","embeddable":true,"href":"https:\/\/rmvapesale.com\/lv\/wp-json\/wp\/v2\/product_brand?post=2554"},{"taxonomy":"product_cat","embeddable":true,"href":"https:\/\/rmvapesale.com\/lv\/wp-json\/wp\/v2\/product_cat?post=2554"},{"taxonomy":"product_tag","embeddable":true,"href":"https:\/\/rmvapesale.com\/lv\/wp-json\/wp\/v2\/product_tag?post=2554"}],"curies":[{"name":"wp","href":"https:\/\/api.w.org\/{rel}","templated":true}]}}