{"id":2562,"date":"2024-10-25T07:04:35","date_gmt":"2024-10-25T07:04:35","guid":{"rendered":"https:\/\/rmvapesale.com\/?post_type=product&#038;p=2562"},"modified":"2024-10-25T07:28:33","modified_gmt":"2024-10-25T07:28:33","slug":"elf-world-i15-pro-12000-rechargeable-disposable-vape-pod","status":"publish","type":"product","link":"https:\/\/rmvapesale.com\/lv\/product\/elf-world-i15-pro-12000-rechargeable-disposable-vape-pod\/","title":{"rendered":"Elf World i15 Pro 12000 atk\u0101rtoti uzl\u0101d\u0113jams vienreizlietojams vape pods"},"content":{"rendered":"<div class=\"B2VR9 CJHX3e\">\n<div class=\"wyccme\">\n<h1 class=\"LC20lb MBeuO DKV0Md\">Elf World i15 Pro 12000 atk\u0101rtoti uzl\u0101d\u0113jams vienreizlietojams vape pods<\/h1>\n<div class=\"flex-shrink-0 flex flex-col relative items-end\">\n<div class=\"pt-0\">\n<div class=\"gizmo-bot-avatar flex h-8 w-8 items-center justify-center overflow-hidden rounded-full\">\n<div class=\"relative p-1 rounded-sm flex items-center justify-center bg-token-main-surface-primary text-token-text-primary h-8 w-8\">\n<p>\u0160is <strong>Elf World i15 Pro 12000 atk\u0101rtoti uzl\u0101d\u0113jams vienreizlietojams vape pods<\/strong> nosaka jaunu standartu MTL tvaic\u0113\u0161anai ar savu progres\u012bvo tehnolo\u0123iju, gludu dizainu un iespaid\u012bgo ilgm\u016b\u017e\u012bbu. Izgatavota ar ergonomisku formas faktoru, \u0161\u012b ier\u012bce \u0113rti iek\u013caujas j\u016bsu rok\u0101, padarot to ne tikai par vape, bet ar\u012b par rafin\u0113tu piederumu. Paredz\u0113ts gan pieredz\u0113ju\u0161iem vaperiem, gan jaunpien\u0101c\u0113jiem, \u0161is dvesmu 12 vape apvieno stilu un funkcionalit\u0101ti vien\u0101 kompakt\u0101 iepakojum\u0101.<\/p>\n<p>Ar <strong>12000 dvesmas<\/strong> uz vienu ier\u012bci, <strong>Elf World <\/strong>i15 Pro pied\u0101v\u0101 ilgsto\u0161u lieto\u0161anu, konkur\u0113jot ar cit\u0101m augst\u0101k\u0101 l\u012bme\u0146a iesp\u0113j\u0101m<strong> vienreiz\u0113j\u0101s lieto\u0161anas e-cigarete<\/strong> tirgus. Darbojas ar <strong>650 mAh integr\u0113ts akumulators<\/strong> un apr\u012bkots ar <strong>C tipa uzl\u0101des ports<\/strong>, \u0161is <strong>uzl\u0101d\u0113jams vienreiz\u0113j\u0101s lieto\u0161anas vape<\/strong> ir paredz\u0113ts bez probl\u0113m\u0101m, konsekventai lieto\u0161anai. Ier\u012bce \u0101tri uzsilst, lai ieg\u016btu vienm\u0113r\u012bgu, konsekventu tvaiku ar katru dvesmu, padarot j\u016bsu tvaic\u0113\u0161anas pieredzi pat\u012bkamu un \u0113rtu.<\/p>\n<p>\u0160is <strong>Elf World 12000 dvesmu vape<\/strong> lepojas ar\u012b ar <strong>autom\u0101tisko aktiviz\u0113\u0161anas sist\u0113mu<\/strong>, vienk\u0101r\u0161ojot tvaic\u0113\u0161anas procesu, un t\u0101s dinamiskais displejs \u013cauj viegli uzraudz\u012bt akumulatora darb\u012bbas laiku. Ar savu iztur\u012bgo konstrukciju \u0161is vape pod ir veidots, lai iztur\u0113tu ikdienas lieto\u0161anu, vienlaikus saglab\u0101jot elegantu apdari, kas j\u016bsu vaping pieredzei pie\u0161\u0137ir izsmalcin\u0101t\u012bbu.<\/p>\n<\/div>\n<\/div>\n<\/div>\n<\/div>\n<\/div>\n<\/div>\n<p><strong>Sazinieties ar Eimiju, lai ieg\u016btu pareizo atbildi un veipu kuponu!<\/strong><\/p>\n<p><img loading=\"lazy\" decoding=\"async\" class=\"size-full wp-image-1978\" src=\"https:\/\/rmvapesale.com\/wp-content\/uploads\/2024\/09\/Disposable-Vape-Wholesale.jpg\" alt=\"Vienreiz\u0113jais vape vairumtirdzniec\u012bba\" width=\"229\" height=\"300\" \/><\/p>\n<h3><a href=\"https:\/\/wa.me\/8617776015835\" target=\"_blank\" rel=\"noopener\"><span style=\"color: #ff0000\"><strong>WhatsApp: +86 17776015835<\/strong><\/span><\/a><\/h3>\n<p>&nbsp;<\/p>\n<h2><\/h2>\n<h2><strong>Elf World i15 Pro 12000 atk\u0101rtoti uzl\u0101d\u0113jams vienreiz\u0113j\u0101s lieto\u0161anas vape <\/strong><strong>Galven\u0101s iez\u012bmes<\/strong><\/h2>\n<p>Produkta veids: vienreizlietojamais vape<br \/>\nDvesma: 12000 dvesmu<br \/>\nE-\u0161\u0137idruma ietilp\u012bba: 18 ml<br \/>\nNikot\u012bna stiprums: 5%<br \/>\nSpoles strukt\u016bra: T\u012bkli\u0146a spole<br \/>\nAkumulatora ietilp\u012bba: 650mAh<br \/>\nL\u0101d\u0113\u0161anas ports: Type-C<br \/>\nLED ekr\u0101ns r\u0101da E-\u0161\u0137idruma un akumulatora l\u012bmeni<\/p>\n<p>&nbsp;<\/p>\n<h2><strong>Lab\u0101k\u0101 gar\u0161a priek\u0161 <\/strong><strong>Atjaunojams Vape Elf World 12000 p\u012bp\u0113\u0161anas<\/strong><\/h2>\n<p>&nbsp;<\/p>\n<p>1. Persiku mango<br \/>\n2. V\u012bnogu ledus<br \/>\n3. Vanil\u012bna Casta tabaka<br \/>\n4. Arb\u016bza burbu\u013cgumija <span style=\"color: #ff0000\"><strong>&gt;&gt;&gt;&gt; Karsti!<\/strong><\/span><br \/>\n5. Zeme\u0146u sald\u0113jums<br \/>\n6. Kiwija pasijas aug\u013ci guava<br \/>\n7. Arb\u016bzu ledus<br \/>\n8. \u0136ir\u0161u ave\u0146u arb\u016bzs<br \/>\n9. Sajaukts ogu <span style=\"color: #ff0000\"><strong>&gt;&gt;&gt;&gt; Viss lab\u0101kais!<\/strong><\/span><br \/>\n10. Zeme\u0146u ledus <span style=\"color: #ff0000\"><strong>&gt;&gt;&gt;&gt; Karsti!<\/strong><\/span><\/p>\n<figure id=\"attachment_2560\" aria-describedby=\"caption-attachment-2560\" style=\"width: 800px\" class=\"wp-caption alignnone\"><img loading=\"lazy\" decoding=\"async\" class=\"wp-image-2560 size-full\" src=\"https:\/\/rmvapesale.com\/wp-content\/uploads\/2024\/10\/ELFWORLD-I15-Pro-Disposable-Vape-Kit-12000-Puffs.jpg\" alt=\"ELFWORLD I15 Pro vienreizlietojamo vape komplekts 12000 dvesmu\" width=\"800\" height=\"800\" srcset=\"https:\/\/rmvapesale.com\/wp-content\/uploads\/2024\/10\/ELFWORLD-I15-Pro-Disposable-Vape-Kit-12000-Puffs.jpg 800w, https:\/\/rmvapesale.com\/wp-content\/uploads\/2024\/10\/ELFWORLD-I15-Pro-Disposable-Vape-Kit-12000-Puffs-300x300.jpg 300w, https:\/\/rmvapesale.com\/wp-content\/uploads\/2024\/10\/ELFWORLD-I15-Pro-Disposable-Vape-Kit-12000-Puffs-150x150.jpg 150w, https:\/\/rmvapesale.com\/wp-content\/uploads\/2024\/10\/ELFWORLD-I15-Pro-Disposable-Vape-Kit-12000-Puffs-768x768.jpg 768w, https:\/\/rmvapesale.com\/wp-content\/uploads\/2024\/10\/ELFWORLD-I15-Pro-Disposable-Vape-Kit-12000-Puffs-600x600.jpg 600w, https:\/\/rmvapesale.com\/wp-content\/uploads\/2024\/10\/ELFWORLD-I15-Pro-Disposable-Vape-Kit-12000-Puffs-100x100.jpg 100w\" sizes=\"auto, (max-width: 800px) 100vw, 800px\" \/><figcaption id=\"caption-attachment-2560\" class=\"wp-caption-text\">ELFWORLD I15 Pro vienreizlietojamo vape komplekts 12000 dvesmu<\/figcaption><\/figure>\n<h3><strong>K\u0101p\u0113c izv\u0113l\u0113ties Rmvapesale Elf World i15 Pro 12000 atjaunojamu vienreiz\u0113jo vape<\/strong><strong>?<\/strong><\/h3>\n<div class=\"flex-shrink-0 flex flex-col relative items-end\">\n<div class=\"pt-0\">\n<div class=\"gizmo-bot-avatar flex h-8 w-8 items-center justify-center overflow-hidden rounded-full\">\n<div class=\"relative p-1 rounded-sm flex items-center justify-center bg-token-main-surface-primary text-token-text-primary h-8 w-8\">\n<p>&nbsp;<\/p>\n<p>Kad izv\u0113laties Rmvapesale sav\u0101m vairumtirdzniec\u012bbas vienreiz\u0113j\u0101s lieto\u0161anas e-cigare\u0161u vajadz\u012bb\u0101m, j\u016bs ieg\u016bstat \u0161\u0101das priek\u0161roc\u012bbas:<\/p>\n<ul>\n<li><strong>Konkur\u0113tsp\u0113j\u012bga cena<\/strong>Ieg\u016bstiet pieeju pievilc\u012bg\u0101m vairumtirdzniec\u012bbas cen\u0101m, kas palielina j\u016bsu biznesa pe\u013c\u0146u.<\/li>\n<li><strong>Augsta kvalit\u0101te<\/strong>M\u016bsu vape ir izstr\u0101d\u0101tas atbilsto\u0161i augst\u0101kajiem standartiem, un <span style=\"color: #ff0000\"><strong>Garant\u0113ti 100% ori\u0123in\u0101li un autentiski, pret\u0113j\u0101 gad\u012bjum\u0101 par viltot\u0101m prec\u0113m tiks nodro\u0161in\u0101ta 10 reizes liel\u0101ka kompens\u0101cija!<\/strong><\/span><\/li>\n<li><strong>Izcils klientu serviss<\/strong>M\u016bsu \u012bpa\u0161\u0101 komanda vienm\u0113r ir gatava jums pal\u012bdz\u0113t, padarot j\u016bsu pirk\u0161anas procesu vienk\u0101r\u0161u un \u0113rtu.<\/li>\n<li><strong>\u0100tra<\/strong>: Sagaidiet \u0101tru un uzticamu pieg\u0101di, kas nodro\u0161ina, ka j\u016bsu pas\u016bt\u012bjumi vienm\u0113r tiek pieg\u0101d\u0101ti laik\u0101.<\/li>\n<\/ul>\n<\/div>\n<h3><\/h3>\n<div class=\"relative p-1 rounded-sm flex items-center justify-center bg-token-main-surface-primary text-token-text-primary h-8 w-8\">\n<h3><b>Atjaunojams Vape Elf World i15 Pro 12000 p\u012bp\u0113\u0161anas bie\u017e\u0101k uzdotie jaut\u0101jumi<\/b><\/h3>\n<ul>\n<li><strong>K\u0101 uzl\u0101d\u0113t Elf World Bar i15 Pro 12000 atjaunojamo vienreiz\u0113jo vape<\/strong><br \/>\nElf World i15 Pro 12000 ir apr\u012bkots ar 650mAh atk\u0101rtoti uzl\u0101d\u0113jamu akumulatoru. Lai uzl\u0101d\u0113tu, pievienojiet ier\u012bci baro\u0161anas avotam, izmantojot Type-C l\u0101d\u0113\u0161anas portu. \u0160\u012b \u0101tr\u0101s uzl\u0101des iesp\u0113ja nodro\u0161ina vieglu uzl\u0101di un \u0101tru atgrie\u0161anos pie vaping\u0161anas.<\/li>\n<li><strong>Cik daudz nikot\u012bna ir Elf World Bar 12000 p\u012bp\u0113\u0161an\u0101<\/strong><br \/>\nNikot\u012bna stiprums Elf World i15 Pro 12000 nav nor\u0101d\u012bts satur\u0101. Vienreiz\u0113jie vape parasti ir pieejami da\u017e\u0101dos nikot\u012bna l\u012bme\u0146os, piem\u0113ram, 2% (20mg) vai 5% (50mg). Prec\u012bzu nikot\u012bna inform\u0101ciju p\u0101rbaudiet produkta iepakojum\u0101 vai pie p\u0101rdev\u0113ja.<\/li>\n<li><strong>Cik ilgi man vajadz\u0113tu uzl\u0101d\u0113t savu Elf World 12000 vienreiz\u0113jo vape?<\/strong><br \/>\nPrec\u012bzs uzl\u0101des laiks ir atkar\u012bgs no baro\u0161anas avota, bet ar Type-C \u0101tr\u0101s uzl\u0101des funkciju tas j\u0101uzl\u0101d\u0113 \u0101tri. J\u016bs varat uzraudz\u012bt ier\u012bces akumulatora statusu uz displeja ekr\u0101na, kas nor\u0101da, kad akumulators ir piln\u012bb\u0101 uzl\u0101d\u0113ts.<\/li>\n<li><strong>Kur es varu nopirkt Elf World Bar i15 Pro 12000 Vienreiz\u0113j\u0101s lieto\u0161anas Vape?<\/strong><br \/>\nElf World i15 Pro 12000 var ieg\u0101d\u0101ties no vape veikaliem, tie\u0161saistes mazumtirgot\u0101jiem, kas pied\u0101v\u0101 <strong>vienreiz\u0113j\u0101s lieto\u0161anas elektronisk\u0101s cigaretes<\/strong>, vai <strong>vairumtirdzniec\u012bbas tvaiku<\/strong> pieg\u0101d\u0101t\u0101jiem. Lai p\u0101rbaud\u012btu pieejam\u012bbu, skatiet tie\u0161saistes vape veikalus vai viet\u0113jos vape veikalus.<\/li>\n<li><strong>K\u0101di ir lab\u0101kie vienreizlietojamie tvaiki 2024. gad\u0101?<\/strong><br \/>\nDa\u017ei no lab\u0101kajiem vienreizlietojamajiem tvaikiem 2024. gad\u0101 ir:<\/p>\n<ul>\n<li><strong>Elf World i15 Pro 12000<\/strong>: Zin\u0101ms ar savu 12000 p\u016btienu kapacit\u0101ti, uzl\u0101d\u0113jamu akumulatoru un MTL koncentr\u0113tu dizainu.<\/li>\n<li><strong>AIVONO Lost Mary 6500 Puff<\/strong>: Pied\u0101v\u0101 regul\u0113jamu gaisa pl\u016bsmu un kompakta dizaina augstu p\u0101rn\u0113s\u0101jamu sp\u0113ju.<\/li>\n<li><strong>Vapme Crystal 20000 dvesmas<\/strong>: Pied\u0101v\u0101 Dubult\u0101s Gar\u0161as funkcionalit\u0101ti un Type-C uzl\u0101di.<\/li>\n<li><strong>Fumot RandM Tornado 30000 dvesmas<\/strong>: Unik\u0101ls ar m\u016bzikas sinhroniz\u0113t\u0101m RGB gaism\u0101m un lielu p\u016btienu kapacit\u0101ti.<\/li>\n<\/ul>\n<\/li>\n<\/ul>\n<\/div>\n<\/div>\n<\/div>\n<\/div>\n<h3>Par s\u016bt\u012bjumu<\/h3>\n<div class=\"flex-shrink-0 flex flex-col relative items-end\">\n<div>\n<div class=\"pt-0\">\n<div class=\"gizmo-bot-avatar flex h-8 w-8 items-center justify-center overflow-hidden rounded-full\">\n<div><\/div>\n<div class=\"relative p-1 rounded-sm flex items-center justify-center bg-token-main-surface-primary text-token-text-primary h-8 w-8\"><strong>1. K\u0101das pieg\u0101des metodes tiek izmantotas?<\/strong><\/div>\n<\/div>\n<\/div>\n<\/div>\n<\/div>\n<div class=\"group\/conversation-turn relative flex w-full min-w-0 flex-col agent-turn\">\n<div class=\"flex-col gap-1 md:gap-3\">\n<div class=\"flex max-w-full flex-col flex-grow\">\n<div class=\"min-h-[20px] text-message flex w-full flex-col items-end gap-2 whitespace-normal break-words [.text-message+&amp;]:mt-5 overflow-x-auto\" dir=\"auto\" data-message-author-role=\"assistant\" data-message-id=\"22f8283b-3233-46ff-89a5-c7a41b33abda\">\n<div class=\"flex w-full flex-col gap-1 empty:hidden first:pt-[3px]\">\n<div class=\"markdown prose w-full break-words dark:prose-invert light\">\n<p>M\u0113s sadarbojamies ar UPS, DHL, FedEx, DPD un citiem vado\u0161ajiem p\u0101rvad\u0101t\u0101jiem. M\u0113s izv\u0113l\u0113simies lab\u0101ko pieg\u0101des veidu, pamatojoties uz j\u016bsu pieg\u0101des vietu, lai nodro\u0161in\u0101tu, ka j\u016bs sa\u0146emat savus produktus p\u0113c iesp\u0113jas \u0101tr\u0101k.<\/p>\n<\/div>\n<p><strong>2. Cik ilgs laiks paiet, l\u012bdz tas pien\u0101k?<\/strong><\/p>\n<p>Pieg\u0101des uz Latviju parasti ierodas 10 darba dienu laik\u0101. Pieg\u0101de uz Eiropas valst\u012bm parasti aiz\u0146em apm\u0113ram 12-15 darba dienas. M\u0113s nodro\u0161in\u0101sim re\u0101llaika atjaunin\u0101jumus par j\u016bsu pieg\u0101des statusu.<\/p>\n<\/div>\n<\/div>\n<\/div>\n<\/div>\n<\/div>\n<p>&nbsp;<\/p>\n<p>Citi popul\u0101ri vape, kas jums var\u0113tu patikt:<\/p>\n<p><a href=\"https:\/\/rmvapesale.com\/lv\/product\/fumot-randm-tornado-30000-puffs-30k-music-disposable-vape\/\"><strong>RandM Tornado 30000 Puffs\u00a0 \u00a0<span style=\"color: #ff0000\">&gt;&gt;&gt;&gt; uz priek\u0161u!<\/span><\/strong><\/a><\/p>\n<p><strong><a href=\"https:\/\/rmvapesale.com\/lv\/product\/rechargeable-vape-vapme-spacex-22000-puff-wholesale\/\">Vapme Spacex 22000 Puffs <span style=\"color: #ff0000\">&gt;&gt;&gt;&gt; uz priek\u0161u!<\/span><\/a>\u00a0<\/strong><\/p>\n<p><a href=\"https:\/\/rmvapesale.com\/lv\/product\/original-randm-vape-digital-puff-12000-fumot-factory-price\/\"><strong>Fumot Vape 12000 Puffs <span style=\"color: #ff0000\">&gt;&gt;&gt;&gt; uz priek\u0161u!<\/span><\/strong><\/a><\/p>\n<p>&nbsp;<\/p>\n<p>&nbsp;<\/p>\n<p>Atrodiet vair\u0101k Vape produktu, kas jums var\u0113tu patikt:<strong><em><a href=\"https:\/\/rmvapesale.com\/lv\/shop-2\/\">iepirkties tagad &gt;&gt;&gt;<\/a><\/em><\/strong><\/p>","protected":false},"excerpt":{"rendered":"<p>ELFWORLD i15 Pro 12000 dvesmu vienreizlietojamais Vape Vairumtirdzniec\u012bba<br \/>\nElf World i15 Pro Ultra Slim vienreizlietojamais vape 12K dvesmas<br \/>\nELFWORLD I15 Pro vienreizlietojamo vape komplekts 12000 dvesmu<\/p>\n<p><img loading=\"lazy\" decoding=\"async\" class=\"size-full wp-image-2375\" src=\"https:\/\/rmvapesale.com\/wp-content\/uploads\/2024\/10\/image.png\" alt=\"Lab\u0101kais vienreiz\u0113jais vape\" width=\"229\" height=\"300\" \/><\/p>\n<h3><a href=\"https:\/\/wa.me\/8617776015835\"><span style=\"color: #ff0000\"><strong>WhatsApp: +86 17776015835<\/strong><\/span><\/a><\/h3>\n<p>&nbsp;<\/p>","protected":false},"featured_media":2558,"comment_status":"open","ping_status":"closed","template":"","meta":{"_uag_custom_page_level_css":"","_lmt_disableupdate":"no","_lmt_disable":"","site-sidebar-layout":"default","site-content-layout":"content-boxed-container","ast-site-content-layout":"normal-width-container","site-content-style":"boxed","site-sidebar-style":"unboxed","ast-global-header-display":"","ast-banner-title-visibility":"","ast-main-header-display":"","ast-hfb-above-header-display":"","ast-hfb-below-header-display":"","ast-hfb-mobile-header-display":"","site-post-title":"","ast-breadcrumbs-content":"","ast-featured-img":"","footer-sml-layout":"","theme-transparent-header-meta":"default","adv-header-id-meta":"","stick-header-meta":"","header-above-stick-meta":"","header-main-stick-meta":"","header-below-stick-meta":"","astra-migrate-meta-layouts":"set","ast-page-background-enabled":"default","ast-page-background-meta":{"desktop":{"background-color":"var(--ast-global-color-4)","background-image":"","background-repeat":"repeat","background-position":"center center","background-size":"auto","background-attachment":"scroll","background-type":"","background-media":"","overlay-type":"","overlay-color":"","overlay-opacity":"","overlay-gradient":""},"tablet":{"background-color":"","background-image":"","background-repeat":"repeat","background-position":"center center","background-size":"auto","background-attachment":"scroll","background-type":"","background-media":"","overlay-type":"","overlay-color":"","overlay-opacity":"","overlay-gradient":""},"mobile":{"background-color":"","background-image":"","background-repeat":"repeat","background-position":"center center","background-size":"auto","background-attachment":"scroll","background-type":"","background-media":"","overlay-type":"","overlay-color":"","overlay-opacity":"","overlay-gradient":""}},"ast-content-background-meta":{"desktop":{"background-color":"var(--ast-global-color-5)","background-image":"","background-repeat":"repeat","background-position":"center center","background-size":"auto","background-attachment":"scroll","background-type":"","background-media":"","overlay-type":"","overlay-color":"","overlay-opacity":"","overlay-gradient":""},"tablet":{"background-color":"var(--ast-global-color-5)","background-image":"","background-repeat":"repeat","background-position":"center center","background-size":"auto","background-attachment":"scroll","background-type":"","background-media":"","overlay-type":"","overlay-color":"","overlay-opacity":"","overlay-gradient":""},"mobile":{"background-color":"var(--ast-global-color-5)","background-image":"","background-repeat":"repeat","background-position":"center center","background-size":"auto","background-attachment":"scroll","background-type":"","background-media":"","overlay-type":"","overlay-color":"","overlay-opacity":"","overlay-gradient":""}},"_joinchat":[]},"product_brand":[],"product_cat":[15,25,123,26,28,135,27,137,136,30],"product_tag":[146,188,167,165,191,120],"class_list":{"0":"post-2562","1":"product","2":"type-product","3":"status-publish","4":"has-post-thumbnail","6":"product_cat-new-vape-this-week","7":"product_cat-germany-best-selling-vape","8":"product_cat-italy-wholesale-vape","9":"product_cat-netherlands-hot-sale-vape","10":"product_cat-poland-hot-sale-vape","11":"product_cat-spain-best-hot-sale-vape","12":"product_cat-fance-hot-sale-vape","13":"product_cat-rechargeable-vapes","14":"product_cat-smart-screen-vapes","15":"product_cat-minimum-order-quantity-50pcs","16":"product_tag-best-hot-sale-vape","17":"product_tag-buy-vapes-online","18":"product_tag-disposable-vape-with-screen","19":"product_tag-rechargeable-vapes","20":"product_tag-vape-box","21":"product_tag-vape-wholesale","22":"desktop-align-left","23":"tablet-align-left","24":"mobile-align-left","26":"first","27":"instock","28":"sale","29":"shipping-taxable","30":"purchasable","31":"product-type-simple"},"uagb_featured_image_src":{"full":["https:\/\/rmvapesale.com\/wp-content\/uploads\/2024\/10\/ELFWORLD-I15-Pro-12000-Puffs.png",800,800,false],"thumbnail":["https:\/\/rmvapesale.com\/wp-content\/uploads\/2024\/10\/ELFWORLD-I15-Pro-12000-Puffs-150x150.png",150,150,true],"medium":["https:\/\/rmvapesale.com\/wp-content\/uploads\/2024\/10\/ELFWORLD-I15-Pro-12000-Puffs-300x300.png",300,300,true],"medium_large":["https:\/\/rmvapesale.com\/wp-content\/uploads\/2024\/10\/ELFWORLD-I15-Pro-12000-Puffs-768x768.png",768,768,true],"large":["https:\/\/rmvapesale.com\/wp-content\/uploads\/2024\/10\/ELFWORLD-I15-Pro-12000-Puffs.png",800,800,false],"1536x1536":["https:\/\/rmvapesale.com\/wp-content\/uploads\/2024\/10\/ELFWORLD-I15-Pro-12000-Puffs.png",800,800,false],"2048x2048":["https:\/\/rmvapesale.com\/wp-content\/uploads\/2024\/10\/ELFWORLD-I15-Pro-12000-Puffs.png",800,800,false],"trp-custom-language-flag":["https:\/\/rmvapesale.com\/wp-content\/uploads\/2024\/10\/ELFWORLD-I15-Pro-12000-Puffs.png",12,12,false],"woocommerce_thumbnail":["https:\/\/rmvapesale.com\/wp-content\/uploads\/2024\/10\/ELFWORLD-I15-Pro-12000-Puffs-300x300.png",300,300,true],"woocommerce_single":["https:\/\/rmvapesale.com\/wp-content\/uploads\/2024\/10\/ELFWORLD-I15-Pro-12000-Puffs-600x600.png",600,600,true],"woocommerce_gallery_thumbnail":["https:\/\/rmvapesale.com\/wp-content\/uploads\/2024\/10\/ELFWORLD-I15-Pro-12000-Puffs-100x100.png",100,100,true],"wcpr-photo-reviews":["https:\/\/rmvapesale.com\/wp-content\/uploads\/2024\/10\/ELFWORLD-I15-Pro-12000-Puffs.png",500,500,false]},"uagb_author_info":{"display_name":"AMY","author_link":"https:\/\/rmvapesale.com\/lv\/author\/"},"uagb_comment_info":0,"uagb_excerpt":"ELFWORLD i15 Pro 12000 Puffs Disposable Vape Wholesale Elf World i15 Pro Ultra Slim Disposable Vape 12K Puffs ELFWORLD I15 Pro Disposable Vape Kit 12000 Puffs WhatsApp: +86 17776015835 &nbsp;","_links":{"self":[{"href":"https:\/\/rmvapesale.com\/lv\/wp-json\/wp\/v2\/product\/2562","targetHints":{"allow":["GET"]}}],"collection":[{"href":"https:\/\/rmvapesale.com\/lv\/wp-json\/wp\/v2\/product"}],"about":[{"href":"https:\/\/rmvapesale.com\/lv\/wp-json\/wp\/v2\/types\/product"}],"replies":[{"embeddable":true,"href":"https:\/\/rmvapesale.com\/lv\/wp-json\/wp\/v2\/comments?post=2562"}],"wp:featuredmedia":[{"embeddable":true,"href":"https:\/\/rmvapesale.com\/lv\/wp-json\/wp\/v2\/media\/2558"}],"wp:attachment":[{"href":"https:\/\/rmvapesale.com\/lv\/wp-json\/wp\/v2\/media?parent=2562"}],"wp:term":[{"taxonomy":"product_brand","embeddable":true,"href":"https:\/\/rmvapesale.com\/lv\/wp-json\/wp\/v2\/product_brand?post=2562"},{"taxonomy":"product_cat","embeddable":true,"href":"https:\/\/rmvapesale.com\/lv\/wp-json\/wp\/v2\/product_cat?post=2562"},{"taxonomy":"product_tag","embeddable":true,"href":"https:\/\/rmvapesale.com\/lv\/wp-json\/wp\/v2\/product_tag?post=2562"}],"curies":[{"name":"wp","href":"https:\/\/api.w.org\/{rel}","templated":true}]}}