{"id":2572,"date":"2024-10-25T08:57:44","date_gmt":"2024-10-25T08:57:44","guid":{"rendered":"https:\/\/rmvapesale.com\/?post_type=product&#038;p=2572"},"modified":"2024-10-31T02:50:17","modified_gmt":"2024-10-31T02:50:17","slug":"elfworld-mx25000-puffs-rechargeable-disposable-vape-0-2-5-nicotine","status":"publish","type":"product","link":"https:\/\/rmvapesale.com\/lv\/product\/elfworld-mx25000-puffs-rechargeable-disposable-vape-0-2-5-nicotine\/","title":{"rendered":"ELFWORLD MX25000 dvesmas atk\u0101rtoti uzl\u0101d\u0113jama vienreiz\u0113j\u0101s lieto\u0161anas elektronisk\u0101 cigarete 0% 2% 5% Nikot\u012bns"},"content":{"rendered":"<div class=\"B2VR9 CJHX3e\">\n<div class=\"wyccme\">\n<h1 class=\"LC20lb MBeuO DKV0Md\">ELFWORLD MX25000 dvesmas atk\u0101rtoti uzl\u0101d\u0113jama vienreiz\u0113j\u0101s lieto\u0161anas elektronisk\u0101 cigarete 0% 2% 5% Nikot\u012bns<\/h1>\n<div class=\"flex-shrink-0 flex flex-col relative items-end\">\n<div class=\"pt-0\">\n<div class=\"gizmo-bot-avatar flex h-8 w-8 items-center justify-center overflow-hidden rounded-full\">\n<div class=\"relative p-1 rounded-sm flex items-center justify-center bg-token-main-surface-primary text-token-text-primary h-8 w-8\">\n<p>\u0160is <strong>ELFWORLD MX25000 Pufa Vienreiz\u0113j\u0101s lieto\u0161anas Vape<\/strong> ir izstr\u0101d\u0101ts ilgsto\u0161ai vaping prieka baud\u012b\u0161anai un piel\u0101gojamu preferen\u010du nodro\u0161in\u0101\u0161anai, padarot to par izcilu pasaul\u0113 <strong>popul\u0101r\u0101kaj\u0101m vape z\u012bmoliem<\/strong>. Ar milz\u012bgu <strong>25 000 pufa vape<\/strong> kapacit\u0101ti un iev\u0113rojamu <strong>25 ml e-\u0161\u0137idruma rezervu\u0101ru<\/strong>, \u0161\u012b ier\u012bce pied\u0101v\u0101 ilgu apmierin\u0101jumu bez bie\u017e\u0101m papildin\u0101\u0161an\u0101m. Ide\u0101li piem\u0113rots gan ikdienas, gan pieredz\u0113ju\u0161iem vaperiem, MX nodro\u0161ina augstas klases pieredzi katr\u0101 ieelpojum\u0101.<\/p>\n<p>Izstr\u0101d\u0101ts \u0113rt\u012bbai un efektivit\u0101tei, <strong>ELFWORLD MX25000<\/strong> ir apr\u012bkots ar uzticamu <strong>850 mAh uzl\u0101d\u0113jams akumulators<\/strong> un izmanto <strong>C tipa uzl\u0101des<\/strong>, nodro\u0161inot \u0101tras un \u0113rtas uzl\u0101des. Nikot\u012bna s\u0101ls opcijas ietver 0%, 2%, 3% un 5%, apmierinot pla\u0161u vajadz\u012bbu kl\u0101stu, tostarp <strong>lab\u0101ko zema nikot\u012bna vape<\/strong> mekl\u0113t\u0101jiem. \u0160\u012b <strong>t\u012bkla spir\u0101li<\/strong> tehnolo\u0123ija nodro\u0161ina optim\u0101lu gar\u0161u un tvaika ra\u017eo\u0161anu, kam\u0113r regul\u0113jama gaisa pl\u016bsma un <strong>digit\u0101lais displeja ekr\u0101ns<\/strong> sniedz uzlabotu kontroli p\u0101r j\u016bsu pieredzi.<\/p>\n<p>Pieejams k\u0101 <strong>vairumtirdzniec\u012bbas veipi<\/strong>, tad <strong>ELFWORLD MX 25000<\/strong> ir ide\u0101ls vairumtirdzniec\u012bbas pirc\u0113jiem vai ikvienam, kur\u0161 mekl\u0113 <strong>viedo vape<\/strong> ar uzlabot\u0101m funkcij\u0101m. Atrodiet \u0161o <strong>vienreiz\u0113j\u0101s lieto\u0161anas e-cigarete<\/strong> tie\u0161saist\u0113 vai sav\u0101 iecien\u012bt\u0101kaj\u0101 <strong>vape veikalam<\/strong>, un paaugstiniet savu vaping pieredzi ar augstas kvalit\u0101tes veiktsp\u0113ju un \u0113rt\u012bb\u0101m.<\/p>\n<\/div>\n<\/div>\n<\/div>\n<\/div>\n<\/div>\n<\/div>\n<p><strong>Sazinieties ar Eimiju, lai ieg\u016btu pareizo atbildi un veipu kuponu!<\/strong><\/p>\n<p><img loading=\"lazy\" decoding=\"async\" class=\"size-full wp-image-1978\" src=\"https:\/\/rmvapesale.com\/wp-content\/uploads\/2024\/09\/Disposable-Vape-Wholesale.jpg\" alt=\"Vienreiz\u0113jais vape vairumtirdzniec\u012bba\" width=\"229\" height=\"300\" \/><\/p>\n<h3><a href=\"https:\/\/wa.me\/8617776015835\" target=\"_blank\" rel=\"noopener\"><span style=\"color: #ff0000\"><strong>WhatsApp: +86 17776015835<\/strong><\/span><\/a><\/h3>\n<p>&nbsp;<\/p>\n<h2><\/h2>\n<h2><strong>ELFWORLD MX25000 p\u016btieni Uzl\u0101d\u0113jams vienreiz\u0113js vape <\/strong><strong>Galven\u0101s iez\u012bmes<\/strong><\/h2>\n<p>Iepriek\u0161pild\u012bta 28ml E-\u0161\u0137idruma<br \/>\n, nodro\u0161inot ilgsto\u0161u tvaic\u0113\u0161anas sesiju ar maz\u0101kiem p\u0101rtraukumiem.<br \/>\nP\u016btienu skaits: Aptuveni 25000 p\u016btieni<br \/>\nDubultas vaping re\u017e\u012bmi: Parasts re\u017e\u012bms (12W)\/Turbo re\u017e\u012bms (25W)<br \/>\n0% 2% 5% Nikot\u012bna stiprums<br \/>\nUSB Type-C uzl\u0101de (nav iek\u013cauta)<br \/>\nAktiviz\u0113ts ar vilk\u0161anu<br \/>\nMTL tvaic\u0113\u0161ana<\/p>\n<p>&nbsp;<\/p>\n<h2><strong>Lab\u0101k\u0101 gar\u0161a priek\u0161 <\/strong><strong>Uzl\u0101d\u0113jams vape ELFWORLD MX 25000 p\u016btieni<\/strong><\/h2>\n<p>1. Zeme\u0146u ledus <span style=\"color: #ff0000\"><strong>&gt;&gt;&gt;&gt; Karsti!<\/strong><\/span><br \/>\n2. Arb\u016bza ledus<br \/>\n3. V\u012bnogu ledus<br \/>\n4. Piparm\u0113tra<br \/>\n5. Dubult\u0101 \u0101bols<br \/>\n6. Sula\u0161a persika ledus<br \/>\n7. Blue Razz Ice <span style=\"color: #ff0000\"><strong>&gt;&gt;&gt;&gt; Karsti!<\/strong><\/span><br \/>\n8.Roz\u0101 limon\u0101de <span style=\"color: #ff0000\"><strong>&gt;&gt;&gt;&gt; Viss lab\u0101kais!<\/strong><\/span><br \/>\n9.Jauktas ogas<br \/>\n10. Mellenes arb\u016bzs<br \/>\n11. L\u012bme\u0146u ogas apels\u012bns<br \/>\n12. Mellenes B Pop<br \/>\n13. \u0136ir\u0161u persika laima<br \/>\n14. Sk\u0101bs mango anan\u0101sis 15. Persiku zema slush<\/p>\n<figure id=\"attachment_2608\" aria-describedby=\"caption-attachment-2608\" style=\"width: 600px\" class=\"wp-caption alignnone\"><img loading=\"lazy\" decoding=\"async\" class=\"wp-image-2608 size-full\" src=\"https:\/\/rmvapesale.com\/wp-content\/uploads\/2024\/10\/Rechargeable-Disposable-Vape-ELFWORLD-MX-25000-Puffs.jpg\" alt=\"Uzl\u0101d\u0113jams vienreiz\u0113js vape ELFWORLD MX 25000 p\u016btieni\" width=\"600\" height=\"849\" srcset=\"https:\/\/rmvapesale.com\/wp-content\/uploads\/2024\/10\/Rechargeable-Disposable-Vape-ELFWORLD-MX-25000-Puffs.jpg 600w, https:\/\/rmvapesale.com\/wp-content\/uploads\/2024\/10\/Rechargeable-Disposable-Vape-ELFWORLD-MX-25000-Puffs-212x300.jpg 212w\" sizes=\"auto, (max-width: 600px) 100vw, 600px\" \/><figcaption id=\"caption-attachment-2608\" class=\"wp-caption-text\">Uzl\u0101d\u0113jams vienreiz\u0113js vape ELFWORLD MX 25000 p\u016btieni<\/figcaption><\/figure>\n<h3><strong>K\u0101p\u0113c izv\u0113l\u0113ties Rmvapesale priek\u0161 ELFWORLD MX25000 p\u016btieni vienreiz\u0113jais vape<\/strong><strong>?<\/strong><\/h3>\n<div class=\"flex-shrink-0 flex flex-col relative items-end\">\n<div class=\"pt-0\">\n<div class=\"gizmo-bot-avatar flex h-8 w-8 items-center justify-center overflow-hidden rounded-full\">\n<div class=\"relative p-1 rounded-sm flex items-center justify-center bg-token-main-surface-primary text-token-text-primary h-8 w-8\">\n<p>Laipni l\u016bdzam Rmvapesale, j\u016bsu uzticamaj\u0101 tvaiku veikal\u0101, kur\u0101 ir pieejami augst\u0101k\u0101s kvalit\u0101tes vienreizlietojamie tvaiki. Ar vair\u0101k nek\u0101 5 gadu pieredzi m\u0113s pied\u0101v\u0101jam jums t\u0101dus popul\u0101rus vienreizlietojamo tvaiku z\u012bmolus k\u0101 Al Fakher, <a href=\"https:\/\/rmvapesale.com\/lv\/product\/vapme-crystal-7000-puffs-rechargeable-disposable-vape-price\/\">Vapme<\/a>, <a href=\"https:\/\/rmvapesale.com\/lv\/product-category\/bang-vapes\/\">Bang Vape<\/a>, Waspe, <a href=\"https:\/\/rmvapesale.com\/lv\/product\/wga-crystal-pro-max-extra-15k-puffs-disposable-vape-wholesale\/\">WGA<\/a> Vape un<a href=\"https:\/\/rmvapesale.com\/lv\/product-category\/randm-fumot-vape\/\"> RandM Vape<\/a>.<\/p>\n<p>M\u016bsu kl\u0101st\u0101 ir t\u0101di popul\u0101ri tvaiki k\u0101 <a href=\"https:\/\/rmvapesale.com\/lv\/product\/fumot-digital-box-12000-disposable-vape-pink-lemonade-flavor\/\">RandM 12k<\/a> un gar\u0161\u0101m bag\u0101tas izv\u0113les, piem\u0113ram, <a href=\"https:\/\/rmvapesale.com\/lv\/product\/wga-crystal-plus-20000-puff-dual-flavour-disposable-vape\/\">cURL Too many subrequests.<\/a>. Katrs produkts tiek izv\u0113l\u0113ts, piev\u0113r\u0161ot uzman\u012bbu kvalit\u0101tei, v\u0113rt\u012bbai un daudzveid\u012bbai, nodro\u0161inot, ka j\u016bs atrad\u012bsiet sev piem\u0113rot\u0101ko. Atkl\u0101jiet izcilu servisu un pla\u0161u augst\u0101k\u0101s klases produktu kl\u0101stu Rmvapesale.<\/p>\n<\/div>\n<h3><\/h3>\n<div class=\"relative p-1 rounded-sm flex items-center justify-center bg-token-main-surface-primary text-token-text-primary h-8 w-8\">\n<h3><b>ELFWORLD MX25000 vape BUJ<\/b><\/h3>\n<ul>\n<li><strong>K\u0101 uzl\u0101d\u0113t ELFWORLD MX 25000 p\u016btieni Uzl\u0101d\u0113jamu vienreiz\u0113jo vape?<\/strong><br \/>\nLai uzl\u0101d\u0113tu savu <strong>ELFWORLD MX 25000<\/strong> vienreiz\u0113j\u0101 vape, lieto to <strong>C tipa uzl\u0101des ports<\/strong> atrodas ier\u012bces apak\u0161\u0101. Pievienojiet to sader\u012bgai baro\u0161anas avotam \u0101trai un efekt\u012bvai uzl\u0101dei, un uzraudziet akumulatora l\u012bmeni digit\u0101laj\u0101 displej\u0101.<\/li>\n<li><strong>K\u0101das nikot\u012bna stipruma iesp\u0113jas ir pieejamas ELFWORLD MX 25000 Puffs Vienreiz\u0113j\u0101 vape?<\/strong><br \/>\n\u0160is <strong>ELFWORLD MX 25000<\/strong> pied\u0101v\u0101 da\u017e\u0101das <strong>nikot\u012bna s\u0101ls<\/strong> iesp\u0113jas: 0%, 2%, 3% un 5%, \u013caujot lietot\u0101jiem izv\u0113l\u0113ties stiprumu, kas vislab\u0101k atbilst vi\u0146u v\u0113lm\u0113m, ieskaitot iesp\u0113jas tiem, kas mekl\u0113 <strong>lab\u0101ko zema nikot\u012bna vape<\/strong> risin\u0101jumus.<\/li>\n<li><strong>Cik ilgi kalpo ELFWORLD 25000 Puffs Vienreiz\u0113j\u0101 vape?<\/strong><br \/>\nAr <strong>25 000 p\u016btienu jauda<\/strong> un <strong>25 ml e-\u0161\u0137idruma rezervu\u0101ru<\/strong>, tad <strong>ELFWORLD 25000<\/strong> ir paredz\u0113ts ilgam lieto\u0161anai, padarot to ide\u0101lu ilgsto\u0161\u0101m vaping sesij\u0101m bez bie\u017eas uzpildes vai nomai\u0146as nepiecie\u0161am\u012bbas.<\/li>\n<li><strong>Kur es varu ieg\u0101d\u0101ties ELFWORLD MX25000 Puffs Vienreiz\u0113j\u0101s lieto\u0161anas Vape tie\u0161saist\u0113?<\/strong><br \/>\n\u0160is <strong>ELFWORLD MX25000<\/strong> pieejams da\u017e\u0101dos <strong>vienreiz\u0113j\u0101s lieto\u0161anas veipi tie\u0161saist\u0113<\/strong> mazumtirdzniec\u012bbas veikalos un <strong>vape veikalam<\/strong> t\u012bklos. Tas ir popul\u0101rs izv\u0113le starp <strong>vairumtirdzniec\u012bbas veipi<\/strong> pirkumiem un vairumtirdzniec\u012bbas iesp\u0113j\u0101m.<\/li>\n<li><strong>Kas padara ELFWORLD MX 25000 Puffs Vienreiz\u0113j\u0101s lieto\u0161anas Vape par gudru izv\u0113li?<\/strong><br \/>\n\u0160is <strong>ELFWORLD MX 25000<\/strong> izce\u013cas ar to, ka tas ir apr\u012bkots ar <strong>digit\u0101lais displeja ekr\u0101ns<\/strong> baterijas un e-\u0161\u0137idruma uzraudz\u012bbas tehnolo\u0123iju. \u0160\u012b <strong>regul\u0113jamu gaisa pl\u016bsmu<\/strong>, un <strong>t\u012bkla spir\u0101li<\/strong> nodro\u0161ina augstas kvalit\u0101tes pieredzi ar uzlabotu kontroli, padarot to par vienu no <strong>viedo vape<\/strong> lab\u0101kajiem vienreiz\u0113j\u0101s lieto\u0161anas vape <strong>izv\u0113l\u0113m<\/strong> tirg\u016b.<\/li>\n<\/ul>\n<\/div>\n<\/div>\n<\/div>\n<\/div>\n<h3>Par s\u016bt\u012bjumu<\/h3>\n<div class=\"flex-shrink-0 flex flex-col relative items-end\">\n<div>\n<div class=\"pt-0\">\n<div class=\"gizmo-bot-avatar flex h-8 w-8 items-center justify-center overflow-hidden rounded-full\">\n<div><\/div>\n<div class=\"relative p-1 rounded-sm flex items-center justify-center bg-token-main-surface-primary text-token-text-primary h-8 w-8\"><strong>1. K\u0101das pieg\u0101des metodes tiek izmantotas?<\/strong><\/div>\n<\/div>\n<\/div>\n<\/div>\n<\/div>\n<div class=\"group\/conversation-turn relative flex w-full min-w-0 flex-col agent-turn\">\n<div class=\"flex-col gap-1 md:gap-3\">\n<div class=\"flex max-w-full flex-col flex-grow\">\n<div class=\"min-h-[20px] text-message flex w-full flex-col items-end gap-2 whitespace-normal break-words [.text-message+&amp;]:mt-5 overflow-x-auto\" dir=\"auto\" data-message-author-role=\"assistant\" data-message-id=\"22f8283b-3233-46ff-89a5-c7a41b33abda\">\n<div class=\"flex w-full flex-col gap-1 empty:hidden first:pt-[3px]\">\n<div class=\"markdown prose w-full break-words dark:prose-invert light\">\n<p>M\u0113s sadarbojamies ar UPS, DHL, FedEx, DPD un citiem vado\u0161ajiem p\u0101rvad\u0101t\u0101jiem. M\u0113s izv\u0113l\u0113simies lab\u0101ko pieg\u0101des veidu, pamatojoties uz j\u016bsu pieg\u0101des vietu, lai nodro\u0161in\u0101tu, ka j\u016bs sa\u0146emat savus produktus p\u0113c iesp\u0113jas \u0101tr\u0101k.<\/p>\n<\/div>\n<p><strong>2. Cik ilgs laiks paiet, l\u012bdz tas pien\u0101k?<\/strong><\/p>\n<p>Pieg\u0101des uz Latviju parasti ierodas 10 darba dienu laik\u0101. Pieg\u0101de uz Eiropas valst\u012bm parasti aiz\u0146em apm\u0113ram 12-15 darba dienas. M\u0113s nodro\u0161in\u0101sim re\u0101llaika atjaunin\u0101jumus par j\u016bsu pieg\u0101des statusu.<\/p>\n<\/div>\n<\/div>\n<\/div>\n<\/div>\n<\/div>\n<p>&nbsp;<\/p>\n<p>Atrodiet vair\u0101k Vape produktu, kas jums var\u0113tu patikt:<strong><em><a href=\"https:\/\/rmvapesale.com\/lv\/shop-2\/\">iepirkties tagad &gt;&gt;&gt;<\/a><\/em><\/strong><\/p>","protected":false},"excerpt":{"rendered":"<p>ELFWORLD MX 25000 Pufa V\u0101cija Karsts P\u0101rdodams Vape<br \/>\nElfworld MX25000 25K Pufa Vienreizlietojams Vape Vairumtirdzniec\u012bba<br \/>\nLiels Pufa Elfworld MX25000 Vienreizlietojams Vape Vairumtirdzniec\u012bba<\/p>\n<p><img loading=\"lazy\" decoding=\"async\" class=\"size-full wp-image-2375\" src=\"https:\/\/rmvapesale.com\/wp-content\/uploads\/2024\/10\/image.png\" alt=\"Lab\u0101kais vienreiz\u0113jais vape\" width=\"229\" height=\"300\" \/><\/p>\n<h3><a href=\"https:\/\/wa.me\/8617776015835\"><span style=\"color: #ff0000\"><strong>WhatsApp: +86 17776015835<\/strong><\/span><\/a><\/h3>\n<p>&nbsp;<\/p>","protected":false},"featured_media":2604,"comment_status":"open","ping_status":"closed","template":"","meta":{"_uag_custom_page_level_css":"","_lmt_disableupdate":"no","_lmt_disable":"","site-sidebar-layout":"default","site-content-layout":"content-boxed-container","ast-site-content-layout":"normal-width-container","site-content-style":"boxed","site-sidebar-style":"unboxed","ast-global-header-display":"","ast-banner-title-visibility":"","ast-main-header-display":"","ast-hfb-above-header-display":"","ast-hfb-below-header-display":"","ast-hfb-mobile-header-display":"","site-post-title":"","ast-breadcrumbs-content":"","ast-featured-img":"","footer-sml-layout":"","theme-transparent-header-meta":"default","adv-header-id-meta":"","stick-header-meta":"","header-above-stick-meta":"","header-main-stick-meta":"","header-below-stick-meta":"","astra-migrate-meta-layouts":"set","ast-page-background-enabled":"default","ast-page-background-meta":{"desktop":{"background-color":"var(--ast-global-color-4)","background-image":"","background-repeat":"repeat","background-position":"center center","background-size":"auto","background-attachment":"scroll","background-type":"","background-media":"","overlay-type":"","overlay-color":"","overlay-opacity":"","overlay-gradient":""},"tablet":{"background-color":"","background-image":"","background-repeat":"repeat","background-position":"center center","background-size":"auto","background-attachment":"scroll","background-type":"","background-media":"","overlay-type":"","overlay-color":"","overlay-opacity":"","overlay-gradient":""},"mobile":{"background-color":"","background-image":"","background-repeat":"repeat","background-position":"center center","background-size":"auto","background-attachment":"scroll","background-type":"","background-media":"","overlay-type":"","overlay-color":"","overlay-opacity":"","overlay-gradient":""}},"ast-content-background-meta":{"desktop":{"background-color":"var(--ast-global-color-5)","background-image":"","background-repeat":"repeat","background-position":"center center","background-size":"auto","background-attachment":"scroll","background-type":"","background-media":"","overlay-type":"","overlay-color":"","overlay-opacity":"","overlay-gradient":""},"tablet":{"background-color":"var(--ast-global-color-5)","background-image":"","background-repeat":"repeat","background-position":"center center","background-size":"auto","background-attachment":"scroll","background-type":"","background-media":"","overlay-type":"","overlay-color":"","overlay-opacity":"","overlay-gradient":""},"mobile":{"background-color":"var(--ast-global-color-5)","background-image":"","background-repeat":"repeat","background-position":"center center","background-size":"auto","background-attachment":"scroll","background-type":"","background-media":"","overlay-type":"","overlay-color":"","overlay-opacity":"","overlay-gradient":""}},"_joinchat":[]},"product_brand":[],"product_cat":[15,195,25,123,26,28,135,27,137,136,30],"product_tag":[146,188,167,165,191,120],"class_list":{"0":"post-2572","1":"product","2":"type-product","3":"status-publish","4":"has-post-thumbnail","6":"product_cat-new-vape-this-week","7":"product_cat-germany-warehouse","8":"product_cat-germany-best-selling-vape","9":"product_cat-italy-wholesale-vape","10":"product_cat-netherlands-hot-sale-vape","11":"product_cat-poland-hot-sale-vape","12":"product_cat-spain-best-hot-sale-vape","13":"product_cat-fance-hot-sale-vape","14":"product_cat-rechargeable-vapes","15":"product_cat-smart-screen-vapes","16":"product_cat-minimum-order-quantity-50pcs","17":"product_tag-best-hot-sale-vape","18":"product_tag-buy-vapes-online","19":"product_tag-disposable-vape-with-screen","20":"product_tag-rechargeable-vapes","21":"product_tag-vape-box","22":"product_tag-vape-wholesale","23":"desktop-align-left","24":"tablet-align-left","25":"mobile-align-left","27":"first","28":"instock","29":"sale","30":"shipping-taxable","31":"purchasable","32":"product-type-simple"},"uagb_featured_image_src":{"full":["https:\/\/rmvapesale.com\/wp-content\/uploads\/2024\/10\/ELFWORLD-25000-Rechargeable-Disposable-Vape.jpg",800,800,false],"thumbnail":["https:\/\/rmvapesale.com\/wp-content\/uploads\/2024\/10\/ELFWORLD-25000-Rechargeable-Disposable-Vape-150x150.jpg",150,150,true],"medium":["https:\/\/rmvapesale.com\/wp-content\/uploads\/2024\/10\/ELFWORLD-25000-Rechargeable-Disposable-Vape-300x300.jpg",300,300,true],"medium_large":["https:\/\/rmvapesale.com\/wp-content\/uploads\/2024\/10\/ELFWORLD-25000-Rechargeable-Disposable-Vape-768x768.jpg",768,768,true],"large":["https:\/\/rmvapesale.com\/wp-content\/uploads\/2024\/10\/ELFWORLD-25000-Rechargeable-Disposable-Vape.jpg",800,800,false],"1536x1536":["https:\/\/rmvapesale.com\/wp-content\/uploads\/2024\/10\/ELFWORLD-25000-Rechargeable-Disposable-Vape.jpg",800,800,false],"2048x2048":["https:\/\/rmvapesale.com\/wp-content\/uploads\/2024\/10\/ELFWORLD-25000-Rechargeable-Disposable-Vape.jpg",800,800,false],"trp-custom-language-flag":["https:\/\/rmvapesale.com\/wp-content\/uploads\/2024\/10\/ELFWORLD-25000-Rechargeable-Disposable-Vape.jpg",12,12,false],"woocommerce_thumbnail":["https:\/\/rmvapesale.com\/wp-content\/uploads\/2024\/10\/ELFWORLD-25000-Rechargeable-Disposable-Vape-300x300.jpg",300,300,true],"woocommerce_single":["https:\/\/rmvapesale.com\/wp-content\/uploads\/2024\/10\/ELFWORLD-25000-Rechargeable-Disposable-Vape-600x600.jpg",600,600,true],"woocommerce_gallery_thumbnail":["https:\/\/rmvapesale.com\/wp-content\/uploads\/2024\/10\/ELFWORLD-25000-Rechargeable-Disposable-Vape-100x100.jpg",100,100,true],"wcpr-photo-reviews":["https:\/\/rmvapesale.com\/wp-content\/uploads\/2024\/10\/ELFWORLD-25000-Rechargeable-Disposable-Vape.jpg",500,500,false]},"uagb_author_info":{"display_name":"AMY","author_link":"https:\/\/rmvapesale.com\/lv\/author\/"},"uagb_comment_info":0,"uagb_excerpt":"ELFWORLD MX 25000 Puff Germany Hot Slale Vape Elfworld MX25000 25K Puffs Disposable Vape Wholesale Big Puffs Elfworld MX25000 Disposable Vape Wholesale WhatsApp: +86 17776015835 &nbsp;","_links":{"self":[{"href":"https:\/\/rmvapesale.com\/lv\/wp-json\/wp\/v2\/product\/2572","targetHints":{"allow":["GET"]}}],"collection":[{"href":"https:\/\/rmvapesale.com\/lv\/wp-json\/wp\/v2\/product"}],"about":[{"href":"https:\/\/rmvapesale.com\/lv\/wp-json\/wp\/v2\/types\/product"}],"replies":[{"embeddable":true,"href":"https:\/\/rmvapesale.com\/lv\/wp-json\/wp\/v2\/comments?post=2572"}],"wp:featuredmedia":[{"embeddable":true,"href":"https:\/\/rmvapesale.com\/lv\/wp-json\/wp\/v2\/media\/2604"}],"wp:attachment":[{"href":"https:\/\/rmvapesale.com\/lv\/wp-json\/wp\/v2\/media?parent=2572"}],"wp:term":[{"taxonomy":"product_brand","embeddable":true,"href":"https:\/\/rmvapesale.com\/lv\/wp-json\/wp\/v2\/product_brand?post=2572"},{"taxonomy":"product_cat","embeddable":true,"href":"https:\/\/rmvapesale.com\/lv\/wp-json\/wp\/v2\/product_cat?post=2572"},{"taxonomy":"product_tag","embeddable":true,"href":"https:\/\/rmvapesale.com\/lv\/wp-json\/wp\/v2\/product_tag?post=2572"}],"curies":[{"name":"wp","href":"https:\/\/api.w.org\/{rel}","templated":true}]}}