{"id":2582,"date":"2024-10-28T06:44:31","date_gmt":"2024-10-28T06:44:31","guid":{"rendered":"https:\/\/rmvapesale.com\/?post_type=product&#038;p=2582"},"modified":"2024-10-28T07:36:05","modified_gmt":"2024-10-28T07:36:05","slug":"elfworld-plus-20000-puff-smart-disposable-vape-bulk-buy","status":"publish","type":"product","link":"https:\/\/rmvapesale.com\/lv\/product\/elfworld-plus-20000-puff-smart-disposable-vape-bulk-buy\/","title":{"rendered":"ELFWORLD Plus 20000 dvesmas vied\u0101 vienreiz\u0113j\u0101s lieto\u0161anas elektronisk\u0101 cigarete Lielapjoma pirkums"},"content":{"rendered":"<div class=\"B2VR9 CJHX3e\">\n<div class=\"wyccme\">\n<h1 class=\"LC20lb MBeuO DKV0Md\">ELFWORLD Plus 20000 dvesmas vied\u0101 vienreiz\u0113j\u0101s lieto\u0161anas elektronisk\u0101 cigarete Lielapjoma pirkums<\/h1>\n<div class=\"flex-shrink-0 flex flex-col relative items-end\">\n<div class=\"pt-0\">\n<div class=\"gizmo-bot-avatar flex h-8 w-8 items-center justify-center overflow-hidden rounded-full\">\n<div class=\"relative p-1 rounded-sm flex items-center justify-center bg-token-main-surface-primary text-token-text-primary h-8 w-8\">\n<p>\u0160is <strong>ELFWORLD Plus 20000 P\u016b\u013cu Gudrs Vienreizlietojams Vape<\/strong> ir augst\u0101k\u0101s klases izv\u0113le tiem, kas mekl\u0113 uzlabotas funkcijas un piel\u0101gojamu vaping pieredzi. \u0160is augstas ietilp\u012bbas, <strong>20000 dvesmu tvaiks<\/strong> nodro\u0161ina neatsveramu ilgm\u016b\u017e\u012bbu un ir izstr\u0101d\u0101ts ar inov\u0101ciju un stilu, padarot to par vienu no <strong>lab\u0101kajiem vienreizlietojamajiem veipiem 2024. gad\u0101<\/strong> uz <strong>vairumtirdzniec\u012bbas veipu<\/strong> un individu\u0101l\u0101m pirkumiem l\u012bdz\u012bgi.<\/p>\n<p>&nbsp;<\/p>\n<p>\u0160is <strong>ELFWORLD pulsa vape<\/strong> ieteikts divu re\u017e\u012bmu izv\u0113le \u013cauj vaperiem piel\u0101got katru sesiju, maksimiz\u0113jot apmierin\u0101jumu un uzlabojot katru ieelpu. <strong>Parastais re\u017e\u012bms<\/strong>: Nodro\u0161ina iev\u0113rojamu 20 000 ciklu ilgm\u016b\u017e\u012bbu papildu baud\u012bjumam. <strong>Pulsa re\u017e\u012bms<\/strong>: Sniedz 10 000 intens\u012bvu p\u016b\u013cu, ide\u0101li piem\u0113rots vaperiem, kuri v\u0113las pastiprin\u0101tu gar\u0161u un tvaika ra\u017eo\u0161anu.<\/p>\n<p>\u0160is\u00a0<strong>vienreiz\u0113j\u0101s lieto\u0161anas e-cigarete ar ekr\u0101nu<\/strong> ir apr\u012bkots ar re\u0101llaika displeju, kas r\u0101da <strong>baterijas procentu\u0101lo daudzumu<\/strong> un atliko\u0161o jaudu, t\u0101d\u0113j\u0101di vienm\u0113r esot kontrol\u0113 par savu vaping pieredzi. \u0160\u012b funkcija ir ide\u0101la lietot\u0101jiem, kuri v\u0113las precizit\u0101ti un uzticam\u012bbu ar katru ieelpu.<\/p>\n<p>Izstr\u0101d\u0101ts, lai b\u016btu gan <strong>stil\u012bgs, gan funkcion\u0101ls<\/strong>, ELF WORLD Plus 20K vienk\u0101r\u0161i apvieno \u0161iku est\u0113tiku ar iztur\u012bgu veiktsp\u0113ju. Izstr\u0101d\u0101ts, lai apmierin\u0101tu visus vaperus, \u0161is vienreiz\u0113jais e-cigaretes ir pieejams <strong>vairumtirdzniec\u012bbas veipi<\/strong>, padarot to par ide\u0101lu izv\u0113li <strong>veikalu veipos<\/strong> un <strong>vairumtirdzniec\u012bbas veipu<\/strong> pieg\u0101d\u0101t\u0101jiem.<\/p>\n<p>Tiem, kas mekl\u0113 <strong>popul\u0101r\u0101kaj\u0101m vape z\u012bmoliem<\/strong> vai vienk\u0101r\u0161i v\u0113las <strong>pirkt e-cigaretes tie\u0161saist\u0113<\/strong>, ELF WORLD Plus 20K nosaka jaunu standartu vienreiz\u0113j\u0101s vape ar savu stila, daudzpus\u012bbas un uzlabotu funkciju kombin\u0101ciju.<\/p>\n<\/div>\n<\/div>\n<\/div>\n<\/div>\n<\/div>\n<\/div>\n<p><strong>Sazinieties ar Eimiju, lai ieg\u016btu pareizo atbildi un veipu kuponu!<\/strong><\/p>\n<p><img loading=\"lazy\" decoding=\"async\" class=\"size-full wp-image-1978\" src=\"https:\/\/rmvapesale.com\/wp-content\/uploads\/2024\/09\/Disposable-Vape-Wholesale.jpg\" alt=\"Vienreiz\u0113jais vape vairumtirdzniec\u012bba\" width=\"229\" height=\"300\" \/><\/p>\n<h3><a href=\"https:\/\/wa.me\/8617776015835\" target=\"_blank\" rel=\"noopener\"><span style=\"color: #ff0000\"><strong>WhatsApp: +86 17776015835<\/strong><\/span><\/a><\/h3>\n<p>&nbsp;<\/p>\n<h2><\/h2>\n<h2><strong>ELFWORLD Plus 20000 P\u016b\u013cu Gudrs Vienreizlietojams Vape <\/strong><strong>Galven\u0101s iez\u012bmes<\/strong><\/h2>\n<p>Iepriek\u0161pild\u012bts 22ml e-\u016bdens<br \/>\nUztverams iek\u0161\u0113js 650mAh akumulators<br \/>\nP\u016b\u0161u skaits: Aptuveni 20000 P\u016b\u0161us<br \/>\nHD displeja ekr\u0101ns<br \/>\n2 vape re\u017e\u012bmi: Parasts\/Palielin\u0101ts<br \/>\nGaisa pl\u016bsmas regul\u0113\u0161ana<br \/>\ntvaic\u0113t\u0101jiem, kas atrodas ce\u013c\u0101.<br \/>\n2% 5% nikot\u012bna stiprums<br \/>\nType-C uzl\u0101de (nav iek\u013cauta)<br \/>\nAktiviz\u0113ts ar vilk\u0161anu<br \/>\nMTL tvaic\u0113\u0161ana<\/p>\n<figure id=\"attachment_2576\" aria-describedby=\"caption-attachment-2576\" style=\"width: 600px\" class=\"wp-caption alignnone\"><img loading=\"lazy\" decoding=\"async\" class=\"wp-image-2576 size-full\" src=\"https:\/\/rmvapesale.com\/wp-content\/uploads\/2024\/10\/ELFWORLD-ELF-WORLD-Plus-20K-20000-Puffs-Disposable.jpg\" alt=\"ELFWORLD ELF WORLD Plus+ 20K 20000 puffs vienreiz\u0113j\u0101\" width=\"600\" height=\"600\" srcset=\"https:\/\/rmvapesale.com\/wp-content\/uploads\/2024\/10\/ELFWORLD-ELF-WORLD-Plus-20K-20000-Puffs-Disposable.jpg 600w, https:\/\/rmvapesale.com\/wp-content\/uploads\/2024\/10\/ELFWORLD-ELF-WORLD-Plus-20K-20000-Puffs-Disposable-300x300.jpg 300w, https:\/\/rmvapesale.com\/wp-content\/uploads\/2024\/10\/ELFWORLD-ELF-WORLD-Plus-20K-20000-Puffs-Disposable-150x150.jpg 150w, https:\/\/rmvapesale.com\/wp-content\/uploads\/2024\/10\/ELFWORLD-ELF-WORLD-Plus-20K-20000-Puffs-Disposable-100x100.jpg 100w\" sizes=\"auto, (max-width: 600px) 100vw, 600px\" \/><figcaption id=\"caption-attachment-2576\" class=\"wp-caption-text\">ELFWORLD ELF WORLD Plus+ 20K 20000 puffs vienreiz\u0113j\u0101<\/figcaption><\/figure>\n<h2><strong>Augst\u0101k\u0101s kvalit\u0101tes arom\u0101ts ELFWORLD Plus 20000 puffs viedajai vienreiz\u0113jai vape<\/strong><\/h2>\n<p>1. V\u012bnogu Citronu<br \/>\n2. Fcuking Fab<br \/>\n3. \u010cerri Bomba <span style=\"color: #ff0000\"><strong>&gt;&gt;&gt;&gt; Karsti!<\/strong><\/span><br \/>\n4. Sula\u0161a Persiku Ledus<br \/>\n5. Ogu Laime<br \/>\n6. Zilais Razz Ledus <span style=\"color: #ff0000\"><strong>&gt;&gt;&gt;&gt; Karsti!<\/strong><\/span><br \/>\n7. P\u016b\u0137a melone<br \/>\n8. Melle\u0146u arb\u016bzs<span style=\"color: #ff0000\"><strong>&gt;&gt;&gt;&gt; Viss lab\u0101kais!<\/strong><\/span><br \/>\n9. Roz\u0101 limon\u0101de<br \/>\n10. Meksikas mango<br \/>\n11. Zeme\u0146u ban\u0101ns<br \/>\n12. Arb\u016bza ledus<br \/>\n13. Balta gumijas ledus<br \/>\n14. Zeme\u0146u mango<br \/>\n15. Maiami piparm\u0113tra<\/p>\n<figure id=\"attachment_2581\" aria-describedby=\"caption-attachment-2581\" style=\"width: 1024px\" class=\"wp-caption alignnone\"><img loading=\"lazy\" decoding=\"async\" class=\"wp-image-2581 size-large\" src=\"https:\/\/rmvapesale.com\/wp-content\/uploads\/2024\/10\/ELFWORLD-Plus-20K-Disposable-Vape-Pod-Wholesale-1024x716.jpg\" alt=\"ELFWORLD Plus+ 20K Vienreizlietojams Vape Pod Vairumtirdzniec\u012bba\" width=\"1024\" height=\"716\" srcset=\"https:\/\/rmvapesale.com\/wp-content\/uploads\/2024\/10\/ELFWORLD-Plus-20K-Disposable-Vape-Pod-Wholesale-1024x716.jpg 1024w, https:\/\/rmvapesale.com\/wp-content\/uploads\/2024\/10\/ELFWORLD-Plus-20K-Disposable-Vape-Pod-Wholesale-300x210.jpg 300w, https:\/\/rmvapesale.com\/wp-content\/uploads\/2024\/10\/ELFWORLD-Plus-20K-Disposable-Vape-Pod-Wholesale-768x537.jpg 768w, https:\/\/rmvapesale.com\/wp-content\/uploads\/2024\/10\/ELFWORLD-Plus-20K-Disposable-Vape-Pod-Wholesale-1536x1074.jpg 1536w, https:\/\/rmvapesale.com\/wp-content\/uploads\/2024\/10\/ELFWORLD-Plus-20K-Disposable-Vape-Pod-Wholesale-600x419.jpg 600w, https:\/\/rmvapesale.com\/wp-content\/uploads\/2024\/10\/ELFWORLD-Plus-20K-Disposable-Vape-Pod-Wholesale.jpg 1920w\" sizes=\"auto, (max-width: 1024px) 100vw, 1024px\" \/><figcaption id=\"caption-attachment-2581\" class=\"wp-caption-text\">ELFWORLD Plus+ 20K Vienreizlietojams Vape Pod Vairumtirdzniec\u012bba<\/figcaption><\/figure>\n<h3><strong>K\u0101p\u0113c izv\u0113l\u0113ties Rmvapesale ELF WORLD Plus 20000 p\u016b\u013cu uzpild\u0101mo vienreizlietojamo vape<\/strong><strong>?<\/strong><\/h3>\n<div class=\"flex-shrink-0 flex flex-col relative items-end\">\n<div class=\"pt-0\">\n<div class=\"gizmo-bot-avatar flex h-8 w-8 items-center justify-center overflow-hidden rounded-full\">\n<div class=\"relative p-1 rounded-sm flex items-center justify-center bg-token-main-surface-primary text-token-text-primary h-8 w-8\">\n<p>&nbsp;<\/p>\n<p>Kad izv\u0113laties Rmvapesale sav\u0101m vairumtirdzniec\u012bbas vienreiz\u0113j\u0101s lieto\u0161anas e-cigare\u0161u vajadz\u012bb\u0101m, j\u016bs ieg\u016bstat \u0161\u0101das priek\u0161roc\u012bbas:<\/p>\n<ul>\n<li><strong>Konkur\u0113tsp\u0113j\u012bga cena<\/strong>Ieg\u016bstiet pieeju pievilc\u012bg\u0101m vairumtirdzniec\u012bbas cen\u0101m, kas palielina j\u016bsu biznesa pe\u013c\u0146u.<\/li>\n<li><strong>Augsta kvalit\u0101te<\/strong>M\u016bsu vape ir izstr\u0101d\u0101tas atbilsto\u0161i augst\u0101kajiem standartiem, un <span style=\"color: #ff0000\"><strong>Garant\u0113ti 100% ori\u0123in\u0101li un autentiski, pret\u0113j\u0101 gad\u012bjum\u0101 par viltot\u0101m prec\u0113m tiks nodro\u0161in\u0101ta 10 reizes liel\u0101ka kompens\u0101cija!<\/strong><\/span><\/li>\n<li><strong>Izcils klientu serviss<\/strong>M\u016bsu \u012bpa\u0161\u0101 komanda vienm\u0113r ir gatava jums pal\u012bdz\u0113t, padarot j\u016bsu pirk\u0161anas procesu vienk\u0101r\u0161u un \u0113rtu.<\/li>\n<li><strong>\u0100tra<\/strong>: Sagaidiet \u0101tru un uzticamu pieg\u0101di, kas nodro\u0161ina, ka j\u016bsu pas\u016bt\u012bjumi vienm\u0113r tiek pieg\u0101d\u0101ti laik\u0101.<\/li>\n<\/ul>\n<\/div>\n<h3><\/h3>\n<div class=\"relative p-1 rounded-sm flex items-center justify-center bg-token-main-surface-primary text-token-text-primary h-8 w-8\">\n<h3><b>ELFWORLD Plus 20000 p\u016b\u013cu bie\u017e\u0101k uzdotie jaut\u0101jumi<\/b><\/h3>\n<ul>\n<li><strong>K\u0101 uzl\u0101d\u0113t ELFWORLD Plus 20000 p\u016b\u013cu uzpild\u0101mo vienreizlietojamo vape<\/strong><br \/>\nELFWORLD Plus 20K ir uzl\u0101d\u0113jama akumulators, ko var uzl\u0101d\u0113t caur t\u0101s paredz\u0113to uzl\u0101des portu. Vienk\u0101r\u0161i pievienojiet to Type-C sader\u012bgam l\u0101d\u0113t\u0101jam, lai \u0101tri un efekt\u012bvi uzl\u0101d\u0113tu, kas pal\u012bdz nodro\u0161in\u0101t nep\u0101rtrauktas d\u016bmo\u0161anas sesijas.<\/li>\n<li><strong>Cik daudz nikot\u012bna ir ELFWORLD Plus 20000 p\u016btienu gudraj\u0101 vienreizlietojamaj\u0101 vape?<\/strong><br \/>\nELFWORLD Plus 20K pied\u0101v\u0101 zema nikot\u012bna opciju, lai gan konkr\u0113t\u0101 nikot\u012bna stipruma (piem\u0113ram, 0%, 2% vai 5%) nav sniegta deta\u013c\u0101s. Prec\u012bzus nikot\u012bna l\u012bme\u0146us p\u0101rbaudiet produkta iepakojum\u0101 vai p\u0101rdev\u0113ja inform\u0101cij\u0101.<\/li>\n<li><strong>Cik ilgi man b\u016btu j\u0101uzl\u0101d\u0113 ELFWORLD Plus 20000 p\u016btienu vienreizlietojam\u0101 vape kast\u012bte?<\/strong><br \/>\nUzl\u0101d\u0113\u0161anas laiks var at\u0161\u0137irties atkar\u012bb\u0101 no ener\u0123ijas avota. Ar \u0101tr\u0101s uzl\u0101des Type-C tehnolo\u0123iju ier\u012bce, visticam\u0101k, b\u016bs gatava \u012bs\u0101 laik\u0101. Sekojiet l\u012bdzi uzl\u0101des progresam, izmantojot ier\u012bces re\u0101llaika displeju, kas r\u0101da akumulatora procentu\u0101lo daudzumu, lai zin\u0101tu, kad t\u0101 ir piln\u012bb\u0101 uzl\u0101d\u0113ta.<\/li>\n<li><strong>Kur es varu nopirkt ELFWORLD Plus 20000 p\u016btienu vape?<\/strong><br \/>\nJ\u016bs varat ieg\u0101d\u0101ties ELFWORLD Plus 20K gudro vienreizlietojamo vape no vape veikaliem, <strong>vape b\u0101riem<\/strong>, un <strong>vairumtirdzniec\u012bbas veipu<\/strong> pieg\u0101d\u0101t\u0101jiem. T\u0101pat tas ir pieejams tie\u0161saistes pirkumiem caur da\u017e\u0101d\u0101m vape veikalu platform\u0101m, padarot to viegli <strong>pirkt e-cigaretes tie\u0161saist\u0113<\/strong>.<\/li>\n<li><strong>K\u0101di ir lab\u0101kie vienreizlietojamie tvaiki 2024. gad\u0101?<\/strong><br \/>\nDa\u017ei no lab\u0101kajiem vienreiz\u0113j\u0101s lieto\u0161anas vape 2024. gad\u0101 ir:<\/p>\n<ul>\n<li><strong>ELFWORLD Plus 20K<\/strong>: Ar 20 000 p\u016btieniem, dubult\u0101s s\u016bk\u0161anas re\u017e\u012bmiem un re\u0101llaika displeju.<\/li>\n<li><strong>Elf World i15 Pro 12000<\/strong>: Augsts p\u016btienu skaits un uzl\u0101d\u0113jams ar elegant\u0101m dizaina \u012bpa\u0161\u012bb\u0101m.<\/li>\n<li><strong>AIVONO Lost Mary 6500 Puff<\/strong>: Regul\u0113jama gaisa pl\u016bsma un kompakts dizains.<\/li>\n<li><strong>Fumot RandM Tornado 30000 dvesmas<\/strong>: Unik\u0101la RGB apgaismojuma un ilgm\u016b\u017e\u012bgas veiktsp\u0113jas funkcija.<\/li>\n<\/ul>\n<\/li>\n<\/ul>\n<p>&nbsp;<\/p>\n<\/div>\n<\/div>\n<\/div>\n<\/div>\n<h3>Par s\u016bt\u012bjumu<\/h3>\n<div class=\"flex-shrink-0 flex flex-col relative items-end\">\n<div>\n<div class=\"pt-0\">\n<div class=\"gizmo-bot-avatar flex h-8 w-8 items-center justify-center overflow-hidden rounded-full\">\n<div><\/div>\n<div class=\"relative p-1 rounded-sm flex items-center justify-center bg-token-main-surface-primary text-token-text-primary h-8 w-8\"><strong>1. K\u0101das pieg\u0101des metodes tiek izmantotas?<\/strong><\/div>\n<\/div>\n<\/div>\n<\/div>\n<\/div>\n<div class=\"group\/conversation-turn relative flex w-full min-w-0 flex-col agent-turn\">\n<div class=\"flex-col gap-1 md:gap-3\">\n<div class=\"flex max-w-full flex-col flex-grow\">\n<div class=\"min-h-[20px] text-message flex w-full flex-col items-end gap-2 whitespace-normal break-words [.text-message+&amp;]:mt-5 overflow-x-auto\" dir=\"auto\" data-message-author-role=\"assistant\" data-message-id=\"22f8283b-3233-46ff-89a5-c7a41b33abda\">\n<div class=\"flex w-full flex-col gap-1 empty:hidden first:pt-[3px]\">\n<div class=\"markdown prose w-full break-words dark:prose-invert light\">\n<p>M\u0113s sadarbojamies ar UPS, DHL, FedEx, DPD un citiem vado\u0161ajiem p\u0101rvad\u0101t\u0101jiem. M\u0113s izv\u0113l\u0113simies lab\u0101ko pieg\u0101des veidu, pamatojoties uz j\u016bsu pieg\u0101des vietu, lai nodro\u0161in\u0101tu, ka j\u016bs sa\u0146emat savus produktus p\u0113c iesp\u0113jas \u0101tr\u0101k.<\/p>\n<\/div>\n<p><strong>2. Cik ilgs laiks paiet, l\u012bdz tas pien\u0101k?<\/strong><\/p>\n<p>Pieg\u0101des uz Latviju parasti ierodas 10 darba dienu laik\u0101. Pieg\u0101de uz Eiropas valst\u012bm parasti aiz\u0146em apm\u0113ram 12-15 darba dienas. M\u0113s nodro\u0161in\u0101sim re\u0101llaika atjaunin\u0101jumus par j\u016bsu pieg\u0101des statusu.<\/p>\n<\/div>\n<\/div>\n<\/div>\n<\/div>\n<\/div>\n<p>&nbsp;<\/p>\n<p>Citi popul\u0101ri vape, kas jums var\u0113tu patikt:<\/p>\n<p><a href=\"https:\/\/rmvapesale.com\/lv\/product\/fumot-randm-tornado-30000-puffs-30k-music-disposable-vape\/\"><strong>RandM Tornado 30000 Puffs\u00a0 \u00a0<span style=\"color: #ff0000\">&gt;&gt;&gt;&gt; uz priek\u0161u!<\/span><\/strong><\/a><\/p>\n<p><strong><a href=\"https:\/\/rmvapesale.com\/lv\/product\/rechargeable-vape-vapme-spacex-22000-puff-wholesale\/\">Vapme Spacex 22000 Puffs <span style=\"color: #ff0000\">&gt;&gt;&gt;&gt; uz priek\u0161u!<\/span><\/a>\u00a0<\/strong><\/p>\n<p><a href=\"https:\/\/rmvapesale.com\/lv\/product\/disposable-vape-poco-bl10000-puffs-wholesale\/\"><strong>POCO BL10000 p\u016btieni vienreizlietojam\u0101 vape <span style=\"color: #ff0000\">&gt;&gt;&gt;&gt; uz priek\u0161u!<\/span><\/strong><\/a><\/p>\n<p>&nbsp;<\/p>\n<p>&nbsp;<\/p>\n<p>Atrodiet vair\u0101k Vape produktu, kas jums var\u0113tu patikt:<strong><em><a href=\"https:\/\/rmvapesale.com\/lv\/shop-2\/\">iepirkties tagad &gt;&gt;&gt;<\/a><\/em><\/strong><\/p>","protected":false},"excerpt":{"rendered":"<p>Elf World Plus 20000 P\u016b\u013cu LED Displeja Ekr\u0101ns Vienreizlietojams<br \/>\nELFWORLD Plus+ 20000 Uzl\u0101d\u0113jams P\u016b\u013cu Vape Ra\u017eo\u0161anas Cena<br \/>\nELFWORLD Plus+ 20K Vienreizlietojams Vape Pod Vairumtirdzniec\u012bba<br \/>\n<span style=\"color: #ff0000\">(S\u016bt\u012bjums no liel\u0101k\u0101s Latvijas noliktavas un aiz\u0146em apm\u0113ram 3-5 dienas, lai sasniegtu liel\u0101ko da\u013cu Eiropas valstu, piem\u0113ram, N\u012bderlandi, Franciju, It\u0101liju, Sp\u0101niju, \u0160veici, Zviedriju, Poliju utt.)<\/span><\/p>\n<p><img loading=\"lazy\" decoding=\"async\" class=\"size-full wp-image-2375\" src=\"https:\/\/rmvapesale.com\/wp-content\/uploads\/2024\/10\/image.png\" alt=\"Lab\u0101kais vienreiz\u0113jais vape\" width=\"229\" height=\"300\" \/><\/p>\n<h3><a href=\"https:\/\/wa.me\/8617776015835\"><span style=\"color: #ff0000\"><strong>WhatsApp: +86 17776015835<\/strong><\/span><\/a><\/h3>\n<p>&nbsp;<\/p>","protected":false},"featured_media":2580,"comment_status":"open","ping_status":"closed","template":"","meta":{"_uag_custom_page_level_css":"","_lmt_disableupdate":"no","_lmt_disable":"","site-sidebar-layout":"default","site-content-layout":"content-boxed-container","ast-site-content-layout":"normal-width-container","site-content-style":"boxed","site-sidebar-style":"unboxed","ast-global-header-display":"","ast-banner-title-visibility":"","ast-main-header-display":"","ast-hfb-above-header-display":"","ast-hfb-below-header-display":"","ast-hfb-mobile-header-display":"","site-post-title":"","ast-breadcrumbs-content":"","ast-featured-img":"","footer-sml-layout":"","ast-disable-related-posts":"","theme-transparent-header-meta":"default","adv-header-id-meta":"","stick-header-meta":"","header-above-stick-meta":"","header-main-stick-meta":"","header-below-stick-meta":"","astra-migrate-meta-layouts":"set","ast-page-background-enabled":"default","ast-page-background-meta":{"desktop":{"background-color":"var(--ast-global-color-4)","background-image":"","background-repeat":"repeat","background-position":"center center","background-size":"auto","background-attachment":"scroll","background-type":"","background-media":"","overlay-type":"","overlay-color":"","overlay-opacity":"","overlay-gradient":""},"tablet":{"background-color":"","background-image":"","background-repeat":"repeat","background-position":"center center","background-size":"auto","background-attachment":"scroll","background-type":"","background-media":"","overlay-type":"","overlay-color":"","overlay-opacity":"","overlay-gradient":""},"mobile":{"background-color":"","background-image":"","background-repeat":"repeat","background-position":"center center","background-size":"auto","background-attachment":"scroll","background-type":"","background-media":"","overlay-type":"","overlay-color":"","overlay-opacity":"","overlay-gradient":""}},"ast-content-background-meta":{"desktop":{"background-color":"var(--ast-global-color-5)","background-image":"","background-repeat":"repeat","background-position":"center center","background-size":"auto","background-attachment":"scroll","background-type":"","background-media":"","overlay-type":"","overlay-color":"","overlay-opacity":"","overlay-gradient":""},"tablet":{"background-color":"var(--ast-global-color-5)","background-image":"","background-repeat":"repeat","background-position":"center center","background-size":"auto","background-attachment":"scroll","background-type":"","background-media":"","overlay-type":"","overlay-color":"","overlay-opacity":"","overlay-gradient":""},"mobile":{"background-color":"var(--ast-global-color-5)","background-image":"","background-repeat":"repeat","background-position":"center center","background-size":"auto","background-attachment":"scroll","background-type":"","background-media":"","overlay-type":"","overlay-color":"","overlay-opacity":"","overlay-gradient":""}},"_joinchat":[]},"product_brand":[],"product_cat":[15,27,25,195,123,30,26,28,137,136,135],"product_tag":[146,188,167,194,165,191,120],"class_list":{"0":"post-2582","1":"product","2":"type-product","3":"status-publish","4":"has-post-thumbnail","6":"product_cat-new-vape-this-week","7":"product_cat-fance-hot-sale-vape","8":"product_cat-germany-best-selling-vape","9":"product_cat-germany-warehouse","10":"product_cat-italy-wholesale-vape","11":"product_cat-minimum-order-quantity-50pcs","12":"product_cat-netherlands-hot-sale-vape","13":"product_cat-poland-hot-sale-vape","14":"product_cat-rechargeable-vapes","15":"product_cat-smart-screen-vapes","16":"product_cat-spain-best-hot-sale-vape","17":"product_tag-best-hot-sale-vape","18":"product_tag-buy-vapes-online","19":"product_tag-disposable-vape-with-screen","20":"product_tag-elfworld","21":"product_tag-rechargeable-vapes","22":"product_tag-vape-box","23":"product_tag-vape-wholesale","24":"desktop-align-left","25":"tablet-align-left","26":"mobile-align-left","28":"first","29":"instock","30":"sale","31":"shipping-taxable","32":"purchasable","33":"product-type-simple"},"uagb_featured_image_src":{"full":["https:\/\/rmvapesale.com\/wp-content\/uploads\/2024\/10\/Elfworld-Plus-20000-puffs.jpg",800,800,false],"thumbnail":["https:\/\/rmvapesale.com\/wp-content\/uploads\/2024\/10\/Elfworld-Plus-20000-puffs-150x150.jpg",150,150,true],"medium":["https:\/\/rmvapesale.com\/wp-content\/uploads\/2024\/10\/Elfworld-Plus-20000-puffs-300x300.jpg",300,300,true],"medium_large":["https:\/\/rmvapesale.com\/wp-content\/uploads\/2024\/10\/Elfworld-Plus-20000-puffs-768x768.jpg",768,768,true],"large":["https:\/\/rmvapesale.com\/wp-content\/uploads\/2024\/10\/Elfworld-Plus-20000-puffs.jpg",800,800,false],"1536x1536":["https:\/\/rmvapesale.com\/wp-content\/uploads\/2024\/10\/Elfworld-Plus-20000-puffs.jpg",800,800,false],"2048x2048":["https:\/\/rmvapesale.com\/wp-content\/uploads\/2024\/10\/Elfworld-Plus-20000-puffs.jpg",800,800,false],"trp-custom-language-flag":["https:\/\/rmvapesale.com\/wp-content\/uploads\/2024\/10\/Elfworld-Plus-20000-puffs.jpg",12,12,false],"woocommerce_thumbnail":["https:\/\/rmvapesale.com\/wp-content\/uploads\/2024\/10\/Elfworld-Plus-20000-puffs-300x300.jpg",300,300,true],"woocommerce_single":["https:\/\/rmvapesale.com\/wp-content\/uploads\/2024\/10\/Elfworld-Plus-20000-puffs-600x600.jpg",600,600,true],"woocommerce_gallery_thumbnail":["https:\/\/rmvapesale.com\/wp-content\/uploads\/2024\/10\/Elfworld-Plus-20000-puffs-100x100.jpg",100,100,true],"wcpr-photo-reviews":["https:\/\/rmvapesale.com\/wp-content\/uploads\/2024\/10\/Elfworld-Plus-20000-puffs.jpg",500,500,false]},"uagb_author_info":{"display_name":"AMY","author_link":"https:\/\/rmvapesale.com\/lv\/author\/"},"uagb_comment_info":0,"uagb_excerpt":"Elf World Plus 20000 Puffs LED Display Screen Disposable ELFWORLD Plus 20000 Rechargeable Puff Vape Factory Price ELFWORLD Plus+ 20K Disposable Vape Pod Wholesale (Ship from most Germany warehouse and takes about 3-5 days\u00a0 to get arrive to most Europe countries like Netherlands, France, Italy, Spain, Switzerland, Sweden, Poland, etc. ) WhatsApp: +86 17776015835 &nbsp;","_links":{"self":[{"href":"https:\/\/rmvapesale.com\/lv\/wp-json\/wp\/v2\/product\/2582","targetHints":{"allow":["GET"]}}],"collection":[{"href":"https:\/\/rmvapesale.com\/lv\/wp-json\/wp\/v2\/product"}],"about":[{"href":"https:\/\/rmvapesale.com\/lv\/wp-json\/wp\/v2\/types\/product"}],"replies":[{"embeddable":true,"href":"https:\/\/rmvapesale.com\/lv\/wp-json\/wp\/v2\/comments?post=2582"}],"wp:featuredmedia":[{"embeddable":true,"href":"https:\/\/rmvapesale.com\/lv\/wp-json\/wp\/v2\/media\/2580"}],"wp:attachment":[{"href":"https:\/\/rmvapesale.com\/lv\/wp-json\/wp\/v2\/media?parent=2582"}],"wp:term":[{"taxonomy":"product_brand","embeddable":true,"href":"https:\/\/rmvapesale.com\/lv\/wp-json\/wp\/v2\/product_brand?post=2582"},{"taxonomy":"product_cat","embeddable":true,"href":"https:\/\/rmvapesale.com\/lv\/wp-json\/wp\/v2\/product_cat?post=2582"},{"taxonomy":"product_tag","embeddable":true,"href":"https:\/\/rmvapesale.com\/lv\/wp-json\/wp\/v2\/product_tag?post=2582"}],"curies":[{"name":"wp","href":"https:\/\/api.w.org\/{rel}","templated":true}]}}