{"id":2589,"date":"2024-10-28T08:12:17","date_gmt":"2024-10-28T08:12:17","guid":{"rendered":"https:\/\/rmvapesale.com\/?post_type=product&#038;p=2589"},"modified":"2024-10-28T08:47:41","modified_gmt":"2024-10-28T08:47:41","slug":"poco-pt12000-puffs-disposable-vape-pod-electronic-cigarette","status":"publish","type":"product","link":"https:\/\/rmvapesale.com\/lv\/product\/poco-pt12000-puffs-disposable-vape-pod-electronic-cigarette\/","title":{"rendered":"POCO PT12000 Puffs vienreiz\u0113j\u0101s lieto\u0161anas vape p\u0101ksts elektronisk\u0101 cigarete"},"content":{"rendered":"<div class=\"B2VR9 CJHX3e\">\n<div class=\"wyccme\">\n<h1 class=\"LC20lb MBeuO DKV0Md\">POCO PT12000 Puffs vienreiz\u0113j\u0101s lieto\u0161anas vape p\u0101ksts elektronisk\u0101 cigarete<\/h1>\n<div class=\"flex-shrink-0 flex flex-col relative items-end\">\n<div class=\"pt-0\">\n<div class=\"gizmo-bot-avatar flex h-8 w-8 items-center justify-center overflow-hidden rounded-full\">\n<div class=\"relative p-1 rounded-sm flex items-center justify-center bg-token-main-surface-primary text-token-text-primary h-8 w-8\">\n<p>POCO PT12000 12 000 p\u016btieni vienreizlietojam\u0101 vape komplekts nosaka jaunu lati\u0146u k\u0101 viena no jaud\u012bg\u0101kaj\u0101m uzl\u0101d\u0113jamaj\u0101m vienreizlietojamaj\u0101m vape ier\u012bc\u0113m, nodro\u0161inot iespaid\u012bgus 12 000 p\u016btienus stil\u012bg\u0101, uzl\u0101d\u0113jam\u0101 dizain\u0101. \u0160\u012b p\u016btienu 12k vape ier\u012bce pie\u0161\u0137ir drosm\u012bgu jaunin\u0101jumu vienreizlietojam\u0101 vape tirg\u016b ar funkcij\u0101m, kas paredz\u0113tas apmierin\u0101t pat vispras\u012bg\u0101kos vaperus. Poco PT12000 Puffs vienreizlietojam\u0101 vape pods apr\u012bkots ar augstas veiktsp\u0113jas t\u012bkli\u0146u spir\u0101li, un tas ir iepild\u012bts ar kvalitat\u012bvu nikot\u012bna s\u0101\u013cu e-\u0161\u0137idrumu, nodro\u0161inot bag\u0101t\u012bgu gar\u0161u un gludu tvaiku katru reizi.<\/p>\n<p>Darbojas ar jaud\u012bgu 650mAh uzl\u0101d\u0113jamu akumulatoru un \u0113rtu Type-C uzl\u0101des portu, \u0161\u012b vape pods ier\u012bce \u0101tri uzl\u0101d\u0113jas, t\u0101p\u0113c nekad nev\u0113l\u0113sieties gaid\u012bt. Regul\u0113jama gaisa pl\u016bsmas funkcija \u013cauj lietot\u0101jiem piel\u0101got katru p\u016btienu, vai tie dod priek\u0161roku stingr\u0101kai vai va\u013c\u012bg\u0101kai ieelpo\u0161anai. Ar sp\u0113c\u012bgu 5% s\u0101\u013cu nikot\u012bna koncentr\u0101ciju \u0161\u012b vape ir ide\u0101la pieredz\u0113ju\u0161iem vaperiem, kas mekl\u0113 apmierino\u0161u r\u012bkles sitienu.<\/p>\n<p>Ide\u0101ls vairumtirdzniec\u012bbas vape veikaliem un lielapjoma pirc\u0113jiem, kas v\u0113las ieg\u0101d\u0101ties vape tie\u0161saist\u0113, POCO PT 12k p\u016btieni apvieno augstas kvalit\u0101tes un lietot\u0101jdraudz\u012bgas funkcijas, radot neapstr\u012bdamu vaping pieredzi, kas izce\u013cas no konkurentiem.<\/p>\n<p>&nbsp;<\/p>\n<\/div>\n<\/div>\n<\/div>\n<\/div>\n<\/div>\n<\/div>\n<p><strong>Sazinieties ar Eimiju, lai ieg\u016btu pareizo atbildi un veipu kuponu!<\/strong><\/p>\n<p><img loading=\"lazy\" decoding=\"async\" class=\"size-full wp-image-1978\" src=\"https:\/\/rmvapesale.com\/wp-content\/uploads\/2024\/09\/Disposable-Vape-Wholesale.jpg\" alt=\"Vienreiz\u0113jais vape vairumtirdzniec\u012bba\" width=\"229\" height=\"300\" \/><\/p>\n<h3><a href=\"https:\/\/wa.me\/8617776015835\" target=\"_blank\" rel=\"noopener\"><span style=\"color: #ff0000\"><strong>WhatsApp: +86 17776015835<\/strong><\/span><\/a><\/h3>\n<p>&nbsp;<\/p>\n<h2><\/h2>\n<h2><strong>Vienreizlietojam\u0101 Vape POCO PT12000 <\/strong><strong>Galven\u0101s iez\u012bmes<\/strong><\/h2>\n<p>Nikot\u012bns: 5%<br \/>\nP\u016btieni: 12000<br \/>\nTilpums: 22 ml<br \/>\npieejamas 10 gar\u0161as<br \/>\n650mah Uzl\u0101d\u0113jams<br \/>\nt\u012bkla spir\u0101li<br \/>\nType-C, uzl\u0101d\u0113jama<\/p>\n<figure id=\"attachment_2588\" aria-describedby=\"caption-attachment-2588\" style=\"width: 800px\" class=\"wp-caption alignnone\"><img loading=\"lazy\" decoding=\"async\" class=\"wp-image-2588 size-full\" src=\"https:\/\/rmvapesale.com\/wp-content\/uploads\/2024\/10\/Poco-pt12000-For-Sale.jpg\" alt=\"Poco PT12000 P\u0101rdo\u0161an\u0101\" width=\"800\" height=\"800\" srcset=\"https:\/\/rmvapesale.com\/wp-content\/uploads\/2024\/10\/Poco-pt12000-For-Sale.jpg 800w, https:\/\/rmvapesale.com\/wp-content\/uploads\/2024\/10\/Poco-pt12000-For-Sale-300x300.jpg 300w, https:\/\/rmvapesale.com\/wp-content\/uploads\/2024\/10\/Poco-pt12000-For-Sale-150x150.jpg 150w, https:\/\/rmvapesale.com\/wp-content\/uploads\/2024\/10\/Poco-pt12000-For-Sale-768x768.jpg 768w, https:\/\/rmvapesale.com\/wp-content\/uploads\/2024\/10\/Poco-pt12000-For-Sale-600x600.jpg 600w, https:\/\/rmvapesale.com\/wp-content\/uploads\/2024\/10\/Poco-pt12000-For-Sale-100x100.jpg 100w\" sizes=\"auto, (max-width: 800px) 100vw, 800px\" \/><figcaption id=\"caption-attachment-2588\" class=\"wp-caption-text\">Poco PT12000 P\u0101rdo\u0161an\u0101<\/figcaption><\/figure>\n<h2><strong>Popul\u0101r\u0101k\u0101 gar\u0161a POCO PT12000 Puffs vienreizlietojamajai vape<\/strong><strong>\u00a0<\/strong><\/h2>\n<p>&nbsp;<\/p>\n<p>1. Melle\u0146u ledus<span style=\"color: #ff0000\"><strong>&gt;&gt;&gt;&gt; Karsti!<\/strong><\/span><br \/>\n2. Zeme\u0146u arb\u016bzs<br \/>\n3. Melnais ledus, drakona aug\u013ci, zemenes<br \/>\n4. Ener\u0123ijas dz\u0113riens<br \/>\n5. Persiku ledus<br \/>\n6. \u010ceriju persiku limon\u0101de<br \/>\n7. Melle\u0146u ave\u0146u <span style=\"color: #ff0000\"><strong>&gt;&gt;&gt;&gt; Viss lab\u0101kais!<\/strong><\/span><br \/>\n8. Zeme\u0146u kivi<br \/>\n9. Alveja v\u012bnogu<br \/>\n10. Zeme\u0146u ledus <span style=\"color: #ff0000\"><strong>&gt;&gt;&gt;&gt; Karsti!<\/strong><\/span><\/p>\n<p>&nbsp;<\/p>\n<h3><strong>K\u0101p\u0113c izv\u0113l\u0113ties Rmvapesale priek\u0161 <\/strong><strong>POCO PT12000 <\/strong><strong>P\u016btieni, uzl\u0101d\u0113jama vienreizlietojam\u0101 vape<\/strong><strong>?<\/strong><\/h3>\n<div class=\"flex-shrink-0 flex flex-col relative items-end\">\n<div class=\"pt-0\">\n<div class=\"gizmo-bot-avatar flex h-8 w-8 items-center justify-center overflow-hidden rounded-full\">\n<div class=\"relative p-1 rounded-sm flex items-center justify-center bg-token-main-surface-primary text-token-text-primary h-8 w-8\">\n<p>&nbsp;<\/p>\n<p>Kad izv\u0113laties Rmvapesale sav\u0101m vairumtirdzniec\u012bbas vienreiz\u0113j\u0101s lieto\u0161anas e-cigare\u0161u vajadz\u012bb\u0101m, j\u016bs ieg\u016bstat \u0161\u0101das priek\u0161roc\u012bbas:<\/p>\n<ul>\n<li><strong>Konkur\u0113tsp\u0113j\u012bga cena<\/strong>Ieg\u016bstiet pieeju pievilc\u012bg\u0101m vairumtirdzniec\u012bbas cen\u0101m, kas palielina j\u016bsu biznesa pe\u013c\u0146u.<\/li>\n<li><strong>Augsta kvalit\u0101te<\/strong>M\u016bsu vape ir izstr\u0101d\u0101tas atbilsto\u0161i augst\u0101kajiem standartiem, un <span style=\"color: #ff0000\"><strong>Garant\u0113ti 100% ori\u0123in\u0101li un autentiski, pret\u0113j\u0101 gad\u012bjum\u0101 par viltot\u0101m prec\u0113m tiks nodro\u0161in\u0101ta 10 reizes liel\u0101ka kompens\u0101cija!<\/strong><\/span><\/li>\n<li><strong>Izcils klientu serviss<\/strong>M\u016bsu \u012bpa\u0161\u0101 komanda vienm\u0113r ir gatava jums pal\u012bdz\u0113t, padarot j\u016bsu pirk\u0161anas procesu vienk\u0101r\u0161u un \u0113rtu.<\/li>\n<li><strong>\u0100tra<\/strong>: Sagaidiet \u0101tru un uzticamu pieg\u0101di, kas nodro\u0161ina, ka j\u016bsu pas\u016bt\u012bjumi vienm\u0113r tiek pieg\u0101d\u0101ti laik\u0101.<\/li>\n<\/ul>\n<\/div>\n<h3><\/h3>\n<div class=\"relative p-1 rounded-sm flex items-center justify-center bg-token-main-surface-primary text-token-text-primary h-8 w-8\">\n<h3><b>Vape POCO <\/b><strong>PT12000 <\/strong><b>Puff Bie\u017e\u0101k uzdotie jaut\u0101jumi<\/b><\/h3>\n<p><strong>K\u0101 uzl\u0101d\u0113t POCO PT 12K uzl\u0101d\u0113jamo vienreizlietojamo vape?<\/strong><br \/>\nLai uzl\u0101d\u0113tu savu POCO PT 12000, izmantojiet Type-C uzl\u0101des kabeli. Vienk\u0101r\u0161i pievienojiet to portam, kas atrodas ier\u012bces apak\u0161\u0101. P\u0101rliecinieties, ka tas ir pievienots sader\u012bgai baro\u0161anas avotam, lai nodro\u0161in\u0101tu stabilu uzl\u0101di. POCO PT 12000 ir paredz\u0113ts \u0101trai uzl\u0101dei, t\u0101p\u0113c j\u016bs dr\u012bz var\u0113siet baud\u012bt vaping!<\/p>\n<p><strong>2. Cik daudz nikot\u012bna ir POCO PT12000 Puffs Vienreiz\u0113j\u0101 Vape Pod?<\/strong><br \/>\nPOCO PT 12000 pied\u0101v\u0101 5% s\u0101ls nikot\u012bna koncentr\u0101ciju, nodro\u0161inot sp\u0113c\u012bgu un apmierino\u0161u vaping pieredzi tiem, kas mekl\u0113 stipr\u0101ku efektu.<\/p>\n<p><strong>3. Cik ilgi man b\u016btu j\u0101uzl\u0101d\u0113 mana POCO 12000 Puffs Vienreiz\u0113j\u0101 Vape Kaste?<\/strong><br \/>\nLai nodro\u0161in\u0101tu optim\u0101lu darb\u012bbu, uzl\u0101d\u0113jiet POCO 12000 apm\u0113ram 1-2 stundas vai l\u012bdz piln\u012bgai uzl\u0101dei. Lab\u0101k nep\u0101rsniegt \u0161o laiku, lai saglab\u0101tu akumulatora vesel\u012bbu.<\/p>\n<p><strong>4. Kur es varu ieg\u0101d\u0101ties POCO PT12000 Puffs Puff Vape Bar?<\/strong><br \/>\nPOCO PT12000 Puffs Puff Vape Bar ir pieejams daudzos tie\u0161saistes vape mazumtirgot\u0101jos, vape veikalos un izv\u0113l\u0113tajos vairumtirdzniec\u012bbas vape izplat\u012bt\u0101jos. Lai b\u016btu \u0113rt\u0101k, apskatiet popul\u0101rus vape veikalus tie\u0161saist\u0113, piem\u0113ram, rmvapesale, lai atrastu lab\u0101k\u0101s cenas.<\/p>\n<p><strong>5. K\u0101di ir lab\u0101kie vienreiz\u0113jie vape 2024. gadam?<\/strong><br \/>\nPOCO PT12000 ir viens no lab\u0101kajiem vienreiz\u0113jiem vape 2024. gadam, pateicoties t\u0101 augstajam p\u016b\u0161u skaitam, regul\u0113jamai gaisa pl\u016bsmai, augstas kvalit\u0101tes re\u017e\u0123a spir\u0101lei un uzl\u0101d\u0113jamai akumulatoram. Ar kvalitat\u012bvu veiktsp\u0113ju un inovat\u012bvu dizainu tas izce\u013cas k\u0101 galven\u0101 izv\u0113le ilgsto\u0161ai, arom\u0101tiskai vaping pieredzei.<\/p>\n<\/div>\n<\/div>\n<\/div>\n<\/div>\n<h3>Par s\u016bt\u012bjumu<\/h3>\n<div class=\"flex-shrink-0 flex flex-col relative items-end\">\n<div>\n<div class=\"pt-0\">\n<div class=\"gizmo-bot-avatar flex h-8 w-8 items-center justify-center overflow-hidden rounded-full\">\n<div><\/div>\n<div class=\"relative p-1 rounded-sm flex items-center justify-center bg-token-main-surface-primary text-token-text-primary h-8 w-8\"><strong>1. K\u0101das pieg\u0101des metodes tiek izmantotas?<\/strong><\/div>\n<\/div>\n<\/div>\n<\/div>\n<\/div>\n<div class=\"group\/conversation-turn relative flex w-full min-w-0 flex-col agent-turn\">\n<div class=\"flex-col gap-1 md:gap-3\">\n<div class=\"flex max-w-full flex-col flex-grow\">\n<div class=\"min-h-[20px] text-message flex w-full flex-col items-end gap-2 whitespace-normal break-words [.text-message+&amp;]:mt-5 overflow-x-auto\" dir=\"auto\" data-message-author-role=\"assistant\" data-message-id=\"22f8283b-3233-46ff-89a5-c7a41b33abda\">\n<div class=\"flex w-full flex-col gap-1 empty:hidden first:pt-[3px]\">\n<div class=\"markdown prose w-full break-words dark:prose-invert light\">\n<p>M\u0113s sadarbojamies ar UPS, DHL, FedEx, DPD un citiem vado\u0161ajiem p\u0101rvad\u0101t\u0101jiem. M\u0113s izv\u0113l\u0113simies lab\u0101ko pieg\u0101des veidu, pamatojoties uz j\u016bsu pieg\u0101des vietu, lai nodro\u0161in\u0101tu, ka j\u016bs sa\u0146emat savus produktus p\u0113c iesp\u0113jas \u0101tr\u0101k.<\/p>\n<\/div>\n<p><strong>2. Cik ilgs laiks paiet, l\u012bdz tas pien\u0101k?<\/strong><\/p>\n<p>Pieg\u0101des uz Latviju parasti ierodas 10 darba dienu laik\u0101. Pieg\u0101de uz Eiropas valst\u012bm parasti aiz\u0146em apm\u0113ram 12-15 darba dienas. M\u0113s nodro\u0161in\u0101sim re\u0101llaika atjaunin\u0101jumus par j\u016bsu pieg\u0101des statusu.<\/p>\n<\/div>\n<\/div>\n<\/div>\n<\/div>\n<\/div>\n<p>&nbsp;<\/p>\n<p>Citi popul\u0101ri vape, kas jums var\u0113tu patikt:<\/p>\n<p><a href=\"https:\/\/rmvapesale.com\/lv\/product\/fumot-randm-tornado-30000-puffs-30k-music-disposable-vape\/\"><strong>RandM Tornado 30000 Puffs\u00a0 \u00a0<span style=\"color: #ff0000\">&gt;&gt;&gt;&gt; uz priek\u0161u!<\/span><\/strong><\/a><\/p>\n<p><strong><a href=\"https:\/\/rmvapesale.com\/lv\/product\/disposable-vape-poco-bl10000-puffs-wholesale\/\">POCO BL10000\u00a0Puffs <span style=\"color: #ff0000\">&gt;&gt;&gt;&gt; uz priek\u0161u!<\/span><\/a>\u00a0<\/strong><\/p>\n<p><a href=\"https:\/\/rmvapesale.com\/lv\/product\/original-randm-vape-digital-puff-12000-fumot-factory-price\/\"><strong>Fumot Vape 12000 Puffs <span style=\"color: #ff0000\">&gt;&gt;&gt;&gt; uz priek\u0161u!<\/span><\/strong><\/a><\/p>\n<p>&nbsp;<\/p>\n<p>&nbsp;<\/p>\n<p>Atrodiet vair\u0101k Vape produktu, kas jums var\u0113tu patikt:<strong><em><a href=\"https:\/\/rmvapesale.com\/lv\/shop-2\/\">iepirkties tagad &gt;&gt;&gt;<\/a><\/em><\/strong><\/p>","protected":false},"excerpt":{"rendered":"<p>POCO PT 12000 p\u016b\u0161u vienreiz\u0113jais vape r\u016bpn\u012bcas cena<br \/>\nEU noliktava Poco PT12000 p\u016b\u0161u vienreiz\u0113jais vape noliktav\u0101<br \/>\nPOCO PT 12000 p\u016b\u0161u vienreiz\u0113jais vape vairumtirdzniec\u012bba<br \/>\n<span style=\"color: #ff0000\">(S\u016bt\u012bjums no V\u0101cijas noliktavas, un pieg\u0101de ilgst aptuveni 3-5 dienas l\u012bdz liel\u0101kajai da\u013cai Eiropas valstu, piem\u0113ram, N\u012bderlandei, Francijai, It\u0101lijai, Sp\u0101nijai, \u0160veicei, Zviedrijai, Polijai utt.)<\/span><\/p>\n<p><img loading=\"lazy\" decoding=\"async\" class=\"size-full wp-image-2375\" src=\"https:\/\/rmvapesale.com\/wp-content\/uploads\/2024\/10\/image.png\" alt=\"Lab\u0101kais vienreiz\u0113jais vape\" width=\"229\" height=\"300\" \/><\/p>\n<h3><a href=\"https:\/\/wa.me\/8617776015835\"><span style=\"color: #ff0000\"><strong>WhatsApp: +86 17776015835<\/strong><\/span><\/a><\/h3>\n<p>&nbsp;<\/p>","protected":false},"featured_media":2586,"comment_status":"open","ping_status":"closed","template":"","meta":{"_uag_custom_page_level_css":"","_lmt_disableupdate":"no","_lmt_disable":"","site-sidebar-layout":"default","site-content-layout":"content-boxed-container","ast-site-content-layout":"normal-width-container","site-content-style":"boxed","site-sidebar-style":"unboxed","ast-global-header-display":"","ast-banner-title-visibility":"","ast-main-header-display":"","ast-hfb-above-header-display":"","ast-hfb-below-header-display":"","ast-hfb-mobile-header-display":"","site-post-title":"","ast-breadcrumbs-content":"","ast-featured-img":"","footer-sml-layout":"","theme-transparent-header-meta":"default","adv-header-id-meta":"","stick-header-meta":"","header-above-stick-meta":"","header-main-stick-meta":"","header-below-stick-meta":"","astra-migrate-meta-layouts":"set","ast-page-background-enabled":"default","ast-page-background-meta":{"desktop":{"background-color":"var(--ast-global-color-4)","background-image":"","background-repeat":"repeat","background-position":"center center","background-size":"auto","background-attachment":"scroll","background-type":"","background-media":"","overlay-type":"","overlay-color":"","overlay-opacity":"","overlay-gradient":""},"tablet":{"background-color":"","background-image":"","background-repeat":"repeat","background-position":"center center","background-size":"auto","background-attachment":"scroll","background-type":"","background-media":"","overlay-type":"","overlay-color":"","overlay-opacity":"","overlay-gradient":""},"mobile":{"background-color":"","background-image":"","background-repeat":"repeat","background-position":"center center","background-size":"auto","background-attachment":"scroll","background-type":"","background-media":"","overlay-type":"","overlay-color":"","overlay-opacity":"","overlay-gradient":""}},"ast-content-background-meta":{"desktop":{"background-color":"var(--ast-global-color-5)","background-image":"","background-repeat":"repeat","background-position":"center center","background-size":"auto","background-attachment":"scroll","background-type":"","background-media":"","overlay-type":"","overlay-color":"","overlay-opacity":"","overlay-gradient":""},"tablet":{"background-color":"var(--ast-global-color-5)","background-image":"","background-repeat":"repeat","background-position":"center center","background-size":"auto","background-attachment":"scroll","background-type":"","background-media":"","overlay-type":"","overlay-color":"","overlay-opacity":"","overlay-gradient":""},"mobile":{"background-color":"var(--ast-global-color-5)","background-image":"","background-repeat":"repeat","background-position":"center center","background-size":"auto","background-attachment":"scroll","background-type":"","background-media":"","overlay-type":"","overlay-color":"","overlay-opacity":"","overlay-gradient":""}},"_joinchat":[]},"product_brand":[],"product_cat":[15,195,25,123,26,28,135,27,137,30],"product_tag":[146,188,167,165,191,196,120],"class_list":{"0":"post-2589","1":"product","2":"type-product","3":"status-publish","4":"has-post-thumbnail","6":"product_cat-new-vape-this-week","7":"product_cat-germany-warehouse","8":"product_cat-germany-best-selling-vape","9":"product_cat-italy-wholesale-vape","10":"product_cat-netherlands-hot-sale-vape","11":"product_cat-poland-hot-sale-vape","12":"product_cat-spain-best-hot-sale-vape","13":"product_cat-fance-hot-sale-vape","14":"product_cat-rechargeable-vapes","15":"product_cat-minimum-order-quantity-50pcs","16":"product_tag-best-hot-sale-vape","17":"product_tag-buy-vapes-online","18":"product_tag-disposable-vape-with-screen","19":"product_tag-rechargeable-vapes","20":"product_tag-vape-box","21":"product_tag-vape-shop","22":"product_tag-vape-wholesale","23":"desktop-align-left","24":"tablet-align-left","25":"mobile-align-left","27":"first","28":"instock","29":"sale","30":"shipping-taxable","31":"purchasable","32":"product-type-simple"},"uagb_featured_image_src":{"full":["https:\/\/rmvapesale.com\/wp-content\/uploads\/2024\/10\/POCO-PT-12000-Puffs-Disposable-Vape.jpg",800,800,false],"thumbnail":["https:\/\/rmvapesale.com\/wp-content\/uploads\/2024\/10\/POCO-PT-12000-Puffs-Disposable-Vape-150x150.jpg",150,150,true],"medium":["https:\/\/rmvapesale.com\/wp-content\/uploads\/2024\/10\/POCO-PT-12000-Puffs-Disposable-Vape-300x300.jpg",300,300,true],"medium_large":["https:\/\/rmvapesale.com\/wp-content\/uploads\/2024\/10\/POCO-PT-12000-Puffs-Disposable-Vape-768x768.jpg",768,768,true],"large":["https:\/\/rmvapesale.com\/wp-content\/uploads\/2024\/10\/POCO-PT-12000-Puffs-Disposable-Vape.jpg",800,800,false],"1536x1536":["https:\/\/rmvapesale.com\/wp-content\/uploads\/2024\/10\/POCO-PT-12000-Puffs-Disposable-Vape.jpg",800,800,false],"2048x2048":["https:\/\/rmvapesale.com\/wp-content\/uploads\/2024\/10\/POCO-PT-12000-Puffs-Disposable-Vape.jpg",800,800,false],"trp-custom-language-flag":["https:\/\/rmvapesale.com\/wp-content\/uploads\/2024\/10\/POCO-PT-12000-Puffs-Disposable-Vape.jpg",12,12,false],"woocommerce_thumbnail":["https:\/\/rmvapesale.com\/wp-content\/uploads\/2024\/10\/POCO-PT-12000-Puffs-Disposable-Vape-300x300.jpg",300,300,true],"woocommerce_single":["https:\/\/rmvapesale.com\/wp-content\/uploads\/2024\/10\/POCO-PT-12000-Puffs-Disposable-Vape-600x600.jpg",600,600,true],"woocommerce_gallery_thumbnail":["https:\/\/rmvapesale.com\/wp-content\/uploads\/2024\/10\/POCO-PT-12000-Puffs-Disposable-Vape-100x100.jpg",100,100,true],"wcpr-photo-reviews":["https:\/\/rmvapesale.com\/wp-content\/uploads\/2024\/10\/POCO-PT-12000-Puffs-Disposable-Vape.jpg",500,500,false]},"uagb_author_info":{"display_name":"AMY","author_link":"https:\/\/rmvapesale.com\/lv\/author\/"},"uagb_comment_info":0,"uagb_excerpt":"POCO PT 12000 Puffs Disposable Vape Factory Price EU Warehouse Poco PT12000 Puffs Disposable Vape in Stock POCO PT 12000 Puffs Disposable Vape Wholesale (Ship from Germany warehouse and takes about 3-5 days\u00a0 to get arrive to most Europe countries like Netherlands, France, Italy, Spain, Switzerland, Sweden, Poland, etc. ) WhatsApp: +86 17776015835 &nbsp;","_links":{"self":[{"href":"https:\/\/rmvapesale.com\/lv\/wp-json\/wp\/v2\/product\/2589","targetHints":{"allow":["GET"]}}],"collection":[{"href":"https:\/\/rmvapesale.com\/lv\/wp-json\/wp\/v2\/product"}],"about":[{"href":"https:\/\/rmvapesale.com\/lv\/wp-json\/wp\/v2\/types\/product"}],"replies":[{"embeddable":true,"href":"https:\/\/rmvapesale.com\/lv\/wp-json\/wp\/v2\/comments?post=2589"}],"wp:featuredmedia":[{"embeddable":true,"href":"https:\/\/rmvapesale.com\/lv\/wp-json\/wp\/v2\/media\/2586"}],"wp:attachment":[{"href":"https:\/\/rmvapesale.com\/lv\/wp-json\/wp\/v2\/media?parent=2589"}],"wp:term":[{"taxonomy":"product_brand","embeddable":true,"href":"https:\/\/rmvapesale.com\/lv\/wp-json\/wp\/v2\/product_brand?post=2589"},{"taxonomy":"product_cat","embeddable":true,"href":"https:\/\/rmvapesale.com\/lv\/wp-json\/wp\/v2\/product_cat?post=2589"},{"taxonomy":"product_tag","embeddable":true,"href":"https:\/\/rmvapesale.com\/lv\/wp-json\/wp\/v2\/product_tag?post=2589"}],"curies":[{"name":"wp","href":"https:\/\/api.w.org\/{rel}","templated":true}]}}