{"id":2596,"date":"2024-10-28T09:08:31","date_gmt":"2024-10-28T09:08:31","guid":{"rendered":"https:\/\/rmvapesale.com\/?post_type=product&#038;p=2596"},"modified":"2024-10-28T09:48:39","modified_gmt":"2024-10-28T09:48:39","slug":"poco-sl15000-disposable-vape-5-nicotine-smart-vape","status":"publish","type":"product","link":"https:\/\/rmvapesale.com\/lv\/product\/poco-sl15000-disposable-vape-5-nicotine-smart-vape\/","title":{"rendered":"POCO SL15000 vienreizlietojamais vape 5% nikot\u012bna viedais vape"},"content":{"rendered":"<div class=\"B2VR9 CJHX3e\">\n<div class=\"wyccme\">\n<h1 class=\"LC20lb MBeuO DKV0Md\">POCO SL15000 Vienreiz\u0113j\u0101s lieto\u0161anas iztvaic\u0113t\u0101js 5% Nikot\u012bna viedais iztvaic\u0113t\u0101js vairumtirdzniec\u012bba<\/h1>\n<div class=\"flex-shrink-0 flex flex-col relative items-end\">\n<div class=\"pt-0\">\n<div class=\"gizmo-bot-avatar flex h-8 w-8 items-center justify-center overflow-hidden rounded-full\">\n<div class=\"relative p-1 rounded-sm flex items-center justify-center bg-token-main-surface-primary text-token-text-primary h-8 w-8\">\n<p>POCO SL15000 vienreiz\u0113j\u0101s lieto\u0161anas vape ir novatoriska vaping ier\u012bce, kas paredz\u0113ta \u0113rt\u012bbai un izcilai gar\u0161ai. Ar iespaid\u012bgu 24 ml tilpumu \u0161\u012b ier\u012bce nodro\u0161ina l\u012bdz pat 15 000 uzp\u016btienu, padarot to par vienu no popul\u0101r\u0101kajiem vienreiz\u0113j\u0101s lieto\u0161anas vape tirg\u016b.<\/p>\n<p>Izgatavots no augstas kvalit\u0101tes sast\u0101vda\u013c\u0101m, POCO SL15000 nodro\u0161ina konsekventu un pat\u012bkamu tvaic\u0113\u0161anas pieredzi ar katru dvesmu, padarot to par izcilu popul\u0101ro vape z\u012bmolu vid\u016b. K\u0101 lab\u0101k\u0101 izv\u0113le gan ikdienas lietot\u0101jiem, gan dedz\u012bgiem tvaic\u0113\u0161anas entuziastiem, \u0161\u012b ier\u012bce ir piem\u0113rota ilgsto\u0161ai lieto\u0161anai, pied\u0101v\u0101jot daudzpus\u012bbu da\u017e\u0101d\u0101m nikot\u012bna preferenc\u0113m, ieskaitot zema nikot\u012bna iesp\u0113jas.<\/p>\n<p>Lieliski piem\u0113rots lieto\u0161anai gan ce\u013c\u0101, gan atp\u016btai m\u0101j\u0101s, POCO SL15000 sola nep\u0101rtrauktu tvaic\u0113\u0161anas prieku. T\u0101 gludais dizains un lietot\u0101jam draudz\u012bg\u0101s funkcijas padara to par vado\u0161o izv\u0113li starp vairumtirdzniec\u012bbas tvaic\u0113t\u0101jiem, ieg\u016bstot popularit\u0101ti k\u0101 lab\u0101kais vienreiz\u0113j\u0101s lieto\u0161anas tvaic\u0113t\u0101js 2024. gad\u0101. K\u0101 uzl\u0101d\u0113jams tvaic\u0113t\u0101js, \u0161\u012bs ier\u012bces \u0113rtais C tipa ports uzlabo pieredzi, savuk\u0101rt skaidrs displeja ekr\u0101ns seko l\u012bdzi akumulatora un e-\u0161\u0137idruma l\u012bmenim, ko nov\u0113rt\u0113 daudzi tvaic\u0113t\u0101ju lietot\u0101ji.<\/p>\n<p>Tiem, kas mekl\u0113 vairumtirdzniec\u012bbas iztvaic\u0113t\u0101jus, vienreiz\u0113j\u0101s lieto\u0161anas iztvaic\u0113t\u0101jus tie\u0161saist\u0113 vai iztvaic\u0113t\u0101ju veikal\u0101, POCO SL15000 izce\u013cas ar savu augsto veiktsp\u0113ju un dizainu, kas ir ide\u0101li piem\u0113rots tiem, kas v\u0113las 15000 uzp\u016btienu iztvaic\u0113\u0161anas pieredzi, neizmantojot vair\u0101kas ier\u012bces.<\/p>\n<p>&nbsp;<\/p>\n<\/div>\n<\/div>\n<\/div>\n<\/div>\n<\/div>\n<\/div>\n<p><strong>Sazinieties ar Eimiju, lai ieg\u016btu pareizo atbildi un veipu kuponu!<\/strong><\/p>\n<p><img loading=\"lazy\" decoding=\"async\" class=\"size-full wp-image-1978\" src=\"https:\/\/rmvapesale.com\/wp-content\/uploads\/2024\/09\/Disposable-Vape-Wholesale.jpg\" alt=\"Vienreiz\u0113jais vape vairumtirdzniec\u012bba\" width=\"229\" height=\"300\" \/><\/p>\n<h3><a href=\"https:\/\/wa.me\/8617776015835\" target=\"_blank\" rel=\"noopener\"><span style=\"color: #ff0000\"><strong>WhatsApp: +86 17776015835<\/strong><\/span><\/a><\/h3>\n<p>&nbsp;<\/p>\n<h2><\/h2>\n<h2><strong>POCO SL15000 Vienreiz\u0113j\u0101s lieto\u0161anas vape <\/strong><strong>Galven\u0101s iez\u012bmes<\/strong><\/h2>\n<p>Nikot\u012bns: 5%<br \/>\nUzp\u016btieni: 15000<br \/>\nTilpums: 24 ml<br \/>\nPieejamas 12 gar\u0161as<br \/>\nT\u012bkla spole<br \/>\nAkumulators: 850mah<br \/>\nViedais ekr\u0101ns: akumulatora ietilp\u012bba\/ e-\u0161\u0137idruma ietilp\u012bba<\/p>\n<p>&nbsp;<\/p>\n<figure id=\"attachment_2591\" aria-describedby=\"caption-attachment-2591\" style=\"width: 800px\" class=\"wp-caption alignnone\"><img loading=\"lazy\" decoding=\"async\" class=\"wp-image-2591 size-full\" src=\"https:\/\/rmvapesale.com\/wp-content\/uploads\/2024\/10\/Poco-SL-15000-Puffs-Disposable-Vape-Wholesale.png\" alt=\"Poco SL 15000 Puffs vienreiz\u0113j\u0101s lieto\u0161anas vape vairumtirdzniec\u012bba\" width=\"800\" height=\"800\" srcset=\"https:\/\/rmvapesale.com\/wp-content\/uploads\/2024\/10\/Poco-SL-15000-Puffs-Disposable-Vape-Wholesale.png 800w, https:\/\/rmvapesale.com\/wp-content\/uploads\/2024\/10\/Poco-SL-15000-Puffs-Disposable-Vape-Wholesale-300x300.png 300w, https:\/\/rmvapesale.com\/wp-content\/uploads\/2024\/10\/Poco-SL-15000-Puffs-Disposable-Vape-Wholesale-150x150.png 150w, https:\/\/rmvapesale.com\/wp-content\/uploads\/2024\/10\/Poco-SL-15000-Puffs-Disposable-Vape-Wholesale-768x768.png 768w, https:\/\/rmvapesale.com\/wp-content\/uploads\/2024\/10\/Poco-SL-15000-Puffs-Disposable-Vape-Wholesale-600x600.png 600w, https:\/\/rmvapesale.com\/wp-content\/uploads\/2024\/10\/Poco-SL-15000-Puffs-Disposable-Vape-Wholesale-100x100.png 100w\" sizes=\"auto, (max-width: 800px) 100vw, 800px\" \/><figcaption id=\"caption-attachment-2591\" class=\"wp-caption-text\">Poco SL 15000 Puffs vienreiz\u0113j\u0101s lieto\u0161anas vape vairumtirdzniec\u012bba<\/figcaption><\/figure>\n<h2><strong>Lab\u0101k\u0101 gar\u0161a POCO <\/strong><strong>SL15000 <\/strong><strong>Puffs vienreiz\u0113j\u0101s lieto\u0161anas vape<\/strong><strong>\u00a0<\/strong><\/h2>\n<p>\u0160is vienreiz\u0113j\u0101s lieto\u0161anas tvaic\u0113t\u0101js ar ekr\u0101nu ir lieliski piem\u0113rots tiem, kam pat\u012bk da\u017e\u0101das gar\u0161as, jo tas ir pieejams pla\u0161\u0101 kl\u0101st\u0101, tostarp Aloe Grape, Blueberry Raspberry Lemonade, Strawberry Watermelon un daudzi citi. Katra gar\u0161a ir izstr\u0101d\u0101ta, lai nodro\u0161in\u0101tu apmierino\u0161u un vienm\u0113r\u012bgu tvaic\u0113\u0161anas pieredzi, nodro\u0161inot, ka lietot\u0101ji var baud\u012bt savu v\u0113lamo gar\u0161u bez kompromisiem.<\/p>\n<p>1. Aloe V\u012bnogas<br \/>\n2. Melle\u0146u Ave\u0146u Lemon\u0101de <span style=\"color: #ff0000\"><strong>&gt;&gt;&gt;&gt; Karsti!<\/strong><\/span><br \/>\n3.Zeme\u0146u arb\u016bzs<br \/>\n4. Meln\u0101 ledus P\u016b\u0137a aug\u013cu Zemenes<span style=\"color: #ff0000\"><strong>&gt;&gt;&gt;&gt; Karsti!<\/strong><\/span><br \/>\n5.Ener\u0123ijas dz\u0113riens<br \/>\n6. Zeme\u0146u Ave\u0146u Kivi<br \/>\n7. V\u012bnogu Dz\u0113rve\u0146u Persiks<br \/>\n8. Upe\u0146u Dz\u0113rve\u0146u<br \/>\n9. Zeme\u0146u \u0136ir\u0161u <span style=\"color: #ff0000\"><strong>&gt;&gt;&gt;&gt; Viss lab\u0101kais!<\/strong><\/span><br \/>\n10. Anan\u0101su Zeme\u0146u Ban\u0101nu<br \/>\n11. Arb\u016bzu L\u012b\u010d\u012b<br \/>\n12. Anan\u0101su \u0100bolu<\/p>\n<p>&nbsp;<\/p>\n<h3><strong>K\u0101p\u0113c izv\u0113l\u0113ties Rmvapesale POCO SL15000 ieg\u0101dei<\/strong><strong>\u00a0Uzl\u0101d\u0113jams vienreiz\u0113j\u0101s lieto\u0161anas vape<\/strong><strong>?<\/strong><\/h3>\n<div class=\"flex-shrink-0 flex flex-col relative items-end\">\n<div class=\"pt-0\">\n<div class=\"gizmo-bot-avatar flex h-8 w-8 items-center justify-center overflow-hidden rounded-full\">\n<div class=\"relative p-1 rounded-sm flex items-center justify-center bg-token-main-surface-primary text-token-text-primary h-8 w-8\">\n<p>&nbsp;<\/p>\n<p>Kad izv\u0113laties Rmvapesale sav\u0101m vairumtirdzniec\u012bbas vienreiz\u0113j\u0101s lieto\u0161anas e-cigare\u0161u vajadz\u012bb\u0101m, j\u016bs ieg\u016bstat \u0161\u0101das priek\u0161roc\u012bbas:<\/p>\n<ul>\n<li><strong>Konkur\u0113tsp\u0113j\u012bga cena<\/strong>Ieg\u016bstiet pieeju pievilc\u012bg\u0101m vairumtirdzniec\u012bbas cen\u0101m, kas palielina j\u016bsu biznesa pe\u013c\u0146u.<\/li>\n<li><strong>Augsta kvalit\u0101te<\/strong>M\u016bsu vape ir izstr\u0101d\u0101tas atbilsto\u0161i augst\u0101kajiem standartiem, un <span style=\"color: #ff0000\"><strong>Garant\u0113ti 100% ori\u0123in\u0101li un autentiski, pret\u0113j\u0101 gad\u012bjum\u0101 par viltot\u0101m prec\u0113m tiks nodro\u0161in\u0101ta 10 reizes liel\u0101ka kompens\u0101cija!<\/strong><\/span><\/li>\n<li><strong>Izcils klientu serviss<\/strong>M\u016bsu \u012bpa\u0161\u0101 komanda vienm\u0113r ir gatava jums pal\u012bdz\u0113t, padarot j\u016bsu pirk\u0161anas procesu vienk\u0101r\u0161u un \u0113rtu.<\/li>\n<li><strong>\u0100tra<\/strong>: Sagaidiet \u0101tru un uzticamu pieg\u0101di, kas nodro\u0161ina, ka j\u016bsu pas\u016bt\u012bjumi vienm\u0113r tiek pieg\u0101d\u0101ti laik\u0101.<\/li>\n<\/ul>\n<\/div>\n<h3><\/h3>\n<div class=\"relative p-1 rounded-sm flex items-center justify-center bg-token-main-surface-primary text-token-text-primary h-8 w-8\">\n<h3><b>Vape POCO SL 15000<\/b><strong>\u00a0<\/strong><b>Puff Bie\u017e\u0101k uzdotie jaut\u0101jumi<\/b><\/h3>\n<p><strong>K\u0101 uzl\u0101d\u0113t POCO SL15000 Puffs uzl\u0101d\u0113jamo vienreiz\u0113j\u0101s lieto\u0161anas vape?<\/strong><br \/>\nLai uzl\u0101d\u0113tu savu POCO SL15000 Puffs vienreiz\u0113j\u0101s lieto\u0161anas Vape, izmantojiet C tipa uzl\u0101des portu, kas atrodas ier\u012bc\u0113. Vienk\u0101r\u0161i pievienojiet to sader\u012bgam USB-C kabelim un pievienojiet str\u0101vas avotam. Tas \u013caus vape uzl\u0101d\u0113jamam akumulatoram \u0101tri uzl\u0101d\u0113ties, nodro\u0161inot, ka varat turpin\u0101t baud\u012bt nep\u0101rtrauktas vaping sesijas.<\/p>\n<p><strong>Cik daudz nikot\u012bna ir POCO SL15000 Vape?<\/strong><br \/>\nPOCO SL15000 Vape pied\u0101v\u0101 nikot\u012bna iesp\u0113jas, kas piel\u0101gotas da\u017e\u0101d\u0101m v\u0113lm\u0113m, tostarp zemu nikot\u012bna l\u012bmeni. Izv\u0113lieties koncentr\u0101ciju, kas vislab\u0101k atbilst j\u016bsu vajadz\u012bb\u0101m, lai baud\u012btu personaliz\u0113tu vaping pieredzi ar augstas kvalit\u0101tes sast\u0101vda\u013c\u0101m un ilgsto\u0161u gar\u0161u.<\/p>\n<p><strong>Cik ilgi man vajadz\u0113tu uzl\u0101d\u0113t savu POCO SL15000 vienreiz\u0113j\u0101s lieto\u0161anas Vape Box?<\/strong><br \/>\nOptim\u0101lai uzl\u0101dei uzl\u0101d\u0113jiet POCO SL15000 vienreiz\u0113j\u0101s lieto\u0161anas Vape Box, l\u012bdz ier\u012bces akumulatora displeja ekr\u0101n\u0101 ir nor\u0101d\u012bts pilns uzl\u0101des l\u012bmenis. Piln\u012bga uzl\u0101de parasti prasa da\u017eas stundas atkar\u012bb\u0101 no j\u016bsu str\u0101vas avota un atbalst\u012bs ilgsto\u0161u vaping visas dienas garum\u0101.<\/p>\n<p><strong>Kur es varu ieg\u0101d\u0101ties POCO SL15000 Puffs Puff Vape Bar?<\/strong><br \/>\nPOCO SL15000 Puffs Puff Vape Bar var \u0113rti ieg\u0101d\u0101ties tie\u0161saist\u0113 vai vape veikal\u0101. Daudzi tie\u0161saistes vape mazumtirgot\u0101ji pied\u0101v\u0101 vairumtirdzniec\u012bbas ieg\u0101des iesp\u0113jas, t\u0101p\u0113c p\u0101rbaudiet tie\u0161saist\u0113 lab\u0101kos pied\u0101v\u0101jumus, vairumtirdzniec\u012bbas vapes un \u012bpa\u0161us pied\u0101v\u0101jumus.<\/p>\n<p><strong>Kuri ir lab\u0101kie vienreiz\u0113j\u0101s lieto\u0161anas vapes 2024. gad\u0101?<\/strong><br \/>\nPOCO SL15000 ir viens no lab\u0101kajiem vienreiz\u0113j\u0101s lieto\u0161anas vape 2024. gad\u0101, pateicoties t\u0101 ilgsto\u0161ajai ietilp\u012bbai 15 000 uzp\u016btienu, lietot\u0101jam draudz\u012bgam dizainam un bag\u0101t\u012bg\u0101m gar\u0161as iesp\u0113j\u0101m. Tas ir popul\u0101r\u0101k\u0101 izv\u0113le box vape kategorij\u0101 un turpina izcelties lab\u0101ko 10 vienreiz\u0113j\u0101s lieto\u0161anas vape z\u012bmolu sarakstos, padarot to par iecien\u012btu gan individu\u0101liem lietot\u0101jiem, gan mazumtirgot\u0101jiem.<\/p>\n<\/div>\n<\/div>\n<\/div>\n<\/div>\n<h3>Par s\u016bt\u012bjumu<\/h3>\n<div class=\"flex-shrink-0 flex flex-col relative items-end\">\n<div>\n<div class=\"pt-0\">\n<div class=\"gizmo-bot-avatar flex h-8 w-8 items-center justify-center overflow-hidden rounded-full\">\n<div><\/div>\n<div class=\"relative p-1 rounded-sm flex items-center justify-center bg-token-main-surface-primary text-token-text-primary h-8 w-8\"><strong>1. K\u0101das pieg\u0101des metodes tiek izmantotas?<\/strong><\/div>\n<\/div>\n<\/div>\n<\/div>\n<\/div>\n<div class=\"group\/conversation-turn relative flex w-full min-w-0 flex-col agent-turn\">\n<div class=\"flex-col gap-1 md:gap-3\">\n<div class=\"flex max-w-full flex-col flex-grow\">\n<div class=\"min-h-[20px] text-message flex w-full flex-col items-end gap-2 whitespace-normal break-words [.text-message+&amp;]:mt-5 overflow-x-auto\" dir=\"auto\" data-message-author-role=\"assistant\" data-message-id=\"22f8283b-3233-46ff-89a5-c7a41b33abda\">\n<div class=\"flex w-full flex-col gap-1 empty:hidden first:pt-[3px]\">\n<div class=\"markdown prose w-full break-words dark:prose-invert light\">\n<p>M\u0113s sadarbojamies ar UPS, DHL, FedEx, DPD un citiem vado\u0161ajiem p\u0101rvad\u0101t\u0101jiem. M\u0113s izv\u0113l\u0113simies lab\u0101ko pieg\u0101des veidu, pamatojoties uz j\u016bsu pieg\u0101des vietu, lai nodro\u0161in\u0101tu, ka j\u016bs sa\u0146emat savus produktus p\u0113c iesp\u0113jas \u0101tr\u0101k.<\/p>\n<\/div>\n<p><strong>2. Cik ilgs laiks paiet, l\u012bdz tas pien\u0101k?<\/strong><\/p>\n<p>Pieg\u0101des uz Latviju parasti ierodas 10 darba dienu laik\u0101. Pieg\u0101de uz Eiropas valst\u012bm parasti aiz\u0146em apm\u0113ram 12-15 darba dienas. M\u0113s nodro\u0161in\u0101sim re\u0101llaika atjaunin\u0101jumus par j\u016bsu pieg\u0101des statusu.<\/p>\n<\/div>\n<\/div>\n<\/div>\n<\/div>\n<\/div>\n<p>&nbsp;<\/p>\n<p>Citi popul\u0101ri vape, kas jums var\u0113tu patikt:<\/p>\n<p><a href=\"https:\/\/rmvapesale.com\/lv\/product\/poco-pt12000-puffs-disposable-vape-pod-electronic-cigarette\/\"><strong>POCO PT 12000\u00a0Puff\u00a0 \u00a0<span style=\"color: #ff0000\">&gt;&gt;&gt;&gt; uz priek\u0161u!<\/span><\/strong><\/a><\/p>\n<p><strong><a href=\"https:\/\/rmvapesale.com\/lv\/product\/disposable-vape-poco-bl10000-puffs-wholesale\/\">POCO BL10000\u00a0Puffs <span style=\"color: #ff0000\">&gt;&gt;&gt;&gt; uz priek\u0161u!<\/span><\/a>\u00a0<\/strong><\/p>\n<p><a href=\"https:\/\/rmvapesale.com\/lv\/product\/original-randm-vape-digital-puff-12000-fumot-factory-price\/\"><strong>Fumot Vape 12000 Puffs <span style=\"color: #ff0000\">&gt;&gt;&gt;&gt; uz priek\u0161u!<\/span><\/strong><\/a><\/p>\n<p>&nbsp;<\/p>\n<p>&nbsp;<\/p>\n<p>Atrodiet vair\u0101k Vape produktu, kas jums var\u0113tu patikt:<strong><em><a href=\"https:\/\/rmvapesale.com\/lv\/shop-2\/\">iepirkties tagad &gt;&gt;&gt;<\/a><\/em><\/strong><\/p>","protected":false},"excerpt":{"rendered":"<p>POCO SL15000 vienreiz\u0113j\u0101s lieto\u0161anas vape vairumtirdzniec\u012bbas cena<br \/>\nES noliktava Poco SL 15000 uzp\u016btienu viedais ekr\u0101ns<br \/>\nPOCO Vienreiz\u0113j\u0101s lieto\u0161anas Vape Box 5% E Cigarete<br \/>\n<span style=\"color: #ff0000\">(S\u016bt\u012bjums no V\u0101cijas noliktavas, un pieg\u0101de ilgst aptuveni 3-5 dienas l\u012bdz liel\u0101kajai da\u013cai Eiropas valstu, piem\u0113ram, N\u012bderlandei, Francijai, It\u0101lijai, Sp\u0101nijai, \u0160veicei, Zviedrijai, Polijai utt.)<\/span><\/p>\n<p><img loading=\"lazy\" decoding=\"async\" class=\"size-full wp-image-2375\" src=\"https:\/\/rmvapesale.com\/wp-content\/uploads\/2024\/10\/image.png\" alt=\"Lab\u0101kais vienreiz\u0113jais vape\" width=\"229\" height=\"300\" \/><\/p>\n<h3><a href=\"https:\/\/wa.me\/8617776015835\"><span style=\"color: #ff0000\"><strong>WhatsApp: +86 17776015835<\/strong><\/span><\/a><\/h3>\n<p>&nbsp;<\/p>","protected":false},"featured_media":2590,"comment_status":"open","ping_status":"closed","template":"","meta":{"_uag_custom_page_level_css":"","_lmt_disableupdate":"no","_lmt_disable":"","site-sidebar-layout":"default","site-content-layout":"content-boxed-container","ast-site-content-layout":"normal-width-container","site-content-style":"boxed","site-sidebar-style":"unboxed","ast-global-header-display":"","ast-banner-title-visibility":"","ast-main-header-display":"","ast-hfb-above-header-display":"","ast-hfb-below-header-display":"","ast-hfb-mobile-header-display":"","site-post-title":"","ast-breadcrumbs-content":"","ast-featured-img":"","footer-sml-layout":"","ast-disable-related-posts":"","theme-transparent-header-meta":"default","adv-header-id-meta":"","stick-header-meta":"","header-above-stick-meta":"","header-main-stick-meta":"","header-below-stick-meta":"","astra-migrate-meta-layouts":"set","ast-page-background-enabled":"default","ast-page-background-meta":{"desktop":{"background-color":"var(--ast-global-color-4)","background-image":"","background-repeat":"repeat","background-position":"center center","background-size":"auto","background-attachment":"scroll","background-type":"","background-media":"","overlay-type":"","overlay-color":"","overlay-opacity":"","overlay-gradient":""},"tablet":{"background-color":"","background-image":"","background-repeat":"repeat","background-position":"center center","background-size":"auto","background-attachment":"scroll","background-type":"","background-media":"","overlay-type":"","overlay-color":"","overlay-opacity":"","overlay-gradient":""},"mobile":{"background-color":"","background-image":"","background-repeat":"repeat","background-position":"center center","background-size":"auto","background-attachment":"scroll","background-type":"","background-media":"","overlay-type":"","overlay-color":"","overlay-opacity":"","overlay-gradient":""}},"ast-content-background-meta":{"desktop":{"background-color":"var(--ast-global-color-5)","background-image":"","background-repeat":"repeat","background-position":"center center","background-size":"auto","background-attachment":"scroll","background-type":"","background-media":"","overlay-type":"","overlay-color":"","overlay-opacity":"","overlay-gradient":""},"tablet":{"background-color":"var(--ast-global-color-5)","background-image":"","background-repeat":"repeat","background-position":"center center","background-size":"auto","background-attachment":"scroll","background-type":"","background-media":"","overlay-type":"","overlay-color":"","overlay-opacity":"","overlay-gradient":""},"mobile":{"background-color":"var(--ast-global-color-5)","background-image":"","background-repeat":"repeat","background-position":"center center","background-size":"auto","background-attachment":"scroll","background-type":"","background-media":"","overlay-type":"","overlay-color":"","overlay-opacity":"","overlay-gradient":""}},"_joinchat":[]},"product_brand":[],"product_cat":[15,27,25,195,123,30,26,28,137,135],"product_tag":[146,188,167,197,165,191,196,120],"class_list":{"0":"post-2596","1":"product","2":"type-product","3":"status-publish","4":"has-post-thumbnail","6":"product_cat-new-vape-this-week","7":"product_cat-fance-hot-sale-vape","8":"product_cat-germany-best-selling-vape","9":"product_cat-germany-warehouse","10":"product_cat-italy-wholesale-vape","11":"product_cat-minimum-order-quantity-50pcs","12":"product_cat-netherlands-hot-sale-vape","13":"product_cat-poland-hot-sale-vape","14":"product_cat-rechargeable-vapes","15":"product_cat-spain-best-hot-sale-vape","16":"product_tag-best-hot-sale-vape","17":"product_tag-buy-vapes-online","18":"product_tag-disposable-vape-with-screen","19":"product_tag-germany-hot-sale-vape","20":"product_tag-rechargeable-vapes","21":"product_tag-vape-box","22":"product_tag-vape-shop","23":"product_tag-vape-wholesale","24":"desktop-align-left","25":"tablet-align-left","26":"mobile-align-left","28":"first","29":"instock","30":"sale","31":"shipping-taxable","32":"purchasable","33":"product-type-simple"},"uagb_featured_image_src":{"full":["https:\/\/rmvapesale.com\/wp-content\/uploads\/2024\/10\/15K-Puffs-Screen-Poco-SL15000-Disposable-Vape.png",800,800,false],"thumbnail":["https:\/\/rmvapesale.com\/wp-content\/uploads\/2024\/10\/15K-Puffs-Screen-Poco-SL15000-Disposable-Vape-150x150.png",150,150,true],"medium":["https:\/\/rmvapesale.com\/wp-content\/uploads\/2024\/10\/15K-Puffs-Screen-Poco-SL15000-Disposable-Vape-300x300.png",300,300,true],"medium_large":["https:\/\/rmvapesale.com\/wp-content\/uploads\/2024\/10\/15K-Puffs-Screen-Poco-SL15000-Disposable-Vape-768x768.png",768,768,true],"large":["https:\/\/rmvapesale.com\/wp-content\/uploads\/2024\/10\/15K-Puffs-Screen-Poco-SL15000-Disposable-Vape.png",800,800,false],"1536x1536":["https:\/\/rmvapesale.com\/wp-content\/uploads\/2024\/10\/15K-Puffs-Screen-Poco-SL15000-Disposable-Vape.png",800,800,false],"2048x2048":["https:\/\/rmvapesale.com\/wp-content\/uploads\/2024\/10\/15K-Puffs-Screen-Poco-SL15000-Disposable-Vape.png",800,800,false],"trp-custom-language-flag":["https:\/\/rmvapesale.com\/wp-content\/uploads\/2024\/10\/15K-Puffs-Screen-Poco-SL15000-Disposable-Vape.png",12,12,false],"woocommerce_thumbnail":["https:\/\/rmvapesale.com\/wp-content\/uploads\/2024\/10\/15K-Puffs-Screen-Poco-SL15000-Disposable-Vape-300x300.png",300,300,true],"woocommerce_single":["https:\/\/rmvapesale.com\/wp-content\/uploads\/2024\/10\/15K-Puffs-Screen-Poco-SL15000-Disposable-Vape-600x600.png",600,600,true],"woocommerce_gallery_thumbnail":["https:\/\/rmvapesale.com\/wp-content\/uploads\/2024\/10\/15K-Puffs-Screen-Poco-SL15000-Disposable-Vape-100x100.png",100,100,true],"wcpr-photo-reviews":["https:\/\/rmvapesale.com\/wp-content\/uploads\/2024\/10\/15K-Puffs-Screen-Poco-SL15000-Disposable-Vape.png",500,500,false]},"uagb_author_info":{"display_name":"AMY","author_link":"https:\/\/rmvapesale.com\/lv\/author\/"},"uagb_comment_info":0,"uagb_excerpt":"POCO SL15000 Disposable Vape Wholesale Price EU Warehouse Poco SL 15000 Puffs Smart Screen POCO Disposable Vape Box 5% E Cigarette (Ship from Germany warehouse and takes about 3-5 days\u00a0 to get arrive to most Europe countries like Netherlands, France, Italy, Spain, Switzerland, Sweden, Poland, etc. ) WhatsApp: +86 17776015835 &nbsp;","_links":{"self":[{"href":"https:\/\/rmvapesale.com\/lv\/wp-json\/wp\/v2\/product\/2596","targetHints":{"allow":["GET"]}}],"collection":[{"href":"https:\/\/rmvapesale.com\/lv\/wp-json\/wp\/v2\/product"}],"about":[{"href":"https:\/\/rmvapesale.com\/lv\/wp-json\/wp\/v2\/types\/product"}],"replies":[{"embeddable":true,"href":"https:\/\/rmvapesale.com\/lv\/wp-json\/wp\/v2\/comments?post=2596"}],"wp:featuredmedia":[{"embeddable":true,"href":"https:\/\/rmvapesale.com\/lv\/wp-json\/wp\/v2\/media\/2590"}],"wp:attachment":[{"href":"https:\/\/rmvapesale.com\/lv\/wp-json\/wp\/v2\/media?parent=2596"}],"wp:term":[{"taxonomy":"product_brand","embeddable":true,"href":"https:\/\/rmvapesale.com\/lv\/wp-json\/wp\/v2\/product_brand?post=2596"},{"taxonomy":"product_cat","embeddable":true,"href":"https:\/\/rmvapesale.com\/lv\/wp-json\/wp\/v2\/product_cat?post=2596"},{"taxonomy":"product_tag","embeddable":true,"href":"https:\/\/rmvapesale.com\/lv\/wp-json\/wp\/v2\/product_tag?post=2596"}],"curies":[{"name":"wp","href":"https:\/\/api.w.org\/{rel}","templated":true}]}}