{"id":2609,"date":"2024-10-30T08:06:20","date_gmt":"2024-10-30T08:06:20","guid":{"rendered":"https:\/\/rmvapesale.com\/?post_type=product&#038;p=2609"},"modified":"2024-10-31T03:48:31","modified_gmt":"2024-10-31T03:48:31","slug":"smart-disposable-vape-elfworld-ai-22000-puffs-led-display","status":"publish","type":"product","link":"https:\/\/rmvapesale.com\/lv\/product\/smart-disposable-vape-elfworld-ai-22000-puffs-led-display\/","title":{"rendered":"Smart Vienreizlietojamais Veips ELFWORLD AI 22000 Puffs LED Ekr\u0101ns"},"content":{"rendered":"<div class=\"B2VR9 CJHX3e\">\n<div class=\"wyccme\">\n<h1 class=\"LC20lb MBeuO DKV0Md\">Smart Vienreizlietojamais Veips ELFWORLD AI 22000 Puffs LED Ekr\u0101ns<\/h1>\n<div class=\"flex-shrink-0 flex flex-col relative items-end\">\n<div class=\"pt-0\">\n<div class=\"gizmo-bot-avatar flex h-8 w-8 items-center justify-center overflow-hidden rounded-full\">\n<div class=\"relative p-1 rounded-sm flex items-center justify-center bg-token-main-surface-primary text-token-text-primary h-8 w-8\">\n<p><strong>Smart Vienreizlietojamais Veips ELFWORLD AI 22000 Puffs LED Ekr\u0101ns<\/strong> ir galven\u0101 izv\u0113le vaperiem, kuri mekl\u0113 inov\u0101cijas, stilu un pagarin\u0101tu e-cigaretes lieto\u0161anas pieredzi. Ar mas\u012bvu <strong>22000 p\u016btienu jaudu<\/strong>, \u0161is liels p\u016btiens <strong>vienreiz\u0113j\u0101s lieto\u0161anas e-cigarete<\/strong> pied\u0101v\u0101 ilgsto\u0161u, bezr\u016bp\u012bgu iesp\u0113ju gan pieredz\u0113ju\u0161iem vaperiem, gan jauniem.<\/p>\n<p><strong>Gluds dizains un p\u0101rnesam\u012bba<\/strong><br \/>\n\u0160is <strong>Elf World AI 22000<\/strong> demonstr\u0113 gludu, modernu dizainu, kas veidots ar maig\u0101m l\u012bnij\u0101m un augst\u0101k\u0101s kvalit\u0101tes apdari, kas ir tikpat laba, cik izskat\u0101s. \u0160is <strong>kastveida veips<\/strong> ir kompakts un viegls, t\u0101p\u0113c to ir viegli n\u0113s\u0101t l\u012bdzi. Neskatoties uz t\u0101 vieglo uzb\u016bvi, tas ir veidots t\u0101, lai iztur\u0113tu ikdienas lieto\u0161anu, nodro\u0161inot iztur\u012bbu, nezaud\u0113jot t\u0101 augst\u0101k\u0101s kvalit\u0101tes pievilc\u012bbu.<\/p>\n<p><strong>Gudra tehnolo\u0123ija ar regul\u0113jamu gaisa pl\u016bsmu<\/strong><br \/>\nK\u0101 patiess <strong>gudrais veips<\/strong>, AI 22000 pied\u0101v\u0101 piel\u0101gojamu pieredzi ar regul\u0113jamu gaisa pl\u016bsmas funkciju, kas \u013cauj lietot\u0101jiem izv\u0113l\u0113ties vilkmes bl\u012bvumu, kas vislab\u0101k atbilst vi\u0146u v\u0113lm\u0113m. \u0160is <strong>uzl\u0101d\u0113jamais veips<\/strong> ietver jaud\u012bgu akumulatoru un LED displeja ekr\u0101nu, kas sniedz re\u0101llaika indikatorus par akumulatora darb\u012bbas laiku un e-\u0161\u0137idruma l\u012bmeni. \u0160\u012b funkcija nodro\u0161ina, ka j\u016bs vienm\u0113r zin\u0101t, kad uzl\u0101d\u0113t, un esat gatavs baud\u012bt nep\u0101rtrauktas uzp\u016btienu. Ier\u012bces <strong>C tipa uzl\u0101des<\/strong> ports nodro\u0161ina \u0101tru, \u0113rtu uzl\u0101di, kas ir ide\u0101li piem\u0113rota aiz\u0146emtiem lietot\u0101jiem, kuri v\u0113las uzticamu veipu.<\/p>\n<p><strong>Secin\u0101jums<\/strong><br \/>\nELFWORLD<strong> 22000 uzp\u016btienu viedais vienreiz\u0113j\u0101s lieto\u0161anas veips<\/strong>\u00a0ir ide\u0101ls stila, progres\u012bvu tehnolo\u0123iju un ilgsto\u0161as veiktsp\u0113jas sajaukums, padarot to par vienu no <strong>lab\u0101kajiem vienreiz\u0113j\u0101s lieto\u0161anas veipiem<\/strong> Latvij\u0101. Tiem, kas mekl\u0113 ietilp\u012bgu, iztur\u012bgu un ar funkcij\u0101m bag\u0101tu iesp\u0113ju, ElfWorld AI 22000 ir ide\u0101la izv\u0113le. Atkl\u0101jiet \u0161\u012b augst\u0101k\u0101s klases veipa \u0113rt\u012bbas un kvalit\u0101ti, ko var ieg\u0101d\u0101ties <strong>veikalu veipos<\/strong>, <strong>vienreiz\u0113j\u0101s lieto\u0161anas veipi tie\u0161saist\u0113<\/strong>, vai izmantojot <strong>vairumtirdzniec\u012bbas veipi<\/strong> iesp\u0113jas vairumtirdzniec\u012bbas vajadz\u012bb\u0101m.<\/p>\n<\/div>\n<\/div>\n<\/div>\n<\/div>\n<\/div>\n<\/div>\n<p><strong>Sazinieties ar Eimiju, lai ieg\u016btu pareizo atbildi un veipu kuponu!<\/strong><\/p>\n<p><img loading=\"lazy\" decoding=\"async\" class=\"size-full wp-image-1978\" src=\"https:\/\/rmvapesale.com\/wp-content\/uploads\/2024\/09\/Disposable-Vape-Wholesale.jpg\" alt=\"Vienreiz\u0113jais vape vairumtirdzniec\u012bba\" width=\"229\" height=\"300\" \/><\/p>\n<h3><a href=\"https:\/\/wa.me\/8617776015835\" target=\"_blank\" rel=\"noopener\"><span style=\"color: #ff0000\"><strong>WhatsApp: +86 17776015835<\/strong><\/span><\/a><\/h3>\n<p>&nbsp;<\/p>\n<h2><\/h2>\n<h2><strong>ELFWORLD AI 22000 Smart vienreizlietojamais veips <\/strong><strong>Galven\u0101s iez\u012bmes<\/strong><\/h2>\n<ul class=\"wp-block-list\">\n<li>D\u016bmu skaits: 22000 d\u016bmu<\/li>\n<li>Nikot\u012bna stiprums: 0%2%3%5%<\/li>\n<li>Ietilp\u012bba: 26ml<\/li>\n<li>Akumulators: 650mAh<\/li>\n<li>Spoles materi\u0101ls: 1.0*2 omu dubult\u0101 sieta spole<\/li>\n<li>Displejs: Ciparu displeja ekr\u0101ns<\/li>\n<li>Uzl\u0101de: C tipa uzl\u0101d\u0113jams<\/li>\n<li>Regul\u0113jama gaisa pl\u016bsma<\/li>\n<li>Pieejami 10 gar\u0161as<\/li>\n<\/ul>\n<figure id=\"attachment_2619\" aria-describedby=\"caption-attachment-2619\" style=\"width: 600px\" class=\"wp-caption alignnone\"><img loading=\"lazy\" decoding=\"async\" class=\"wp-image-2619 size-full\" src=\"https:\/\/rmvapesale.com\/wp-content\/uploads\/2024\/10\/Vape-22000-Puff-Rechargeable-Disposable-Vape.png\" alt=\"Vape 22000 uzp\u016btienu uzl\u0101d\u0113jams vienreizlietojamais vape\" width=\"600\" height=\"849\" srcset=\"https:\/\/rmvapesale.com\/wp-content\/uploads\/2024\/10\/Vape-22000-Puff-Rechargeable-Disposable-Vape.png 600w, https:\/\/rmvapesale.com\/wp-content\/uploads\/2024\/10\/Vape-22000-Puff-Rechargeable-Disposable-Vape-212x300.png 212w\" sizes=\"auto, (max-width: 600px) 100vw, 600px\" \/><figcaption id=\"caption-attachment-2619\" class=\"wp-caption-text\">Vape 22000 uzp\u016btienu uzl\u0101d\u0113jams vienreizlietojamais vape<\/figcaption><\/figure>\n<h2><strong>Lab\u0101k\u0101 gar\u0161a priek\u0161 <\/strong><strong>ELFWORLD AI 22000 uzp\u016btienu viedais vienreizlietojamais vape<\/strong><\/h2>\n<p>Ar katru uzp\u016btienu <strong>Elf World AI 22000<\/strong> nodro\u0161ina pilnas \u0137erme\u0146a, drosm\u012bgas gar\u0161as, kas paliek nemain\u012bgas no pirm\u0101s l\u012bdz p\u0113d\u0113jai pievilk\u0161anai. Pieejams pla\u0161\u0101 kl\u0101st\u0101, \u0161is <strong>zema nikot\u012bna vape<\/strong> nodro\u0161ina apmierino\u0161u un maigu pieredzi vaperiem, kuri par priorit\u0101ti uzskata gan kvalit\u0101ti, gan gar\u0161u.<\/p>\n<p>1. Mango \u0101bolu bumbieris<br \/>\n2. V\u0113ss mango<br \/>\n3. Za\u013cais \u0101bols<br \/>\n4. T\u012b\u0123era asinis <span style=\"color: #ff0000\"><strong>&gt;&gt;&gt;&gt; Karsti!<\/strong><\/span><br \/>\n5. Melle\u0146u ledus <span style=\"color: #ff0000\"><strong>&gt;&gt;&gt;&gt; Karsti!<\/strong><\/span><br \/>\n6. Piparm\u0113tra<br \/>\n7. Jaukto ogu <span style=\"color: #ff0000\"><strong>&gt;&gt;&gt;&gt; Viss lab\u0101kais!<\/strong><\/span><br \/>\n8.V\u012bnogu ledus<br \/>\n9.Arb\u016bzu ledus<br \/>\n10.Melle\u0146u piparm\u0113tra<br \/>\n11.Zeme\u0146u ledus<br \/>\n12.Sul\u012bgs persiku ledus<br \/>\n13.Zilais Razz ledus<br \/>\n14.\u0136ir\u0161u citrons<br \/>\n15.Zeme\u0146u arb\u016bzs<\/p>\n<p>&nbsp;<\/p>\n<h3><strong>K\u0101p\u0113c izv\u0113l\u0113ties Rmvapesale ELFWORLD 22000 Puffs LED displeja vienreizlietojamo tvaiku<\/strong><strong>?<\/strong><\/h3>\n<div class=\"flex-shrink-0 flex flex-col relative items-end\">\n<div class=\"pt-0\">\n<div class=\"gizmo-bot-avatar flex h-8 w-8 items-center justify-center overflow-hidden rounded-full\">\n<div class=\"relative p-1 rounded-sm flex items-center justify-center bg-token-main-surface-primary text-token-text-primary h-8 w-8\">\n<p>Laipni l\u016bdzam Rmvapesale, j\u016bsu uzticamaj\u0101 tvaiku veikal\u0101, kur\u0101 ir pieejami augst\u0101k\u0101s kvalit\u0101tes vienreizlietojamie tvaiki. Ar vair\u0101k nek\u0101 5 gadu pieredzi m\u0113s pied\u0101v\u0101jam jums t\u0101dus popul\u0101rus vienreizlietojamo tvaiku z\u012bmolus k\u0101 Al Fakher, <a href=\"https:\/\/rmvapesale.com\/lv\/product\/vapme-crystal-7000-puffs-rechargeable-disposable-vape-price\/\">Vapme<\/a>, <a href=\"https:\/\/rmvapesale.com\/lv\/product-category\/bang-vapes\/\">Bang Vape<\/a>, Waspe, <a href=\"https:\/\/rmvapesale.com\/lv\/product\/wga-crystal-pro-max-extra-15k-puffs-disposable-vape-wholesale\/\">WGA<\/a> Vape un<a href=\"https:\/\/rmvapesale.com\/lv\/product-category\/randm-fumot-vape\/\"> RandM Vape<\/a>.<\/p>\n<p>M\u016bsu kl\u0101st\u0101 ir t\u0101di popul\u0101ri tvaiki k\u0101 <a href=\"https:\/\/rmvapesale.com\/lv\/product\/fumot-digital-box-12000-disposable-vape-pink-lemonade-flavor\/\">RandM 12k<\/a> un gar\u0161\u0101m bag\u0101tas izv\u0113les, piem\u0113ram, <a href=\"https:\/\/rmvapesale.com\/lv\/product\/wga-crystal-pro-max-extra-15k-puffs-disposable-vape-wholesale\/\">WGA Crystal Pro Max 15K Pufi<\/a>. Katrs produkts tiek izv\u0113l\u0113ts, piev\u0113r\u0161ot uzman\u012bbu kvalit\u0101tei, v\u0113rt\u012bbai un daudzveid\u012bbai, nodro\u0161inot, ka j\u016bs atrad\u012bsiet sev piem\u0113rot\u0101ko. Atkl\u0101jiet izcilu servisu un pla\u0161u augst\u0101k\u0101s klases produktu kl\u0101stu Rmvapesale.<\/p>\n<\/div>\n<h3><\/h3>\n<div class=\"relative p-1 rounded-sm flex items-center justify-center bg-token-main-surface-primary text-token-text-primary h-8 w-8\">\n<h3><b>ELFWORLD 22000 Vape Bie\u017e\u0101k Uzdotie Jaut\u0101jumi<\/b><\/h3>\n<\/div>\n<p><strong>Vai es dr\u012bkstu lidma\u0161\u012bn\u0101 \u0146emt vienreizlietojamu vape?<\/strong><br \/>\nJ\u0101, vienreizlietojami vapi, piem\u0113ram, <strong>Elf World AI 22000 Puff<\/strong> ir at\u013cauti lidma\u0161\u012bn\u0101s, ta\u010du tikai rokas bag\u0101\u017e\u0101 bateriju noteikumu d\u0113\u013c. P\u0101rliecinieties, ka ier\u012bce ir izsl\u0113gta, un p\u0101rbaudiet aviokomp\u0101nijas vadl\u012bnijas par jebk\u0101diem ierobe\u017eojumiem attiec\u012bb\u0101 uz vaping produktiem.<\/p>\n<p><strong>Vai Elf World AI 22000 Puff Smart vienreizlietojamais vape ir piem\u0113rots ies\u0101c\u0113jiem?<\/strong><br \/>\nJ\u0101, <strong>Elf World AI 22000 Puff<\/strong> ir piem\u0113rots ies\u0101c\u0113jiem. Tam ir lietot\u0101jam draudz\u012bgs, gluds dizains, regul\u0113jama gaisa pl\u016bsma un \u0113rts <strong>LED displeja ekr\u0101ns<\/strong> akumulatora un e-\u0161\u0137idruma l\u012bme\u0146iem, \u013caujot ies\u0101c\u0113jiem viegli uzraudz\u012bt lieto\u0161anu.<\/p>\n<p><strong>Kuri ir popul\u0101r\u0101kie vienreizlietojamie tvaiki ar displeja ekr\u0101nu?<\/strong><br \/>\nStarp <strong>karst\u0101s p\u0101rdo\u0161anas vienreizlietojamie tvaiki<\/strong> ar displeja ekr\u0101nu, <strong>Elf World AI 22000 Puff<\/strong> izce\u013cas ar sav\u0101m uzlabotaj\u0101m funkcij\u0101m, ilgsto\u0161u 22 000 dvesm\u0101m un regul\u0113jamu gaisa pl\u016bsmu, padarot to par lab\u0101ko izv\u0113li tvaic\u0113t\u0101jiem, kuri mekl\u0113 augsto tehnolo\u0123iju pieredzi.<\/p>\n<p><strong>K\u0101 es varu zin\u0101t, vai mans Elf World Smart vienreiz\u0113j\u0101s lieto\u0161anas tvaiks ir tuk\u0161s?<\/strong><br \/>\n\u0160is <strong>LED displejs<\/strong> uz <strong>Elf World AI 22000 Puff<\/strong> sniedz re\u0101llaika inform\u0101ciju par akumulatora darb\u012bbas laiku un e-\u0161\u0137idruma l\u012bme\u0146iem, lai j\u016bs var\u0113tu viegli p\u0101rbaud\u012bt, kad tvaiks s\u0101k beigties vai ir tuk\u0161s.<\/p>\n<p><strong>Cik ilgi vajadz\u0113tu kalpot Elf World AI 22000 Puff tvaikam?<\/strong><br \/>\n\u0160is <strong>Elf World AI 22000 Puff<\/strong> ir paredz\u0113ts, lai kalpotu aptuveni <strong>22 000 dvesmu<\/strong>, padarot to par ilgsto\u0161u iesp\u0113ju gan viegliem, gan bie\u017eiem tvaic\u0113t\u0101jiem. M\u0113reni lietojot, \u0161\u012b ier\u012bce var kalpot ned\u0113\u013cas, atkar\u012bb\u0101 no individu\u0101lajiem lieto\u0161anas paradumiem.<\/p>\n<div class=\"relative p-1 rounded-sm flex items-center justify-center bg-token-main-surface-primary text-token-text-primary h-8 w-8\">\n<p>&nbsp;<\/p>\n<\/div>\n<\/div>\n<\/div>\n<\/div>\n<h3>Par s\u016bt\u012bjumu<\/h3>\n<div class=\"flex-shrink-0 flex flex-col relative items-end\">\n<div>\n<div class=\"pt-0\">\n<div class=\"gizmo-bot-avatar flex h-8 w-8 items-center justify-center overflow-hidden rounded-full\">\n<div><\/div>\n<div class=\"relative p-1 rounded-sm flex items-center justify-center bg-token-main-surface-primary text-token-text-primary h-8 w-8\"><strong>1. K\u0101das pieg\u0101des metodes tiek izmantotas?<\/strong><\/div>\n<\/div>\n<\/div>\n<\/div>\n<\/div>\n<div class=\"group\/conversation-turn relative flex w-full min-w-0 flex-col agent-turn\">\n<div class=\"flex-col gap-1 md:gap-3\">\n<div class=\"flex max-w-full flex-col flex-grow\">\n<div class=\"min-h-[20px] text-message flex w-full flex-col items-end gap-2 whitespace-normal break-words [.text-message+&amp;]:mt-5 overflow-x-auto\" dir=\"auto\" data-message-author-role=\"assistant\" data-message-id=\"22f8283b-3233-46ff-89a5-c7a41b33abda\">\n<div class=\"flex w-full flex-col gap-1 empty:hidden first:pt-[3px]\">\n<div class=\"markdown prose w-full break-words dark:prose-invert light\">\n<p>M\u0113s sadarbojamies ar UPS, DHL, FedEx, DPD un citiem vado\u0161ajiem p\u0101rvad\u0101t\u0101jiem. M\u0113s izv\u0113l\u0113simies lab\u0101ko pieg\u0101des veidu, pamatojoties uz j\u016bsu pieg\u0101des vietu, lai nodro\u0161in\u0101tu, ka j\u016bs sa\u0146emat savus produktus p\u0113c iesp\u0113jas \u0101tr\u0101k.<\/p>\n<\/div>\n<p><strong>2. Cik ilgs laiks paiet, l\u012bdz tas pien\u0101k?<\/strong><\/p>\n<p>Pieg\u0101des uz Latviju parasti ierodas 10 darba dienu laik\u0101. Pieg\u0101de uz Eiropas valst\u012bm parasti aiz\u0146em apm\u0113ram 12-15 darba dienas. M\u0113s nodro\u0161in\u0101sim re\u0101llaika atjaunin\u0101jumus par j\u016bsu pieg\u0101des statusu.<\/p>\n<\/div>\n<\/div>\n<\/div>\n<\/div>\n<\/div>\n<p>&nbsp;<\/p>\n<p>Atrodiet vair\u0101k Vape produktu, kas jums var\u0113tu patikt:<strong><em><a href=\"https:\/\/rmvapesale.com\/lv\/shop-2\/\">iepirkties tagad &gt;&gt;&gt;<\/a><\/em><\/strong><\/p>","protected":false},"excerpt":{"rendered":"<p>Elf World AI 22000 p\u016btiens ekr\u0101na displejs vienreiz\u0113j\u0101s lieto\u0161anas e-cigarete<br \/>\n22000 p\u016btiens atk\u0101rtoti uzl\u0101d\u0113jama vienreiz\u0113j\u0101s lieto\u0161anas e-cigarete<br \/>\nELFWORLD AI 22000 p\u016btiens vienreiz\u0113j\u0101s lieto\u0161anas e-cigare\u0161u vairumtirdzniec\u012bba<\/p>\n<p><img loading=\"lazy\" decoding=\"async\" class=\"size-full wp-image-2375\" src=\"https:\/\/rmvapesale.com\/wp-content\/uploads\/2024\/10\/image.png\" alt=\"Lab\u0101kais vienreiz\u0113jais vape\" width=\"229\" height=\"300\" \/><\/p>\n<h3><a href=\"https:\/\/wa.me\/8617776015835\"><span style=\"color: #ff0000\"><strong>WhatsApp: +86 17776015835<\/strong><\/span><\/a><\/h3>\n<p>&nbsp;<\/p>","protected":false},"featured_media":2617,"comment_status":"open","ping_status":"closed","template":"","meta":{"_uag_custom_page_level_css":"","_lmt_disableupdate":"no","_lmt_disable":"","site-sidebar-layout":"default","site-content-layout":"content-boxed-container","ast-site-content-layout":"normal-width-container","site-content-style":"boxed","site-sidebar-style":"unboxed","ast-global-header-display":"","ast-banner-title-visibility":"","ast-main-header-display":"","ast-hfb-above-header-display":"","ast-hfb-below-header-display":"","ast-hfb-mobile-header-display":"","site-post-title":"","ast-breadcrumbs-content":"","ast-featured-img":"","footer-sml-layout":"","ast-disable-related-posts":"","theme-transparent-header-meta":"default","adv-header-id-meta":"","stick-header-meta":"","header-above-stick-meta":"","header-main-stick-meta":"","header-below-stick-meta":"","astra-migrate-meta-layouts":"set","ast-page-background-enabled":"default","ast-page-background-meta":{"desktop":{"background-color":"var(--ast-global-color-4)","background-image":"","background-repeat":"repeat","background-position":"center center","background-size":"auto","background-attachment":"scroll","background-type":"","background-media":"","overlay-type":"","overlay-color":"","overlay-opacity":"","overlay-gradient":""},"tablet":{"background-color":"","background-image":"","background-repeat":"repeat","background-position":"center center","background-size":"auto","background-attachment":"scroll","background-type":"","background-media":"","overlay-type":"","overlay-color":"","overlay-opacity":"","overlay-gradient":""},"mobile":{"background-color":"","background-image":"","background-repeat":"repeat","background-position":"center center","background-size":"auto","background-attachment":"scroll","background-type":"","background-media":"","overlay-type":"","overlay-color":"","overlay-opacity":"","overlay-gradient":""}},"ast-content-background-meta":{"desktop":{"background-color":"var(--ast-global-color-5)","background-image":"","background-repeat":"repeat","background-position":"center center","background-size":"auto","background-attachment":"scroll","background-type":"","background-media":"","overlay-type":"","overlay-color":"","overlay-opacity":"","overlay-gradient":""},"tablet":{"background-color":"var(--ast-global-color-5)","background-image":"","background-repeat":"repeat","background-position":"center center","background-size":"auto","background-attachment":"scroll","background-type":"","background-media":"","overlay-type":"","overlay-color":"","overlay-opacity":"","overlay-gradient":""},"mobile":{"background-color":"var(--ast-global-color-5)","background-image":"","background-repeat":"repeat","background-position":"center center","background-size":"auto","background-attachment":"scroll","background-type":"","background-media":"","overlay-type":"","overlay-color":"","overlay-opacity":"","overlay-gradient":""}},"_joinchat":[]},"product_brand":[],"product_cat":[15,27,25,195,123,30,26,28,137,136,135],"product_tag":[146,188,167,198,165,85,191,120],"class_list":{"0":"post-2609","1":"product","2":"type-product","3":"status-publish","4":"has-post-thumbnail","6":"product_cat-new-vape-this-week","7":"product_cat-fance-hot-sale-vape","8":"product_cat-germany-best-selling-vape","9":"product_cat-germany-warehouse","10":"product_cat-italy-wholesale-vape","11":"product_cat-minimum-order-quantity-50pcs","12":"product_cat-netherlands-hot-sale-vape","13":"product_cat-poland-hot-sale-vape","14":"product_cat-rechargeable-vapes","15":"product_cat-smart-screen-vapes","16":"product_cat-spain-best-hot-sale-vape","17":"product_tag-best-hot-sale-vape","18":"product_tag-buy-vapes-online","19":"product_tag-disposable-vape-with-screen","20":"product_tag-elfworld-vape","21":"product_tag-rechargeable-vapes","22":"product_tag-smart-disposable-vape","23":"product_tag-vape-box","24":"product_tag-vape-wholesale","25":"desktop-align-left","26":"tablet-align-left","27":"mobile-align-left","29":"first","30":"instock","31":"sale","32":"shipping-taxable","33":"purchasable","34":"product-type-simple"},"uagb_featured_image_src":{"full":["https:\/\/rmvapesale.com\/wp-content\/uploads\/2024\/10\/ELFWORLD-AI-22000-Puffs-Disposable-Vape.png",800,800,false],"thumbnail":["https:\/\/rmvapesale.com\/wp-content\/uploads\/2024\/10\/ELFWORLD-AI-22000-Puffs-Disposable-Vape-150x150.png",150,150,true],"medium":["https:\/\/rmvapesale.com\/wp-content\/uploads\/2024\/10\/ELFWORLD-AI-22000-Puffs-Disposable-Vape-300x300.png",300,300,true],"medium_large":["https:\/\/rmvapesale.com\/wp-content\/uploads\/2024\/10\/ELFWORLD-AI-22000-Puffs-Disposable-Vape-768x768.png",768,768,true],"large":["https:\/\/rmvapesale.com\/wp-content\/uploads\/2024\/10\/ELFWORLD-AI-22000-Puffs-Disposable-Vape.png",800,800,false],"1536x1536":["https:\/\/rmvapesale.com\/wp-content\/uploads\/2024\/10\/ELFWORLD-AI-22000-Puffs-Disposable-Vape.png",800,800,false],"2048x2048":["https:\/\/rmvapesale.com\/wp-content\/uploads\/2024\/10\/ELFWORLD-AI-22000-Puffs-Disposable-Vape.png",800,800,false],"trp-custom-language-flag":["https:\/\/rmvapesale.com\/wp-content\/uploads\/2024\/10\/ELFWORLD-AI-22000-Puffs-Disposable-Vape.png",12,12,false],"woocommerce_thumbnail":["https:\/\/rmvapesale.com\/wp-content\/uploads\/2024\/10\/ELFWORLD-AI-22000-Puffs-Disposable-Vape-300x300.png",300,300,true],"woocommerce_single":["https:\/\/rmvapesale.com\/wp-content\/uploads\/2024\/10\/ELFWORLD-AI-22000-Puffs-Disposable-Vape-600x600.png",600,600,true],"woocommerce_gallery_thumbnail":["https:\/\/rmvapesale.com\/wp-content\/uploads\/2024\/10\/ELFWORLD-AI-22000-Puffs-Disposable-Vape-100x100.png",100,100,true],"wcpr-photo-reviews":["https:\/\/rmvapesale.com\/wp-content\/uploads\/2024\/10\/ELFWORLD-AI-22000-Puffs-Disposable-Vape.png",500,500,false]},"uagb_author_info":{"display_name":"AMY","author_link":"https:\/\/rmvapesale.com\/lv\/author\/"},"uagb_comment_info":0,"uagb_excerpt":"Elf World AI 22000 Puffs Screen Display Disposable Vape Vape 22000 Puff Rechargeable Disposable E-Cigarette ELFWORLD AI 22000 Puffs Disposable Vape Wholesale WhatsApp: +86 17776015835 &nbsp;","_links":{"self":[{"href":"https:\/\/rmvapesale.com\/lv\/wp-json\/wp\/v2\/product\/2609","targetHints":{"allow":["GET"]}}],"collection":[{"href":"https:\/\/rmvapesale.com\/lv\/wp-json\/wp\/v2\/product"}],"about":[{"href":"https:\/\/rmvapesale.com\/lv\/wp-json\/wp\/v2\/types\/product"}],"replies":[{"embeddable":true,"href":"https:\/\/rmvapesale.com\/lv\/wp-json\/wp\/v2\/comments?post=2609"}],"wp:featuredmedia":[{"embeddable":true,"href":"https:\/\/rmvapesale.com\/lv\/wp-json\/wp\/v2\/media\/2617"}],"wp:attachment":[{"href":"https:\/\/rmvapesale.com\/lv\/wp-json\/wp\/v2\/media?parent=2609"}],"wp:term":[{"taxonomy":"product_brand","embeddable":true,"href":"https:\/\/rmvapesale.com\/lv\/wp-json\/wp\/v2\/product_brand?post=2609"},{"taxonomy":"product_cat","embeddable":true,"href":"https:\/\/rmvapesale.com\/lv\/wp-json\/wp\/v2\/product_cat?post=2609"},{"taxonomy":"product_tag","embeddable":true,"href":"https:\/\/rmvapesale.com\/lv\/wp-json\/wp\/v2\/product_tag?post=2609"}],"curies":[{"name":"wp","href":"https:\/\/api.w.org\/{rel}","templated":true}]}}