{"id":2628,"date":"2024-10-31T08:10:13","date_gmt":"2024-10-31T08:10:13","guid":{"rendered":"https:\/\/rmvapesale.com\/?post_type=product&#038;p=2628"},"modified":"2024-10-31T09:26:49","modified_gmt":"2024-10-31T09:26:49","slug":"bang-vape-12000-puff-rechargeable-disposable-vape-wholesale","status":"publish","type":"product","link":"https:\/\/rmvapesale.com\/lv\/product\/bang-vape-12000-puff-rechargeable-disposable-vape-wholesale\/","title":{"rendered":"Bang Vape 12000 dvesienu uzl\u0101d\u0113jams vienreiz\u0113j\u0101s lieto\u0161anas vape vairumtirdzniec\u012bba"},"content":{"rendered":"<div class=\"B2VR9 CJHX3e\">\n<div class=\"wyccme\">\n<h1 class=\"LC20lb MBeuO DKV0Md\">Bang Vape 12000 dvesienu uzl\u0101d\u0113jams vienreiz\u0113j\u0101s lieto\u0161anas vape vairumtirdzniec\u012bba<\/h1>\n<div class=\"flex-shrink-0 flex flex-col relative items-end\">\n<div class=\"pt-0\">\n<div class=\"gizmo-bot-avatar flex h-8 w-8 items-center justify-center overflow-hidden rounded-full\">\n<div class=\"relative p-1 rounded-sm flex items-center justify-center bg-token-main-surface-primary text-token-text-primary h-8 w-8\"><\/div>\n<p>\u0160is <strong>Bang Vape 12000 Puff uzl\u0101d\u0113jams vienreizlietojamais e-cigarete<\/strong> pied\u0101v\u0101 jaud\u012bgu veiktsp\u0113ju un gar\u0161u daudzveid\u012bbu, padarot to par popul\u0101ru e-cigareti ikvienam, kur\u0161 mekl\u0113 augst\u0101k\u0101s klases vienreizlietojamu veipo\u0161anas pieredzi. Ar iespaid\u012bgu <strong>12 000 uzp\u016btienu<\/strong> un <strong>uzl\u0101d\u0113jamu 550mAh akumulatoru<\/strong>, \u0161is <strong>Bang Vape<\/strong> tas ir izstr\u0101d\u0101ts \u0113rt\u012bbai un ilgsto\u0161ai baud\u012b\u0161anai. T\u0101 <strong>18 ml e-\u0161\u0137idruma ietilp\u012bba<\/strong> nodro\u0161ina nemain\u012bgu gar\u0161u vis\u0101 lieto\u0161anas laik\u0101, un nikot\u012bna stiprumi ir pieejami <strong>0%, 2% un 5%<\/strong> lai sniegtu piel\u0101gojamu gandar\u012bjumu.<\/p>\n<p>Ar viegli lietojamu dizainu, kas neprasa apkopi, \u0161is <strong>Bang Vape vienreizlietojamais e-cigarete<\/strong> ir ide\u0101li piem\u0113rots gan ies\u0101c\u0113jiem, gan pieredz\u0113ju\u0161iem veipot\u0101jiem. Izbaudiet kvalit\u0101ti ar katru dvesmu un izbaudiet <strong>Bang Bars<\/strong> vienk\u0101r\u0161\u012bbu \u0113rt\u0101 <strong>dvesmu veipu<\/strong> form\u0101t\u0101.<\/p>\n<p>Lai iepaz\u012btos ar pilnu <strong>Bang Vape 12000 Puffs<\/strong>kl\u0101stu, apmekl\u0113jiet <strong>rmvapesale is not a valid phrase or sentence in English. It appears to be an amalgamation of \"rm,\" \"vape,\" and \"sale.\" It's likely a product name, a hashtag, or a typo. Translating a non-standard term like this is difficult.\n\nIf we break it down:\n- \"rm\" could stand for \"removable,\" \"room,\" or be an abbreviation for a specific brand or product.\n- \"vape\" is a term for an electronic cigarette.\n- \"sale\" means a period during which a retailer sells goods at reduced prices.\n\nA direct translation of the components might be:\n- \"rm\" (as in \"room\"): \"istaba\"\n- \"vape\": \"e-cigarete\" or \"vape\" (as it's a loanword often used in Latvian)\n- \"sale\": \"izp\u0101rdo\u0161ana\"\n\nIf \"rmvapesale\" is meant to be a single phrase, it could be interpreted as \"vape sale\" (\"e-cigare\u0161u izp\u0101rdo\u0161ana\") or \"removable vape sale\" (\"no\u0146emamu e-cigare\u0161u izp\u0101rdo\u0161ana\"). Without more context, a precise translation is not possible.<\/strong>, uzticams <strong>vape veikalam<\/strong> pied\u0101v\u0101jot <strong>veipu vairumtirdzniec\u012bbai<\/strong> un lieliskus pied\u0101v\u0101jumus <strong>Bang Box<\/strong> un citi <strong>Bang vienreizlietojams tvaic\u0113t\u0101js<\/strong> produkti.<\/p>\n<p>&nbsp;<\/p>\n<\/div>\n<\/div>\n<\/div>\n<\/div>\n<\/div>\n<p><strong>Sazinieties ar Eimiju, lai ieg\u016btu pareizo atbildi un veipu kuponu!<\/strong><\/p>\n<p><img loading=\"lazy\" decoding=\"async\" class=\"size-full wp-image-1978\" src=\"https:\/\/rmvapesale.com\/wp-content\/uploads\/2024\/09\/Disposable-Vape-Wholesale.jpg\" alt=\"Vienreiz\u0113jais vape vairumtirdzniec\u012bba\" width=\"229\" height=\"300\" \/><\/p>\n<h3><a href=\"https:\/\/wa.me\/8617776015835\" target=\"_blank\" rel=\"noopener\"><span style=\"color: #ff0000\"><strong>WhatsApp: +86 17776015835<\/strong><\/span><\/a><\/h3>\n<p>&nbsp;<\/p>\n<h2>Bang Vape 12000 Puff galven\u0101s iez\u012bmes:<\/h2>\n<ul>\n<li><strong>Milz\u012bgs 12 000 dvesmu<\/strong> ar vienm\u0113r\u012bgu, konsekventu pieg\u0101di<\/li>\n<li><strong>Uzl\u0101d\u0113jams 550 mAh akumulators<\/strong> ar C tipa piesl\u0113gvietu \u0101trai uzl\u0101dei<\/li>\n<li><strong>18 ml e-\u0161\u0137idruma ietilp\u012bba<\/strong> katr\u0101 ier\u012bc\u0113, nodro\u0161inot ret\u0101ku nomai\u0146u<\/li>\n<li><strong>Nikot\u012bna iesp\u0113jas<\/strong>: Izv\u0113lieties starp 2% vai 5% ide\u0101lai pieredzei<\/li>\n<li><strong>12 gard\u0101m gar\u0161\u0101m<\/strong>: Izbaudiet unik\u0101las iesp\u0113jas, piem\u0113ram <strong>Melle\u0146u ledus, Meln\u0101 p\u016b\u0137a ledus, \u0136ir\u0161u kola, Arb\u016bzu ko\u0161\u013c\u0101jam\u0101 gumija un Persiku ledus<\/strong><\/li>\n<\/ul>\n<h2><strong>Lab\u0101k\u0101 gar\u0161a priek\u0161 <\/strong><strong>Uzl\u0101d\u0113jamais Bang Box Vape 12000<\/strong><\/h2>\n<p>\u0160is <strong>Bang Box Vape 12000<\/strong> ir pieejams 12 fantastiskos arom\u0101tos, lai apmierin\u0101tu pla\u0161u gar\u0161u kl\u0101stu, s\u0101kot no atsvaidzino\u0161\u0101s <strong>Persiku ledus<\/strong> un sald\u0101s <strong>Tr\u012bsk\u0101r\u0161\u0101s ogas<\/strong> l\u012bdz pat sk\u0101bajam <strong>Melle\u0146u citrons<\/strong>. Citas popul\u0101ras iesp\u0113jas ietver:<\/p>\n<p>1.Arb\u016bzs <span style=\"color: #ff0000\"><strong>&gt;&gt;&gt;&gt; Karsti!<\/strong><\/span><br \/>\n2.Zeme\u0146u Arb\u016bzu<br \/>\n3.Melle\u0146u ledus<br \/>\n4.Mellenes un avenes <span style=\"color: #ff0000\"><strong>&gt;&gt;&gt;&gt; Karsti!<\/strong><\/span><br \/>\n5.Zeme\u0146u mango<br \/>\n6.Meln\u0101 p\u016b\u0137a ledus<br \/>\n7.\u0136ir\u0161u kola<br \/>\n8.Melle\u0146u v\u012bnoga<br \/>\n9.Tr\u012bsk\u0101r\u0161\u0101s ogas <span style=\"color: #ff0000\"><strong>&gt;&gt;&gt;&gt; Viss lab\u0101kais!<\/strong><\/span><br \/>\n10.Zemenes un kivi<br \/>\n11.Persiku ledus<br \/>\n12.Arb\u016bzu burbu\u013cgumija<\/p>\n<figure id=\"attachment_2635\" aria-describedby=\"caption-attachment-2635\" style=\"width: 600px\" class=\"wp-caption alignnone\"><img loading=\"lazy\" decoding=\"async\" class=\"wp-image-2635 size-full\" src=\"https:\/\/rmvapesale.com\/wp-content\/uploads\/2024\/10\/Bang-Vape-Dispsable-Wholesale.jpg\" alt=\"Bang Vape vienreizlietojamo pre\u010du vairumtirdzniec\u012bba\" width=\"600\" height=\"1050\" srcset=\"https:\/\/rmvapesale.com\/wp-content\/uploads\/2024\/10\/Bang-Vape-Dispsable-Wholesale.jpg 600w, https:\/\/rmvapesale.com\/wp-content\/uploads\/2024\/10\/Bang-Vape-Dispsable-Wholesale-171x300.jpg 171w, https:\/\/rmvapesale.com\/wp-content\/uploads\/2024\/10\/Bang-Vape-Dispsable-Wholesale-585x1024.jpg 585w\" sizes=\"auto, (max-width: 600px) 100vw, 600px\" \/><figcaption id=\"caption-attachment-2635\" class=\"wp-caption-text\">Bang Vape vienreizlietojamo pre\u010du vairumtirdzniec\u012bba<\/figcaption><\/figure>\n<h3><strong>K\u0101p\u0113c izv\u0113l\u0113ties Rmvapesale Bang 12000 dvesienu vienreizlietojamo veipu<\/strong><strong>?<\/strong><\/h3>\n<div class=\"flex-shrink-0 flex flex-col relative items-end\">\n<div class=\"pt-0\">\n<div class=\"gizmo-bot-avatar flex h-8 w-8 items-center justify-center overflow-hidden rounded-full\">\n<div class=\"relative p-1 rounded-sm flex items-center justify-center bg-token-main-surface-primary text-token-text-primary h-8 w-8\">\n<p>Laipni l\u016bdzam Rmvapesale, j\u016bsu uzticamaj\u0101 tvaiku veikal\u0101, kur\u0101 ir pieejami augst\u0101k\u0101s kvalit\u0101tes vienreizlietojamie tvaiki. Ar vair\u0101k nek\u0101 5 gadu pieredzi m\u0113s pied\u0101v\u0101jam jums t\u0101dus popul\u0101rus vienreizlietojamo tvaiku z\u012bmolus k\u0101 Al Fakher, <a href=\"https:\/\/rmvapesale.com\/lv\/product\/vapme-crystal-7000-puffs-rechargeable-disposable-vape-price\/\">Vapme<\/a>, <a href=\"https:\/\/rmvapesale.com\/lv\/product-category\/bang-vapes\/\">Bang Vape<\/a>, Waspe, <a href=\"https:\/\/rmvapesale.com\/lv\/product\/wga-crystal-pro-max-extra-15k-puffs-disposable-vape-wholesale\/\">WGA<\/a> Vape un<a href=\"https:\/\/rmvapesale.com\/lv\/product-category\/randm-fumot-vape\/\"> RandM Vape<\/a>.<\/p>\n<p>M\u016bsu kl\u0101st\u0101 ir t\u0101di popul\u0101ri tvaiki k\u0101 <a href=\"https:\/\/rmvapesale.com\/lv\/product\/bang-box-vape-tornado-40000-puff-2-5-low-nicotine\/\">Bang Box Vape 40000 dvesienu<\/a> un gar\u0161\u0101m bag\u0101tas izv\u0113les, piem\u0113ram, <a href=\"https:\/\/rmvapesale.com\/lv\/product\/randm-tornado-25000-puffs-disposable-vape-wholesale\/\">RandM 25000 dvesienu<\/a>. Katrs produkts tiek izv\u0113l\u0113ts, piev\u0113r\u0161ot uzman\u012bbu kvalit\u0101tei, v\u0113rt\u012bbai un daudzveid\u012bbai, nodro\u0161inot, ka j\u016bs atrad\u012bsiet sev piem\u0113rot\u0101ko. Atkl\u0101jiet izcilu servisu un pla\u0161u augst\u0101k\u0101s klases produktu kl\u0101stu Rmvapesale.<\/p>\n<\/div>\n<h3><\/h3>\n<h3>BUJ par Bang Vape 12000 dvesienu uzl\u0101d\u0113jamo vienreizlietojamo veipu<\/h3>\n<ol>\n<li><strong>K\u0101 es varu zin\u0101t, kad mans vienreizlietojamais veips ir tuk\u0161s?<\/strong> Kad j\u016bsu <strong>Bang Vape 12000 dvesienu<\/strong> vienreizlietojamais veips ir tuk\u0161s, j\u016bs varat paman\u012bt gar\u0161as intensit\u0101tes un tvaika ra\u017eo\u0161anas samazin\u0101\u0161anos. Turkl\u0101t, ja ier\u012bce visp\u0101r p\u0101rtrauc ra\u017eot tvaiku, tas, visticam\u0101k, noz\u012bm\u0113, ka e-\u0161\u0137idrums ir piln\u012bb\u0101 izlietots. Uzl\u0101d\u0113jams, bet vienreizlietojams, tas ir paredz\u0113ts nomai\u0146ai, kad ir tuk\u0161s.<\/li>\n<li><strong>Cik ilgs laiks nepiecie\u0161ams, lai uzl\u0101d\u0113tu Bang 12000 dvesienu?<\/strong> \u0160is <strong>Bang 12000<\/strong> ir <strong>550mAh akumulators<\/strong> un parasti prasa aptuveni <strong>1\u20132 stundas, lai piln\u012bb\u0101 uzl\u0101d\u0113tu<\/strong> caur t\u0101 Type-C uzl\u0101des portu. \u0160\u012b \u0101tr\u0101s uzl\u0101des funkcija nodro\u0161ina, ka j\u016bs \u0101tri atkal varat baud\u012bt savu veipu.<\/li>\n<li><strong>Cik daudz nikot\u012bna ir Bang Vape Tornado 12000?<\/strong> \u0160is <strong>Bang Vape Tornado 12000<\/strong> pied\u0101v\u0101 nikot\u012bna stiprumu <strong>2% (20mg)<\/strong> un <strong>5% (50mg)<\/strong>, kas \u013cauj izv\u0113l\u0113ties l\u012bmeni, kas vislab\u0101k atbilst j\u016bsu v\u0113lm\u0113m.<\/li>\n<li><strong>Kur ieg\u0101d\u0101ties Bang Vapes par vairumtirdzniec\u012bbas cen\u0101m?<\/strong> J\u016bs varat ieg\u0101d\u0101ties Bang Vapes, ieskaitot <strong>Bang Vape 12000 Puff, Bang 30k Puff <\/strong>un citus popul\u0101rus mode\u013cus, par vairumtirdzniec\u012bbas cen\u0101m <strong>rmvapesale is not a valid phrase or sentence in English. It appears to be an amalgamation of \"rm,\" \"vape,\" and \"sale.\" It's likely a product name, a hashtag, or a typo. Translating a non-standard term like this is difficult.\n\nIf we break it down:\n- \"rm\" could stand for \"removable,\" \"room,\" or be an abbreviation for a specific brand or product.\n- \"vape\" is a term for an electronic cigarette.\n- \"sale\" means a period during which a retailer sells goods at reduced prices.\n\nA direct translation of the components might be:\n- \"rm\" (as in \"room\"): \"istaba\"\n- \"vape\": \"e-cigarete\" or \"vape\" (as it's a loanword often used in Latvian)\n- \"sale\": \"izp\u0101rdo\u0161ana\"\n\nIf \"rmvapesale\" is meant to be a single phrase, it could be interpreted as \"vape sale\" (\"e-cigare\u0161u izp\u0101rdo\u0161ana\") or \"removable vape sale\" (\"no\u0146emamu e-cigare\u0161u izp\u0101rdo\u0161ana\"). Without more context, a precise translation is not possible.<\/strong>. \u0160is uzticamais <strong>vape veikalam<\/strong> pied\u0101v\u0101 pla\u0161u <strong>Bang vienreizlietojamo veipu kl\u0101stu<\/strong> gan mazumtirdzniec\u012bbas, gan vairumtirdzniec\u012bbas pirc\u0113jiem.<\/li>\n<li><strong>Vai es dr\u012bkstu lidma\u0161\u012bn\u0101 \u0146emt vienreizlietojamu vape?<\/strong> J\u0101, vienreizlietojamo veipu dr\u012bkst \u0146emt lidma\u0161\u012bn\u0101, bet tas j\u0101glab\u0101 rokas bag\u0101\u017e\u0101, saska\u0146\u0101 ar aviokomp\u0101nijas noteikumiem par elektroniskaj\u0101m ier\u012bc\u0113m. Atcerieties iepriek\u0161 sazin\u0101ties ar savu aviokomp\u0101niju un nelietot to lidojuma laik\u0101.<\/li>\n<\/ol>\n<\/div>\n<\/div>\n<\/div>\n<h3>Par s\u016bt\u012bjumu<\/h3>\n<div class=\"flex-shrink-0 flex flex-col relative items-end\">\n<div>\n<div class=\"pt-0\">\n<div class=\"gizmo-bot-avatar flex h-8 w-8 items-center justify-center overflow-hidden rounded-full\">\n<div><\/div>\n<div class=\"relative p-1 rounded-sm flex items-center justify-center bg-token-main-surface-primary text-token-text-primary h-8 w-8\"><strong>1. K\u0101das ir pieg\u0101des metodes?<\/strong><\/div>\n<\/div>\n<\/div>\n<\/div>\n<\/div>\n<div class=\"group\/conversation-turn relative flex w-full min-w-0 flex-col agent-turn\">\n<div class=\"flex-col gap-1 md:gap-3\">\n<div class=\"flex max-w-full flex-col flex-grow\">\n<div class=\"min-h-[20px] text-message flex w-full flex-col items-end gap-2 whitespace-normal break-words [.text-message+&amp;]:mt-5 overflow-x-auto\" dir=\"auto\" data-message-author-role=\"assistant\" data-message-id=\"22f8283b-3233-46ff-89a5-c7a41b33abda\">\n<div class=\"flex w-full flex-col gap-1 empty:hidden first:pt-[3px]\">\n<div class=\"markdown prose w-full break-words dark:prose-invert light\">\n<p>M\u0113s sadarbojamies ar UPS, DHL, FedEx, DPD un citiem vado\u0161ajiem p\u0101rvad\u0101t\u0101jiem. M\u0113s izv\u0113l\u0113simies lab\u0101ko pieg\u0101des veidu, pamatojoties uz j\u016bsu pieg\u0101des vietu, lai nodro\u0161in\u0101tu, ka j\u016bs sa\u0146emat savus produktus p\u0113c iesp\u0113jas \u0101tr\u0101k.<\/p>\n<\/div>\n<p><strong>2. Cik ilgs laiks paiet, l\u012bdz tas pien\u0101k?<\/strong><\/p>\n<p>Pieg\u0101des uz Latviju parasti ierodas 10 darba dienu laik\u0101. Pieg\u0101de uz Eiropas valst\u012bm parasti aiz\u0146em apm\u0113ram 12-15 darba dienas. M\u0113s nodro\u0161in\u0101sim re\u0101llaika atjaunin\u0101jumus par j\u016bsu pieg\u0101des statusu.<\/p>\n<\/div>\n<\/div>\n<\/div>\n<\/div>\n<\/div>\n<p>&nbsp;<\/p>\n<p>Atrodiet vair\u0101k Vape produktu, kas jums var\u0113tu patikt:<strong><em><a href=\"https:\/\/rmvapesale.com\/lv\/shop-2\/\">iepirkties tagad &gt;&gt;&gt;<\/a><\/em><\/strong><\/p>","protected":false},"excerpt":{"rendered":"<p>Ori\u0123in\u0101lais Bang Vape 12000 P\u016b\u013cu Vairumtirdzniec\u012bbas Cena<br \/>\nBang 12000 P\u016b\u013cu Uzl\u0101d\u0113jams Vape Partijas Pirkums<br \/>\nPirkt Bang Vienreizlietojamo Vape 0% 2% 3% 5% Nikot\u012bns<\/p>\n<p><img loading=\"lazy\" decoding=\"async\" class=\"size-full wp-image-2375\" src=\"https:\/\/rmvapesale.com\/wp-content\/uploads\/2024\/10\/image.png\" alt=\"Lab\u0101kais vienreiz\u0113jais vape\" width=\"229\" height=\"300\" \/><\/p>\n<h3><a href=\"https:\/\/wa.me\/8617776015835\"><span style=\"color: #ff0000\"><strong>WhatsApp: +86 17776015835<\/strong><\/span><\/a><\/h3>\n<p>&nbsp;<\/p>","protected":false},"featured_media":2633,"comment_status":"open","ping_status":"closed","template":"","meta":{"_uag_custom_page_level_css":"","_lmt_disableupdate":"no","_lmt_disable":"","site-sidebar-layout":"default","site-content-layout":"content-boxed-container","ast-site-content-layout":"normal-width-container","site-content-style":"boxed","site-sidebar-style":"unboxed","ast-global-header-display":"","ast-banner-title-visibility":"","ast-main-header-display":"","ast-hfb-above-header-display":"","ast-hfb-below-header-display":"","ast-hfb-mobile-header-display":"","site-post-title":"","ast-breadcrumbs-content":"","ast-featured-img":"","footer-sml-layout":"","ast-disable-related-posts":"","theme-transparent-header-meta":"default","adv-header-id-meta":"","stick-header-meta":"","header-above-stick-meta":"","header-main-stick-meta":"","header-below-stick-meta":"","astra-migrate-meta-layouts":"set","ast-page-background-enabled":"default","ast-page-background-meta":{"desktop":{"background-color":"var(--ast-global-color-4)","background-image":"","background-repeat":"repeat","background-position":"center center","background-size":"auto","background-attachment":"scroll","background-type":"","background-media":"","overlay-type":"","overlay-color":"","overlay-opacity":"","overlay-gradient":""},"tablet":{"background-color":"","background-image":"","background-repeat":"repeat","background-position":"center center","background-size":"auto","background-attachment":"scroll","background-type":"","background-media":"","overlay-type":"","overlay-color":"","overlay-opacity":"","overlay-gradient":""},"mobile":{"background-color":"","background-image":"","background-repeat":"repeat","background-position":"center center","background-size":"auto","background-attachment":"scroll","background-type":"","background-media":"","overlay-type":"","overlay-color":"","overlay-opacity":"","overlay-gradient":""}},"ast-content-background-meta":{"desktop":{"background-color":"var(--ast-global-color-5)","background-image":"","background-repeat":"repeat","background-position":"center center","background-size":"auto","background-attachment":"scroll","background-type":"","background-media":"","overlay-type":"","overlay-color":"","overlay-opacity":"","overlay-gradient":""},"tablet":{"background-color":"var(--ast-global-color-5)","background-image":"","background-repeat":"repeat","background-position":"center center","background-size":"auto","background-attachment":"scroll","background-type":"","background-media":"","overlay-type":"","overlay-color":"","overlay-opacity":"","overlay-gradient":""},"mobile":{"background-color":"var(--ast-global-color-5)","background-image":"","background-repeat":"repeat","background-position":"center center","background-size":"auto","background-attachment":"scroll","background-type":"","background-media":"","overlay-type":"","overlay-color":"","overlay-opacity":"","overlay-gradient":""}},"_joinchat":[]},"product_brand":[],"product_cat":[15,60,27,25,123,30,26,28,137,136,135],"product_tag":[187,199,146,188,167,165,191,120],"class_list":{"0":"post-2628","1":"product","2":"type-product","3":"status-publish","4":"has-post-thumbnail","6":"product_cat-new-vape-this-week","7":"product_cat-bang-vapes","8":"product_cat-fance-hot-sale-vape","9":"product_cat-germany-best-selling-vape","10":"product_cat-italy-wholesale-vape","11":"product_cat-minimum-order-quantity-50pcs","12":"product_cat-netherlands-hot-sale-vape","13":"product_cat-poland-hot-sale-vape","14":"product_cat-rechargeable-vapes","15":"product_cat-smart-screen-vapes","16":"product_cat-spain-best-hot-sale-vape","17":"product_tag-bang-box-vape","18":"product_tag-bang-vape","19":"product_tag-best-hot-sale-vape","20":"product_tag-buy-vapes-online","21":"product_tag-disposable-vape-with-screen","22":"product_tag-rechargeable-vapes","23":"product_tag-vape-box","24":"product_tag-vape-wholesale","25":"desktop-align-left","26":"tablet-align-left","27":"mobile-align-left","29":"first","30":"instock","31":"sale","32":"shipping-taxable","33":"purchasable","34":"product-type-simple"},"uagb_featured_image_src":{"full":["https:\/\/rmvapesale.com\/wp-content\/uploads\/2024\/10\/Bang-Rechargeable-Vape-12000-Puff-Wholesale.jpg",600,634,false],"thumbnail":["https:\/\/rmvapesale.com\/wp-content\/uploads\/2024\/10\/Bang-Rechargeable-Vape-12000-Puff-Wholesale-150x150.jpg",150,150,true],"medium":["https:\/\/rmvapesale.com\/wp-content\/uploads\/2024\/10\/Bang-Rechargeable-Vape-12000-Puff-Wholesale-284x300.jpg",284,300,true],"medium_large":["https:\/\/rmvapesale.com\/wp-content\/uploads\/2024\/10\/Bang-Rechargeable-Vape-12000-Puff-Wholesale.jpg",600,634,false],"large":["https:\/\/rmvapesale.com\/wp-content\/uploads\/2024\/10\/Bang-Rechargeable-Vape-12000-Puff-Wholesale.jpg",600,634,false],"1536x1536":["https:\/\/rmvapesale.com\/wp-content\/uploads\/2024\/10\/Bang-Rechargeable-Vape-12000-Puff-Wholesale.jpg",600,634,false],"2048x2048":["https:\/\/rmvapesale.com\/wp-content\/uploads\/2024\/10\/Bang-Rechargeable-Vape-12000-Puff-Wholesale.jpg",600,634,false],"trp-custom-language-flag":["https:\/\/rmvapesale.com\/wp-content\/uploads\/2024\/10\/Bang-Rechargeable-Vape-12000-Puff-Wholesale.jpg",11,12,false],"woocommerce_thumbnail":["https:\/\/rmvapesale.com\/wp-content\/uploads\/2024\/10\/Bang-Rechargeable-Vape-12000-Puff-Wholesale-300x300.jpg",300,300,true],"woocommerce_single":["https:\/\/rmvapesale.com\/wp-content\/uploads\/2024\/10\/Bang-Rechargeable-Vape-12000-Puff-Wholesale.jpg",600,634,false],"woocommerce_gallery_thumbnail":["https:\/\/rmvapesale.com\/wp-content\/uploads\/2024\/10\/Bang-Rechargeable-Vape-12000-Puff-Wholesale-100x100.jpg",100,100,true],"wcpr-photo-reviews":["https:\/\/rmvapesale.com\/wp-content\/uploads\/2024\/10\/Bang-Rechargeable-Vape-12000-Puff-Wholesale.jpg",473,500,false]},"uagb_author_info":{"display_name":"AMY","author_link":"https:\/\/rmvapesale.com\/lv\/author\/"},"uagb_comment_info":0,"uagb_excerpt":"Original Bang Vape 12000 Puffs Wholesale Price Bang 12000 Puffs Rechargeable Vape Bulk Buy Buy Bang Disposable Vape 0% 2% 3% 5% Nicotine WhatsApp: +86 17776015835 &nbsp;","_links":{"self":[{"href":"https:\/\/rmvapesale.com\/lv\/wp-json\/wp\/v2\/product\/2628","targetHints":{"allow":["GET"]}}],"collection":[{"href":"https:\/\/rmvapesale.com\/lv\/wp-json\/wp\/v2\/product"}],"about":[{"href":"https:\/\/rmvapesale.com\/lv\/wp-json\/wp\/v2\/types\/product"}],"replies":[{"embeddable":true,"href":"https:\/\/rmvapesale.com\/lv\/wp-json\/wp\/v2\/comments?post=2628"}],"wp:featuredmedia":[{"embeddable":true,"href":"https:\/\/rmvapesale.com\/lv\/wp-json\/wp\/v2\/media\/2633"}],"wp:attachment":[{"href":"https:\/\/rmvapesale.com\/lv\/wp-json\/wp\/v2\/media?parent=2628"}],"wp:term":[{"taxonomy":"product_brand","embeddable":true,"href":"https:\/\/rmvapesale.com\/lv\/wp-json\/wp\/v2\/product_brand?post=2628"},{"taxonomy":"product_cat","embeddable":true,"href":"https:\/\/rmvapesale.com\/lv\/wp-json\/wp\/v2\/product_cat?post=2628"},{"taxonomy":"product_tag","embeddable":true,"href":"https:\/\/rmvapesale.com\/lv\/wp-json\/wp\/v2\/product_tag?post=2628"}],"curies":[{"name":"wp","href":"https:\/\/api.w.org\/{rel}","templated":true}]}}