{"id":2652,"date":"2024-11-02T03:22:36","date_gmt":"2024-11-02T03:22:36","guid":{"rendered":"https:\/\/rmvapesale.com\/?post_type=product&#038;p=2652"},"modified":"2024-11-02T03:56:47","modified_gmt":"2024-11-02T03:56:47","slug":"vape-wholesale-lavande-bm-18000-puffs-shisha-hookah-bar","status":"publish","type":"product","link":"https:\/\/rmvapesale.com\/lv\/product\/vape-wholesale-lavande-bm-18000-puffs-shisha-hookah-bar\/","title":{"rendered":"Vape Vairumtirdzniec\u012bba Lavande BM 18000 dvesmas \u0160i\u0161as \u016bdensp\u012bpes b\u0101rs"},"content":{"rendered":"<div class=\"B2VR9 CJHX3e\">\n<div class=\"wyccme\">\n<h1 class=\"LC20lb MBeuO DKV0Md\">Vape Vairumtirdzniec\u012bba Lavande BM 18000 dvesmas \u0160i\u0161as \u016bdensp\u012bpes b\u0101rs<\/h1>\n<div class=\"flex-shrink-0 flex flex-col relative items-end\">\n<div class=\"pt-0\">\n<div class=\"gizmo-bot-avatar flex h-8 w-8 items-center justify-center overflow-hidden rounded-full\">\n<div class=\"relative p-1 rounded-sm flex items-center justify-center bg-token-main-surface-primary text-token-text-primary h-8 w-8\">\n<p>Tiem, kas mekl\u0113\u00a0 <strong>uzl\u0101d\u0113jams Vape vairumtirdzniec\u012bba<\/strong> kas nepiek\u0101pjas veiktsp\u0113jas zi\u0146\u0101, Lavande BM18000 <strong>Shisha \u016bdensp\u012bpes b\u0101rs<\/strong> ir lieliska iesp\u0113ja. Augstas ietilp\u012bbas akumulatora un C tipa \u0101tr\u0101s uzl\u0101des kombin\u0101cija nodro\u0161ina, ka j\u016bsu ier\u012bce vienm\u0113r ir gatava, kad esat j\u016bs. The <strong>Displeja vad\u012bbas iestat\u012bjumu komandas<\/strong> pied\u0101v\u0101 individu\u0101lu pieredzi, \u013caujot vaperiem p\u0101rsl\u0113gties starp re\u017e\u012bmiem atbilsto\u0161i sav\u0101m v\u0113lm\u0113m, neatkar\u012bgi no t\u0101, vai tas ir vienm\u0113r\u012bgs, konsekvents vilkmiens vai uzlabots, intens\u012bvs hits palielin\u0101\u0161anas re\u017e\u012bm\u0101.<\/p>\n<h3>Vairumtirdzniec\u012bbas iesp\u0113jas<\/h3>\n<p>Izmantojiet <strong>veipu vairumtirdzniec\u012bbai<\/strong> cenu priek\u0161roc\u012bbas un uzlabojiet savu invent\u0101ru ar vienu no <strong>lab\u0101kajiem vienreizlietojamajiem veipiem 2024. gad\u0101<\/strong>. K\u0101 vado\u0161\u0101 iesp\u0113ja starp <strong>vienreiz\u0113j\u0101s lieto\u0161anas veipu z\u012bmoliem<\/strong>, \u0161\u012b ier\u012bce ir gudra invest\u012bcija mazumtirgot\u0101jiem, kas v\u0113las apmierin\u0101t pieaugo\u0161o piepras\u012bjumu p\u0113c <strong>popul\u0101riem vapiem<\/strong>Lielapjoma pas\u016bt\u012bjumi ir pieejami <strong>vairumtirdzniec\u012bbas veipu<\/strong>, nodro\u0161inot pieejam\u012bbu un izcilu pe\u013c\u0146u j\u016bsu uz\u0146\u0113mumam.<\/p>\n<h3>Ide\u0101li piem\u0113rots tvaic\u0113\u0161anas entuziastiem<\/h3>\n<p>Neatkar\u012bgi no t\u0101, vai esat tvaic\u0113\u0161anas entuziasts vai mazumtirgot\u0101js, kur\u0161 ieg\u0101d\u0101jas <strong>Vienreiz\u0113j\u0101s lieto\u0161anas \u016bdensp\u012bpes vairumtirdzniec\u012bba<\/strong>, Lavande BM 18000 nodro\u0161ina visaptvero\u0161u un pat\u012bkamu pieredzi, uzsverot \u0113rt\u012bbas, veiktsp\u0113ju un lietot\u0101jam draudz\u012bgas funkcijas.<\/p>\n<p>Pas\u016btiet t\u016bl\u012bt un izbaudiet n\u0101kotni ar vienreizlietojamo, <strong>atk\u0101rtoti uzl\u0101d\u0113jamas e-cigaretes<\/strong> ar modernu displeja tehnolo\u0123iju un nep\u0101rsp\u0113jamu dvesmu ietilp\u012bbu.<\/p>\n<\/div>\n<\/div>\n<\/div>\n<\/div>\n<\/div>\n<\/div>\n<p><strong>Sazinieties ar Eimiju, lai ieg\u016btu pareizo atbildi un veipu kuponu!<\/strong><\/p>\n<p><img loading=\"lazy\" decoding=\"async\" class=\"size-full wp-image-1978\" src=\"https:\/\/rmvapesale.com\/wp-content\/uploads\/2024\/09\/Disposable-Vape-Wholesale.jpg\" alt=\"Vienreiz\u0113jais vape vairumtirdzniec\u012bba\" width=\"229\" height=\"300\" \/><\/p>\n<h3><a href=\"https:\/\/wa.me\/8617776015835\" target=\"_blank\" rel=\"noopener\"><span style=\"color: #ff0000\"><strong>WhatsApp: +86 17776015835<\/strong><\/span><\/a><\/h3>\n<p>&nbsp;<\/p>\n<h2><\/h2>\n<h2><strong>Vairumtirdzniec\u012bba <\/strong><strong>Vape Lavande BM 18000 dvesmas <\/strong><strong>Galven\u0101s iez\u012bmes<\/strong><\/h2>\n<p>Iepild\u012bta ietilp\u012bba: 24 ml Akumulatora<br \/>\nIetilp\u012bba: 650 mAh<br \/>\nMaksim\u0101l\u0101s dvesmas: 18000<br \/>\nDarb\u012bba: Aktiviz\u0113jas ar ievilk\u0161anu<br \/>\nSildelements: 6x t\u012bklveida spoles<br \/>\nDispleja ekr\u0101ns: 3,0 collu Full HD Mega ekr\u0101ns<br \/>\nUzl\u0101des veids: USB Type-C<br \/>\nRe\u017e\u012bmu veidi: norm\u0101lais re\u017e\u012bms, pastiprin\u0101\u0161anas re\u017e\u012bms<br \/>\nDispleja vad\u012bbas iestat\u012bjumu komandas<\/p>\n<figure id=\"attachment_2645\" aria-describedby=\"caption-attachment-2645\" style=\"width: 800px\" class=\"wp-caption alignnone\"><img loading=\"lazy\" decoding=\"async\" class=\"wp-image-2645 size-full\" src=\"https:\/\/rmvapesale.com\/wp-content\/uploads\/2024\/11\/Lavande-BM18000-Hookah-Shisha-Vape.jpg\" alt=\"Lavande BM18000 \u016bdensp\u012bpes elektronisk\u0101 cigarete\" width=\"800\" height=\"800\" srcset=\"https:\/\/rmvapesale.com\/wp-content\/uploads\/2024\/11\/Lavande-BM18000-Hookah-Shisha-Vape.jpg 800w, https:\/\/rmvapesale.com\/wp-content\/uploads\/2024\/11\/Lavande-BM18000-Hookah-Shisha-Vape-300x300.jpg 300w, https:\/\/rmvapesale.com\/wp-content\/uploads\/2024\/11\/Lavande-BM18000-Hookah-Shisha-Vape-150x150.jpg 150w, https:\/\/rmvapesale.com\/wp-content\/uploads\/2024\/11\/Lavande-BM18000-Hookah-Shisha-Vape-768x768.jpg 768w, https:\/\/rmvapesale.com\/wp-content\/uploads\/2024\/11\/Lavande-BM18000-Hookah-Shisha-Vape-600x600.jpg 600w, https:\/\/rmvapesale.com\/wp-content\/uploads\/2024\/11\/Lavande-BM18000-Hookah-Shisha-Vape-100x100.jpg 100w\" sizes=\"auto, (max-width: 800px) 100vw, 800px\" \/><figcaption id=\"caption-attachment-2645\" class=\"wp-caption-text\">Lavande BM18000 \u016bdensp\u012bpes elektronisk\u0101 cigarete<\/figcaption><\/figure>\n<h2><strong>Popul\u0101r\u0101kais arom\u0101ts Lavande BM 18000 dvesmu \u016bdensp\u012bpes vairumtirdzniec\u012bbai<\/strong><\/h2>\n<p>1. Arb\u016bzs un avenes <span style=\"color: #ff0000\"><strong>&gt;&gt;&gt;&gt; Karsti!<\/strong><\/span><br \/>\n2. Arb\u016bza ledus<br \/>\n3. Varav\u012bksnes Skittz<br \/>\n4. Anan\u0101su ledus<br \/>\n5. Zeme\u0146u ledus<br \/>\n6. Persiku ledus<br \/>\n7. Mr. Blue <span style=\"color: #ff0000\"><strong>&gt;&gt;&gt;&gt; Karsti!<\/strong><\/span><br \/>\n8. Mango ledus<br \/>\n9. Mango P\u016b\u0137a auglis<br \/>\n10. Love 66 <span style=\"color: #ff0000\"><strong>&gt;&gt;&gt;&gt; Karsti!<\/strong><\/span><br \/>\n11. Citronu piparm\u0113tra<br \/>\n12. V\u012bnogu piparm\u0113tra<br \/>\n13. Divk\u0101r\u0161\u0101 v\u012bnogu gar\u0161a <span style=\"color: #ff0000\"><strong>&gt;&gt;&gt;&gt; Viss lab\u0101kais!<\/strong><\/span><br \/>\n14. Divk\u0101r\u0161\u0101 \u0101bolu gar\u0161a<br \/>\n15. Ko\u0161\u013c\u0101jam\u0101 arb\u016bzu gar\u0161a<br \/>\n16. Ogu un piparm\u0113tru gar\u0161a<br \/>\n17. Melno j\u0101\u0146ogu ledus gar\u0161a<br \/>\n18. Melle\u0146u ledus gar\u0161a<br \/>\n19. Melle\u0146u un piparm\u0113tru gar\u0161a<br \/>\n20. Ko\u0161\u013c\u0101jam\u0101 piparm\u0113tru gar\u0161a<\/p>\n<h3><strong>K\u0101p\u0113c izv\u0113l\u0113ties Rmvapesale elektronisko cigare\u0161u vairumtirdzniec\u012bbai<\/strong><strong>?<\/strong><\/h3>\n<div class=\"flex-shrink-0 flex flex-col relative items-end\">\n<div class=\"pt-0\">\n<div class=\"gizmo-bot-avatar flex h-8 w-8 items-center justify-center overflow-hidden rounded-full\">\n<div class=\"relative p-1 rounded-sm flex items-center justify-center bg-token-main-surface-primary text-token-text-primary h-8 w-8\">\n<p>Kad izv\u0113laties Rmvapesale sav\u0101m vairumtirdzniec\u012bbas vienreiz\u0113j\u0101s lieto\u0161anas e-cigare\u0161u vajadz\u012bb\u0101m, j\u016bs ieg\u016bstat \u0161\u0101das priek\u0161roc\u012bbas:<\/p>\n<ul>\n<li><strong>Konkur\u0113tsp\u0113j\u012bga cena<\/strong>Ieg\u016bstiet pieeju pievilc\u012bg\u0101m vairumtirdzniec\u012bbas cen\u0101m, kas palielina j\u016bsu biznesa pe\u013c\u0146u.<\/li>\n<li><strong>Augsta kvalit\u0101te<\/strong>M\u016bsu vape ir izstr\u0101d\u0101tas atbilsto\u0161i augst\u0101kajiem standartiem, un <span style=\"color: #ff0000\"><strong>Garant\u0113ti 100% ori\u0123in\u0101li un autentiski, pret\u0113j\u0101 gad\u012bjum\u0101 par viltot\u0101m prec\u0113m tiks nodro\u0161in\u0101ta 10 reizes liel\u0101ka kompens\u0101cija!<\/strong><\/span><\/li>\n<li><strong>Izcils klientu serviss<\/strong>M\u016bsu \u012bpa\u0161\u0101 komanda vienm\u0113r ir gatava jums pal\u012bdz\u0113t, padarot j\u016bsu pirk\u0161anas procesu vienk\u0101r\u0161u un \u0113rtu.<\/li>\n<li><strong>\u0100tra<\/strong>: Sagaidiet \u0101tru un uzticamu pieg\u0101di, kas nodro\u0161ina, ka j\u016bsu pas\u016bt\u012bjumi vienm\u0113r tiek pieg\u0101d\u0101ti laik\u0101.<\/li>\n<\/ul>\n<\/div>\n<h3><\/h3>\n<div class=\"relative p-1 rounded-sm flex items-center justify-center bg-token-main-surface-primary text-token-text-primary h-8 w-8\">\n<h3><b>Vienreizlietojam\u0101s \u016bdensp\u012bpes vairumtirdzniec\u012bbas elektronisk\u0101s cigaretes Lavande BM18000 bie\u017ei uzdotie jaut\u0101jumi\u00a0<\/b><\/h3>\n<\/div>\n<h3><\/h3>\n<ol>\n<li><strong>Cik daudz dvesmu ir Lavande BM18000 vienreizlietojam\u0101 \u016bdensp\u012bpes b\u0101r\u0101?<\/strong><br \/>\nLavande BM18000 nodro\u0161ina l\u012bdz 18 000 dvesmu, pied\u0101v\u0101jot ilgsto\u0161u lieto\u0161anu bez nepiecie\u0161am\u012bbas bie\u017ei nomain\u012bt ier\u012bci.<\/li>\n<li><strong>K\u0101ds ir Lavande BM18000 nikot\u012bna stiprums?<\/strong><br \/>\nLavande BM18000 ir pieejams ar da\u017e\u0101diem nikot\u012bna stiprumiem, lai apmierin\u0101tu da\u017e\u0101das v\u0113lmes. Tom\u0113r konkr\u0113tie nikot\u012bna l\u012bme\u0146i var at\u0161\u0137irties atkar\u012bb\u0101 no gar\u0161as un partijas. Ieteicams p\u0101rbaud\u012bt iepakojumu vai produkta aprakstu, lai ieg\u016btu prec\u012bzu inform\u0101ciju.<\/li>\n<li><strong>K\u0101 es varu zin\u0101t, ka manai Lavande BM18000 vienreizlietojamajai elektroniskajai cigaretei ir zems akumulatora l\u012bmenis?<\/strong><br \/>\nLavande BM18000 ir apr\u012bkots ar 3,0 collu Full HD Mega displeja ekr\u0101nu, kas skaidri par\u0101da akumulatora statusu. Ja akumulatora ikona uz ekr\u0101na r\u0101da zemu l\u012bmeni vai ier\u012bce vairs neefekt\u012bvi ra\u017eo tvaikus, ir pien\u0101cis laiks to uzl\u0101d\u0113t, izmantojot USB Type-C l\u0101d\u0113t\u0101ju.<\/li>\n<li><strong>Kur es varu ieg\u0101d\u0101ties elektronisk\u0101s cigaretes par vairumtirdzniec\u012bbas cen\u0101m?<\/strong><br \/>\nJ\u016bs varat ieg\u0101d\u0101ties Lavande BM18000 un citas vienreizlietojam\u0101s elektronisk\u0101s cigaretes par vairumtirdzniec\u012bbas cen\u0101m no uzticamiem pieg\u0101d\u0101t\u0101jiem, kas specializ\u0113jas <strong>veipu vairumtirdzniec\u012bbai<\/strong>. Mekl\u0113jiet uzticamas tie\u0161saistes platformas vai sazinieties ar izplat\u012bt\u0101jiem, kas pied\u0101v\u0101 <strong>vairumtirdzniec\u012bbas veipu<\/strong> lai ieg\u016btu konkur\u0113tsp\u0113j\u012bgas lielapjoma cenas un nodro\u0161in\u0101tu produkta kvalit\u0101ti.<\/li>\n<\/ol>\n<\/div>\n<\/div>\n<\/div>\n<h3>Par s\u016bt\u012bjumu<\/h3>\n<div class=\"flex-shrink-0 flex flex-col relative items-end\">\n<div>\n<div class=\"pt-0\">\n<div class=\"gizmo-bot-avatar flex h-8 w-8 items-center justify-center overflow-hidden rounded-full\">\n<div><\/div>\n<div class=\"relative p-1 rounded-sm flex items-center justify-center bg-token-main-surface-primary text-token-text-primary h-8 w-8\"><strong>1. K\u0101das pieg\u0101des metodes tiek izmantotas?<\/strong><\/div>\n<\/div>\n<\/div>\n<\/div>\n<\/div>\n<div class=\"group\/conversation-turn relative flex w-full min-w-0 flex-col agent-turn\">\n<div class=\"flex-col gap-1 md:gap-3\">\n<div class=\"flex max-w-full flex-col flex-grow\">\n<div class=\"min-h-[20px] text-message flex w-full flex-col items-end gap-2 whitespace-normal break-words [.text-message+&amp;]:mt-5 overflow-x-auto\" dir=\"auto\" data-message-author-role=\"assistant\" data-message-id=\"22f8283b-3233-46ff-89a5-c7a41b33abda\">\n<div class=\"flex w-full flex-col gap-1 empty:hidden first:pt-[3px]\">\n<div class=\"markdown prose w-full break-words dark:prose-invert light\">\n<p>M\u0113s sadarbojamies ar UPS, DHL, FedEx, DPD un citiem vado\u0161ajiem p\u0101rvad\u0101t\u0101jiem. M\u0113s izv\u0113l\u0113simies lab\u0101ko pieg\u0101des veidu, pamatojoties uz j\u016bsu pieg\u0101des vietu, lai nodro\u0161in\u0101tu, ka j\u016bs sa\u0146emat savus produktus p\u0113c iesp\u0113jas \u0101tr\u0101k.<\/p>\n<\/div>\n<p><strong>2. Cik ilgs laiks paiet, l\u012bdz tas pien\u0101k?<\/strong><\/p>\n<p>Pieg\u0101des uz Latviju parasti ierodas 10 darba dienu laik\u0101. Pieg\u0101de uz Eiropas valst\u012bm parasti aiz\u0146em apm\u0113ram 12-15 darba dienas. M\u0113s nodro\u0161in\u0101sim re\u0101llaika atjaunin\u0101jumus par j\u016bsu pieg\u0101des statusu.<\/p>\n<\/div>\n<\/div>\n<\/div>\n<\/div>\n<\/div>\n<p>&nbsp;<\/p>\n<p>Citi popul\u0101ri vape, kas jums var\u0113tu patikt:<\/p>\n<p><a href=\"https:\/\/rmvapesale.com\/lv\/product\/full-screen-disposable-vape-hzko-supernova-30000-puffs-wholesale\/\"><strong>HZKO Supernova 25000 dvesmas\u00a0 \u00a0<span style=\"color: #ff0000\">&gt;&gt;&gt;&gt; uz priek\u0161u!<\/span><\/strong><\/a><\/p>\n<p><strong><a href=\"https:\/\/rmvapesale.com\/lv\/product\/bang-vape-12000-puff-rechargeable-disposable-vape-wholesale\/\">Bang 12000 vape <span style=\"color: #ff0000\">&gt;&gt;&gt;&gt; uz priek\u0161u!<\/span><\/a>\u00a0<\/strong><\/p>\n<p><a href=\"https:\/\/rmvapesale.com\/lv\/product\/puff-vape-cold-mountain-alps-30000-shisha-hookah-bar-wholesale\/\"><strong>Auksto kalnu Alpi 30000 dvesmas <span style=\"color: #ff0000\">&gt;&gt;&gt;&gt; uz priek\u0161u!<\/span><\/strong><\/a><\/p>\n<p>&nbsp;<\/p>\n<p>&nbsp;<\/p>\n<p>Atrodiet vair\u0101k Vape produktu, kas jums var\u0113tu patikt:<strong><em><a href=\"https:\/\/rmvapesale.com\/lv\/shop-2\/\">iepirkties tagad &gt;&gt;&gt;<\/a><\/em><\/strong><\/p>","protected":false},"excerpt":{"rendered":"<p>Lavande BM18000 Puffs Shisha Vape vairumtirdzniec\u012bba<br \/>\nLavande BM 18000 Puffs Shisha vienreiz\u0113j\u0101s lieto\u0161anas Vape<br \/>\nL\u0113ti vienreiz\u0113j\u0101s lieto\u0161anas Vape vairumtirdzniec\u012bb\u0101 Lavande BM 18000 Puffs<br \/>\n<span style=\"color: #ff0000\">(Pieg\u0101de no ES noliktavas un aiz\u0146em apm\u0113ram 3-7 dienas, lai non\u0101ktu liel\u0101kaj\u0101 da\u013c\u0101 Eiropas valstu, piem\u0113ram, N\u012bderland\u0113, Francij\u0101, It\u0101lij\u0101, Sp\u0101nij\u0101, \u0160veic\u0113, Zviedrij\u0101, Polij\u0101 utt.)<\/span><\/p>\n<p><img loading=\"lazy\" decoding=\"async\" class=\"size-full wp-image-2375\" src=\"https:\/\/rmvapesale.com\/wp-content\/uploads\/2024\/10\/image.png\" alt=\"Lab\u0101kais vienreiz\u0113jais vape\" width=\"229\" height=\"300\" \/><\/p>\n<h3><a href=\"https:\/\/wa.me\/8617776015835\"><span style=\"color: #ff0000\"><strong>WhatsApp: +86 17776015835<\/strong><\/span><\/a><\/h3>\n<p>&nbsp;<\/p>","protected":false},"featured_media":2646,"comment_status":"open","ping_status":"closed","template":"","meta":{"_uag_custom_page_level_css":"","_lmt_disableupdate":"no","_lmt_disable":"","site-sidebar-layout":"default","site-content-layout":"content-boxed-container","ast-site-content-layout":"normal-width-container","site-content-style":"boxed","site-sidebar-style":"unboxed","ast-global-header-display":"","ast-banner-title-visibility":"","ast-main-header-display":"","ast-hfb-above-header-display":"","ast-hfb-below-header-display":"","ast-hfb-mobile-header-display":"","site-post-title":"","ast-breadcrumbs-content":"","ast-featured-img":"","footer-sml-layout":"","ast-disable-related-posts":"","theme-transparent-header-meta":"default","adv-header-id-meta":"","stick-header-meta":"","header-above-stick-meta":"","header-main-stick-meta":"","header-below-stick-meta":"","astra-migrate-meta-layouts":"set","ast-page-background-enabled":"default","ast-page-background-meta":{"desktop":{"background-color":"var(--ast-global-color-4)","background-image":"","background-repeat":"repeat","background-position":"center center","background-size":"auto","background-attachment":"scroll","background-type":"","background-media":"","overlay-type":"","overlay-color":"","overlay-opacity":"","overlay-gradient":""},"tablet":{"background-color":"","background-image":"","background-repeat":"repeat","background-position":"center center","background-size":"auto","background-attachment":"scroll","background-type":"","background-media":"","overlay-type":"","overlay-color":"","overlay-opacity":"","overlay-gradient":""},"mobile":{"background-color":"","background-image":"","background-repeat":"repeat","background-position":"center center","background-size":"auto","background-attachment":"scroll","background-type":"","background-media":"","overlay-type":"","overlay-color":"","overlay-opacity":"","overlay-gradient":""}},"ast-content-background-meta":{"desktop":{"background-color":"var(--ast-global-color-5)","background-image":"","background-repeat":"repeat","background-position":"center center","background-size":"auto","background-attachment":"scroll","background-type":"","background-media":"","overlay-type":"","overlay-color":"","overlay-opacity":"","overlay-gradient":""},"tablet":{"background-color":"var(--ast-global-color-5)","background-image":"","background-repeat":"repeat","background-position":"center center","background-size":"auto","background-attachment":"scroll","background-type":"","background-media":"","overlay-type":"","overlay-color":"","overlay-opacity":"","overlay-gradient":""},"mobile":{"background-color":"var(--ast-global-color-5)","background-image":"","background-repeat":"repeat","background-position":"center center","background-size":"auto","background-attachment":"scroll","background-type":"","background-media":"","overlay-type":"","overlay-color":"","overlay-opacity":"","overlay-gradient":""}},"_joinchat":[]},"product_brand":[],"product_cat":[15,27,25,195,123,30,26,28,137,136,135],"product_tag":[188,200,167,197,165,180,154,196,120],"class_list":{"0":"post-2652","1":"product","2":"type-product","3":"status-publish","4":"has-post-thumbnail","6":"product_cat-new-vape-this-week","7":"product_cat-fance-hot-sale-vape","8":"product_cat-germany-best-selling-vape","9":"product_cat-germany-warehouse","10":"product_cat-italy-wholesale-vape","11":"product_cat-minimum-order-quantity-50pcs","12":"product_cat-netherlands-hot-sale-vape","13":"product_cat-poland-hot-sale-vape","14":"product_cat-rechargeable-vapes","15":"product_cat-smart-screen-vapes","16":"product_cat-spain-best-hot-sale-vape","17":"product_tag-buy-vapes-online","18":"product_tag-disposable-hookah-wholesale","19":"product_tag-disposable-vape-with-screen","20":"product_tag-germany-hot-sale-vape","21":"product_tag-rechargeable-vapes","22":"product_tag-shisha-bar","23":"product_tag-smart-vape","24":"product_tag-vape-shop","25":"product_tag-vape-wholesale","26":"desktop-align-left","27":"tablet-align-left","28":"mobile-align-left","30":"first","31":"instock","32":"sale","33":"shipping-taxable","34":"purchasable","35":"product-type-simple"},"uagb_featured_image_src":{"full":["https:\/\/rmvapesale.com\/wp-content\/uploads\/2024\/11\/Lavande-BM18000-Puffs-Shisha-monouso-Vape.jpg",800,800,false],"thumbnail":["https:\/\/rmvapesale.com\/wp-content\/uploads\/2024\/11\/Lavande-BM18000-Puffs-Shisha-monouso-Vape-150x150.jpg",150,150,true],"medium":["https:\/\/rmvapesale.com\/wp-content\/uploads\/2024\/11\/Lavande-BM18000-Puffs-Shisha-monouso-Vape-300x300.jpg",300,300,true],"medium_large":["https:\/\/rmvapesale.com\/wp-content\/uploads\/2024\/11\/Lavande-BM18000-Puffs-Shisha-monouso-Vape-768x768.jpg",768,768,true],"large":["https:\/\/rmvapesale.com\/wp-content\/uploads\/2024\/11\/Lavande-BM18000-Puffs-Shisha-monouso-Vape.jpg",800,800,false],"1536x1536":["https:\/\/rmvapesale.com\/wp-content\/uploads\/2024\/11\/Lavande-BM18000-Puffs-Shisha-monouso-Vape.jpg",800,800,false],"2048x2048":["https:\/\/rmvapesale.com\/wp-content\/uploads\/2024\/11\/Lavande-BM18000-Puffs-Shisha-monouso-Vape.jpg",800,800,false],"trp-custom-language-flag":["https:\/\/rmvapesale.com\/wp-content\/uploads\/2024\/11\/Lavande-BM18000-Puffs-Shisha-monouso-Vape.jpg",12,12,false],"woocommerce_thumbnail":["https:\/\/rmvapesale.com\/wp-content\/uploads\/2024\/11\/Lavande-BM18000-Puffs-Shisha-monouso-Vape-300x300.jpg",300,300,true],"woocommerce_single":["https:\/\/rmvapesale.com\/wp-content\/uploads\/2024\/11\/Lavande-BM18000-Puffs-Shisha-monouso-Vape-600x600.jpg",600,600,true],"woocommerce_gallery_thumbnail":["https:\/\/rmvapesale.com\/wp-content\/uploads\/2024\/11\/Lavande-BM18000-Puffs-Shisha-monouso-Vape-100x100.jpg",100,100,true],"wcpr-photo-reviews":["https:\/\/rmvapesale.com\/wp-content\/uploads\/2024\/11\/Lavande-BM18000-Puffs-Shisha-monouso-Vape.jpg",500,500,false]},"uagb_author_info":{"display_name":"AMY","author_link":"https:\/\/rmvapesale.com\/lv\/author\/"},"uagb_comment_info":0,"uagb_excerpt":"Lavande BM18000 Puffs Shisha Vape Wholesale Lavande BM 18000 Puffs Shisha monouso Vape Wholesale Cheap Disposable Vapes Lavande BM 18000 Puffs (Ship from EU warehouse and takes about 3-7 days\u00a0 to get arrive to most Europe countries like Netherlands, France, Italy, Spain, Switzerland, Sweden, Poland, etc. ) WhatsApp: +86 17776015835 &nbsp;","_links":{"self":[{"href":"https:\/\/rmvapesale.com\/lv\/wp-json\/wp\/v2\/product\/2652","targetHints":{"allow":["GET"]}}],"collection":[{"href":"https:\/\/rmvapesale.com\/lv\/wp-json\/wp\/v2\/product"}],"about":[{"href":"https:\/\/rmvapesale.com\/lv\/wp-json\/wp\/v2\/types\/product"}],"replies":[{"embeddable":true,"href":"https:\/\/rmvapesale.com\/lv\/wp-json\/wp\/v2\/comments?post=2652"}],"wp:featuredmedia":[{"embeddable":true,"href":"https:\/\/rmvapesale.com\/lv\/wp-json\/wp\/v2\/media\/2646"}],"wp:attachment":[{"href":"https:\/\/rmvapesale.com\/lv\/wp-json\/wp\/v2\/media?parent=2652"}],"wp:term":[{"taxonomy":"product_brand","embeddable":true,"href":"https:\/\/rmvapesale.com\/lv\/wp-json\/wp\/v2\/product_brand?post=2652"},{"taxonomy":"product_cat","embeddable":true,"href":"https:\/\/rmvapesale.com\/lv\/wp-json\/wp\/v2\/product_cat?post=2652"},{"taxonomy":"product_tag","embeddable":true,"href":"https:\/\/rmvapesale.com\/lv\/wp-json\/wp\/v2\/product_tag?post=2652"}],"curies":[{"name":"wp","href":"https:\/\/api.w.org\/{rel}","templated":true}]}}