{"id":2661,"date":"2024-11-04T06:37:48","date_gmt":"2024-11-04T06:37:48","guid":{"rendered":"https:\/\/rmvapesale.com\/?post_type=product&#038;p=2661"},"modified":"2024-11-04T07:54:04","modified_gmt":"2024-11-04T07:54:04","slug":"vopk-shisha-bar-20000-puffs-low-nicotine-rechargeable-disposable-vape-pen","status":"publish","type":"product","link":"https:\/\/rmvapesale.com\/lv\/product\/vopk-shisha-bar-20000-puffs-low-nicotine-rechargeable-disposable-vape-pen\/","title":{"rendered":"VOPK \u0160i\u0161as B\u0100RS 20000 dvesmas ar zemu nikot\u012bna saturu, atk\u0101rtoti uzl\u0101d\u0113jama vienreiz\u0113j\u0101s lieto\u0161anas vape pildspalva"},"content":{"rendered":"<div class=\"B2VR9 CJHX3e\">\n<div class=\"wyccme\">\n<h1 class=\"LC20lb MBeuO DKV0Md\">VOPK \u0160i\u0161as B\u0100RS 20000 dvesmas ar zemu nikot\u012bna saturu, atk\u0101rtoti uzl\u0101d\u0113jama vienreiz\u0113j\u0101s lieto\u0161anas vape pildspalva<\/h1>\n<div class=\"flex-shrink-0 flex flex-col relative items-end\">\n<div class=\"pt-0\">\n<div class=\"gizmo-bot-avatar flex h-8 w-8 items-center justify-center overflow-hidden rounded-full\">\n<div class=\"relative p-1 rounded-sm flex items-center justify-center bg-token-main-surface-primary text-token-text-primary h-8 w-8\">\n<p>Iepaz\u012bstin\u0101m ar <strong>VOPK \u0160i\u0161as B\u0100RS 20000 dvesmas ar zemu nikot\u012bna saturu, atk\u0101rtoti uzl\u0101d\u0113jama vienreiz\u0113j\u0101s lieto\u0161anas vape pildspalva<\/strong>, gal\u012bg\u0101 izv\u0113le shisha un vape entuziastiem, kas mekl\u0113 izcilu kvalit\u0101ti un veiktsp\u0113ju. \u0160is inovat\u012bvais ier\u012bces pied\u0101v\u0101 iev\u0113rojamu <strong>20000 puffs<\/strong>, nodro\u0161inot ilg\u0101ku vaping pieredzi bez past\u0101v\u012bgas nomai\u0146as ne\u0113rt\u012bb\u0101m.<\/p>\n<p>Izstr\u0101d\u0101ts, lai apmierin\u0101tu da\u017e\u0101das v\u0113lmes, <strong>VOPK Shisha BAR<\/strong> ir apr\u012bkots ar <strong>regul\u0113jamiem nikot\u012bna variantiem<\/strong> of <strong>0%, 2%, 3% un 5%<\/strong>, \u013caujot piel\u0101got savu nikot\u012bna l\u012bmeni. Lielais <strong>28ML e-\u0161\u0137idruma ietilp\u012bba<\/strong> nodro\u0161ina ilg\u0101ku vaping ar maz\u0101k\u0101m uzpild\u0113m, kam\u0113r <strong>850 mAh uzl\u0101d\u0113jams akumulators<\/strong> savienots p\u0101r\u012b ar <strong>C tipa uzl\u0101des<\/strong> garant\u0113 efekt\u012bvas un \u0101tras uzl\u0101des, padarot to ide\u0101lu tiem, kas vienm\u0113r ir kust\u012bb\u0101.<\/p>\n<p>\u0160is <strong>VOPK Shisha BAR<\/strong> apvieno lab\u0101ko no ab\u0101m pasaul\u0113m: tradicion\u0101lo <strong>\u016bdensp\u012bpes b\u0101rs<\/strong> gar\u0161u un m\u016bsdienu vaping tehnolo\u0123iju. T\u0101s elegantais un p\u0101rn\u0113s\u0101jamais dizains padara to ide\u0101lu lieto\u0161anai jebkur, vai tas b\u016btu shisha b\u0101rs vai ce\u013c\u0101. Ar da\u017e\u0101d\u0101m spilgt\u0101m gar\u0161\u0101m un uzticamu veiktsp\u0113ju, nav br\u012bnums, ka <strong>VOPK<\/strong> izce\u013cas starp <strong>popul\u0101r\u0101kaj\u0101m vape z\u012bmoliem<\/strong> un ir \u013coti piepras\u012bts p\u0113c <strong>vairumtirdzniec\u012bbas veipu<\/strong>.<\/p>\n<p>Tiem, kas v\u0113las izbaud\u012bt bag\u0101t\u012bgo kult\u016bru no <strong>\u0161\u012b\u0161a p\u012bpes<\/strong> kam\u0113r izbauda \u0113rt\u012bbas no <strong>uzl\u0101d\u0113jams vienreiz\u0113j\u0101s lieto\u0161anas vape<\/strong>, tad <strong>VOPK \u0160\u012b\u0161a B\u0101rs 20000<\/strong> ir j\u016bsu ide\u0101lais kompanjons. Uzziniet, k\u0101p\u0113c \u0161is ier\u012bces rada vi\u013c\u0146us tirg\u016b par <strong>vienreiz\u0113j\u0101s lieto\u0161anas veipu z\u012bmoliem<\/strong> un pie\u0146emiet premium pieredzi, kas liks jums atgriezties v\u0113lreiz. Ieg\u0101d\u0101jieties savu no <strong>vienreiz\u0113j\u0101s lieto\u0161anas veipi tie\u0161saist\u0113<\/strong> vai ieg\u0101d\u0101jieties liel\u0101ku daudzumu savam <strong>\u016bdensp\u012bpes b\u0101rs<\/strong> ar <strong>Vienreiz\u0113j\u0101s lieto\u0161anas \u016bdensp\u012bpes vairumtirdzniec\u012bba<\/strong> izv\u0113lei \u0161odien!<\/p>\n<p>Gatavojieties ienirt izsmalcin\u0101t\u0101 gar\u0161u un snieguma pasaul\u0113 ar <strong>VOPK \u0160\u012b\u0161a B\u0101rs 20000 Puffs<\/strong> \u2014 j\u016bsu gal\u012bg\u0101 izv\u0113le pasaul\u0113 ar <strong>20000 puffs vape<\/strong>.<\/p>\n<\/div>\n<\/div>\n<\/div>\n<\/div>\n<\/div>\n<\/div>\n<p><strong>Sazinieties ar Eimiju, lai ieg\u016btu pareizo atbildi un veipu kuponu!<\/strong><\/p>\n<p><img loading=\"lazy\" decoding=\"async\" class=\"size-full wp-image-1978\" src=\"https:\/\/rmvapesale.com\/wp-content\/uploads\/2024\/09\/Disposable-Vape-Wholesale.jpg\" alt=\"Vienreiz\u0113jais vape vairumtirdzniec\u012bba\" width=\"229\" height=\"300\" \/><\/p>\n<h3><a href=\"https:\/\/wa.me\/8617776015835\" target=\"_blank\" rel=\"noopener\"><span style=\"color: #ff0000\"><strong>WhatsApp: +86 17776015835<\/strong><\/span><\/a><\/h3>\n<p>&nbsp;<\/p>\n<h2><\/h2>\n<h2><strong>VOPK \u0160\u012b\u0161a B\u0101rs 20000 Uzl\u0101d\u0113jama Vienreizlietojama Vape <\/strong><strong>Galven\u0101s iez\u012bmes<\/strong><\/h2>\n<p>Iepriek\u0161pild\u012bta 28ml E-\u0161\u0137idruma<br \/>\n, nodro\u0161inot ilgsto\u0161u tvaic\u0113\u0161anas sesiju ar maz\u0101kiem p\u0101rtraukumiem.<br \/>\nP\u016b\u0161u skaits: Aptuveni 20000 P\u016b\u0161us<br \/>\n0% 2% 5% Nikot\u012bna stiprums<br \/>\nUSB Type-C uzl\u0101de (nav iek\u013cauta)<br \/>\nLED displejs gudrs ekr\u0101ns<br \/>\nMTL tvaic\u0113\u0161ana<\/p>\n<figure id=\"attachment_2653\" aria-describedby=\"caption-attachment-2653\" style=\"width: 800px\" class=\"wp-caption alignnone\"><img loading=\"lazy\" decoding=\"async\" class=\"wp-image-2653 size-full\" src=\"https:\/\/rmvapesale.com\/wp-content\/uploads\/2024\/11\/VOPK-Shisha-BAR-20000-Low-Nicotine-Disposable-Vape.jpg\" alt=\"VOPK \u0160\u012b\u0161a B\u0101rs 20000 Zema nikot\u012bna vienreizlietojama vape\" width=\"800\" height=\"799\" srcset=\"https:\/\/rmvapesale.com\/wp-content\/uploads\/2024\/11\/VOPK-Shisha-BAR-20000-Low-Nicotine-Disposable-Vape.jpg 800w, https:\/\/rmvapesale.com\/wp-content\/uploads\/2024\/11\/VOPK-Shisha-BAR-20000-Low-Nicotine-Disposable-Vape-300x300.jpg 300w, https:\/\/rmvapesale.com\/wp-content\/uploads\/2024\/11\/VOPK-Shisha-BAR-20000-Low-Nicotine-Disposable-Vape-150x150.jpg 150w, https:\/\/rmvapesale.com\/wp-content\/uploads\/2024\/11\/VOPK-Shisha-BAR-20000-Low-Nicotine-Disposable-Vape-768x767.jpg 768w, https:\/\/rmvapesale.com\/wp-content\/uploads\/2024\/11\/VOPK-Shisha-BAR-20000-Low-Nicotine-Disposable-Vape-600x599.jpg 600w, https:\/\/rmvapesale.com\/wp-content\/uploads\/2024\/11\/VOPK-Shisha-BAR-20000-Low-Nicotine-Disposable-Vape-100x100.jpg 100w\" sizes=\"auto, (max-width: 800px) 100vw, 800px\" \/><figcaption id=\"caption-attachment-2653\" class=\"wp-caption-text\">VOPK \u0160\u012b\u0161a B\u0101rs 20000 Zema nikot\u012bna vienreizlietojama vape<\/figcaption><\/figure>\n<h2><strong>Lab\u0101k\u0101 gar\u0161a priek\u0161 <\/strong><strong>VOPK \u0160\u012b\u0161a B\u0101rs 20000<\/strong><\/h2>\n<p>1.Mellenes uz ledus <span style=\"color: #ff0000\"><strong>&gt;&gt;&gt;&gt; Karsti!<\/strong><\/span><br \/>\n2. Zeme\u0146u kivi<br \/>\n3. Sajaukti ogu <span style=\"color: #ff0000\"><strong>&gt;&gt;&gt;&gt; Viss lab\u0101kais!<\/strong><\/span><br \/>\n4.Zeme\u0146u arb\u016bzs<br \/>\n5.Arb\u016bzu ledus<br \/>\n6. Persiku mango anan\u0101sas<br \/>\n7. Mellenes ave\u0146u<br \/>\n8. Zeme\u0146u ave\u0146u konfekte<br \/>\n9. Arb\u016bzs \u0137irsis <span style=\"color: #ff0000\"><strong>&gt;&gt;&gt;&gt; Karsti!<\/strong><\/span><br \/>\n10. Melno j\u0101\u0146u ledus<\/p>\n<figure id=\"attachment_2660\" aria-describedby=\"caption-attachment-2660\" style=\"width: 640px\" class=\"wp-caption alignnone\"><img loading=\"lazy\" decoding=\"async\" class=\"wp-image-2660 size-large\" src=\"https:\/\/rmvapesale.com\/wp-content\/uploads\/2024\/11\/VOPK-Shisha-Hookah-BAR-Disposable-Vape-Wholesale-640x1024.jpg\" alt=\"VOPK \u0160i\u0161a \u0160eika BAR Vienreiz\u0113j\u0101s lieto\u0161anas Vape Vairumtirdzniec\u012bba\" width=\"640\" height=\"1024\" srcset=\"https:\/\/rmvapesale.com\/wp-content\/uploads\/2024\/11\/VOPK-Shisha-Hookah-BAR-Disposable-Vape-Wholesale-640x1024.jpg 640w, https:\/\/rmvapesale.com\/wp-content\/uploads\/2024\/11\/VOPK-Shisha-Hookah-BAR-Disposable-Vape-Wholesale-188x300.jpg 188w, https:\/\/rmvapesale.com\/wp-content\/uploads\/2024\/11\/VOPK-Shisha-Hookah-BAR-Disposable-Vape-Wholesale-768x1229.jpg 768w, https:\/\/rmvapesale.com\/wp-content\/uploads\/2024\/11\/VOPK-Shisha-Hookah-BAR-Disposable-Vape-Wholesale-600x960.jpg 600w, https:\/\/rmvapesale.com\/wp-content\/uploads\/2024\/11\/VOPK-Shisha-Hookah-BAR-Disposable-Vape-Wholesale.jpg 800w\" sizes=\"auto, (max-width: 640px) 100vw, 640px\" \/><figcaption id=\"caption-attachment-2660\" class=\"wp-caption-text\">VOPK \u0160i\u0161a \u0160eika BAR Vienreiz\u0113j\u0101s lieto\u0161anas Vape Vairumtirdzniec\u012bba<\/figcaption><\/figure>\n<h3><strong>K\u0101p\u0113c izv\u0113l\u0113ties Rmvapesale priek\u0161 <\/strong><strong>VOPK \u0160i\u0161a \u0160eika BAR Vienreiz\u0113j\u0101s lieto\u0161anas V<\/strong><strong>ape Vairumtirdzniec\u012bba<\/strong><strong>?<\/strong><\/h3>\n<div class=\"flex-shrink-0 flex flex-col relative items-end\">\n<div class=\"pt-0\">\n<div class=\"gizmo-bot-avatar flex h-8 w-8 items-center justify-center overflow-hidden rounded-full\">\n<div class=\"relative p-1 rounded-sm flex items-center justify-center bg-token-main-surface-primary text-token-text-primary h-8 w-8\">\n<p>Laipni l\u016bdzam Rmvapesale, j\u016bsu uzticamaj\u0101 tvaiku veikal\u0101, kur\u0101 ir pieejami augst\u0101k\u0101s kvalit\u0101tes vienreizlietojamie tvaiki. Ar vair\u0101k nek\u0101 5 gadu pieredzi m\u0113s pied\u0101v\u0101jam jums t\u0101dus popul\u0101rus vienreizlietojamo tvaiku z\u012bmolus k\u0101 Al Fakher, <a href=\"https:\/\/rmvapesale.com\/lv\/product\/vapme-crystal-7000-puffs-rechargeable-disposable-vape-price\/\">Vapme<\/a>, <a href=\"https:\/\/rmvapesale.com\/lv\/product-category\/bang-vapes\/\">Bang Vape<\/a>, Waspe, <a href=\"https:\/\/rmvapesale.com\/lv\/product\/wga-crystal-pro-max-extra-15k-puffs-disposable-vape-wholesale\/\">WGA<\/a> Vape un<a href=\"https:\/\/rmvapesale.com\/lv\/product-category\/randm-fumot-vape\/\"> RandM Vape<\/a>.<\/p>\n<p>M\u016bsu kl\u0101st\u0101 ir t\u0101di popul\u0101ri tvaiki k\u0101 <a href=\"https:\/\/rmvapesale.com\/lv\/product\/fumot-digital-box-12000-disposable-vape-pink-lemonade-flavor\/\">RandM 12k<\/a> un gar\u0161\u0101m bag\u0101tas izv\u0113les, piem\u0113ram, <a href=\"https:\/\/rmvapesale.com\/lv\/product\/wga-crystal-plus-20000-puff-dual-flavour-disposable-vape\/\">cURL Too many subrequests.<\/a>. Katrs produkts tiek izv\u0113l\u0113ts, piev\u0113r\u0161ot uzman\u012bbu kvalit\u0101tei, v\u0113rt\u012bbai un daudzveid\u012bbai, nodro\u0161inot, ka j\u016bs atrad\u012bsiet sev piem\u0113rot\u0101ko. Atkl\u0101jiet izcilu servisu un pla\u0161u augst\u0101k\u0101s klases produktu kl\u0101stu Rmvapesale.<\/p>\n<\/div>\n<h3><\/h3>\n<div class=\"relative p-1 rounded-sm flex items-center justify-center bg-token-main-surface-primary text-token-text-primary h-8 w-8\">\n<h3><b>VOPK \u0160i\u0161a \u0160eika BAR 20000 Puffs Vape BUJAS<\/b><\/h3>\n<p><strong>1. K\u0101 es zinu, kad mans vienreizlietojamais vape ir tuk\u0161s?<\/strong><br \/>\nKad j\u016bsu <strong>VOPK \u0160\u012b\u0161a B\u0101rs 20000<\/strong> vienreiz\u0113j\u0101 vape ir gandr\u012bz iztuk\u0161ojusies ar e-\u0161\u0137idrumu, j\u016bs var\u0113tu paman\u012bt samazin\u0101tu tvaika ra\u017eo\u0161anu vai v\u0101j\u0101ku gar\u0161u. Ieb\u016bv\u0113tais <strong>viedo displeju<\/strong> uz ier\u012bces ar\u012b nor\u0101d\u012bs atliku\u0161\u0101 e-\u0161\u0137idruma l\u012bmeni. Ja ekr\u0101ns r\u0101da, ka e-\u0161\u0137idrums ir izsmelts, ir laiks nomain\u012bt vape.<\/p>\n<p><strong>2. Cik ilgs laiks nepiecie\u0161ams uzl\u0101d\u0113t VOPK Shisha 20000?<\/strong><br \/>\nUzl\u0101d\u0113jot j\u016bsu <strong>VOPK Shisha 20000<\/strong> parasti tas aiz\u0146em apm\u0113ram 1,5 l\u012bdz 2 stundas, izmantojot <strong>C tipa uzl\u0101des ports<\/strong>. P\u0101rliecinieties, ka izmantojat uzticamu l\u0101d\u0113t\u0101ju, lai nodro\u0161in\u0101tu dro\u0161u un efekt\u012bvu uzl\u0101di. Kad ier\u012bce ir piln\u012bb\u0101 uzl\u0101d\u0113ta, t\u0101 ir paredz\u0113ta ilgsto\u0161ai vaping sesijai.<\/p>\n<p><strong>3. Cik daudz nikot\u012bna ir VOPK Shisha p\u012bp\u0113t\u0101j\u0101 20000?<\/strong><br \/>\n\u0160is <strong>VOPK \u0160\u012b\u0161a B\u0101rs 20000<\/strong> ir ar regul\u0113jamu nikot\u012bna stipruma opcij\u0101m, \u013caujot izv\u0113l\u0113ties starp <strong>0%, 2%, 3% un 5% nikot\u012bnu<\/strong>. \u0160\u012b piel\u0101go\u0161ana nodro\u0161ina piln\u012bgu kontroli p\u0101r j\u016bsu nikot\u012bna uz\u0146em\u0161anu, padarot to piem\u0113rotu da\u017e\u0101d\u0101m v\u0113lm\u0113m.<\/p>\n<p><strong>4. Kur ieg\u0101d\u0101ties VOPK Shisha p\u012bp\u0113t\u0101ju 20000 Puff vairumtirdzniec\u012bbas cen\u0101s?<\/strong><br \/>\nJ\u016bs varat ieg\u0101d\u0101ties <strong>VOPK Shisha BAR 20000 Puff<\/strong> par vairumtirdzniec\u012bbas cen\u0101m no uzticamiem <strong>vairumtirdzniec\u012bbas tvaiku<\/strong> pieg\u0101d\u0101t\u0101jiem. Lai ieg\u016btu lab\u0101k\u0101s cenas, apmekl\u0113jiet uzticamus <strong>veikalu veipos<\/strong> vai p\u0101rbaudiet <strong>tie\u0161saistes platformas<\/strong> specializ\u0113joties <strong>vienreiz\u0113j\u0101s lieto\u0161anas elektronisk\u0101s cigaretes<\/strong> un <strong>veipu vairumtirdzniec\u012bbai<\/strong> iesp\u0113jas.<\/p>\n<p><strong>5. Vai es dr\u012bkstu \u0146emt vienreiz lietojamo veipu l\u012bdzi lidma\u0161\u012bn\u0101?<\/strong><br \/>\nJ\u0101, j\u016bs varat atnest savu <strong>VOPK \u0160\u012b\u0161a B\u0101rs 20000<\/strong> vienreizlietojama vape lidma\u0161\u012bn\u0101, bet ir j\u0101iev\u0113ro noteikumi. Ier\u012bci j\u0101nes j\u016bsu <strong>rokas bag\u0101\u017e\u0101<\/strong>, jo elektronisk\u0101s vape ier\u012bces parasti nav at\u013cautas re\u0123istr\u0113taj\u0101 bag\u0101\u017e\u0101. P\u0101rliecinieties, vai p\u0101rbaud\u0101t konkr\u0113to aviokomp\u0101nijas noteikumus un p\u0101rliecinieties, ka vape ir izsl\u0113gta lidojuma laik\u0101, lai nov\u0113rstu nejau\u0161u aktiviz\u0101ciju.<\/p>\n<\/div>\n<\/div>\n<\/div>\n<\/div>\n<h3>Par s\u016bt\u012bjumu<\/h3>\n<div class=\"flex-shrink-0 flex flex-col relative items-end\">\n<div>\n<div class=\"pt-0\">\n<div class=\"gizmo-bot-avatar flex h-8 w-8 items-center justify-center overflow-hidden rounded-full\">\n<div><\/div>\n<div class=\"relative p-1 rounded-sm flex items-center justify-center bg-token-main-surface-primary text-token-text-primary h-8 w-8\"><strong>1. K\u0101das pieg\u0101des metodes tiek izmantotas?<\/strong><\/div>\n<\/div>\n<\/div>\n<\/div>\n<\/div>\n<div class=\"group\/conversation-turn relative flex w-full min-w-0 flex-col agent-turn\">\n<div class=\"flex-col gap-1 md:gap-3\">\n<div class=\"flex max-w-full flex-col flex-grow\">\n<div class=\"min-h-[20px] text-message flex w-full flex-col items-end gap-2 whitespace-normal break-words [.text-message+&amp;]:mt-5 overflow-x-auto\" dir=\"auto\" data-message-author-role=\"assistant\" data-message-id=\"22f8283b-3233-46ff-89a5-c7a41b33abda\">\n<div class=\"flex w-full flex-col gap-1 empty:hidden first:pt-[3px]\">\n<div class=\"markdown prose w-full break-words dark:prose-invert light\">\n<p>M\u0113s sadarbojamies ar UPS, DHL, FedEx, DPD un citiem vado\u0161ajiem p\u0101rvad\u0101t\u0101jiem. M\u0113s izv\u0113l\u0113simies lab\u0101ko pieg\u0101des veidu, pamatojoties uz j\u016bsu pieg\u0101des vietu, lai nodro\u0161in\u0101tu, ka j\u016bs sa\u0146emat savus produktus p\u0113c iesp\u0113jas \u0101tr\u0101k.<\/p>\n<\/div>\n<p><strong>2. Cik ilgs laiks paiet, l\u012bdz tas pien\u0101k?<\/strong><\/p>\n<p>Pieg\u0101des uz Latviju parasti ierodas 10 darba dienu laik\u0101. Pieg\u0101de uz Eiropas valst\u012bm parasti aiz\u0146em apm\u0113ram 12-15 darba dienas. M\u0113s nodro\u0161in\u0101sim re\u0101llaika atjaunin\u0101jumus par j\u016bsu pieg\u0101des statusu.<\/p>\n<\/div>\n<\/div>\n<\/div>\n<\/div>\n<\/div>\n<p>&nbsp;<\/p>\n<p>Atrodiet vair\u0101k Vape produktu, kas jums var\u0113tu patikt:<strong><em><a href=\"https:\/\/rmvapesale.com\/lv\/shop-2\/\">iepirkties tagad &gt;&gt;&gt;<\/a><\/em><\/strong><\/p>","protected":false},"excerpt":{"rendered":"<p>VOPK Shisha Haka BAR Vairumtirdzniec\u012bba 20000 Puffs Lielapjoma Pirkums<br \/>\nVOPK Shisha BAR 20000 Puffs 0% 2% 3% 5% Zema Nikot\u012bna Vienreiz\u0113js Vape Vairumtirdzniec\u012bba<br \/>\nShisha Haka VOPK 20000 Puffs Lielapjoma Pirkums Uzl\u0101d\u0113jams Vienreiz\u0113js Vape<\/p>\n<p><img loading=\"lazy\" decoding=\"async\" class=\"size-full wp-image-2375\" src=\"https:\/\/rmvapesale.com\/wp-content\/uploads\/2024\/10\/image.png\" alt=\"Lab\u0101kais vienreiz\u0113jais vape\" width=\"229\" height=\"300\" \/><\/p>\n<h3><a href=\"https:\/\/wa.me\/8617776015835\"><span style=\"color: #ff0000\"><strong>WhatsApp: +86 17776015835<\/strong><\/span><\/a><\/h3>\n<p>&nbsp;<\/p>","protected":false},"featured_media":2657,"comment_status":"open","ping_status":"closed","template":"","meta":{"_uag_custom_page_level_css":"","_lmt_disableupdate":"no","_lmt_disable":"","site-sidebar-layout":"default","site-content-layout":"content-boxed-container","ast-site-content-layout":"normal-width-container","site-content-style":"boxed","site-sidebar-style":"unboxed","ast-global-header-display":"","ast-banner-title-visibility":"","ast-main-header-display":"","ast-hfb-above-header-display":"","ast-hfb-below-header-display":"","ast-hfb-mobile-header-display":"","site-post-title":"","ast-breadcrumbs-content":"","ast-featured-img":"","footer-sml-layout":"","theme-transparent-header-meta":"default","adv-header-id-meta":"","stick-header-meta":"","header-above-stick-meta":"","header-main-stick-meta":"","header-below-stick-meta":"","astra-migrate-meta-layouts":"set","ast-page-background-enabled":"default","ast-page-background-meta":{"desktop":{"background-color":"var(--ast-global-color-4)","background-image":"","background-repeat":"repeat","background-position":"center center","background-size":"auto","background-attachment":"scroll","background-type":"","background-media":"","overlay-type":"","overlay-color":"","overlay-opacity":"","overlay-gradient":""},"tablet":{"background-color":"","background-image":"","background-repeat":"repeat","background-position":"center center","background-size":"auto","background-attachment":"scroll","background-type":"","background-media":"","overlay-type":"","overlay-color":"","overlay-opacity":"","overlay-gradient":""},"mobile":{"background-color":"","background-image":"","background-repeat":"repeat","background-position":"center center","background-size":"auto","background-attachment":"scroll","background-type":"","background-media":"","overlay-type":"","overlay-color":"","overlay-opacity":"","overlay-gradient":""}},"ast-content-background-meta":{"desktop":{"background-color":"var(--ast-global-color-5)","background-image":"","background-repeat":"repeat","background-position":"center center","background-size":"auto","background-attachment":"scroll","background-type":"","background-media":"","overlay-type":"","overlay-color":"","overlay-opacity":"","overlay-gradient":""},"tablet":{"background-color":"var(--ast-global-color-5)","background-image":"","background-repeat":"repeat","background-position":"center center","background-size":"auto","background-attachment":"scroll","background-type":"","background-media":"","overlay-type":"","overlay-color":"","overlay-opacity":"","overlay-gradient":""},"mobile":{"background-color":"var(--ast-global-color-5)","background-image":"","background-repeat":"repeat","background-position":"center center","background-size":"auto","background-attachment":"scroll","background-type":"","background-media":"","overlay-type":"","overlay-color":"","overlay-opacity":"","overlay-gradient":""}},"_joinchat":[]},"product_brand":[],"product_cat":[15,25,123,26,28,135,27,137,136,30],"product_tag":[146,188,200,167,165,180,120],"class_list":{"0":"post-2661","1":"product","2":"type-product","3":"status-publish","4":"has-post-thumbnail","6":"product_cat-new-vape-this-week","7":"product_cat-germany-best-selling-vape","8":"product_cat-italy-wholesale-vape","9":"product_cat-netherlands-hot-sale-vape","10":"product_cat-poland-hot-sale-vape","11":"product_cat-spain-best-hot-sale-vape","12":"product_cat-fance-hot-sale-vape","13":"product_cat-rechargeable-vapes","14":"product_cat-smart-screen-vapes","15":"product_cat-minimum-order-quantity-50pcs","16":"product_tag-best-hot-sale-vape","17":"product_tag-buy-vapes-online","18":"product_tag-disposable-hookah-wholesale","19":"product_tag-disposable-vape-with-screen","20":"product_tag-rechargeable-vapes","21":"product_tag-shisha-bar","22":"product_tag-vape-wholesale","23":"desktop-align-left","24":"tablet-align-left","25":"mobile-align-left","27":"first","28":"instock","29":"sale","30":"shipping-taxable","31":"purchasable","32":"product-type-simple"},"uagb_featured_image_src":{"full":["https:\/\/rmvapesale.com\/wp-content\/uploads\/2024\/11\/VOPK-Shisha-Hookah-BAR-20000-Puff-Disposable-Vape.jpg",800,800,false],"thumbnail":["https:\/\/rmvapesale.com\/wp-content\/uploads\/2024\/11\/VOPK-Shisha-Hookah-BAR-20000-Puff-Disposable-Vape-150x150.jpg",150,150,true],"medium":["https:\/\/rmvapesale.com\/wp-content\/uploads\/2024\/11\/VOPK-Shisha-Hookah-BAR-20000-Puff-Disposable-Vape-300x300.jpg",300,300,true],"medium_large":["https:\/\/rmvapesale.com\/wp-content\/uploads\/2024\/11\/VOPK-Shisha-Hookah-BAR-20000-Puff-Disposable-Vape-768x768.jpg",768,768,true],"large":["https:\/\/rmvapesale.com\/wp-content\/uploads\/2024\/11\/VOPK-Shisha-Hookah-BAR-20000-Puff-Disposable-Vape.jpg",800,800,false],"1536x1536":["https:\/\/rmvapesale.com\/wp-content\/uploads\/2024\/11\/VOPK-Shisha-Hookah-BAR-20000-Puff-Disposable-Vape.jpg",800,800,false],"2048x2048":["https:\/\/rmvapesale.com\/wp-content\/uploads\/2024\/11\/VOPK-Shisha-Hookah-BAR-20000-Puff-Disposable-Vape.jpg",800,800,false],"trp-custom-language-flag":["https:\/\/rmvapesale.com\/wp-content\/uploads\/2024\/11\/VOPK-Shisha-Hookah-BAR-20000-Puff-Disposable-Vape.jpg",12,12,false],"woocommerce_thumbnail":["https:\/\/rmvapesale.com\/wp-content\/uploads\/2024\/11\/VOPK-Shisha-Hookah-BAR-20000-Puff-Disposable-Vape-300x300.jpg",300,300,true],"woocommerce_single":["https:\/\/rmvapesale.com\/wp-content\/uploads\/2024\/11\/VOPK-Shisha-Hookah-BAR-20000-Puff-Disposable-Vape-600x600.jpg",600,600,true],"woocommerce_gallery_thumbnail":["https:\/\/rmvapesale.com\/wp-content\/uploads\/2024\/11\/VOPK-Shisha-Hookah-BAR-20000-Puff-Disposable-Vape-100x100.jpg",100,100,true],"wcpr-photo-reviews":["https:\/\/rmvapesale.com\/wp-content\/uploads\/2024\/11\/VOPK-Shisha-Hookah-BAR-20000-Puff-Disposable-Vape.jpg",500,500,false]},"uagb_author_info":{"display_name":"AMY","author_link":"https:\/\/rmvapesale.com\/lv\/author\/"},"uagb_comment_info":0,"uagb_excerpt":"VOPK Shisha Hookah BAR Wholesale 20000 Puffs Bulk Buy VOPK Shisha BAR 20000 Puffs 0% 2% 3% 5% Low Nicotine Disposable Vape Wholesale Shisha Hookah VOPK 20000 Puffs Bulk Buy Rechargeable Disposable Vape WhatsApp: +86 17776015835 &nbsp;","_links":{"self":[{"href":"https:\/\/rmvapesale.com\/lv\/wp-json\/wp\/v2\/product\/2661","targetHints":{"allow":["GET"]}}],"collection":[{"href":"https:\/\/rmvapesale.com\/lv\/wp-json\/wp\/v2\/product"}],"about":[{"href":"https:\/\/rmvapesale.com\/lv\/wp-json\/wp\/v2\/types\/product"}],"replies":[{"embeddable":true,"href":"https:\/\/rmvapesale.com\/lv\/wp-json\/wp\/v2\/comments?post=2661"}],"wp:featuredmedia":[{"embeddable":true,"href":"https:\/\/rmvapesale.com\/lv\/wp-json\/wp\/v2\/media\/2657"}],"wp:attachment":[{"href":"https:\/\/rmvapesale.com\/lv\/wp-json\/wp\/v2\/media?parent=2661"}],"wp:term":[{"taxonomy":"product_brand","embeddable":true,"href":"https:\/\/rmvapesale.com\/lv\/wp-json\/wp\/v2\/product_brand?post=2661"},{"taxonomy":"product_cat","embeddable":true,"href":"https:\/\/rmvapesale.com\/lv\/wp-json\/wp\/v2\/product_cat?post=2661"},{"taxonomy":"product_tag","embeddable":true,"href":"https:\/\/rmvapesale.com\/lv\/wp-json\/wp\/v2\/product_tag?post=2661"}],"curies":[{"name":"wp","href":"https:\/\/api.w.org\/{rel}","templated":true}]}}