{"id":2670,"date":"2024-11-05T09:03:06","date_gmt":"2024-11-05T09:03:06","guid":{"rendered":"https:\/\/rmvapesale.com\/?post_type=product&#038;p=2670"},"modified":"2024-11-05T09:49:38","modified_gmt":"2024-11-05T09:49:38","slug":"elfbar-combo-25000-puffs-rechargeable-disposable-vape-wholesale","status":"publish","type":"product","link":"https:\/\/rmvapesale.com\/lv\/product\/elfbar-combo-25000-puffs-rechargeable-disposable-vape-wholesale\/","title":{"rendered":"ElfBar Combo 25000 uzl\u0101d\u0113jamais vienreizlietojamais vape vairumtirdzniec\u012bb\u0101"},"content":{"rendered":"<div class=\"B2VR9 CJHX3e\">\n<div class=\"wyccme\">\n<h1 class=\"LC20lb MBeuO DKV0Md\">ElfBar Combo 25000 uzl\u0101d\u0113jamais vienreizlietojamais vape vairumtirdzniec\u012bb\u0101<\/h1>\n<div class=\"flex-shrink-0 flex flex-col relative items-end\">\n<div class=\"pt-0\">\n<div class=\"gizmo-bot-avatar flex h-8 w-8 items-center justify-center overflow-hidden rounded-full\">\n<div class=\"relative p-1 rounded-sm flex items-center justify-center bg-token-main-surface-primary text-token-text-primary h-8 w-8\">\n<p>\u0160is <strong>cURL Too many subrequests.<\/strong> cURL Too many subrequests. <strong>cURL Too many subrequests.<\/strong> cURL Too many subrequests. <strong>cURL Too many subrequests.<\/strong>cURL Too many subrequests. <strong>popul\u0101ri vienreiz\u0113j\u0101s lieto\u0161anas iztvaic\u0113t\u0101ju z\u012bmoli<\/strong> cURL Too many subrequests.<\/p>\n<h3><strong>cURL Too many subrequests.<\/strong><\/h3>\n<p>cURL Too many subrequests. <strong>cURL Too many subrequests.<\/strong> un <strong>cURL Too many subrequests.<\/strong>cURL Too many subrequests. <strong>cURL Too many subrequests.<\/strong> cURL Too many subrequests. <strong>lab\u0101kajiem vienreizlietojamajiem veipiem 2024. gad\u0101<\/strong>.<\/p>\n<h3><strong>cURL Too many subrequests.<\/strong><\/h3>\n<p>cURL Too many subrequests. <strong>25 000 dvesm\u0101m<\/strong> cURL Too many subrequests.<\/p>\n<h3><strong>cURL Too many subrequests.<\/strong><\/h3>\n<p>Apr\u012bkots ar <strong>cURL Too many subrequests.<\/strong>, tad <strong>cURL Too many subrequests.<\/strong> cURL Too many subrequests. <strong>cURL Too many subrequests.<\/strong> cURL Too many subrequests.<\/p>\n<h3><strong>cURL Too many subrequests.<\/strong><\/h3>\n<p>cURL Too many subrequests. <strong>850 mAh uzl\u0101d\u0113jams akumulators<\/strong>cURL Too many subrequests. <strong>Type-C \u0101tr\u0101s uzl\u0101des<\/strong>cURL Too many subrequests. <strong>atk\u0101rtoti uzl\u0101d\u0113jamas e-cigaretes<\/strong>.<\/p>\n<h3><strong>cURL Too many subrequests.<\/strong><\/h3>\n<p>Ar <strong>cURL Too many subrequests.<\/strong>, tad <strong>cURL Too many subrequests.<\/strong> cURL Too many subrequests.<\/p>\n<h3><strong>cURL Too many subrequests.<\/strong><\/h3>\n<p>\u0160is <strong>cURL Too many subrequests.<\/strong> cURL Too many subrequests. <strong>veipu vairumtirdzniec\u012bbai<\/strong> cURL Too many subrequests. <strong>popul\u0101riem vapiem<\/strong>cURL Too many subrequests. <strong>veikalu veipos<\/strong> cURL Too many subrequests. <strong>vienreiz\u0113j\u0101s lieto\u0161anas veipi tie\u0161saist\u0113<\/strong> cURL Too many subrequests. <strong>cURL Too many subrequests.<\/strong> produkti.<\/p>\n<p>cURL Too many subrequests. <strong>dvesmu veipu<\/strong> cURL Too many subrequests. <strong>cURL Too many subrequests.<\/strong> cURL Too many subrequests. <strong>cURL Too many subrequests.<\/strong> cURL Too many subrequests.<\/p>\n<p>cURL Too many subrequests. <strong>ELFBAR<\/strong> cURL Too many subrequests. <strong>cURL Too many subrequests.<\/strong> cURL Too many subrequests.<\/p>\n<\/div>\n<\/div>\n<\/div>\n<\/div>\n<\/div>\n<\/div>\n<p><strong>Sazinieties ar Eimiju, lai ieg\u016btu pareizo atbildi un veipu kuponu!<\/strong><\/p>\n<p><img loading=\"lazy\" decoding=\"async\" class=\"size-full wp-image-1978\" src=\"https:\/\/rmvapesale.com\/wp-content\/uploads\/2024\/09\/Disposable-Vape-Wholesale.jpg\" alt=\"Vienreiz\u0113jais vape vairumtirdzniec\u012bba\" width=\"229\" height=\"300\" \/><\/p>\n<h3><a href=\"https:\/\/wa.me\/8617776015835\" target=\"_blank\" rel=\"noopener\"><span style=\"color: #ff0000\"><strong>WhatsApp: +86 17776015835<\/strong><\/span><\/a><\/h3>\n<p>&nbsp;<\/p>\n<h2><\/h2>\n<h2><strong>cURL Too many subrequests. <\/strong><strong>Galven\u0101s iez\u012bmes<\/strong><\/h2>\n<p>cURL Too many subrequests.<br \/>\ncURL Too many subrequests.<br \/>\nDvesieni: 25000<br \/>\ncURL Too many subrequests.<br \/>\ncURL Too many subrequests.<br \/>\nAkumulators<br \/>\ncURL Too many subrequests.<\/p>\n<p>&nbsp;<\/p>\n<h2><strong>cURL Too many subrequests.<\/strong><\/h2>\n<p>&nbsp;<\/p>\n<p>cURL Too many subrequests. <span style=\"color: #ff0000\"><strong>&gt;&gt;&gt;&gt; Karsti!<\/strong><\/span><br \/>\ncURL Too many subrequests.<br \/>\ncURL Too many subrequests.<br \/>\ncURL Too many subrequests. <span style=\"color: #ff0000\"><strong>&gt;&gt;&gt;&gt; Viss lab\u0101kais!<\/strong><\/span><br \/>\ncURL Too many subrequests.<br \/>\ncURL Too many subrequests.<br \/>\ncURL Too many subrequests. <span style=\"color: #ff0000\"><strong>&gt;&gt;&gt;&gt; Karsti!<\/strong><\/span><\/p>\n<figure id=\"attachment_2663\" aria-describedby=\"caption-attachment-2663\" style=\"width: 286px\" class=\"wp-caption alignnone\"><img loading=\"lazy\" decoding=\"async\" class=\"size-medium wp-image-2663\" src=\"https:\/\/rmvapesale.com\/wp-content\/uploads\/2024\/11\/Elf-Bar-COMBO-25000-Disposable-Vape-286x300.jpg\" alt=\"cURL Too many subrequests.\" width=\"286\" height=\"300\" srcset=\"https:\/\/rmvapesale.com\/wp-content\/uploads\/2024\/11\/Elf-Bar-COMBO-25000-Disposable-Vape-286x300.jpg 286w, https:\/\/rmvapesale.com\/wp-content\/uploads\/2024\/11\/Elf-Bar-COMBO-25000-Disposable-Vape-975x1024.jpg 975w, https:\/\/rmvapesale.com\/wp-content\/uploads\/2024\/11\/Elf-Bar-COMBO-25000-Disposable-Vape-768x806.jpg 768w, https:\/\/rmvapesale.com\/wp-content\/uploads\/2024\/11\/Elf-Bar-COMBO-25000-Disposable-Vape-600x630.jpg 600w, https:\/\/rmvapesale.com\/wp-content\/uploads\/2024\/11\/Elf-Bar-COMBO-25000-Disposable-Vape.jpg 1000w\" sizes=\"auto, (max-width: 286px) 100vw, 286px\" \/><figcaption id=\"caption-attachment-2663\" class=\"wp-caption-text\">cURL Too many subrequests.<\/figcaption><\/figure>\n<h3><strong>cURL Too many subrequests. <\/strong><strong>cURL Too many subrequests.<\/strong><strong>ape Vairumtirdzniec\u012bba<\/strong><strong>?<\/strong><\/h3>\n<div class=\"flex-shrink-0 flex flex-col relative items-end\">\n<div class=\"pt-0\">\n<div class=\"gizmo-bot-avatar flex h-8 w-8 items-center justify-center overflow-hidden rounded-full\">\n<div class=\"relative p-1 rounded-sm flex items-center justify-center bg-token-main-surface-primary text-token-text-primary h-8 w-8\">\n<p>Laipni l\u016bdzam Rmvapesale, j\u016bsu uzticamaj\u0101 tvaiku veikal\u0101, kur\u0101 ir pieejami augst\u0101k\u0101s kvalit\u0101tes vienreizlietojamie tvaiki. Ar vair\u0101k nek\u0101 5 gadu pieredzi m\u0113s pied\u0101v\u0101jam jums t\u0101dus popul\u0101rus vienreizlietojamo tvaiku z\u012bmolus k\u0101 Al Fakher, <a href=\"https:\/\/rmvapesale.com\/lv\/product\/vapme-crystal-7000-puffs-rechargeable-disposable-vape-price\/\">Vapme<\/a>, <a href=\"https:\/\/rmvapesale.com\/lv\/product-category\/bang-vapes\/\">Bang Vape<\/a>, Waspe, <a href=\"https:\/\/rmvapesale.com\/lv\/product\/wga-crystal-pro-max-extra-15k-puffs-disposable-vape-wholesale\/\">WGA<\/a> Vape un<a href=\"https:\/\/rmvapesale.com\/lv\/product-category\/randm-fumot-vape\/\"> RandM Vape<\/a>.<\/p>\n<p>M\u016bsu kl\u0101st\u0101 ir t\u0101di popul\u0101ri tvaiki k\u0101 <a href=\"https:\/\/rmvapesale.com\/lv\/product\/fumot-digital-box-12000-disposable-vape-pink-lemonade-flavor\/\">RandM 12k<\/a> un gar\u0161\u0101m bag\u0101tas izv\u0113les, piem\u0113ram, <a href=\"https:\/\/rmvapesale.com\/lv\/product\/wga-crystal-plus-20000-puff-dual-flavour-disposable-vape\/\">cURL Too many subrequests.<\/a>. Katrs produkts tiek izv\u0113l\u0113ts, piev\u0113r\u0161ot uzman\u012bbu kvalit\u0101tei, v\u0113rt\u012bbai un daudzveid\u012bbai, nodro\u0161inot, ka j\u016bs atrad\u012bsiet sev piem\u0113rot\u0101ko. Atkl\u0101jiet izcilu servisu un pla\u0161u augst\u0101k\u0101s klases produktu kl\u0101stu Rmvapesale.<\/p>\n<\/div>\n<h3><\/h3>\n<div class=\"relative p-1 rounded-sm flex items-center justify-center bg-token-main-surface-primary text-token-text-primary h-8 w-8\">\n<h3><b>cURL Too many subrequests.<\/b><\/h3>\n<\/div>\n<h3>1. <strong>cURL Too many subrequests.<\/strong><\/h3>\n<ul>\n<li>\u0160is <strong>cURL Too many subrequests.<\/strong> cURL Too many subrequests.<\/li>\n<\/ul>\n<h3>2. <strong>cURL Too many subrequests.<\/strong><\/h3>\n<ul>\n<li>cURL Too many subrequests. <strong>700 mAh uzl\u0101d\u0113jams akumulators<\/strong> cURL Too many subrequests. <strong>C tipa uzl\u0101des ports<\/strong>cURL Too many subrequests. <strong>cURL Too many subrequests.<\/strong> cURL Too many subrequests.<\/li>\n<\/ul>\n<h3>3. <strong>cURL Too many subrequests.<\/strong><\/h3>\n<ul>\n<li>cURL Too many subrequests. <strong>cURL Too many subrequests.<\/strong>cURL Too many subrequests.<\/li>\n<\/ul>\n<h3>4. <strong>cURL Too many subrequests.<\/strong><\/h3>\n<ul>\n<li>cURL Too many subrequests. <strong>vairumtirdzniec\u012bbas cen\u0101m<\/strong> cURL Too many subrequests. <strong>cURL Too many subrequests.<\/strong>cURL Too many subrequests. <strong>veikalu veipos<\/strong> cURL Too many subrequests. <strong>cURL Too many subrequests.<\/strong> cURL Too many subrequests.<\/li>\n<\/ul>\n<h3>5. <strong>Vai es dr\u012bkstu lidma\u0161\u012bn\u0101 \u0146emt vienreizlietojamu vape?<\/strong><\/h3>\n<ul>\n<li>cURL Too many subrequests. <strong>vienreiz\u0113j\u0101s lieto\u0161anas e-cigarete<\/strong> cURL Too many subrequests. <strong>rokas bag\u0101\u017e\u0101<\/strong>cURL Too many subrequests.<\/li>\n<\/ul>\n<\/div>\n<\/div>\n<\/div>\n<h3>Par s\u016bt\u012bjumu<\/h3>\n<div class=\"flex-shrink-0 flex flex-col relative items-end\">\n<div>\n<div class=\"pt-0\">\n<div class=\"gizmo-bot-avatar flex h-8 w-8 items-center justify-center overflow-hidden rounded-full\">\n<div><\/div>\n<div class=\"relative p-1 rounded-sm flex items-center justify-center bg-token-main-surface-primary text-token-text-primary h-8 w-8\"><strong>1. K\u0101das pieg\u0101des metodes tiek izmantotas?<\/strong><\/div>\n<\/div>\n<\/div>\n<\/div>\n<\/div>\n<div class=\"group\/conversation-turn relative flex w-full min-w-0 flex-col agent-turn\">\n<div class=\"flex-col gap-1 md:gap-3\">\n<div class=\"flex max-w-full flex-col flex-grow\">\n<div class=\"min-h-[20px] text-message flex w-full flex-col items-end gap-2 whitespace-normal break-words [.text-message+&amp;]:mt-5 overflow-x-auto\" dir=\"auto\" data-message-author-role=\"assistant\" data-message-id=\"22f8283b-3233-46ff-89a5-c7a41b33abda\">\n<div class=\"flex w-full flex-col gap-1 empty:hidden first:pt-[3px]\">\n<div class=\"markdown prose w-full break-words dark:prose-invert light\">\n<p>M\u0113s sadarbojamies ar UPS, DHL, FedEx, DPD un citiem vado\u0161ajiem p\u0101rvad\u0101t\u0101jiem. M\u0113s izv\u0113l\u0113simies lab\u0101ko pieg\u0101des veidu, pamatojoties uz j\u016bsu pieg\u0101des vietu, lai nodro\u0161in\u0101tu, ka j\u016bs sa\u0146emat savus produktus p\u0113c iesp\u0113jas \u0101tr\u0101k.<\/p>\n<\/div>\n<p><strong>2. Cik ilgs laiks paiet, l\u012bdz tas pien\u0101k?<\/strong><\/p>\n<p>Pieg\u0101des uz Latviju parasti ierodas 10 darba dienu laik\u0101. Pieg\u0101de uz Eiropas valst\u012bm parasti aiz\u0146em apm\u0113ram 12-15 darba dienas. M\u0113s nodro\u0161in\u0101sim re\u0101llaika atjaunin\u0101jumus par j\u016bsu pieg\u0101des statusu.<\/p>\n<\/div>\n<\/div>\n<\/div>\n<\/div>\n<\/div>\n<p>&nbsp;<\/p>\n<p>Atrodiet vair\u0101k Vape produktu, kas jums var\u0113tu patikt:<strong><em><a href=\"https:\/\/rmvapesale.com\/lv\/shop-2\/\">iepirkties tagad &gt;&gt;&gt;<\/a><\/em><\/strong><\/p>","protected":false},"excerpt":{"rendered":"<p>cURL Too many subrequests.<br \/>\ncURL Too many subrequests.<br \/>\ncURL Too many subrequests.<\/p>\n<p><img loading=\"lazy\" decoding=\"async\" class=\"size-full wp-image-2375\" src=\"https:\/\/rmvapesale.com\/wp-content\/uploads\/2024\/10\/image.png\" alt=\"Lab\u0101kais vienreiz\u0113jais vape\" width=\"229\" height=\"300\" \/><\/p>\n<h3><a href=\"https:\/\/wa.me\/8617776015835\"><span style=\"color: #ff0000\"><strong>WhatsApp: +86 17776015835<\/strong><\/span><\/a><\/h3>\n<p>&nbsp;<\/p>","protected":false},"featured_media":2662,"comment_status":"open","ping_status":"closed","template":"","meta":{"_uag_custom_page_level_css":"","_lmt_disableupdate":"no","_lmt_disable":"","site-sidebar-layout":"default","site-content-layout":"content-boxed-container","ast-site-content-layout":"normal-width-container","site-content-style":"boxed","site-sidebar-style":"unboxed","ast-global-header-display":"","ast-banner-title-visibility":"","ast-main-header-display":"","ast-hfb-above-header-display":"","ast-hfb-below-header-display":"","ast-hfb-mobile-header-display":"","site-post-title":"","ast-breadcrumbs-content":"","ast-featured-img":"","footer-sml-layout":"","ast-disable-related-posts":"","theme-transparent-header-meta":"default","adv-header-id-meta":"","stick-header-meta":"","header-above-stick-meta":"","header-main-stick-meta":"","header-below-stick-meta":"","astra-migrate-meta-layouts":"set","ast-page-background-enabled":"default","ast-page-background-meta":{"desktop":{"background-color":"var(--ast-global-color-4)","background-image":"","background-repeat":"repeat","background-position":"center center","background-size":"auto","background-attachment":"scroll","background-type":"","background-media":"","overlay-type":"","overlay-color":"","overlay-opacity":"","overlay-gradient":""},"tablet":{"background-color":"","background-image":"","background-repeat":"repeat","background-position":"center center","background-size":"auto","background-attachment":"scroll","background-type":"","background-media":"","overlay-type":"","overlay-color":"","overlay-opacity":"","overlay-gradient":""},"mobile":{"background-color":"","background-image":"","background-repeat":"repeat","background-position":"center center","background-size":"auto","background-attachment":"scroll","background-type":"","background-media":"","overlay-type":"","overlay-color":"","overlay-opacity":"","overlay-gradient":""}},"ast-content-background-meta":{"desktop":{"background-color":"var(--ast-global-color-5)","background-image":"","background-repeat":"repeat","background-position":"center center","background-size":"auto","background-attachment":"scroll","background-type":"","background-media":"","overlay-type":"","overlay-color":"","overlay-opacity":"","overlay-gradient":""},"tablet":{"background-color":"var(--ast-global-color-5)","background-image":"","background-repeat":"repeat","background-position":"center center","background-size":"auto","background-attachment":"scroll","background-type":"","background-media":"","overlay-type":"","overlay-color":"","overlay-opacity":"","overlay-gradient":""},"mobile":{"background-color":"var(--ast-global-color-5)","background-image":"","background-repeat":"repeat","background-position":"center center","background-size":"auto","background-attachment":"scroll","background-type":"","background-media":"","overlay-type":"","overlay-color":"","overlay-opacity":"","overlay-gradient":""}},"_joinchat":[]},"product_brand":[],"product_cat":[15,27,25,123,30,26,28,137,136,135],"product_tag":[146,188,200,167,201,202,165,180,120],"class_list":{"0":"post-2670","1":"product","2":"type-product","3":"status-publish","4":"has-post-thumbnail","6":"product_cat-new-vape-this-week","7":"product_cat-fance-hot-sale-vape","8":"product_cat-germany-best-selling-vape","9":"product_cat-italy-wholesale-vape","10":"product_cat-minimum-order-quantity-50pcs","11":"product_cat-netherlands-hot-sale-vape","12":"product_cat-poland-hot-sale-vape","13":"product_cat-rechargeable-vapes","14":"product_cat-smart-screen-vapes","15":"product_cat-spain-best-hot-sale-vape","16":"product_tag-best-hot-sale-vape","17":"product_tag-buy-vapes-online","18":"product_tag-disposable-hookah-wholesale","19":"product_tag-disposable-vape-with-screen","20":"product_tag-elfbar","21":"product_tag-elfbar-pods","22":"product_tag-rechargeable-vapes","23":"product_tag-shisha-bar","24":"product_tag-vape-wholesale","25":"desktop-align-left","26":"tablet-align-left","27":"mobile-align-left","29":"first","30":"instock","31":"sale","32":"shipping-taxable","33":"purchasable","34":"product-type-simple"},"uagb_featured_image_src":{"full":["https:\/\/rmvapesale.com\/wp-content\/uploads\/2024\/11\/Elf-Bar-COMBO-25000-Blackurrant-Raspberry-Grape.jpg",1000,1000,false],"thumbnail":["https:\/\/rmvapesale.com\/wp-content\/uploads\/2024\/11\/Elf-Bar-COMBO-25000-Blackurrant-Raspberry-Grape-150x150.jpg",150,150,true],"medium":["https:\/\/rmvapesale.com\/wp-content\/uploads\/2024\/11\/Elf-Bar-COMBO-25000-Blackurrant-Raspberry-Grape-300x300.jpg",300,300,true],"medium_large":["https:\/\/rmvapesale.com\/wp-content\/uploads\/2024\/11\/Elf-Bar-COMBO-25000-Blackurrant-Raspberry-Grape-768x768.jpg",768,768,true],"large":["https:\/\/rmvapesale.com\/wp-content\/uploads\/2024\/11\/Elf-Bar-COMBO-25000-Blackurrant-Raspberry-Grape.jpg",1000,1000,false],"1536x1536":["https:\/\/rmvapesale.com\/wp-content\/uploads\/2024\/11\/Elf-Bar-COMBO-25000-Blackurrant-Raspberry-Grape.jpg",1000,1000,false],"2048x2048":["https:\/\/rmvapesale.com\/wp-content\/uploads\/2024\/11\/Elf-Bar-COMBO-25000-Blackurrant-Raspberry-Grape.jpg",1000,1000,false],"trp-custom-language-flag":["https:\/\/rmvapesale.com\/wp-content\/uploads\/2024\/11\/Elf-Bar-COMBO-25000-Blackurrant-Raspberry-Grape.jpg",12,12,false],"woocommerce_thumbnail":["https:\/\/rmvapesale.com\/wp-content\/uploads\/2024\/11\/Elf-Bar-COMBO-25000-Blackurrant-Raspberry-Grape-300x300.jpg",300,300,true],"woocommerce_single":["https:\/\/rmvapesale.com\/wp-content\/uploads\/2024\/11\/Elf-Bar-COMBO-25000-Blackurrant-Raspberry-Grape-600x600.jpg",600,600,true],"woocommerce_gallery_thumbnail":["https:\/\/rmvapesale.com\/wp-content\/uploads\/2024\/11\/Elf-Bar-COMBO-25000-Blackurrant-Raspberry-Grape-100x100.jpg",100,100,true],"wcpr-photo-reviews":["https:\/\/rmvapesale.com\/wp-content\/uploads\/2024\/11\/Elf-Bar-COMBO-25000-Blackurrant-Raspberry-Grape.jpg",500,500,false]},"uagb_author_info":{"display_name":"AMY","author_link":"https:\/\/rmvapesale.com\/lv\/author\/"},"uagb_comment_info":0,"uagb_excerpt":"ELFBAR COMBO 25000 Green Apple + Double Apple ELFBAR Vape COMBO 25000 puff Wholesale Factory Price ElfBar Pods COMBO 25000 Bulk Buy 5% Nicotine WhatsApp: +86 17776015835 &nbsp;","_links":{"self":[{"href":"https:\/\/rmvapesale.com\/lv\/wp-json\/wp\/v2\/product\/2670","targetHints":{"allow":["GET"]}}],"collection":[{"href":"https:\/\/rmvapesale.com\/lv\/wp-json\/wp\/v2\/product"}],"about":[{"href":"https:\/\/rmvapesale.com\/lv\/wp-json\/wp\/v2\/types\/product"}],"replies":[{"embeddable":true,"href":"https:\/\/rmvapesale.com\/lv\/wp-json\/wp\/v2\/comments?post=2670"}],"wp:featuredmedia":[{"embeddable":true,"href":"https:\/\/rmvapesale.com\/lv\/wp-json\/wp\/v2\/media\/2662"}],"wp:attachment":[{"href":"https:\/\/rmvapesale.com\/lv\/wp-json\/wp\/v2\/media?parent=2670"}],"wp:term":[{"taxonomy":"product_brand","embeddable":true,"href":"https:\/\/rmvapesale.com\/lv\/wp-json\/wp\/v2\/product_brand?post=2670"},{"taxonomy":"product_cat","embeddable":true,"href":"https:\/\/rmvapesale.com\/lv\/wp-json\/wp\/v2\/product_cat?post=2670"},{"taxonomy":"product_tag","embeddable":true,"href":"https:\/\/rmvapesale.com\/lv\/wp-json\/wp\/v2\/product_tag?post=2670"}],"curies":[{"name":"wp","href":"https:\/\/api.w.org\/{rel}","templated":true}]}}